{"id":217956,"date":"2026-04-02T00:31:52","date_gmt":"2026-04-02T06:31:52","guid":{"rendered":"https:\/\/compuviper.mx\/tienda\/producto\/tripp-lite-smart750usb-nobreak-de-120v-y-450w-avr-torre-usb-tomacorrientes-solo-sobretensiones\/"},"modified":"2026-04-02T00:31:52","modified_gmt":"2026-04-02T06:31:52","slug":"tripp-lite-smart750usb-nobreak-de-120v-y-450w-avr-torre-usb-tomacorrientes-solo-sobretensiones","status":"publish","type":"product","link":"https:\/\/compuviper.mx\/tienda\/producto\/tripp-lite-smart750usb-nobreak-de-120v-y-450w-avr-torre-usb-tomacorrientes-solo-sobretensiones\/","title":{"rendered":"Tripp-lite Smart750usb Nobreak   De 120v Y 450w Avr Torre Usb Tomacorrientes Solo Sobretensiones"},"content":{"rendered":"<table class=\"descripcion\">\n<tr>\n<td>Especificaciones<\/td>\n<\/tr>\n<tr>\n<td>Generalidades<\/td>\n<\/tr>\n<tr>\n<td>C\u00f3digo upc 037332119940<\/td>\n<\/tr>\n<tr>\n<td>Tipo de ups interactivo<\/td>\n<\/tr>\n<tr>\n<td>Entrada<\/td>\n<\/tr>\n<tr>\n<td>Corriente especificada de entrada (carga m\u00e1xima) 12a<\/td>\n<\/tr>\n<tr>\n<td>Voltaje(s) nominal(es) de entrada soportado(s) 120v ca<\/td>\n<\/tr>\n<tr>\n<td>Tipo de conexi\u00f3n de entrada del ups 5-15p; en \u00e1ngulo recto<\/td>\n<\/tr>\n<tr>\n<td>Longitud del cable de alimentaci\u00f3n del ups (pies) 6<\/td>\n<\/tr>\n<tr>\n<td>Longitud del cable de alimentaci\u00f3n del ups (m) 1.8<\/td>\n<\/tr>\n<tr>\n<td>Servicio el\u00e9ctrico recomendado 15a 120v<\/td>\n<\/tr>\n<tr>\n<td>Fase de entrada monof\u00e1sico<\/td>\n<\/tr>\n<tr>\n<td>Salida<\/td>\n<\/tr>\n<tr>\n<td>Capacidad de salida en volts amperes (va) 750<\/td>\n<\/tr>\n<tr>\n<td>Capacidad de salida (watts) 450<\/td>\n<\/tr>\n<tr>\n<td>Detalles del voltaje nominal salida nominal de 115 v en modo de respaldo por bater\u00eda<\/td>\n<\/tr>\n<tr>\n<td>Compatibilidad de frecuencia 60 hz<\/td>\n<\/tr>\n<tr>\n<td>Regulaci\u00f3n del voltaje de salida (modo de bater\u00eda) +\/- 5%<\/td>\n<\/tr>\n<tr>\n<td>Recept\u00e1culos de salida del ups (solo supresi\u00f3n de sobretensiones) 3 tomacorrientes en el ups, 3 tomacorrientes s\u00f3lo para sobretensiones<\/td>\n<\/tr>\n<tr>\n<td>Forma de onda de ca de salida (modo de ca) onda sinusoidal<\/td>\n<\/tr>\n<tr>\n<td>Forma de onda de ca de salida (modo en bater\u00eda) onda sinusoidal pwm<\/td>\n<\/tr>\n<tr>\n<td>Voltaje(s) nominal(es) de salida soportado(s) 110v; 115v; 120v<\/td>\n<\/tr>\n<tr>\n<td>Tomacorrientes (6) 5-15r<\/td>\n<\/tr>\n<tr>\n<td>Bancos de carga controlables individualmente   no<\/td>\n<\/tr>\n<tr>\n<td>Bater\u00eda<\/td>\n<\/tr>\n<tr>\n<td>Autonom\u00eda a plena carga (min.)   2.2 min. (450w)<\/td>\n<\/tr>\n<tr>\n<td>Autonom\u00eda a media carga (min.)   8.3 min. (225w)<\/td>\n<\/tr>\n<tr>\n<td>Voltaje cd del sistema (vcd) 12<\/td>\n<\/tr>\n<tr>\n<td>Tasa de recarga de bater\u00edas (bater\u00edas incluidas) menos de 4,5 horas desde el 10% hasta el 90%.<\/td>\n<\/tr>\n<tr>\n<td>Cartucho de bater\u00edas internas de reemplazo para ups  rbc51<\/td>\n<\/tr>\n<tr>\n<td>Acceso a la bater\u00eda puerta de acceso a la bater\u00eda<\/td>\n<\/tr>\n<tr>\n<td>Descripci\u00f3n de reemplazo de bater\u00eda bater\u00edas que se pueden cambiar en operaci\u00f3n y reemplazables por el usuario<\/td>\n<\/tr>\n<tr>\n<td>Autonom\u00eda ampliable no<\/td>\n<\/tr>\n<tr>\n<td>Regulaci\u00f3n de voltaje<\/td>\n<\/tr>\n<tr>\n<td>Descripci\u00f3n de la regulaci\u00f3n de voltaje regulaci\u00f3n autom\u00e1tica de voltaje (avr) mantiene la operaci\u00f3n con corriente de la l\u00ednea con voltajes de entrada tan bajos como 89v<\/td>\n<\/tr>\n<tr>\n<td>Correcci\u00f3n de bajo voltaje   las tensiones de entrada entre 89 y 104 se elevan en un 14%.<\/td>\n<\/tr>\n<tr>\n<td>Interfaz de usuario, alertas y controles<\/td>\n<\/tr>\n<tr>\n<td>Interruptores 2 interruptores controlan el estado de la energ\u00eda de apagado\/encendido y la cancelaci\u00f3n de la alarma\/operaci\u00f3n de la auto-prueba<\/td>\n<\/tr>\n<tr>\n<td>Operaci\u00f3n para cancelar la alarma la alarma de falla del suministro el\u00e9ctrico se puede silenciar utilizando el interruptor de cancelaci\u00f3n de alarma; una vez silenciada, la alarma volver\u00e1 a emitir sonido para indicar el estado de bater\u00eda baja<\/td>\n<\/tr>\n<tr>\n<td>Alarma ac\u00fastica la alarma sonora indica fallas del suministro el\u00e9ctrico y bater\u00eda baja<\/td>\n<\/tr>\n<tr>\n<td>Indicadores led 4 leds indican el estado de alimentaci\u00f3n de l\u00ednea, alimentaci\u00f3n de la bater\u00eda, sobrecarga y bater\u00eda baja\/reemplazar.<\/td>\n<\/tr>\n<tr>\n<td>Supresi\u00f3n de sobrecarga \/ ruido<\/td>\n<\/tr>\n<tr>\n<td>Valor nominal en joules de supresi\u00f3n ca del ups 510<\/td>\n<\/tr>\n<tr>\n<td>Tiempo de respuesta de supresi\u00f3n de ca del ups instant\u00e1neo<\/td>\n<\/tr>\n<tr>\n<td>Supresi\u00f3n en la l\u00ednea de datos del ups protecci\u00f3n de 1 l\u00ednea telef\u00f3nica \/ dsl (1 entrada \/ 1 salida); 10\/100base t ethernet<\/td>\n<\/tr>\n<tr>\n<td>Supresi\u00f3n de ruido emi \/ rfi en ca   s\u00ed<\/td>\n<\/tr>\n<tr>\n<td>F\u00edsicas<\/td>\n<\/tr>\n<tr>\n<td>Los factores de forma de instalaci\u00f3n son soportados con los accesorios opcionales torre<\/td>\n<\/tr>\n<tr>\n<td>Los factores de forma de instalaci\u00f3n son soportados con los accesorios opcionales instalaci\u00f3n en pared ( upswm  &#8211; juego para instalaci\u00f3n en torre)<\/td>\n<\/tr>\n<tr>\n<td>Factor de forma primario torre<\/td>\n<\/tr>\n<tr>\n<td>Profundidad del ups primario (mm) 191<\/td>\n<\/tr>\n<tr>\n<td>Altura del ups primario (mm) 274<\/td>\n<\/tr>\n<tr>\n<td>Ancho del ups primario (mm) 132<\/td>\n<\/tr>\n<tr>\n<td>Dimensiones de envi\u00f3 (al x an x pr \/ cm) 25.65 x 19.56 x 35.31<\/td>\n<\/tr>\n<tr>\n<td>Peso de env\u00edo (kg) 7.63<\/td>\n<\/tr>\n<tr>\n<td>Material del gabinete del ups pvc<\/td>\n<\/tr>\n<tr>\n<td>Dimensiones del m\u00f3dulo de potencia del ups (al x an x pr \/ cm) 27.43 x 13.21 x 19.05<\/td>\n<\/tr>\n<tr>\n<td>Peso del m\u00f3dulo de potencia del ups (kg) 9.07<\/td>\n<\/tr>\n<tr>\n<td>Ambientales<\/td>\n<\/tr>\n<tr>\n<td>Rango de temperatura de operaci\u00f3n +32 \u00baf a +104 \u00baf \/ 0 \u00bac a +40 \u00bac.<\/td>\n<\/tr>\n<tr>\n<td>Rango de temperatura de almacenamiento +5 \u00baf a +122 \u00baf \/ -15 \u00bac a +50 \u00bac.<\/td>\n<\/tr>\n<tr>\n<td>Humedad relativa 0 a 95%, sin condensaci\u00f3n.<\/td>\n<\/tr>\n<tr>\n<td>Modo de ca btu \/ hr. (plena carga)   38<\/td>\n<\/tr>\n<tr>\n<td>Modo de bater\u00eda btu \/ hr. (plena carga)   512<\/td>\n<\/tr>\n<tr>\n<td>Clasificaci\u00f3n de eficiencia del modo de ca (100% de carga) 97%<\/td>\n<\/tr>\n<tr>\n<td>Comunicaciones<\/td>\n<\/tr>\n<tr>\n<td>Software poweralert para monitoreo local mediante el puerto usb del ups incorporado, descargue el programa poweralert local en http:\/\/www.tripplite.com\/poweralert<\/td>\n<\/tr>\n<tr>\n<td>Cable de comunicaciones cable de interfaz usb incluido<\/td>\n<\/tr>\n<tr>\n<td>Compatibilidad con watchdog soporta la aplicaci\u00f3n watchdog, las opciones de reinicio mediante os o apagado y encendido para aplicaciones remotas<\/td>\n<\/tr>\n<tr>\n<td>Interfaz de comunicaciones usb (compatible con hid)<\/td>\n<\/tr>\n<tr>\n<td>Tiempo de transferencia l\u00ednea \/ bater\u00eda<\/td>\n<\/tr>\n<tr>\n<td>Tiempo de transferencia   de 2 a 4 milisegundos<\/td>\n<\/tr>\n<tr>\n<td>Transferencia de bajo voltaje a energ\u00eda de bater\u00eda (calibraci\u00f3n) 89<\/td>\n<\/tr>\n<tr>\n<td>Transferencia de alto voltaje a energ\u00eda de bater\u00eda (calibraci\u00f3n) 139<\/td>\n<\/tr>\n<tr>\n<td>Funciones especiales<\/td>\n<\/tr>\n<tr>\n<td>Arranque en fr\u00edo (arranque en modo de bater\u00eda durante una falla del suministro el\u00e9ctrico) soporta el funcionamiento con arranque en fr\u00edo.<\/td>\n<\/tr>\n<tr>\n<td>Funciones del ups de alta disponibilidad   bater\u00edas hot-swap<\/td>\n<\/tr>\n<tr>\n<td>Caracter\u00edsticas de ahorro de energ\u00eda ecol\u00f3gico m\u00e1s del 95% de eficiencia &#8211; ups ecol\u00f3gico<\/td>\n<\/tr>\n<tr>\n<td>Est\u00e1ndares y compatibilidad<\/td>\n<\/tr>\n<tr>\n<td>Certificaciones del ups probado para ul1778 (ee uu); probado para csa (canad\u00e1); probado para nom (m\u00e9xico); cumple con fcc parte 15 categor\u00eda b (emi)<\/td>\n<\/tr>\n<tr>\n<td>Garantia<\/td>\n<\/tr>\n<tr>\n<td>Periodo de garant\u00eda del producto (m\u00e9xico) garant\u00eda limitada de 3 a\u00f1os<\/td>\n<\/tr>\n<\/table>\n","protected":false},"excerpt":{"rendered":"<p>Smart750usb &#8211; sistema ups interactivo de tripp lite; ofrece regulaci\u00f3n autom\u00e1tica de voltaje. Supresi\u00f3n de sobretensiones y soporte de bater\u00eda de larga duraci\u00f3n. La capacidad de manejo de potencia de 750va \/ 450 watts soporta pcs b\u00e1sicas, estaciones de trabajo de red, equipo de punto de venta, sistemas telef\u00f3nicos de empresas peque\u00f1as, equipo de audio y video y sistemas home theater. Los circuitos internos del ups soportan sistemas de pc b\u00e1sicos hasta 45 minutos durante fallas en el suministro el\u00e9ctrico de modo que los equipos conectados se puedan apagar sin p\u00e9rdida de datos. Los circuitos de regulaci\u00f3n autom\u00e1tica de voltaje regulan las ca\u00eddas de voltaje de hasta 89v a niveles utilizables sin consumir energ\u00eda de la bater\u00eda. Ofrece completa protecci\u00f3n el\u00e9ctrica de escritorio en una atractiva configuraci\u00f3n en torre en color negro. Incluye 3 tomacorrientes respaldados por bater\u00eda para la computadora, el monitor y un perif\u00e9rico vital del sistema, m\u00e1s 3 tomacorrientes adicionales para supresi\u00f3n de sobretensiones \u00fanicamente, para impresoras y otros accesorios que no requieren soporte de bater\u00eda. El puerto usb (cable usb incluido) permite en forma opcional el cierre sin supervisi\u00f3n del sistema, sin p\u00e9rdida de datos en el caso de fallas prolongadas del suministro el\u00e9ctrico. El software de monitoreo de ups poweralert se puede descargar en forma gratuita los enchufes incorporados para protecci\u00f3n de la l\u00ednea de datos ofrecen protecci\u00f3n de una l\u00ednea de tel\u00e9fono de marcado \/ dsl o de conexi\u00f3n de ethernet. Alarma ac\u00fastica integrada y 4 leds en el panel frontal indican el estado de la alimentaci\u00f3n de l\u00ednea, estado de la alimentaci\u00f3n de bater\u00eda y estado de bater\u00eda baja\/reemplazar y operaci\u00f3n de elevaci\u00f3n de voltaje. Ofrece autonom\u00eda por bater\u00eda durante 2.2 minutos a plena carga de 750va \/ 450 watts y 8.3 minutos con media carga de 375va \/ 225 watts. Permite el reemplazo de la bater\u00eda a trav\u00e9s del panel de acceso incorporado. $200,000 de seguro m\u00e1ximo de por vida (ee. Uu., canad\u00e1 y puerto rico \u00fanicamente). Caracter\u00edsticas. Smart750usb &#8211; sistema ups interactivo; ofrece regulaci\u00f3n de voltaje (avr) y soporte de bater\u00eda extendido, as\u00ed como una completa supresi\u00f3n de sobretensiones ca para l\u00ednea de marcaci\u00f3n telef\u00f3nica\/dsl\/ethernet. Soporta sistemas de pc b\u00e1sicas durante un m\u00e1ximo de 45 minutos durante fallas en el suministro el\u00e9ctrico para que el sistema se pueda apagar de manera segura. Soporta una carga m\u00e1xima de 750va \/ 450 watts por 2.2 minutos y una carga media de 375va\/225 watts por 8.3 minutos. Los circuitos de regulaci\u00f3n autom\u00e1tica de voltaje (avr) corrigen las ca\u00eddas de voltaje de hasta 89v sin consumir energ\u00eda de la bater\u00eda. Atractiva configuraci\u00f3n en torre de color negro. Incluye 3 tomacorrientes soportados por bater\u00eda m\u00e1s 3 tomacorrientes adicionales s\u00f3lo para supresi\u00f3n de sobretensiones, cable de l\u00ednea ca de 1.83 m [6 pies] (todos nema 5-15). El puerto usb permite el apagado sin supervisi\u00f3n, sin p\u00e9rdida de datos durante fallas prolongadas del suministro el\u00e9ctrico; incluye cable usb. El puerto usb permite apagar y guardar la informaci\u00f3n sin supervisi\u00f3n cuando se usa con el software poweralert de tripp lite, disponible para descarga gratuita via www.Tripplite.Com\/poweralert. Soporta el software watchdog de tripp lite para restablecer los programas que no responden reinici\u00e1ndolos autom\u00e1ticamente y reinicializando las computadoras completamente bloqueadas apagando y volviendo a encender el ups autom\u00e1ticamente (# de parte watchdogsw. Los conectores incorporados para supresi\u00f3n de l\u00ednea de datos protegen una l\u00ednea de tel\u00e9fono de marcaci\u00f3n\/dsl o de conexi\u00f3n de ethernet. La alarma ac\u00fastica incorporada y 4 leds en el panel frontal indican el estado del sistema ups y de la alimentaci\u00f3n de l\u00ednea. La capacidad de manejo de potencia de 750va \/ 450 watts soporta una variedad de equipos electr\u00f3nicos dom\u00e9sticos, computaci\u00f3n, telecomunicaciones y conexiones de red. Se puede reemplazar la bater\u00eda a trav\u00e9s del panel de acceso incorporado. Compatible con aplicaciones de 120v\/60hz para ee. Uu., canad\u00e1, m\u00e9xico y m\u00e1s. Seguro m\u00e1ximo de por vida de $200,000 (solo ee. Uu., puerto rico y canad\u00e1. El paquete incluye. Sistema ups interactivo smart750usb. Cables usb y de interconexi\u00f3n telef\u00f3nica. Manual de instrucciones con informaci\u00f3n sobre la garant\u00eda. Ups interactivo de 120v, 750va en torre. Corrige ca\u00eddas de voltaje tan bajas como 89v, sin usar energ\u00eda de la bater\u00eda. 3 tomacorrientes soportados por la bater\u00eda del ups, 3 tomacorrientes \u00fanicamente con protecci\u00f3n contra sobretensiones. Puerto usb, protecci\u00f3n para tel\/dsl\/ethernet. Clavija de entrada nema 5-15p y 6 tomacorrientes nema 5-15r. Garant\u00eda limitada de 3 a\u00f1os.<\/p>\n","protected":false},"featured_media":217957,"comment_status":"open","ping_status":"open","template":"","meta":[],"product_cat":[1508,1691],"product_tag":[1510],"acf":[],"yoast_head":"<!-- This site is optimized with the Yoast SEO plugin v21.7 - https:\/\/yoast.com\/wordpress\/plugins\/seo\/ -->\n<title>[ Tripp-lite ] &#129351; Smart750usb Nobreak De 120v Y 450w Avr Torre Usb Tomacorrientes Solo Sobretensiones<\/title>\n<meta name=\"description\" content=\"Compra Smart750usb Nobreak De 120v Y 450w Avr Torre Usb Tomacorrientes Solo Sobretensiones + Env\u00edo a domicilio + Pago seguro + Garant\u00eda\" \/>\n<meta name=\"robots\" content=\"index, follow, max-snippet:-1, max-image-preview:large, max-video-preview:-1\" \/>\n<link rel=\"canonical\" href=\"https:\/\/compuviper.mx\/tienda\/producto\/tripp-lite-smart750usb-nobreak-de-120v-y-450w-avr-torre-usb-tomacorrientes-solo-sobretensiones\/\" \/>\n<meta property=\"og:locale\" content=\"es_MX\" \/>\n<meta property=\"og:type\" content=\"article\" \/>\n<meta property=\"og:title\" content=\"[ Tripp-lite ] &#129351; Smart750usb Nobreak De 120v Y 450w Avr Torre Usb Tomacorrientes Solo Sobretensiones\" \/>\n<meta property=\"og:description\" content=\"Compra Smart750usb Nobreak De 120v Y 450w Avr Torre Usb Tomacorrientes Solo Sobretensiones + Env\u00edo a domicilio + Pago seguro + Garant\u00eda\" \/>\n<meta property=\"og:url\" content=\"https:\/\/compuviper.mx\/tienda\/producto\/tripp-lite-smart750usb-nobreak-de-120v-y-450w-avr-torre-usb-tomacorrientes-solo-sobretensiones\/\" \/>\n<meta property=\"og:site_name\" content=\"Compuviper\" \/>\n<meta property=\"article:publisher\" content=\"https:\/\/www.facebook.com\/compuviper\" \/>\n<meta property=\"og:image\" content=\"https:\/\/compuviper.mx\/tienda\/wp-content\/uploads\/2023\/12\/Nobreak-tripp-lite-smart750usb-de-120v-y-450w-avr-torre-usb-tomacorrientes-solo-sobretensiones.jpg\" \/>\n\t<meta property=\"og:image:width\" content=\"200\" \/>\n\t<meta property=\"og:image:height\" content=\"200\" \/>\n\t<meta property=\"og:image:type\" content=\"image\/jpeg\" \/>\n<meta name=\"twitter:card\" content=\"summary_large_image\" \/>\n<meta name=\"twitter:label1\" content=\"Precio\" \/>\n\t<meta name=\"twitter:data1\" content=\"&#36;3,820 con IVA\" \/>\n\t<meta name=\"twitter:label2\" content=\"Availability\" \/>\n\t<meta name=\"twitter:data2\" content=\"In stock\" \/>\n<script type=\"application\/ld+json\" class=\"yoast-schema-graph\">{\"@context\":\"https:\/\/schema.org\",\"@graph\":[{\"@type\":\"WebPage\",\"@id\":\"https:\/\/compuviper.mx\/tienda\/producto\/tripp-lite-smart750usb-nobreak-de-120v-y-450w-avr-torre-usb-tomacorrientes-solo-sobretensiones\/\",\"url\":\"https:\/\/compuviper.mx\/tienda\/producto\/tripp-lite-smart750usb-nobreak-de-120v-y-450w-avr-torre-usb-tomacorrientes-solo-sobretensiones\/\",\"name\":\"[ Tripp-lite ] &#129351; Smart750usb Nobreak De 120v Y 450w Avr Torre Usb Tomacorrientes Solo Sobretensiones\",\"isPartOf\":{\"@id\":\"https:\/\/compuviper.mx\/tienda\/#website\"},\"datePublished\":\"2026-04-02T06:31:52+00:00\",\"dateModified\":\"2026-04-02T06:31:52+00:00\",\"description\":\"Compra Smart750usb Nobreak De 120v Y 450w Avr Torre Usb Tomacorrientes Solo Sobretensiones + Env\u00edo a domicilio + Pago seguro + Garant\u00eda\",\"breadcrumb\":{\"@id\":\"https:\/\/compuviper.mx\/tienda\/producto\/tripp-lite-smart750usb-nobreak-de-120v-y-450w-avr-torre-usb-tomacorrientes-solo-sobretensiones\/#breadcrumb\"},\"inLanguage\":\"es-MX\",\"potentialAction\":[{\"@type\":\"ReadAction\",\"target\":[\"https:\/\/compuviper.mx\/tienda\/producto\/tripp-lite-smart750usb-nobreak-de-120v-y-450w-avr-torre-usb-tomacorrientes-solo-sobretensiones\/\"]}]},{\"@type\":\"BreadcrumbList\",\"@id\":\"https:\/\/compuviper.mx\/tienda\/producto\/tripp-lite-smart750usb-nobreak-de-120v-y-450w-avr-torre-usb-tomacorrientes-solo-sobretensiones\/#breadcrumb\",\"itemListElement\":[{\"@type\":\"ListItem\",\"position\":1,\"name\":\"Inicio\",\"item\":\"https:\/\/compuviper.mx\/tienda\/\"},{\"@type\":\"ListItem\",\"position\":2,\"name\":\"Productos\",\"item\":\"https:\/\/compuviper.mx\/tienda\/productos\/\"},{\"@type\":\"ListItem\",\"position\":3,\"name\":\"Energia\",\"item\":\"https:\/\/compuviper.mx\/tienda\/categoria-producto\/energia\/\"},{\"@type\":\"ListItem\",\"position\":4,\"name\":\"No Break\",\"item\":\"https:\/\/compuviper.mx\/tienda\/categoria-producto\/energia\/no-break\/\"},{\"@type\":\"ListItem\",\"position\":5,\"name\":\"Tripp-lite Smart750usb Nobreak De 120v Y 450w Avr Torre Usb Tomacorrientes Solo Sobretensiones\"}]},{\"@type\":\"WebSite\",\"@id\":\"https:\/\/compuviper.mx\/tienda\/#website\",\"url\":\"https:\/\/compuviper.mx\/tienda\/\",\"name\":\"Compuviper\",\"description\":\"Proveedor de Computadoras, Laptops, Servidores, Monitores, Puntos de Venta, Teclados,   Impresoras, T\u00f3ner, C\u00e1maras de Seguridad y m\u00e1s en tu tienda en l\u00ednea\",\"publisher\":{\"@id\":\"https:\/\/compuviper.mx\/tienda\/#organization\"},\"potentialAction\":[{\"@type\":\"SearchAction\",\"target\":{\"@type\":\"EntryPoint\",\"urlTemplate\":\"https:\/\/compuviper.mx\/tienda\/?s={search_term_string}\"},\"query-input\":\"required name=search_term_string\"}],\"inLanguage\":\"es-MX\"},{\"@type\":\"Organization\",\"@id\":\"https:\/\/compuviper.mx\/tienda\/#organization\",\"name\":\"Compuviper\",\"url\":\"https:\/\/compuviper.mx\/tienda\/\",\"logo\":{\"@type\":\"ImageObject\",\"inLanguage\":\"es-MX\",\"@id\":\"https:\/\/compuviper.mx\/tienda\/#\/schema\/logo\/image\/\",\"url\":\"https:\/\/compuviper.mx\/tienda\/wp-content\/uploads\/2021\/08\/Logo-Compuviper-10.png\",\"contentUrl\":\"https:\/\/compuviper.mx\/tienda\/wp-content\/uploads\/2021\/08\/Logo-Compuviper-10.png\",\"width\":1000,\"height\":500,\"caption\":\"Compuviper\"},\"image\":{\"@id\":\"https:\/\/compuviper.mx\/tienda\/#\/schema\/logo\/image\/\"},\"sameAs\":[\"https:\/\/www.facebook.com\/compuviper\",\"https:\/\/www.youtube.com\/channel\/UCf73dERp9Y3cfOq7q8BhLjA?view_as=subscriber\"]}]}<\/script>\n<meta property=\"product:brand\" content=\"TRIPP-LITE\" \/>\n<meta property=\"product:price:amount\" content=\"3820\" \/>\n<meta property=\"product:price:currency\" content=\"MXN\" \/>\n<meta property=\"og:availability\" content=\"instock\" \/>\n<meta property=\"product:availability\" content=\"instock\" \/>\n<meta property=\"product:retailer_item_id\" content=\"SMART750USB\" \/>\n<meta property=\"product:condition\" content=\"new\" \/>\n<!-- \/ Yoast SEO plugin. -->","yoast_head_json":{"title":"[ Tripp-lite ] &#129351; Smart750usb Nobreak De 120v Y 450w Avr Torre Usb Tomacorrientes Solo Sobretensiones","description":"Compra Smart750usb Nobreak De 120v Y 450w Avr Torre Usb Tomacorrientes Solo Sobretensiones + Env\u00edo a domicilio + Pago seguro + Garant\u00eda","robots":{"index":"index","follow":"follow","max-snippet":"max-snippet:-1","max-image-preview":"max-image-preview:large","max-video-preview":"max-video-preview:-1"},"canonical":"https:\/\/compuviper.mx\/tienda\/producto\/tripp-lite-smart750usb-nobreak-de-120v-y-450w-avr-torre-usb-tomacorrientes-solo-sobretensiones\/","og_locale":"es_MX","og_type":"article","og_title":"[ Tripp-lite ] &#129351; Smart750usb Nobreak De 120v Y 450w Avr Torre Usb Tomacorrientes Solo Sobretensiones","og_description":"Compra Smart750usb Nobreak De 120v Y 450w Avr Torre Usb Tomacorrientes Solo Sobretensiones + Env\u00edo a domicilio + Pago seguro + Garant\u00eda","og_url":"https:\/\/compuviper.mx\/tienda\/producto\/tripp-lite-smart750usb-nobreak-de-120v-y-450w-avr-torre-usb-tomacorrientes-solo-sobretensiones\/","og_site_name":"Compuviper","article_publisher":"https:\/\/www.facebook.com\/compuviper","og_image":[{"width":200,"height":200,"url":"https:\/\/compuviper.mx\/tienda\/wp-content\/uploads\/2023\/12\/Nobreak-tripp-lite-smart750usb-de-120v-y-450w-avr-torre-usb-tomacorrientes-solo-sobretensiones.jpg","type":"image\/jpeg"}],"twitter_card":"summary_large_image","twitter_misc":{"Precio":"&#36;3,820 con IVA","Availability":"In stock"},"schema":{"@context":"https:\/\/schema.org","@graph":[{"@type":"WebPage","@id":"https:\/\/compuviper.mx\/tienda\/producto\/tripp-lite-smart750usb-nobreak-de-120v-y-450w-avr-torre-usb-tomacorrientes-solo-sobretensiones\/","url":"https:\/\/compuviper.mx\/tienda\/producto\/tripp-lite-smart750usb-nobreak-de-120v-y-450w-avr-torre-usb-tomacorrientes-solo-sobretensiones\/","name":"[ Tripp-lite ] &#129351; Smart750usb Nobreak De 120v Y 450w Avr Torre Usb Tomacorrientes Solo Sobretensiones","isPartOf":{"@id":"https:\/\/compuviper.mx\/tienda\/#website"},"datePublished":"2026-04-02T06:31:52+00:00","dateModified":"2026-04-02T06:31:52+00:00","description":"Compra Smart750usb Nobreak De 120v Y 450w Avr Torre Usb Tomacorrientes Solo Sobretensiones + Env\u00edo a domicilio + Pago seguro + Garant\u00eda","breadcrumb":{"@id":"https:\/\/compuviper.mx\/tienda\/producto\/tripp-lite-smart750usb-nobreak-de-120v-y-450w-avr-torre-usb-tomacorrientes-solo-sobretensiones\/#breadcrumb"},"inLanguage":"es-MX","potentialAction":[{"@type":"ReadAction","target":["https:\/\/compuviper.mx\/tienda\/producto\/tripp-lite-smart750usb-nobreak-de-120v-y-450w-avr-torre-usb-tomacorrientes-solo-sobretensiones\/"]}]},{"@type":"BreadcrumbList","@id":"https:\/\/compuviper.mx\/tienda\/producto\/tripp-lite-smart750usb-nobreak-de-120v-y-450w-avr-torre-usb-tomacorrientes-solo-sobretensiones\/#breadcrumb","itemListElement":[{"@type":"ListItem","position":1,"name":"Inicio","item":"https:\/\/compuviper.mx\/tienda\/"},{"@type":"ListItem","position":2,"name":"Productos","item":"https:\/\/compuviper.mx\/tienda\/productos\/"},{"@type":"ListItem","position":3,"name":"Energia","item":"https:\/\/compuviper.mx\/tienda\/categoria-producto\/energia\/"},{"@type":"ListItem","position":4,"name":"No Break","item":"https:\/\/compuviper.mx\/tienda\/categoria-producto\/energia\/no-break\/"},{"@type":"ListItem","position":5,"name":"Tripp-lite Smart750usb Nobreak De 120v Y 450w Avr Torre Usb Tomacorrientes Solo Sobretensiones"}]},{"@type":"WebSite","@id":"https:\/\/compuviper.mx\/tienda\/#website","url":"https:\/\/compuviper.mx\/tienda\/","name":"Compuviper","description":"Proveedor de Computadoras, Laptops, Servidores, Monitores, Puntos de Venta, Teclados,   Impresoras, T\u00f3ner, C\u00e1maras de Seguridad y m\u00e1s en tu tienda en l\u00ednea","publisher":{"@id":"https:\/\/compuviper.mx\/tienda\/#organization"},"potentialAction":[{"@type":"SearchAction","target":{"@type":"EntryPoint","urlTemplate":"https:\/\/compuviper.mx\/tienda\/?s={search_term_string}"},"query-input":"required name=search_term_string"}],"inLanguage":"es-MX"},{"@type":"Organization","@id":"https:\/\/compuviper.mx\/tienda\/#organization","name":"Compuviper","url":"https:\/\/compuviper.mx\/tienda\/","logo":{"@type":"ImageObject","inLanguage":"es-MX","@id":"https:\/\/compuviper.mx\/tienda\/#\/schema\/logo\/image\/","url":"https:\/\/compuviper.mx\/tienda\/wp-content\/uploads\/2021\/08\/Logo-Compuviper-10.png","contentUrl":"https:\/\/compuviper.mx\/tienda\/wp-content\/uploads\/2021\/08\/Logo-Compuviper-10.png","width":1000,"height":500,"caption":"Compuviper"},"image":{"@id":"https:\/\/compuviper.mx\/tienda\/#\/schema\/logo\/image\/"},"sameAs":["https:\/\/www.facebook.com\/compuviper","https:\/\/www.youtube.com\/channel\/UCf73dERp9Y3cfOq7q8BhLjA?view_as=subscriber"]}]},"product_brand":"TRIPP-LITE","product_price_amount":"3820","product_price_currency":"MXN","og_availability":"instock","product_availability":"instock","product_retailer_item_id":"SMART750USB","product_condition":"new"},"_links":{"self":[{"href":"https:\/\/compuviper.mx\/tienda\/wp-json\/wp\/v2\/product\/217956"}],"collection":[{"href":"https:\/\/compuviper.mx\/tienda\/wp-json\/wp\/v2\/product"}],"about":[{"href":"https:\/\/compuviper.mx\/tienda\/wp-json\/wp\/v2\/types\/product"}],"replies":[{"embeddable":true,"href":"https:\/\/compuviper.mx\/tienda\/wp-json\/wp\/v2\/comments?post=217956"}],"wp:featuredmedia":[{"embeddable":true,"href":"https:\/\/compuviper.mx\/tienda\/wp-json\/wp\/v2\/media\/217957"}],"wp:attachment":[{"href":"https:\/\/compuviper.mx\/tienda\/wp-json\/wp\/v2\/media?parent=217956"}],"wp:term":[{"taxonomy":"product_cat","embeddable":true,"href":"https:\/\/compuviper.mx\/tienda\/wp-json\/wp\/v2\/product_cat?post=217956"},{"taxonomy":"product_tag","embeddable":true,"href":"https:\/\/compuviper.mx\/tienda\/wp-json\/wp\/v2\/product_tag?post=217956"}],"curies":[{"name":"wp","href":"https:\/\/api.w.org\/{rel}","templated":true}]}}