{"id":217942,"date":"2026-04-07T00:32:13","date_gmt":"2026-04-07T06:32:13","guid":{"rendered":"https:\/\/compuviper.mx\/tienda\/producto\/eaton-k41511000000000-no-break-ups-modelo-9155-15-kva-2-high-6-5min10-5kw-cotizar-con-pm-servicio-de-arranque-y-viaticos-por-garantia-de-ups\/"},"modified":"2026-04-07T00:32:13","modified_gmt":"2026-04-07T06:32:13","slug":"eaton-k41511000000000-no-break-ups-modelo-9155-15-kva-2-high-6-5min10-5kw-cotizar-con-pm-servicio-de-arranque-y-viaticos-por-garantia-de-ups","status":"publish","type":"product","link":"https:\/\/compuviper.mx\/tienda\/producto\/eaton-k41511000000000-no-break-ups-modelo-9155-15-kva-2-high-6-5min10-5kw-cotizar-con-pm-servicio-de-arranque-y-viaticos-por-garantia-de-ups\/","title":{"rendered":"Eaton K41511000000000 No Break \/ Ups \/  \/ Modelo ; 9155 15 Kva (2-high) 6.5min@10.5kw, Cotizar Con Pm Servicio De Arranque Y Viaticos Por Garantia De Ups"},"content":{"rendered":"<table class=\"descripcion\">\n<tr>\n<td>Sistema de fuerza ininterrumpible, marca eaton modelo 9155 de 15 kva de acuerdo con las siguientes especificaciones tecnicas:<\/td>\n<\/tr>\n<tr>\n<td>Capacidad: 15 kva \/ 13.5 kw<\/td>\n<\/tr>\n<tr>\n<td>Entrada: 220vca 15  10, 2 fases, 3 hilos, 60 hz<\/td>\n<\/tr>\n<tr>\n<td>Salida: 208\/120vca 1, 2 fases, 4 hilos, 60 hz<\/td>\n<\/tr>\n<tr>\n<td>Topolog?a: verdaderamente en l?nea, doble conversi?n<\/td>\n<\/tr>\n<tr>\n<td>Tiempo de respaldo a 10.5 kw de carga: 6.5 minutos<\/td>\n<\/tr>\n<tr>\n<td>Factor de potencia a la entrada: 0.99<\/td>\n<\/tr>\n<tr>\n<td>Factor de cresta: 3 a 1<\/td>\n<\/tr>\n<tr>\n<td>Temperatura de operaci?n: 0 a 40 ?c<\/td>\n<\/tr>\n<tr>\n<td>Humedad relativa: 5 a 95 sin condensaci?n<\/td>\n<\/tr>\n<tr>\n<td>No incluye bypass de mantenimiento<\/td>\n<\/tr>\n<\/table>\n","protected":false},"excerpt":{"rendered":"<p>Eaton 9155 ups &#8211; caracteristicas. El diseno compacto con baterias internas e interruptores de bypass estaticos y manuales integrados, proporciona una solucion completa con espacio reducido y densidad de energia lider en la industria. Proporciona mas energia real con un factor de energia de salida de 0,9 optimo, reduce la necesidad de aumentar de tamano. Con el control de factor de energia pfc activo, el factor de energia de entrada de 0,99 inmejorable e ithd reducida se logran para asegurar una compatibilidad mejorada con cualquier otro equipo corriente arriba. El respaldo confiable se mejora adicionalmente con advanced battery management abm? o administracion de bateria avanzada al utilizar un sistema de carga de bateria trifasico innovador que prolonga significativamente la vida util de la bater?a. La mas alta disponibilidad y confiabilidad se logra con la tecnologia de sincronizacion hotsync que permite la sincronizacion de hasta cuatro 9155 ups para capacidad o redundancia adicionales. La interfaz de lcd facil de usar con una amplia gama de opciones de conectividad, hace que 9155 sea facil de utilizar y seguro de operar. La tecnologia innovadora y el diseno hacen del 9155 una solucion verdaderamente loable al presentar una densidad de energ?a y alta eficiencia de sistema<\/p>\n","protected":false},"featured_media":217943,"comment_status":"open","ping_status":"open","template":"","meta":[],"product_cat":[1508,1691],"product_tag":[1698],"acf":[],"yoast_head":"<!-- This site is optimized with the Yoast SEO plugin v21.7 - https:\/\/yoast.com\/wordpress\/plugins\/seo\/ -->\n<title>[ Eaton ] &#129351; K41511000000000 No Break \/ Ups \/ \/ Modelo ; 9155 15 Kva (2-high) 6.5min@10.5kw, Cotizar Con Pm Servicio De Arranque Y Viaticos Por Garantia De Ups<\/title>\n<meta name=\"description\" content=\"Compra K41511000000000 No Break \/ Ups \/ \/ Modelo ; 9155 15 Kva (2-high) 6.5min@10.5kw, Cotizar Con Pm Servicio De Arranque Y Viaticos Por Garantia De Ups + Env\u00edo a domicilio + Pago seguro + Garant\u00eda\" \/>\n<meta name=\"robots\" content=\"index, follow, max-snippet:-1, max-image-preview:large, max-video-preview:-1\" \/>\n<link rel=\"canonical\" href=\"https:\/\/compuviper.mx\/tienda\/producto\/eaton-k41511000000000-no-break-ups-modelo-9155-15-kva-2-high-6-5min10-5kw-cotizar-con-pm-servicio-de-arranque-y-viaticos-por-garantia-de-ups\/\" \/>\n<meta property=\"og:locale\" content=\"es_MX\" \/>\n<meta property=\"og:type\" content=\"article\" \/>\n<meta property=\"og:title\" content=\"[ Eaton ] &#129351; K41511000000000 No Break \/ Ups \/ \/ Modelo ; 9155 15 Kva (2-high) 6.5min@10.5kw, Cotizar Con Pm Servicio De Arranque Y Viaticos Por Garantia De Ups\" \/>\n<meta property=\"og:description\" content=\"Compra K41511000000000 No Break \/ Ups \/ \/ Modelo ; 9155 15 Kva (2-high) 6.5min@10.5kw, Cotizar Con Pm Servicio De Arranque Y Viaticos Por Garantia De Ups + Env\u00edo a domicilio + Pago seguro + Garant\u00eda\" \/>\n<meta property=\"og:url\" content=\"https:\/\/compuviper.mx\/tienda\/producto\/eaton-k41511000000000-no-break-ups-modelo-9155-15-kva-2-high-6-5min10-5kw-cotizar-con-pm-servicio-de-arranque-y-viaticos-por-garantia-de-ups\/\" \/>\n<meta property=\"og:site_name\" content=\"Compuviper\" \/>\n<meta property=\"article:publisher\" content=\"https:\/\/www.facebook.com\/compuviper\" \/>\n<meta property=\"og:image\" content=\"https:\/\/compuviper.mx\/tienda\/wp-content\/uploads\/2023\/12\/No-break-ups-eaton-modelo-k41511000000000-9155-15-kva-2-high-6.5min@10.5kw-cotizar-con-pm-servicio-de-arranque-y-viaticos-por-garantia-de-ups.jpg\" \/>\n\t<meta property=\"og:image:width\" content=\"200\" \/>\n\t<meta property=\"og:image:height\" content=\"200\" \/>\n\t<meta property=\"og:image:type\" content=\"image\/jpeg\" \/>\n<meta name=\"twitter:card\" content=\"summary_large_image\" \/>\n<meta name=\"twitter:label1\" content=\"Precio\" \/>\n\t<meta name=\"twitter:data1\" content=\"&#36;158,460 &#36;155,304 con IVA\" \/>\n\t<meta name=\"twitter:label2\" content=\"Availability\" \/>\n\t<meta name=\"twitter:data2\" content=\"Out of stock\" \/>\n<script type=\"application\/ld+json\" class=\"yoast-schema-graph\">{\"@context\":\"https:\/\/schema.org\",\"@graph\":[{\"@type\":\"WebPage\",\"@id\":\"https:\/\/compuviper.mx\/tienda\/producto\/eaton-k41511000000000-no-break-ups-modelo-9155-15-kva-2-high-6-5min10-5kw-cotizar-con-pm-servicio-de-arranque-y-viaticos-por-garantia-de-ups\/\",\"url\":\"https:\/\/compuviper.mx\/tienda\/producto\/eaton-k41511000000000-no-break-ups-modelo-9155-15-kva-2-high-6-5min10-5kw-cotizar-con-pm-servicio-de-arranque-y-viaticos-por-garantia-de-ups\/\",\"name\":\"[ Eaton ] &#129351; K41511000000000 No Break \/ Ups \/ \/ Modelo ; 9155 15 Kva (2-high) 6.5min@10.5kw, Cotizar Con Pm Servicio De Arranque Y Viaticos Por Garantia De Ups\",\"isPartOf\":{\"@id\":\"https:\/\/compuviper.mx\/tienda\/#website\"},\"datePublished\":\"2026-04-07T06:32:13+00:00\",\"dateModified\":\"2026-04-07T06:32:13+00:00\",\"description\":\"Compra K41511000000000 No Break \/ Ups \/ \/ Modelo ; 9155 15 Kva (2-high) 6.5min@10.5kw, Cotizar Con Pm Servicio De Arranque Y Viaticos Por Garantia De Ups + Env\u00edo a domicilio + Pago seguro + Garant\u00eda\",\"breadcrumb\":{\"@id\":\"https:\/\/compuviper.mx\/tienda\/producto\/eaton-k41511000000000-no-break-ups-modelo-9155-15-kva-2-high-6-5min10-5kw-cotizar-con-pm-servicio-de-arranque-y-viaticos-por-garantia-de-ups\/#breadcrumb\"},\"inLanguage\":\"es-MX\",\"potentialAction\":[{\"@type\":\"ReadAction\",\"target\":[\"https:\/\/compuviper.mx\/tienda\/producto\/eaton-k41511000000000-no-break-ups-modelo-9155-15-kva-2-high-6-5min10-5kw-cotizar-con-pm-servicio-de-arranque-y-viaticos-por-garantia-de-ups\/\"]}]},{\"@type\":\"BreadcrumbList\",\"@id\":\"https:\/\/compuviper.mx\/tienda\/producto\/eaton-k41511000000000-no-break-ups-modelo-9155-15-kva-2-high-6-5min10-5kw-cotizar-con-pm-servicio-de-arranque-y-viaticos-por-garantia-de-ups\/#breadcrumb\",\"itemListElement\":[{\"@type\":\"ListItem\",\"position\":1,\"name\":\"Inicio\",\"item\":\"https:\/\/compuviper.mx\/tienda\/\"},{\"@type\":\"ListItem\",\"position\":2,\"name\":\"Productos\",\"item\":\"https:\/\/compuviper.mx\/tienda\/productos\/\"},{\"@type\":\"ListItem\",\"position\":3,\"name\":\"Energia\",\"item\":\"https:\/\/compuviper.mx\/tienda\/categoria-producto\/energia\/\"},{\"@type\":\"ListItem\",\"position\":4,\"name\":\"No Break\",\"item\":\"https:\/\/compuviper.mx\/tienda\/categoria-producto\/energia\/no-break\/\"},{\"@type\":\"ListItem\",\"position\":5,\"name\":\"Eaton K41511000000000 No Break \/ Ups \/ \/ Modelo ; 9155 15 Kva (2-high) 6.5min@10.5kw, Cotizar Con Pm Servicio De Arranque Y Viaticos Por Garantia De Ups\"}]},{\"@type\":\"WebSite\",\"@id\":\"https:\/\/compuviper.mx\/tienda\/#website\",\"url\":\"https:\/\/compuviper.mx\/tienda\/\",\"name\":\"Compuviper\",\"description\":\"Proveedor de Computadoras, Laptops, Servidores, Monitores, Puntos de Venta, Teclados,   Impresoras, T\u00f3ner, C\u00e1maras de Seguridad y m\u00e1s en tu tienda en l\u00ednea\",\"publisher\":{\"@id\":\"https:\/\/compuviper.mx\/tienda\/#organization\"},\"potentialAction\":[{\"@type\":\"SearchAction\",\"target\":{\"@type\":\"EntryPoint\",\"urlTemplate\":\"https:\/\/compuviper.mx\/tienda\/?s={search_term_string}\"},\"query-input\":\"required name=search_term_string\"}],\"inLanguage\":\"es-MX\"},{\"@type\":\"Organization\",\"@id\":\"https:\/\/compuviper.mx\/tienda\/#organization\",\"name\":\"Compuviper\",\"url\":\"https:\/\/compuviper.mx\/tienda\/\",\"logo\":{\"@type\":\"ImageObject\",\"inLanguage\":\"es-MX\",\"@id\":\"https:\/\/compuviper.mx\/tienda\/#\/schema\/logo\/image\/\",\"url\":\"https:\/\/compuviper.mx\/tienda\/wp-content\/uploads\/2021\/08\/Logo-Compuviper-10.png\",\"contentUrl\":\"https:\/\/compuviper.mx\/tienda\/wp-content\/uploads\/2021\/08\/Logo-Compuviper-10.png\",\"width\":1000,\"height\":500,\"caption\":\"Compuviper\"},\"image\":{\"@id\":\"https:\/\/compuviper.mx\/tienda\/#\/schema\/logo\/image\/\"},\"sameAs\":[\"https:\/\/www.facebook.com\/compuviper\",\"https:\/\/www.youtube.com\/channel\/UCf73dERp9Y3cfOq7q8BhLjA?view_as=subscriber\"]}]}<\/script>\n<meta property=\"product:brand\" content=\"EATON\" \/>\n<meta property=\"product:price:amount\" content=\"155304\" \/>\n<meta property=\"product:price:currency\" content=\"MXN\" \/>\n<meta property=\"og:availability\" content=\"out of stock\" \/>\n<meta property=\"product:availability\" content=\"out of stock\" \/>\n<meta property=\"product:retailer_item_id\" content=\"K41511000000000\" \/>\n<meta property=\"product:condition\" content=\"new\" \/>\n<!-- \/ Yoast SEO plugin. -->","yoast_head_json":{"title":"[ Eaton ] &#129351; K41511000000000 No Break \/ Ups \/ \/ Modelo ; 9155 15 Kva (2-high) 6.5min@10.5kw, Cotizar Con Pm Servicio De Arranque Y Viaticos Por Garantia De Ups","description":"Compra K41511000000000 No Break \/ Ups \/ \/ Modelo ; 9155 15 Kva (2-high) 6.5min@10.5kw, Cotizar Con Pm Servicio De Arranque Y Viaticos Por Garantia De Ups + Env\u00edo a domicilio + Pago seguro + Garant\u00eda","robots":{"index":"index","follow":"follow","max-snippet":"max-snippet:-1","max-image-preview":"max-image-preview:large","max-video-preview":"max-video-preview:-1"},"canonical":"https:\/\/compuviper.mx\/tienda\/producto\/eaton-k41511000000000-no-break-ups-modelo-9155-15-kva-2-high-6-5min10-5kw-cotizar-con-pm-servicio-de-arranque-y-viaticos-por-garantia-de-ups\/","og_locale":"es_MX","og_type":"article","og_title":"[ Eaton ] &#129351; K41511000000000 No Break \/ Ups \/ \/ Modelo ; 9155 15 Kva (2-high) 6.5min@10.5kw, Cotizar Con Pm Servicio De Arranque Y Viaticos Por Garantia De Ups","og_description":"Compra K41511000000000 No Break \/ Ups \/ \/ Modelo ; 9155 15 Kva (2-high) 6.5min@10.5kw, Cotizar Con Pm Servicio De Arranque Y Viaticos Por Garantia De Ups + Env\u00edo a domicilio + Pago seguro + Garant\u00eda","og_url":"https:\/\/compuviper.mx\/tienda\/producto\/eaton-k41511000000000-no-break-ups-modelo-9155-15-kva-2-high-6-5min10-5kw-cotizar-con-pm-servicio-de-arranque-y-viaticos-por-garantia-de-ups\/","og_site_name":"Compuviper","article_publisher":"https:\/\/www.facebook.com\/compuviper","og_image":[{"width":200,"height":200,"url":"https:\/\/compuviper.mx\/tienda\/wp-content\/uploads\/2023\/12\/No-break-ups-eaton-modelo-k41511000000000-9155-15-kva-2-high-6.5min@10.5kw-cotizar-con-pm-servicio-de-arranque-y-viaticos-por-garantia-de-ups.jpg","type":"image\/jpeg"}],"twitter_card":"summary_large_image","twitter_misc":{"Precio":"&#36;158,460 &#36;155,304 con IVA","Availability":"Out of stock"},"schema":{"@context":"https:\/\/schema.org","@graph":[{"@type":"WebPage","@id":"https:\/\/compuviper.mx\/tienda\/producto\/eaton-k41511000000000-no-break-ups-modelo-9155-15-kva-2-high-6-5min10-5kw-cotizar-con-pm-servicio-de-arranque-y-viaticos-por-garantia-de-ups\/","url":"https:\/\/compuviper.mx\/tienda\/producto\/eaton-k41511000000000-no-break-ups-modelo-9155-15-kva-2-high-6-5min10-5kw-cotizar-con-pm-servicio-de-arranque-y-viaticos-por-garantia-de-ups\/","name":"[ Eaton ] &#129351; K41511000000000 No Break \/ Ups \/ \/ Modelo ; 9155 15 Kva (2-high) 6.5min@10.5kw, Cotizar Con Pm Servicio De Arranque Y Viaticos Por Garantia De Ups","isPartOf":{"@id":"https:\/\/compuviper.mx\/tienda\/#website"},"datePublished":"2026-04-07T06:32:13+00:00","dateModified":"2026-04-07T06:32:13+00:00","description":"Compra K41511000000000 No Break \/ Ups \/ \/ Modelo ; 9155 15 Kva (2-high) 6.5min@10.5kw, Cotizar Con Pm Servicio De Arranque Y Viaticos Por Garantia De Ups + Env\u00edo a domicilio + Pago seguro + Garant\u00eda","breadcrumb":{"@id":"https:\/\/compuviper.mx\/tienda\/producto\/eaton-k41511000000000-no-break-ups-modelo-9155-15-kva-2-high-6-5min10-5kw-cotizar-con-pm-servicio-de-arranque-y-viaticos-por-garantia-de-ups\/#breadcrumb"},"inLanguage":"es-MX","potentialAction":[{"@type":"ReadAction","target":["https:\/\/compuviper.mx\/tienda\/producto\/eaton-k41511000000000-no-break-ups-modelo-9155-15-kva-2-high-6-5min10-5kw-cotizar-con-pm-servicio-de-arranque-y-viaticos-por-garantia-de-ups\/"]}]},{"@type":"BreadcrumbList","@id":"https:\/\/compuviper.mx\/tienda\/producto\/eaton-k41511000000000-no-break-ups-modelo-9155-15-kva-2-high-6-5min10-5kw-cotizar-con-pm-servicio-de-arranque-y-viaticos-por-garantia-de-ups\/#breadcrumb","itemListElement":[{"@type":"ListItem","position":1,"name":"Inicio","item":"https:\/\/compuviper.mx\/tienda\/"},{"@type":"ListItem","position":2,"name":"Productos","item":"https:\/\/compuviper.mx\/tienda\/productos\/"},{"@type":"ListItem","position":3,"name":"Energia","item":"https:\/\/compuviper.mx\/tienda\/categoria-producto\/energia\/"},{"@type":"ListItem","position":4,"name":"No Break","item":"https:\/\/compuviper.mx\/tienda\/categoria-producto\/energia\/no-break\/"},{"@type":"ListItem","position":5,"name":"Eaton K41511000000000 No Break \/ Ups \/ \/ Modelo ; 9155 15 Kva (2-high) 6.5min@10.5kw, Cotizar Con Pm Servicio De Arranque Y Viaticos Por Garantia De Ups"}]},{"@type":"WebSite","@id":"https:\/\/compuviper.mx\/tienda\/#website","url":"https:\/\/compuviper.mx\/tienda\/","name":"Compuviper","description":"Proveedor de Computadoras, Laptops, Servidores, Monitores, Puntos de Venta, Teclados,   Impresoras, T\u00f3ner, C\u00e1maras de Seguridad y m\u00e1s en tu tienda en l\u00ednea","publisher":{"@id":"https:\/\/compuviper.mx\/tienda\/#organization"},"potentialAction":[{"@type":"SearchAction","target":{"@type":"EntryPoint","urlTemplate":"https:\/\/compuviper.mx\/tienda\/?s={search_term_string}"},"query-input":"required name=search_term_string"}],"inLanguage":"es-MX"},{"@type":"Organization","@id":"https:\/\/compuviper.mx\/tienda\/#organization","name":"Compuviper","url":"https:\/\/compuviper.mx\/tienda\/","logo":{"@type":"ImageObject","inLanguage":"es-MX","@id":"https:\/\/compuviper.mx\/tienda\/#\/schema\/logo\/image\/","url":"https:\/\/compuviper.mx\/tienda\/wp-content\/uploads\/2021\/08\/Logo-Compuviper-10.png","contentUrl":"https:\/\/compuviper.mx\/tienda\/wp-content\/uploads\/2021\/08\/Logo-Compuviper-10.png","width":1000,"height":500,"caption":"Compuviper"},"image":{"@id":"https:\/\/compuviper.mx\/tienda\/#\/schema\/logo\/image\/"},"sameAs":["https:\/\/www.facebook.com\/compuviper","https:\/\/www.youtube.com\/channel\/UCf73dERp9Y3cfOq7q8BhLjA?view_as=subscriber"]}]},"product_brand":"EATON","product_price_amount":"155304","product_price_currency":"MXN","og_availability":"out of stock","product_availability":"out of stock","product_retailer_item_id":"K41511000000000","product_condition":"new"},"_links":{"self":[{"href":"https:\/\/compuviper.mx\/tienda\/wp-json\/wp\/v2\/product\/217942"}],"collection":[{"href":"https:\/\/compuviper.mx\/tienda\/wp-json\/wp\/v2\/product"}],"about":[{"href":"https:\/\/compuviper.mx\/tienda\/wp-json\/wp\/v2\/types\/product"}],"replies":[{"embeddable":true,"href":"https:\/\/compuviper.mx\/tienda\/wp-json\/wp\/v2\/comments?post=217942"}],"wp:featuredmedia":[{"embeddable":true,"href":"https:\/\/compuviper.mx\/tienda\/wp-json\/wp\/v2\/media\/217943"}],"wp:attachment":[{"href":"https:\/\/compuviper.mx\/tienda\/wp-json\/wp\/v2\/media?parent=217942"}],"wp:term":[{"taxonomy":"product_cat","embeddable":true,"href":"https:\/\/compuviper.mx\/tienda\/wp-json\/wp\/v2\/product_cat?post=217942"},{"taxonomy":"product_tag","embeddable":true,"href":"https:\/\/compuviper.mx\/tienda\/wp-json\/wp\/v2\/product_tag?post=217942"}],"curies":[{"name":"wp","href":"https:\/\/api.w.org\/{rel}","templated":true}]}}