{"id":217940,"date":"2026-04-02T00:31:48","date_gmt":"2026-04-02T06:31:48","guid":{"rendered":"https:\/\/compuviper.mx\/tienda\/producto\/sola-basic-isb-srs-21-801-no-break-800va-4-contactos-c-regulador-c-cfp-senoidal\/"},"modified":"2026-04-02T00:31:49","modified_gmt":"2026-04-02T06:31:49","slug":"sola-basic-isb-srs-21-801-no-break-800va-4-contactos-c-regulador-c-cfp-senoidal","status":"publish","type":"product","link":"https:\/\/compuviper.mx\/tienda\/producto\/sola-basic-isb-srs-21-801-no-break-800va-4-contactos-c-regulador-c-cfp-senoidal\/","title":{"rendered":"Sola Basic Isb Srs-21-801 No Break  , 800va, 4 Contactos, C\/ Regulador, C\/ Cfp Senoidal."},"content":{"rendered":"<table class=\"descripcion\">\n<tr>\n<td>No bereak sola basic isb srs-21-801, 800va \/ 500 watts, 4 cont. para equipos con fuente de poder con factor de potencia corregida (p.f.c. power factor corrected). caracter?sticas el?ctricas: cuenta con pantalla de informaci?n (iluminada) voltaje de entrada voltaje de salida acompa?ada de la frecuencia modo de operaci?n con l?nea o en modo de descarga carga y descarga de bater?a entrada tensi?n regulador operando 95vac-140vac sistema: una fase, neutro y conexi?n de tierra f?sica frecuencia: 60hz equipado con cable tomacorriente con clavija de seguridad de nema 5-15p integrada salida de tensi?n: 120vac (+6%,-8% en l?nea, con inversor +-5%) capacidad: 800va \/ 400w regulaci?n: exclusivamente de fase a neutro forma de onda: con l?nea senoidal, con inversor senoidal sistema: una fase, neutro y conexi?n de tierra fisica tiempo de respaldo contando computadora personal con monitor plano hasta de 17 ofrece 50 min de respaldo. a media carga 20 min. tiempo de recarga: 6 horas al 90% tiempo de transferencia: 5 mseg maximo equipo con 4 contactos polarizados tipo nema 5 ?15 r dimensiones: 27.5cm de altura, 12cm de ancho, 32 cm de fondo y 12.5 kg de peso su montaje cuenta con gabinete met?lico completamente auto-soportado.<\/td>\n<\/tr>\n<\/table>\n","protected":false},"excerpt":{"rendered":"<p>El soporte senoidal regulado inteligente fase 800 (sistema electronico de energ?a ininterrumpida interactivo en espera) esta dise?ado para suministrar energ?a de ca senoidal regulada en forma continua, es decir que en modo de regulador operando como de inversor operando entregara onda senoidal lo que lo hace ideal para alimentar equipos de ?ltima generaci?n que cuenten con una fuente (o fuentes redundantes) con arreglo de factor de potencia (p.F.C. Power factor corrected ). Hp proliant. Ibm. Sun de oracle. Dell, etc. Se han realizados pruebas que nos arrojan resultados satisfactorios entregando como m?nimo 55 minutos de tiempo de respaldo (considerando el servidor y un monitor plano de 17 pulga.<\/p>\n","protected":false},"featured_media":217941,"comment_status":"open","ping_status":"open","template":"","meta":[],"product_cat":[1508,1691],"product_tag":[1696],"acf":[],"yoast_head":"<!-- This site is optimized with the Yoast SEO plugin v21.7 - https:\/\/yoast.com\/wordpress\/plugins\/seo\/ -->\n<title>[ Sola Basic Isb ] &#129351; Srs-21-801 No Break , 800va, 4 Contactos, C\/ Regulador, C\/ Cfp Senoidal.<\/title>\n<meta name=\"description\" content=\"Compra Srs-21-801 No Break , 800va, 4 Contactos, C\/ Regulador, C\/ Cfp Senoidal. + Env\u00edo a domicilio + Pago seguro + Garant\u00eda\" \/>\n<meta name=\"robots\" content=\"index, follow, max-snippet:-1, max-image-preview:large, max-video-preview:-1\" \/>\n<link rel=\"canonical\" href=\"https:\/\/compuviper.mx\/tienda\/producto\/sola-basic-isb-srs-21-801-no-break-800va-4-contactos-c-regulador-c-cfp-senoidal\/\" \/>\n<meta property=\"og:locale\" content=\"es_MX\" \/>\n<meta property=\"og:type\" content=\"article\" \/>\n<meta property=\"og:title\" content=\"[ Sola Basic Isb ] &#129351; Srs-21-801 No Break , 800va, 4 Contactos, C\/ Regulador, C\/ Cfp Senoidal.\" \/>\n<meta property=\"og:description\" content=\"Compra Srs-21-801 No Break , 800va, 4 Contactos, C\/ Regulador, C\/ Cfp Senoidal. + Env\u00edo a domicilio + Pago seguro + Garant\u00eda\" \/>\n<meta property=\"og:url\" content=\"https:\/\/compuviper.mx\/tienda\/producto\/sola-basic-isb-srs-21-801-no-break-800va-4-contactos-c-regulador-c-cfp-senoidal\/\" \/>\n<meta property=\"og:site_name\" content=\"Compuviper\" \/>\n<meta property=\"article:publisher\" content=\"https:\/\/www.facebook.com\/compuviper\" \/>\n<meta property=\"article:modified_time\" content=\"2026-04-02T06:31:49+00:00\" \/>\n<meta property=\"og:image\" content=\"https:\/\/compuviper.mx\/tienda\/wp-content\/uploads\/2023\/12\/No-break-sola-basic-isb-srs-21-801-800va-4-contactos-c-regulador-c-cfp-senoidal.jpg\" \/>\n\t<meta property=\"og:image:width\" content=\"200\" \/>\n\t<meta property=\"og:image:height\" content=\"200\" \/>\n\t<meta property=\"og:image:type\" content=\"image\/jpeg\" \/>\n<meta name=\"twitter:card\" content=\"summary_large_image\" \/>\n<meta name=\"twitter:label1\" content=\"Precio\" \/>\n\t<meta name=\"twitter:data1\" content=\"&#36;3,434 con IVA\" \/>\n\t<meta name=\"twitter:label2\" content=\"Availability\" \/>\n\t<meta name=\"twitter:data2\" content=\"On backorder\" \/>\n<script type=\"application\/ld+json\" class=\"yoast-schema-graph\">{\"@context\":\"https:\/\/schema.org\",\"@graph\":[{\"@type\":\"WebPage\",\"@id\":\"https:\/\/compuviper.mx\/tienda\/producto\/sola-basic-isb-srs-21-801-no-break-800va-4-contactos-c-regulador-c-cfp-senoidal\/\",\"url\":\"https:\/\/compuviper.mx\/tienda\/producto\/sola-basic-isb-srs-21-801-no-break-800va-4-contactos-c-regulador-c-cfp-senoidal\/\",\"name\":\"[ Sola Basic Isb ] &#129351; Srs-21-801 No Break , 800va, 4 Contactos, C\/ Regulador, C\/ Cfp Senoidal.\",\"isPartOf\":{\"@id\":\"https:\/\/compuviper.mx\/tienda\/#website\"},\"datePublished\":\"2026-04-02T06:31:48+00:00\",\"dateModified\":\"2026-04-02T06:31:49+00:00\",\"description\":\"Compra Srs-21-801 No Break , 800va, 4 Contactos, C\/ Regulador, C\/ Cfp Senoidal. + Env\u00edo a domicilio + Pago seguro + Garant\u00eda\",\"breadcrumb\":{\"@id\":\"https:\/\/compuviper.mx\/tienda\/producto\/sola-basic-isb-srs-21-801-no-break-800va-4-contactos-c-regulador-c-cfp-senoidal\/#breadcrumb\"},\"inLanguage\":\"es-MX\",\"potentialAction\":[{\"@type\":\"ReadAction\",\"target\":[\"https:\/\/compuviper.mx\/tienda\/producto\/sola-basic-isb-srs-21-801-no-break-800va-4-contactos-c-regulador-c-cfp-senoidal\/\"]}]},{\"@type\":\"BreadcrumbList\",\"@id\":\"https:\/\/compuviper.mx\/tienda\/producto\/sola-basic-isb-srs-21-801-no-break-800va-4-contactos-c-regulador-c-cfp-senoidal\/#breadcrumb\",\"itemListElement\":[{\"@type\":\"ListItem\",\"position\":1,\"name\":\"Inicio\",\"item\":\"https:\/\/compuviper.mx\/tienda\/\"},{\"@type\":\"ListItem\",\"position\":2,\"name\":\"Productos\",\"item\":\"https:\/\/compuviper.mx\/tienda\/productos\/\"},{\"@type\":\"ListItem\",\"position\":3,\"name\":\"Energia\",\"item\":\"https:\/\/compuviper.mx\/tienda\/categoria-producto\/energia\/\"},{\"@type\":\"ListItem\",\"position\":4,\"name\":\"No Break\",\"item\":\"https:\/\/compuviper.mx\/tienda\/categoria-producto\/energia\/no-break\/\"},{\"@type\":\"ListItem\",\"position\":5,\"name\":\"Sola Basic Isb Srs-21-801 No Break , 800va, 4 Contactos, C\/ Regulador, C\/ Cfp Senoidal.\"}]},{\"@type\":\"WebSite\",\"@id\":\"https:\/\/compuviper.mx\/tienda\/#website\",\"url\":\"https:\/\/compuviper.mx\/tienda\/\",\"name\":\"Compuviper\",\"description\":\"Proveedor de Computadoras, Laptops, Servidores, Monitores, Puntos de Venta, Teclados,   Impresoras, T\u00f3ner, C\u00e1maras de Seguridad y m\u00e1s en tu tienda en l\u00ednea\",\"publisher\":{\"@id\":\"https:\/\/compuviper.mx\/tienda\/#organization\"},\"potentialAction\":[{\"@type\":\"SearchAction\",\"target\":{\"@type\":\"EntryPoint\",\"urlTemplate\":\"https:\/\/compuviper.mx\/tienda\/?s={search_term_string}\"},\"query-input\":\"required name=search_term_string\"}],\"inLanguage\":\"es-MX\"},{\"@type\":\"Organization\",\"@id\":\"https:\/\/compuviper.mx\/tienda\/#organization\",\"name\":\"Compuviper\",\"url\":\"https:\/\/compuviper.mx\/tienda\/\",\"logo\":{\"@type\":\"ImageObject\",\"inLanguage\":\"es-MX\",\"@id\":\"https:\/\/compuviper.mx\/tienda\/#\/schema\/logo\/image\/\",\"url\":\"https:\/\/compuviper.mx\/tienda\/wp-content\/uploads\/2021\/08\/Logo-Compuviper-10.png\",\"contentUrl\":\"https:\/\/compuviper.mx\/tienda\/wp-content\/uploads\/2021\/08\/Logo-Compuviper-10.png\",\"width\":1000,\"height\":500,\"caption\":\"Compuviper\"},\"image\":{\"@id\":\"https:\/\/compuviper.mx\/tienda\/#\/schema\/logo\/image\/\"},\"sameAs\":[\"https:\/\/www.facebook.com\/compuviper\",\"https:\/\/www.youtube.com\/channel\/UCf73dERp9Y3cfOq7q8BhLjA?view_as=subscriber\"]}]}<\/script>\n<meta property=\"product:brand\" content=\"SOLA BASIC ISB\" \/>\n<meta property=\"product:price:amount\" content=\"3434\" \/>\n<meta property=\"product:price:currency\" content=\"MXN\" \/>\n<meta property=\"og:availability\" content=\"backorder\" \/>\n<meta property=\"product:availability\" content=\"available for order\" \/>\n<meta property=\"product:retailer_item_id\" content=\"SRS-21-801\" \/>\n<meta property=\"product:condition\" content=\"new\" \/>\n<!-- \/ Yoast SEO plugin. -->","yoast_head_json":{"title":"[ Sola Basic Isb ] &#129351; Srs-21-801 No Break , 800va, 4 Contactos, C\/ Regulador, C\/ Cfp Senoidal.","description":"Compra Srs-21-801 No Break , 800va, 4 Contactos, C\/ Regulador, C\/ Cfp Senoidal. + Env\u00edo a domicilio + Pago seguro + Garant\u00eda","robots":{"index":"index","follow":"follow","max-snippet":"max-snippet:-1","max-image-preview":"max-image-preview:large","max-video-preview":"max-video-preview:-1"},"canonical":"https:\/\/compuviper.mx\/tienda\/producto\/sola-basic-isb-srs-21-801-no-break-800va-4-contactos-c-regulador-c-cfp-senoidal\/","og_locale":"es_MX","og_type":"article","og_title":"[ Sola Basic Isb ] &#129351; Srs-21-801 No Break , 800va, 4 Contactos, C\/ Regulador, C\/ Cfp Senoidal.","og_description":"Compra Srs-21-801 No Break , 800va, 4 Contactos, C\/ Regulador, C\/ Cfp Senoidal. + Env\u00edo a domicilio + Pago seguro + Garant\u00eda","og_url":"https:\/\/compuviper.mx\/tienda\/producto\/sola-basic-isb-srs-21-801-no-break-800va-4-contactos-c-regulador-c-cfp-senoidal\/","og_site_name":"Compuviper","article_publisher":"https:\/\/www.facebook.com\/compuviper","article_modified_time":"2026-04-02T06:31:49+00:00","og_image":[{"width":200,"height":200,"url":"https:\/\/compuviper.mx\/tienda\/wp-content\/uploads\/2023\/12\/No-break-sola-basic-isb-srs-21-801-800va-4-contactos-c-regulador-c-cfp-senoidal.jpg","type":"image\/jpeg"}],"twitter_card":"summary_large_image","twitter_misc":{"Precio":"&#36;3,434 con IVA","Availability":"On backorder"},"schema":{"@context":"https:\/\/schema.org","@graph":[{"@type":"WebPage","@id":"https:\/\/compuviper.mx\/tienda\/producto\/sola-basic-isb-srs-21-801-no-break-800va-4-contactos-c-regulador-c-cfp-senoidal\/","url":"https:\/\/compuviper.mx\/tienda\/producto\/sola-basic-isb-srs-21-801-no-break-800va-4-contactos-c-regulador-c-cfp-senoidal\/","name":"[ Sola Basic Isb ] &#129351; Srs-21-801 No Break , 800va, 4 Contactos, C\/ Regulador, C\/ Cfp Senoidal.","isPartOf":{"@id":"https:\/\/compuviper.mx\/tienda\/#website"},"datePublished":"2026-04-02T06:31:48+00:00","dateModified":"2026-04-02T06:31:49+00:00","description":"Compra Srs-21-801 No Break , 800va, 4 Contactos, C\/ Regulador, C\/ Cfp Senoidal. + Env\u00edo a domicilio + Pago seguro + Garant\u00eda","breadcrumb":{"@id":"https:\/\/compuviper.mx\/tienda\/producto\/sola-basic-isb-srs-21-801-no-break-800va-4-contactos-c-regulador-c-cfp-senoidal\/#breadcrumb"},"inLanguage":"es-MX","potentialAction":[{"@type":"ReadAction","target":["https:\/\/compuviper.mx\/tienda\/producto\/sola-basic-isb-srs-21-801-no-break-800va-4-contactos-c-regulador-c-cfp-senoidal\/"]}]},{"@type":"BreadcrumbList","@id":"https:\/\/compuviper.mx\/tienda\/producto\/sola-basic-isb-srs-21-801-no-break-800va-4-contactos-c-regulador-c-cfp-senoidal\/#breadcrumb","itemListElement":[{"@type":"ListItem","position":1,"name":"Inicio","item":"https:\/\/compuviper.mx\/tienda\/"},{"@type":"ListItem","position":2,"name":"Productos","item":"https:\/\/compuviper.mx\/tienda\/productos\/"},{"@type":"ListItem","position":3,"name":"Energia","item":"https:\/\/compuviper.mx\/tienda\/categoria-producto\/energia\/"},{"@type":"ListItem","position":4,"name":"No Break","item":"https:\/\/compuviper.mx\/tienda\/categoria-producto\/energia\/no-break\/"},{"@type":"ListItem","position":5,"name":"Sola Basic Isb Srs-21-801 No Break , 800va, 4 Contactos, C\/ Regulador, C\/ Cfp Senoidal."}]},{"@type":"WebSite","@id":"https:\/\/compuviper.mx\/tienda\/#website","url":"https:\/\/compuviper.mx\/tienda\/","name":"Compuviper","description":"Proveedor de Computadoras, Laptops, Servidores, Monitores, Puntos de Venta, Teclados,   Impresoras, T\u00f3ner, C\u00e1maras de Seguridad y m\u00e1s en tu tienda en l\u00ednea","publisher":{"@id":"https:\/\/compuviper.mx\/tienda\/#organization"},"potentialAction":[{"@type":"SearchAction","target":{"@type":"EntryPoint","urlTemplate":"https:\/\/compuviper.mx\/tienda\/?s={search_term_string}"},"query-input":"required name=search_term_string"}],"inLanguage":"es-MX"},{"@type":"Organization","@id":"https:\/\/compuviper.mx\/tienda\/#organization","name":"Compuviper","url":"https:\/\/compuviper.mx\/tienda\/","logo":{"@type":"ImageObject","inLanguage":"es-MX","@id":"https:\/\/compuviper.mx\/tienda\/#\/schema\/logo\/image\/","url":"https:\/\/compuviper.mx\/tienda\/wp-content\/uploads\/2021\/08\/Logo-Compuviper-10.png","contentUrl":"https:\/\/compuviper.mx\/tienda\/wp-content\/uploads\/2021\/08\/Logo-Compuviper-10.png","width":1000,"height":500,"caption":"Compuviper"},"image":{"@id":"https:\/\/compuviper.mx\/tienda\/#\/schema\/logo\/image\/"},"sameAs":["https:\/\/www.facebook.com\/compuviper","https:\/\/www.youtube.com\/channel\/UCf73dERp9Y3cfOq7q8BhLjA?view_as=subscriber"]}]},"product_brand":"SOLA BASIC ISB","product_price_amount":"3434","product_price_currency":"MXN","og_availability":"backorder","product_availability":"available for order","product_retailer_item_id":"SRS-21-801","product_condition":"new"},"_links":{"self":[{"href":"https:\/\/compuviper.mx\/tienda\/wp-json\/wp\/v2\/product\/217940"}],"collection":[{"href":"https:\/\/compuviper.mx\/tienda\/wp-json\/wp\/v2\/product"}],"about":[{"href":"https:\/\/compuviper.mx\/tienda\/wp-json\/wp\/v2\/types\/product"}],"replies":[{"embeddable":true,"href":"https:\/\/compuviper.mx\/tienda\/wp-json\/wp\/v2\/comments?post=217940"}],"wp:featuredmedia":[{"embeddable":true,"href":"https:\/\/compuviper.mx\/tienda\/wp-json\/wp\/v2\/media\/217941"}],"wp:attachment":[{"href":"https:\/\/compuviper.mx\/tienda\/wp-json\/wp\/v2\/media?parent=217940"}],"wp:term":[{"taxonomy":"product_cat","embeddable":true,"href":"https:\/\/compuviper.mx\/tienda\/wp-json\/wp\/v2\/product_cat?post=217940"},{"taxonomy":"product_tag","embeddable":true,"href":"https:\/\/compuviper.mx\/tienda\/wp-json\/wp\/v2\/product_tag?post=217940"}],"curies":[{"name":"wp","href":"https:\/\/api.w.org\/{rel}","templated":true}]}}