{"id":217936,"date":"2026-04-02T00:31:47","date_gmt":"2026-04-02T06:31:47","guid":{"rendered":"https:\/\/compuviper.mx\/tienda\/producto\/vica-s1200-no-break-1200va-600w-6-contactos-con-respaldo-y-regulados-3-anos-de-garantia\/"},"modified":"2026-04-02T00:31:48","modified_gmt":"2026-04-02T06:31:48","slug":"vica-s1200-no-break-ups-1200va-600w-10-tomas-nema5-15r-5-5-rj11-45-pantalla-lcd-3-aos-de-garantia","status":"publish","type":"product","link":"https:\/\/compuviper.mx\/tienda\/producto\/vica-s1200-no-break-ups-1200va-600w-10-tomas-nema5-15r-5-5-rj11-45-pantalla-lcd-3-aos-de-garantia\/","title":{"rendered":"Vica S1200 No Break Ups   1200va\/600w 10 Tomas Nema5-15r (5\/5) Rj11\/45 Pantalla Lcd 3 A?os De Garantia"},"content":{"rendered":"<table class=\"descripcion\">\n<tr>\n<td>Nobreak modelo: s1200<\/td>\n<\/tr>\n<tr>\n<td> entrada : capacidad volts-amperes 1200va capacidad en watts 600w voltaje nominal de entrada 127 v ~ +- 10 % frecuencia de entrada 60 hz +- 2 % intervalo de tension de entrada 75 a 148 v ~ consumo de energia 127v~ 8 a salida : voltaje de salida en modo baterias 120v~ +- 5 % frecuencia de salida 60 hz +- 2 % forma de onda senoidal aproximada a paso (cuasisenoidal) voltaje de salida en modo normal 120v~ +- 10 % supresor de picos 400 v 4 500a 300 j** potencia maxima de salida en watts 360 watts tiempo de transferencia 3 &#8211; 5 ms pasos de regulacion 3, 2 bajo y 1 alto tiempo de respaldo   3 minutos a plena carga tiempo de recarga de baterias al 90% 5 &#8211; 8 hrs. eficiencia 97% protector de linea telefonica: receptaculo de entrada y salida rj45 y rj11 supresor de picos 340 v 2 500 a 115 j ** voltaje maximo de operacion 130 vrms mecanicas : tomas de salida con regulador y bateria 6 tipo nema 5-15r peso 12 kg proteccion contra sobrecarga interruptor termico (breaker) de ca indicadores visuales pantalla de cristal liquido (lcd) normas aplicables nom 001 scfi 1993 certificado ce medio ambiente temperatura de operacion 0 grados c a 40grados c temperatura de almacenamiento -15 grados c a + 50 grados c humedad relativa 0% a 90% sin condensacion altura de operacion arriba de (3 000 msnm*) a 95 grados f (35 grados c) ruido audible   40 db a un metro * metros sobre el nivel del mar ** energia total de supresion @ p\/transientes 10x1000s<\/td>\n<\/tr>\n<\/table>\n","protected":false},"excerpt":{"rendered":"<p>Nobreak s1200. Nueva linea de no breaks con regulador integrado y pantalla lcd. Proteccion y respaldo contra la ausencia de energia, altos y\/o bajos voltajes de la linea ca, con deteccion instantanea. Display digital dinamico para monitorear los cambios de voltaje. Opcion a desconectar la alarma acustica. Dispositivo electronico que evita la sobrecarga, cortos circuitos internos y externos. Proteccion de la linea de internet de los peligrosos picos de voltaje. Filtro rf superiores a 1 mhz aprox. Equipo disenado para trabajar continuamente conectado a la toma de ca, no necesita desconectarlo. Mide la temperatura a la cual trabajan los equipos conectados a este.<\/p>\n","protected":false},"featured_media":217937,"comment_status":"open","ping_status":"open","template":"","meta":[],"product_cat":[1508,1691],"product_tag":[1695],"acf":[],"yoast_head":"<!-- This site is optimized with the Yoast SEO plugin v21.7 - https:\/\/yoast.com\/wordpress\/plugins\/seo\/ -->\n<title>[ Vica ] &#129351; S1200 No Break Ups 1200va\/600w 10 Tomas Nema5-15r (5\/5) Rj11\/45 Pantalla Lcd 3 A\u00f1os De Garantia<\/title>\n<meta name=\"description\" content=\"Compra S1200 No Break Ups 1200va\/600w 10 Tomas Nema5-15r (5\/5) Rj11\/45 Pantalla Lcd 3 A\u00f1os De Garantia + Env\u00edo a domicilio + Pago seguro + Garant\u00eda\" \/>\n<meta name=\"robots\" content=\"index, follow, max-snippet:-1, max-image-preview:large, max-video-preview:-1\" \/>\n<link rel=\"canonical\" href=\"https:\/\/compuviper.mx\/tienda\/producto\/vica-s1200-no-break-ups-1200va-600w-10-tomas-nema5-15r-5-5-rj11-45-pantalla-lcd-3-aos-de-garantia\/\" \/>\n<meta property=\"og:locale\" content=\"es_MX\" \/>\n<meta property=\"og:type\" content=\"article\" \/>\n<meta property=\"og:title\" content=\"[ Vica ] &#129351; S1200 No Break Ups 1200va\/600w 10 Tomas Nema5-15r (5\/5) Rj11\/45 Pantalla Lcd 3 A\u00f1os De Garantia\" \/>\n<meta property=\"og:description\" content=\"Compra S1200 No Break Ups 1200va\/600w 10 Tomas Nema5-15r (5\/5) Rj11\/45 Pantalla Lcd 3 A\u00f1os De Garantia + Env\u00edo a domicilio + Pago seguro + Garant\u00eda\" \/>\n<meta property=\"og:url\" content=\"https:\/\/compuviper.mx\/tienda\/producto\/vica-s1200-no-break-ups-1200va-600w-10-tomas-nema5-15r-5-5-rj11-45-pantalla-lcd-3-aos-de-garantia\/\" \/>\n<meta property=\"og:site_name\" content=\"Compuviper\" \/>\n<meta property=\"article:publisher\" content=\"https:\/\/www.facebook.com\/compuviper\" \/>\n<meta property=\"article:modified_time\" content=\"2026-04-02T06:31:48+00:00\" \/>\n<meta property=\"og:image\" content=\"https:\/\/compuviper.mx\/tienda\/wp-content\/uploads\/2023\/12\/No-break-vica-1200va600w-6-contactos-con-respaldo-y-regulados-3-anos-de-garantia.jpg\" \/>\n\t<meta property=\"og:image:width\" content=\"200\" \/>\n\t<meta property=\"og:image:height\" content=\"200\" \/>\n\t<meta property=\"og:image:type\" content=\"image\/jpeg\" \/>\n<meta name=\"twitter:card\" content=\"summary_large_image\" \/>\n<meta name=\"twitter:label1\" content=\"Precio\" \/>\n\t<meta name=\"twitter:data1\" content=\"&#36;2,908 con IVA\" \/>\n\t<meta name=\"twitter:label2\" content=\"Availability\" \/>\n\t<meta name=\"twitter:data2\" content=\"In stock\" \/>\n<script type=\"application\/ld+json\" class=\"yoast-schema-graph\">{\"@context\":\"https:\/\/schema.org\",\"@graph\":[{\"@type\":\"WebPage\",\"@id\":\"https:\/\/compuviper.mx\/tienda\/producto\/vica-s1200-no-break-ups-1200va-600w-10-tomas-nema5-15r-5-5-rj11-45-pantalla-lcd-3-aos-de-garantia\/\",\"url\":\"https:\/\/compuviper.mx\/tienda\/producto\/vica-s1200-no-break-ups-1200va-600w-10-tomas-nema5-15r-5-5-rj11-45-pantalla-lcd-3-aos-de-garantia\/\",\"name\":\"[ Vica ] &#129351; S1200 No Break Ups 1200va\/600w 10 Tomas Nema5-15r (5\/5) Rj11\/45 Pantalla Lcd 3 A\u00f1os De Garantia\",\"isPartOf\":{\"@id\":\"https:\/\/compuviper.mx\/tienda\/#website\"},\"datePublished\":\"2026-04-02T06:31:47+00:00\",\"dateModified\":\"2026-04-02T06:31:48+00:00\",\"description\":\"Compra S1200 No Break Ups 1200va\/600w 10 Tomas Nema5-15r (5\/5) Rj11\/45 Pantalla Lcd 3 A\u00f1os De Garantia + Env\u00edo a domicilio + Pago seguro + Garant\u00eda\",\"breadcrumb\":{\"@id\":\"https:\/\/compuviper.mx\/tienda\/producto\/vica-s1200-no-break-ups-1200va-600w-10-tomas-nema5-15r-5-5-rj11-45-pantalla-lcd-3-aos-de-garantia\/#breadcrumb\"},\"inLanguage\":\"es-MX\",\"potentialAction\":[{\"@type\":\"ReadAction\",\"target\":[\"https:\/\/compuviper.mx\/tienda\/producto\/vica-s1200-no-break-ups-1200va-600w-10-tomas-nema5-15r-5-5-rj11-45-pantalla-lcd-3-aos-de-garantia\/\"]}]},{\"@type\":\"BreadcrumbList\",\"@id\":\"https:\/\/compuviper.mx\/tienda\/producto\/vica-s1200-no-break-ups-1200va-600w-10-tomas-nema5-15r-5-5-rj11-45-pantalla-lcd-3-aos-de-garantia\/#breadcrumb\",\"itemListElement\":[{\"@type\":\"ListItem\",\"position\":1,\"name\":\"Inicio\",\"item\":\"https:\/\/compuviper.mx\/tienda\/\"},{\"@type\":\"ListItem\",\"position\":2,\"name\":\"Productos\",\"item\":\"https:\/\/compuviper.mx\/tienda\/productos\/\"},{\"@type\":\"ListItem\",\"position\":3,\"name\":\"Energia\",\"item\":\"https:\/\/compuviper.mx\/tienda\/categoria-producto\/energia\/\"},{\"@type\":\"ListItem\",\"position\":4,\"name\":\"No Break\",\"item\":\"https:\/\/compuviper.mx\/tienda\/categoria-producto\/energia\/no-break\/\"},{\"@type\":\"ListItem\",\"position\":5,\"name\":\"Vica S1200 No Break Ups 1200va\/600w 10 Tomas Nema5-15r (5\/5) Rj11\/45 Pantalla Lcd 3 A?os De Garantia\"}]},{\"@type\":\"WebSite\",\"@id\":\"https:\/\/compuviper.mx\/tienda\/#website\",\"url\":\"https:\/\/compuviper.mx\/tienda\/\",\"name\":\"Compuviper\",\"description\":\"Proveedor de Computadoras, Laptops, Servidores, Monitores, Puntos de Venta, Teclados,   Impresoras, T\u00f3ner, C\u00e1maras de Seguridad y m\u00e1s en tu tienda en l\u00ednea\",\"publisher\":{\"@id\":\"https:\/\/compuviper.mx\/tienda\/#organization\"},\"potentialAction\":[{\"@type\":\"SearchAction\",\"target\":{\"@type\":\"EntryPoint\",\"urlTemplate\":\"https:\/\/compuviper.mx\/tienda\/?s={search_term_string}\"},\"query-input\":\"required name=search_term_string\"}],\"inLanguage\":\"es-MX\"},{\"@type\":\"Organization\",\"@id\":\"https:\/\/compuviper.mx\/tienda\/#organization\",\"name\":\"Compuviper\",\"url\":\"https:\/\/compuviper.mx\/tienda\/\",\"logo\":{\"@type\":\"ImageObject\",\"inLanguage\":\"es-MX\",\"@id\":\"https:\/\/compuviper.mx\/tienda\/#\/schema\/logo\/image\/\",\"url\":\"https:\/\/compuviper.mx\/tienda\/wp-content\/uploads\/2021\/08\/Logo-Compuviper-10.png\",\"contentUrl\":\"https:\/\/compuviper.mx\/tienda\/wp-content\/uploads\/2021\/08\/Logo-Compuviper-10.png\",\"width\":1000,\"height\":500,\"caption\":\"Compuviper\"},\"image\":{\"@id\":\"https:\/\/compuviper.mx\/tienda\/#\/schema\/logo\/image\/\"},\"sameAs\":[\"https:\/\/www.facebook.com\/compuviper\",\"https:\/\/www.youtube.com\/channel\/UCf73dERp9Y3cfOq7q8BhLjA?view_as=subscriber\"]}]}<\/script>\n<meta property=\"product:brand\" content=\"VICA\" \/>\n<meta property=\"product:price:amount\" content=\"2908\" \/>\n<meta property=\"product:price:currency\" content=\"MXN\" \/>\n<meta property=\"og:availability\" content=\"instock\" \/>\n<meta property=\"product:availability\" content=\"instock\" \/>\n<meta property=\"product:retailer_item_id\" content=\"S1200\" \/>\n<meta property=\"product:condition\" content=\"new\" \/>\n<!-- \/ Yoast SEO plugin. -->","yoast_head_json":{"title":"[ Vica ] &#129351; S1200 No Break Ups 1200va\/600w 10 Tomas Nema5-15r (5\/5) Rj11\/45 Pantalla Lcd 3 A\u00f1os De Garantia","description":"Compra S1200 No Break Ups 1200va\/600w 10 Tomas Nema5-15r (5\/5) Rj11\/45 Pantalla Lcd 3 A\u00f1os De Garantia + Env\u00edo a domicilio + Pago seguro + Garant\u00eda","robots":{"index":"index","follow":"follow","max-snippet":"max-snippet:-1","max-image-preview":"max-image-preview:large","max-video-preview":"max-video-preview:-1"},"canonical":"https:\/\/compuviper.mx\/tienda\/producto\/vica-s1200-no-break-ups-1200va-600w-10-tomas-nema5-15r-5-5-rj11-45-pantalla-lcd-3-aos-de-garantia\/","og_locale":"es_MX","og_type":"article","og_title":"[ Vica ] &#129351; S1200 No Break Ups 1200va\/600w 10 Tomas Nema5-15r (5\/5) Rj11\/45 Pantalla Lcd 3 A\u00f1os De Garantia","og_description":"Compra S1200 No Break Ups 1200va\/600w 10 Tomas Nema5-15r (5\/5) Rj11\/45 Pantalla Lcd 3 A\u00f1os De Garantia + Env\u00edo a domicilio + Pago seguro + Garant\u00eda","og_url":"https:\/\/compuviper.mx\/tienda\/producto\/vica-s1200-no-break-ups-1200va-600w-10-tomas-nema5-15r-5-5-rj11-45-pantalla-lcd-3-aos-de-garantia\/","og_site_name":"Compuviper","article_publisher":"https:\/\/www.facebook.com\/compuviper","article_modified_time":"2026-04-02T06:31:48+00:00","og_image":[{"width":200,"height":200,"url":"https:\/\/compuviper.mx\/tienda\/wp-content\/uploads\/2023\/12\/No-break-vica-1200va600w-6-contactos-con-respaldo-y-regulados-3-anos-de-garantia.jpg","type":"image\/jpeg"}],"twitter_card":"summary_large_image","twitter_misc":{"Precio":"&#36;2,908 con IVA","Availability":"In stock"},"schema":{"@context":"https:\/\/schema.org","@graph":[{"@type":"WebPage","@id":"https:\/\/compuviper.mx\/tienda\/producto\/vica-s1200-no-break-ups-1200va-600w-10-tomas-nema5-15r-5-5-rj11-45-pantalla-lcd-3-aos-de-garantia\/","url":"https:\/\/compuviper.mx\/tienda\/producto\/vica-s1200-no-break-ups-1200va-600w-10-tomas-nema5-15r-5-5-rj11-45-pantalla-lcd-3-aos-de-garantia\/","name":"[ Vica ] &#129351; S1200 No Break Ups 1200va\/600w 10 Tomas Nema5-15r (5\/5) Rj11\/45 Pantalla Lcd 3 A\u00f1os De Garantia","isPartOf":{"@id":"https:\/\/compuviper.mx\/tienda\/#website"},"datePublished":"2026-04-02T06:31:47+00:00","dateModified":"2026-04-02T06:31:48+00:00","description":"Compra S1200 No Break Ups 1200va\/600w 10 Tomas Nema5-15r (5\/5) Rj11\/45 Pantalla Lcd 3 A\u00f1os De Garantia + Env\u00edo a domicilio + Pago seguro + Garant\u00eda","breadcrumb":{"@id":"https:\/\/compuviper.mx\/tienda\/producto\/vica-s1200-no-break-ups-1200va-600w-10-tomas-nema5-15r-5-5-rj11-45-pantalla-lcd-3-aos-de-garantia\/#breadcrumb"},"inLanguage":"es-MX","potentialAction":[{"@type":"ReadAction","target":["https:\/\/compuviper.mx\/tienda\/producto\/vica-s1200-no-break-ups-1200va-600w-10-tomas-nema5-15r-5-5-rj11-45-pantalla-lcd-3-aos-de-garantia\/"]}]},{"@type":"BreadcrumbList","@id":"https:\/\/compuviper.mx\/tienda\/producto\/vica-s1200-no-break-ups-1200va-600w-10-tomas-nema5-15r-5-5-rj11-45-pantalla-lcd-3-aos-de-garantia\/#breadcrumb","itemListElement":[{"@type":"ListItem","position":1,"name":"Inicio","item":"https:\/\/compuviper.mx\/tienda\/"},{"@type":"ListItem","position":2,"name":"Productos","item":"https:\/\/compuviper.mx\/tienda\/productos\/"},{"@type":"ListItem","position":3,"name":"Energia","item":"https:\/\/compuviper.mx\/tienda\/categoria-producto\/energia\/"},{"@type":"ListItem","position":4,"name":"No Break","item":"https:\/\/compuviper.mx\/tienda\/categoria-producto\/energia\/no-break\/"},{"@type":"ListItem","position":5,"name":"Vica S1200 No Break Ups 1200va\/600w 10 Tomas Nema5-15r (5\/5) Rj11\/45 Pantalla Lcd 3 A?os De Garantia"}]},{"@type":"WebSite","@id":"https:\/\/compuviper.mx\/tienda\/#website","url":"https:\/\/compuviper.mx\/tienda\/","name":"Compuviper","description":"Proveedor de Computadoras, Laptops, Servidores, Monitores, Puntos de Venta, Teclados,   Impresoras, T\u00f3ner, C\u00e1maras de Seguridad y m\u00e1s en tu tienda en l\u00ednea","publisher":{"@id":"https:\/\/compuviper.mx\/tienda\/#organization"},"potentialAction":[{"@type":"SearchAction","target":{"@type":"EntryPoint","urlTemplate":"https:\/\/compuviper.mx\/tienda\/?s={search_term_string}"},"query-input":"required name=search_term_string"}],"inLanguage":"es-MX"},{"@type":"Organization","@id":"https:\/\/compuviper.mx\/tienda\/#organization","name":"Compuviper","url":"https:\/\/compuviper.mx\/tienda\/","logo":{"@type":"ImageObject","inLanguage":"es-MX","@id":"https:\/\/compuviper.mx\/tienda\/#\/schema\/logo\/image\/","url":"https:\/\/compuviper.mx\/tienda\/wp-content\/uploads\/2021\/08\/Logo-Compuviper-10.png","contentUrl":"https:\/\/compuviper.mx\/tienda\/wp-content\/uploads\/2021\/08\/Logo-Compuviper-10.png","width":1000,"height":500,"caption":"Compuviper"},"image":{"@id":"https:\/\/compuviper.mx\/tienda\/#\/schema\/logo\/image\/"},"sameAs":["https:\/\/www.facebook.com\/compuviper","https:\/\/www.youtube.com\/channel\/UCf73dERp9Y3cfOq7q8BhLjA?view_as=subscriber"]}]},"product_brand":"VICA","product_price_amount":"2908","product_price_currency":"MXN","og_availability":"instock","product_availability":"instock","product_retailer_item_id":"S1200","product_condition":"new"},"_links":{"self":[{"href":"https:\/\/compuviper.mx\/tienda\/wp-json\/wp\/v2\/product\/217936"}],"collection":[{"href":"https:\/\/compuviper.mx\/tienda\/wp-json\/wp\/v2\/product"}],"about":[{"href":"https:\/\/compuviper.mx\/tienda\/wp-json\/wp\/v2\/types\/product"}],"replies":[{"embeddable":true,"href":"https:\/\/compuviper.mx\/tienda\/wp-json\/wp\/v2\/comments?post=217936"}],"wp:featuredmedia":[{"embeddable":true,"href":"https:\/\/compuviper.mx\/tienda\/wp-json\/wp\/v2\/media\/217937"}],"wp:attachment":[{"href":"https:\/\/compuviper.mx\/tienda\/wp-json\/wp\/v2\/media?parent=217936"}],"wp:term":[{"taxonomy":"product_cat","embeddable":true,"href":"https:\/\/compuviper.mx\/tienda\/wp-json\/wp\/v2\/product_cat?post=217936"},{"taxonomy":"product_tag","embeddable":true,"href":"https:\/\/compuviper.mx\/tienda\/wp-json\/wp\/v2\/product_tag?post=217936"}],"curies":[{"name":"wp","href":"https:\/\/api.w.org\/{rel}","templated":true}]}}