{"id":217934,"date":"2026-04-08T00:33:45","date_gmt":"2026-04-08T06:33:45","guid":{"rendered":"https:\/\/compuviper.mx\/tienda\/producto\/vica-s2200-no-break-2200va-1200w-con-8-tomas-con-respaldo-y-reguladas-3-anos-de-garantia\/"},"modified":"2026-04-08T00:33:45","modified_gmt":"2026-04-08T06:33:45","slug":"vica-s2200-no-break-ups-2200va-1200w-10-tomas-nema-5-15r-5-5-rj11-45-pantalla-lcd-3-aos-de-garantia","status":"publish","type":"product","link":"https:\/\/compuviper.mx\/tienda\/producto\/vica-s2200-no-break-ups-2200va-1200w-10-tomas-nema-5-15r-5-5-rj11-45-pantalla-lcd-3-aos-de-garantia\/","title":{"rendered":"Vica S2200 No Break Ups   2200va\/1200w 10 Tomas Nema 5-15r (5\/5) Rj11\/45 , Pantalla Lcd 3 A?os De Garantia"},"content":{"rendered":"<table class=\"descripcion\">\n<tr>\n<td>Modelo: s2200<\/td>\n<\/tr>\n<tr>\n<td>Capacidad: 2200va\/1200w<\/td>\n<\/tr>\n<tr>\n<td>Entrada<\/td>\n<\/tr>\n<tr>\n<td>Voltaje: 127vca 60hz<\/td>\n<\/tr>\n<tr>\n<td>Consumo de energia. 20a<\/td>\n<\/tr>\n<tr>\n<td>Salida<\/td>\n<\/tr>\n<tr>\n<td>Tension de salida en modo bateria 120 vca \u00b1 10%<\/td>\n<\/tr>\n<tr>\n<td>Tiempo de transferencia 2 &#8211; 6 ms<\/td>\n<\/tr>\n<tr>\n<td>Tipo de onda (modo de bateria) cuasisenoidal<\/td>\n<\/tr>\n<tr>\n<td>Bateria<\/td>\n<\/tr>\n<tr>\n<td>Tipo y numero 12 vcc \/ 9 ah x 2<\/td>\n<\/tr>\n<tr>\n<td>Tiempo de carga 8 horas para 90% de carga<\/td>\n<\/tr>\n<tr>\n<td>Fisica<\/td>\n<\/tr>\n<tr>\n<td>Numero de tomas 10 tipo nema 5-15r<\/td>\n<\/tr>\n<tr>\n<td>Proteccion de linea rj-11 y rj-45<\/td>\n<\/tr>\n<tr>\n<td>Software de monitoreo si<\/td>\n<\/tr>\n<tr>\n<td>Indicadores visuales pantalla lcd<\/td>\n<\/tr>\n<tr>\n<td>Proteccion contra sobrecarga breaker termico<\/td>\n<\/tr>\n<tr>\n<td>Dimension (mm) 343 x 135 x 208 (largo x ancho x alto)<\/td>\n<\/tr>\n<tr>\n<td>Peso (kg) 11.5<\/td>\n<\/tr>\n<tr>\n<td>Medio ambiente<\/td>\n<\/tr>\n<tr>\n<td>Humedad 0-90% rh @ 0-40 oc (sin condensacion)<\/td>\n<\/tr>\n<tr>\n<td>Nivel de ruido  40db<\/td>\n<\/tr>\n<tr>\n<td>Normas aplicables nom 001-scfi-1993<\/td>\n<\/tr>\n<tr>\n<td>Altura de operacion 3 000 m sobre el nivel del mar<\/td>\n<\/tr>\n<tr>\n<td>Temperatura de almacenamiento -20 oc hasta 80 oc<\/td>\n<\/tr>\n<tr>\n<td>Temperatura de operacion 0 oc &#8211; 40 oc<\/td>\n<\/tr>\n<\/table>\n","protected":false},"excerpt":{"rendered":"<p>Nobreak s2200 nueva linea de no breaks con regulador integrado y pantalla lcd proteccion y respaldo contra la ausencia de energia, altos y\/o bajos voltajes de la linea ca, con deteccion instantanea. Display digital dinamico para monitorear los cambios de voltaje. Opcion a desconectar la alarma acustica. Dispositivo electronico que evita la sobrecarga, cortos circuitos internos y externos. Proteccion de la linea de internet de los peligrosos picos de voltaje. Filtro rf superiores a 1 mhz aprox. Equipo disenado para trabajar continuamente conectado a la toma de ca, no necesita desconectarlo. Mide la temperatura a la cual trabajan los equipos conectados a este.<\/p>\n","protected":false},"featured_media":217935,"comment_status":"open","ping_status":"open","template":"","meta":[],"product_cat":[1508,1691],"product_tag":[1695],"acf":[],"yoast_head":"<!-- This site is optimized with the Yoast SEO plugin v21.7 - https:\/\/yoast.com\/wordpress\/plugins\/seo\/ -->\n<title>[ Vica ] &#129351; S2200 No Break Ups 2200va\/1200w 10 Tomas Nema 5-15r (5\/5) Rj11\/45 , Pantalla Lcd 3 A\u00f1os De Garantia<\/title>\n<meta name=\"description\" content=\"Compra S2200 No Break Ups 2200va\/1200w 10 Tomas Nema 5-15r (5\/5) Rj11\/45 , Pantalla Lcd 3 A\u00f1os De Garantia + Env\u00edo a domicilio + Pago seguro + Garant\u00eda\" \/>\n<meta name=\"robots\" content=\"index, follow, max-snippet:-1, max-image-preview:large, max-video-preview:-1\" \/>\n<link rel=\"canonical\" href=\"https:\/\/compuviper.mx\/tienda\/producto\/vica-s2200-no-break-ups-2200va-1200w-10-tomas-nema-5-15r-5-5-rj11-45-pantalla-lcd-3-aos-de-garantia\/\" \/>\n<meta property=\"og:locale\" content=\"es_MX\" \/>\n<meta property=\"og:type\" content=\"article\" \/>\n<meta property=\"og:title\" content=\"[ Vica ] &#129351; S2200 No Break Ups 2200va\/1200w 10 Tomas Nema 5-15r (5\/5) Rj11\/45 , Pantalla Lcd 3 A\u00f1os De Garantia\" \/>\n<meta property=\"og:description\" content=\"Compra S2200 No Break Ups 2200va\/1200w 10 Tomas Nema 5-15r (5\/5) Rj11\/45 , Pantalla Lcd 3 A\u00f1os De Garantia + Env\u00edo a domicilio + Pago seguro + Garant\u00eda\" \/>\n<meta property=\"og:url\" content=\"https:\/\/compuviper.mx\/tienda\/producto\/vica-s2200-no-break-ups-2200va-1200w-10-tomas-nema-5-15r-5-5-rj11-45-pantalla-lcd-3-aos-de-garantia\/\" \/>\n<meta property=\"og:site_name\" content=\"Compuviper\" \/>\n<meta property=\"article:publisher\" content=\"https:\/\/www.facebook.com\/compuviper\" \/>\n<meta property=\"og:image\" content=\"https:\/\/compuviper.mx\/tienda\/wp-content\/uploads\/2023\/12\/No-break-vica-2200va1200w-con-8-tomas-con-respaldo-y-reguladas-3-anos-de-garantia.jpg\" \/>\n\t<meta property=\"og:image:width\" content=\"200\" \/>\n\t<meta property=\"og:image:height\" content=\"200\" \/>\n\t<meta property=\"og:image:type\" content=\"image\/jpeg\" \/>\n<meta name=\"twitter:card\" content=\"summary_large_image\" \/>\n<meta name=\"twitter:label1\" content=\"Precio\" \/>\n\t<meta name=\"twitter:data1\" content=\"&#36;5,942 con IVA\" \/>\n\t<meta name=\"twitter:label2\" content=\"Availability\" \/>\n\t<meta name=\"twitter:data2\" content=\"In stock\" \/>\n<script type=\"application\/ld+json\" class=\"yoast-schema-graph\">{\"@context\":\"https:\/\/schema.org\",\"@graph\":[{\"@type\":\"WebPage\",\"@id\":\"https:\/\/compuviper.mx\/tienda\/producto\/vica-s2200-no-break-ups-2200va-1200w-10-tomas-nema-5-15r-5-5-rj11-45-pantalla-lcd-3-aos-de-garantia\/\",\"url\":\"https:\/\/compuviper.mx\/tienda\/producto\/vica-s2200-no-break-ups-2200va-1200w-10-tomas-nema-5-15r-5-5-rj11-45-pantalla-lcd-3-aos-de-garantia\/\",\"name\":\"[ Vica ] &#129351; S2200 No Break Ups 2200va\/1200w 10 Tomas Nema 5-15r (5\/5) Rj11\/45 , Pantalla Lcd 3 A\u00f1os De Garantia\",\"isPartOf\":{\"@id\":\"https:\/\/compuviper.mx\/tienda\/#website\"},\"datePublished\":\"2026-04-08T06:33:45+00:00\",\"dateModified\":\"2026-04-08T06:33:45+00:00\",\"description\":\"Compra S2200 No Break Ups 2200va\/1200w 10 Tomas Nema 5-15r (5\/5) Rj11\/45 , Pantalla Lcd 3 A\u00f1os De Garantia + Env\u00edo a domicilio + Pago seguro + Garant\u00eda\",\"breadcrumb\":{\"@id\":\"https:\/\/compuviper.mx\/tienda\/producto\/vica-s2200-no-break-ups-2200va-1200w-10-tomas-nema-5-15r-5-5-rj11-45-pantalla-lcd-3-aos-de-garantia\/#breadcrumb\"},\"inLanguage\":\"es-MX\",\"potentialAction\":[{\"@type\":\"ReadAction\",\"target\":[\"https:\/\/compuviper.mx\/tienda\/producto\/vica-s2200-no-break-ups-2200va-1200w-10-tomas-nema-5-15r-5-5-rj11-45-pantalla-lcd-3-aos-de-garantia\/\"]}]},{\"@type\":\"BreadcrumbList\",\"@id\":\"https:\/\/compuviper.mx\/tienda\/producto\/vica-s2200-no-break-ups-2200va-1200w-10-tomas-nema-5-15r-5-5-rj11-45-pantalla-lcd-3-aos-de-garantia\/#breadcrumb\",\"itemListElement\":[{\"@type\":\"ListItem\",\"position\":1,\"name\":\"Inicio\",\"item\":\"https:\/\/compuviper.mx\/tienda\/\"},{\"@type\":\"ListItem\",\"position\":2,\"name\":\"Productos\",\"item\":\"https:\/\/compuviper.mx\/tienda\/productos\/\"},{\"@type\":\"ListItem\",\"position\":3,\"name\":\"Energia\",\"item\":\"https:\/\/compuviper.mx\/tienda\/categoria-producto\/energia\/\"},{\"@type\":\"ListItem\",\"position\":4,\"name\":\"No Break\",\"item\":\"https:\/\/compuviper.mx\/tienda\/categoria-producto\/energia\/no-break\/\"},{\"@type\":\"ListItem\",\"position\":5,\"name\":\"Vica S2200 No Break Ups 2200va\/1200w 10 Tomas Nema 5-15r (5\/5) Rj11\/45 , Pantalla Lcd 3 A?os De Garantia\"}]},{\"@type\":\"WebSite\",\"@id\":\"https:\/\/compuviper.mx\/tienda\/#website\",\"url\":\"https:\/\/compuviper.mx\/tienda\/\",\"name\":\"Compuviper\",\"description\":\"Proveedor de Computadoras, Laptops, Servidores, Monitores, Puntos de Venta, Teclados,   Impresoras, T\u00f3ner, C\u00e1maras de Seguridad y m\u00e1s en tu tienda en l\u00ednea\",\"publisher\":{\"@id\":\"https:\/\/compuviper.mx\/tienda\/#organization\"},\"potentialAction\":[{\"@type\":\"SearchAction\",\"target\":{\"@type\":\"EntryPoint\",\"urlTemplate\":\"https:\/\/compuviper.mx\/tienda\/?s={search_term_string}\"},\"query-input\":\"required name=search_term_string\"}],\"inLanguage\":\"es-MX\"},{\"@type\":\"Organization\",\"@id\":\"https:\/\/compuviper.mx\/tienda\/#organization\",\"name\":\"Compuviper\",\"url\":\"https:\/\/compuviper.mx\/tienda\/\",\"logo\":{\"@type\":\"ImageObject\",\"inLanguage\":\"es-MX\",\"@id\":\"https:\/\/compuviper.mx\/tienda\/#\/schema\/logo\/image\/\",\"url\":\"https:\/\/compuviper.mx\/tienda\/wp-content\/uploads\/2021\/08\/Logo-Compuviper-10.png\",\"contentUrl\":\"https:\/\/compuviper.mx\/tienda\/wp-content\/uploads\/2021\/08\/Logo-Compuviper-10.png\",\"width\":1000,\"height\":500,\"caption\":\"Compuviper\"},\"image\":{\"@id\":\"https:\/\/compuviper.mx\/tienda\/#\/schema\/logo\/image\/\"},\"sameAs\":[\"https:\/\/www.facebook.com\/compuviper\",\"https:\/\/www.youtube.com\/channel\/UCf73dERp9Y3cfOq7q8BhLjA?view_as=subscriber\"]}]}<\/script>\n<meta property=\"product:brand\" content=\"VICA\" \/>\n<meta property=\"product:price:amount\" content=\"5942\" \/>\n<meta property=\"product:price:currency\" content=\"MXN\" \/>\n<meta property=\"og:availability\" content=\"instock\" \/>\n<meta property=\"product:availability\" content=\"instock\" \/>\n<meta property=\"product:retailer_item_id\" content=\"S2200\" \/>\n<meta property=\"product:condition\" content=\"new\" \/>\n<!-- \/ Yoast SEO plugin. -->","yoast_head_json":{"title":"[ Vica ] &#129351; S2200 No Break Ups 2200va\/1200w 10 Tomas Nema 5-15r (5\/5) Rj11\/45 , Pantalla Lcd 3 A\u00f1os De Garantia","description":"Compra S2200 No Break Ups 2200va\/1200w 10 Tomas Nema 5-15r (5\/5) Rj11\/45 , Pantalla Lcd 3 A\u00f1os De Garantia + Env\u00edo a domicilio + Pago seguro + Garant\u00eda","robots":{"index":"index","follow":"follow","max-snippet":"max-snippet:-1","max-image-preview":"max-image-preview:large","max-video-preview":"max-video-preview:-1"},"canonical":"https:\/\/compuviper.mx\/tienda\/producto\/vica-s2200-no-break-ups-2200va-1200w-10-tomas-nema-5-15r-5-5-rj11-45-pantalla-lcd-3-aos-de-garantia\/","og_locale":"es_MX","og_type":"article","og_title":"[ Vica ] &#129351; S2200 No Break Ups 2200va\/1200w 10 Tomas Nema 5-15r (5\/5) Rj11\/45 , Pantalla Lcd 3 A\u00f1os De Garantia","og_description":"Compra S2200 No Break Ups 2200va\/1200w 10 Tomas Nema 5-15r (5\/5) Rj11\/45 , Pantalla Lcd 3 A\u00f1os De Garantia + Env\u00edo a domicilio + Pago seguro + Garant\u00eda","og_url":"https:\/\/compuviper.mx\/tienda\/producto\/vica-s2200-no-break-ups-2200va-1200w-10-tomas-nema-5-15r-5-5-rj11-45-pantalla-lcd-3-aos-de-garantia\/","og_site_name":"Compuviper","article_publisher":"https:\/\/www.facebook.com\/compuviper","og_image":[{"width":200,"height":200,"url":"https:\/\/compuviper.mx\/tienda\/wp-content\/uploads\/2023\/12\/No-break-vica-2200va1200w-con-8-tomas-con-respaldo-y-reguladas-3-anos-de-garantia.jpg","type":"image\/jpeg"}],"twitter_card":"summary_large_image","twitter_misc":{"Precio":"&#36;5,942 con IVA","Availability":"In stock"},"schema":{"@context":"https:\/\/schema.org","@graph":[{"@type":"WebPage","@id":"https:\/\/compuviper.mx\/tienda\/producto\/vica-s2200-no-break-ups-2200va-1200w-10-tomas-nema-5-15r-5-5-rj11-45-pantalla-lcd-3-aos-de-garantia\/","url":"https:\/\/compuviper.mx\/tienda\/producto\/vica-s2200-no-break-ups-2200va-1200w-10-tomas-nema-5-15r-5-5-rj11-45-pantalla-lcd-3-aos-de-garantia\/","name":"[ Vica ] &#129351; S2200 No Break Ups 2200va\/1200w 10 Tomas Nema 5-15r (5\/5) Rj11\/45 , Pantalla Lcd 3 A\u00f1os De Garantia","isPartOf":{"@id":"https:\/\/compuviper.mx\/tienda\/#website"},"datePublished":"2026-04-08T06:33:45+00:00","dateModified":"2026-04-08T06:33:45+00:00","description":"Compra S2200 No Break Ups 2200va\/1200w 10 Tomas Nema 5-15r (5\/5) Rj11\/45 , Pantalla Lcd 3 A\u00f1os De Garantia + Env\u00edo a domicilio + Pago seguro + Garant\u00eda","breadcrumb":{"@id":"https:\/\/compuviper.mx\/tienda\/producto\/vica-s2200-no-break-ups-2200va-1200w-10-tomas-nema-5-15r-5-5-rj11-45-pantalla-lcd-3-aos-de-garantia\/#breadcrumb"},"inLanguage":"es-MX","potentialAction":[{"@type":"ReadAction","target":["https:\/\/compuviper.mx\/tienda\/producto\/vica-s2200-no-break-ups-2200va-1200w-10-tomas-nema-5-15r-5-5-rj11-45-pantalla-lcd-3-aos-de-garantia\/"]}]},{"@type":"BreadcrumbList","@id":"https:\/\/compuviper.mx\/tienda\/producto\/vica-s2200-no-break-ups-2200va-1200w-10-tomas-nema-5-15r-5-5-rj11-45-pantalla-lcd-3-aos-de-garantia\/#breadcrumb","itemListElement":[{"@type":"ListItem","position":1,"name":"Inicio","item":"https:\/\/compuviper.mx\/tienda\/"},{"@type":"ListItem","position":2,"name":"Productos","item":"https:\/\/compuviper.mx\/tienda\/productos\/"},{"@type":"ListItem","position":3,"name":"Energia","item":"https:\/\/compuviper.mx\/tienda\/categoria-producto\/energia\/"},{"@type":"ListItem","position":4,"name":"No Break","item":"https:\/\/compuviper.mx\/tienda\/categoria-producto\/energia\/no-break\/"},{"@type":"ListItem","position":5,"name":"Vica S2200 No Break Ups 2200va\/1200w 10 Tomas Nema 5-15r (5\/5) Rj11\/45 , Pantalla Lcd 3 A?os De Garantia"}]},{"@type":"WebSite","@id":"https:\/\/compuviper.mx\/tienda\/#website","url":"https:\/\/compuviper.mx\/tienda\/","name":"Compuviper","description":"Proveedor de Computadoras, Laptops, Servidores, Monitores, Puntos de Venta, Teclados,   Impresoras, T\u00f3ner, C\u00e1maras de Seguridad y m\u00e1s en tu tienda en l\u00ednea","publisher":{"@id":"https:\/\/compuviper.mx\/tienda\/#organization"},"potentialAction":[{"@type":"SearchAction","target":{"@type":"EntryPoint","urlTemplate":"https:\/\/compuviper.mx\/tienda\/?s={search_term_string}"},"query-input":"required name=search_term_string"}],"inLanguage":"es-MX"},{"@type":"Organization","@id":"https:\/\/compuviper.mx\/tienda\/#organization","name":"Compuviper","url":"https:\/\/compuviper.mx\/tienda\/","logo":{"@type":"ImageObject","inLanguage":"es-MX","@id":"https:\/\/compuviper.mx\/tienda\/#\/schema\/logo\/image\/","url":"https:\/\/compuviper.mx\/tienda\/wp-content\/uploads\/2021\/08\/Logo-Compuviper-10.png","contentUrl":"https:\/\/compuviper.mx\/tienda\/wp-content\/uploads\/2021\/08\/Logo-Compuviper-10.png","width":1000,"height":500,"caption":"Compuviper"},"image":{"@id":"https:\/\/compuviper.mx\/tienda\/#\/schema\/logo\/image\/"},"sameAs":["https:\/\/www.facebook.com\/compuviper","https:\/\/www.youtube.com\/channel\/UCf73dERp9Y3cfOq7q8BhLjA?view_as=subscriber"]}]},"product_brand":"VICA","product_price_amount":"5942","product_price_currency":"MXN","og_availability":"instock","product_availability":"instock","product_retailer_item_id":"S2200","product_condition":"new"},"_links":{"self":[{"href":"https:\/\/compuviper.mx\/tienda\/wp-json\/wp\/v2\/product\/217934"}],"collection":[{"href":"https:\/\/compuviper.mx\/tienda\/wp-json\/wp\/v2\/product"}],"about":[{"href":"https:\/\/compuviper.mx\/tienda\/wp-json\/wp\/v2\/types\/product"}],"replies":[{"embeddable":true,"href":"https:\/\/compuviper.mx\/tienda\/wp-json\/wp\/v2\/comments?post=217934"}],"wp:featuredmedia":[{"embeddable":true,"href":"https:\/\/compuviper.mx\/tienda\/wp-json\/wp\/v2\/media\/217935"}],"wp:attachment":[{"href":"https:\/\/compuviper.mx\/tienda\/wp-json\/wp\/v2\/media?parent=217934"}],"wp:term":[{"taxonomy":"product_cat","embeddable":true,"href":"https:\/\/compuviper.mx\/tienda\/wp-json\/wp\/v2\/product_cat?post=217934"},{"taxonomy":"product_tag","embeddable":true,"href":"https:\/\/compuviper.mx\/tienda\/wp-json\/wp\/v2\/product_tag?post=217934"}],"curies":[{"name":"wp","href":"https:\/\/api.w.org\/{rel}","templated":true}]}}