{"id":217932,"date":"2026-04-02T00:31:46","date_gmt":"2026-04-02T06:31:46","guid":{"rendered":"https:\/\/compuviper.mx\/tienda\/producto\/vica-s1600-no-break-1600va-900w-pantalla-lcd-8-tomas-reguladas-y-respaldadas-3-aos-de-garantia\/"},"modified":"2026-04-02T00:31:46","modified_gmt":"2026-04-02T06:31:46","slug":"vica-s1600-no-break-ups-1600va-900w-10-tomas-nema-5-15r-5-5-rj11-45-pantalla-lcd-3-aos-de-garantia","status":"publish","type":"product","link":"https:\/\/compuviper.mx\/tienda\/producto\/vica-s1600-no-break-ups-1600va-900w-10-tomas-nema-5-15r-5-5-rj11-45-pantalla-lcd-3-aos-de-garantia\/","title":{"rendered":"Vica S1600 No Break Ups   1600va\/900w 10 Tomas Nema 5-15r (5\/5) Rj11\/45 Pantalla Lcd 3 A?os De Garantia"},"content":{"rendered":"<table class=\"descripcion\">\n<tr>\n<td>Nobreak modelo: s1600 entrada: capacidad volts-amperes 1600va capacidad en watts 830 w voltaje nominal de entrada 127 v ~ frecuencia de entrada 60 hz autosensible intervalo de tension de entrada 75 a 148 v ~ consumo de energia 127v~ 10 a salida : voltaje de salida en modo baterias 120v~  5 % frecuencia de salida 60 hz forma de onda senoidal aproximada a paso (cuasisenoidal) voltaje de salida en modo normal 120v~  10 % supresor de picos 220 j** potencia maxima de salida en watts 830 watts tiempo de transferencia 2 &#8211; 6 ms pasos de regulacion 3: 2 en bajo y 1 en alto voltaje tiempo de respaldo   3 minutos a plena carga tiempo de recarga de baterias al 90% 5 &#8211; 8 hrs. eficiencia 97% mecanicas : tomas de salida con regulador y bateria 4 tipo nema 5-15r y 4 contactos con regulacion tipo nema 5-15r peso 11.1 kg proteccion contra sobrecarga interruptor termico (breaker) de ca indicadores visuales pantalla de cristal liquido (lcd) normas aplicables nom 001scfi 1993 certificado ce medio ambiente temperatura de operacion 0\u00b0 c a 40\u00b0 c temperatura de almacenamiento -15\u00b0 c a + 50\u00b0 c humedad relativa 0% a 90% sin condensacion altura de operacion arriba de (3 000 msnm*) a 95\u00b0 f (35\u00b0 c) ruido audible   40 db a un metro * metros sobre el nivel del mar,<\/td>\n<\/tr>\n<\/table>\n","protected":false},"excerpt":{"rendered":"<p>Nobreak s1600 nueva linea de nobreaks con regulador integrado y pantalla lcd, proteccion y respaldo contra la ausencia de energia, altos y\/o bajos voltajes de la linea ca, con deteccion instantanea. Display digital dinamico para monitorear los cambios de voltaje. Dispositivo electronico que evita la sobrecarga, cortos circuitos internos y externos. Equipo disenado para trabajar continuamente conectado a la toma de ca, no necesita desconectarlo.<\/p>\n","protected":false},"featured_media":217933,"comment_status":"open","ping_status":"open","template":"","meta":[],"product_cat":[1508,1691],"product_tag":[1695],"acf":[],"yoast_head":"<!-- This site is optimized with the Yoast SEO plugin v21.7 - https:\/\/yoast.com\/wordpress\/plugins\/seo\/ -->\n<title>[ Vica ] &#129351; S1600 No Break Ups 1600va\/900w 10 Tomas Nema 5-15r (5\/5) Rj11\/45 Pantalla Lcd 3 A\u00f1os De Garantia<\/title>\n<meta name=\"description\" content=\"Compra S1600 No Break Ups 1600va\/900w 10 Tomas Nema 5-15r (5\/5) Rj11\/45 Pantalla Lcd 3 A\u00f1os De Garantia + Env\u00edo a domicilio + Pago seguro + Garant\u00eda\" \/>\n<meta name=\"robots\" content=\"index, follow, max-snippet:-1, max-image-preview:large, max-video-preview:-1\" \/>\n<link rel=\"canonical\" href=\"https:\/\/compuviper.mx\/tienda\/producto\/vica-s1600-no-break-ups-1600va-900w-10-tomas-nema-5-15r-5-5-rj11-45-pantalla-lcd-3-aos-de-garantia\/\" \/>\n<meta property=\"og:locale\" content=\"es_MX\" \/>\n<meta property=\"og:type\" content=\"article\" \/>\n<meta property=\"og:title\" content=\"[ Vica ] &#129351; S1600 No Break Ups 1600va\/900w 10 Tomas Nema 5-15r (5\/5) Rj11\/45 Pantalla Lcd 3 A\u00f1os De Garantia\" \/>\n<meta property=\"og:description\" content=\"Compra S1600 No Break Ups 1600va\/900w 10 Tomas Nema 5-15r (5\/5) Rj11\/45 Pantalla Lcd 3 A\u00f1os De Garantia + Env\u00edo a domicilio + Pago seguro + Garant\u00eda\" \/>\n<meta property=\"og:url\" content=\"https:\/\/compuviper.mx\/tienda\/producto\/vica-s1600-no-break-ups-1600va-900w-10-tomas-nema-5-15r-5-5-rj11-45-pantalla-lcd-3-aos-de-garantia\/\" \/>\n<meta property=\"og:site_name\" content=\"Compuviper\" \/>\n<meta property=\"article:publisher\" content=\"https:\/\/www.facebook.com\/compuviper\" \/>\n<meta property=\"og:image\" content=\"https:\/\/compuviper.mx\/tienda\/wp-content\/uploads\/2023\/12\/No-break-vica-1600va900w-pantalla-lcd-8-tomas-reguladas-y-respaldadas-3-anos-de-garantia.jpg\" \/>\n\t<meta property=\"og:image:width\" content=\"200\" \/>\n\t<meta property=\"og:image:height\" content=\"200\" \/>\n\t<meta property=\"og:image:type\" content=\"image\/jpeg\" \/>\n<meta name=\"twitter:card\" content=\"summary_large_image\" \/>\n<meta name=\"twitter:label1\" content=\"Precio\" \/>\n\t<meta name=\"twitter:data1\" content=\"&#36;4,901 con IVA\" \/>\n\t<meta name=\"twitter:label2\" content=\"Availability\" \/>\n\t<meta name=\"twitter:data2\" content=\"In stock\" \/>\n<script type=\"application\/ld+json\" class=\"yoast-schema-graph\">{\"@context\":\"https:\/\/schema.org\",\"@graph\":[{\"@type\":\"WebPage\",\"@id\":\"https:\/\/compuviper.mx\/tienda\/producto\/vica-s1600-no-break-ups-1600va-900w-10-tomas-nema-5-15r-5-5-rj11-45-pantalla-lcd-3-aos-de-garantia\/\",\"url\":\"https:\/\/compuviper.mx\/tienda\/producto\/vica-s1600-no-break-ups-1600va-900w-10-tomas-nema-5-15r-5-5-rj11-45-pantalla-lcd-3-aos-de-garantia\/\",\"name\":\"[ Vica ] &#129351; S1600 No Break Ups 1600va\/900w 10 Tomas Nema 5-15r (5\/5) Rj11\/45 Pantalla Lcd 3 A\u00f1os De Garantia\",\"isPartOf\":{\"@id\":\"https:\/\/compuviper.mx\/tienda\/#website\"},\"datePublished\":\"2026-04-02T06:31:46+00:00\",\"dateModified\":\"2026-04-02T06:31:46+00:00\",\"description\":\"Compra S1600 No Break Ups 1600va\/900w 10 Tomas Nema 5-15r (5\/5) Rj11\/45 Pantalla Lcd 3 A\u00f1os De Garantia + Env\u00edo a domicilio + Pago seguro + Garant\u00eda\",\"breadcrumb\":{\"@id\":\"https:\/\/compuviper.mx\/tienda\/producto\/vica-s1600-no-break-ups-1600va-900w-10-tomas-nema-5-15r-5-5-rj11-45-pantalla-lcd-3-aos-de-garantia\/#breadcrumb\"},\"inLanguage\":\"es-MX\",\"potentialAction\":[{\"@type\":\"ReadAction\",\"target\":[\"https:\/\/compuviper.mx\/tienda\/producto\/vica-s1600-no-break-ups-1600va-900w-10-tomas-nema-5-15r-5-5-rj11-45-pantalla-lcd-3-aos-de-garantia\/\"]}]},{\"@type\":\"BreadcrumbList\",\"@id\":\"https:\/\/compuviper.mx\/tienda\/producto\/vica-s1600-no-break-ups-1600va-900w-10-tomas-nema-5-15r-5-5-rj11-45-pantalla-lcd-3-aos-de-garantia\/#breadcrumb\",\"itemListElement\":[{\"@type\":\"ListItem\",\"position\":1,\"name\":\"Inicio\",\"item\":\"https:\/\/compuviper.mx\/tienda\/\"},{\"@type\":\"ListItem\",\"position\":2,\"name\":\"Productos\",\"item\":\"https:\/\/compuviper.mx\/tienda\/productos\/\"},{\"@type\":\"ListItem\",\"position\":3,\"name\":\"Energia\",\"item\":\"https:\/\/compuviper.mx\/tienda\/categoria-producto\/energia\/\"},{\"@type\":\"ListItem\",\"position\":4,\"name\":\"No Break\",\"item\":\"https:\/\/compuviper.mx\/tienda\/categoria-producto\/energia\/no-break\/\"},{\"@type\":\"ListItem\",\"position\":5,\"name\":\"Vica S1600 No Break Ups 1600va\/900w 10 Tomas Nema 5-15r (5\/5) Rj11\/45 Pantalla Lcd 3 A?os De Garantia\"}]},{\"@type\":\"WebSite\",\"@id\":\"https:\/\/compuviper.mx\/tienda\/#website\",\"url\":\"https:\/\/compuviper.mx\/tienda\/\",\"name\":\"Compuviper\",\"description\":\"Proveedor de Computadoras, Laptops, Servidores, Monitores, Puntos de Venta, Teclados,   Impresoras, T\u00f3ner, C\u00e1maras de Seguridad y m\u00e1s en tu tienda en l\u00ednea\",\"publisher\":{\"@id\":\"https:\/\/compuviper.mx\/tienda\/#organization\"},\"potentialAction\":[{\"@type\":\"SearchAction\",\"target\":{\"@type\":\"EntryPoint\",\"urlTemplate\":\"https:\/\/compuviper.mx\/tienda\/?s={search_term_string}\"},\"query-input\":\"required name=search_term_string\"}],\"inLanguage\":\"es-MX\"},{\"@type\":\"Organization\",\"@id\":\"https:\/\/compuviper.mx\/tienda\/#organization\",\"name\":\"Compuviper\",\"url\":\"https:\/\/compuviper.mx\/tienda\/\",\"logo\":{\"@type\":\"ImageObject\",\"inLanguage\":\"es-MX\",\"@id\":\"https:\/\/compuviper.mx\/tienda\/#\/schema\/logo\/image\/\",\"url\":\"https:\/\/compuviper.mx\/tienda\/wp-content\/uploads\/2021\/08\/Logo-Compuviper-10.png\",\"contentUrl\":\"https:\/\/compuviper.mx\/tienda\/wp-content\/uploads\/2021\/08\/Logo-Compuviper-10.png\",\"width\":1000,\"height\":500,\"caption\":\"Compuviper\"},\"image\":{\"@id\":\"https:\/\/compuviper.mx\/tienda\/#\/schema\/logo\/image\/\"},\"sameAs\":[\"https:\/\/www.facebook.com\/compuviper\",\"https:\/\/www.youtube.com\/channel\/UCf73dERp9Y3cfOq7q8BhLjA?view_as=subscriber\"]}]}<\/script>\n<meta property=\"product:brand\" content=\"VICA\" \/>\n<meta property=\"product:price:amount\" content=\"4901\" \/>\n<meta property=\"product:price:currency\" content=\"MXN\" \/>\n<meta property=\"og:availability\" content=\"instock\" \/>\n<meta property=\"product:availability\" content=\"instock\" \/>\n<meta property=\"product:retailer_item_id\" content=\"S1600\" \/>\n<meta property=\"product:condition\" content=\"new\" \/>\n<!-- \/ Yoast SEO plugin. -->","yoast_head_json":{"title":"[ Vica ] &#129351; S1600 No Break Ups 1600va\/900w 10 Tomas Nema 5-15r (5\/5) Rj11\/45 Pantalla Lcd 3 A\u00f1os De Garantia","description":"Compra S1600 No Break Ups 1600va\/900w 10 Tomas Nema 5-15r (5\/5) Rj11\/45 Pantalla Lcd 3 A\u00f1os De Garantia + Env\u00edo a domicilio + Pago seguro + Garant\u00eda","robots":{"index":"index","follow":"follow","max-snippet":"max-snippet:-1","max-image-preview":"max-image-preview:large","max-video-preview":"max-video-preview:-1"},"canonical":"https:\/\/compuviper.mx\/tienda\/producto\/vica-s1600-no-break-ups-1600va-900w-10-tomas-nema-5-15r-5-5-rj11-45-pantalla-lcd-3-aos-de-garantia\/","og_locale":"es_MX","og_type":"article","og_title":"[ Vica ] &#129351; S1600 No Break Ups 1600va\/900w 10 Tomas Nema 5-15r (5\/5) Rj11\/45 Pantalla Lcd 3 A\u00f1os De Garantia","og_description":"Compra S1600 No Break Ups 1600va\/900w 10 Tomas Nema 5-15r (5\/5) Rj11\/45 Pantalla Lcd 3 A\u00f1os De Garantia + Env\u00edo a domicilio + Pago seguro + Garant\u00eda","og_url":"https:\/\/compuviper.mx\/tienda\/producto\/vica-s1600-no-break-ups-1600va-900w-10-tomas-nema-5-15r-5-5-rj11-45-pantalla-lcd-3-aos-de-garantia\/","og_site_name":"Compuviper","article_publisher":"https:\/\/www.facebook.com\/compuviper","og_image":[{"width":200,"height":200,"url":"https:\/\/compuviper.mx\/tienda\/wp-content\/uploads\/2023\/12\/No-break-vica-1600va900w-pantalla-lcd-8-tomas-reguladas-y-respaldadas-3-anos-de-garantia.jpg","type":"image\/jpeg"}],"twitter_card":"summary_large_image","twitter_misc":{"Precio":"&#36;4,901 con IVA","Availability":"In stock"},"schema":{"@context":"https:\/\/schema.org","@graph":[{"@type":"WebPage","@id":"https:\/\/compuviper.mx\/tienda\/producto\/vica-s1600-no-break-ups-1600va-900w-10-tomas-nema-5-15r-5-5-rj11-45-pantalla-lcd-3-aos-de-garantia\/","url":"https:\/\/compuviper.mx\/tienda\/producto\/vica-s1600-no-break-ups-1600va-900w-10-tomas-nema-5-15r-5-5-rj11-45-pantalla-lcd-3-aos-de-garantia\/","name":"[ Vica ] &#129351; S1600 No Break Ups 1600va\/900w 10 Tomas Nema 5-15r (5\/5) Rj11\/45 Pantalla Lcd 3 A\u00f1os De Garantia","isPartOf":{"@id":"https:\/\/compuviper.mx\/tienda\/#website"},"datePublished":"2026-04-02T06:31:46+00:00","dateModified":"2026-04-02T06:31:46+00:00","description":"Compra S1600 No Break Ups 1600va\/900w 10 Tomas Nema 5-15r (5\/5) Rj11\/45 Pantalla Lcd 3 A\u00f1os De Garantia + Env\u00edo a domicilio + Pago seguro + Garant\u00eda","breadcrumb":{"@id":"https:\/\/compuviper.mx\/tienda\/producto\/vica-s1600-no-break-ups-1600va-900w-10-tomas-nema-5-15r-5-5-rj11-45-pantalla-lcd-3-aos-de-garantia\/#breadcrumb"},"inLanguage":"es-MX","potentialAction":[{"@type":"ReadAction","target":["https:\/\/compuviper.mx\/tienda\/producto\/vica-s1600-no-break-ups-1600va-900w-10-tomas-nema-5-15r-5-5-rj11-45-pantalla-lcd-3-aos-de-garantia\/"]}]},{"@type":"BreadcrumbList","@id":"https:\/\/compuviper.mx\/tienda\/producto\/vica-s1600-no-break-ups-1600va-900w-10-tomas-nema-5-15r-5-5-rj11-45-pantalla-lcd-3-aos-de-garantia\/#breadcrumb","itemListElement":[{"@type":"ListItem","position":1,"name":"Inicio","item":"https:\/\/compuviper.mx\/tienda\/"},{"@type":"ListItem","position":2,"name":"Productos","item":"https:\/\/compuviper.mx\/tienda\/productos\/"},{"@type":"ListItem","position":3,"name":"Energia","item":"https:\/\/compuviper.mx\/tienda\/categoria-producto\/energia\/"},{"@type":"ListItem","position":4,"name":"No Break","item":"https:\/\/compuviper.mx\/tienda\/categoria-producto\/energia\/no-break\/"},{"@type":"ListItem","position":5,"name":"Vica S1600 No Break Ups 1600va\/900w 10 Tomas Nema 5-15r (5\/5) Rj11\/45 Pantalla Lcd 3 A?os De Garantia"}]},{"@type":"WebSite","@id":"https:\/\/compuviper.mx\/tienda\/#website","url":"https:\/\/compuviper.mx\/tienda\/","name":"Compuviper","description":"Proveedor de Computadoras, Laptops, Servidores, Monitores, Puntos de Venta, Teclados,   Impresoras, T\u00f3ner, C\u00e1maras de Seguridad y m\u00e1s en tu tienda en l\u00ednea","publisher":{"@id":"https:\/\/compuviper.mx\/tienda\/#organization"},"potentialAction":[{"@type":"SearchAction","target":{"@type":"EntryPoint","urlTemplate":"https:\/\/compuviper.mx\/tienda\/?s={search_term_string}"},"query-input":"required name=search_term_string"}],"inLanguage":"es-MX"},{"@type":"Organization","@id":"https:\/\/compuviper.mx\/tienda\/#organization","name":"Compuviper","url":"https:\/\/compuviper.mx\/tienda\/","logo":{"@type":"ImageObject","inLanguage":"es-MX","@id":"https:\/\/compuviper.mx\/tienda\/#\/schema\/logo\/image\/","url":"https:\/\/compuviper.mx\/tienda\/wp-content\/uploads\/2021\/08\/Logo-Compuviper-10.png","contentUrl":"https:\/\/compuviper.mx\/tienda\/wp-content\/uploads\/2021\/08\/Logo-Compuviper-10.png","width":1000,"height":500,"caption":"Compuviper"},"image":{"@id":"https:\/\/compuviper.mx\/tienda\/#\/schema\/logo\/image\/"},"sameAs":["https:\/\/www.facebook.com\/compuviper","https:\/\/www.youtube.com\/channel\/UCf73dERp9Y3cfOq7q8BhLjA?view_as=subscriber"]}]},"product_brand":"VICA","product_price_amount":"4901","product_price_currency":"MXN","og_availability":"instock","product_availability":"instock","product_retailer_item_id":"S1600","product_condition":"new"},"_links":{"self":[{"href":"https:\/\/compuviper.mx\/tienda\/wp-json\/wp\/v2\/product\/217932"}],"collection":[{"href":"https:\/\/compuviper.mx\/tienda\/wp-json\/wp\/v2\/product"}],"about":[{"href":"https:\/\/compuviper.mx\/tienda\/wp-json\/wp\/v2\/types\/product"}],"replies":[{"embeddable":true,"href":"https:\/\/compuviper.mx\/tienda\/wp-json\/wp\/v2\/comments?post=217932"}],"wp:featuredmedia":[{"embeddable":true,"href":"https:\/\/compuviper.mx\/tienda\/wp-json\/wp\/v2\/media\/217933"}],"wp:attachment":[{"href":"https:\/\/compuviper.mx\/tienda\/wp-json\/wp\/v2\/media?parent=217932"}],"wp:term":[{"taxonomy":"product_cat","embeddable":true,"href":"https:\/\/compuviper.mx\/tienda\/wp-json\/wp\/v2\/product_cat?post=217932"},{"taxonomy":"product_tag","embeddable":true,"href":"https:\/\/compuviper.mx\/tienda\/wp-json\/wp\/v2\/product_tag?post=217932"}],"curies":[{"name":"wp","href":"https:\/\/api.w.org\/{rel}","templated":true}]}}