{"id":217930,"date":"2026-04-07T00:32:10","date_gmt":"2026-04-07T06:32:10","guid":{"rendered":"https:\/\/compuviper.mx\/tienda\/producto\/cyberpower-pr5000lcdrtxl5u-no-break-ups-interactivo-onda-senoidal-pura-rack-torre-5000-va-4500-watts-entrada-220-v-salida-220-v-no-incluye-transformador-3-aos-de-garanta-en-pila-y-equipo\/"},"modified":"2026-04-07T00:32:10","modified_gmt":"2026-04-07T06:32:10","slug":"cyberpower-pr5000lcdrtxl5u-no-break-ups-interactivo-onda-senoidal-pura-rack-torre-5000-va-4500-watts-entrada-220-v-salida-220-v-no-incluye-transformador-3-aos-de-garanta-en-pila-y-equipo","status":"publish","type":"product","link":"https:\/\/compuviper.mx\/tienda\/producto\/cyberpower-pr5000lcdrtxl5u-no-break-ups-interactivo-onda-senoidal-pura-rack-torre-5000-va-4500-watts-entrada-220-v-salida-220-v-no-incluye-transformador-3-aos-de-garanta-en-pila-y-equipo\/","title":{"rendered":"Cyberpower Pr5000lcdrtxl5u No Break \/ Ups Interactivo Onda Senoidal Pura. Rack\/torre 5000 Va 4500 Watts Entrada 220 V Salida 220 V No Incluye Transformador.3 A?os De Garanta En Pila Y Equipo."},"content":{"rendered":"<table class=\"descripcion\">\n<tr>\n<td>General<\/td>\n<\/tr>\n<tr>\n<td>Topolog?a ups l?nea interactiva (avr) regulador automtica de voltaje<\/td>\n<\/tr>\n<tr>\n<td>Ahorro de energ?a si &#8211; greenpower ups  bypass technology<\/td>\n<\/tr>\n<tr>\n<td>Entrada<\/td>\n<\/tr>\n<tr>\n<td>Voltaje 208vac &#8211; 240vac<\/td>\n<\/tr>\n<tr>\n<td>Voltaje nominal 148vac &#8211; 254vac<\/td>\n<\/tr>\n<tr>\n<td>Rango de voltaje ajustable 131vac &#8211; 268vac<\/td>\n<\/tr>\n<tr>\n<td>Frecuencia 50 \/ 60 hz<\/td>\n<\/tr>\n<tr>\n<td>Tipo de enchufe nema l6-30p<\/td>\n<\/tr>\n<tr>\n<td>Estilo de enchufe recto<\/td>\n<\/tr>\n<tr>\n<td>Largo de cord?n 10<\/td>\n<\/tr>\n<tr>\n<td>Comienzo en fr?o si<\/td>\n<\/tr>\n<tr>\n<td>Salida<\/td>\n<\/tr>\n<tr>\n<td>Va 5000<\/td>\n<\/tr>\n<tr>\n<td>Watts 4500<\/td>\n<\/tr>\n<tr>\n<td>Avr si<\/td>\n<\/tr>\n<tr>\n<td>Voltaje en bater?a 208vac +\/- 5%<\/td>\n<\/tr>\n<tr>\n<td>Frecuencia en bater?a 60hz +\/- 1%<\/td>\n<\/tr>\n<tr>\n<td>Forma de onda bater?a onda senoidal pura<\/td>\n<\/tr>\n<tr>\n<td>Protecci?n sobrecarga en utilidad: disyuntor t?rmico en bater?a: limitador de circuitos interno<\/td>\n<\/tr>\n<tr>\n<td>Total de tomas 5<\/td>\n<\/tr>\n<tr>\n<td>Tipo de tomas (3) nema l6-30r (2) nema l6-20r<\/td>\n<\/tr>\n<tr>\n<td>Salidas  and  bater?a<\/td>\n<\/tr>\n<tr>\n<td>Tomas protegidas bateria  and  picos 3<\/td>\n<\/tr>\n<tr>\n<td>Tomas &#8211; carga cr?tica 2<\/td>\n<\/tr>\n<tr>\n<td>Tiempo de transferencia 4ms<\/td>\n<\/tr>\n<tr>\n<td>Tiempo de respaldo a media carga (min) 31<\/td>\n<\/tr>\n<tr>\n<td>Tiempo de respaldo a plena carga (min) 11<\/td>\n<\/tr>\n<tr>\n<td>Tipo de bater?a bater?as de acido selladas<\/td>\n<\/tr>\n<tr>\n<td>Tama?o de bater?a 12v\/9ah<\/td>\n<\/tr>\n<tr>\n<td>Reemplazable por usuario si<\/td>\n<\/tr>\n<tr>\n<td>Cambio bater?a en uso si<\/td>\n<\/tr>\n<tr>\n<td>Tiempo de recarga t?pico 8 horas<\/td>\n<\/tr>\n<tr>\n<td>Cantidad de bater?as 16<\/td>\n<\/tr>\n<tr>\n<td>Opci?n de bater?a externa bpl48v75art2u<\/td>\n<\/tr>\n<tr>\n<td>Protecci?n de picos y filtro<\/td>\n<\/tr>\n<tr>\n<td>Supresor de picos 2,430 joules<\/td>\n<\/tr>\n<tr>\n<td>Tel \/ ethernet rj11 \/ rj45 1-entrada, 1-salida (combo)<\/td>\n<\/tr>\n<tr>\n<td>Protecci?n coaxial rg6 ninguna<\/td>\n<\/tr>\n<tr>\n<td>Filtros emi \/rfi si<\/td>\n<\/tr>\n<tr>\n<td>Manejo  and  comunicaciones<\/td>\n<\/tr>\n<tr>\n<td>Display de diagn?stico lcd: nivel de carga actual, tiempo respaldo, nivel de bater?a, avr<\/td>\n<\/tr>\n<tr>\n<td>En uso, temperatura (f?? y c??), bater?a en uso, voltaje de entrada y<\/td>\n<\/tr>\n<tr>\n<td>Salida, frecuencia de salida, sobrecarga, falla de cableado, modo<\/td>\n<\/tr>\n<tr>\n<td>Silencioso, modo normal, tolerancia est?tica de frecuencia.<\/td>\n<\/tr>\n<tr>\n<td>Hid compatible puerto usb si<\/td>\n<\/tr>\n<tr>\n<td>Puerto serial 2 (2x)<\/td>\n<\/tr>\n<tr>\n<td>Cable administraci?n usb cable<\/td>\n<\/tr>\n<tr>\n<td>Indicadores led encendido<\/td>\n<\/tr>\n<tr>\n<td>Alarmas audibles en bater?a, bater?a baja, sobrecarga<\/td>\n<\/tr>\n<tr>\n<td>Programa powerpanel business edition<\/td>\n<\/tr>\n<tr>\n<td>Apagado de emergencia si<\/td>\n<\/tr>\n<tr>\n<td>Gabinete rack<\/td>\n<\/tr>\n<tr>\n<td>Dimensiones (wxhxd) 43 cm x 22.22 cm x 61.6 cm<\/td>\n<\/tr>\n<tr>\n<td>Peso (kg) 100.7<\/td>\n<\/tr>\n<tr>\n<td>Temp de operaci?n ambiental 32 ?f to 104?f \/ 0?c to 40 ?c<\/td>\n<\/tr>\n<tr>\n<td>Humedad de operaci?n 0% &#8211; 90% sin condensaci?n<\/td>\n<\/tr>\n<tr>\n<td>Certificaciones ul1778, cul 107.3, fcc doc class b, nom<\/td>\n<\/tr>\n<tr>\n<td>Garant?a de producto 3 a?os en equipo y bater?a<\/td>\n<\/tr>\n<\/table>\n","protected":false},"excerpt":{"rendered":"<p>Ups con salida de onda senoidal pura. Lcd inteligente multifuncion. Con regulador de voltaje (avr). Convertible torre\/rack 5u. Dise?ados para aplicaciones de redes corporativas. Paquetes de baterias adicionales. Capacidad de administracion remota http\/snmp. Software de administracion powerpanel business edition. Gabinete de metal solido. 3 a?os de garantia en baterias y componentes.<\/p>\n","protected":false},"featured_media":217931,"comment_status":"open","ping_status":"open","template":"","meta":[],"product_cat":[1508,1691],"product_tag":[1692],"acf":[],"yoast_head":"<!-- This site is optimized with the Yoast SEO plugin v21.7 - https:\/\/yoast.com\/wordpress\/plugins\/seo\/ -->\n<title>[ Cyberpower ] &#129351; Pr5000lcdrtxl5u No Break \/ Ups Interactivo Onda Senoidal Pura. Rack\/torre 5000 Va 4500 Watts Entrada 220 V Salida 220 V No Incluye Transformador.3 A\u00f1os De Garanta En Pila Y Equipo.<\/title>\n<meta name=\"description\" content=\"Compra Pr5000lcdrtxl5u No Break \/ Ups Interactivo Onda Senoidal Pura. Rack\/torre 5000 Va 4500 Watts Entrada 220 V Salida 220 V No Incluye Transformador.3 A\u00f1os De Garanta En Pila Y Equipo. + Env\u00edo a domicilio + Pago seguro + Garant\u00eda\" \/>\n<meta name=\"robots\" content=\"index, follow, max-snippet:-1, max-image-preview:large, max-video-preview:-1\" \/>\n<link rel=\"canonical\" href=\"https:\/\/compuviper.mx\/tienda\/producto\/cyberpower-pr5000lcdrtxl5u-no-break-ups-interactivo-onda-senoidal-pura-rack-torre-5000-va-4500-watts-entrada-220-v-salida-220-v-no-incluye-transformador-3-aos-de-garanta-en-pila-y-equipo\/\" \/>\n<meta property=\"og:locale\" content=\"es_MX\" \/>\n<meta property=\"og:type\" content=\"article\" \/>\n<meta property=\"og:title\" content=\"[ Cyberpower ] &#129351; Pr5000lcdrtxl5u No Break \/ Ups Interactivo Onda Senoidal Pura. Rack\/torre 5000 Va 4500 Watts Entrada 220 V Salida 220 V No Incluye Transformador.3 A\u00f1os De Garanta En Pila Y Equipo.\" \/>\n<meta property=\"og:description\" content=\"Compra Pr5000lcdrtxl5u No Break \/ Ups Interactivo Onda Senoidal Pura. Rack\/torre 5000 Va 4500 Watts Entrada 220 V Salida 220 V No Incluye Transformador.3 A\u00f1os De Garanta En Pila Y Equipo. + Env\u00edo a domicilio + Pago seguro + Garant\u00eda\" \/>\n<meta property=\"og:url\" content=\"https:\/\/compuviper.mx\/tienda\/producto\/cyberpower-pr5000lcdrtxl5u-no-break-ups-interactivo-onda-senoidal-pura-rack-torre-5000-va-4500-watts-entrada-220-v-salida-220-v-no-incluye-transformador-3-aos-de-garanta-en-pila-y-equipo\/\" \/>\n<meta property=\"og:site_name\" content=\"Compuviper\" \/>\n<meta property=\"article:publisher\" content=\"https:\/\/www.facebook.com\/compuviper\" \/>\n<meta property=\"og:image\" content=\"https:\/\/compuviper.mx\/tienda\/wp-content\/uploads\/2023\/12\/No-break-ups-interactivo-onda-senoidal-pura.-racktorre-5000-va-4500-watts-entrada-220-v-salida-220-v-no-incluye-transformador.3-anos-de-garanta-en-pila-y-equipo.jpg\" \/>\n\t<meta property=\"og:image:width\" content=\"200\" \/>\n\t<meta property=\"og:image:height\" content=\"200\" \/>\n\t<meta property=\"og:image:type\" content=\"image\/jpeg\" \/>\n<meta name=\"twitter:card\" content=\"summary_large_image\" \/>\n<meta name=\"twitter:label1\" content=\"Precio\" \/>\n\t<meta name=\"twitter:data1\" content=\"&#36;53,902 con IVA\" \/>\n\t<meta name=\"twitter:label2\" content=\"Availability\" \/>\n\t<meta name=\"twitter:data2\" content=\"On backorder\" \/>\n<script type=\"application\/ld+json\" class=\"yoast-schema-graph\">{\"@context\":\"https:\/\/schema.org\",\"@graph\":[{\"@type\":\"WebPage\",\"@id\":\"https:\/\/compuviper.mx\/tienda\/producto\/cyberpower-pr5000lcdrtxl5u-no-break-ups-interactivo-onda-senoidal-pura-rack-torre-5000-va-4500-watts-entrada-220-v-salida-220-v-no-incluye-transformador-3-aos-de-garanta-en-pila-y-equipo\/\",\"url\":\"https:\/\/compuviper.mx\/tienda\/producto\/cyberpower-pr5000lcdrtxl5u-no-break-ups-interactivo-onda-senoidal-pura-rack-torre-5000-va-4500-watts-entrada-220-v-salida-220-v-no-incluye-transformador-3-aos-de-garanta-en-pila-y-equipo\/\",\"name\":\"[ Cyberpower ] &#129351; Pr5000lcdrtxl5u No Break \/ Ups Interactivo Onda Senoidal Pura. Rack\/torre 5000 Va 4500 Watts Entrada 220 V Salida 220 V No Incluye Transformador.3 A\u00f1os De Garanta En Pila Y Equipo.\",\"isPartOf\":{\"@id\":\"https:\/\/compuviper.mx\/tienda\/#website\"},\"datePublished\":\"2026-04-07T06:32:10+00:00\",\"dateModified\":\"2026-04-07T06:32:10+00:00\",\"description\":\"Compra Pr5000lcdrtxl5u No Break \/ Ups Interactivo Onda Senoidal Pura. Rack\/torre 5000 Va 4500 Watts Entrada 220 V Salida 220 V No Incluye Transformador.3 A\u00f1os De Garanta En Pila Y Equipo. + Env\u00edo a domicilio + Pago seguro + Garant\u00eda\",\"breadcrumb\":{\"@id\":\"https:\/\/compuviper.mx\/tienda\/producto\/cyberpower-pr5000lcdrtxl5u-no-break-ups-interactivo-onda-senoidal-pura-rack-torre-5000-va-4500-watts-entrada-220-v-salida-220-v-no-incluye-transformador-3-aos-de-garanta-en-pila-y-equipo\/#breadcrumb\"},\"inLanguage\":\"es-MX\",\"potentialAction\":[{\"@type\":\"ReadAction\",\"target\":[\"https:\/\/compuviper.mx\/tienda\/producto\/cyberpower-pr5000lcdrtxl5u-no-break-ups-interactivo-onda-senoidal-pura-rack-torre-5000-va-4500-watts-entrada-220-v-salida-220-v-no-incluye-transformador-3-aos-de-garanta-en-pila-y-equipo\/\"]}]},{\"@type\":\"BreadcrumbList\",\"@id\":\"https:\/\/compuviper.mx\/tienda\/producto\/cyberpower-pr5000lcdrtxl5u-no-break-ups-interactivo-onda-senoidal-pura-rack-torre-5000-va-4500-watts-entrada-220-v-salida-220-v-no-incluye-transformador-3-aos-de-garanta-en-pila-y-equipo\/#breadcrumb\",\"itemListElement\":[{\"@type\":\"ListItem\",\"position\":1,\"name\":\"Inicio\",\"item\":\"https:\/\/compuviper.mx\/tienda\/\"},{\"@type\":\"ListItem\",\"position\":2,\"name\":\"Productos\",\"item\":\"https:\/\/compuviper.mx\/tienda\/productos\/\"},{\"@type\":\"ListItem\",\"position\":3,\"name\":\"Energia\",\"item\":\"https:\/\/compuviper.mx\/tienda\/categoria-producto\/energia\/\"},{\"@type\":\"ListItem\",\"position\":4,\"name\":\"No Break\",\"item\":\"https:\/\/compuviper.mx\/tienda\/categoria-producto\/energia\/no-break\/\"},{\"@type\":\"ListItem\",\"position\":5,\"name\":\"Cyberpower Pr5000lcdrtxl5u No Break \/ Ups Interactivo Onda Senoidal Pura. Rack\/torre 5000 Va 4500 Watts Entrada 220 V Salida 220 V No Incluye Transformador.3 A?os De Garanta En Pila Y Equipo.\"}]},{\"@type\":\"WebSite\",\"@id\":\"https:\/\/compuviper.mx\/tienda\/#website\",\"url\":\"https:\/\/compuviper.mx\/tienda\/\",\"name\":\"Compuviper\",\"description\":\"Proveedor de Computadoras, Laptops, Servidores, Monitores, Puntos de Venta, Teclados,   Impresoras, T\u00f3ner, C\u00e1maras de Seguridad y m\u00e1s en tu tienda en l\u00ednea\",\"publisher\":{\"@id\":\"https:\/\/compuviper.mx\/tienda\/#organization\"},\"potentialAction\":[{\"@type\":\"SearchAction\",\"target\":{\"@type\":\"EntryPoint\",\"urlTemplate\":\"https:\/\/compuviper.mx\/tienda\/?s={search_term_string}\"},\"query-input\":\"required name=search_term_string\"}],\"inLanguage\":\"es-MX\"},{\"@type\":\"Organization\",\"@id\":\"https:\/\/compuviper.mx\/tienda\/#organization\",\"name\":\"Compuviper\",\"url\":\"https:\/\/compuviper.mx\/tienda\/\",\"logo\":{\"@type\":\"ImageObject\",\"inLanguage\":\"es-MX\",\"@id\":\"https:\/\/compuviper.mx\/tienda\/#\/schema\/logo\/image\/\",\"url\":\"https:\/\/compuviper.mx\/tienda\/wp-content\/uploads\/2021\/08\/Logo-Compuviper-10.png\",\"contentUrl\":\"https:\/\/compuviper.mx\/tienda\/wp-content\/uploads\/2021\/08\/Logo-Compuviper-10.png\",\"width\":1000,\"height\":500,\"caption\":\"Compuviper\"},\"image\":{\"@id\":\"https:\/\/compuviper.mx\/tienda\/#\/schema\/logo\/image\/\"},\"sameAs\":[\"https:\/\/www.facebook.com\/compuviper\",\"https:\/\/www.youtube.com\/channel\/UCf73dERp9Y3cfOq7q8BhLjA?view_as=subscriber\"]}]}<\/script>\n<meta property=\"product:brand\" content=\"CYBERPOWER\" \/>\n<meta property=\"product:price:amount\" content=\"53902\" \/>\n<meta property=\"product:price:currency\" content=\"MXN\" \/>\n<meta property=\"og:availability\" content=\"backorder\" \/>\n<meta property=\"product:availability\" content=\"available for order\" \/>\n<meta property=\"product:retailer_item_id\" content=\"PR5000LCDRTXL5U\" \/>\n<meta property=\"product:condition\" content=\"new\" \/>\n<!-- \/ Yoast SEO plugin. -->","yoast_head_json":{"title":"[ Cyberpower ] &#129351; Pr5000lcdrtxl5u No Break \/ Ups Interactivo Onda Senoidal Pura. Rack\/torre 5000 Va 4500 Watts Entrada 220 V Salida 220 V No Incluye Transformador.3 A\u00f1os De Garanta En Pila Y Equipo.","description":"Compra Pr5000lcdrtxl5u No Break \/ Ups Interactivo Onda Senoidal Pura. Rack\/torre 5000 Va 4500 Watts Entrada 220 V Salida 220 V No Incluye Transformador.3 A\u00f1os De Garanta En Pila Y Equipo. + Env\u00edo a domicilio + Pago seguro + Garant\u00eda","robots":{"index":"index","follow":"follow","max-snippet":"max-snippet:-1","max-image-preview":"max-image-preview:large","max-video-preview":"max-video-preview:-1"},"canonical":"https:\/\/compuviper.mx\/tienda\/producto\/cyberpower-pr5000lcdrtxl5u-no-break-ups-interactivo-onda-senoidal-pura-rack-torre-5000-va-4500-watts-entrada-220-v-salida-220-v-no-incluye-transformador-3-aos-de-garanta-en-pila-y-equipo\/","og_locale":"es_MX","og_type":"article","og_title":"[ Cyberpower ] &#129351; Pr5000lcdrtxl5u No Break \/ Ups Interactivo Onda Senoidal Pura. Rack\/torre 5000 Va 4500 Watts Entrada 220 V Salida 220 V No Incluye Transformador.3 A\u00f1os De Garanta En Pila Y Equipo.","og_description":"Compra Pr5000lcdrtxl5u No Break \/ Ups Interactivo Onda Senoidal Pura. Rack\/torre 5000 Va 4500 Watts Entrada 220 V Salida 220 V No Incluye Transformador.3 A\u00f1os De Garanta En Pila Y Equipo. + Env\u00edo a domicilio + Pago seguro + Garant\u00eda","og_url":"https:\/\/compuviper.mx\/tienda\/producto\/cyberpower-pr5000lcdrtxl5u-no-break-ups-interactivo-onda-senoidal-pura-rack-torre-5000-va-4500-watts-entrada-220-v-salida-220-v-no-incluye-transformador-3-aos-de-garanta-en-pila-y-equipo\/","og_site_name":"Compuviper","article_publisher":"https:\/\/www.facebook.com\/compuviper","og_image":[{"width":200,"height":200,"url":"https:\/\/compuviper.mx\/tienda\/wp-content\/uploads\/2023\/12\/No-break-ups-interactivo-onda-senoidal-pura.-racktorre-5000-va-4500-watts-entrada-220-v-salida-220-v-no-incluye-transformador.3-anos-de-garanta-en-pila-y-equipo.jpg","type":"image\/jpeg"}],"twitter_card":"summary_large_image","twitter_misc":{"Precio":"&#36;53,902 con IVA","Availability":"On backorder"},"schema":{"@context":"https:\/\/schema.org","@graph":[{"@type":"WebPage","@id":"https:\/\/compuviper.mx\/tienda\/producto\/cyberpower-pr5000lcdrtxl5u-no-break-ups-interactivo-onda-senoidal-pura-rack-torre-5000-va-4500-watts-entrada-220-v-salida-220-v-no-incluye-transformador-3-aos-de-garanta-en-pila-y-equipo\/","url":"https:\/\/compuviper.mx\/tienda\/producto\/cyberpower-pr5000lcdrtxl5u-no-break-ups-interactivo-onda-senoidal-pura-rack-torre-5000-va-4500-watts-entrada-220-v-salida-220-v-no-incluye-transformador-3-aos-de-garanta-en-pila-y-equipo\/","name":"[ Cyberpower ] &#129351; Pr5000lcdrtxl5u No Break \/ Ups Interactivo Onda Senoidal Pura. Rack\/torre 5000 Va 4500 Watts Entrada 220 V Salida 220 V No Incluye Transformador.3 A\u00f1os De Garanta En Pila Y Equipo.","isPartOf":{"@id":"https:\/\/compuviper.mx\/tienda\/#website"},"datePublished":"2026-04-07T06:32:10+00:00","dateModified":"2026-04-07T06:32:10+00:00","description":"Compra Pr5000lcdrtxl5u No Break \/ Ups Interactivo Onda Senoidal Pura. Rack\/torre 5000 Va 4500 Watts Entrada 220 V Salida 220 V No Incluye Transformador.3 A\u00f1os De Garanta En Pila Y Equipo. + Env\u00edo a domicilio + Pago seguro + Garant\u00eda","breadcrumb":{"@id":"https:\/\/compuviper.mx\/tienda\/producto\/cyberpower-pr5000lcdrtxl5u-no-break-ups-interactivo-onda-senoidal-pura-rack-torre-5000-va-4500-watts-entrada-220-v-salida-220-v-no-incluye-transformador-3-aos-de-garanta-en-pila-y-equipo\/#breadcrumb"},"inLanguage":"es-MX","potentialAction":[{"@type":"ReadAction","target":["https:\/\/compuviper.mx\/tienda\/producto\/cyberpower-pr5000lcdrtxl5u-no-break-ups-interactivo-onda-senoidal-pura-rack-torre-5000-va-4500-watts-entrada-220-v-salida-220-v-no-incluye-transformador-3-aos-de-garanta-en-pila-y-equipo\/"]}]},{"@type":"BreadcrumbList","@id":"https:\/\/compuviper.mx\/tienda\/producto\/cyberpower-pr5000lcdrtxl5u-no-break-ups-interactivo-onda-senoidal-pura-rack-torre-5000-va-4500-watts-entrada-220-v-salida-220-v-no-incluye-transformador-3-aos-de-garanta-en-pila-y-equipo\/#breadcrumb","itemListElement":[{"@type":"ListItem","position":1,"name":"Inicio","item":"https:\/\/compuviper.mx\/tienda\/"},{"@type":"ListItem","position":2,"name":"Productos","item":"https:\/\/compuviper.mx\/tienda\/productos\/"},{"@type":"ListItem","position":3,"name":"Energia","item":"https:\/\/compuviper.mx\/tienda\/categoria-producto\/energia\/"},{"@type":"ListItem","position":4,"name":"No Break","item":"https:\/\/compuviper.mx\/tienda\/categoria-producto\/energia\/no-break\/"},{"@type":"ListItem","position":5,"name":"Cyberpower Pr5000lcdrtxl5u No Break \/ Ups Interactivo Onda Senoidal Pura. Rack\/torre 5000 Va 4500 Watts Entrada 220 V Salida 220 V No Incluye Transformador.3 A?os De Garanta En Pila Y Equipo."}]},{"@type":"WebSite","@id":"https:\/\/compuviper.mx\/tienda\/#website","url":"https:\/\/compuviper.mx\/tienda\/","name":"Compuviper","description":"Proveedor de Computadoras, Laptops, Servidores, Monitores, Puntos de Venta, Teclados,   Impresoras, T\u00f3ner, C\u00e1maras de Seguridad y m\u00e1s en tu tienda en l\u00ednea","publisher":{"@id":"https:\/\/compuviper.mx\/tienda\/#organization"},"potentialAction":[{"@type":"SearchAction","target":{"@type":"EntryPoint","urlTemplate":"https:\/\/compuviper.mx\/tienda\/?s={search_term_string}"},"query-input":"required name=search_term_string"}],"inLanguage":"es-MX"},{"@type":"Organization","@id":"https:\/\/compuviper.mx\/tienda\/#organization","name":"Compuviper","url":"https:\/\/compuviper.mx\/tienda\/","logo":{"@type":"ImageObject","inLanguage":"es-MX","@id":"https:\/\/compuviper.mx\/tienda\/#\/schema\/logo\/image\/","url":"https:\/\/compuviper.mx\/tienda\/wp-content\/uploads\/2021\/08\/Logo-Compuviper-10.png","contentUrl":"https:\/\/compuviper.mx\/tienda\/wp-content\/uploads\/2021\/08\/Logo-Compuviper-10.png","width":1000,"height":500,"caption":"Compuviper"},"image":{"@id":"https:\/\/compuviper.mx\/tienda\/#\/schema\/logo\/image\/"},"sameAs":["https:\/\/www.facebook.com\/compuviper","https:\/\/www.youtube.com\/channel\/UCf73dERp9Y3cfOq7q8BhLjA?view_as=subscriber"]}]},"product_brand":"CYBERPOWER","product_price_amount":"53902","product_price_currency":"MXN","og_availability":"backorder","product_availability":"available for order","product_retailer_item_id":"PR5000LCDRTXL5U","product_condition":"new"},"_links":{"self":[{"href":"https:\/\/compuviper.mx\/tienda\/wp-json\/wp\/v2\/product\/217930"}],"collection":[{"href":"https:\/\/compuviper.mx\/tienda\/wp-json\/wp\/v2\/product"}],"about":[{"href":"https:\/\/compuviper.mx\/tienda\/wp-json\/wp\/v2\/types\/product"}],"replies":[{"embeddable":true,"href":"https:\/\/compuviper.mx\/tienda\/wp-json\/wp\/v2\/comments?post=217930"}],"wp:featuredmedia":[{"embeddable":true,"href":"https:\/\/compuviper.mx\/tienda\/wp-json\/wp\/v2\/media\/217931"}],"wp:attachment":[{"href":"https:\/\/compuviper.mx\/tienda\/wp-json\/wp\/v2\/media?parent=217930"}],"wp:term":[{"taxonomy":"product_cat","embeddable":true,"href":"https:\/\/compuviper.mx\/tienda\/wp-json\/wp\/v2\/product_cat?post=217930"},{"taxonomy":"product_tag","embeddable":true,"href":"https:\/\/compuviper.mx\/tienda\/wp-json\/wp\/v2\/product_tag?post=217930"}],"curies":[{"name":"wp","href":"https:\/\/api.w.org\/{rel}","templated":true}]}}