{"id":217926,"date":"2026-04-07T00:32:09","date_gmt":"2026-04-07T06:32:09","guid":{"rendered":"https:\/\/compuviper.mx\/tienda\/producto\/apc-sybt4-modulo-de-bateras-para-symmetra-px-requiere-instalacion-por-parte-del-fabricante-nmero-de-parte-wagslabour-solicita-la-cotizacin-con-el-pm\/"},"modified":"2026-04-07T00:32:09","modified_gmt":"2026-04-07T06:32:09","slug":"apc-sybt4-modulo-de-bateras-para-symmetra-px-requiere-instalacion-por-parte-del-fabricante-nmero-de-parte-wagslabour-solicita-la-cotizacin-con-el-pm","status":"publish","type":"product","link":"https:\/\/compuviper.mx\/tienda\/producto\/apc-sybt4-modulo-de-bateras-para-symmetra-px-requiere-instalacion-por-parte-del-fabricante-nmero-de-parte-wagslabour-solicita-la-cotizacin-con-el-pm\/","title":{"rendered":"Apc Sybt4 Modulo De Bater?as Para Symmetra Px, (requiere Instalacion Por Parte Del Fabricante; N?mero De Parte Wagslabour) Solicita La Cotizaci?n Con El Pm"},"content":{"rendered":"<table class=\"descripcion\">\n<tr>\n<td>Capacidad va\/hora de la bateria 2765<\/td>\n<\/tr>\n<tr>\n<td>Tipo de bateria bateria sellada de plomo sin necesidad de mantencion con electrolito suspendido: a prueba de filtracion montaje de baterias cartucho de bateria adjunto vida util esperada de las baterias (a\u00f1os) 3 &#8211; 5<\/td>\n<\/tr>\n<tr>\n<td>Colocacion de baterias bateria interna<\/td>\n<\/tr>\n<tr>\n<td>Modulos de bateria por serie 4<\/td>\n<\/tr>\n<tr>\n<td>Fisico<\/td>\n<\/tr>\n<tr>\n<td>Peso neto 90.91 kg<\/td>\n<\/tr>\n<tr>\n<td>Dimensiones de altura maxima 132.00 mm<\/td>\n<\/tr>\n<tr>\n<td>Dimensiones de anchura maxima 432.00 mm<\/td>\n<\/tr>\n<tr>\n<td>Dimensiones de profundidad maxima 711.00 mm<\/td>\n<\/tr>\n<tr>\n<td>Peso de embarque 101.82 kg a<\/td>\n<\/tr>\n<tr>\n<td>Nchura de envio 610.00 mm<\/td>\n<\/tr>\n<tr>\n<td>Altura de envio 457.00 mm<\/td>\n<\/tr>\n<tr>\n<td>Profundidad de envio 838.00 mm c<\/td>\n<\/tr>\n<\/table>\n","protected":false},"excerpt":{"rendered":"<p>Baterias reemplazables en caliente garantiza que llegue un suministro puro e ininterrumpido a los equipos protegidos durante el recambio de baterias.Modulos de baterias conectados en paralelo ofrece altos niveles de disponibilidad mediante baterias redundantes.Manejo inteligente de la bateria maximiza el rendimiento, la vida util y la confiabilidad de las baterias a traves de la carga inteligente y de precision.Reemplazo de baterias sin herramientas permite reemplazar las baterias facil y rapidamente.<\/p>\n","protected":false},"featured_media":217927,"comment_status":"open","ping_status":"open","template":"","meta":[],"product_cat":[1508,1511],"product_tag":[1694],"acf":[],"yoast_head":"<!-- This site is optimized with the Yoast SEO plugin v21.7 - https:\/\/yoast.com\/wordpress\/plugins\/seo\/ -->\n<title>[ Apc ] &#129351; Sybt4 Modulo De Bater\u00edas Para Symmetra Px, (requiere Instalacion Por Parte Del Fabricante; N\u00famero De Parte Wagslabour) Solicita La Cotizaci\u00f3n Con El Pm<\/title>\n<meta name=\"description\" content=\"Compra Sybt4 Modulo De Bater\u00edas Para Symmetra Px, (requiere Instalacion Por Parte Del Fabricante; N\u00famero De Parte Wagslabour) Solicita La Cotizaci\u00f3n Con El Pm + Env\u00edo a domicilio + Pago seguro + Garant\u00eda\" \/>\n<meta name=\"robots\" content=\"index, follow, max-snippet:-1, max-image-preview:large, max-video-preview:-1\" \/>\n<link rel=\"canonical\" href=\"https:\/\/compuviper.mx\/tienda\/producto\/apc-sybt4-modulo-de-bateras-para-symmetra-px-requiere-instalacion-por-parte-del-fabricante-nmero-de-parte-wagslabour-solicita-la-cotizacin-con-el-pm\/\" \/>\n<meta property=\"og:locale\" content=\"es_MX\" \/>\n<meta property=\"og:type\" content=\"article\" \/>\n<meta property=\"og:title\" content=\"[ Apc ] &#129351; Sybt4 Modulo De Bater\u00edas Para Symmetra Px, (requiere Instalacion Por Parte Del Fabricante; N\u00famero De Parte Wagslabour) Solicita La Cotizaci\u00f3n Con El Pm\" \/>\n<meta property=\"og:description\" content=\"Compra Sybt4 Modulo De Bater\u00edas Para Symmetra Px, (requiere Instalacion Por Parte Del Fabricante; N\u00famero De Parte Wagslabour) Solicita La Cotizaci\u00f3n Con El Pm + Env\u00edo a domicilio + Pago seguro + Garant\u00eda\" \/>\n<meta property=\"og:url\" content=\"https:\/\/compuviper.mx\/tienda\/producto\/apc-sybt4-modulo-de-bateras-para-symmetra-px-requiere-instalacion-por-parte-del-fabricante-nmero-de-parte-wagslabour-solicita-la-cotizacin-con-el-pm\/\" \/>\n<meta property=\"og:site_name\" content=\"Compuviper\" \/>\n<meta property=\"article:publisher\" content=\"https:\/\/www.facebook.com\/compuviper\" \/>\n<meta property=\"og:image\" content=\"https:\/\/compuviper.mx\/tienda\/wp-content\/uploads\/2023\/12\/Modulo-de-baterias-para-symmetra-px-requiere-instalacion-por-parte-del-fabricante-numero-de-parte-wagslabour-solicita-la-cotizacion-con-el-pm.jpg\" \/>\n\t<meta property=\"og:image:width\" content=\"200\" \/>\n\t<meta property=\"og:image:height\" content=\"200\" \/>\n\t<meta property=\"og:image:type\" content=\"image\/jpeg\" \/>\n<meta name=\"twitter:card\" content=\"summary_large_image\" \/>\n<meta name=\"twitter:label1\" content=\"Precio\" \/>\n\t<meta name=\"twitter:data1\" content=\"&#36;41,672 con IVA\" \/>\n\t<meta name=\"twitter:label2\" content=\"Availability\" \/>\n\t<meta name=\"twitter:data2\" content=\"Out of stock\" \/>\n<script type=\"application\/ld+json\" class=\"yoast-schema-graph\">{\"@context\":\"https:\/\/schema.org\",\"@graph\":[{\"@type\":\"WebPage\",\"@id\":\"https:\/\/compuviper.mx\/tienda\/producto\/apc-sybt4-modulo-de-bateras-para-symmetra-px-requiere-instalacion-por-parte-del-fabricante-nmero-de-parte-wagslabour-solicita-la-cotizacin-con-el-pm\/\",\"url\":\"https:\/\/compuviper.mx\/tienda\/producto\/apc-sybt4-modulo-de-bateras-para-symmetra-px-requiere-instalacion-por-parte-del-fabricante-nmero-de-parte-wagslabour-solicita-la-cotizacin-con-el-pm\/\",\"name\":\"[ Apc ] &#129351; Sybt4 Modulo De Bater\u00edas Para Symmetra Px, (requiere Instalacion Por Parte Del Fabricante; N\u00famero De Parte Wagslabour) Solicita La Cotizaci\u00f3n Con El Pm\",\"isPartOf\":{\"@id\":\"https:\/\/compuviper.mx\/tienda\/#website\"},\"datePublished\":\"2026-04-07T06:32:09+00:00\",\"dateModified\":\"2026-04-07T06:32:09+00:00\",\"description\":\"Compra Sybt4 Modulo De Bater\u00edas Para Symmetra Px, (requiere Instalacion Por Parte Del Fabricante; N\u00famero De Parte Wagslabour) Solicita La Cotizaci\u00f3n Con El Pm + Env\u00edo a domicilio + Pago seguro + Garant\u00eda\",\"breadcrumb\":{\"@id\":\"https:\/\/compuviper.mx\/tienda\/producto\/apc-sybt4-modulo-de-bateras-para-symmetra-px-requiere-instalacion-por-parte-del-fabricante-nmero-de-parte-wagslabour-solicita-la-cotizacin-con-el-pm\/#breadcrumb\"},\"inLanguage\":\"es-MX\",\"potentialAction\":[{\"@type\":\"ReadAction\",\"target\":[\"https:\/\/compuviper.mx\/tienda\/producto\/apc-sybt4-modulo-de-bateras-para-symmetra-px-requiere-instalacion-por-parte-del-fabricante-nmero-de-parte-wagslabour-solicita-la-cotizacin-con-el-pm\/\"]}]},{\"@type\":\"BreadcrumbList\",\"@id\":\"https:\/\/compuviper.mx\/tienda\/producto\/apc-sybt4-modulo-de-bateras-para-symmetra-px-requiere-instalacion-por-parte-del-fabricante-nmero-de-parte-wagslabour-solicita-la-cotizacin-con-el-pm\/#breadcrumb\",\"itemListElement\":[{\"@type\":\"ListItem\",\"position\":1,\"name\":\"Inicio\",\"item\":\"https:\/\/compuviper.mx\/tienda\/\"},{\"@type\":\"ListItem\",\"position\":2,\"name\":\"Productos\",\"item\":\"https:\/\/compuviper.mx\/tienda\/productos\/\"},{\"@type\":\"ListItem\",\"position\":3,\"name\":\"Energia\",\"item\":\"https:\/\/compuviper.mx\/tienda\/categoria-producto\/energia\/\"},{\"@type\":\"ListItem\",\"position\":4,\"name\":\"Bateria\",\"item\":\"https:\/\/compuviper.mx\/tienda\/categoria-producto\/energia\/bateria\/\"},{\"@type\":\"ListItem\",\"position\":5,\"name\":\"Apc Sybt4 Modulo De Bater?as Para Symmetra Px, (requiere Instalacion Por Parte Del Fabricante; N?mero De Parte Wagslabour) Solicita La Cotizaci?n Con El Pm\"}]},{\"@type\":\"WebSite\",\"@id\":\"https:\/\/compuviper.mx\/tienda\/#website\",\"url\":\"https:\/\/compuviper.mx\/tienda\/\",\"name\":\"Compuviper\",\"description\":\"Proveedor de Computadoras, Laptops, Servidores, Monitores, Puntos de Venta, Teclados,   Impresoras, T\u00f3ner, C\u00e1maras de Seguridad y m\u00e1s en tu tienda en l\u00ednea\",\"publisher\":{\"@id\":\"https:\/\/compuviper.mx\/tienda\/#organization\"},\"potentialAction\":[{\"@type\":\"SearchAction\",\"target\":{\"@type\":\"EntryPoint\",\"urlTemplate\":\"https:\/\/compuviper.mx\/tienda\/?s={search_term_string}\"},\"query-input\":\"required name=search_term_string\"}],\"inLanguage\":\"es-MX\"},{\"@type\":\"Organization\",\"@id\":\"https:\/\/compuviper.mx\/tienda\/#organization\",\"name\":\"Compuviper\",\"url\":\"https:\/\/compuviper.mx\/tienda\/\",\"logo\":{\"@type\":\"ImageObject\",\"inLanguage\":\"es-MX\",\"@id\":\"https:\/\/compuviper.mx\/tienda\/#\/schema\/logo\/image\/\",\"url\":\"https:\/\/compuviper.mx\/tienda\/wp-content\/uploads\/2021\/08\/Logo-Compuviper-10.png\",\"contentUrl\":\"https:\/\/compuviper.mx\/tienda\/wp-content\/uploads\/2021\/08\/Logo-Compuviper-10.png\",\"width\":1000,\"height\":500,\"caption\":\"Compuviper\"},\"image\":{\"@id\":\"https:\/\/compuviper.mx\/tienda\/#\/schema\/logo\/image\/\"},\"sameAs\":[\"https:\/\/www.facebook.com\/compuviper\",\"https:\/\/www.youtube.com\/channel\/UCf73dERp9Y3cfOq7q8BhLjA?view_as=subscriber\"]}]}<\/script>\n<meta property=\"product:brand\" content=\"APC\" \/>\n<meta property=\"product:price:amount\" content=\"41672\" \/>\n<meta property=\"product:price:currency\" content=\"MXN\" \/>\n<meta property=\"og:availability\" content=\"out of stock\" \/>\n<meta property=\"product:availability\" content=\"out of stock\" \/>\n<meta property=\"product:retailer_item_id\" content=\"SYBT4\" \/>\n<meta property=\"product:condition\" content=\"new\" \/>\n<!-- \/ Yoast SEO plugin. -->","yoast_head_json":{"title":"[ Apc ] &#129351; Sybt4 Modulo De Bater\u00edas Para Symmetra Px, (requiere Instalacion Por Parte Del Fabricante; N\u00famero De Parte Wagslabour) Solicita La Cotizaci\u00f3n Con El Pm","description":"Compra Sybt4 Modulo De Bater\u00edas Para Symmetra Px, (requiere Instalacion Por Parte Del Fabricante; N\u00famero De Parte Wagslabour) Solicita La Cotizaci\u00f3n Con El Pm + Env\u00edo a domicilio + Pago seguro + Garant\u00eda","robots":{"index":"index","follow":"follow","max-snippet":"max-snippet:-1","max-image-preview":"max-image-preview:large","max-video-preview":"max-video-preview:-1"},"canonical":"https:\/\/compuviper.mx\/tienda\/producto\/apc-sybt4-modulo-de-bateras-para-symmetra-px-requiere-instalacion-por-parte-del-fabricante-nmero-de-parte-wagslabour-solicita-la-cotizacin-con-el-pm\/","og_locale":"es_MX","og_type":"article","og_title":"[ Apc ] &#129351; Sybt4 Modulo De Bater\u00edas Para Symmetra Px, (requiere Instalacion Por Parte Del Fabricante; N\u00famero De Parte Wagslabour) Solicita La Cotizaci\u00f3n Con El Pm","og_description":"Compra Sybt4 Modulo De Bater\u00edas Para Symmetra Px, (requiere Instalacion Por Parte Del Fabricante; N\u00famero De Parte Wagslabour) Solicita La Cotizaci\u00f3n Con El Pm + Env\u00edo a domicilio + Pago seguro + Garant\u00eda","og_url":"https:\/\/compuviper.mx\/tienda\/producto\/apc-sybt4-modulo-de-bateras-para-symmetra-px-requiere-instalacion-por-parte-del-fabricante-nmero-de-parte-wagslabour-solicita-la-cotizacin-con-el-pm\/","og_site_name":"Compuviper","article_publisher":"https:\/\/www.facebook.com\/compuviper","og_image":[{"width":200,"height":200,"url":"https:\/\/compuviper.mx\/tienda\/wp-content\/uploads\/2023\/12\/Modulo-de-baterias-para-symmetra-px-requiere-instalacion-por-parte-del-fabricante-numero-de-parte-wagslabour-solicita-la-cotizacion-con-el-pm.jpg","type":"image\/jpeg"}],"twitter_card":"summary_large_image","twitter_misc":{"Precio":"&#36;41,672 con IVA","Availability":"Out of stock"},"schema":{"@context":"https:\/\/schema.org","@graph":[{"@type":"WebPage","@id":"https:\/\/compuviper.mx\/tienda\/producto\/apc-sybt4-modulo-de-bateras-para-symmetra-px-requiere-instalacion-por-parte-del-fabricante-nmero-de-parte-wagslabour-solicita-la-cotizacin-con-el-pm\/","url":"https:\/\/compuviper.mx\/tienda\/producto\/apc-sybt4-modulo-de-bateras-para-symmetra-px-requiere-instalacion-por-parte-del-fabricante-nmero-de-parte-wagslabour-solicita-la-cotizacin-con-el-pm\/","name":"[ Apc ] &#129351; Sybt4 Modulo De Bater\u00edas Para Symmetra Px, (requiere Instalacion Por Parte Del Fabricante; N\u00famero De Parte Wagslabour) Solicita La Cotizaci\u00f3n Con El Pm","isPartOf":{"@id":"https:\/\/compuviper.mx\/tienda\/#website"},"datePublished":"2026-04-07T06:32:09+00:00","dateModified":"2026-04-07T06:32:09+00:00","description":"Compra Sybt4 Modulo De Bater\u00edas Para Symmetra Px, (requiere Instalacion Por Parte Del Fabricante; N\u00famero De Parte Wagslabour) Solicita La Cotizaci\u00f3n Con El Pm + Env\u00edo a domicilio + Pago seguro + Garant\u00eda","breadcrumb":{"@id":"https:\/\/compuviper.mx\/tienda\/producto\/apc-sybt4-modulo-de-bateras-para-symmetra-px-requiere-instalacion-por-parte-del-fabricante-nmero-de-parte-wagslabour-solicita-la-cotizacin-con-el-pm\/#breadcrumb"},"inLanguage":"es-MX","potentialAction":[{"@type":"ReadAction","target":["https:\/\/compuviper.mx\/tienda\/producto\/apc-sybt4-modulo-de-bateras-para-symmetra-px-requiere-instalacion-por-parte-del-fabricante-nmero-de-parte-wagslabour-solicita-la-cotizacin-con-el-pm\/"]}]},{"@type":"BreadcrumbList","@id":"https:\/\/compuviper.mx\/tienda\/producto\/apc-sybt4-modulo-de-bateras-para-symmetra-px-requiere-instalacion-por-parte-del-fabricante-nmero-de-parte-wagslabour-solicita-la-cotizacin-con-el-pm\/#breadcrumb","itemListElement":[{"@type":"ListItem","position":1,"name":"Inicio","item":"https:\/\/compuviper.mx\/tienda\/"},{"@type":"ListItem","position":2,"name":"Productos","item":"https:\/\/compuviper.mx\/tienda\/productos\/"},{"@type":"ListItem","position":3,"name":"Energia","item":"https:\/\/compuviper.mx\/tienda\/categoria-producto\/energia\/"},{"@type":"ListItem","position":4,"name":"Bateria","item":"https:\/\/compuviper.mx\/tienda\/categoria-producto\/energia\/bateria\/"},{"@type":"ListItem","position":5,"name":"Apc Sybt4 Modulo De Bater?as Para Symmetra Px, (requiere Instalacion Por Parte Del Fabricante; N?mero De Parte Wagslabour) Solicita La Cotizaci?n Con El Pm"}]},{"@type":"WebSite","@id":"https:\/\/compuviper.mx\/tienda\/#website","url":"https:\/\/compuviper.mx\/tienda\/","name":"Compuviper","description":"Proveedor de Computadoras, Laptops, Servidores, Monitores, Puntos de Venta, Teclados,   Impresoras, T\u00f3ner, C\u00e1maras de Seguridad y m\u00e1s en tu tienda en l\u00ednea","publisher":{"@id":"https:\/\/compuviper.mx\/tienda\/#organization"},"potentialAction":[{"@type":"SearchAction","target":{"@type":"EntryPoint","urlTemplate":"https:\/\/compuviper.mx\/tienda\/?s={search_term_string}"},"query-input":"required name=search_term_string"}],"inLanguage":"es-MX"},{"@type":"Organization","@id":"https:\/\/compuviper.mx\/tienda\/#organization","name":"Compuviper","url":"https:\/\/compuviper.mx\/tienda\/","logo":{"@type":"ImageObject","inLanguage":"es-MX","@id":"https:\/\/compuviper.mx\/tienda\/#\/schema\/logo\/image\/","url":"https:\/\/compuviper.mx\/tienda\/wp-content\/uploads\/2021\/08\/Logo-Compuviper-10.png","contentUrl":"https:\/\/compuviper.mx\/tienda\/wp-content\/uploads\/2021\/08\/Logo-Compuviper-10.png","width":1000,"height":500,"caption":"Compuviper"},"image":{"@id":"https:\/\/compuviper.mx\/tienda\/#\/schema\/logo\/image\/"},"sameAs":["https:\/\/www.facebook.com\/compuviper","https:\/\/www.youtube.com\/channel\/UCf73dERp9Y3cfOq7q8BhLjA?view_as=subscriber"]}]},"product_brand":"APC","product_price_amount":"41672","product_price_currency":"MXN","og_availability":"out of stock","product_availability":"out of stock","product_retailer_item_id":"SYBT4","product_condition":"new"},"_links":{"self":[{"href":"https:\/\/compuviper.mx\/tienda\/wp-json\/wp\/v2\/product\/217926"}],"collection":[{"href":"https:\/\/compuviper.mx\/tienda\/wp-json\/wp\/v2\/product"}],"about":[{"href":"https:\/\/compuviper.mx\/tienda\/wp-json\/wp\/v2\/types\/product"}],"replies":[{"embeddable":true,"href":"https:\/\/compuviper.mx\/tienda\/wp-json\/wp\/v2\/comments?post=217926"}],"wp:featuredmedia":[{"embeddable":true,"href":"https:\/\/compuviper.mx\/tienda\/wp-json\/wp\/v2\/media\/217927"}],"wp:attachment":[{"href":"https:\/\/compuviper.mx\/tienda\/wp-json\/wp\/v2\/media?parent=217926"}],"wp:term":[{"taxonomy":"product_cat","embeddable":true,"href":"https:\/\/compuviper.mx\/tienda\/wp-json\/wp\/v2\/product_cat?post=217926"},{"taxonomy":"product_tag","embeddable":true,"href":"https:\/\/compuviper.mx\/tienda\/wp-json\/wp\/v2\/product_tag?post=217926"}],"curies":[{"name":"wp","href":"https:\/\/api.w.org\/{rel}","templated":true}]}}