{"id":217918,"date":"2026-04-02T00:31:43","date_gmt":"2026-04-02T06:31:43","guid":{"rendered":"https:\/\/compuviper.mx\/tienda\/producto\/apc-br1500g-no-break-de-1500va-linea-interactiva-con-10-nemas-5-15r\/"},"modified":"2026-04-02T00:31:43","modified_gmt":"2026-04-02T06:31:43","slug":"apc-br1500g-no-break-de-1500va-linea-interactiva-con-10-nemas-5-15r","status":"publish","type":"product","link":"https:\/\/compuviper.mx\/tienda\/producto\/apc-br1500g-no-break-de-1500va-linea-interactiva-con-10-nemas-5-15r\/","title":{"rendered":"Apc Br1500g No Break De 1500va Linea Interactiva Con 10 Nemas 5-15r"},"content":{"rendered":"<table class=\"descripcion\">\n<tr>\n<td>Salida<\/td>\n<\/tr>\n<tr>\n<td>Capacidad de potencia de salida: 865 vatios \/ 1500 va<\/td>\n<\/tr>\n<tr>\n<td>Tensi\u00f3n de salida nominal: 120v<\/td>\n<\/tr>\n<tr>\n<td>Frecuencia de salida (sincronizada a red el\u00e9ctrica principal): 50\/60 hz +\/- 3 hz ajustable por el usuario +\/- 0,1<\/td>\n<\/tr>\n<tr>\n<td>Tipologia: linea interactiva<\/td>\n<\/tr>\n<tr>\n<td>Tipo de forma de onda: aproximaci\u00f3n acompasada de una onda sinusoidal<\/td>\n<\/tr>\n<tr>\n<td>Conexiones de salida: (5) nema 5-15r (respaldo de bater\u00eda), (5) nema 5-15r (selector_surgetitle)<\/td>\n<\/tr>\n<tr>\n<td>Duraci\u00f2n de transferencia: oms typical: 12 ms maximum<\/td>\n<\/tr>\n<tr>\n<td>Entrada<\/td>\n<\/tr>\n<tr>\n<td>Entrada de voltaje: 120v<\/td>\n<\/tr>\n<tr>\n<td>Frecuencia de entrada: 50\/60 hz +\/- 3 hz (autosensible)<\/td>\n<\/tr>\n<tr>\n<td>Tipo de enchufe: nema 5-15p<\/td>\n<\/tr>\n<tr>\n<td>Longitud del cable: 1.83 metros<\/td>\n<\/tr>\n<tr>\n<td>Variaci\u00f3n de tensi\u00f3n de entrada:para operaciones principales 88 &#8211; 139v<\/td>\n<\/tr>\n<tr>\n<td>Bater\u00edas y autonom\u00eda<\/td>\n<\/tr>\n<tr>\n<td>Tipo de bater\u00eda: bater\u00eda sellada de plomo sin necesidad de mantenci\u00f3n con electrolito suspendido: a prueba de filtraci\u00f3n<\/td>\n<\/tr>\n<tr>\n<td>Baterias pre-instaladas: 1<\/td>\n<\/tr>\n<tr>\n<td>Tiempo t\u00edpico de recarga: 8 horas<\/td>\n<\/tr>\n<tr>\n<td>Bateria de recambio: apcrbc124<\/td>\n<\/tr>\n<tr>\n<td>Vida util esperada de las baterias: 3-5 a\u00f1os<\/td>\n<\/tr>\n<tr>\n<td>Cantidad de cartuchos de bater\u00eda de recambio: 1<\/td>\n<\/tr>\n<tr>\n<td>Capacidad va\/hora de la bateria: 187<\/td>\n<\/tr>\n<\/table>\n","protected":false},"excerpt":{"rendered":"<p>Modo ecol\u00f3gico modo de funcionamiento que permite saltear los componentes el\u00e9ctricos en buenas condiciones energ\u00e9ticas que no se est\u00e1n utilizando para lograr un alt\u00edsimo nivel de eficiencia operativa sin sacrificar la protecci\u00f3n (patente en tr\u00e1mite) .Alarmas sonoras provide notification of changing flywheel conditionsnotificaci\u00f3n sobre fallas de la bater\u00eda analiza las bater\u00edas a fin de advertir anticipadamente en caso de fallas posibles, lo que garantiza que el mantenimiento preventivo sea oportuno.Tomas de salida aptas para ahorro de energ\u00eda corta el suministro el\u00e9ctrico autom\u00e1ticamente del equipo inactivo para conservar electricidad.Interruptor de circuito reiniciable recuperaci\u00f3n r\u00e1pida luego de una sobrecarga, sin necesidad de reemplazar fusibles.Duraci\u00f3n prolongable es posible agregar bater\u00edas adicionales para suministrar energ\u00eda a la carga por mayor tiempo.<\/p>\n","protected":false},"featured_media":217919,"comment_status":"open","ping_status":"open","template":"","meta":[],"product_cat":[1508,1691],"product_tag":[1694],"acf":[],"yoast_head":"<!-- This site is optimized with the Yoast SEO plugin v21.7 - https:\/\/yoast.com\/wordpress\/plugins\/seo\/ -->\n<title>[ Apc ] &#129351; Br1500g No Break De 1500va Linea Interactiva Con 10 Nemas 5-15r<\/title>\n<meta name=\"description\" content=\"Compra Br1500g No Break De 1500va Linea Interactiva Con 10 Nemas 5-15r + Env\u00edo a domicilio + Pago seguro + Garant\u00eda\" \/>\n<meta name=\"robots\" content=\"index, follow, max-snippet:-1, max-image-preview:large, max-video-preview:-1\" \/>\n<link rel=\"canonical\" href=\"https:\/\/compuviper.mx\/tienda\/producto\/apc-br1500g-no-break-de-1500va-linea-interactiva-con-10-nemas-5-15r\/\" \/>\n<meta property=\"og:locale\" content=\"es_MX\" \/>\n<meta property=\"og:type\" content=\"article\" \/>\n<meta property=\"og:title\" content=\"[ Apc ] &#129351; Br1500g No Break De 1500va Linea Interactiva Con 10 Nemas 5-15r\" \/>\n<meta property=\"og:description\" content=\"Compra Br1500g No Break De 1500va Linea Interactiva Con 10 Nemas 5-15r + Env\u00edo a domicilio + Pago seguro + Garant\u00eda\" \/>\n<meta property=\"og:url\" content=\"https:\/\/compuviper.mx\/tienda\/producto\/apc-br1500g-no-break-de-1500va-linea-interactiva-con-10-nemas-5-15r\/\" \/>\n<meta property=\"og:site_name\" content=\"Compuviper\" \/>\n<meta property=\"article:publisher\" content=\"https:\/\/www.facebook.com\/compuviper\" \/>\n<meta property=\"og:image\" content=\"https:\/\/compuviper.mx\/tienda\/wp-content\/uploads\/2023\/12\/No-break-de-1500va-linea-interactiva-con-10-nemas-5-15r.jpg\" \/>\n\t<meta property=\"og:image:width\" content=\"200\" \/>\n\t<meta property=\"og:image:height\" content=\"200\" \/>\n\t<meta property=\"og:image:type\" content=\"image\/jpeg\" \/>\n<meta name=\"twitter:card\" content=\"summary_large_image\" \/>\n<meta name=\"twitter:label1\" content=\"Precio\" \/>\n\t<meta name=\"twitter:data1\" content=\"&#36;4,917 con IVA\" \/>\n\t<meta name=\"twitter:label2\" content=\"Availability\" \/>\n\t<meta name=\"twitter:data2\" content=\"Out of stock\" \/>\n<script type=\"application\/ld+json\" class=\"yoast-schema-graph\">{\"@context\":\"https:\/\/schema.org\",\"@graph\":[{\"@type\":\"WebPage\",\"@id\":\"https:\/\/compuviper.mx\/tienda\/producto\/apc-br1500g-no-break-de-1500va-linea-interactiva-con-10-nemas-5-15r\/\",\"url\":\"https:\/\/compuviper.mx\/tienda\/producto\/apc-br1500g-no-break-de-1500va-linea-interactiva-con-10-nemas-5-15r\/\",\"name\":\"[ Apc ] &#129351; Br1500g No Break De 1500va Linea Interactiva Con 10 Nemas 5-15r\",\"isPartOf\":{\"@id\":\"https:\/\/compuviper.mx\/tienda\/#website\"},\"datePublished\":\"2026-04-02T06:31:43+00:00\",\"dateModified\":\"2026-04-02T06:31:43+00:00\",\"description\":\"Compra Br1500g No Break De 1500va Linea Interactiva Con 10 Nemas 5-15r + Env\u00edo a domicilio + Pago seguro + Garant\u00eda\",\"breadcrumb\":{\"@id\":\"https:\/\/compuviper.mx\/tienda\/producto\/apc-br1500g-no-break-de-1500va-linea-interactiva-con-10-nemas-5-15r\/#breadcrumb\"},\"inLanguage\":\"es-MX\",\"potentialAction\":[{\"@type\":\"ReadAction\",\"target\":[\"https:\/\/compuviper.mx\/tienda\/producto\/apc-br1500g-no-break-de-1500va-linea-interactiva-con-10-nemas-5-15r\/\"]}]},{\"@type\":\"BreadcrumbList\",\"@id\":\"https:\/\/compuviper.mx\/tienda\/producto\/apc-br1500g-no-break-de-1500va-linea-interactiva-con-10-nemas-5-15r\/#breadcrumb\",\"itemListElement\":[{\"@type\":\"ListItem\",\"position\":1,\"name\":\"Inicio\",\"item\":\"https:\/\/compuviper.mx\/tienda\/\"},{\"@type\":\"ListItem\",\"position\":2,\"name\":\"Productos\",\"item\":\"https:\/\/compuviper.mx\/tienda\/productos\/\"},{\"@type\":\"ListItem\",\"position\":3,\"name\":\"Energia\",\"item\":\"https:\/\/compuviper.mx\/tienda\/categoria-producto\/energia\/\"},{\"@type\":\"ListItem\",\"position\":4,\"name\":\"No Break\",\"item\":\"https:\/\/compuviper.mx\/tienda\/categoria-producto\/energia\/no-break\/\"},{\"@type\":\"ListItem\",\"position\":5,\"name\":\"Apc Br1500g No Break De 1500va Linea Interactiva Con 10 Nemas 5-15r\"}]},{\"@type\":\"WebSite\",\"@id\":\"https:\/\/compuviper.mx\/tienda\/#website\",\"url\":\"https:\/\/compuviper.mx\/tienda\/\",\"name\":\"Compuviper\",\"description\":\"Proveedor de Computadoras, Laptops, Servidores, Monitores, Puntos de Venta, Teclados,   Impresoras, T\u00f3ner, C\u00e1maras de Seguridad y m\u00e1s en tu tienda en l\u00ednea\",\"publisher\":{\"@id\":\"https:\/\/compuviper.mx\/tienda\/#organization\"},\"potentialAction\":[{\"@type\":\"SearchAction\",\"target\":{\"@type\":\"EntryPoint\",\"urlTemplate\":\"https:\/\/compuviper.mx\/tienda\/?s={search_term_string}\"},\"query-input\":\"required name=search_term_string\"}],\"inLanguage\":\"es-MX\"},{\"@type\":\"Organization\",\"@id\":\"https:\/\/compuviper.mx\/tienda\/#organization\",\"name\":\"Compuviper\",\"url\":\"https:\/\/compuviper.mx\/tienda\/\",\"logo\":{\"@type\":\"ImageObject\",\"inLanguage\":\"es-MX\",\"@id\":\"https:\/\/compuviper.mx\/tienda\/#\/schema\/logo\/image\/\",\"url\":\"https:\/\/compuviper.mx\/tienda\/wp-content\/uploads\/2021\/08\/Logo-Compuviper-10.png\",\"contentUrl\":\"https:\/\/compuviper.mx\/tienda\/wp-content\/uploads\/2021\/08\/Logo-Compuviper-10.png\",\"width\":1000,\"height\":500,\"caption\":\"Compuviper\"},\"image\":{\"@id\":\"https:\/\/compuviper.mx\/tienda\/#\/schema\/logo\/image\/\"},\"sameAs\":[\"https:\/\/www.facebook.com\/compuviper\",\"https:\/\/www.youtube.com\/channel\/UCf73dERp9Y3cfOq7q8BhLjA?view_as=subscriber\"]}]}<\/script>\n<meta property=\"product:brand\" content=\"APC\" \/>\n<meta property=\"product:price:amount\" content=\"4917\" \/>\n<meta property=\"product:price:currency\" content=\"MXN\" \/>\n<meta property=\"og:availability\" content=\"out of stock\" \/>\n<meta property=\"product:availability\" content=\"out of stock\" \/>\n<meta property=\"product:retailer_item_id\" content=\"BR1500G\" \/>\n<meta property=\"product:condition\" content=\"new\" \/>\n<!-- \/ Yoast SEO plugin. -->","yoast_head_json":{"title":"[ Apc ] &#129351; Br1500g No Break De 1500va Linea Interactiva Con 10 Nemas 5-15r","description":"Compra Br1500g No Break De 1500va Linea Interactiva Con 10 Nemas 5-15r + Env\u00edo a domicilio + Pago seguro + Garant\u00eda","robots":{"index":"index","follow":"follow","max-snippet":"max-snippet:-1","max-image-preview":"max-image-preview:large","max-video-preview":"max-video-preview:-1"},"canonical":"https:\/\/compuviper.mx\/tienda\/producto\/apc-br1500g-no-break-de-1500va-linea-interactiva-con-10-nemas-5-15r\/","og_locale":"es_MX","og_type":"article","og_title":"[ Apc ] &#129351; Br1500g No Break De 1500va Linea Interactiva Con 10 Nemas 5-15r","og_description":"Compra Br1500g No Break De 1500va Linea Interactiva Con 10 Nemas 5-15r + Env\u00edo a domicilio + Pago seguro + Garant\u00eda","og_url":"https:\/\/compuviper.mx\/tienda\/producto\/apc-br1500g-no-break-de-1500va-linea-interactiva-con-10-nemas-5-15r\/","og_site_name":"Compuviper","article_publisher":"https:\/\/www.facebook.com\/compuviper","og_image":[{"width":200,"height":200,"url":"https:\/\/compuviper.mx\/tienda\/wp-content\/uploads\/2023\/12\/No-break-de-1500va-linea-interactiva-con-10-nemas-5-15r.jpg","type":"image\/jpeg"}],"twitter_card":"summary_large_image","twitter_misc":{"Precio":"&#36;4,917 con IVA","Availability":"Out of stock"},"schema":{"@context":"https:\/\/schema.org","@graph":[{"@type":"WebPage","@id":"https:\/\/compuviper.mx\/tienda\/producto\/apc-br1500g-no-break-de-1500va-linea-interactiva-con-10-nemas-5-15r\/","url":"https:\/\/compuviper.mx\/tienda\/producto\/apc-br1500g-no-break-de-1500va-linea-interactiva-con-10-nemas-5-15r\/","name":"[ Apc ] &#129351; Br1500g No Break De 1500va Linea Interactiva Con 10 Nemas 5-15r","isPartOf":{"@id":"https:\/\/compuviper.mx\/tienda\/#website"},"datePublished":"2026-04-02T06:31:43+00:00","dateModified":"2026-04-02T06:31:43+00:00","description":"Compra Br1500g No Break De 1500va Linea Interactiva Con 10 Nemas 5-15r + Env\u00edo a domicilio + Pago seguro + Garant\u00eda","breadcrumb":{"@id":"https:\/\/compuviper.mx\/tienda\/producto\/apc-br1500g-no-break-de-1500va-linea-interactiva-con-10-nemas-5-15r\/#breadcrumb"},"inLanguage":"es-MX","potentialAction":[{"@type":"ReadAction","target":["https:\/\/compuviper.mx\/tienda\/producto\/apc-br1500g-no-break-de-1500va-linea-interactiva-con-10-nemas-5-15r\/"]}]},{"@type":"BreadcrumbList","@id":"https:\/\/compuviper.mx\/tienda\/producto\/apc-br1500g-no-break-de-1500va-linea-interactiva-con-10-nemas-5-15r\/#breadcrumb","itemListElement":[{"@type":"ListItem","position":1,"name":"Inicio","item":"https:\/\/compuviper.mx\/tienda\/"},{"@type":"ListItem","position":2,"name":"Productos","item":"https:\/\/compuviper.mx\/tienda\/productos\/"},{"@type":"ListItem","position":3,"name":"Energia","item":"https:\/\/compuviper.mx\/tienda\/categoria-producto\/energia\/"},{"@type":"ListItem","position":4,"name":"No Break","item":"https:\/\/compuviper.mx\/tienda\/categoria-producto\/energia\/no-break\/"},{"@type":"ListItem","position":5,"name":"Apc Br1500g No Break De 1500va Linea Interactiva Con 10 Nemas 5-15r"}]},{"@type":"WebSite","@id":"https:\/\/compuviper.mx\/tienda\/#website","url":"https:\/\/compuviper.mx\/tienda\/","name":"Compuviper","description":"Proveedor de Computadoras, Laptops, Servidores, Monitores, Puntos de Venta, Teclados,   Impresoras, T\u00f3ner, C\u00e1maras de Seguridad y m\u00e1s en tu tienda en l\u00ednea","publisher":{"@id":"https:\/\/compuviper.mx\/tienda\/#organization"},"potentialAction":[{"@type":"SearchAction","target":{"@type":"EntryPoint","urlTemplate":"https:\/\/compuviper.mx\/tienda\/?s={search_term_string}"},"query-input":"required name=search_term_string"}],"inLanguage":"es-MX"},{"@type":"Organization","@id":"https:\/\/compuviper.mx\/tienda\/#organization","name":"Compuviper","url":"https:\/\/compuviper.mx\/tienda\/","logo":{"@type":"ImageObject","inLanguage":"es-MX","@id":"https:\/\/compuviper.mx\/tienda\/#\/schema\/logo\/image\/","url":"https:\/\/compuviper.mx\/tienda\/wp-content\/uploads\/2021\/08\/Logo-Compuviper-10.png","contentUrl":"https:\/\/compuviper.mx\/tienda\/wp-content\/uploads\/2021\/08\/Logo-Compuviper-10.png","width":1000,"height":500,"caption":"Compuviper"},"image":{"@id":"https:\/\/compuviper.mx\/tienda\/#\/schema\/logo\/image\/"},"sameAs":["https:\/\/www.facebook.com\/compuviper","https:\/\/www.youtube.com\/channel\/UCf73dERp9Y3cfOq7q8BhLjA?view_as=subscriber"]}]},"product_brand":"APC","product_price_amount":"4917","product_price_currency":"MXN","og_availability":"out of stock","product_availability":"out of stock","product_retailer_item_id":"BR1500G","product_condition":"new"},"_links":{"self":[{"href":"https:\/\/compuviper.mx\/tienda\/wp-json\/wp\/v2\/product\/217918"}],"collection":[{"href":"https:\/\/compuviper.mx\/tienda\/wp-json\/wp\/v2\/product"}],"about":[{"href":"https:\/\/compuviper.mx\/tienda\/wp-json\/wp\/v2\/types\/product"}],"replies":[{"embeddable":true,"href":"https:\/\/compuviper.mx\/tienda\/wp-json\/wp\/v2\/comments?post=217918"}],"wp:featuredmedia":[{"embeddable":true,"href":"https:\/\/compuviper.mx\/tienda\/wp-json\/wp\/v2\/media\/217919"}],"wp:attachment":[{"href":"https:\/\/compuviper.mx\/tienda\/wp-json\/wp\/v2\/media?parent=217918"}],"wp:term":[{"taxonomy":"product_cat","embeddable":true,"href":"https:\/\/compuviper.mx\/tienda\/wp-json\/wp\/v2\/product_cat?post=217918"},{"taxonomy":"product_tag","embeddable":true,"href":"https:\/\/compuviper.mx\/tienda\/wp-json\/wp\/v2\/product_tag?post=217918"}],"curies":[{"name":"wp","href":"https:\/\/api.w.org\/{rel}","templated":true}]}}