{"id":217908,"date":"2026-04-02T00:31:40","date_gmt":"2026-04-02T06:31:40","guid":{"rendered":"https:\/\/compuviper.mx\/tienda\/producto\/sola-basic-isb-xr-21-162-no-break-micro-sr-1600va-1000-watts-6-contactos-c-regulador\/"},"modified":"2026-04-02T00:31:41","modified_gmt":"2026-04-02T06:31:41","slug":"sola-basic-isb-xr-21-162-no-break-micro-sr-1600va-1000-watts-6-contactos-c-regulador","status":"publish","type":"product","link":"https:\/\/compuviper.mx\/tienda\/producto\/sola-basic-isb-xr-21-162-no-break-micro-sr-1600va-1000-watts-6-contactos-c-regulador\/","title":{"rendered":"Sola Basic Isb Xr-21-162 No Break  Micro Sr , 1600va \/ 1000 Watts, 6 Contactos, C\/regulador"},"content":{"rendered":"<table class=\"descripcion\">\n<tr>\n<td>Para los siguientes equipos computadoras personales, equipo de comunicaciones, sistemas de control o seguridad, fax , cajas registradoras, sistemas de audio, video, multimedia o entrenimiento, todo equipo que requiera tensi\u00f3n regulada y soporte contra fallas de energ\u00eda el\u00e9ctrica.cuenta con regulador electr\u00f3nico integrado, tecnologia electrinica y sistema inteligente, operacion totalmente automatica, bateria sellada recargable libre de mantenimiento, proteccion de la bateria, puerto de comunicaci\u00f3n, alarma audible, leds indicadores del modo de operaci\u00f3n, mantenimiento nulo, supresor de picos y ruido integrado, caracteristicas mecanicas; gabinete met\u00e1lico, interruptor de encendido-apagado general, 4 contactos polarizados tipo nema 5-15r, (6 en los modelos 1600 y 2000), cable tomacorriente con clavija tipo nema 5-15p integrada, leds indicadores de funcionamiento, caracter\u00edsticas m\u00e9canicas por modelo, altura 30,0 cm, frente 17,0 cm, longitud 38,0 cm, peso 25,5 kg, especificaciones el\u00e9ctricas; tensi\u00f3n nominal: 127v~1 fase, intervalo: 102-140v~ frecuencia 60 hz, corriente nominal 12,6\u00aa, salida; tensi\u00f3n nominal 120v~, frecuencia nominal 60 hz, capacidad 1600va, forma de onda;con inversor cuasisenoidal, con l\u00ednea senoidal, tiempo de reserva; carga t\u00edpica\/media 2,5 horas\/14 minutos, tiempo de transferencia   12ms, caracter\u00edsticas ambientales, temperatura ambiente de operaci\u00f3n 0 a 40\u00b0 c, temperatura de almacenamiento -10 a 40\u00b0 c, humedad relativa (sin condensaci\u00f3n) 0 a 95% , altura m\u00e1xima de operaci\u00f3n 3000 m s.n.m.<\/td>\n<\/tr>\n<\/table>\n","protected":false},"excerpt":{"rendered":"<p>El micro sr trabaja con el software intellisoft de isb en espa\u00f1ol que permite programar el cierre automatico desatendido del sistema operativo, asegurando que ningun archivo se da\u00f1e.Descripci\u00f3n de funcionamiento, bajo condiciones normales de operaci\u00f3n la l\u00ednea comercial entrega energ\u00eda de c.A. A la secci\u00f3n del cargador, el cual se encargar\u00e1 de mantener en \u00f3ptimas condiciones de carga a la bater\u00eda y el regulador mantendr\u00e1 la tensi\u00f3n de salida dentro de especificaciones. Cuando la tensi\u00f3n de l\u00ednea comercial falle, el equipo operar\u00e1 con bater\u00eda y el inversor seguir\u00e1 proporcionando la tensi\u00f3n de c.A. Regulada a la carga en sincron\u00eda con la l\u00ednea comercial. Al restablecerse la l\u00ednea comercial de c.A. El rectificador carga nuevamente la bater\u00eda y el inversor se apaga autom\u00e1ticamente.<\/p>\n","protected":false},"featured_media":217909,"comment_status":"open","ping_status":"open","template":"","meta":[],"product_cat":[1508,1691],"product_tag":[1696],"acf":[],"yoast_head":"<!-- This site is optimized with the Yoast SEO plugin v21.7 - https:\/\/yoast.com\/wordpress\/plugins\/seo\/ -->\n<title>[ Sola Basic Isb ] &#129351; Xr-21-162 No Break Micro Sr , 1600va \/ 1000 Watts, 6 Contactos, C\/regulador<\/title>\n<meta name=\"description\" content=\"Compra Xr-21-162 No Break Micro Sr , 1600va \/ 1000 Watts, 6 Contactos, C\/regulador + Env\u00edo a domicilio + Pago seguro + Garant\u00eda\" \/>\n<meta name=\"robots\" content=\"index, follow, max-snippet:-1, max-image-preview:large, max-video-preview:-1\" \/>\n<link rel=\"canonical\" href=\"https:\/\/compuviper.mx\/tienda\/producto\/sola-basic-isb-xr-21-162-no-break-micro-sr-1600va-1000-watts-6-contactos-c-regulador\/\" \/>\n<meta property=\"og:locale\" content=\"es_MX\" \/>\n<meta property=\"og:type\" content=\"article\" \/>\n<meta property=\"og:title\" content=\"[ Sola Basic Isb ] &#129351; Xr-21-162 No Break Micro Sr , 1600va \/ 1000 Watts, 6 Contactos, C\/regulador\" \/>\n<meta property=\"og:description\" content=\"Compra Xr-21-162 No Break Micro Sr , 1600va \/ 1000 Watts, 6 Contactos, C\/regulador + Env\u00edo a domicilio + Pago seguro + Garant\u00eda\" \/>\n<meta property=\"og:url\" content=\"https:\/\/compuviper.mx\/tienda\/producto\/sola-basic-isb-xr-21-162-no-break-micro-sr-1600va-1000-watts-6-contactos-c-regulador\/\" \/>\n<meta property=\"og:site_name\" content=\"Compuviper\" \/>\n<meta property=\"article:publisher\" content=\"https:\/\/www.facebook.com\/compuviper\" \/>\n<meta property=\"article:modified_time\" content=\"2026-04-02T06:31:41+00:00\" \/>\n<meta property=\"og:image\" content=\"https:\/\/compuviper.mx\/tienda\/wp-content\/uploads\/2023\/12\/No-break-sola-basic-isb-micro-sr-xr-21-162-1600va-1000-watts-6-contactos-cregulador.jpg\" \/>\n\t<meta property=\"og:image:width\" content=\"200\" \/>\n\t<meta property=\"og:image:height\" content=\"200\" \/>\n\t<meta property=\"og:image:type\" content=\"image\/jpeg\" \/>\n<meta name=\"twitter:card\" content=\"summary_large_image\" \/>\n<meta name=\"twitter:label1\" content=\"Precio\" \/>\n\t<meta name=\"twitter:data1\" content=\"&#36;4,757 con IVA\" \/>\n\t<meta name=\"twitter:label2\" content=\"Availability\" \/>\n\t<meta name=\"twitter:data2\" content=\"Out of stock\" \/>\n<script type=\"application\/ld+json\" class=\"yoast-schema-graph\">{\"@context\":\"https:\/\/schema.org\",\"@graph\":[{\"@type\":\"WebPage\",\"@id\":\"https:\/\/compuviper.mx\/tienda\/producto\/sola-basic-isb-xr-21-162-no-break-micro-sr-1600va-1000-watts-6-contactos-c-regulador\/\",\"url\":\"https:\/\/compuviper.mx\/tienda\/producto\/sola-basic-isb-xr-21-162-no-break-micro-sr-1600va-1000-watts-6-contactos-c-regulador\/\",\"name\":\"[ Sola Basic Isb ] &#129351; Xr-21-162 No Break Micro Sr , 1600va \/ 1000 Watts, 6 Contactos, C\/regulador\",\"isPartOf\":{\"@id\":\"https:\/\/compuviper.mx\/tienda\/#website\"},\"datePublished\":\"2026-04-02T06:31:40+00:00\",\"dateModified\":\"2026-04-02T06:31:41+00:00\",\"description\":\"Compra Xr-21-162 No Break Micro Sr , 1600va \/ 1000 Watts, 6 Contactos, C\/regulador + Env\u00edo a domicilio + Pago seguro + Garant\u00eda\",\"breadcrumb\":{\"@id\":\"https:\/\/compuviper.mx\/tienda\/producto\/sola-basic-isb-xr-21-162-no-break-micro-sr-1600va-1000-watts-6-contactos-c-regulador\/#breadcrumb\"},\"inLanguage\":\"es-MX\",\"potentialAction\":[{\"@type\":\"ReadAction\",\"target\":[\"https:\/\/compuviper.mx\/tienda\/producto\/sola-basic-isb-xr-21-162-no-break-micro-sr-1600va-1000-watts-6-contactos-c-regulador\/\"]}]},{\"@type\":\"BreadcrumbList\",\"@id\":\"https:\/\/compuviper.mx\/tienda\/producto\/sola-basic-isb-xr-21-162-no-break-micro-sr-1600va-1000-watts-6-contactos-c-regulador\/#breadcrumb\",\"itemListElement\":[{\"@type\":\"ListItem\",\"position\":1,\"name\":\"Inicio\",\"item\":\"https:\/\/compuviper.mx\/tienda\/\"},{\"@type\":\"ListItem\",\"position\":2,\"name\":\"Productos\",\"item\":\"https:\/\/compuviper.mx\/tienda\/productos\/\"},{\"@type\":\"ListItem\",\"position\":3,\"name\":\"Energia\",\"item\":\"https:\/\/compuviper.mx\/tienda\/categoria-producto\/energia\/\"},{\"@type\":\"ListItem\",\"position\":4,\"name\":\"No Break\",\"item\":\"https:\/\/compuviper.mx\/tienda\/categoria-producto\/energia\/no-break\/\"},{\"@type\":\"ListItem\",\"position\":5,\"name\":\"Sola Basic Isb Xr-21-162 No Break Micro Sr , 1600va \/ 1000 Watts, 6 Contactos, C\/regulador\"}]},{\"@type\":\"WebSite\",\"@id\":\"https:\/\/compuviper.mx\/tienda\/#website\",\"url\":\"https:\/\/compuviper.mx\/tienda\/\",\"name\":\"Compuviper\",\"description\":\"Proveedor de Computadoras, Laptops, Servidores, Monitores, Puntos de Venta, Teclados,   Impresoras, T\u00f3ner, C\u00e1maras de Seguridad y m\u00e1s en tu tienda en l\u00ednea\",\"publisher\":{\"@id\":\"https:\/\/compuviper.mx\/tienda\/#organization\"},\"potentialAction\":[{\"@type\":\"SearchAction\",\"target\":{\"@type\":\"EntryPoint\",\"urlTemplate\":\"https:\/\/compuviper.mx\/tienda\/?s={search_term_string}\"},\"query-input\":\"required name=search_term_string\"}],\"inLanguage\":\"es-MX\"},{\"@type\":\"Organization\",\"@id\":\"https:\/\/compuviper.mx\/tienda\/#organization\",\"name\":\"Compuviper\",\"url\":\"https:\/\/compuviper.mx\/tienda\/\",\"logo\":{\"@type\":\"ImageObject\",\"inLanguage\":\"es-MX\",\"@id\":\"https:\/\/compuviper.mx\/tienda\/#\/schema\/logo\/image\/\",\"url\":\"https:\/\/compuviper.mx\/tienda\/wp-content\/uploads\/2021\/08\/Logo-Compuviper-10.png\",\"contentUrl\":\"https:\/\/compuviper.mx\/tienda\/wp-content\/uploads\/2021\/08\/Logo-Compuviper-10.png\",\"width\":1000,\"height\":500,\"caption\":\"Compuviper\"},\"image\":{\"@id\":\"https:\/\/compuviper.mx\/tienda\/#\/schema\/logo\/image\/\"},\"sameAs\":[\"https:\/\/www.facebook.com\/compuviper\",\"https:\/\/www.youtube.com\/channel\/UCf73dERp9Y3cfOq7q8BhLjA?view_as=subscriber\"]}]}<\/script>\n<meta property=\"product:brand\" content=\"SOLA BASIC ISB\" \/>\n<meta property=\"product:price:amount\" content=\"4757\" \/>\n<meta property=\"product:price:currency\" content=\"MXN\" \/>\n<meta property=\"og:availability\" content=\"out of stock\" \/>\n<meta property=\"product:availability\" content=\"out of stock\" \/>\n<meta property=\"product:retailer_item_id\" content=\"XR-21-162\" \/>\n<meta property=\"product:condition\" content=\"new\" \/>\n<!-- \/ Yoast SEO plugin. -->","yoast_head_json":{"title":"[ Sola Basic Isb ] &#129351; Xr-21-162 No Break Micro Sr , 1600va \/ 1000 Watts, 6 Contactos, C\/regulador","description":"Compra Xr-21-162 No Break Micro Sr , 1600va \/ 1000 Watts, 6 Contactos, C\/regulador + Env\u00edo a domicilio + Pago seguro + Garant\u00eda","robots":{"index":"index","follow":"follow","max-snippet":"max-snippet:-1","max-image-preview":"max-image-preview:large","max-video-preview":"max-video-preview:-1"},"canonical":"https:\/\/compuviper.mx\/tienda\/producto\/sola-basic-isb-xr-21-162-no-break-micro-sr-1600va-1000-watts-6-contactos-c-regulador\/","og_locale":"es_MX","og_type":"article","og_title":"[ Sola Basic Isb ] &#129351; Xr-21-162 No Break Micro Sr , 1600va \/ 1000 Watts, 6 Contactos, C\/regulador","og_description":"Compra Xr-21-162 No Break Micro Sr , 1600va \/ 1000 Watts, 6 Contactos, C\/regulador + Env\u00edo a domicilio + Pago seguro + Garant\u00eda","og_url":"https:\/\/compuviper.mx\/tienda\/producto\/sola-basic-isb-xr-21-162-no-break-micro-sr-1600va-1000-watts-6-contactos-c-regulador\/","og_site_name":"Compuviper","article_publisher":"https:\/\/www.facebook.com\/compuviper","article_modified_time":"2026-04-02T06:31:41+00:00","og_image":[{"width":200,"height":200,"url":"https:\/\/compuviper.mx\/tienda\/wp-content\/uploads\/2023\/12\/No-break-sola-basic-isb-micro-sr-xr-21-162-1600va-1000-watts-6-contactos-cregulador.jpg","type":"image\/jpeg"}],"twitter_card":"summary_large_image","twitter_misc":{"Precio":"&#36;4,757 con IVA","Availability":"Out of stock"},"schema":{"@context":"https:\/\/schema.org","@graph":[{"@type":"WebPage","@id":"https:\/\/compuviper.mx\/tienda\/producto\/sola-basic-isb-xr-21-162-no-break-micro-sr-1600va-1000-watts-6-contactos-c-regulador\/","url":"https:\/\/compuviper.mx\/tienda\/producto\/sola-basic-isb-xr-21-162-no-break-micro-sr-1600va-1000-watts-6-contactos-c-regulador\/","name":"[ Sola Basic Isb ] &#129351; Xr-21-162 No Break Micro Sr , 1600va \/ 1000 Watts, 6 Contactos, C\/regulador","isPartOf":{"@id":"https:\/\/compuviper.mx\/tienda\/#website"},"datePublished":"2026-04-02T06:31:40+00:00","dateModified":"2026-04-02T06:31:41+00:00","description":"Compra Xr-21-162 No Break Micro Sr , 1600va \/ 1000 Watts, 6 Contactos, C\/regulador + Env\u00edo a domicilio + Pago seguro + Garant\u00eda","breadcrumb":{"@id":"https:\/\/compuviper.mx\/tienda\/producto\/sola-basic-isb-xr-21-162-no-break-micro-sr-1600va-1000-watts-6-contactos-c-regulador\/#breadcrumb"},"inLanguage":"es-MX","potentialAction":[{"@type":"ReadAction","target":["https:\/\/compuviper.mx\/tienda\/producto\/sola-basic-isb-xr-21-162-no-break-micro-sr-1600va-1000-watts-6-contactos-c-regulador\/"]}]},{"@type":"BreadcrumbList","@id":"https:\/\/compuviper.mx\/tienda\/producto\/sola-basic-isb-xr-21-162-no-break-micro-sr-1600va-1000-watts-6-contactos-c-regulador\/#breadcrumb","itemListElement":[{"@type":"ListItem","position":1,"name":"Inicio","item":"https:\/\/compuviper.mx\/tienda\/"},{"@type":"ListItem","position":2,"name":"Productos","item":"https:\/\/compuviper.mx\/tienda\/productos\/"},{"@type":"ListItem","position":3,"name":"Energia","item":"https:\/\/compuviper.mx\/tienda\/categoria-producto\/energia\/"},{"@type":"ListItem","position":4,"name":"No Break","item":"https:\/\/compuviper.mx\/tienda\/categoria-producto\/energia\/no-break\/"},{"@type":"ListItem","position":5,"name":"Sola Basic Isb Xr-21-162 No Break Micro Sr , 1600va \/ 1000 Watts, 6 Contactos, C\/regulador"}]},{"@type":"WebSite","@id":"https:\/\/compuviper.mx\/tienda\/#website","url":"https:\/\/compuviper.mx\/tienda\/","name":"Compuviper","description":"Proveedor de Computadoras, Laptops, Servidores, Monitores, Puntos de Venta, Teclados,   Impresoras, T\u00f3ner, C\u00e1maras de Seguridad y m\u00e1s en tu tienda en l\u00ednea","publisher":{"@id":"https:\/\/compuviper.mx\/tienda\/#organization"},"potentialAction":[{"@type":"SearchAction","target":{"@type":"EntryPoint","urlTemplate":"https:\/\/compuviper.mx\/tienda\/?s={search_term_string}"},"query-input":"required name=search_term_string"}],"inLanguage":"es-MX"},{"@type":"Organization","@id":"https:\/\/compuviper.mx\/tienda\/#organization","name":"Compuviper","url":"https:\/\/compuviper.mx\/tienda\/","logo":{"@type":"ImageObject","inLanguage":"es-MX","@id":"https:\/\/compuviper.mx\/tienda\/#\/schema\/logo\/image\/","url":"https:\/\/compuviper.mx\/tienda\/wp-content\/uploads\/2021\/08\/Logo-Compuviper-10.png","contentUrl":"https:\/\/compuviper.mx\/tienda\/wp-content\/uploads\/2021\/08\/Logo-Compuviper-10.png","width":1000,"height":500,"caption":"Compuviper"},"image":{"@id":"https:\/\/compuviper.mx\/tienda\/#\/schema\/logo\/image\/"},"sameAs":["https:\/\/www.facebook.com\/compuviper","https:\/\/www.youtube.com\/channel\/UCf73dERp9Y3cfOq7q8BhLjA?view_as=subscriber"]}]},"product_brand":"SOLA BASIC ISB","product_price_amount":"4757","product_price_currency":"MXN","og_availability":"out of stock","product_availability":"out of stock","product_retailer_item_id":"XR-21-162","product_condition":"new"},"_links":{"self":[{"href":"https:\/\/compuviper.mx\/tienda\/wp-json\/wp\/v2\/product\/217908"}],"collection":[{"href":"https:\/\/compuviper.mx\/tienda\/wp-json\/wp\/v2\/product"}],"about":[{"href":"https:\/\/compuviper.mx\/tienda\/wp-json\/wp\/v2\/types\/product"}],"replies":[{"embeddable":true,"href":"https:\/\/compuviper.mx\/tienda\/wp-json\/wp\/v2\/comments?post=217908"}],"wp:featuredmedia":[{"embeddable":true,"href":"https:\/\/compuviper.mx\/tienda\/wp-json\/wp\/v2\/media\/217909"}],"wp:attachment":[{"href":"https:\/\/compuviper.mx\/tienda\/wp-json\/wp\/v2\/media?parent=217908"}],"wp:term":[{"taxonomy":"product_cat","embeddable":true,"href":"https:\/\/compuviper.mx\/tienda\/wp-json\/wp\/v2\/product_cat?post=217908"},{"taxonomy":"product_tag","embeddable":true,"href":"https:\/\/compuviper.mx\/tienda\/wp-json\/wp\/v2\/product_tag?post=217908"}],"curies":[{"name":"wp","href":"https:\/\/api.w.org\/{rel}","templated":true}]}}