{"id":217902,"date":"2026-04-07T00:30:02","date_gmt":"2026-04-07T06:30:02","guid":{"rendered":"https:\/\/compuviper.mx\/tienda\/producto\/sola-basic-isb-xrn-21-481-no-break-micro-srinet-480va-300-watts-8-contactos-c-regulador\/"},"modified":"2026-04-07T00:30:03","modified_gmt":"2026-04-07T06:30:03","slug":"sola-basic-isb-xrn-21-481-no-break-micro-srinet-480va-300-watts-8-contactos-c-regulador","status":"publish","type":"product","link":"https:\/\/compuviper.mx\/tienda\/producto\/sola-basic-isb-xrn-21-481-no-break-micro-srinet-480va-300-watts-8-contactos-c-regulador\/","title":{"rendered":"Sola Basic Isb Xrn-21-481 No Break  Micro Srinet  480va \/ 300 Watts 8 Contactos C\/regulador"},"content":{"rendered":"<table class=\"descripcion\">\n<tr>\n<td>No break de sola basic con pantalla lcd indicadora del modo de operacion. con regulador electronico integrado, bateria sellada recargable, libre de mantenimiento, microprocesador permite al equipo trabajar con rapidez, versatilidad y eficiencia, brindandole a usted la confianza de una proteccion segura y efectiva contra las perturbaciones de la linea comercial. puerto de comunicacion compatible con usb, software intellisoft disponible en la web de isb. transferencia a bateria inversor, por bajo y alto voltaje, supresor de picos (de c.a.) y de ruido integrado, proteccion de linea telefonica, alarma audible, caracteristicas mecanicas: gabinete metalico\/plastico, interruptor de encendido-apagado general y de arranque automatico, 8 contactos polarizados tipo nema 5-15r, todos ellos con tension regulada, respaldo de bateria (suministro ininterrumpido de energia), supresion de picos y tierra fisica, pantalla lcd  indicadora del modo de operacion y funcionamiento , caracteristicas mecanicas por modelo, altura 23,7 cm, frente 11,0 cm, longitud 32,0 cm, peso 7,2 kg, especificaciones electricas, tension nominal: 127v~1 fase, intervalo: 95-140v~ , frecuencia nominal: 60 hz, corriente maxima: 3,8 a, salida tensi\u00f3n nominal 120v~, frecuencia nominal 60 hz, potencia 480va \/300 watts, regulacion, con inversor operando +6% \/- 8% , con linea +6% -8%, forma de onda, con inversor operando cuasisenoidal, con l\u00ednea senoidal, interruptor de apagado  y encendido de alarma audible, tiempo de reserva, carga tipica 60 minutos, tiempo de transferencia   4 ms, caracteristicas ambientales; temperatura ambiente de operacion 0 a 40\u00b0 c, temperatura de almacenamiento 10 a 40\u00b0 c, humedad relativa sin condensacion 0 a 95%, altura maxima de operaci\u00f3n 3000 m s.n.m.<\/td>\n<\/tr>\n<\/table>\n","protected":false},"excerpt":{"rendered":"<p>Equipo ideal para ser usado en computadoras personales con conexion a internet, pantallas planas, de multimedia o entretenimiento. Equipos de comunicaciones, sistemas de control o seguridad, fax, cajas registradoras o puntos de venta, sistemas de audio. Todo equipo que reguiera tension regulada y soporte contra fallas de energia. Descripcion de funcionamiento, bajo condiciones normales de operacion la linea comercial entrega energia de c.A. A la seccion del cargador, el cual se encargara de mantener en optimas condiciones de carga a la bateria y el regulador mantendra la tension de salida dentro de especificaciones. Cuando la tension de linea comercial falle, el equipo operara con bateria y el inversor seguira proporcionando la tension de c.A. Regulada a la carga en sincronia con la linea comercial. Al restablecerse la linea comercial de c.A. El rectificador carga nuevamente la bateria y el inversor se apaga automaticamente.<\/p>\n","protected":false},"featured_media":217903,"comment_status":"open","ping_status":"open","template":"","meta":[],"product_cat":[1508,1691],"product_tag":[1696],"acf":[],"yoast_head":"<!-- This site is optimized with the Yoast SEO plugin v21.7 - https:\/\/yoast.com\/wordpress\/plugins\/seo\/ -->\n<title>[ Sola Basic Isb ] &#129351; Xrn-21-481 No Break Micro Srinet 480va \/ 300 Watts 8 Contactos C\/regulador<\/title>\n<meta name=\"description\" content=\"Compra Xrn-21-481 No Break Micro Srinet 480va \/ 300 Watts 8 Contactos C\/regulador + Env\u00edo a domicilio + Pago seguro + Garant\u00eda\" \/>\n<meta name=\"robots\" content=\"index, follow, max-snippet:-1, max-image-preview:large, max-video-preview:-1\" \/>\n<link rel=\"canonical\" href=\"https:\/\/compuviper.mx\/tienda\/producto\/sola-basic-isb-xrn-21-481-no-break-micro-srinet-480va-300-watts-8-contactos-c-regulador\/\" \/>\n<meta property=\"og:locale\" content=\"es_MX\" \/>\n<meta property=\"og:type\" content=\"article\" \/>\n<meta property=\"og:title\" content=\"[ Sola Basic Isb ] &#129351; Xrn-21-481 No Break Micro Srinet 480va \/ 300 Watts 8 Contactos C\/regulador\" \/>\n<meta property=\"og:description\" content=\"Compra Xrn-21-481 No Break Micro Srinet 480va \/ 300 Watts 8 Contactos C\/regulador + Env\u00edo a domicilio + Pago seguro + Garant\u00eda\" \/>\n<meta property=\"og:url\" content=\"https:\/\/compuviper.mx\/tienda\/producto\/sola-basic-isb-xrn-21-481-no-break-micro-srinet-480va-300-watts-8-contactos-c-regulador\/\" \/>\n<meta property=\"og:site_name\" content=\"Compuviper\" \/>\n<meta property=\"article:publisher\" content=\"https:\/\/www.facebook.com\/compuviper\" \/>\n<meta property=\"article:modified_time\" content=\"2026-04-07T06:30:03+00:00\" \/>\n<meta property=\"og:image\" content=\"https:\/\/compuviper.mx\/tienda\/wp-content\/uploads\/2023\/12\/No-break-sola-basic-isb-micro-srinet-xrn-21-481-480va-300-watts-8-contactos-cregulador.jpg\" \/>\n\t<meta property=\"og:image:width\" content=\"200\" \/>\n\t<meta property=\"og:image:height\" content=\"200\" \/>\n\t<meta property=\"og:image:type\" content=\"image\/jpeg\" \/>\n<meta name=\"twitter:card\" content=\"summary_large_image\" \/>\n<meta name=\"twitter:label1\" content=\"Precio\" \/>\n\t<meta name=\"twitter:data1\" content=\"&#36;1,995 con IVA\" \/>\n\t<meta name=\"twitter:label2\" content=\"Availability\" \/>\n\t<meta name=\"twitter:data2\" content=\"Out of stock\" \/>\n<script type=\"application\/ld+json\" class=\"yoast-schema-graph\">{\"@context\":\"https:\/\/schema.org\",\"@graph\":[{\"@type\":\"WebPage\",\"@id\":\"https:\/\/compuviper.mx\/tienda\/producto\/sola-basic-isb-xrn-21-481-no-break-micro-srinet-480va-300-watts-8-contactos-c-regulador\/\",\"url\":\"https:\/\/compuviper.mx\/tienda\/producto\/sola-basic-isb-xrn-21-481-no-break-micro-srinet-480va-300-watts-8-contactos-c-regulador\/\",\"name\":\"[ Sola Basic Isb ] &#129351; Xrn-21-481 No Break Micro Srinet 480va \/ 300 Watts 8 Contactos C\/regulador\",\"isPartOf\":{\"@id\":\"https:\/\/compuviper.mx\/tienda\/#website\"},\"datePublished\":\"2026-04-07T06:30:02+00:00\",\"dateModified\":\"2026-04-07T06:30:03+00:00\",\"description\":\"Compra Xrn-21-481 No Break Micro Srinet 480va \/ 300 Watts 8 Contactos C\/regulador + Env\u00edo a domicilio + Pago seguro + Garant\u00eda\",\"breadcrumb\":{\"@id\":\"https:\/\/compuviper.mx\/tienda\/producto\/sola-basic-isb-xrn-21-481-no-break-micro-srinet-480va-300-watts-8-contactos-c-regulador\/#breadcrumb\"},\"inLanguage\":\"es-MX\",\"potentialAction\":[{\"@type\":\"ReadAction\",\"target\":[\"https:\/\/compuviper.mx\/tienda\/producto\/sola-basic-isb-xrn-21-481-no-break-micro-srinet-480va-300-watts-8-contactos-c-regulador\/\"]}]},{\"@type\":\"BreadcrumbList\",\"@id\":\"https:\/\/compuviper.mx\/tienda\/producto\/sola-basic-isb-xrn-21-481-no-break-micro-srinet-480va-300-watts-8-contactos-c-regulador\/#breadcrumb\",\"itemListElement\":[{\"@type\":\"ListItem\",\"position\":1,\"name\":\"Inicio\",\"item\":\"https:\/\/compuviper.mx\/tienda\/\"},{\"@type\":\"ListItem\",\"position\":2,\"name\":\"Productos\",\"item\":\"https:\/\/compuviper.mx\/tienda\/productos\/\"},{\"@type\":\"ListItem\",\"position\":3,\"name\":\"Energia\",\"item\":\"https:\/\/compuviper.mx\/tienda\/categoria-producto\/energia\/\"},{\"@type\":\"ListItem\",\"position\":4,\"name\":\"No Break\",\"item\":\"https:\/\/compuviper.mx\/tienda\/categoria-producto\/energia\/no-break\/\"},{\"@type\":\"ListItem\",\"position\":5,\"name\":\"Sola Basic Isb Xrn-21-481 No Break Micro Srinet 480va \/ 300 Watts 8 Contactos C\/regulador\"}]},{\"@type\":\"WebSite\",\"@id\":\"https:\/\/compuviper.mx\/tienda\/#website\",\"url\":\"https:\/\/compuviper.mx\/tienda\/\",\"name\":\"Compuviper\",\"description\":\"Proveedor de Computadoras, Laptops, Servidores, Monitores, Puntos de Venta, Teclados,   Impresoras, T\u00f3ner, C\u00e1maras de Seguridad y m\u00e1s en tu tienda en l\u00ednea\",\"publisher\":{\"@id\":\"https:\/\/compuviper.mx\/tienda\/#organization\"},\"potentialAction\":[{\"@type\":\"SearchAction\",\"target\":{\"@type\":\"EntryPoint\",\"urlTemplate\":\"https:\/\/compuviper.mx\/tienda\/?s={search_term_string}\"},\"query-input\":\"required name=search_term_string\"}],\"inLanguage\":\"es-MX\"},{\"@type\":\"Organization\",\"@id\":\"https:\/\/compuviper.mx\/tienda\/#organization\",\"name\":\"Compuviper\",\"url\":\"https:\/\/compuviper.mx\/tienda\/\",\"logo\":{\"@type\":\"ImageObject\",\"inLanguage\":\"es-MX\",\"@id\":\"https:\/\/compuviper.mx\/tienda\/#\/schema\/logo\/image\/\",\"url\":\"https:\/\/compuviper.mx\/tienda\/wp-content\/uploads\/2021\/08\/Logo-Compuviper-10.png\",\"contentUrl\":\"https:\/\/compuviper.mx\/tienda\/wp-content\/uploads\/2021\/08\/Logo-Compuviper-10.png\",\"width\":1000,\"height\":500,\"caption\":\"Compuviper\"},\"image\":{\"@id\":\"https:\/\/compuviper.mx\/tienda\/#\/schema\/logo\/image\/\"},\"sameAs\":[\"https:\/\/www.facebook.com\/compuviper\",\"https:\/\/www.youtube.com\/channel\/UCf73dERp9Y3cfOq7q8BhLjA?view_as=subscriber\"]}]}<\/script>\n<meta property=\"product:brand\" content=\"SOLA BASIC ISB\" \/>\n<meta property=\"product:price:amount\" content=\"1995\" \/>\n<meta property=\"product:price:currency\" content=\"MXN\" \/>\n<meta property=\"og:availability\" content=\"out of stock\" \/>\n<meta property=\"product:availability\" content=\"out of stock\" \/>\n<meta property=\"product:retailer_item_id\" content=\"XRN-21-481\" \/>\n<meta property=\"product:condition\" content=\"new\" \/>\n<!-- \/ Yoast SEO plugin. -->","yoast_head_json":{"title":"[ Sola Basic Isb ] &#129351; Xrn-21-481 No Break Micro Srinet 480va \/ 300 Watts 8 Contactos C\/regulador","description":"Compra Xrn-21-481 No Break Micro Srinet 480va \/ 300 Watts 8 Contactos C\/regulador + Env\u00edo a domicilio + Pago seguro + Garant\u00eda","robots":{"index":"index","follow":"follow","max-snippet":"max-snippet:-1","max-image-preview":"max-image-preview:large","max-video-preview":"max-video-preview:-1"},"canonical":"https:\/\/compuviper.mx\/tienda\/producto\/sola-basic-isb-xrn-21-481-no-break-micro-srinet-480va-300-watts-8-contactos-c-regulador\/","og_locale":"es_MX","og_type":"article","og_title":"[ Sola Basic Isb ] &#129351; Xrn-21-481 No Break Micro Srinet 480va \/ 300 Watts 8 Contactos C\/regulador","og_description":"Compra Xrn-21-481 No Break Micro Srinet 480va \/ 300 Watts 8 Contactos C\/regulador + Env\u00edo a domicilio + Pago seguro + Garant\u00eda","og_url":"https:\/\/compuviper.mx\/tienda\/producto\/sola-basic-isb-xrn-21-481-no-break-micro-srinet-480va-300-watts-8-contactos-c-regulador\/","og_site_name":"Compuviper","article_publisher":"https:\/\/www.facebook.com\/compuviper","article_modified_time":"2026-04-07T06:30:03+00:00","og_image":[{"width":200,"height":200,"url":"https:\/\/compuviper.mx\/tienda\/wp-content\/uploads\/2023\/12\/No-break-sola-basic-isb-micro-srinet-xrn-21-481-480va-300-watts-8-contactos-cregulador.jpg","type":"image\/jpeg"}],"twitter_card":"summary_large_image","twitter_misc":{"Precio":"&#36;1,995 con IVA","Availability":"Out of stock"},"schema":{"@context":"https:\/\/schema.org","@graph":[{"@type":"WebPage","@id":"https:\/\/compuviper.mx\/tienda\/producto\/sola-basic-isb-xrn-21-481-no-break-micro-srinet-480va-300-watts-8-contactos-c-regulador\/","url":"https:\/\/compuviper.mx\/tienda\/producto\/sola-basic-isb-xrn-21-481-no-break-micro-srinet-480va-300-watts-8-contactos-c-regulador\/","name":"[ Sola Basic Isb ] &#129351; Xrn-21-481 No Break Micro Srinet 480va \/ 300 Watts 8 Contactos C\/regulador","isPartOf":{"@id":"https:\/\/compuviper.mx\/tienda\/#website"},"datePublished":"2026-04-07T06:30:02+00:00","dateModified":"2026-04-07T06:30:03+00:00","description":"Compra Xrn-21-481 No Break Micro Srinet 480va \/ 300 Watts 8 Contactos C\/regulador + Env\u00edo a domicilio + Pago seguro + Garant\u00eda","breadcrumb":{"@id":"https:\/\/compuviper.mx\/tienda\/producto\/sola-basic-isb-xrn-21-481-no-break-micro-srinet-480va-300-watts-8-contactos-c-regulador\/#breadcrumb"},"inLanguage":"es-MX","potentialAction":[{"@type":"ReadAction","target":["https:\/\/compuviper.mx\/tienda\/producto\/sola-basic-isb-xrn-21-481-no-break-micro-srinet-480va-300-watts-8-contactos-c-regulador\/"]}]},{"@type":"BreadcrumbList","@id":"https:\/\/compuviper.mx\/tienda\/producto\/sola-basic-isb-xrn-21-481-no-break-micro-srinet-480va-300-watts-8-contactos-c-regulador\/#breadcrumb","itemListElement":[{"@type":"ListItem","position":1,"name":"Inicio","item":"https:\/\/compuviper.mx\/tienda\/"},{"@type":"ListItem","position":2,"name":"Productos","item":"https:\/\/compuviper.mx\/tienda\/productos\/"},{"@type":"ListItem","position":3,"name":"Energia","item":"https:\/\/compuviper.mx\/tienda\/categoria-producto\/energia\/"},{"@type":"ListItem","position":4,"name":"No Break","item":"https:\/\/compuviper.mx\/tienda\/categoria-producto\/energia\/no-break\/"},{"@type":"ListItem","position":5,"name":"Sola Basic Isb Xrn-21-481 No Break Micro Srinet 480va \/ 300 Watts 8 Contactos C\/regulador"}]},{"@type":"WebSite","@id":"https:\/\/compuviper.mx\/tienda\/#website","url":"https:\/\/compuviper.mx\/tienda\/","name":"Compuviper","description":"Proveedor de Computadoras, Laptops, Servidores, Monitores, Puntos de Venta, Teclados,   Impresoras, T\u00f3ner, C\u00e1maras de Seguridad y m\u00e1s en tu tienda en l\u00ednea","publisher":{"@id":"https:\/\/compuviper.mx\/tienda\/#organization"},"potentialAction":[{"@type":"SearchAction","target":{"@type":"EntryPoint","urlTemplate":"https:\/\/compuviper.mx\/tienda\/?s={search_term_string}"},"query-input":"required name=search_term_string"}],"inLanguage":"es-MX"},{"@type":"Organization","@id":"https:\/\/compuviper.mx\/tienda\/#organization","name":"Compuviper","url":"https:\/\/compuviper.mx\/tienda\/","logo":{"@type":"ImageObject","inLanguage":"es-MX","@id":"https:\/\/compuviper.mx\/tienda\/#\/schema\/logo\/image\/","url":"https:\/\/compuviper.mx\/tienda\/wp-content\/uploads\/2021\/08\/Logo-Compuviper-10.png","contentUrl":"https:\/\/compuviper.mx\/tienda\/wp-content\/uploads\/2021\/08\/Logo-Compuviper-10.png","width":1000,"height":500,"caption":"Compuviper"},"image":{"@id":"https:\/\/compuviper.mx\/tienda\/#\/schema\/logo\/image\/"},"sameAs":["https:\/\/www.facebook.com\/compuviper","https:\/\/www.youtube.com\/channel\/UCf73dERp9Y3cfOq7q8BhLjA?view_as=subscriber"]}]},"product_brand":"SOLA BASIC ISB","product_price_amount":"1995","product_price_currency":"MXN","og_availability":"out of stock","product_availability":"out of stock","product_retailer_item_id":"XRN-21-481","product_condition":"new"},"_links":{"self":[{"href":"https:\/\/compuviper.mx\/tienda\/wp-json\/wp\/v2\/product\/217902"}],"collection":[{"href":"https:\/\/compuviper.mx\/tienda\/wp-json\/wp\/v2\/product"}],"about":[{"href":"https:\/\/compuviper.mx\/tienda\/wp-json\/wp\/v2\/types\/product"}],"replies":[{"embeddable":true,"href":"https:\/\/compuviper.mx\/tienda\/wp-json\/wp\/v2\/comments?post=217902"}],"wp:featuredmedia":[{"embeddable":true,"href":"https:\/\/compuviper.mx\/tienda\/wp-json\/wp\/v2\/media\/217903"}],"wp:attachment":[{"href":"https:\/\/compuviper.mx\/tienda\/wp-json\/wp\/v2\/media?parent=217902"}],"wp:term":[{"taxonomy":"product_cat","embeddable":true,"href":"https:\/\/compuviper.mx\/tienda\/wp-json\/wp\/v2\/product_cat?post=217902"},{"taxonomy":"product_tag","embeddable":true,"href":"https:\/\/compuviper.mx\/tienda\/wp-json\/wp\/v2\/product_tag?post=217902"}],"curies":[{"name":"wp","href":"https:\/\/api.w.org\/{rel}","templated":true}]}}