{"id":217898,"date":"2026-04-02T00:31:38","date_gmt":"2026-04-02T06:31:38","guid":{"rendered":"https:\/\/compuviper.mx\/tienda\/producto\/tripp-lite-omni650lcd-no-break-interactivo-de-120v-650va-y-350w-torre-pantalla-lcd-puerto-usb-garantia-por-3-aos\/"},"modified":"2026-04-02T00:31:38","modified_gmt":"2026-04-02T06:31:38","slug":"tripp-lite-omni650lcd-no-break-interactivo-de-120v-650va-y-350w-torre-pantalla-lcd-puerto-usb-garantia-por-3-aos","status":"publish","type":"product","link":"https:\/\/compuviper.mx\/tienda\/producto\/tripp-lite-omni650lcd-no-break-interactivo-de-120v-650va-y-350w-torre-pantalla-lcd-puerto-usb-garantia-por-3-aos\/","title":{"rendered":"Tripp-lite Omni650lcd No Break   Interactivo De 120v 650va Y 350w Torre Pantalla Lcd Puerto Usb. Garantia Por 3 A?os."},"content":{"rendered":"<table class=\"descripcion\">\n<tr>\n<td>Ups en torre, interactivo de 650va mantiene la salida nominal de 120v sobre un rango de entrada de 89 a 132v funciones optimizadas para estaciones de trabajo\/centros multimedia soportadas por puerto usb (compatible con hid-pdc) y cuatro tomacorrientes para supresi\u00f3n \u00fanicamente el gran lcd de voltaje de entrada con luz de fondo e interruptor para graduaci\u00f3n de la luz rota para la visibilidad vertical cuando est\u00e1 colocado en estantes o torres entrada: nema 5-15p (120v 15a) \/ salida: 8 nema 5-15r (120v) garant\u00eda del producto por 2 a\u00f1os<\/td>\n<\/tr>\n<\/table>\n","protected":false},"excerpt":{"rendered":"<p>Los sistemas ups digitales e interactivos en l\u00ednea omni650lcd de tripp lite ofrecen regulaci\u00f3n de voltaje, supresi\u00f3n de sobretensiones y soporte de bater\u00eda de larga duraci\u00f3n para computadoras personales, sistemas de entretenimiento hogare\u00f1os y centros multimedia. Los circuitos internos del ups soportan pcs de nivel b\u00e1sico durante 40 min. O componentes de vcr\/dvr individuales por hasta 2 horas durante fallas en el suministro el\u00e9ctrico. Previene la p\u00e9rdida de datos, interrupciones cuando est\u00e1 mirando algo, p\u00e9rdida de grabaciones y de programaci\u00f3n de componentes. Los circuitos de regulaci\u00f3n autom\u00e1tica de voltaje (avr) regulan el bajo voltaje de hasta 89v a niveles utilizables sin consumir la energ\u00eda de la bater\u00eda. Ofrece protecci\u00f3n de energ\u00eda completa en una atractiva configuraci\u00f3n en torre de color negro. Incluye 4 tomacorrientes soportados por bater\u00eda\/protecci\u00f3n contra sobretensiones, m\u00e1s 4 tomacorrientes adicionales solo para supresi\u00f3n de sobretensiones para equipos que no necesitan soporte de bater\u00eda. El puerto usb permite el cierre sin supervisi\u00f3n del sistema en forma opcional, sin p\u00e9rdida de datos en caso de fallas prolongadas del suministro el\u00e9ctrico. El software poweralert se puede descargar en forma gratuita de www.Tripplite.Com. La interfaz usb compatible con hid permite la integraci\u00f3n con las funciones incorporadas de administraci\u00f3n de energ\u00eda y cierre autom\u00e1tico de windows y mac os x. La alarma sonora integrada y el gran panel frontal lcd indican los estados: alimentaci\u00f3n de l\u00ednea, alimentaci\u00f3n de bater\u00eda, bater\u00eda baja\/reemplazar y elevaci\u00f3n del voltaje. La pantalla lcd incluye un interruptor para graduaci\u00f3n de la luz y se puede rotar para visualizarlo f\u00e1cilmente en cualquier aplicaci\u00f3n. Capacidad de administraci\u00f3n de 650va\/350w de potencia para soportar pcs de nivel b\u00e1sico, sistemas de entretenimiento hogare\u00f1os, estaciones de conexi\u00f3n en red, componentes de audio y video y m\u00e1s. Ofrece 3,5 minutos de tiempo de respaldo con una carga completa de 650va\/350w y 12 minutos con media carga de 325va\/175w.<\/p>\n","protected":false},"featured_media":217899,"comment_status":"open","ping_status":"open","template":"","meta":[],"product_cat":[1508,1691],"product_tag":[1510],"acf":[],"yoast_head":"<!-- This site is optimized with the Yoast SEO plugin v21.7 - https:\/\/yoast.com\/wordpress\/plugins\/seo\/ -->\n<title>[ Tripp-lite ] &#129351; Omni650lcd No Break Interactivo De 120v 650va Y 350w Torre Pantalla Lcd Puerto Usb. Garantia Por 3 A\u00f1os.<\/title>\n<meta name=\"description\" content=\"Compra Omni650lcd No Break Interactivo De 120v 650va Y 350w Torre Pantalla Lcd Puerto Usb. Garantia Por 3 A\u00f1os. + Env\u00edo a domicilio + Pago seguro + Garant\u00eda\" \/>\n<meta name=\"robots\" content=\"index, follow, max-snippet:-1, max-image-preview:large, max-video-preview:-1\" \/>\n<link rel=\"canonical\" href=\"https:\/\/compuviper.mx\/tienda\/producto\/tripp-lite-omni650lcd-no-break-interactivo-de-120v-650va-y-350w-torre-pantalla-lcd-puerto-usb-garantia-por-3-aos\/\" \/>\n<meta property=\"og:locale\" content=\"es_MX\" \/>\n<meta property=\"og:type\" content=\"article\" \/>\n<meta property=\"og:title\" content=\"[ Tripp-lite ] &#129351; Omni650lcd No Break Interactivo De 120v 650va Y 350w Torre Pantalla Lcd Puerto Usb. Garantia Por 3 A\u00f1os.\" \/>\n<meta property=\"og:description\" content=\"Compra Omni650lcd No Break Interactivo De 120v 650va Y 350w Torre Pantalla Lcd Puerto Usb. Garantia Por 3 A\u00f1os. + Env\u00edo a domicilio + Pago seguro + Garant\u00eda\" \/>\n<meta property=\"og:url\" content=\"https:\/\/compuviper.mx\/tienda\/producto\/tripp-lite-omni650lcd-no-break-interactivo-de-120v-650va-y-350w-torre-pantalla-lcd-puerto-usb-garantia-por-3-aos\/\" \/>\n<meta property=\"og:site_name\" content=\"Compuviper\" \/>\n<meta property=\"article:publisher\" content=\"https:\/\/www.facebook.com\/compuviper\" \/>\n<meta property=\"og:image\" content=\"https:\/\/compuviper.mx\/tienda\/wp-content\/uploads\/2023\/12\/No-break-tripp-lite-omni650lcd-interactivo-de-120v-650va-y-350w-torre-pantalla-lcd-puerto-usb.-garantia-por-3-anos.jpg\" \/>\n\t<meta property=\"og:image:width\" content=\"200\" \/>\n\t<meta property=\"og:image:height\" content=\"200\" \/>\n\t<meta property=\"og:image:type\" content=\"image\/jpeg\" \/>\n<meta name=\"twitter:card\" content=\"summary_large_image\" \/>\n<meta name=\"twitter:label1\" content=\"Precio\" \/>\n\t<meta name=\"twitter:data1\" content=\"&#36;4,365 &#36;3,500 con IVA\" \/>\n\t<meta name=\"twitter:label2\" content=\"Availability\" \/>\n\t<meta name=\"twitter:data2\" content=\"In stock\" \/>\n<script type=\"application\/ld+json\" class=\"yoast-schema-graph\">{\"@context\":\"https:\/\/schema.org\",\"@graph\":[{\"@type\":\"WebPage\",\"@id\":\"https:\/\/compuviper.mx\/tienda\/producto\/tripp-lite-omni650lcd-no-break-interactivo-de-120v-650va-y-350w-torre-pantalla-lcd-puerto-usb-garantia-por-3-aos\/\",\"url\":\"https:\/\/compuviper.mx\/tienda\/producto\/tripp-lite-omni650lcd-no-break-interactivo-de-120v-650va-y-350w-torre-pantalla-lcd-puerto-usb-garantia-por-3-aos\/\",\"name\":\"[ Tripp-lite ] &#129351; Omni650lcd No Break Interactivo De 120v 650va Y 350w Torre Pantalla Lcd Puerto Usb. Garantia Por 3 A\u00f1os.\",\"isPartOf\":{\"@id\":\"https:\/\/compuviper.mx\/tienda\/#website\"},\"datePublished\":\"2026-04-02T06:31:38+00:00\",\"dateModified\":\"2026-04-02T06:31:38+00:00\",\"description\":\"Compra Omni650lcd No Break Interactivo De 120v 650va Y 350w Torre Pantalla Lcd Puerto Usb. Garantia Por 3 A\u00f1os. + Env\u00edo a domicilio + Pago seguro + Garant\u00eda\",\"breadcrumb\":{\"@id\":\"https:\/\/compuviper.mx\/tienda\/producto\/tripp-lite-omni650lcd-no-break-interactivo-de-120v-650va-y-350w-torre-pantalla-lcd-puerto-usb-garantia-por-3-aos\/#breadcrumb\"},\"inLanguage\":\"es-MX\",\"potentialAction\":[{\"@type\":\"ReadAction\",\"target\":[\"https:\/\/compuviper.mx\/tienda\/producto\/tripp-lite-omni650lcd-no-break-interactivo-de-120v-650va-y-350w-torre-pantalla-lcd-puerto-usb-garantia-por-3-aos\/\"]}]},{\"@type\":\"BreadcrumbList\",\"@id\":\"https:\/\/compuviper.mx\/tienda\/producto\/tripp-lite-omni650lcd-no-break-interactivo-de-120v-650va-y-350w-torre-pantalla-lcd-puerto-usb-garantia-por-3-aos\/#breadcrumb\",\"itemListElement\":[{\"@type\":\"ListItem\",\"position\":1,\"name\":\"Inicio\",\"item\":\"https:\/\/compuviper.mx\/tienda\/\"},{\"@type\":\"ListItem\",\"position\":2,\"name\":\"Productos\",\"item\":\"https:\/\/compuviper.mx\/tienda\/productos\/\"},{\"@type\":\"ListItem\",\"position\":3,\"name\":\"Energia\",\"item\":\"https:\/\/compuviper.mx\/tienda\/categoria-producto\/energia\/\"},{\"@type\":\"ListItem\",\"position\":4,\"name\":\"No Break\",\"item\":\"https:\/\/compuviper.mx\/tienda\/categoria-producto\/energia\/no-break\/\"},{\"@type\":\"ListItem\",\"position\":5,\"name\":\"Tripp-lite Omni650lcd No Break Interactivo De 120v 650va Y 350w Torre Pantalla Lcd Puerto Usb. Garantia Por 3 A?os.\"}]},{\"@type\":\"WebSite\",\"@id\":\"https:\/\/compuviper.mx\/tienda\/#website\",\"url\":\"https:\/\/compuviper.mx\/tienda\/\",\"name\":\"Compuviper\",\"description\":\"Proveedor de Computadoras, Laptops, Servidores, Monitores, Puntos de Venta, Teclados,   Impresoras, T\u00f3ner, C\u00e1maras de Seguridad y m\u00e1s en tu tienda en l\u00ednea\",\"publisher\":{\"@id\":\"https:\/\/compuviper.mx\/tienda\/#organization\"},\"potentialAction\":[{\"@type\":\"SearchAction\",\"target\":{\"@type\":\"EntryPoint\",\"urlTemplate\":\"https:\/\/compuviper.mx\/tienda\/?s={search_term_string}\"},\"query-input\":\"required name=search_term_string\"}],\"inLanguage\":\"es-MX\"},{\"@type\":\"Organization\",\"@id\":\"https:\/\/compuviper.mx\/tienda\/#organization\",\"name\":\"Compuviper\",\"url\":\"https:\/\/compuviper.mx\/tienda\/\",\"logo\":{\"@type\":\"ImageObject\",\"inLanguage\":\"es-MX\",\"@id\":\"https:\/\/compuviper.mx\/tienda\/#\/schema\/logo\/image\/\",\"url\":\"https:\/\/compuviper.mx\/tienda\/wp-content\/uploads\/2021\/08\/Logo-Compuviper-10.png\",\"contentUrl\":\"https:\/\/compuviper.mx\/tienda\/wp-content\/uploads\/2021\/08\/Logo-Compuviper-10.png\",\"width\":1000,\"height\":500,\"caption\":\"Compuviper\"},\"image\":{\"@id\":\"https:\/\/compuviper.mx\/tienda\/#\/schema\/logo\/image\/\"},\"sameAs\":[\"https:\/\/www.facebook.com\/compuviper\",\"https:\/\/www.youtube.com\/channel\/UCf73dERp9Y3cfOq7q8BhLjA?view_as=subscriber\"]}]}<\/script>\n<meta property=\"product:brand\" content=\"TRIPP-LITE\" \/>\n<meta property=\"product:price:amount\" content=\"3500\" \/>\n<meta property=\"product:price:currency\" content=\"MXN\" \/>\n<meta property=\"og:availability\" content=\"instock\" \/>\n<meta property=\"product:availability\" content=\"instock\" \/>\n<meta property=\"product:retailer_item_id\" content=\"OMNI650LCD\" \/>\n<meta property=\"product:condition\" content=\"new\" \/>\n<!-- \/ Yoast SEO plugin. -->","yoast_head_json":{"title":"[ Tripp-lite ] &#129351; Omni650lcd No Break Interactivo De 120v 650va Y 350w Torre Pantalla Lcd Puerto Usb. Garantia Por 3 A\u00f1os.","description":"Compra Omni650lcd No Break Interactivo De 120v 650va Y 350w Torre Pantalla Lcd Puerto Usb. Garantia Por 3 A\u00f1os. + Env\u00edo a domicilio + Pago seguro + Garant\u00eda","robots":{"index":"index","follow":"follow","max-snippet":"max-snippet:-1","max-image-preview":"max-image-preview:large","max-video-preview":"max-video-preview:-1"},"canonical":"https:\/\/compuviper.mx\/tienda\/producto\/tripp-lite-omni650lcd-no-break-interactivo-de-120v-650va-y-350w-torre-pantalla-lcd-puerto-usb-garantia-por-3-aos\/","og_locale":"es_MX","og_type":"article","og_title":"[ Tripp-lite ] &#129351; Omni650lcd No Break Interactivo De 120v 650va Y 350w Torre Pantalla Lcd Puerto Usb. Garantia Por 3 A\u00f1os.","og_description":"Compra Omni650lcd No Break Interactivo De 120v 650va Y 350w Torre Pantalla Lcd Puerto Usb. Garantia Por 3 A\u00f1os. + Env\u00edo a domicilio + Pago seguro + Garant\u00eda","og_url":"https:\/\/compuviper.mx\/tienda\/producto\/tripp-lite-omni650lcd-no-break-interactivo-de-120v-650va-y-350w-torre-pantalla-lcd-puerto-usb-garantia-por-3-aos\/","og_site_name":"Compuviper","article_publisher":"https:\/\/www.facebook.com\/compuviper","og_image":[{"width":200,"height":200,"url":"https:\/\/compuviper.mx\/tienda\/wp-content\/uploads\/2023\/12\/No-break-tripp-lite-omni650lcd-interactivo-de-120v-650va-y-350w-torre-pantalla-lcd-puerto-usb.-garantia-por-3-anos.jpg","type":"image\/jpeg"}],"twitter_card":"summary_large_image","twitter_misc":{"Precio":"&#36;4,365 &#36;3,500 con IVA","Availability":"In stock"},"schema":{"@context":"https:\/\/schema.org","@graph":[{"@type":"WebPage","@id":"https:\/\/compuviper.mx\/tienda\/producto\/tripp-lite-omni650lcd-no-break-interactivo-de-120v-650va-y-350w-torre-pantalla-lcd-puerto-usb-garantia-por-3-aos\/","url":"https:\/\/compuviper.mx\/tienda\/producto\/tripp-lite-omni650lcd-no-break-interactivo-de-120v-650va-y-350w-torre-pantalla-lcd-puerto-usb-garantia-por-3-aos\/","name":"[ Tripp-lite ] &#129351; Omni650lcd No Break Interactivo De 120v 650va Y 350w Torre Pantalla Lcd Puerto Usb. Garantia Por 3 A\u00f1os.","isPartOf":{"@id":"https:\/\/compuviper.mx\/tienda\/#website"},"datePublished":"2026-04-02T06:31:38+00:00","dateModified":"2026-04-02T06:31:38+00:00","description":"Compra Omni650lcd No Break Interactivo De 120v 650va Y 350w Torre Pantalla Lcd Puerto Usb. Garantia Por 3 A\u00f1os. + Env\u00edo a domicilio + Pago seguro + Garant\u00eda","breadcrumb":{"@id":"https:\/\/compuviper.mx\/tienda\/producto\/tripp-lite-omni650lcd-no-break-interactivo-de-120v-650va-y-350w-torre-pantalla-lcd-puerto-usb-garantia-por-3-aos\/#breadcrumb"},"inLanguage":"es-MX","potentialAction":[{"@type":"ReadAction","target":["https:\/\/compuviper.mx\/tienda\/producto\/tripp-lite-omni650lcd-no-break-interactivo-de-120v-650va-y-350w-torre-pantalla-lcd-puerto-usb-garantia-por-3-aos\/"]}]},{"@type":"BreadcrumbList","@id":"https:\/\/compuviper.mx\/tienda\/producto\/tripp-lite-omni650lcd-no-break-interactivo-de-120v-650va-y-350w-torre-pantalla-lcd-puerto-usb-garantia-por-3-aos\/#breadcrumb","itemListElement":[{"@type":"ListItem","position":1,"name":"Inicio","item":"https:\/\/compuviper.mx\/tienda\/"},{"@type":"ListItem","position":2,"name":"Productos","item":"https:\/\/compuviper.mx\/tienda\/productos\/"},{"@type":"ListItem","position":3,"name":"Energia","item":"https:\/\/compuviper.mx\/tienda\/categoria-producto\/energia\/"},{"@type":"ListItem","position":4,"name":"No Break","item":"https:\/\/compuviper.mx\/tienda\/categoria-producto\/energia\/no-break\/"},{"@type":"ListItem","position":5,"name":"Tripp-lite Omni650lcd No Break Interactivo De 120v 650va Y 350w Torre Pantalla Lcd Puerto Usb. Garantia Por 3 A?os."}]},{"@type":"WebSite","@id":"https:\/\/compuviper.mx\/tienda\/#website","url":"https:\/\/compuviper.mx\/tienda\/","name":"Compuviper","description":"Proveedor de Computadoras, Laptops, Servidores, Monitores, Puntos de Venta, Teclados,   Impresoras, T\u00f3ner, C\u00e1maras de Seguridad y m\u00e1s en tu tienda en l\u00ednea","publisher":{"@id":"https:\/\/compuviper.mx\/tienda\/#organization"},"potentialAction":[{"@type":"SearchAction","target":{"@type":"EntryPoint","urlTemplate":"https:\/\/compuviper.mx\/tienda\/?s={search_term_string}"},"query-input":"required name=search_term_string"}],"inLanguage":"es-MX"},{"@type":"Organization","@id":"https:\/\/compuviper.mx\/tienda\/#organization","name":"Compuviper","url":"https:\/\/compuviper.mx\/tienda\/","logo":{"@type":"ImageObject","inLanguage":"es-MX","@id":"https:\/\/compuviper.mx\/tienda\/#\/schema\/logo\/image\/","url":"https:\/\/compuviper.mx\/tienda\/wp-content\/uploads\/2021\/08\/Logo-Compuviper-10.png","contentUrl":"https:\/\/compuviper.mx\/tienda\/wp-content\/uploads\/2021\/08\/Logo-Compuviper-10.png","width":1000,"height":500,"caption":"Compuviper"},"image":{"@id":"https:\/\/compuviper.mx\/tienda\/#\/schema\/logo\/image\/"},"sameAs":["https:\/\/www.facebook.com\/compuviper","https:\/\/www.youtube.com\/channel\/UCf73dERp9Y3cfOq7q8BhLjA?view_as=subscriber"]}]},"product_brand":"TRIPP-LITE","product_price_amount":"3500","product_price_currency":"MXN","og_availability":"instock","product_availability":"instock","product_retailer_item_id":"OMNI650LCD","product_condition":"new"},"_links":{"self":[{"href":"https:\/\/compuviper.mx\/tienda\/wp-json\/wp\/v2\/product\/217898"}],"collection":[{"href":"https:\/\/compuviper.mx\/tienda\/wp-json\/wp\/v2\/product"}],"about":[{"href":"https:\/\/compuviper.mx\/tienda\/wp-json\/wp\/v2\/types\/product"}],"replies":[{"embeddable":true,"href":"https:\/\/compuviper.mx\/tienda\/wp-json\/wp\/v2\/comments?post=217898"}],"wp:featuredmedia":[{"embeddable":true,"href":"https:\/\/compuviper.mx\/tienda\/wp-json\/wp\/v2\/media\/217899"}],"wp:attachment":[{"href":"https:\/\/compuviper.mx\/tienda\/wp-json\/wp\/v2\/media?parent=217898"}],"wp:term":[{"taxonomy":"product_cat","embeddable":true,"href":"https:\/\/compuviper.mx\/tienda\/wp-json\/wp\/v2\/product_cat?post=217898"},{"taxonomy":"product_tag","embeddable":true,"href":"https:\/\/compuviper.mx\/tienda\/wp-json\/wp\/v2\/product_tag?post=217898"}],"curies":[{"name":"wp","href":"https:\/\/api.w.org\/{rel}","templated":true}]}}