{"id":217894,"date":"2026-04-07T00:30:00","date_gmt":"2026-04-07T06:30:00","guid":{"rendered":"https:\/\/compuviper.mx\/tienda\/producto\/tripp-lite-eco550ups-nobreak-standby-ahorrador-de-energia-120v-550va-300w-eco-usb-y-10-contactos\/"},"modified":"2026-04-07T00:30:00","modified_gmt":"2026-04-07T06:30:00","slug":"tripp-lite-eco550ups-nobreak-standby-ahorrador-de-energia-120v-550va-300w-eco-usb-y-10-contactos","status":"publish","type":"product","link":"https:\/\/compuviper.mx\/tienda\/producto\/tripp-lite-eco550ups-nobreak-standby-ahorrador-de-energia-120v-550va-300w-eco-usb-y-10-contactos\/","title":{"rendered":"Tripp-lite Eco550ups Nobreak   Standby Ahorrador De Energia 120v 550va \/ 300w, Eco, Usb Y 10 Contactos"},"content":{"rendered":"<table class=\"descripcion\">\n<tr>\n<td>Importante:  transici\u00f3n del producto eco550ups updated model<\/td>\n<\/tr>\n<tr>\n<td>Ups verde de 550va para ahorrar energ\u00eda, ultracompacto. la eficiencia del 99% del modo de l\u00ednea ahorra energ\u00eda y costos de funcionamiento. 3 tomacorrientes eco incorporados ahorran energ\u00eda al apagar autom\u00e1ticamente los accesorios conectados cuando la computadora no est\u00e1 en uso. incluye un puerto usb compatible con hid, supresi\u00f3n de sobretensiones en una sola l\u00ednea de tel\/dsl, enchufe de entrada en \u00e1ngulo recto, para ahorrar espacio, y cuatro tomacorrientes solo para sobretensiones. entrada: nema 5-15p (120v 15a) \/ salida: 8 nema 5-15r (120v).<\/td>\n<\/tr>\n<\/table>\n","protected":false},"excerpt":{"rendered":"<p>El ups eco standby eco550upstaa de tripp lite ofrece protecci\u00f3n contra apagones, ca\u00eddas de voltaje y sobrevoltajes moment\u00e1neos. Soporta el ahorro ecol\u00f3gico de energ\u00eda mediante los tomacorrientes \u00bfeco\u00bf integrados que apagan autom\u00e1ticamente los accesorios de las computadoras que no est\u00e1n en uso, como impresoras o altavoces multimedia, cuando la computadora no se est\u00e1 usando. La capacidad de eficiencia del 99% con carga completa tambi\u00e9n ofrece ahorros de energ\u00eda y operaci\u00f3n sin tanta temperatura al limitar el consumo de energ\u00eda del ups a solo 3 watts. El dise\u00f1o ecol\u00f3gico cumple con las estrictas normas ambientales rohs. Proporciona transici\u00f3n ininterrumpida a salida de ca de bater\u00eda durante ca\u00eddas de voltaje y fallas del suministro el\u00e9ctrico con suficiente tiempo de autonom\u00eda como para que pueda guardar y cerrar los equipos conectados sin perder datos. Ofrece protecci\u00f3n total en un gabinete ultracompacto que se puede colocar en escritorio o montar en pared. Incluye 4 tomacorrientes soportados a bater\u00eda para computadora, monitor y dos perif\u00e9ricos vitales para el sistema, m\u00e1s 4 tomacorrientes adicionales solo para supresi\u00f3n de sobretensiones para accesorios que no necesitan soporte de bater\u00eda<\/p>\n","protected":false},"featured_media":217895,"comment_status":"open","ping_status":"open","template":"","meta":[],"product_cat":[1508,1691],"product_tag":[1510],"acf":[],"yoast_head":"<!-- This site is optimized with the Yoast SEO plugin v21.7 - https:\/\/yoast.com\/wordpress\/plugins\/seo\/ -->\n<title>[ Tripp-lite ] &#129351; Eco550ups Nobreak Standby Ahorrador De Energia 120v 550va \/ 300w, Eco, Usb Y 10 Contactos<\/title>\n<meta name=\"description\" content=\"Compra Eco550ups Nobreak Standby Ahorrador De Energia 120v 550va \/ 300w, Eco, Usb Y 10 Contactos + Env\u00edo a domicilio + Pago seguro + Garant\u00eda\" \/>\n<meta name=\"robots\" content=\"index, follow, max-snippet:-1, max-image-preview:large, max-video-preview:-1\" \/>\n<link rel=\"canonical\" href=\"https:\/\/compuviper.mx\/tienda\/producto\/tripp-lite-eco550ups-nobreak-standby-ahorrador-de-energia-120v-550va-300w-eco-usb-y-10-contactos\/\" \/>\n<meta property=\"og:locale\" content=\"es_MX\" \/>\n<meta property=\"og:type\" content=\"article\" \/>\n<meta property=\"og:title\" content=\"[ Tripp-lite ] &#129351; Eco550ups Nobreak Standby Ahorrador De Energia 120v 550va \/ 300w, Eco, Usb Y 10 Contactos\" \/>\n<meta property=\"og:description\" content=\"Compra Eco550ups Nobreak Standby Ahorrador De Energia 120v 550va \/ 300w, Eco, Usb Y 10 Contactos + Env\u00edo a domicilio + Pago seguro + Garant\u00eda\" \/>\n<meta property=\"og:url\" content=\"https:\/\/compuviper.mx\/tienda\/producto\/tripp-lite-eco550ups-nobreak-standby-ahorrador-de-energia-120v-550va-300w-eco-usb-y-10-contactos\/\" \/>\n<meta property=\"og:site_name\" content=\"Compuviper\" \/>\n<meta property=\"article:publisher\" content=\"https:\/\/www.facebook.com\/compuviper\" \/>\n<meta property=\"og:image\" content=\"https:\/\/compuviper.mx\/tienda\/wp-content\/uploads\/2023\/12\/Nobreak-tripp-lite-eco550ups-standby-ahorrador-de-energia-120v-550va-300w-eco-usb-y-10-contactos.jpg\" \/>\n\t<meta property=\"og:image:width\" content=\"200\" \/>\n\t<meta property=\"og:image:height\" content=\"200\" \/>\n\t<meta property=\"og:image:type\" content=\"image\/jpeg\" \/>\n<meta name=\"twitter:card\" content=\"summary_large_image\" \/>\n<meta name=\"twitter:label1\" content=\"Precio\" \/>\n\t<meta name=\"twitter:data1\" content=\"&#36;2,275 &#36;2,066 con IVA\" \/>\n\t<meta name=\"twitter:label2\" content=\"Availability\" \/>\n\t<meta name=\"twitter:data2\" content=\"In stock\" \/>\n<script type=\"application\/ld+json\" class=\"yoast-schema-graph\">{\"@context\":\"https:\/\/schema.org\",\"@graph\":[{\"@type\":\"WebPage\",\"@id\":\"https:\/\/compuviper.mx\/tienda\/producto\/tripp-lite-eco550ups-nobreak-standby-ahorrador-de-energia-120v-550va-300w-eco-usb-y-10-contactos\/\",\"url\":\"https:\/\/compuviper.mx\/tienda\/producto\/tripp-lite-eco550ups-nobreak-standby-ahorrador-de-energia-120v-550va-300w-eco-usb-y-10-contactos\/\",\"name\":\"[ Tripp-lite ] &#129351; Eco550ups Nobreak Standby Ahorrador De Energia 120v 550va \/ 300w, Eco, Usb Y 10 Contactos\",\"isPartOf\":{\"@id\":\"https:\/\/compuviper.mx\/tienda\/#website\"},\"datePublished\":\"2026-04-07T06:30:00+00:00\",\"dateModified\":\"2026-04-07T06:30:00+00:00\",\"description\":\"Compra Eco550ups Nobreak Standby Ahorrador De Energia 120v 550va \/ 300w, Eco, Usb Y 10 Contactos + Env\u00edo a domicilio + Pago seguro + Garant\u00eda\",\"breadcrumb\":{\"@id\":\"https:\/\/compuviper.mx\/tienda\/producto\/tripp-lite-eco550ups-nobreak-standby-ahorrador-de-energia-120v-550va-300w-eco-usb-y-10-contactos\/#breadcrumb\"},\"inLanguage\":\"es-MX\",\"potentialAction\":[{\"@type\":\"ReadAction\",\"target\":[\"https:\/\/compuviper.mx\/tienda\/producto\/tripp-lite-eco550ups-nobreak-standby-ahorrador-de-energia-120v-550va-300w-eco-usb-y-10-contactos\/\"]}]},{\"@type\":\"BreadcrumbList\",\"@id\":\"https:\/\/compuviper.mx\/tienda\/producto\/tripp-lite-eco550ups-nobreak-standby-ahorrador-de-energia-120v-550va-300w-eco-usb-y-10-contactos\/#breadcrumb\",\"itemListElement\":[{\"@type\":\"ListItem\",\"position\":1,\"name\":\"Inicio\",\"item\":\"https:\/\/compuviper.mx\/tienda\/\"},{\"@type\":\"ListItem\",\"position\":2,\"name\":\"Productos\",\"item\":\"https:\/\/compuviper.mx\/tienda\/productos\/\"},{\"@type\":\"ListItem\",\"position\":3,\"name\":\"Energia\",\"item\":\"https:\/\/compuviper.mx\/tienda\/categoria-producto\/energia\/\"},{\"@type\":\"ListItem\",\"position\":4,\"name\":\"No Break\",\"item\":\"https:\/\/compuviper.mx\/tienda\/categoria-producto\/energia\/no-break\/\"},{\"@type\":\"ListItem\",\"position\":5,\"name\":\"Tripp-lite Eco550ups Nobreak Standby Ahorrador De Energia 120v 550va \/ 300w, Eco, Usb Y 10 Contactos\"}]},{\"@type\":\"WebSite\",\"@id\":\"https:\/\/compuviper.mx\/tienda\/#website\",\"url\":\"https:\/\/compuviper.mx\/tienda\/\",\"name\":\"Compuviper\",\"description\":\"Proveedor de Computadoras, Laptops, Servidores, Monitores, Puntos de Venta, Teclados,   Impresoras, T\u00f3ner, C\u00e1maras de Seguridad y m\u00e1s en tu tienda en l\u00ednea\",\"publisher\":{\"@id\":\"https:\/\/compuviper.mx\/tienda\/#organization\"},\"potentialAction\":[{\"@type\":\"SearchAction\",\"target\":{\"@type\":\"EntryPoint\",\"urlTemplate\":\"https:\/\/compuviper.mx\/tienda\/?s={search_term_string}\"},\"query-input\":\"required name=search_term_string\"}],\"inLanguage\":\"es-MX\"},{\"@type\":\"Organization\",\"@id\":\"https:\/\/compuviper.mx\/tienda\/#organization\",\"name\":\"Compuviper\",\"url\":\"https:\/\/compuviper.mx\/tienda\/\",\"logo\":{\"@type\":\"ImageObject\",\"inLanguage\":\"es-MX\",\"@id\":\"https:\/\/compuviper.mx\/tienda\/#\/schema\/logo\/image\/\",\"url\":\"https:\/\/compuviper.mx\/tienda\/wp-content\/uploads\/2021\/08\/Logo-Compuviper-10.png\",\"contentUrl\":\"https:\/\/compuviper.mx\/tienda\/wp-content\/uploads\/2021\/08\/Logo-Compuviper-10.png\",\"width\":1000,\"height\":500,\"caption\":\"Compuviper\"},\"image\":{\"@id\":\"https:\/\/compuviper.mx\/tienda\/#\/schema\/logo\/image\/\"},\"sameAs\":[\"https:\/\/www.facebook.com\/compuviper\",\"https:\/\/www.youtube.com\/channel\/UCf73dERp9Y3cfOq7q8BhLjA?view_as=subscriber\"]}]}<\/script>\n<meta property=\"product:brand\" content=\"TRIPP-LITE\" \/>\n<meta property=\"product:price:amount\" content=\"2066\" \/>\n<meta property=\"product:price:currency\" content=\"MXN\" \/>\n<meta property=\"og:availability\" content=\"instock\" \/>\n<meta property=\"product:availability\" content=\"instock\" \/>\n<meta property=\"product:retailer_item_id\" content=\"ECO550UPS\" \/>\n<meta property=\"product:condition\" content=\"new\" \/>\n<!-- \/ Yoast SEO plugin. -->","yoast_head_json":{"title":"[ Tripp-lite ] &#129351; Eco550ups Nobreak Standby Ahorrador De Energia 120v 550va \/ 300w, Eco, Usb Y 10 Contactos","description":"Compra Eco550ups Nobreak Standby Ahorrador De Energia 120v 550va \/ 300w, Eco, Usb Y 10 Contactos + Env\u00edo a domicilio + Pago seguro + Garant\u00eda","robots":{"index":"index","follow":"follow","max-snippet":"max-snippet:-1","max-image-preview":"max-image-preview:large","max-video-preview":"max-video-preview:-1"},"canonical":"https:\/\/compuviper.mx\/tienda\/producto\/tripp-lite-eco550ups-nobreak-standby-ahorrador-de-energia-120v-550va-300w-eco-usb-y-10-contactos\/","og_locale":"es_MX","og_type":"article","og_title":"[ Tripp-lite ] &#129351; Eco550ups Nobreak Standby Ahorrador De Energia 120v 550va \/ 300w, Eco, Usb Y 10 Contactos","og_description":"Compra Eco550ups Nobreak Standby Ahorrador De Energia 120v 550va \/ 300w, Eco, Usb Y 10 Contactos + Env\u00edo a domicilio + Pago seguro + Garant\u00eda","og_url":"https:\/\/compuviper.mx\/tienda\/producto\/tripp-lite-eco550ups-nobreak-standby-ahorrador-de-energia-120v-550va-300w-eco-usb-y-10-contactos\/","og_site_name":"Compuviper","article_publisher":"https:\/\/www.facebook.com\/compuviper","og_image":[{"width":200,"height":200,"url":"https:\/\/compuviper.mx\/tienda\/wp-content\/uploads\/2023\/12\/Nobreak-tripp-lite-eco550ups-standby-ahorrador-de-energia-120v-550va-300w-eco-usb-y-10-contactos.jpg","type":"image\/jpeg"}],"twitter_card":"summary_large_image","twitter_misc":{"Precio":"&#36;2,275 &#36;2,066 con IVA","Availability":"In stock"},"schema":{"@context":"https:\/\/schema.org","@graph":[{"@type":"WebPage","@id":"https:\/\/compuviper.mx\/tienda\/producto\/tripp-lite-eco550ups-nobreak-standby-ahorrador-de-energia-120v-550va-300w-eco-usb-y-10-contactos\/","url":"https:\/\/compuviper.mx\/tienda\/producto\/tripp-lite-eco550ups-nobreak-standby-ahorrador-de-energia-120v-550va-300w-eco-usb-y-10-contactos\/","name":"[ Tripp-lite ] &#129351; Eco550ups Nobreak Standby Ahorrador De Energia 120v 550va \/ 300w, Eco, Usb Y 10 Contactos","isPartOf":{"@id":"https:\/\/compuviper.mx\/tienda\/#website"},"datePublished":"2026-04-07T06:30:00+00:00","dateModified":"2026-04-07T06:30:00+00:00","description":"Compra Eco550ups Nobreak Standby Ahorrador De Energia 120v 550va \/ 300w, Eco, Usb Y 10 Contactos + Env\u00edo a domicilio + Pago seguro + Garant\u00eda","breadcrumb":{"@id":"https:\/\/compuviper.mx\/tienda\/producto\/tripp-lite-eco550ups-nobreak-standby-ahorrador-de-energia-120v-550va-300w-eco-usb-y-10-contactos\/#breadcrumb"},"inLanguage":"es-MX","potentialAction":[{"@type":"ReadAction","target":["https:\/\/compuviper.mx\/tienda\/producto\/tripp-lite-eco550ups-nobreak-standby-ahorrador-de-energia-120v-550va-300w-eco-usb-y-10-contactos\/"]}]},{"@type":"BreadcrumbList","@id":"https:\/\/compuviper.mx\/tienda\/producto\/tripp-lite-eco550ups-nobreak-standby-ahorrador-de-energia-120v-550va-300w-eco-usb-y-10-contactos\/#breadcrumb","itemListElement":[{"@type":"ListItem","position":1,"name":"Inicio","item":"https:\/\/compuviper.mx\/tienda\/"},{"@type":"ListItem","position":2,"name":"Productos","item":"https:\/\/compuviper.mx\/tienda\/productos\/"},{"@type":"ListItem","position":3,"name":"Energia","item":"https:\/\/compuviper.mx\/tienda\/categoria-producto\/energia\/"},{"@type":"ListItem","position":4,"name":"No Break","item":"https:\/\/compuviper.mx\/tienda\/categoria-producto\/energia\/no-break\/"},{"@type":"ListItem","position":5,"name":"Tripp-lite Eco550ups Nobreak Standby Ahorrador De Energia 120v 550va \/ 300w, Eco, Usb Y 10 Contactos"}]},{"@type":"WebSite","@id":"https:\/\/compuviper.mx\/tienda\/#website","url":"https:\/\/compuviper.mx\/tienda\/","name":"Compuviper","description":"Proveedor de Computadoras, Laptops, Servidores, Monitores, Puntos de Venta, Teclados,   Impresoras, T\u00f3ner, C\u00e1maras de Seguridad y m\u00e1s en tu tienda en l\u00ednea","publisher":{"@id":"https:\/\/compuviper.mx\/tienda\/#organization"},"potentialAction":[{"@type":"SearchAction","target":{"@type":"EntryPoint","urlTemplate":"https:\/\/compuviper.mx\/tienda\/?s={search_term_string}"},"query-input":"required name=search_term_string"}],"inLanguage":"es-MX"},{"@type":"Organization","@id":"https:\/\/compuviper.mx\/tienda\/#organization","name":"Compuviper","url":"https:\/\/compuviper.mx\/tienda\/","logo":{"@type":"ImageObject","inLanguage":"es-MX","@id":"https:\/\/compuviper.mx\/tienda\/#\/schema\/logo\/image\/","url":"https:\/\/compuviper.mx\/tienda\/wp-content\/uploads\/2021\/08\/Logo-Compuviper-10.png","contentUrl":"https:\/\/compuviper.mx\/tienda\/wp-content\/uploads\/2021\/08\/Logo-Compuviper-10.png","width":1000,"height":500,"caption":"Compuviper"},"image":{"@id":"https:\/\/compuviper.mx\/tienda\/#\/schema\/logo\/image\/"},"sameAs":["https:\/\/www.facebook.com\/compuviper","https:\/\/www.youtube.com\/channel\/UCf73dERp9Y3cfOq7q8BhLjA?view_as=subscriber"]}]},"product_brand":"TRIPP-LITE","product_price_amount":"2066","product_price_currency":"MXN","og_availability":"instock","product_availability":"instock","product_retailer_item_id":"ECO550UPS","product_condition":"new"},"_links":{"self":[{"href":"https:\/\/compuviper.mx\/tienda\/wp-json\/wp\/v2\/product\/217894"}],"collection":[{"href":"https:\/\/compuviper.mx\/tienda\/wp-json\/wp\/v2\/product"}],"about":[{"href":"https:\/\/compuviper.mx\/tienda\/wp-json\/wp\/v2\/types\/product"}],"replies":[{"embeddable":true,"href":"https:\/\/compuviper.mx\/tienda\/wp-json\/wp\/v2\/comments?post=217894"}],"wp:featuredmedia":[{"embeddable":true,"href":"https:\/\/compuviper.mx\/tienda\/wp-json\/wp\/v2\/media\/217895"}],"wp:attachment":[{"href":"https:\/\/compuviper.mx\/tienda\/wp-json\/wp\/v2\/media?parent=217894"}],"wp:term":[{"taxonomy":"product_cat","embeddable":true,"href":"https:\/\/compuviper.mx\/tienda\/wp-json\/wp\/v2\/product_cat?post=217894"},{"taxonomy":"product_tag","embeddable":true,"href":"https:\/\/compuviper.mx\/tienda\/wp-json\/wp\/v2\/product_tag?post=217894"}],"curies":[{"name":"wp","href":"https:\/\/api.w.org\/{rel}","templated":true}]}}