{"id":217892,"date":"2026-04-22T00:27:50","date_gmt":"2026-04-22T06:27:50","guid":{"rendered":"https:\/\/compuviper.mx\/tienda\/producto\/tripp-lite-eco350ups-nobreak-tandby-ahorrador-de-energia-350va-210w-120v-50hz-60hz-eco-usb-y-6-contactos\/"},"modified":"2026-04-22T00:27:50","modified_gmt":"2026-04-22T06:27:50","slug":"tripp-lite-eco350ups-nobreak-tandby-ahorrador-de-energia-350va-210w-120v-50hz-60hz-eco-usb-y-6-contactos","status":"publish","type":"product","link":"https:\/\/compuviper.mx\/tienda\/producto\/tripp-lite-eco350ups-nobreak-tandby-ahorrador-de-energia-350va-210w-120v-50hz-60hz-eco-usb-y-6-contactos\/","title":{"rendered":"Tripp-lite Eco350ups Nobreak   Tandby Ahorrador De Energia 350va 210w \/ 120v, 50hz \/ 60hz, Eco, Usb Y 6 Contactos"},"content":{"rendered":"<table class=\"descripcion\">\n<tr>\n<td>Importante:  transici\u00f3n del producto eco350ups updated model<\/td>\n<\/tr>\n<tr>\n<td>Ups eco ultracompacto de 350va para ahorrar energia. la eficiencia del 99% del modo de linea ahorra energia y costos de operacion. 2 tomacorrientes eco incorporados ahorran energia al apagar automaticamente los accesorios conectados cuando la computadora no esta en uso. incluye un puerto usb compatible con hid, supresion de sobretensiones en una sola linea de tel\/dsl, enchufe de entrada en angulo recto, para ahorrar espacio, y tres tomacorrientes solo para sobretensentrada: nema 5-15p (120v 15a) \/ salida: 6 nema 5-15r (120v) garantia del producto por 2 a?os.<\/td>\n<\/tr>\n<\/table>\n","protected":false},"excerpt":{"rendered":"<p>El ups eco standby eco350ups de tripp lite ofrece proteccion contra apagones, caidas de voltaje y sobrevoltajes momentaneos. Soporta el ahorro ecologico de energia mediante los tomacorrientes ?eco? integrados que apagan automaticamente los accesorios de las computadoras que no estan en uso, como impresoras o altavoces multimedia, cuando la computadora no se esta usando. La capacidad de eficiencia del 99% con carga completa tambien ofrece ahorros de energia y funcionamiento sin tanta temperatura al limitar el consumo de energia del ups a menos de 2 watts. El dise?o ecologico cumple con las estrictas normas ambientales rohs. Proporciona transicion ininterrumpida a salida de ca de bateria durante caidas de voltaje y fallas del suministro electrico con suficiente tiempo de autonomia como para que pueda guardar y cerrar los equipos conectados sin perder datos.<\/p>\n","protected":false},"featured_media":217893,"comment_status":"open","ping_status":"open","template":"","meta":[],"product_cat":[1508,1691],"product_tag":[1510],"acf":[],"yoast_head":"<!-- This site is optimized with the Yoast SEO plugin v21.7 - https:\/\/yoast.com\/wordpress\/plugins\/seo\/ -->\n<title>[ Tripp-lite ] &#129351; Eco350ups Nobreak Tandby Ahorrador De Energia 350va 210w \/ 120v, 50hz \/ 60hz, Eco, Usb Y 6 Contactos<\/title>\n<meta name=\"description\" content=\"Compra Eco350ups Nobreak Tandby Ahorrador De Energia 350va 210w \/ 120v, 50hz \/ 60hz, Eco, Usb Y 6 Contactos + Env\u00edo a domicilio + Pago seguro + Garant\u00eda\" \/>\n<meta name=\"robots\" content=\"index, follow, max-snippet:-1, max-image-preview:large, max-video-preview:-1\" \/>\n<link rel=\"canonical\" href=\"https:\/\/compuviper.mx\/tienda\/producto\/tripp-lite-eco350ups-nobreak-tandby-ahorrador-de-energia-350va-210w-120v-50hz-60hz-eco-usb-y-6-contactos\/\" \/>\n<meta property=\"og:locale\" content=\"es_MX\" \/>\n<meta property=\"og:type\" content=\"article\" \/>\n<meta property=\"og:title\" content=\"[ Tripp-lite ] &#129351; Eco350ups Nobreak Tandby Ahorrador De Energia 350va 210w \/ 120v, 50hz \/ 60hz, Eco, Usb Y 6 Contactos\" \/>\n<meta property=\"og:description\" content=\"Compra Eco350ups Nobreak Tandby Ahorrador De Energia 350va 210w \/ 120v, 50hz \/ 60hz, Eco, Usb Y 6 Contactos + Env\u00edo a domicilio + Pago seguro + Garant\u00eda\" \/>\n<meta property=\"og:url\" content=\"https:\/\/compuviper.mx\/tienda\/producto\/tripp-lite-eco350ups-nobreak-tandby-ahorrador-de-energia-350va-210w-120v-50hz-60hz-eco-usb-y-6-contactos\/\" \/>\n<meta property=\"og:site_name\" content=\"Compuviper\" \/>\n<meta property=\"article:publisher\" content=\"https:\/\/www.facebook.com\/compuviper\" \/>\n<meta property=\"og:image\" content=\"https:\/\/compuviper.mx\/tienda\/wp-content\/uploads\/2023\/12\/Nobreak-tripp-lite-eco350ups-tandby-ahorrador-de-energia-350va-210w-120v-50hz-60hz-eco-usb-y-6-contactos.jpg\" \/>\n\t<meta property=\"og:image:width\" content=\"200\" \/>\n\t<meta property=\"og:image:height\" content=\"200\" \/>\n\t<meta property=\"og:image:type\" content=\"image\/jpeg\" \/>\n<meta name=\"twitter:card\" content=\"summary_large_image\" \/>\n<meta name=\"twitter:label1\" content=\"Precio\" \/>\n\t<meta name=\"twitter:data1\" content=\"&#36;1,963 con IVA\" \/>\n\t<meta name=\"twitter:label2\" content=\"Availability\" \/>\n\t<meta name=\"twitter:data2\" content=\"In stock\" \/>\n<script type=\"application\/ld+json\" class=\"yoast-schema-graph\">{\"@context\":\"https:\/\/schema.org\",\"@graph\":[{\"@type\":\"WebPage\",\"@id\":\"https:\/\/compuviper.mx\/tienda\/producto\/tripp-lite-eco350ups-nobreak-tandby-ahorrador-de-energia-350va-210w-120v-50hz-60hz-eco-usb-y-6-contactos\/\",\"url\":\"https:\/\/compuviper.mx\/tienda\/producto\/tripp-lite-eco350ups-nobreak-tandby-ahorrador-de-energia-350va-210w-120v-50hz-60hz-eco-usb-y-6-contactos\/\",\"name\":\"[ Tripp-lite ] &#129351; Eco350ups Nobreak Tandby Ahorrador De Energia 350va 210w \/ 120v, 50hz \/ 60hz, Eco, Usb Y 6 Contactos\",\"isPartOf\":{\"@id\":\"https:\/\/compuviper.mx\/tienda\/#website\"},\"datePublished\":\"2026-04-22T06:27:50+00:00\",\"dateModified\":\"2026-04-22T06:27:50+00:00\",\"description\":\"Compra Eco350ups Nobreak Tandby Ahorrador De Energia 350va 210w \/ 120v, 50hz \/ 60hz, Eco, Usb Y 6 Contactos + Env\u00edo a domicilio + Pago seguro + Garant\u00eda\",\"breadcrumb\":{\"@id\":\"https:\/\/compuviper.mx\/tienda\/producto\/tripp-lite-eco350ups-nobreak-tandby-ahorrador-de-energia-350va-210w-120v-50hz-60hz-eco-usb-y-6-contactos\/#breadcrumb\"},\"inLanguage\":\"es-MX\",\"potentialAction\":[{\"@type\":\"ReadAction\",\"target\":[\"https:\/\/compuviper.mx\/tienda\/producto\/tripp-lite-eco350ups-nobreak-tandby-ahorrador-de-energia-350va-210w-120v-50hz-60hz-eco-usb-y-6-contactos\/\"]}]},{\"@type\":\"BreadcrumbList\",\"@id\":\"https:\/\/compuviper.mx\/tienda\/producto\/tripp-lite-eco350ups-nobreak-tandby-ahorrador-de-energia-350va-210w-120v-50hz-60hz-eco-usb-y-6-contactos\/#breadcrumb\",\"itemListElement\":[{\"@type\":\"ListItem\",\"position\":1,\"name\":\"Inicio\",\"item\":\"https:\/\/compuviper.mx\/tienda\/\"},{\"@type\":\"ListItem\",\"position\":2,\"name\":\"Productos\",\"item\":\"https:\/\/compuviper.mx\/tienda\/productos\/\"},{\"@type\":\"ListItem\",\"position\":3,\"name\":\"Energia\",\"item\":\"https:\/\/compuviper.mx\/tienda\/categoria-producto\/energia\/\"},{\"@type\":\"ListItem\",\"position\":4,\"name\":\"No Break\",\"item\":\"https:\/\/compuviper.mx\/tienda\/categoria-producto\/energia\/no-break\/\"},{\"@type\":\"ListItem\",\"position\":5,\"name\":\"Tripp-lite Eco350ups Nobreak Tandby Ahorrador De Energia 350va 210w \/ 120v, 50hz \/ 60hz, Eco, Usb Y 6 Contactos\"}]},{\"@type\":\"WebSite\",\"@id\":\"https:\/\/compuviper.mx\/tienda\/#website\",\"url\":\"https:\/\/compuviper.mx\/tienda\/\",\"name\":\"Compuviper\",\"description\":\"Proveedor de Computadoras, Laptops, Servidores, Monitores, Puntos de Venta, Teclados,   Impresoras, T\u00f3ner, C\u00e1maras de Seguridad y m\u00e1s en tu tienda en l\u00ednea\",\"publisher\":{\"@id\":\"https:\/\/compuviper.mx\/tienda\/#organization\"},\"potentialAction\":[{\"@type\":\"SearchAction\",\"target\":{\"@type\":\"EntryPoint\",\"urlTemplate\":\"https:\/\/compuviper.mx\/tienda\/?s={search_term_string}\"},\"query-input\":\"required name=search_term_string\"}],\"inLanguage\":\"es-MX\"},{\"@type\":\"Organization\",\"@id\":\"https:\/\/compuviper.mx\/tienda\/#organization\",\"name\":\"Compuviper\",\"url\":\"https:\/\/compuviper.mx\/tienda\/\",\"logo\":{\"@type\":\"ImageObject\",\"inLanguage\":\"es-MX\",\"@id\":\"https:\/\/compuviper.mx\/tienda\/#\/schema\/logo\/image\/\",\"url\":\"https:\/\/compuviper.mx\/tienda\/wp-content\/uploads\/2021\/08\/Logo-Compuviper-10.png\",\"contentUrl\":\"https:\/\/compuviper.mx\/tienda\/wp-content\/uploads\/2021\/08\/Logo-Compuviper-10.png\",\"width\":1000,\"height\":500,\"caption\":\"Compuviper\"},\"image\":{\"@id\":\"https:\/\/compuviper.mx\/tienda\/#\/schema\/logo\/image\/\"},\"sameAs\":[\"https:\/\/www.facebook.com\/compuviper\",\"https:\/\/www.youtube.com\/channel\/UCf73dERp9Y3cfOq7q8BhLjA?view_as=subscriber\"]}]}<\/script>\n<meta property=\"product:brand\" content=\"TRIPP-LITE\" \/>\n<meta property=\"product:price:amount\" content=\"1963\" \/>\n<meta property=\"product:price:currency\" content=\"MXN\" \/>\n<meta property=\"og:availability\" content=\"instock\" \/>\n<meta property=\"product:availability\" content=\"instock\" \/>\n<meta property=\"product:retailer_item_id\" content=\"ECO350UPS\" \/>\n<meta property=\"product:condition\" content=\"new\" \/>\n<!-- \/ Yoast SEO plugin. -->","yoast_head_json":{"title":"[ Tripp-lite ] &#129351; Eco350ups Nobreak Tandby Ahorrador De Energia 350va 210w \/ 120v, 50hz \/ 60hz, Eco, Usb Y 6 Contactos","description":"Compra Eco350ups Nobreak Tandby Ahorrador De Energia 350va 210w \/ 120v, 50hz \/ 60hz, Eco, Usb Y 6 Contactos + Env\u00edo a domicilio + Pago seguro + Garant\u00eda","robots":{"index":"index","follow":"follow","max-snippet":"max-snippet:-1","max-image-preview":"max-image-preview:large","max-video-preview":"max-video-preview:-1"},"canonical":"https:\/\/compuviper.mx\/tienda\/producto\/tripp-lite-eco350ups-nobreak-tandby-ahorrador-de-energia-350va-210w-120v-50hz-60hz-eco-usb-y-6-contactos\/","og_locale":"es_MX","og_type":"article","og_title":"[ Tripp-lite ] &#129351; Eco350ups Nobreak Tandby Ahorrador De Energia 350va 210w \/ 120v, 50hz \/ 60hz, Eco, Usb Y 6 Contactos","og_description":"Compra Eco350ups Nobreak Tandby Ahorrador De Energia 350va 210w \/ 120v, 50hz \/ 60hz, Eco, Usb Y 6 Contactos + Env\u00edo a domicilio + Pago seguro + Garant\u00eda","og_url":"https:\/\/compuviper.mx\/tienda\/producto\/tripp-lite-eco350ups-nobreak-tandby-ahorrador-de-energia-350va-210w-120v-50hz-60hz-eco-usb-y-6-contactos\/","og_site_name":"Compuviper","article_publisher":"https:\/\/www.facebook.com\/compuviper","og_image":[{"width":200,"height":200,"url":"https:\/\/compuviper.mx\/tienda\/wp-content\/uploads\/2023\/12\/Nobreak-tripp-lite-eco350ups-tandby-ahorrador-de-energia-350va-210w-120v-50hz-60hz-eco-usb-y-6-contactos.jpg","type":"image\/jpeg"}],"twitter_card":"summary_large_image","twitter_misc":{"Precio":"&#36;1,963 con IVA","Availability":"In stock"},"schema":{"@context":"https:\/\/schema.org","@graph":[{"@type":"WebPage","@id":"https:\/\/compuviper.mx\/tienda\/producto\/tripp-lite-eco350ups-nobreak-tandby-ahorrador-de-energia-350va-210w-120v-50hz-60hz-eco-usb-y-6-contactos\/","url":"https:\/\/compuviper.mx\/tienda\/producto\/tripp-lite-eco350ups-nobreak-tandby-ahorrador-de-energia-350va-210w-120v-50hz-60hz-eco-usb-y-6-contactos\/","name":"[ Tripp-lite ] &#129351; Eco350ups Nobreak Tandby Ahorrador De Energia 350va 210w \/ 120v, 50hz \/ 60hz, Eco, Usb Y 6 Contactos","isPartOf":{"@id":"https:\/\/compuviper.mx\/tienda\/#website"},"datePublished":"2026-04-22T06:27:50+00:00","dateModified":"2026-04-22T06:27:50+00:00","description":"Compra Eco350ups Nobreak Tandby Ahorrador De Energia 350va 210w \/ 120v, 50hz \/ 60hz, Eco, Usb Y 6 Contactos + Env\u00edo a domicilio + Pago seguro + Garant\u00eda","breadcrumb":{"@id":"https:\/\/compuviper.mx\/tienda\/producto\/tripp-lite-eco350ups-nobreak-tandby-ahorrador-de-energia-350va-210w-120v-50hz-60hz-eco-usb-y-6-contactos\/#breadcrumb"},"inLanguage":"es-MX","potentialAction":[{"@type":"ReadAction","target":["https:\/\/compuviper.mx\/tienda\/producto\/tripp-lite-eco350ups-nobreak-tandby-ahorrador-de-energia-350va-210w-120v-50hz-60hz-eco-usb-y-6-contactos\/"]}]},{"@type":"BreadcrumbList","@id":"https:\/\/compuviper.mx\/tienda\/producto\/tripp-lite-eco350ups-nobreak-tandby-ahorrador-de-energia-350va-210w-120v-50hz-60hz-eco-usb-y-6-contactos\/#breadcrumb","itemListElement":[{"@type":"ListItem","position":1,"name":"Inicio","item":"https:\/\/compuviper.mx\/tienda\/"},{"@type":"ListItem","position":2,"name":"Productos","item":"https:\/\/compuviper.mx\/tienda\/productos\/"},{"@type":"ListItem","position":3,"name":"Energia","item":"https:\/\/compuviper.mx\/tienda\/categoria-producto\/energia\/"},{"@type":"ListItem","position":4,"name":"No Break","item":"https:\/\/compuviper.mx\/tienda\/categoria-producto\/energia\/no-break\/"},{"@type":"ListItem","position":5,"name":"Tripp-lite Eco350ups Nobreak Tandby Ahorrador De Energia 350va 210w \/ 120v, 50hz \/ 60hz, Eco, Usb Y 6 Contactos"}]},{"@type":"WebSite","@id":"https:\/\/compuviper.mx\/tienda\/#website","url":"https:\/\/compuviper.mx\/tienda\/","name":"Compuviper","description":"Proveedor de Computadoras, Laptops, Servidores, Monitores, Puntos de Venta, Teclados,   Impresoras, T\u00f3ner, C\u00e1maras de Seguridad y m\u00e1s en tu tienda en l\u00ednea","publisher":{"@id":"https:\/\/compuviper.mx\/tienda\/#organization"},"potentialAction":[{"@type":"SearchAction","target":{"@type":"EntryPoint","urlTemplate":"https:\/\/compuviper.mx\/tienda\/?s={search_term_string}"},"query-input":"required name=search_term_string"}],"inLanguage":"es-MX"},{"@type":"Organization","@id":"https:\/\/compuviper.mx\/tienda\/#organization","name":"Compuviper","url":"https:\/\/compuviper.mx\/tienda\/","logo":{"@type":"ImageObject","inLanguage":"es-MX","@id":"https:\/\/compuviper.mx\/tienda\/#\/schema\/logo\/image\/","url":"https:\/\/compuviper.mx\/tienda\/wp-content\/uploads\/2021\/08\/Logo-Compuviper-10.png","contentUrl":"https:\/\/compuviper.mx\/tienda\/wp-content\/uploads\/2021\/08\/Logo-Compuviper-10.png","width":1000,"height":500,"caption":"Compuviper"},"image":{"@id":"https:\/\/compuviper.mx\/tienda\/#\/schema\/logo\/image\/"},"sameAs":["https:\/\/www.facebook.com\/compuviper","https:\/\/www.youtube.com\/channel\/UCf73dERp9Y3cfOq7q8BhLjA?view_as=subscriber"]}]},"product_brand":"TRIPP-LITE","product_price_amount":"1963","product_price_currency":"MXN","og_availability":"instock","product_availability":"instock","product_retailer_item_id":"ECO350UPS","product_condition":"new"},"_links":{"self":[{"href":"https:\/\/compuviper.mx\/tienda\/wp-json\/wp\/v2\/product\/217892"}],"collection":[{"href":"https:\/\/compuviper.mx\/tienda\/wp-json\/wp\/v2\/product"}],"about":[{"href":"https:\/\/compuviper.mx\/tienda\/wp-json\/wp\/v2\/types\/product"}],"replies":[{"embeddable":true,"href":"https:\/\/compuviper.mx\/tienda\/wp-json\/wp\/v2\/comments?post=217892"}],"wp:featuredmedia":[{"embeddable":true,"href":"https:\/\/compuviper.mx\/tienda\/wp-json\/wp\/v2\/media\/217893"}],"wp:attachment":[{"href":"https:\/\/compuviper.mx\/tienda\/wp-json\/wp\/v2\/media?parent=217892"}],"wp:term":[{"taxonomy":"product_cat","embeddable":true,"href":"https:\/\/compuviper.mx\/tienda\/wp-json\/wp\/v2\/product_cat?post=217892"},{"taxonomy":"product_tag","embeddable":true,"href":"https:\/\/compuviper.mx\/tienda\/wp-json\/wp\/v2\/product_tag?post=217892"}],"curies":[{"name":"wp","href":"https:\/\/api.w.org\/{rel}","templated":true}]}}