{"id":217876,"date":"2026-04-07T00:29:55","date_gmt":"2026-04-07T06:29:55","guid":{"rendered":"https:\/\/compuviper.mx\/tienda\/producto\/apc-br700g-no-break-back-ups-rs-700va-420w-120v-6-contactos-3-bat-3-supresion-linea-interactiva\/"},"modified":"2026-04-07T00:29:55","modified_gmt":"2026-04-07T06:29:55","slug":"apc-br700g-no-break-back-ups-rs-700va-420w-120v-6-contactos-3-bat-3-supresion-linea-interactiva","status":"publish","type":"product","link":"https:\/\/compuviper.mx\/tienda\/producto\/apc-br700g-no-break-back-ups-rs-700va-420w-120v-6-contactos-3-bat-3-supresion-linea-interactiva\/","title":{"rendered":"Apc Br700g No Break  Back-ups Rs 700va\/420w 120v 6 Contactos 3 Bat\/3 Supresion Linea Interactiva"},"content":{"rendered":"<table class=\"descripcion\">\n<tr>\n<td>Salida<\/td>\n<\/tr>\n<tr>\n<td>Capacidad de potencia de salida: 420 vatios\/700va<\/td>\n<\/tr>\n<tr>\n<td>Maxima potencia configurable: 420 vatios\/700va<\/td>\n<\/tr>\n<tr>\n<td>Tension de salida nominal: 120v<\/td>\n<\/tr>\n<tr>\n<td>Frequencia de salida (sincronizada con la red): 50\/60hz +\/- 3hz<\/td>\n<\/tr>\n<tr>\n<td>Tipologia: linea interactiva<\/td>\n<\/tr>\n<tr>\n<td>Tipo de forma de onda: aproximacion acompasada de una onda sinusoidal<\/td>\n<\/tr>\n<tr>\n<td>Conexciones de salida: (3) nema 5-15r (respaldo de bateria), (3) nema 5-15r (selector_surgetitle)<\/td>\n<\/tr>\n<tr>\n<td>Duracion de transferencia: 8ms typical: 12 ms maximum<\/td>\n<\/tr>\n<tr>\n<td>Entrada<\/td>\n<\/tr>\n<tr>\n<td>Entrada de voltaje: 120v<\/td>\n<\/tr>\n<tr>\n<td>Frecuencia de entrada: 50\/60 hz +\/- 3 hz (autosensible)<\/td>\n<\/tr>\n<tr>\n<td>Longitud de cable: 1.83 metros<\/td>\n<\/tr>\n<tr>\n<td>Variacion de tension de entrada para operaciones principales: 88-143v<\/td>\n<\/tr>\n<tr>\n<td>Corriente maxima de entarda: 12.0a<\/td>\n<\/tr>\n<tr>\n<td>Baterias y autonomia<\/td>\n<\/tr>\n<tr>\n<td>Baterias pre-instaladas: 1<\/td>\n<\/tr>\n<tr>\n<td>Tiempo de recarga tipico: 12 horas<\/td>\n<\/tr>\n<tr>\n<td>Bateria de recambio: rbc17<\/td>\n<\/tr>\n<tr>\n<td>Cantidad de cartuchos de bateria de recambio: 1<\/td>\n<\/tr>\n<tr>\n<td>Capacidad va\/hora de la bateria: 94<\/td>\n<\/tr>\n<\/table>\n","protected":false},"excerpt":{"rendered":"<p>La unidad back-ups rs ofrece protecci\u00f3n de alto rendimiento para sus sistemas inform\u00e1ticos corporativos y de la oficina. Incluye gran autonom\u00eda en la modalidad de alimentaci\u00f3n a bater\u00eda, que permite seguir trabajando durante interrupciones en el suministro de energ\u00eda de mediana y larga duraci\u00f3n. Tambi\u00e9n protege sus equipos contra peligrosas sobretensiones transitorias y prolongadas que se propagan por las l\u00edneas de los servicios el\u00e9ctricos, telef\u00f3nicas y de red. Un rasgo distintivo de la unidad back-ups rs es su sistema de regulaci\u00f3n autom\u00e1tica de tensi\u00f3n (avr). El sistema avr corrige autom\u00e1ticamente las condiciones de baja y alta tensi\u00f3n hasta alcanzar niveles seguros, de modo de permitirle trabajar indefinidamente durante per\u00edodos de baja y alta tensi\u00f3n; as\u00ed ahorrar\u00e1 la carga de la bater\u00eda para interrupciones en el suministro de red, cuando m\u00e1s la necesitar\u00e1.<\/p>\n","protected":false},"featured_media":217877,"comment_status":"open","ping_status":"open","template":"","meta":[],"product_cat":[1508,1691],"product_tag":[1694],"acf":[],"yoast_head":"<!-- This site is optimized with the Yoast SEO plugin v21.7 - https:\/\/yoast.com\/wordpress\/plugins\/seo\/ -->\n<title>[ Apc ] &#129351; Br700g No Break Back-ups Rs 700va\/420w 120v 6 Contactos 3 Bat\/3 Supresion Linea Interactiva<\/title>\n<meta name=\"description\" content=\"Compra Br700g No Break Back-ups Rs 700va\/420w 120v 6 Contactos 3 Bat\/3 Supresion Linea Interactiva + Env\u00edo a domicilio + Pago seguro + Garant\u00eda\" \/>\n<meta name=\"robots\" content=\"index, follow, max-snippet:-1, max-image-preview:large, max-video-preview:-1\" \/>\n<link rel=\"canonical\" href=\"https:\/\/compuviper.mx\/tienda\/producto\/apc-br700g-no-break-back-ups-rs-700va-420w-120v-6-contactos-3-bat-3-supresion-linea-interactiva\/\" \/>\n<meta property=\"og:locale\" content=\"es_MX\" \/>\n<meta property=\"og:type\" content=\"article\" \/>\n<meta property=\"og:title\" content=\"[ Apc ] &#129351; Br700g No Break Back-ups Rs 700va\/420w 120v 6 Contactos 3 Bat\/3 Supresion Linea Interactiva\" \/>\n<meta property=\"og:description\" content=\"Compra Br700g No Break Back-ups Rs 700va\/420w 120v 6 Contactos 3 Bat\/3 Supresion Linea Interactiva + Env\u00edo a domicilio + Pago seguro + Garant\u00eda\" \/>\n<meta property=\"og:url\" content=\"https:\/\/compuviper.mx\/tienda\/producto\/apc-br700g-no-break-back-ups-rs-700va-420w-120v-6-contactos-3-bat-3-supresion-linea-interactiva\/\" \/>\n<meta property=\"og:site_name\" content=\"Compuviper\" \/>\n<meta property=\"article:publisher\" content=\"https:\/\/www.facebook.com\/compuviper\" \/>\n<meta property=\"og:image\" content=\"https:\/\/compuviper.mx\/tienda\/wp-content\/uploads\/2023\/12\/No-break-apc-back-ups-rs-700va420w-120v-6-contactos-3-bat3-supresion-linea-interactiva.jpg\" \/>\n\t<meta property=\"og:image:width\" content=\"200\" \/>\n\t<meta property=\"og:image:height\" content=\"200\" \/>\n\t<meta property=\"og:image:type\" content=\"image\/jpeg\" \/>\n<meta name=\"twitter:card\" content=\"summary_large_image\" \/>\n<meta name=\"twitter:label1\" content=\"Precio\" \/>\n\t<meta name=\"twitter:data1\" content=\"&#36;2,790 &#36;2,630 con IVA\" \/>\n\t<meta name=\"twitter:label2\" content=\"Availability\" \/>\n\t<meta name=\"twitter:data2\" content=\"In stock\" \/>\n<script type=\"application\/ld+json\" class=\"yoast-schema-graph\">{\"@context\":\"https:\/\/schema.org\",\"@graph\":[{\"@type\":\"WebPage\",\"@id\":\"https:\/\/compuviper.mx\/tienda\/producto\/apc-br700g-no-break-back-ups-rs-700va-420w-120v-6-contactos-3-bat-3-supresion-linea-interactiva\/\",\"url\":\"https:\/\/compuviper.mx\/tienda\/producto\/apc-br700g-no-break-back-ups-rs-700va-420w-120v-6-contactos-3-bat-3-supresion-linea-interactiva\/\",\"name\":\"[ Apc ] &#129351; Br700g No Break Back-ups Rs 700va\/420w 120v 6 Contactos 3 Bat\/3 Supresion Linea Interactiva\",\"isPartOf\":{\"@id\":\"https:\/\/compuviper.mx\/tienda\/#website\"},\"datePublished\":\"2026-04-07T06:29:55+00:00\",\"dateModified\":\"2026-04-07T06:29:55+00:00\",\"description\":\"Compra Br700g No Break Back-ups Rs 700va\/420w 120v 6 Contactos 3 Bat\/3 Supresion Linea Interactiva + Env\u00edo a domicilio + Pago seguro + Garant\u00eda\",\"breadcrumb\":{\"@id\":\"https:\/\/compuviper.mx\/tienda\/producto\/apc-br700g-no-break-back-ups-rs-700va-420w-120v-6-contactos-3-bat-3-supresion-linea-interactiva\/#breadcrumb\"},\"inLanguage\":\"es-MX\",\"potentialAction\":[{\"@type\":\"ReadAction\",\"target\":[\"https:\/\/compuviper.mx\/tienda\/producto\/apc-br700g-no-break-back-ups-rs-700va-420w-120v-6-contactos-3-bat-3-supresion-linea-interactiva\/\"]}]},{\"@type\":\"BreadcrumbList\",\"@id\":\"https:\/\/compuviper.mx\/tienda\/producto\/apc-br700g-no-break-back-ups-rs-700va-420w-120v-6-contactos-3-bat-3-supresion-linea-interactiva\/#breadcrumb\",\"itemListElement\":[{\"@type\":\"ListItem\",\"position\":1,\"name\":\"Inicio\",\"item\":\"https:\/\/compuviper.mx\/tienda\/\"},{\"@type\":\"ListItem\",\"position\":2,\"name\":\"Productos\",\"item\":\"https:\/\/compuviper.mx\/tienda\/productos\/\"},{\"@type\":\"ListItem\",\"position\":3,\"name\":\"Energia\",\"item\":\"https:\/\/compuviper.mx\/tienda\/categoria-producto\/energia\/\"},{\"@type\":\"ListItem\",\"position\":4,\"name\":\"No Break\",\"item\":\"https:\/\/compuviper.mx\/tienda\/categoria-producto\/energia\/no-break\/\"},{\"@type\":\"ListItem\",\"position\":5,\"name\":\"Apc Br700g No Break Back-ups Rs 700va\/420w 120v 6 Contactos 3 Bat\/3 Supresion Linea Interactiva\"}]},{\"@type\":\"WebSite\",\"@id\":\"https:\/\/compuviper.mx\/tienda\/#website\",\"url\":\"https:\/\/compuviper.mx\/tienda\/\",\"name\":\"Compuviper\",\"description\":\"Proveedor de Computadoras, Laptops, Servidores, Monitores, Puntos de Venta, Teclados,   Impresoras, T\u00f3ner, C\u00e1maras de Seguridad y m\u00e1s en tu tienda en l\u00ednea\",\"publisher\":{\"@id\":\"https:\/\/compuviper.mx\/tienda\/#organization\"},\"potentialAction\":[{\"@type\":\"SearchAction\",\"target\":{\"@type\":\"EntryPoint\",\"urlTemplate\":\"https:\/\/compuviper.mx\/tienda\/?s={search_term_string}\"},\"query-input\":\"required name=search_term_string\"}],\"inLanguage\":\"es-MX\"},{\"@type\":\"Organization\",\"@id\":\"https:\/\/compuviper.mx\/tienda\/#organization\",\"name\":\"Compuviper\",\"url\":\"https:\/\/compuviper.mx\/tienda\/\",\"logo\":{\"@type\":\"ImageObject\",\"inLanguage\":\"es-MX\",\"@id\":\"https:\/\/compuviper.mx\/tienda\/#\/schema\/logo\/image\/\",\"url\":\"https:\/\/compuviper.mx\/tienda\/wp-content\/uploads\/2021\/08\/Logo-Compuviper-10.png\",\"contentUrl\":\"https:\/\/compuviper.mx\/tienda\/wp-content\/uploads\/2021\/08\/Logo-Compuviper-10.png\",\"width\":1000,\"height\":500,\"caption\":\"Compuviper\"},\"image\":{\"@id\":\"https:\/\/compuviper.mx\/tienda\/#\/schema\/logo\/image\/\"},\"sameAs\":[\"https:\/\/www.facebook.com\/compuviper\",\"https:\/\/www.youtube.com\/channel\/UCf73dERp9Y3cfOq7q8BhLjA?view_as=subscriber\"]}]}<\/script>\n<meta property=\"product:brand\" content=\"APC\" \/>\n<meta property=\"product:price:amount\" content=\"2630\" \/>\n<meta property=\"product:price:currency\" content=\"MXN\" \/>\n<meta property=\"og:availability\" content=\"instock\" \/>\n<meta property=\"product:availability\" content=\"instock\" \/>\n<meta property=\"product:retailer_item_id\" content=\"BR700G\" \/>\n<meta property=\"product:condition\" content=\"new\" \/>\n<!-- \/ Yoast SEO plugin. -->","yoast_head_json":{"title":"[ Apc ] &#129351; Br700g No Break Back-ups Rs 700va\/420w 120v 6 Contactos 3 Bat\/3 Supresion Linea Interactiva","description":"Compra Br700g No Break Back-ups Rs 700va\/420w 120v 6 Contactos 3 Bat\/3 Supresion Linea Interactiva + Env\u00edo a domicilio + Pago seguro + Garant\u00eda","robots":{"index":"index","follow":"follow","max-snippet":"max-snippet:-1","max-image-preview":"max-image-preview:large","max-video-preview":"max-video-preview:-1"},"canonical":"https:\/\/compuviper.mx\/tienda\/producto\/apc-br700g-no-break-back-ups-rs-700va-420w-120v-6-contactos-3-bat-3-supresion-linea-interactiva\/","og_locale":"es_MX","og_type":"article","og_title":"[ Apc ] &#129351; Br700g No Break Back-ups Rs 700va\/420w 120v 6 Contactos 3 Bat\/3 Supresion Linea Interactiva","og_description":"Compra Br700g No Break Back-ups Rs 700va\/420w 120v 6 Contactos 3 Bat\/3 Supresion Linea Interactiva + Env\u00edo a domicilio + Pago seguro + Garant\u00eda","og_url":"https:\/\/compuviper.mx\/tienda\/producto\/apc-br700g-no-break-back-ups-rs-700va-420w-120v-6-contactos-3-bat-3-supresion-linea-interactiva\/","og_site_name":"Compuviper","article_publisher":"https:\/\/www.facebook.com\/compuviper","og_image":[{"width":200,"height":200,"url":"https:\/\/compuviper.mx\/tienda\/wp-content\/uploads\/2023\/12\/No-break-apc-back-ups-rs-700va420w-120v-6-contactos-3-bat3-supresion-linea-interactiva.jpg","type":"image\/jpeg"}],"twitter_card":"summary_large_image","twitter_misc":{"Precio":"&#36;2,790 &#36;2,630 con IVA","Availability":"In stock"},"schema":{"@context":"https:\/\/schema.org","@graph":[{"@type":"WebPage","@id":"https:\/\/compuviper.mx\/tienda\/producto\/apc-br700g-no-break-back-ups-rs-700va-420w-120v-6-contactos-3-bat-3-supresion-linea-interactiva\/","url":"https:\/\/compuviper.mx\/tienda\/producto\/apc-br700g-no-break-back-ups-rs-700va-420w-120v-6-contactos-3-bat-3-supresion-linea-interactiva\/","name":"[ Apc ] &#129351; Br700g No Break Back-ups Rs 700va\/420w 120v 6 Contactos 3 Bat\/3 Supresion Linea Interactiva","isPartOf":{"@id":"https:\/\/compuviper.mx\/tienda\/#website"},"datePublished":"2026-04-07T06:29:55+00:00","dateModified":"2026-04-07T06:29:55+00:00","description":"Compra Br700g No Break Back-ups Rs 700va\/420w 120v 6 Contactos 3 Bat\/3 Supresion Linea Interactiva + Env\u00edo a domicilio + Pago seguro + Garant\u00eda","breadcrumb":{"@id":"https:\/\/compuviper.mx\/tienda\/producto\/apc-br700g-no-break-back-ups-rs-700va-420w-120v-6-contactos-3-bat-3-supresion-linea-interactiva\/#breadcrumb"},"inLanguage":"es-MX","potentialAction":[{"@type":"ReadAction","target":["https:\/\/compuviper.mx\/tienda\/producto\/apc-br700g-no-break-back-ups-rs-700va-420w-120v-6-contactos-3-bat-3-supresion-linea-interactiva\/"]}]},{"@type":"BreadcrumbList","@id":"https:\/\/compuviper.mx\/tienda\/producto\/apc-br700g-no-break-back-ups-rs-700va-420w-120v-6-contactos-3-bat-3-supresion-linea-interactiva\/#breadcrumb","itemListElement":[{"@type":"ListItem","position":1,"name":"Inicio","item":"https:\/\/compuviper.mx\/tienda\/"},{"@type":"ListItem","position":2,"name":"Productos","item":"https:\/\/compuviper.mx\/tienda\/productos\/"},{"@type":"ListItem","position":3,"name":"Energia","item":"https:\/\/compuviper.mx\/tienda\/categoria-producto\/energia\/"},{"@type":"ListItem","position":4,"name":"No Break","item":"https:\/\/compuviper.mx\/tienda\/categoria-producto\/energia\/no-break\/"},{"@type":"ListItem","position":5,"name":"Apc Br700g No Break Back-ups Rs 700va\/420w 120v 6 Contactos 3 Bat\/3 Supresion Linea Interactiva"}]},{"@type":"WebSite","@id":"https:\/\/compuviper.mx\/tienda\/#website","url":"https:\/\/compuviper.mx\/tienda\/","name":"Compuviper","description":"Proveedor de Computadoras, Laptops, Servidores, Monitores, Puntos de Venta, Teclados,   Impresoras, T\u00f3ner, C\u00e1maras de Seguridad y m\u00e1s en tu tienda en l\u00ednea","publisher":{"@id":"https:\/\/compuviper.mx\/tienda\/#organization"},"potentialAction":[{"@type":"SearchAction","target":{"@type":"EntryPoint","urlTemplate":"https:\/\/compuviper.mx\/tienda\/?s={search_term_string}"},"query-input":"required name=search_term_string"}],"inLanguage":"es-MX"},{"@type":"Organization","@id":"https:\/\/compuviper.mx\/tienda\/#organization","name":"Compuviper","url":"https:\/\/compuviper.mx\/tienda\/","logo":{"@type":"ImageObject","inLanguage":"es-MX","@id":"https:\/\/compuviper.mx\/tienda\/#\/schema\/logo\/image\/","url":"https:\/\/compuviper.mx\/tienda\/wp-content\/uploads\/2021\/08\/Logo-Compuviper-10.png","contentUrl":"https:\/\/compuviper.mx\/tienda\/wp-content\/uploads\/2021\/08\/Logo-Compuviper-10.png","width":1000,"height":500,"caption":"Compuviper"},"image":{"@id":"https:\/\/compuviper.mx\/tienda\/#\/schema\/logo\/image\/"},"sameAs":["https:\/\/www.facebook.com\/compuviper","https:\/\/www.youtube.com\/channel\/UCf73dERp9Y3cfOq7q8BhLjA?view_as=subscriber"]}]},"product_brand":"APC","product_price_amount":"2630","product_price_currency":"MXN","og_availability":"instock","product_availability":"instock","product_retailer_item_id":"BR700G","product_condition":"new"},"_links":{"self":[{"href":"https:\/\/compuviper.mx\/tienda\/wp-json\/wp\/v2\/product\/217876"}],"collection":[{"href":"https:\/\/compuviper.mx\/tienda\/wp-json\/wp\/v2\/product"}],"about":[{"href":"https:\/\/compuviper.mx\/tienda\/wp-json\/wp\/v2\/types\/product"}],"replies":[{"embeddable":true,"href":"https:\/\/compuviper.mx\/tienda\/wp-json\/wp\/v2\/comments?post=217876"}],"wp:featuredmedia":[{"embeddable":true,"href":"https:\/\/compuviper.mx\/tienda\/wp-json\/wp\/v2\/media\/217877"}],"wp:attachment":[{"href":"https:\/\/compuviper.mx\/tienda\/wp-json\/wp\/v2\/media?parent=217876"}],"wp:term":[{"taxonomy":"product_cat","embeddable":true,"href":"https:\/\/compuviper.mx\/tienda\/wp-json\/wp\/v2\/product_cat?post=217876"},{"taxonomy":"product_tag","embeddable":true,"href":"https:\/\/compuviper.mx\/tienda\/wp-json\/wp\/v2\/product_tag?post=217876"}],"curies":[{"name":"wp","href":"https:\/\/api.w.org\/{rel}","templated":true}]}}