{"id":217864,"date":"2026-04-07T00:29:51","date_gmt":"2026-04-07T06:29:51","guid":{"rendered":"https:\/\/compuviper.mx\/tienda\/producto\/cyberpower-cp685avr-no-break-685va-390-watts-interactivotorre-8-nema-5-15r-4-respaldo-y-4-supresin-3-aos-de-garanta-incluyendo-batera\/"},"modified":"2026-04-07T00:29:52","modified_gmt":"2026-04-07T06:29:52","slug":"cyberpower-cp685avracp685avr-no-break-cp685avr-685va-390-watts-interactivotorre-8-nema-5-15r-4-respaldo-y-4-supresin-3-aos-de-garanta-incluyendo-batera","status":"publish","type":"product","link":"https:\/\/compuviper.mx\/tienda\/producto\/cyberpower-cp685avracp685avr-no-break-cp685avr-685va-390-watts-interactivotorre-8-nema-5-15r-4-respaldo-y-4-supresin-3-aos-de-garanta-incluyendo-batera\/","title":{"rendered":"Cyberpower Cp685avra,cp685avr No Break  Cp685avr 685va\/ 390 Watts, Interactivo,torre, 8 Nema 5-15r, 4 Respaldo Y 4 Supresin, 3 A?os De Garanta, Incluyendo Batera."},"content":{"rendered":"<table class=\"descripcion\">\n<tr>\n<td>General<\/td>\n<\/tr>\n<tr>\n<td>Topolog\u00eda de ups l\u00ednea interactiva<\/td>\n<\/tr>\n<tr>\n<td>El ahorro de energ\u00eda tecnolog\u00eda de derivaci\u00f3n greenpower ups \u00bf<\/td>\n<\/tr>\n<tr>\n<td>Calificaci\u00f3n energy star\u00ae si<\/td>\n<\/tr>\n<tr>\n<td>Entrada<\/td>\n<\/tr>\n<tr>\n<td>Rango de voltaje de entrada 90 &#8211; 140 vac<\/td>\n<\/tr>\n<tr>\n<td>Frecuencia de entrada 60 hz \u00b1 3 hz<\/td>\n<\/tr>\n<tr>\n<td>Rango de frecuencia 57 &#8211; 63 hz<\/td>\n<\/tr>\n<tr>\n<td>Tipo de enchufe nema 5-15p<\/td>\n<\/tr>\n<tr>\n<td>Estilo de enchufe \u00e1ngulo recto, desplazamiento a la derecha de 45 grados<\/td>\n<\/tr>\n<tr>\n<td>Longitud del cable (pies) 6<\/td>\n<\/tr>\n<tr>\n<td>Salida<\/td>\n<\/tr>\n<tr>\n<td>Va: 685<\/td>\n<\/tr>\n<tr>\n<td>Watts: 390<\/td>\n<\/tr>\n<tr>\n<td>Regulaci\u00f3n autom\u00e1tica de voltaje: si<\/td>\n<\/tr>\n<tr>\n<td>En voltaje de la bater\u00eda: 120vac \u00b1 5.0%<\/td>\n<\/tr>\n<tr>\n<td>En frecuencia de bater\u00eda: 60 hz \u00b1 1%<\/td>\n<\/tr>\n<tr>\n<td>En forma de onda de la bater\u00eda: onda sinusoidal simulada<\/td>\n<\/tr>\n<tr>\n<td>Tipo de salida: nema 5-15r<\/td>\n<\/tr>\n<tr>\n<td>Total de tomacorrientes: 8<\/td>\n<\/tr>\n<tr>\n<td>Tomacorrientes: bater\u00eda y protecci\u00f3n contra sobretensiones: 4<\/td>\n<\/tr>\n<tr>\n<td>Tomacorrientes: protegidos solo contra sobretensiones: 4<\/td>\n<\/tr>\n<tr>\n<td>Salidas &#8211; espaciadas por transformador: 4<\/td>\n<\/tr>\n<tr>\n<td>Tiempo de transferencia: 4 ms<\/td>\n<\/tr>\n<tr>\n<td>Protecci\u00f3n de sobrecarga: limitaci\u00f3n de circuitos internos<\/td>\n<\/tr>\n<tr>\n<td>Bater\u00eda<\/td>\n<\/tr>\n<tr>\n<td>Tiempo de ejecuci\u00f3n a media carga (min): 11<\/td>\n<\/tr>\n<tr>\n<td>Tiempo de ejecuci\u00f3n a plena carga (min): 2<\/td>\n<\/tr>\n<tr>\n<td>Tipo de bater\u00eda \u00e1cido de plomo sellado<\/td>\n<\/tr>\n<tr>\n<td>Capacidad de la bater\u00eda: 12v \/ 7ah<\/td>\n<\/tr>\n<tr>\n<td>Bater\u00eda de repuesto: rb1270b<\/td>\n<\/tr>\n<tr>\n<td>Cantidad de bater\u00eda: 1<\/td>\n<\/tr>\n<tr>\n<td>Reemplazable por el usuario: si<\/td>\n<\/tr>\n<tr>\n<td>Intercambiables en caliente: no<\/td>\n<\/tr>\n<tr>\n<td>Tiempo de recarga t\u00edpico: 8 horas<\/td>\n<\/tr>\n<tr>\n<td>Protecci\u00f3n contra sobretensiones y filtrado<\/td>\n<\/tr>\n<tr>\n<td>Supresi\u00f3n de sobretensiones: 1.030 julios<\/td>\n<\/tr>\n<tr>\n<td>Tel\u00e9fono rj11 \/ ethernet rj45: ninguno<\/td>\n<\/tr>\n<tr>\n<td>Protecci\u00f3n coaxial rg6 ninguna<\/td>\n<\/tr>\n<tr>\n<td>Gesti\u00f3n y comunicaciones<\/td>\n<\/tr>\n<tr>\n<td>Puerto usb: si<\/td>\n<\/tr>\n<tr>\n<td>Puerto usb compatible con hid:  si<\/td>\n<\/tr>\n<tr>\n<td>Puerto serial: si<\/td>\n<\/tr>\n<tr>\n<td>Cable de gesti\u00f3n: cable usb, cable serial<\/td>\n<\/tr>\n<tr>\n<td>Indicadores led: encendido, falla de cableado<\/td>\n<\/tr>\n<tr>\n<td>Alarmas audibles: con bater\u00eda, bater\u00eda baja, sobrecarga<\/td>\n<\/tr>\n<tr>\n<td>Software: powerpanel\u00ae personal<\/td>\n<\/tr>\n<tr>\n<td>F\u00edsico<\/td>\n<\/tr>\n<tr>\n<td>Factor de forma: compacto<\/td>\n<\/tr>\n<tr>\n<td>Color: negro<\/td>\n<\/tr>\n<tr>\n<td>Ranuras de montaje de ojo de cerradura: si<\/td>\n<\/tr>\n<tr>\n<td>Dimensiones &#8211; w \u00d7 h \u00d7 d (in): 11 x 6,8 x 3,5<\/td>\n<\/tr>\n<tr>\n<td>Peso libras): 11,62<\/td>\n<\/tr>\n<tr>\n<td>Ambiental<\/td>\n<\/tr>\n<tr>\n<td>Temperatura de funcionamiento 32 \u00b0 f a 95 \u00b0 f \/ 0 \u00b0 c a 35 \u00b0 c<\/td>\n<\/tr>\n<tr>\n<td>Humedad de funcionamiento 0% &#8211; 90% sin condensaci\u00f3n<\/td>\n<\/tr>\n<tr>\n<td>Certificaciones<\/td>\n<\/tr>\n<tr>\n<td>La seguridad ul1778, cul 107.3, fcc doc clase b<\/td>\n<\/tr>\n<tr>\n<td>Ambiental: rohs<\/td>\n<\/tr>\n<tr>\n<td>Garant\u00eda<\/td>\n<\/tr>\n<tr>\n<td>La garant\u00eda del producto 3 a\u00f1os incluyendo bateria.<\/td>\n<\/tr>\n<\/table>\n","protected":false},"excerpt":{"rendered":"<p>El sistema de suministro de energ\u00eda ininterrumpida (ups) cyberpower cp685avr proporciona respaldo de bater\u00eda y protecci\u00f3n contra sobretensiones para sobretensiones inducidas por rayos y otros eventos de energ\u00eda que pueden da\u00f1ar equipos electr\u00f3nicos. Este ups, con topolog\u00eda interactiva en l\u00ednea, utiliza una salida de onda sinusoidal simulada para proporcionar suficiente respaldo de bater\u00eda para alimentar los dispositivos electr\u00f3nicos conectados a trav\u00e9s de un corte de energ\u00eda de la red p\u00fablica. La unidad tiene suficiente tiempo de ejecuci\u00f3n para realizar un apagado elegante para proteger contra la p\u00e9rdida de datos y da\u00f1os a valiosas computadoras de escritorio, estaciones de trabajo, dispositivos de red y sistemas de entretenimiento en el hogar. El cp685avr usa regulaci\u00f3n autom\u00e1tica de voltaje (avr) para corregir fluctuaciones menores de energ\u00eda sin cambiar a bater\u00eda. El avr es esencial en \u00e1reas donde las fluctuaciones de energ\u00eda ocurren con frecuencia y ayuda a extender la vida \u00fatil de la bater\u00eda de la unidad. Cyberpower dise\u00f1\u00f3 el cp685avrg para minimizar el ruido para un entorno de trabajo m\u00e1s silencioso y funcionar de manera eficiente para reducir el consumo de energ\u00eda.<\/p>\n","protected":false},"featured_media":217865,"comment_status":"open","ping_status":"open","template":"","meta":[],"product_cat":[1508,1691],"product_tag":[1692],"acf":[],"yoast_head":"<!-- This site is optimized with the Yoast SEO plugin v21.7 - https:\/\/yoast.com\/wordpress\/plugins\/seo\/ -->\n<title>[ Cyberpower ] &#129351; Cp685avra,cp685avr No Break Cp685avr 685va\/ 390 Watts, Interactivo,torre, 8 Nema 5-15r, 4 Respaldo Y 4 Supresin, 3 A\u00f1os De Garanta, Incluyendo Batera.<\/title>\n<meta name=\"description\" content=\"Compra Cp685avra,cp685avr No Break Cp685avr 685va\/ 390 Watts, Interactivo,torre, 8 Nema 5-15r, 4 Respaldo Y 4 Supresin, 3 A\u00f1os De Garanta, Incluyendo Batera. + Env\u00edo a domicilio + Pago seguro + Garant\u00eda\" \/>\n<meta name=\"robots\" content=\"index, follow, max-snippet:-1, max-image-preview:large, max-video-preview:-1\" \/>\n<link rel=\"canonical\" href=\"https:\/\/compuviper.mx\/tienda\/producto\/cyberpower-cp685avracp685avr-no-break-cp685avr-685va-390-watts-interactivotorre-8-nema-5-15r-4-respaldo-y-4-supresin-3-aos-de-garanta-incluyendo-batera\/\" \/>\n<meta property=\"og:locale\" content=\"es_MX\" \/>\n<meta property=\"og:type\" content=\"article\" \/>\n<meta property=\"og:title\" content=\"[ Cyberpower ] &#129351; Cp685avra,cp685avr No Break Cp685avr 685va\/ 390 Watts, Interactivo,torre, 8 Nema 5-15r, 4 Respaldo Y 4 Supresin, 3 A\u00f1os De Garanta, Incluyendo Batera.\" \/>\n<meta property=\"og:description\" content=\"Compra Cp685avra,cp685avr No Break Cp685avr 685va\/ 390 Watts, Interactivo,torre, 8 Nema 5-15r, 4 Respaldo Y 4 Supresin, 3 A\u00f1os De Garanta, Incluyendo Batera. + Env\u00edo a domicilio + Pago seguro + Garant\u00eda\" \/>\n<meta property=\"og:url\" content=\"https:\/\/compuviper.mx\/tienda\/producto\/cyberpower-cp685avracp685avr-no-break-cp685avr-685va-390-watts-interactivotorre-8-nema-5-15r-4-respaldo-y-4-supresin-3-aos-de-garanta-incluyendo-batera\/\" \/>\n<meta property=\"og:site_name\" content=\"Compuviper\" \/>\n<meta property=\"article:publisher\" content=\"https:\/\/www.facebook.com\/compuviper\" \/>\n<meta property=\"article:modified_time\" content=\"2026-04-07T06:29:52+00:00\" \/>\n<meta property=\"og:image\" content=\"https:\/\/compuviper.mx\/tienda\/wp-content\/uploads\/2023\/12\/No-break-cyberpower-cp685avr-685va-390-watts-interactivotorre-8-nema-5-15r-4-respaldo-y-4-supresin-3-anos-de-garanta-incluyendo-batera.jpg\" \/>\n\t<meta property=\"og:image:width\" content=\"200\" \/>\n\t<meta property=\"og:image:height\" content=\"200\" \/>\n\t<meta property=\"og:image:type\" content=\"image\/jpeg\" \/>\n<meta name=\"twitter:card\" content=\"summary_large_image\" \/>\n<meta name=\"twitter:label1\" content=\"Precio\" \/>\n\t<meta name=\"twitter:data1\" content=\"&#36;2,364 con IVA\" \/>\n\t<meta name=\"twitter:label2\" content=\"Availability\" \/>\n\t<meta name=\"twitter:data2\" content=\"Out of stock\" \/>\n<script type=\"application\/ld+json\" class=\"yoast-schema-graph\">{\"@context\":\"https:\/\/schema.org\",\"@graph\":[{\"@type\":\"WebPage\",\"@id\":\"https:\/\/compuviper.mx\/tienda\/producto\/cyberpower-cp685avracp685avr-no-break-cp685avr-685va-390-watts-interactivotorre-8-nema-5-15r-4-respaldo-y-4-supresin-3-aos-de-garanta-incluyendo-batera\/\",\"url\":\"https:\/\/compuviper.mx\/tienda\/producto\/cyberpower-cp685avracp685avr-no-break-cp685avr-685va-390-watts-interactivotorre-8-nema-5-15r-4-respaldo-y-4-supresin-3-aos-de-garanta-incluyendo-batera\/\",\"name\":\"[ Cyberpower ] &#129351; Cp685avra,cp685avr No Break Cp685avr 685va\/ 390 Watts, Interactivo,torre, 8 Nema 5-15r, 4 Respaldo Y 4 Supresin, 3 A\u00f1os De Garanta, Incluyendo Batera.\",\"isPartOf\":{\"@id\":\"https:\/\/compuviper.mx\/tienda\/#website\"},\"datePublished\":\"2026-04-07T06:29:51+00:00\",\"dateModified\":\"2026-04-07T06:29:52+00:00\",\"description\":\"Compra Cp685avra,cp685avr No Break Cp685avr 685va\/ 390 Watts, Interactivo,torre, 8 Nema 5-15r, 4 Respaldo Y 4 Supresin, 3 A\u00f1os De Garanta, Incluyendo Batera. + Env\u00edo a domicilio + Pago seguro + Garant\u00eda\",\"breadcrumb\":{\"@id\":\"https:\/\/compuviper.mx\/tienda\/producto\/cyberpower-cp685avracp685avr-no-break-cp685avr-685va-390-watts-interactivotorre-8-nema-5-15r-4-respaldo-y-4-supresin-3-aos-de-garanta-incluyendo-batera\/#breadcrumb\"},\"inLanguage\":\"es-MX\",\"potentialAction\":[{\"@type\":\"ReadAction\",\"target\":[\"https:\/\/compuviper.mx\/tienda\/producto\/cyberpower-cp685avracp685avr-no-break-cp685avr-685va-390-watts-interactivotorre-8-nema-5-15r-4-respaldo-y-4-supresin-3-aos-de-garanta-incluyendo-batera\/\"]}]},{\"@type\":\"BreadcrumbList\",\"@id\":\"https:\/\/compuviper.mx\/tienda\/producto\/cyberpower-cp685avracp685avr-no-break-cp685avr-685va-390-watts-interactivotorre-8-nema-5-15r-4-respaldo-y-4-supresin-3-aos-de-garanta-incluyendo-batera\/#breadcrumb\",\"itemListElement\":[{\"@type\":\"ListItem\",\"position\":1,\"name\":\"Inicio\",\"item\":\"https:\/\/compuviper.mx\/tienda\/\"},{\"@type\":\"ListItem\",\"position\":2,\"name\":\"Productos\",\"item\":\"https:\/\/compuviper.mx\/tienda\/productos\/\"},{\"@type\":\"ListItem\",\"position\":3,\"name\":\"Energia\",\"item\":\"https:\/\/compuviper.mx\/tienda\/categoria-producto\/energia\/\"},{\"@type\":\"ListItem\",\"position\":4,\"name\":\"No Break\",\"item\":\"https:\/\/compuviper.mx\/tienda\/categoria-producto\/energia\/no-break\/\"},{\"@type\":\"ListItem\",\"position\":5,\"name\":\"Cyberpower Cp685avra,cp685avr No Break Cp685avr 685va\/ 390 Watts, Interactivo,torre, 8 Nema 5-15r, 4 Respaldo Y 4 Supresin, 3 A?os De Garanta, Incluyendo Batera.\"}]},{\"@type\":\"WebSite\",\"@id\":\"https:\/\/compuviper.mx\/tienda\/#website\",\"url\":\"https:\/\/compuviper.mx\/tienda\/\",\"name\":\"Compuviper\",\"description\":\"Proveedor de Computadoras, Laptops, Servidores, Monitores, Puntos de Venta, Teclados,   Impresoras, T\u00f3ner, C\u00e1maras de Seguridad y m\u00e1s en tu tienda en l\u00ednea\",\"publisher\":{\"@id\":\"https:\/\/compuviper.mx\/tienda\/#organization\"},\"potentialAction\":[{\"@type\":\"SearchAction\",\"target\":{\"@type\":\"EntryPoint\",\"urlTemplate\":\"https:\/\/compuviper.mx\/tienda\/?s={search_term_string}\"},\"query-input\":\"required name=search_term_string\"}],\"inLanguage\":\"es-MX\"},{\"@type\":\"Organization\",\"@id\":\"https:\/\/compuviper.mx\/tienda\/#organization\",\"name\":\"Compuviper\",\"url\":\"https:\/\/compuviper.mx\/tienda\/\",\"logo\":{\"@type\":\"ImageObject\",\"inLanguage\":\"es-MX\",\"@id\":\"https:\/\/compuviper.mx\/tienda\/#\/schema\/logo\/image\/\",\"url\":\"https:\/\/compuviper.mx\/tienda\/wp-content\/uploads\/2021\/08\/Logo-Compuviper-10.png\",\"contentUrl\":\"https:\/\/compuviper.mx\/tienda\/wp-content\/uploads\/2021\/08\/Logo-Compuviper-10.png\",\"width\":1000,\"height\":500,\"caption\":\"Compuviper\"},\"image\":{\"@id\":\"https:\/\/compuviper.mx\/tienda\/#\/schema\/logo\/image\/\"},\"sameAs\":[\"https:\/\/www.facebook.com\/compuviper\",\"https:\/\/www.youtube.com\/channel\/UCf73dERp9Y3cfOq7q8BhLjA?view_as=subscriber\"]}]}<\/script>\n<meta property=\"product:brand\" content=\"CYBERPOWER\" \/>\n<meta property=\"product:price:amount\" content=\"2364\" \/>\n<meta property=\"product:price:currency\" content=\"MXN\" \/>\n<meta property=\"og:availability\" content=\"out of stock\" \/>\n<meta property=\"product:availability\" content=\"out of stock\" \/>\n<meta property=\"product:retailer_item_id\" content=\"CP685AVRa,CP685AVR\" \/>\n<meta property=\"product:condition\" content=\"new\" \/>\n<!-- \/ Yoast SEO plugin. -->","yoast_head_json":{"title":"[ Cyberpower ] &#129351; Cp685avra,cp685avr No Break Cp685avr 685va\/ 390 Watts, Interactivo,torre, 8 Nema 5-15r, 4 Respaldo Y 4 Supresin, 3 A\u00f1os De Garanta, Incluyendo Batera.","description":"Compra Cp685avra,cp685avr No Break Cp685avr 685va\/ 390 Watts, Interactivo,torre, 8 Nema 5-15r, 4 Respaldo Y 4 Supresin, 3 A\u00f1os De Garanta, Incluyendo Batera. + Env\u00edo a domicilio + Pago seguro + Garant\u00eda","robots":{"index":"index","follow":"follow","max-snippet":"max-snippet:-1","max-image-preview":"max-image-preview:large","max-video-preview":"max-video-preview:-1"},"canonical":"https:\/\/compuviper.mx\/tienda\/producto\/cyberpower-cp685avracp685avr-no-break-cp685avr-685va-390-watts-interactivotorre-8-nema-5-15r-4-respaldo-y-4-supresin-3-aos-de-garanta-incluyendo-batera\/","og_locale":"es_MX","og_type":"article","og_title":"[ Cyberpower ] &#129351; Cp685avra,cp685avr No Break Cp685avr 685va\/ 390 Watts, Interactivo,torre, 8 Nema 5-15r, 4 Respaldo Y 4 Supresin, 3 A\u00f1os De Garanta, Incluyendo Batera.","og_description":"Compra Cp685avra,cp685avr No Break Cp685avr 685va\/ 390 Watts, Interactivo,torre, 8 Nema 5-15r, 4 Respaldo Y 4 Supresin, 3 A\u00f1os De Garanta, Incluyendo Batera. + Env\u00edo a domicilio + Pago seguro + Garant\u00eda","og_url":"https:\/\/compuviper.mx\/tienda\/producto\/cyberpower-cp685avracp685avr-no-break-cp685avr-685va-390-watts-interactivotorre-8-nema-5-15r-4-respaldo-y-4-supresin-3-aos-de-garanta-incluyendo-batera\/","og_site_name":"Compuviper","article_publisher":"https:\/\/www.facebook.com\/compuviper","article_modified_time":"2026-04-07T06:29:52+00:00","og_image":[{"width":200,"height":200,"url":"https:\/\/compuviper.mx\/tienda\/wp-content\/uploads\/2023\/12\/No-break-cyberpower-cp685avr-685va-390-watts-interactivotorre-8-nema-5-15r-4-respaldo-y-4-supresin-3-anos-de-garanta-incluyendo-batera.jpg","type":"image\/jpeg"}],"twitter_card":"summary_large_image","twitter_misc":{"Precio":"&#36;2,364 con IVA","Availability":"Out of stock"},"schema":{"@context":"https:\/\/schema.org","@graph":[{"@type":"WebPage","@id":"https:\/\/compuviper.mx\/tienda\/producto\/cyberpower-cp685avracp685avr-no-break-cp685avr-685va-390-watts-interactivotorre-8-nema-5-15r-4-respaldo-y-4-supresin-3-aos-de-garanta-incluyendo-batera\/","url":"https:\/\/compuviper.mx\/tienda\/producto\/cyberpower-cp685avracp685avr-no-break-cp685avr-685va-390-watts-interactivotorre-8-nema-5-15r-4-respaldo-y-4-supresin-3-aos-de-garanta-incluyendo-batera\/","name":"[ Cyberpower ] &#129351; Cp685avra,cp685avr No Break Cp685avr 685va\/ 390 Watts, Interactivo,torre, 8 Nema 5-15r, 4 Respaldo Y 4 Supresin, 3 A\u00f1os De Garanta, Incluyendo Batera.","isPartOf":{"@id":"https:\/\/compuviper.mx\/tienda\/#website"},"datePublished":"2026-04-07T06:29:51+00:00","dateModified":"2026-04-07T06:29:52+00:00","description":"Compra Cp685avra,cp685avr No Break Cp685avr 685va\/ 390 Watts, Interactivo,torre, 8 Nema 5-15r, 4 Respaldo Y 4 Supresin, 3 A\u00f1os De Garanta, Incluyendo Batera. + Env\u00edo a domicilio + Pago seguro + Garant\u00eda","breadcrumb":{"@id":"https:\/\/compuviper.mx\/tienda\/producto\/cyberpower-cp685avracp685avr-no-break-cp685avr-685va-390-watts-interactivotorre-8-nema-5-15r-4-respaldo-y-4-supresin-3-aos-de-garanta-incluyendo-batera\/#breadcrumb"},"inLanguage":"es-MX","potentialAction":[{"@type":"ReadAction","target":["https:\/\/compuviper.mx\/tienda\/producto\/cyberpower-cp685avracp685avr-no-break-cp685avr-685va-390-watts-interactivotorre-8-nema-5-15r-4-respaldo-y-4-supresin-3-aos-de-garanta-incluyendo-batera\/"]}]},{"@type":"BreadcrumbList","@id":"https:\/\/compuviper.mx\/tienda\/producto\/cyberpower-cp685avracp685avr-no-break-cp685avr-685va-390-watts-interactivotorre-8-nema-5-15r-4-respaldo-y-4-supresin-3-aos-de-garanta-incluyendo-batera\/#breadcrumb","itemListElement":[{"@type":"ListItem","position":1,"name":"Inicio","item":"https:\/\/compuviper.mx\/tienda\/"},{"@type":"ListItem","position":2,"name":"Productos","item":"https:\/\/compuviper.mx\/tienda\/productos\/"},{"@type":"ListItem","position":3,"name":"Energia","item":"https:\/\/compuviper.mx\/tienda\/categoria-producto\/energia\/"},{"@type":"ListItem","position":4,"name":"No Break","item":"https:\/\/compuviper.mx\/tienda\/categoria-producto\/energia\/no-break\/"},{"@type":"ListItem","position":5,"name":"Cyberpower Cp685avra,cp685avr No Break Cp685avr 685va\/ 390 Watts, Interactivo,torre, 8 Nema 5-15r, 4 Respaldo Y 4 Supresin, 3 A?os De Garanta, Incluyendo Batera."}]},{"@type":"WebSite","@id":"https:\/\/compuviper.mx\/tienda\/#website","url":"https:\/\/compuviper.mx\/tienda\/","name":"Compuviper","description":"Proveedor de Computadoras, Laptops, Servidores, Monitores, Puntos de Venta, Teclados,   Impresoras, T\u00f3ner, C\u00e1maras de Seguridad y m\u00e1s en tu tienda en l\u00ednea","publisher":{"@id":"https:\/\/compuviper.mx\/tienda\/#organization"},"potentialAction":[{"@type":"SearchAction","target":{"@type":"EntryPoint","urlTemplate":"https:\/\/compuviper.mx\/tienda\/?s={search_term_string}"},"query-input":"required name=search_term_string"}],"inLanguage":"es-MX"},{"@type":"Organization","@id":"https:\/\/compuviper.mx\/tienda\/#organization","name":"Compuviper","url":"https:\/\/compuviper.mx\/tienda\/","logo":{"@type":"ImageObject","inLanguage":"es-MX","@id":"https:\/\/compuviper.mx\/tienda\/#\/schema\/logo\/image\/","url":"https:\/\/compuviper.mx\/tienda\/wp-content\/uploads\/2021\/08\/Logo-Compuviper-10.png","contentUrl":"https:\/\/compuviper.mx\/tienda\/wp-content\/uploads\/2021\/08\/Logo-Compuviper-10.png","width":1000,"height":500,"caption":"Compuviper"},"image":{"@id":"https:\/\/compuviper.mx\/tienda\/#\/schema\/logo\/image\/"},"sameAs":["https:\/\/www.facebook.com\/compuviper","https:\/\/www.youtube.com\/channel\/UCf73dERp9Y3cfOq7q8BhLjA?view_as=subscriber"]}]},"product_brand":"CYBERPOWER","product_price_amount":"2364","product_price_currency":"MXN","og_availability":"out of stock","product_availability":"out of stock","product_retailer_item_id":"CP685AVRa,CP685AVR","product_condition":"new"},"_links":{"self":[{"href":"https:\/\/compuviper.mx\/tienda\/wp-json\/wp\/v2\/product\/217864"}],"collection":[{"href":"https:\/\/compuviper.mx\/tienda\/wp-json\/wp\/v2\/product"}],"about":[{"href":"https:\/\/compuviper.mx\/tienda\/wp-json\/wp\/v2\/types\/product"}],"replies":[{"embeddable":true,"href":"https:\/\/compuviper.mx\/tienda\/wp-json\/wp\/v2\/comments?post=217864"}],"wp:featuredmedia":[{"embeddable":true,"href":"https:\/\/compuviper.mx\/tienda\/wp-json\/wp\/v2\/media\/217865"}],"wp:attachment":[{"href":"https:\/\/compuviper.mx\/tienda\/wp-json\/wp\/v2\/media?parent=217864"}],"wp:term":[{"taxonomy":"product_cat","embeddable":true,"href":"https:\/\/compuviper.mx\/tienda\/wp-json\/wp\/v2\/product_cat?post=217864"},{"taxonomy":"product_tag","embeddable":true,"href":"https:\/\/compuviper.mx\/tienda\/wp-json\/wp\/v2\/product_tag?post=217864"}],"curies":[{"name":"wp","href":"https:\/\/api.w.org\/{rel}","templated":true}]}}