{"id":217860,"date":"2026-04-02T00:31:27","date_gmt":"2026-04-02T06:31:27","guid":{"rendered":"https:\/\/compuviper.mx\/tienda\/producto\/cyberpower-cp1500avrlcd-no-break-1500va-900-watts-interactivotorre-12-nema-5-15r-6-respaldo-y-6-supresin-3-aos-de-garanta-incluyendo-batera\/"},"modified":"2026-04-02T00:31:28","modified_gmt":"2026-04-02T06:31:28","slug":"cyberpower-cp1500avrlcdacp1500avrlcd-no-break-cp1500avrlcd-1500va-900-watts-interactivotorre-12-nema-5-15r-6-respaldo-y-6-supresin-3-aos-de-garanta-incluyendo-batera","status":"publish","type":"product","link":"https:\/\/compuviper.mx\/tienda\/producto\/cyberpower-cp1500avrlcdacp1500avrlcd-no-break-cp1500avrlcd-1500va-900-watts-interactivotorre-12-nema-5-15r-6-respaldo-y-6-supresin-3-aos-de-garanta-incluyendo-batera\/","title":{"rendered":"Cyberpower Cp1500avrlcda,cp1500avrlcd No Break  Cp1500avrlcd 1500va\/ 900 Watts, Interactivo,torre, 12 Nema 5-15r, 6 Respaldo Y 6 Supresin, 3 A?os De Garanta, Incluyendo Batera."},"content":{"rendered":"<table class=\"descripcion\">\n<tr>\n<td>General<\/td>\n<\/tr>\n<tr>\n<td>Fase \u00fanica<\/td>\n<\/tr>\n<tr>\n<td>Factor de forma: torre<\/td>\n<\/tr>\n<tr>\n<td>Topolog\u00eda de ups<\/td>\n<\/tr>\n<tr>\n<td>L\u00ednea interactiva<\/td>\n<\/tr>\n<tr>\n<td>Tecnolog\u00eda de ahorro de energ\u00eda<\/td>\n<\/tr>\n<tr>\n<td>Tecnolog\u00eda bypass greenpower ups\u00bf<\/td>\n<\/tr>\n<tr>\n<td>Calificaci\u00f3n energy star: s\u00ed<\/td>\n<\/tr>\n<tr>\n<td>Entrada<\/td>\n<\/tr>\n<tr>\n<td>Voltaje nominal de entrada ( vca ): 120<\/td>\n<\/tr>\n<tr>\n<td>Rango de voltaje de entrada ( vca ): 93 ~ 139<\/td>\n<\/tr>\n<tr>\n<td>Rango de voltaje ajustable ( vca ): 90 ~ 142 vac<\/td>\n<\/tr>\n<tr>\n<td>Frecuencia de entrada ( s.f. ): 60 \u00b1 3<\/td>\n<\/tr>\n<tr>\n<td>Corriente de entrada nominal ( a ): 12<\/td>\n<\/tr>\n<tr>\n<td>Tipo de conector de entrada: nema 5-15p \u00bf<\/td>\n<\/tr>\n<tr>\n<td>Estilo de conector: \u00e1ngulo recto, compensaci\u00f3n de 45\u00ba a la derecha<\/td>\n<\/tr>\n<tr>\n<td>Longitud del cable de alimentaci\u00f3n (pies): 6<\/td>\n<\/tr>\n<tr>\n<td>Longitud del cable de alimentaci\u00f3n de alimentaci\u00f3n (m): 1.83<\/td>\n<\/tr>\n<tr>\n<td>Salida<\/td>\n<\/tr>\n<tr>\n<td>Capacidad (va): 1500<\/td>\n<\/tr>\n<tr>\n<td>Capacidad (watts) 900<\/td>\n<\/tr>\n<tr>\n<td>Forma de onda en bater\u00eda: onda senoidal simulada<\/td>\n<\/tr>\n<tr>\n<td>Voltaje(s) en bater\u00eda ( vca ): 120 \u00b1 5%<\/td>\n<\/tr>\n<tr>\n<td>Frecuencia en bater\u00eda ( s.f. ): 60 \u00b1 1%<\/td>\n<\/tr>\n<tr>\n<td>Regulaci\u00f3n autom\u00e1tica de voltaje (avr)<\/td>\n<\/tr>\n<tr>\n<td>Protecci\u00f3n contra sobrecargas: limitaci\u00f3n de voltaje interna, disyuntor<\/td>\n<\/tr>\n<tr>\n<td>Salida (s) \u00bf total: 12<\/td>\n<\/tr>\n<tr>\n<td>Tipo de salida: nema 5-15r x 12 \u00bf<\/td>\n<\/tr>\n<tr>\n<td>Salida (s) &#8211; bater\u00eda y protecci\u00f3n contra sobretensiones: 6<\/td>\n<\/tr>\n<tr>\n<td>Salida (s) &#8211; s\u00f3lo protecci\u00f3n contra sobretensiones: 6<\/td>\n<\/tr>\n<tr>\n<td>Salida (s) &#8211; ampliamente espaciada: 2<\/td>\n<\/tr>\n<tr>\n<td>Tiempo de transferencia t\u00edpico ( ms ): 4<\/td>\n<\/tr>\n<tr>\n<td>Bater\u00eda<\/td>\n<\/tr>\n<tr>\n<td>Tiempo de ejecuci\u00f3n a media carga ( min ): 10.5<\/td>\n<\/tr>\n<tr>\n<td>Tiempo de ejecuci\u00f3n a carga completa ( min ): 2<\/td>\n<\/tr>\n<tr>\n<td>Tiempo de recarga t\u00edpico ( horas ) 8<\/td>\n<\/tr>\n<tr>\n<td>Reemplazable por el usuario: s\u00ed<\/td>\n<\/tr>\n<tr>\n<td>Tipo de bater\u00eda: plomo \u00e1cido sellada<\/td>\n<\/tr>\n<tr>\n<td>Paquete de sustituci\u00f3n de bater\u00eda: rb1290x2<\/td>\n<\/tr>\n<tr>\n<td>Cantidad de rbp ( pzs ): 2<\/td>\n<\/tr>\n<tr>\n<td>Protecci\u00f3n contra sobretensiones y filtrado<\/td>\n<\/tr>\n<tr>\n<td>Supresi\u00f3n de sobretensiones ( joules ): 1500<\/td>\n<\/tr>\n<tr>\n<td>Filtraci\u00f3n emi y rfi: s\u00ed<\/td>\n<\/tr>\n<tr>\n<td>Network protection rj45: 1 entrada, 1 salida<\/td>\n<\/tr>\n<tr>\n<td>Protecci\u00f3n coaxial rg6: 1 entrada, 1 salida<\/td>\n<\/tr>\n<tr>\n<td>Gesti\u00f3n y comunicaciones<\/td>\n<\/tr>\n<tr>\n<td>Panel lcd: s\u00ed<\/td>\n<\/tr>\n<tr>\n<td>Pantalla de informaci\u00f3n lcd: tipo de funcionamiento, estado de la alimentaci\u00f3n, estado de la bater\u00eda, estado de la carga, fallo y advertencia<\/td>\n<\/tr>\n<tr>\n<td>Ajustes y control lcd: ajustes de alarma, entrada y salida<\/td>\n<\/tr>\n<tr>\n<td>Indicadores led: encendido, fallo del cableado<\/td>\n<\/tr>\n<tr>\n<td>Hid compatible puerto (s) usb: 1<\/td>\n<\/tr>\n<tr>\n<td>Alarmas audibles: modo de bater\u00eda, bater\u00eda baja, sobrecarga, fallo de ups<\/td>\n<\/tr>\n<tr>\n<td>Gesti\u00f3n de cables ( pzs ): cable usb x1<\/td>\n<\/tr>\n<tr>\n<td>Software de gesti\u00f3n de la potencia: powerpanel\u00ae personal (recomendado)<\/td>\n<\/tr>\n<tr>\n<td>F\u00edsico<\/td>\n<\/tr>\n<tr>\n<td>Construcci\u00f3n de carcasa: pl\u00e1stico<\/td>\n<\/tr>\n<tr>\n<td>Color: negro<\/td>\n<\/tr>\n<tr>\n<td>Tama\u00f1o f\u00edsico &#8211; m\u00f3dulo de upsdimensiones (anxalxp) (pulgadas): 3.9 x 11 x 14<\/td>\n<\/tr>\n<tr>\n<td>Dimensiones (anxalxp) (mm): 100 x 280 x 355<\/td>\n<\/tr>\n<tr>\n<td>Peso (libras): 25<\/td>\n<\/tr>\n<tr>\n<td>Peso (kg): 11.3<\/td>\n<\/tr>\n<tr>\n<td>Dimensiones para el env\u00edo<\/td>\n<\/tr>\n<tr>\n<td>Dimensiones (anxalxp) (pulgadas): 17.72 x 7.28 x 14.96<\/td>\n<\/tr>\n<tr>\n<td>Dimensiones (anxalxp) (mm): 450 x 185 x 380<\/td>\n<\/tr>\n<tr>\n<td>Peso (libras): 26.9<\/td>\n<\/tr>\n<tr>\n<td>Peso (kg): 12.2<\/td>\n<\/tr>\n<tr>\n<td>Medioambiental<\/td>\n<\/tr>\n<tr>\n<td>Temperatura de funcionamiento (\u00baf): 32 ~ 104<\/td>\n<\/tr>\n<tr>\n<td>Temperatura de funcionamiento (\u00bac): 0 ~ 40<\/td>\n<\/tr>\n<tr>\n<td>Humedad relativa de funcionamiento (sin condensaci\u00f3n) ( % ): 0 ~ 95<\/td>\n<\/tr>\n<tr>\n<td>Elevaci\u00f3n de funcionamiento ( pies\/metros ): 0-10.000 pies (0-3.000 metros)<\/td>\n<\/tr>\n<tr>\n<td>Temperatura de almacenamiento (\u00baf): 5 ~ 113<\/td>\n<\/tr>\n<tr>\n<td>Temperatura de almacenamiento (\u00bac): -15 ~ 45<\/td>\n<\/tr>\n<tr>\n<td>Humedad relativa de almacenamiento (sin condensaci\u00f3n) ( % ): 0 ~ 95<\/td>\n<\/tr>\n<tr>\n<td>Elevaci\u00f3n de almacenamiento ( pies\/metros ): 0-50.000 pies (0-15.000 metros)<\/td>\n<\/tr>\n<tr>\n<td>Certificaciones<\/td>\n<\/tr>\n<tr>\n<td>Certificaciones<\/td>\n<\/tr>\n<tr>\n<td>Fcc clase b, ul, nom<\/td>\n<\/tr>\n<tr>\n<td>Rohs: s\u00ed<\/td>\n<\/tr>\n<tr>\n<td>Garant\u00eda de 3 a\u00f1os, incluyendo bater\u00eda.<\/td>\n<\/tr>\n<\/table>\n","protected":false},"excerpt":{"rendered":"<p>Ups (no break) con pantalla lcd inteligente multifunci\u00f3n. Regulador de voltaje opcional. Configuraciones torre, mini torre y compacto. Dise\u00f1ados para negocios peque\u00f1os y medianos. Fuerte gabinete pl\u00e1stico. Software de administraci\u00f3n powerpanel personal edition. 3 a\u00f1os de garant\u00eda.<\/p>\n","protected":false},"featured_media":217861,"comment_status":"open","ping_status":"open","template":"","meta":[],"product_cat":[1508,1691],"product_tag":[1692],"acf":[],"yoast_head":"<!-- This site is optimized with the Yoast SEO plugin v21.7 - https:\/\/yoast.com\/wordpress\/plugins\/seo\/ -->\n<title>[ Cyberpower ] &#129351; Cp1500avrlcda,cp1500avrlcd No Break Cp1500avrlcd 1500va\/ 900 Watts, Interactivo,torre, 12 Nema 5-15r, 6 Respaldo Y 6 Supresin, 3 A\u00f1os De Garanta, Incluyendo Batera.<\/title>\n<meta name=\"description\" content=\"Compra Cp1500avrlcda,cp1500avrlcd No Break Cp1500avrlcd 1500va\/ 900 Watts, Interactivo,torre, 12 Nema 5-15r, 6 Respaldo Y 6 Supresin, 3 A\u00f1os De Garanta, Incluyendo Batera. + Env\u00edo a domicilio + Pago seguro + Garant\u00eda\" \/>\n<meta name=\"robots\" content=\"index, follow, max-snippet:-1, max-image-preview:large, max-video-preview:-1\" \/>\n<link rel=\"canonical\" href=\"https:\/\/compuviper.mx\/tienda\/producto\/cyberpower-cp1500avrlcdacp1500avrlcd-no-break-cp1500avrlcd-1500va-900-watts-interactivotorre-12-nema-5-15r-6-respaldo-y-6-supresin-3-aos-de-garanta-incluyendo-batera\/\" \/>\n<meta property=\"og:locale\" content=\"es_MX\" \/>\n<meta property=\"og:type\" content=\"article\" \/>\n<meta property=\"og:title\" content=\"[ Cyberpower ] &#129351; Cp1500avrlcda,cp1500avrlcd No Break Cp1500avrlcd 1500va\/ 900 Watts, Interactivo,torre, 12 Nema 5-15r, 6 Respaldo Y 6 Supresin, 3 A\u00f1os De Garanta, Incluyendo Batera.\" \/>\n<meta property=\"og:description\" content=\"Compra Cp1500avrlcda,cp1500avrlcd No Break Cp1500avrlcd 1500va\/ 900 Watts, Interactivo,torre, 12 Nema 5-15r, 6 Respaldo Y 6 Supresin, 3 A\u00f1os De Garanta, Incluyendo Batera. + Env\u00edo a domicilio + Pago seguro + Garant\u00eda\" \/>\n<meta property=\"og:url\" content=\"https:\/\/compuviper.mx\/tienda\/producto\/cyberpower-cp1500avrlcdacp1500avrlcd-no-break-cp1500avrlcd-1500va-900-watts-interactivotorre-12-nema-5-15r-6-respaldo-y-6-supresin-3-aos-de-garanta-incluyendo-batera\/\" \/>\n<meta property=\"og:site_name\" content=\"Compuviper\" \/>\n<meta property=\"article:publisher\" content=\"https:\/\/www.facebook.com\/compuviper\" \/>\n<meta property=\"article:modified_time\" content=\"2026-04-02T06:31:28+00:00\" \/>\n<meta property=\"og:image\" content=\"https:\/\/compuviper.mx\/tienda\/wp-content\/uploads\/2023\/12\/No-break-cyberpower-cp1500avrlcd-1500va-900-watts-interactivotorre-12-\u00d7-nema-5-15r-6-respaldo-y-6-supresion-3-anos-de-garantia-incluyendo-bateria.jpg\" \/>\n\t<meta property=\"og:image:width\" content=\"200\" \/>\n\t<meta property=\"og:image:height\" content=\"200\" \/>\n\t<meta property=\"og:image:type\" content=\"image\/jpeg\" \/>\n<meta name=\"twitter:card\" content=\"summary_large_image\" \/>\n<meta name=\"twitter:label1\" content=\"Precio\" \/>\n\t<meta name=\"twitter:data1\" content=\"&#36;4,900 con IVA\" \/>\n\t<meta name=\"twitter:label2\" content=\"Availability\" \/>\n\t<meta name=\"twitter:data2\" content=\"In stock\" \/>\n<script type=\"application\/ld+json\" class=\"yoast-schema-graph\">{\"@context\":\"https:\/\/schema.org\",\"@graph\":[{\"@type\":\"WebPage\",\"@id\":\"https:\/\/compuviper.mx\/tienda\/producto\/cyberpower-cp1500avrlcdacp1500avrlcd-no-break-cp1500avrlcd-1500va-900-watts-interactivotorre-12-nema-5-15r-6-respaldo-y-6-supresin-3-aos-de-garanta-incluyendo-batera\/\",\"url\":\"https:\/\/compuviper.mx\/tienda\/producto\/cyberpower-cp1500avrlcdacp1500avrlcd-no-break-cp1500avrlcd-1500va-900-watts-interactivotorre-12-nema-5-15r-6-respaldo-y-6-supresin-3-aos-de-garanta-incluyendo-batera\/\",\"name\":\"[ Cyberpower ] &#129351; Cp1500avrlcda,cp1500avrlcd No Break Cp1500avrlcd 1500va\/ 900 Watts, Interactivo,torre, 12 Nema 5-15r, 6 Respaldo Y 6 Supresin, 3 A\u00f1os De Garanta, Incluyendo Batera.\",\"isPartOf\":{\"@id\":\"https:\/\/compuviper.mx\/tienda\/#website\"},\"datePublished\":\"2026-04-02T06:31:27+00:00\",\"dateModified\":\"2026-04-02T06:31:28+00:00\",\"description\":\"Compra Cp1500avrlcda,cp1500avrlcd No Break Cp1500avrlcd 1500va\/ 900 Watts, Interactivo,torre, 12 Nema 5-15r, 6 Respaldo Y 6 Supresin, 3 A\u00f1os De Garanta, Incluyendo Batera. + Env\u00edo a domicilio + Pago seguro + Garant\u00eda\",\"breadcrumb\":{\"@id\":\"https:\/\/compuviper.mx\/tienda\/producto\/cyberpower-cp1500avrlcdacp1500avrlcd-no-break-cp1500avrlcd-1500va-900-watts-interactivotorre-12-nema-5-15r-6-respaldo-y-6-supresin-3-aos-de-garanta-incluyendo-batera\/#breadcrumb\"},\"inLanguage\":\"es-MX\",\"potentialAction\":[{\"@type\":\"ReadAction\",\"target\":[\"https:\/\/compuviper.mx\/tienda\/producto\/cyberpower-cp1500avrlcdacp1500avrlcd-no-break-cp1500avrlcd-1500va-900-watts-interactivotorre-12-nema-5-15r-6-respaldo-y-6-supresin-3-aos-de-garanta-incluyendo-batera\/\"]}]},{\"@type\":\"BreadcrumbList\",\"@id\":\"https:\/\/compuviper.mx\/tienda\/producto\/cyberpower-cp1500avrlcdacp1500avrlcd-no-break-cp1500avrlcd-1500va-900-watts-interactivotorre-12-nema-5-15r-6-respaldo-y-6-supresin-3-aos-de-garanta-incluyendo-batera\/#breadcrumb\",\"itemListElement\":[{\"@type\":\"ListItem\",\"position\":1,\"name\":\"Inicio\",\"item\":\"https:\/\/compuviper.mx\/tienda\/\"},{\"@type\":\"ListItem\",\"position\":2,\"name\":\"Productos\",\"item\":\"https:\/\/compuviper.mx\/tienda\/productos\/\"},{\"@type\":\"ListItem\",\"position\":3,\"name\":\"Energia\",\"item\":\"https:\/\/compuviper.mx\/tienda\/categoria-producto\/energia\/\"},{\"@type\":\"ListItem\",\"position\":4,\"name\":\"No Break\",\"item\":\"https:\/\/compuviper.mx\/tienda\/categoria-producto\/energia\/no-break\/\"},{\"@type\":\"ListItem\",\"position\":5,\"name\":\"Cyberpower Cp1500avrlcda,cp1500avrlcd No Break Cp1500avrlcd 1500va\/ 900 Watts, Interactivo,torre, 12 Nema 5-15r, 6 Respaldo Y 6 Supresin, 3 A?os De Garanta, Incluyendo Batera.\"}]},{\"@type\":\"WebSite\",\"@id\":\"https:\/\/compuviper.mx\/tienda\/#website\",\"url\":\"https:\/\/compuviper.mx\/tienda\/\",\"name\":\"Compuviper\",\"description\":\"Proveedor de Computadoras, Laptops, Servidores, Monitores, Puntos de Venta, Teclados,   Impresoras, T\u00f3ner, C\u00e1maras de Seguridad y m\u00e1s en tu tienda en l\u00ednea\",\"publisher\":{\"@id\":\"https:\/\/compuviper.mx\/tienda\/#organization\"},\"potentialAction\":[{\"@type\":\"SearchAction\",\"target\":{\"@type\":\"EntryPoint\",\"urlTemplate\":\"https:\/\/compuviper.mx\/tienda\/?s={search_term_string}\"},\"query-input\":\"required name=search_term_string\"}],\"inLanguage\":\"es-MX\"},{\"@type\":\"Organization\",\"@id\":\"https:\/\/compuviper.mx\/tienda\/#organization\",\"name\":\"Compuviper\",\"url\":\"https:\/\/compuviper.mx\/tienda\/\",\"logo\":{\"@type\":\"ImageObject\",\"inLanguage\":\"es-MX\",\"@id\":\"https:\/\/compuviper.mx\/tienda\/#\/schema\/logo\/image\/\",\"url\":\"https:\/\/compuviper.mx\/tienda\/wp-content\/uploads\/2021\/08\/Logo-Compuviper-10.png\",\"contentUrl\":\"https:\/\/compuviper.mx\/tienda\/wp-content\/uploads\/2021\/08\/Logo-Compuviper-10.png\",\"width\":1000,\"height\":500,\"caption\":\"Compuviper\"},\"image\":{\"@id\":\"https:\/\/compuviper.mx\/tienda\/#\/schema\/logo\/image\/\"},\"sameAs\":[\"https:\/\/www.facebook.com\/compuviper\",\"https:\/\/www.youtube.com\/channel\/UCf73dERp9Y3cfOq7q8BhLjA?view_as=subscriber\"]}]}<\/script>\n<meta property=\"product:brand\" content=\"CYBERPOWER\" \/>\n<meta property=\"product:price:amount\" content=\"4900\" \/>\n<meta property=\"product:price:currency\" content=\"MXN\" \/>\n<meta property=\"og:availability\" content=\"instock\" \/>\n<meta property=\"product:availability\" content=\"instock\" \/>\n<meta property=\"product:retailer_item_id\" content=\"CP1500AVRLCDa,CP1500AVRLCD\" \/>\n<meta property=\"product:condition\" content=\"new\" \/>\n<!-- \/ Yoast SEO plugin. -->","yoast_head_json":{"title":"[ Cyberpower ] &#129351; Cp1500avrlcda,cp1500avrlcd No Break Cp1500avrlcd 1500va\/ 900 Watts, Interactivo,torre, 12 Nema 5-15r, 6 Respaldo Y 6 Supresin, 3 A\u00f1os De Garanta, Incluyendo Batera.","description":"Compra Cp1500avrlcda,cp1500avrlcd No Break Cp1500avrlcd 1500va\/ 900 Watts, Interactivo,torre, 12 Nema 5-15r, 6 Respaldo Y 6 Supresin, 3 A\u00f1os De Garanta, Incluyendo Batera. + Env\u00edo a domicilio + Pago seguro + Garant\u00eda","robots":{"index":"index","follow":"follow","max-snippet":"max-snippet:-1","max-image-preview":"max-image-preview:large","max-video-preview":"max-video-preview:-1"},"canonical":"https:\/\/compuviper.mx\/tienda\/producto\/cyberpower-cp1500avrlcdacp1500avrlcd-no-break-cp1500avrlcd-1500va-900-watts-interactivotorre-12-nema-5-15r-6-respaldo-y-6-supresin-3-aos-de-garanta-incluyendo-batera\/","og_locale":"es_MX","og_type":"article","og_title":"[ Cyberpower ] &#129351; Cp1500avrlcda,cp1500avrlcd No Break Cp1500avrlcd 1500va\/ 900 Watts, Interactivo,torre, 12 Nema 5-15r, 6 Respaldo Y 6 Supresin, 3 A\u00f1os De Garanta, Incluyendo Batera.","og_description":"Compra Cp1500avrlcda,cp1500avrlcd No Break Cp1500avrlcd 1500va\/ 900 Watts, Interactivo,torre, 12 Nema 5-15r, 6 Respaldo Y 6 Supresin, 3 A\u00f1os De Garanta, Incluyendo Batera. + Env\u00edo a domicilio + Pago seguro + Garant\u00eda","og_url":"https:\/\/compuviper.mx\/tienda\/producto\/cyberpower-cp1500avrlcdacp1500avrlcd-no-break-cp1500avrlcd-1500va-900-watts-interactivotorre-12-nema-5-15r-6-respaldo-y-6-supresin-3-aos-de-garanta-incluyendo-batera\/","og_site_name":"Compuviper","article_publisher":"https:\/\/www.facebook.com\/compuviper","article_modified_time":"2026-04-02T06:31:28+00:00","og_image":[{"width":200,"height":200,"url":"https:\/\/compuviper.mx\/tienda\/wp-content\/uploads\/2023\/12\/No-break-cyberpower-cp1500avrlcd-1500va-900-watts-interactivotorre-12-\u00d7-nema-5-15r-6-respaldo-y-6-supresion-3-anos-de-garantia-incluyendo-bateria.jpg","type":"image\/jpeg"}],"twitter_card":"summary_large_image","twitter_misc":{"Precio":"&#36;4,900 con IVA","Availability":"In stock"},"schema":{"@context":"https:\/\/schema.org","@graph":[{"@type":"WebPage","@id":"https:\/\/compuviper.mx\/tienda\/producto\/cyberpower-cp1500avrlcdacp1500avrlcd-no-break-cp1500avrlcd-1500va-900-watts-interactivotorre-12-nema-5-15r-6-respaldo-y-6-supresin-3-aos-de-garanta-incluyendo-batera\/","url":"https:\/\/compuviper.mx\/tienda\/producto\/cyberpower-cp1500avrlcdacp1500avrlcd-no-break-cp1500avrlcd-1500va-900-watts-interactivotorre-12-nema-5-15r-6-respaldo-y-6-supresin-3-aos-de-garanta-incluyendo-batera\/","name":"[ Cyberpower ] &#129351; Cp1500avrlcda,cp1500avrlcd No Break Cp1500avrlcd 1500va\/ 900 Watts, Interactivo,torre, 12 Nema 5-15r, 6 Respaldo Y 6 Supresin, 3 A\u00f1os De Garanta, Incluyendo Batera.","isPartOf":{"@id":"https:\/\/compuviper.mx\/tienda\/#website"},"datePublished":"2026-04-02T06:31:27+00:00","dateModified":"2026-04-02T06:31:28+00:00","description":"Compra Cp1500avrlcda,cp1500avrlcd No Break Cp1500avrlcd 1500va\/ 900 Watts, Interactivo,torre, 12 Nema 5-15r, 6 Respaldo Y 6 Supresin, 3 A\u00f1os De Garanta, Incluyendo Batera. + Env\u00edo a domicilio + Pago seguro + Garant\u00eda","breadcrumb":{"@id":"https:\/\/compuviper.mx\/tienda\/producto\/cyberpower-cp1500avrlcdacp1500avrlcd-no-break-cp1500avrlcd-1500va-900-watts-interactivotorre-12-nema-5-15r-6-respaldo-y-6-supresin-3-aos-de-garanta-incluyendo-batera\/#breadcrumb"},"inLanguage":"es-MX","potentialAction":[{"@type":"ReadAction","target":["https:\/\/compuviper.mx\/tienda\/producto\/cyberpower-cp1500avrlcdacp1500avrlcd-no-break-cp1500avrlcd-1500va-900-watts-interactivotorre-12-nema-5-15r-6-respaldo-y-6-supresin-3-aos-de-garanta-incluyendo-batera\/"]}]},{"@type":"BreadcrumbList","@id":"https:\/\/compuviper.mx\/tienda\/producto\/cyberpower-cp1500avrlcdacp1500avrlcd-no-break-cp1500avrlcd-1500va-900-watts-interactivotorre-12-nema-5-15r-6-respaldo-y-6-supresin-3-aos-de-garanta-incluyendo-batera\/#breadcrumb","itemListElement":[{"@type":"ListItem","position":1,"name":"Inicio","item":"https:\/\/compuviper.mx\/tienda\/"},{"@type":"ListItem","position":2,"name":"Productos","item":"https:\/\/compuviper.mx\/tienda\/productos\/"},{"@type":"ListItem","position":3,"name":"Energia","item":"https:\/\/compuviper.mx\/tienda\/categoria-producto\/energia\/"},{"@type":"ListItem","position":4,"name":"No Break","item":"https:\/\/compuviper.mx\/tienda\/categoria-producto\/energia\/no-break\/"},{"@type":"ListItem","position":5,"name":"Cyberpower Cp1500avrlcda,cp1500avrlcd No Break Cp1500avrlcd 1500va\/ 900 Watts, Interactivo,torre, 12 Nema 5-15r, 6 Respaldo Y 6 Supresin, 3 A?os De Garanta, Incluyendo Batera."}]},{"@type":"WebSite","@id":"https:\/\/compuviper.mx\/tienda\/#website","url":"https:\/\/compuviper.mx\/tienda\/","name":"Compuviper","description":"Proveedor de Computadoras, Laptops, Servidores, Monitores, Puntos de Venta, Teclados,   Impresoras, T\u00f3ner, C\u00e1maras de Seguridad y m\u00e1s en tu tienda en l\u00ednea","publisher":{"@id":"https:\/\/compuviper.mx\/tienda\/#organization"},"potentialAction":[{"@type":"SearchAction","target":{"@type":"EntryPoint","urlTemplate":"https:\/\/compuviper.mx\/tienda\/?s={search_term_string}"},"query-input":"required name=search_term_string"}],"inLanguage":"es-MX"},{"@type":"Organization","@id":"https:\/\/compuviper.mx\/tienda\/#organization","name":"Compuviper","url":"https:\/\/compuviper.mx\/tienda\/","logo":{"@type":"ImageObject","inLanguage":"es-MX","@id":"https:\/\/compuviper.mx\/tienda\/#\/schema\/logo\/image\/","url":"https:\/\/compuviper.mx\/tienda\/wp-content\/uploads\/2021\/08\/Logo-Compuviper-10.png","contentUrl":"https:\/\/compuviper.mx\/tienda\/wp-content\/uploads\/2021\/08\/Logo-Compuviper-10.png","width":1000,"height":500,"caption":"Compuviper"},"image":{"@id":"https:\/\/compuviper.mx\/tienda\/#\/schema\/logo\/image\/"},"sameAs":["https:\/\/www.facebook.com\/compuviper","https:\/\/www.youtube.com\/channel\/UCf73dERp9Y3cfOq7q8BhLjA?view_as=subscriber"]}]},"product_brand":"CYBERPOWER","product_price_amount":"4900","product_price_currency":"MXN","og_availability":"instock","product_availability":"instock","product_retailer_item_id":"CP1500AVRLCDa,CP1500AVRLCD","product_condition":"new"},"_links":{"self":[{"href":"https:\/\/compuviper.mx\/tienda\/wp-json\/wp\/v2\/product\/217860"}],"collection":[{"href":"https:\/\/compuviper.mx\/tienda\/wp-json\/wp\/v2\/product"}],"about":[{"href":"https:\/\/compuviper.mx\/tienda\/wp-json\/wp\/v2\/types\/product"}],"replies":[{"embeddable":true,"href":"https:\/\/compuviper.mx\/tienda\/wp-json\/wp\/v2\/comments?post=217860"}],"wp:featuredmedia":[{"embeddable":true,"href":"https:\/\/compuviper.mx\/tienda\/wp-json\/wp\/v2\/media\/217861"}],"wp:attachment":[{"href":"https:\/\/compuviper.mx\/tienda\/wp-json\/wp\/v2\/media?parent=217860"}],"wp:term":[{"taxonomy":"product_cat","embeddable":true,"href":"https:\/\/compuviper.mx\/tienda\/wp-json\/wp\/v2\/product_cat?post=217860"},{"taxonomy":"product_tag","embeddable":true,"href":"https:\/\/compuviper.mx\/tienda\/wp-json\/wp\/v2\/product_tag?post=217860"}],"curies":[{"name":"wp","href":"https:\/\/api.w.org\/{rel}","templated":true}]}}