{"id":217839,"date":"2026-04-07T00:29:45","date_gmt":"2026-04-07T06:29:45","guid":{"rendered":"https:\/\/compuviper.mx\/tienda\/producto\/tripp-lite-internet600u-nobreak-600va-300w-8-contactos-ultra-compacto-con-usb-garantia-limitada-de-3-aos\/"},"modified":"2026-04-07T00:29:45","modified_gmt":"2026-04-07T06:29:45","slug":"tripp-lite-internet600u-no-break-tripp-lite-nternet600u-ups-standby-de-600va-325w-10-tomacorrientes-nema-5-15r-120v-50hz-60hz-usb-clavija-5-15p-instalacin-en-pared-o-escritorio-garantia-3-a","status":"publish","type":"product","link":"https:\/\/compuviper.mx\/tienda\/producto\/tripp-lite-internet600u-no-break-tripp-lite-nternet600u-ups-standby-de-600va-325w-10-tomacorrientes-nema-5-15r-120v-50hz-60hz-usb-clavija-5-15p-instalacin-en-pared-o-escritorio-garantia-3-a\/","title":{"rendered":"Tripp-lite Internet600u No Break Tripp Lite Nternet600u, Ups Standby De 600va 325w &#8211; 10 Tomacorrientes Nema 5-15r, 120v, 50hz \/ 60hz, Usb, Clavija 5-15p, Instalaci?n En Pared O Escritorio.garantia 3 A?os"},"content":{"rendered":"<table class=\"descripcion\">\n<tr>\n<td>Ups standby ultra-compacto con usb de monitoreo incorporado, protege pcs, estaciones de trabajo de red y otros sistemas que dependen de una interfaz usb para monitoreo del ups y apagado del sistema sin supervisi\u00f3n. mantiene la salida de ca durante apagones y ca\u00eddas de voltaje empezando a 99v. incluye usb para monitoreo, con cableado, supresi\u00f3n de sobretensiones en l\u00ednea tel\/dsl, tomacorrientes con supresi\u00f3n de sobretensiones \u00fanicamente e indicadores de led. el software poweralert se puede descargar en forma gratuita<\/td>\n<\/tr>\n<\/table>\n","protected":false},"excerpt":{"rendered":"<p>Internet600u &#8211; ups standby, ofrece protecci\u00f3n contra apagones, ca\u00eddas de voltaje y sobretensiones en l\u00edneas ca y de m\u00f3dem de marcado telef\u00f3nico. Proporciona soporte de bater\u00eda ininterrumpido de salida de ca durante apagones y ca\u00eddas de voltaje severas para que pueda apagar los equipos conectados sin p\u00e9rdida de datos. El puerto usb permite apagar y guardar la informaci\u00f3n sin supervisi\u00f3n cuando se usa con el software poweralert de tripp lite, disponible para descarga gratuita via www.Tripplite.Com\/poweralert. El usb compatible con hid permite adem\u00e1s la integraci\u00f3n con las funciones incorporadas de administraci\u00f3n de energ\u00eda y apagado autom\u00e1tico de windows y mac os x. Los cuatro tomacorrientes soportados por bater\u00eda protegen la computadora, el monitor y otros perif\u00e9ricos importantes del sistema, adem\u00e1s de 4 tomacorrientes s\u00f3lo con supresi\u00f3n de sobretensiones para impresoras y otros accesorios de sistema que no requieren bater\u00eda. Atractivo esquema del ups totalmente en color negro. Un enchufe para l\u00ednea telef\u00f3nica con divisor de l\u00ednea protege los perif\u00e9ricos con una conexi\u00f3n de l\u00ednea de tel\u00e9fono est\u00e1ndar. La alarma ac\u00fastica y los leds en el panel frontal ofrecen informaci\u00f3n continua sobre la operaci\u00f3n con alimentaci\u00f3n de l\u00ednea y de bater\u00eda. La capacidad de administraci\u00f3n de 600 va \/ 300 watts de potencia permite el funcionamiento de los sistemas de computadoras de nivel b\u00e1sico durante varios minutos durante las fallas de suministro el\u00e9ctrico. Incluye cable de alimentaci\u00f3n ca de 1.83 m [6 pies]. Switch de encendido \/ apagado. Compatible con aplicaciones de 120v \/ 60 hz en ee uu, canad\u00e1, m\u00e9xico y otros pa\u00edses. Pdub15 &#8211; pdu opcional con derivaci\u00f3n permite el reemplazo hot-swap del ups sin interrumpir el servicio del equipo conectado. El paquete incluye. Internet600u sistema de ups. Cable usb<\/p>\n","protected":false},"featured_media":217840,"comment_status":"open","ping_status":"open","template":"","meta":[],"product_cat":[1508,1691],"product_tag":[1510],"acf":[],"yoast_head":"<!-- This site is optimized with the Yoast SEO plugin v21.7 - https:\/\/yoast.com\/wordpress\/plugins\/seo\/ -->\n<title>[ Tripp-lite ] &#129351; Internet600u No Break Tripp Lite Nternet600u, Ups Standby De 600va 325w - 10 Tomacorrientes Nema 5-15r, 120v, 50hz \/ 60hz, Usb, Clavija 5-15p, Instalaci\u00f3n En Pared O Escritorio.garantia 3 A\u00f1os<\/title>\n<meta name=\"description\" content=\"Compra Internet600u No Break Tripp Lite Nternet600u, Ups Standby De 600va 325w - 10 Tomacorrientes Nema 5-15r, 120v, 50hz \/ 60hz, Usb, Clavija 5-15p, Instalaci\u00f3n En Pared O Escritorio.garantia 3 A\u00f1os + Env\u00edo a domicilio + Pago seguro + Garant\u00eda\" \/>\n<meta name=\"robots\" content=\"index, follow, max-snippet:-1, max-image-preview:large, max-video-preview:-1\" \/>\n<link rel=\"canonical\" href=\"https:\/\/compuviper.mx\/tienda\/producto\/tripp-lite-internet600u-no-break-tripp-lite-nternet600u-ups-standby-de-600va-325w-10-tomacorrientes-nema-5-15r-120v-50hz-60hz-usb-clavija-5-15p-instalacin-en-pared-o-escritorio-garantia-3-a\/\" \/>\n<meta property=\"og:locale\" content=\"es_MX\" \/>\n<meta property=\"og:type\" content=\"article\" \/>\n<meta property=\"og:title\" content=\"[ Tripp-lite ] &#129351; Internet600u No Break Tripp Lite Nternet600u, Ups Standby De 600va 325w - 10 Tomacorrientes Nema 5-15r, 120v, 50hz \/ 60hz, Usb, Clavija 5-15p, Instalaci\u00f3n En Pared O Escritorio.garantia 3 A\u00f1os\" \/>\n<meta property=\"og:description\" content=\"Compra Internet600u No Break Tripp Lite Nternet600u, Ups Standby De 600va 325w - 10 Tomacorrientes Nema 5-15r, 120v, 50hz \/ 60hz, Usb, Clavija 5-15p, Instalaci\u00f3n En Pared O Escritorio.garantia 3 A\u00f1os + Env\u00edo a domicilio + Pago seguro + Garant\u00eda\" \/>\n<meta property=\"og:url\" content=\"https:\/\/compuviper.mx\/tienda\/producto\/tripp-lite-internet600u-no-break-tripp-lite-nternet600u-ups-standby-de-600va-325w-10-tomacorrientes-nema-5-15r-120v-50hz-60hz-usb-clavija-5-15p-instalacin-en-pared-o-escritorio-garantia-3-a\/\" \/>\n<meta property=\"og:site_name\" content=\"Compuviper\" \/>\n<meta property=\"article:publisher\" content=\"https:\/\/www.facebook.com\/compuviper\" \/>\n<meta property=\"og:image\" content=\"https:\/\/compuviper.mx\/tienda\/wp-content\/uploads\/2023\/12\/Nobreak-tripp-lite-internet600u-600va-300w-8-contactos-ultra-compacto-con-usb-.garantia-limitada-de-3-anos.jpg\" \/>\n\t<meta property=\"og:image:width\" content=\"200\" \/>\n\t<meta property=\"og:image:height\" content=\"200\" \/>\n\t<meta property=\"og:image:type\" content=\"image\/jpeg\" \/>\n<meta name=\"twitter:card\" content=\"summary_large_image\" \/>\n<meta name=\"twitter:label1\" content=\"Precio\" \/>\n\t<meta name=\"twitter:data1\" content=\"&#36;2,081 con IVA\" \/>\n\t<meta name=\"twitter:label2\" content=\"Availability\" \/>\n\t<meta name=\"twitter:data2\" content=\"Out of stock\" \/>\n<script type=\"application\/ld+json\" class=\"yoast-schema-graph\">{\"@context\":\"https:\/\/schema.org\",\"@graph\":[{\"@type\":\"WebPage\",\"@id\":\"https:\/\/compuviper.mx\/tienda\/producto\/tripp-lite-internet600u-no-break-tripp-lite-nternet600u-ups-standby-de-600va-325w-10-tomacorrientes-nema-5-15r-120v-50hz-60hz-usb-clavija-5-15p-instalacin-en-pared-o-escritorio-garantia-3-a\/\",\"url\":\"https:\/\/compuviper.mx\/tienda\/producto\/tripp-lite-internet600u-no-break-tripp-lite-nternet600u-ups-standby-de-600va-325w-10-tomacorrientes-nema-5-15r-120v-50hz-60hz-usb-clavija-5-15p-instalacin-en-pared-o-escritorio-garantia-3-a\/\",\"name\":\"[ Tripp-lite ] &#129351; Internet600u No Break Tripp Lite Nternet600u, Ups Standby De 600va 325w - 10 Tomacorrientes Nema 5-15r, 120v, 50hz \/ 60hz, Usb, Clavija 5-15p, Instalaci\u00f3n En Pared O Escritorio.garantia 3 A\u00f1os\",\"isPartOf\":{\"@id\":\"https:\/\/compuviper.mx\/tienda\/#website\"},\"datePublished\":\"2026-04-07T06:29:45+00:00\",\"dateModified\":\"2026-04-07T06:29:45+00:00\",\"description\":\"Compra Internet600u No Break Tripp Lite Nternet600u, Ups Standby De 600va 325w - 10 Tomacorrientes Nema 5-15r, 120v, 50hz \/ 60hz, Usb, Clavija 5-15p, Instalaci\u00f3n En Pared O Escritorio.garantia 3 A\u00f1os + Env\u00edo a domicilio + Pago seguro + Garant\u00eda\",\"breadcrumb\":{\"@id\":\"https:\/\/compuviper.mx\/tienda\/producto\/tripp-lite-internet600u-no-break-tripp-lite-nternet600u-ups-standby-de-600va-325w-10-tomacorrientes-nema-5-15r-120v-50hz-60hz-usb-clavija-5-15p-instalacin-en-pared-o-escritorio-garantia-3-a\/#breadcrumb\"},\"inLanguage\":\"es-MX\",\"potentialAction\":[{\"@type\":\"ReadAction\",\"target\":[\"https:\/\/compuviper.mx\/tienda\/producto\/tripp-lite-internet600u-no-break-tripp-lite-nternet600u-ups-standby-de-600va-325w-10-tomacorrientes-nema-5-15r-120v-50hz-60hz-usb-clavija-5-15p-instalacin-en-pared-o-escritorio-garantia-3-a\/\"]}]},{\"@type\":\"BreadcrumbList\",\"@id\":\"https:\/\/compuviper.mx\/tienda\/producto\/tripp-lite-internet600u-no-break-tripp-lite-nternet600u-ups-standby-de-600va-325w-10-tomacorrientes-nema-5-15r-120v-50hz-60hz-usb-clavija-5-15p-instalacin-en-pared-o-escritorio-garantia-3-a\/#breadcrumb\",\"itemListElement\":[{\"@type\":\"ListItem\",\"position\":1,\"name\":\"Inicio\",\"item\":\"https:\/\/compuviper.mx\/tienda\/\"},{\"@type\":\"ListItem\",\"position\":2,\"name\":\"Productos\",\"item\":\"https:\/\/compuviper.mx\/tienda\/productos\/\"},{\"@type\":\"ListItem\",\"position\":3,\"name\":\"Energia\",\"item\":\"https:\/\/compuviper.mx\/tienda\/categoria-producto\/energia\/\"},{\"@type\":\"ListItem\",\"position\":4,\"name\":\"No Break\",\"item\":\"https:\/\/compuviper.mx\/tienda\/categoria-producto\/energia\/no-break\/\"},{\"@type\":\"ListItem\",\"position\":5,\"name\":\"Tripp-lite Internet600u No Break Tripp Lite Nternet600u, Ups Standby De 600va 325w &#8211; 10 Tomacorrientes Nema 5-15r, 120v, 50hz \/ 60hz, Usb, Clavija 5-15p, Instalaci?n En Pared O Escritorio.garantia 3 A?os\"}]},{\"@type\":\"WebSite\",\"@id\":\"https:\/\/compuviper.mx\/tienda\/#website\",\"url\":\"https:\/\/compuviper.mx\/tienda\/\",\"name\":\"Compuviper\",\"description\":\"Proveedor de Computadoras, Laptops, Servidores, Monitores, Puntos de Venta, Teclados,   Impresoras, T\u00f3ner, C\u00e1maras de Seguridad y m\u00e1s en tu tienda en l\u00ednea\",\"publisher\":{\"@id\":\"https:\/\/compuviper.mx\/tienda\/#organization\"},\"potentialAction\":[{\"@type\":\"SearchAction\",\"target\":{\"@type\":\"EntryPoint\",\"urlTemplate\":\"https:\/\/compuviper.mx\/tienda\/?s={search_term_string}\"},\"query-input\":\"required name=search_term_string\"}],\"inLanguage\":\"es-MX\"},{\"@type\":\"Organization\",\"@id\":\"https:\/\/compuviper.mx\/tienda\/#organization\",\"name\":\"Compuviper\",\"url\":\"https:\/\/compuviper.mx\/tienda\/\",\"logo\":{\"@type\":\"ImageObject\",\"inLanguage\":\"es-MX\",\"@id\":\"https:\/\/compuviper.mx\/tienda\/#\/schema\/logo\/image\/\",\"url\":\"https:\/\/compuviper.mx\/tienda\/wp-content\/uploads\/2021\/08\/Logo-Compuviper-10.png\",\"contentUrl\":\"https:\/\/compuviper.mx\/tienda\/wp-content\/uploads\/2021\/08\/Logo-Compuviper-10.png\",\"width\":1000,\"height\":500,\"caption\":\"Compuviper\"},\"image\":{\"@id\":\"https:\/\/compuviper.mx\/tienda\/#\/schema\/logo\/image\/\"},\"sameAs\":[\"https:\/\/www.facebook.com\/compuviper\",\"https:\/\/www.youtube.com\/channel\/UCf73dERp9Y3cfOq7q8BhLjA?view_as=subscriber\"]}]}<\/script>\n<meta property=\"product:brand\" content=\"TRIPP-LITE\" \/>\n<meta property=\"product:price:amount\" content=\"2081\" \/>\n<meta property=\"product:price:currency\" content=\"MXN\" \/>\n<meta property=\"og:availability\" content=\"out of stock\" \/>\n<meta property=\"product:availability\" content=\"out of stock\" \/>\n<meta property=\"product:retailer_item_id\" content=\"INTERNET600U\" \/>\n<meta property=\"product:condition\" content=\"new\" \/>\n<!-- \/ Yoast SEO plugin. -->","yoast_head_json":{"title":"[ Tripp-lite ] &#129351; Internet600u No Break Tripp Lite Nternet600u, Ups Standby De 600va 325w - 10 Tomacorrientes Nema 5-15r, 120v, 50hz \/ 60hz, Usb, Clavija 5-15p, Instalaci\u00f3n En Pared O Escritorio.garantia 3 A\u00f1os","description":"Compra Internet600u No Break Tripp Lite Nternet600u, Ups Standby De 600va 325w - 10 Tomacorrientes Nema 5-15r, 120v, 50hz \/ 60hz, Usb, Clavija 5-15p, Instalaci\u00f3n En Pared O Escritorio.garantia 3 A\u00f1os + Env\u00edo a domicilio + Pago seguro + Garant\u00eda","robots":{"index":"index","follow":"follow","max-snippet":"max-snippet:-1","max-image-preview":"max-image-preview:large","max-video-preview":"max-video-preview:-1"},"canonical":"https:\/\/compuviper.mx\/tienda\/producto\/tripp-lite-internet600u-no-break-tripp-lite-nternet600u-ups-standby-de-600va-325w-10-tomacorrientes-nema-5-15r-120v-50hz-60hz-usb-clavija-5-15p-instalacin-en-pared-o-escritorio-garantia-3-a\/","og_locale":"es_MX","og_type":"article","og_title":"[ Tripp-lite ] &#129351; Internet600u No Break Tripp Lite Nternet600u, Ups Standby De 600va 325w - 10 Tomacorrientes Nema 5-15r, 120v, 50hz \/ 60hz, Usb, Clavija 5-15p, Instalaci\u00f3n En Pared O Escritorio.garantia 3 A\u00f1os","og_description":"Compra Internet600u No Break Tripp Lite Nternet600u, Ups Standby De 600va 325w - 10 Tomacorrientes Nema 5-15r, 120v, 50hz \/ 60hz, Usb, Clavija 5-15p, Instalaci\u00f3n En Pared O Escritorio.garantia 3 A\u00f1os + Env\u00edo a domicilio + Pago seguro + Garant\u00eda","og_url":"https:\/\/compuviper.mx\/tienda\/producto\/tripp-lite-internet600u-no-break-tripp-lite-nternet600u-ups-standby-de-600va-325w-10-tomacorrientes-nema-5-15r-120v-50hz-60hz-usb-clavija-5-15p-instalacin-en-pared-o-escritorio-garantia-3-a\/","og_site_name":"Compuviper","article_publisher":"https:\/\/www.facebook.com\/compuviper","og_image":[{"width":200,"height":200,"url":"https:\/\/compuviper.mx\/tienda\/wp-content\/uploads\/2023\/12\/Nobreak-tripp-lite-internet600u-600va-300w-8-contactos-ultra-compacto-con-usb-.garantia-limitada-de-3-anos.jpg","type":"image\/jpeg"}],"twitter_card":"summary_large_image","twitter_misc":{"Precio":"&#36;2,081 con IVA","Availability":"Out of stock"},"schema":{"@context":"https:\/\/schema.org","@graph":[{"@type":"WebPage","@id":"https:\/\/compuviper.mx\/tienda\/producto\/tripp-lite-internet600u-no-break-tripp-lite-nternet600u-ups-standby-de-600va-325w-10-tomacorrientes-nema-5-15r-120v-50hz-60hz-usb-clavija-5-15p-instalacin-en-pared-o-escritorio-garantia-3-a\/","url":"https:\/\/compuviper.mx\/tienda\/producto\/tripp-lite-internet600u-no-break-tripp-lite-nternet600u-ups-standby-de-600va-325w-10-tomacorrientes-nema-5-15r-120v-50hz-60hz-usb-clavija-5-15p-instalacin-en-pared-o-escritorio-garantia-3-a\/","name":"[ Tripp-lite ] &#129351; Internet600u No Break Tripp Lite Nternet600u, Ups Standby De 600va 325w - 10 Tomacorrientes Nema 5-15r, 120v, 50hz \/ 60hz, Usb, Clavija 5-15p, Instalaci\u00f3n En Pared O Escritorio.garantia 3 A\u00f1os","isPartOf":{"@id":"https:\/\/compuviper.mx\/tienda\/#website"},"datePublished":"2026-04-07T06:29:45+00:00","dateModified":"2026-04-07T06:29:45+00:00","description":"Compra Internet600u No Break Tripp Lite Nternet600u, Ups Standby De 600va 325w - 10 Tomacorrientes Nema 5-15r, 120v, 50hz \/ 60hz, Usb, Clavija 5-15p, Instalaci\u00f3n En Pared O Escritorio.garantia 3 A\u00f1os + Env\u00edo a domicilio + Pago seguro + Garant\u00eda","breadcrumb":{"@id":"https:\/\/compuviper.mx\/tienda\/producto\/tripp-lite-internet600u-no-break-tripp-lite-nternet600u-ups-standby-de-600va-325w-10-tomacorrientes-nema-5-15r-120v-50hz-60hz-usb-clavija-5-15p-instalacin-en-pared-o-escritorio-garantia-3-a\/#breadcrumb"},"inLanguage":"es-MX","potentialAction":[{"@type":"ReadAction","target":["https:\/\/compuviper.mx\/tienda\/producto\/tripp-lite-internet600u-no-break-tripp-lite-nternet600u-ups-standby-de-600va-325w-10-tomacorrientes-nema-5-15r-120v-50hz-60hz-usb-clavija-5-15p-instalacin-en-pared-o-escritorio-garantia-3-a\/"]}]},{"@type":"BreadcrumbList","@id":"https:\/\/compuviper.mx\/tienda\/producto\/tripp-lite-internet600u-no-break-tripp-lite-nternet600u-ups-standby-de-600va-325w-10-tomacorrientes-nema-5-15r-120v-50hz-60hz-usb-clavija-5-15p-instalacin-en-pared-o-escritorio-garantia-3-a\/#breadcrumb","itemListElement":[{"@type":"ListItem","position":1,"name":"Inicio","item":"https:\/\/compuviper.mx\/tienda\/"},{"@type":"ListItem","position":2,"name":"Productos","item":"https:\/\/compuviper.mx\/tienda\/productos\/"},{"@type":"ListItem","position":3,"name":"Energia","item":"https:\/\/compuviper.mx\/tienda\/categoria-producto\/energia\/"},{"@type":"ListItem","position":4,"name":"No Break","item":"https:\/\/compuviper.mx\/tienda\/categoria-producto\/energia\/no-break\/"},{"@type":"ListItem","position":5,"name":"Tripp-lite Internet600u No Break Tripp Lite Nternet600u, Ups Standby De 600va 325w &#8211; 10 Tomacorrientes Nema 5-15r, 120v, 50hz \/ 60hz, Usb, Clavija 5-15p, Instalaci?n En Pared O Escritorio.garantia 3 A?os"}]},{"@type":"WebSite","@id":"https:\/\/compuviper.mx\/tienda\/#website","url":"https:\/\/compuviper.mx\/tienda\/","name":"Compuviper","description":"Proveedor de Computadoras, Laptops, Servidores, Monitores, Puntos de Venta, Teclados,   Impresoras, T\u00f3ner, C\u00e1maras de Seguridad y m\u00e1s en tu tienda en l\u00ednea","publisher":{"@id":"https:\/\/compuviper.mx\/tienda\/#organization"},"potentialAction":[{"@type":"SearchAction","target":{"@type":"EntryPoint","urlTemplate":"https:\/\/compuviper.mx\/tienda\/?s={search_term_string}"},"query-input":"required name=search_term_string"}],"inLanguage":"es-MX"},{"@type":"Organization","@id":"https:\/\/compuviper.mx\/tienda\/#organization","name":"Compuviper","url":"https:\/\/compuviper.mx\/tienda\/","logo":{"@type":"ImageObject","inLanguage":"es-MX","@id":"https:\/\/compuviper.mx\/tienda\/#\/schema\/logo\/image\/","url":"https:\/\/compuviper.mx\/tienda\/wp-content\/uploads\/2021\/08\/Logo-Compuviper-10.png","contentUrl":"https:\/\/compuviper.mx\/tienda\/wp-content\/uploads\/2021\/08\/Logo-Compuviper-10.png","width":1000,"height":500,"caption":"Compuviper"},"image":{"@id":"https:\/\/compuviper.mx\/tienda\/#\/schema\/logo\/image\/"},"sameAs":["https:\/\/www.facebook.com\/compuviper","https:\/\/www.youtube.com\/channel\/UCf73dERp9Y3cfOq7q8BhLjA?view_as=subscriber"]}]},"product_brand":"TRIPP-LITE","product_price_amount":"2081","product_price_currency":"MXN","og_availability":"out of stock","product_availability":"out of stock","product_retailer_item_id":"INTERNET600U","product_condition":"new"},"_links":{"self":[{"href":"https:\/\/compuviper.mx\/tienda\/wp-json\/wp\/v2\/product\/217839"}],"collection":[{"href":"https:\/\/compuviper.mx\/tienda\/wp-json\/wp\/v2\/product"}],"about":[{"href":"https:\/\/compuviper.mx\/tienda\/wp-json\/wp\/v2\/types\/product"}],"replies":[{"embeddable":true,"href":"https:\/\/compuviper.mx\/tienda\/wp-json\/wp\/v2\/comments?post=217839"}],"wp:featuredmedia":[{"embeddable":true,"href":"https:\/\/compuviper.mx\/tienda\/wp-json\/wp\/v2\/media\/217840"}],"wp:attachment":[{"href":"https:\/\/compuviper.mx\/tienda\/wp-json\/wp\/v2\/media?parent=217839"}],"wp:term":[{"taxonomy":"product_cat","embeddable":true,"href":"https:\/\/compuviper.mx\/tienda\/wp-json\/wp\/v2\/product_cat?post=217839"},{"taxonomy":"product_tag","embeddable":true,"href":"https:\/\/compuviper.mx\/tienda\/wp-json\/wp\/v2\/product_tag?post=217839"}],"curies":[{"name":"wp","href":"https:\/\/api.w.org\/{rel}","templated":true}]}}