{"id":217837,"date":"2026-04-02T00:31:21","date_gmt":"2026-04-02T06:31:21","guid":{"rendered":"https:\/\/compuviper.mx\/tienda\/producto\/tripp-lite-smart1200lcd-nobreak-de-120v-700watts-torre-rack-usb-8-contactos-neg\/"},"modified":"2026-04-02T00:31:22","modified_gmt":"2026-04-02T06:31:22","slug":"tripp-lite-smart1200lcd-nobreak-de-120v-700watts-torre-rack-usb-8-contactos-neg","status":"publish","type":"product","link":"https:\/\/compuviper.mx\/tienda\/producto\/tripp-lite-smart1200lcd-nobreak-de-120v-700watts-torre-rack-usb-8-contactos-neg\/","title":{"rendered":"Tripp-lite Smart1200lcd Nobreak  , De 120v, 700watts, Torre\/rack, Usb 8 Contactos Neg"},"content":{"rendered":"<table class=\"descripcion\">\n<tr>\n<td>Caracter\u00edsticas<\/td>\n<\/tr>\n<tr>\n<td>Confiable respaldo por bater\u00eda<\/td>\n<\/tr>\n<tr>\n<td>Suministra protecci\u00f3n de energ\u00eda de alto rendimiento de 1200va \/ 700w para computadoras de escritorio, componentes de audio\/video, centros de medios y otros dispositivos electr\u00f3nicos<\/td>\n<\/tr>\n<tr>\n<td>Soporta carga al 50% (350w) hasta por 12 minutos y a plena carga (700w) hasta por 4 minutos<\/td>\n<\/tr>\n<tr>\n<td>La alarma ac\u00fastica indica la perdida de energ\u00eda de la red p\u00fablica o bater\u00eda baja<\/td>\n<\/tr>\n<tr>\n<td>Tomacorrientes optimizados<\/td>\n<\/tr>\n<tr>\n<td>8 tomacorrientes nema 5-15r suministran respaldo por bater\u00eda y protegen contra sobretensiones que puedan da\u00f1ar equipos o datos<\/td>\n<\/tr>\n<tr>\n<td>Regulaci\u00f3n autom\u00e1tica de voltaje (avr)<\/td>\n<\/tr>\n<tr>\n<td>Corrige bajos voltajes de hasta 75v y sobrevoltajes hasta 147v sin p\u00e9rdida de energ\u00eda de respaldo de la bater\u00eda.<\/td>\n<\/tr>\n<tr>\n<td>Pantalla lcd de estado giratoria<\/td>\n<\/tr>\n<tr>\n<td>La gran pantalla lcd muestra en tiempo real los estados de voltaje de entrada, sobrecarga, avr y bater\u00eda.<\/td>\n<\/tr>\n<tr>\n<td>Gira para f\u00e1cil visualizaci\u00f3n en instalaciones horizontales y verticales.<\/td>\n<\/tr>\n<tr>\n<td>El regulador de intensidad controla el nivel de brillo<\/td>\n<\/tr>\n<tr>\n<td>Supresi\u00f3n de sobretensiones en la l\u00ednea de alimentaci\u00f3n ca, tel \/ dsl y ethernet<\/td>\n<\/tr>\n<tr>\n<td>La especificaci\u00f3n de supresi\u00f3n de sobretensiones de 480 joules protege al equipo conectado y datos contra picos da\u00f1inos de energ\u00eda<\/td>\n<\/tr>\n<tr>\n<td>Los enchufes rj-45 incorporadoss protegen la conexi\u00f3n de una l\u00ednea de tel \/ dsl o red ethernet<\/td>\n<\/tr>\n<tr>\n<td>Filtrado de ruidos en la l\u00ednea por emi\/efi<\/td>\n<\/tr>\n<tr>\n<td>Elimina la interferencia electromagn\u00e9tica y de radiofrecuencia que pueda interrumpir o da\u00f1ar el funcionamiento de su equipo<\/td>\n<\/tr>\n<tr>\n<td>Puertos de comunicaci\u00f3n usb y db9 y software poweralert gratuito<\/td>\n<\/tr>\n<tr>\n<td>El puerto usb compatible con hid se integra con la administraci\u00f3n de energ\u00eda y el apagado autom\u00e1tico incorporados de windows y mac os x<\/td>\n<\/tr>\n<tr>\n<td>Los puertos usb y serial db9 trabajan con el software poweralert (disponible mediante descarga gratuita de la web en www.tripplite.com\/poweralert) para permitir el apagado seguro del sistema y guardado de archivos sin supervisi\u00f3n durante una falla prolongada de energ\u00eda<\/td>\n<\/tr>\n<tr>\n<td>Flexibles opciones de instalaci\u00f3n<\/td>\n<\/tr>\n<tr>\n<td>La clavija nema 5-15p con cable de 1.83 m [6 pies] conecta a cualquier contacto nema 5-15r<\/td>\n<\/tr>\n<tr>\n<td>Se adapta a instalaci\u00f3n vertical u horizontal sin hardware especial.<\/td>\n<\/tr>\n<tr>\n<td>Incluye soportes de 2u para instalaci\u00f3n en rack<\/td>\n<\/tr>\n<tr>\n<td>El paquete incluye<\/td>\n<\/tr>\n<tr>\n<td>Ups interactivo de 120v 1000va\/500w con lcd smartpro smart1200lcd<\/td>\n<\/tr>\n<tr>\n<td>Cable usb<\/td>\n<\/tr>\n<tr>\n<td>Cable serial db9<\/td>\n<\/tr>\n<tr>\n<td>Cable telef\u00f3nico<\/td>\n<\/tr>\n<tr>\n<td>Accesorios de instalaci\u00f3n<\/td>\n<\/tr>\n<tr>\n<td>Manual del propietario<\/td>\n<\/tr>\n<tr>\n<td>Especificaciones<\/td>\n<\/tr>\n<tr>\n<td>Generalidades<\/td>\n<\/tr>\n<tr>\n<td>C\u00f3digo upc 037332126122<\/td>\n<\/tr>\n<tr>\n<td>Tipo de ups interactivo<\/td>\n<\/tr>\n<tr>\n<td>Salida<\/td>\n<\/tr>\n<tr>\n<td>Capacidad de salida en volts amperes (va) 1200<\/td>\n<\/tr>\n<tr>\n<td>Capacidad de salida (kva) 1.2<\/td>\n<\/tr>\n<tr>\n<td>Capacidad de salida (watts) 700<\/td>\n<\/tr>\n<tr>\n<td>Detalles del voltaje nominal salida nominal de 115 v en modo de respaldo por bater\u00eda<\/td>\n<\/tr>\n<tr>\n<td>Compatibilidad de frecuencia 60 hz<\/td>\n<\/tr>\n<tr>\n<td>Regulaci\u00f3n del voltaje de salida (modo de l\u00ednea) -18%, +8%<\/td>\n<\/tr>\n<tr>\n<td>Regulaci\u00f3n del voltaje de salida (modo de bater\u00eda) +\/- 5%<\/td>\n<\/tr>\n<tr>\n<td>Forma de onda de ca de salida (modo de ca) onda sinusoidal<\/td>\n<\/tr>\n<tr>\n<td>Forma de onda de ca de salida (modo en bater\u00eda) onda sinusoidal pwm<\/td>\n<\/tr>\n<tr>\n<td>Voltaje(s) nominal(es) de salida soportado(s) 110v; 115v; 120v<\/td>\n<\/tr>\n<tr>\n<td>Tomacorrientes (8) 5-15r<\/td>\n<\/tr>\n<tr>\n<td>Bancos de carga controlables individualmente   no<\/td>\n<\/tr>\n<tr>\n<td>Entrada<\/td>\n<\/tr>\n<tr>\n<td>Corriente especificada de entrada (carga m\u00e1xima) 7a<\/td>\n<\/tr>\n<tr>\n<td>Voltaje(s) nominal(es) de entrada soportado(s) 120v ca<\/td>\n<\/tr>\n<tr>\n<td>Tipo de conexi\u00f3n de entrada del ups 5-15p; en \u00e1ngulo recto<\/td>\n<\/tr>\n<tr>\n<td>Breakers de entrada 10a<\/td>\n<\/tr>\n<tr>\n<td>Longitud del cable de alimentaci\u00f3n del ups (pies) 6<\/td>\n<\/tr>\n<tr>\n<td>Longitud del cable de alimentaci\u00f3n del ups (m) 1.8<\/td>\n<\/tr>\n<tr>\n<td>Servicio el\u00e9ctrico recomendado 15a 120v<\/td>\n<\/tr>\n<tr>\n<td>Fase de entrada monof\u00e1sico<\/td>\n<\/tr>\n<tr>\n<td>Bater\u00eda<\/td>\n<\/tr>\n<tr>\n<td>Autonom\u00eda a plena carga (min.)   4 min. (700w)<\/td>\n<\/tr>\n<tr>\n<td>Autonom\u00eda a media carga (min.)   12 min. (350w)<\/td>\n<\/tr>\n<tr>\n<td>Voltaje cd del sistema (vcd) 24<\/td>\n<\/tr>\n<tr>\n<td>Tasa de recarga de bater\u00edas (bater\u00edas incluidas) menos de 4,5 horas desde el 10% hasta el 90%.<\/td>\n<\/tr>\n<tr>\n<td>Cartucho de bater\u00edas internas de reemplazo para ups see rbc selector for replacement battery information<\/td>\n<\/tr>\n<tr>\n<td>Autonom\u00eda ampliable no<\/td>\n<\/tr>\n<tr>\n<td>Regulaci\u00f3n de voltaje<\/td>\n<\/tr>\n<tr>\n<td>Descripci\u00f3n de la regulaci\u00f3n de voltaje la regulaci\u00f3n autom\u00e1tica de voltaje (avr) mantiene la operaci\u00f3n con corriente de la l\u00ednea con un rango de voltajes de entrada entre 75 a 147<\/td>\n<\/tr>\n<tr>\n<td>Correcci\u00f3n de sobrevoltaje   los voltajes de entrada de entre 128v y 147v se reducen en un 12%<\/td>\n<\/tr>\n<tr>\n<td>Correcci\u00f3n de bajo voltaje   las tensiones de entrada entre 93 y 107 se elevan en un 14%.<\/td>\n<\/tr>\n<tr>\n<td>Correcci\u00f3n de bajo voltaje severo las tensiones de entrada entre 75 y 92 se elevan en un 30%.<\/td>\n<\/tr>\n<tr>\n<td>Interfaz de usuario, alertas y controles<\/td>\n<\/tr>\n<tr>\n<td>Pantalla lcd del panel frontal la pantalla lcd con luz de fondo indica el voltaje de entrada, el nivel de carga de la bater\u00eda de 5 barras, sobrecarga, avr, estado de operaci\u00f3n a bater\u00eda y reemplazar bater\u00eda; la pantalla lcd se puede rotar para visualizaci\u00f3n en rack\/torre<\/td>\n<\/tr>\n<tr>\n<td>Interruptores 2 interruptores controlan el estado de energ\u00eda apagado\/encendido y cancelaci\u00f3n de alarma\/operaci\u00f3n del autotest, el interruptor para graduaci\u00f3n de luz controla el brillo del lcd<\/td>\n<\/tr>\n<tr>\n<td>Operaci\u00f3n para cancelar la alarma la alarma de falla del suministro el\u00e9ctrico se puede silenciar utilizando el interruptor de cancelaci\u00f3n de alarma; una vez silenciada, la alarma volver\u00e1 a emitir sonido para indicar el estado de bater\u00eda baja<\/td>\n<\/tr>\n<tr>\n<td>Alarma ac\u00fastica la alarma audible indica estado de falla de energ\u00eda y bater\u00eda baja; la alarma puede deshabilitarse usando el programa poweralert<\/td>\n<\/tr>\n<tr>\n<td>Indicadores led pantalla lcd del panel frontal<\/td>\n<\/tr>\n<tr>\n<td>Supresi\u00f3n de sobrecarga \/ ruido<\/td>\n<\/tr>\n<tr>\n<td>Valor nominal en joules de supresi\u00f3n ca del ups 870<\/td>\n<\/tr>\n<tr>\n<td>Tiempo de respuesta de supresi\u00f3n de ca del ups instant\u00e1neo<\/td>\n<\/tr>\n<tr>\n<td>Supresi\u00f3n en la l\u00ednea de datos del ups protecci\u00f3n de 1 l\u00ednea telef\u00f3nica \/ dsl (1 entrada \/ 1 salida); 10\/100base t ethernet<\/td>\n<\/tr>\n<tr>\n<td>Detalles de la supresi\u00f3n en la l\u00ednea de datos del ups 168 joules; compatible with poe applications<\/td>\n<\/tr>\n<tr>\n<td>Supresi\u00f3n de ruido emi \/ rfi en ca   s\u00ed<\/td>\n<\/tr>\n<tr>\n<td>F\u00edsicas<\/td>\n<\/tr>\n<tr>\n<td>Descripci\u00f3n de los accesorios de instalaci\u00f3n incluidos los soportes de instalaci\u00f3n incluidos permiten la instalaci\u00f3n en racks de 2 y 4 postes, adem\u00e1s de configuraciones en torre vertical; el juego de 4 patas de goma permite la colocaci\u00f3n horizontal antideslizante en el escritorio<\/td>\n<\/tr>\n<tr>\n<td>Los factores de forma de instalaci\u00f3n son soportados con los accesorios opcionales instalaci\u00f3n en rack de 2 postes de 19&#8243;; instalaci\u00f3n en rack de 4 postes de 19&#8243;; torre<\/td>\n<\/tr>\n<tr>\n<td>Profundidad m\u00ednima de rack requerida (cm) 34.29<\/td>\n<\/tr>\n<tr>\n<td>Factor de forma primario para instalaci\u00f3n en rack<\/td>\n<\/tr>\n<tr>\n<td>Profundidad del ups primario (mm) 267<\/td>\n<\/tr>\n<tr>\n<td>Altura del ups primario (mm) 89<\/td>\n<\/tr>\n<tr>\n<td>Ancho del ups primario (mm) 440<\/td>\n<\/tr>\n<tr>\n<td>Altura del rack 2u<\/td>\n<\/tr>\n<tr>\n<td>Dimensiones de envi\u00f3 (al x an x pr \/ cm) 18.54 x 38.35 x 54.10<\/td>\n<\/tr>\n<tr>\n<td>Peso de env\u00edo (kg) 12.93<\/td>\n<\/tr>\n<tr>\n<td>Material del gabinete del ups abs<\/td>\n<\/tr>\n<tr>\n<td>Dimensiones del m\u00f3dulo de potencia del ups (al x an x pr \/ cm) 8.86 x 44.02 x 26.67<\/td>\n<\/tr>\n<tr>\n<td>Peso del m\u00f3dulo de potencia del ups (kg) 12.05<\/td>\n<\/tr>\n<tr>\n<td>Ambientales<\/td>\n<\/tr>\n<tr>\n<td>Rango de temperatura de operaci\u00f3n +32 \u00baf a +104 \u00baf \/ 0 \u00bac a +40 \u00bac.<\/td>\n<\/tr>\n<tr>\n<td>Rango de temperatura de almacenamiento +5 \u00baf a +122 \u00baf \/ -15 \u00bac a +50 \u00bac.<\/td>\n<\/tr>\n<tr>\n<td>Humedad relativa de 5% a 95%, sin condensaci\u00f3n<\/td>\n<\/tr>\n<tr>\n<td>Modo de ca btu \/ hr. (plena carga)   80<\/td>\n<\/tr>\n<tr>\n<td>Clasificaci\u00f3n de eficiencia del modo de ca (100% de carga) 93%<\/td>\n<\/tr>\n<tr>\n<td>Comunicaciones<\/td>\n<\/tr>\n<tr>\n<td>Interfaz de comunicaciones cierre de contactos; serial db9; usb (compatible con hid)<\/td>\n<\/tr>\n<tr>\n<td>Descripci\u00f3n del puerto de monitoreo de red soporta el monitoreo detallado de las condiciones energ\u00e9ticas del ups y del sitio<\/td>\n<\/tr>\n<tr>\n<td>Software poweralert para monitoreo local mediante los puertos de comunicaci\u00f3n del ups incorporados, descargue el programa poweralert local en http:\/\/www.tripplite.com\/poweralert<\/td>\n<\/tr>\n<tr>\n<td>Cable de comunicaciones cableado usb y db9 serial incluido<\/td>\n<\/tr>\n<tr>\n<td>Compatibilidad con watchdog soporta la aplicaci\u00f3n watchdog, las opciones de reinicio mediante os o por hardware para aplicaciones remotas<\/td>\n<\/tr>\n<tr>\n<td>Tiempo de transferencia l\u00ednea \/ bater\u00eda<\/td>\n<\/tr>\n<tr>\n<td>Tiempo de transferencia   de 2 a 4 milisegundos<\/td>\n<\/tr>\n<tr>\n<td>Transferencia de bajo voltaje a energ\u00eda de bater\u00eda (calibraci\u00f3n) 75<\/td>\n<\/tr>\n<tr>\n<td>Transferencia de alto voltaje a energ\u00eda de bater\u00eda (calibraci\u00f3n) 147<\/td>\n<\/tr>\n<tr>\n<td>Funciones especiales<\/td>\n<\/tr>\n<tr>\n<td>Arranque en fr\u00edo (arranque en modo de bater\u00eda durante una falla del suministro el\u00e9ctrico) soporta el funcionamiento con arranque en fr\u00edo.<\/td>\n<\/tr>\n<tr>\n<td>Caracter\u00edsticas de ahorro de energ\u00eda ecol\u00f3gico eficiencia mayor a 95% &#8211; ups ecol\u00f3gico<\/td>\n<\/tr>\n<tr>\n<td>Certificaciones<\/td>\n<\/tr>\n<tr>\n<td>Certificaciones del ups cumple con fcc parte 15 categor\u00eda b (emi); probado para csa (canad\u00e1); probado para nom (m\u00e9xico); probado para ul1778 (ee uu)<\/td>\n<\/tr>\n<tr>\n<td>Detalles de las certificaciones del ups ul1778: 2014 r8.15 5th edition; csa-c22.2 no. 107.3-14 3rd edition; fcc part 68 certification number 5wswp00b001; industry canada certification number 3449-001, ren: 0.1<\/td>\n<\/tr>\n<tr>\n<td>Garantia<\/td>\n<\/tr>\n<tr>\n<td>Periodo de garant\u00eda del producto (m\u00e9xico) garant\u00eda limitada de 3 a\u00f1os.<\/td>\n<\/tr>\n<\/table>\n","protected":false},"excerpt":{"rendered":"<p>El sistema de respaldo ininterrumpible smartpro smart1200lcd interactivo de 120v, 1200va\/700w con lcd proporciona respaldo y protecci\u00f3n de energ\u00eda de ca contra apagones, ca\u00eddas de voltaje, sobretensiones y ruido en la l\u00ednea que pueden da\u00f1ar los aparatos electr\u00f3nicos o destruir la informaci\u00f3n. Ideal para respaldar su computadora de escritorio o componentes audiovisuales, estos ups interactivos cambian a modo de respaldo por bater\u00eda en milisegundos para mantener conectado su equipo por suficiente tiempo para guardar archivos y pagar con seguridad sin p\u00e9rdida de datos. Ocho tomacorrientes nema 5-15r protegen contra sobretensiones, as\u00ed como suministran hasta 12 minutos de respaldo por bater\u00eda del ups a media carga (350w) y 4 minutos de respaldo a plena carga (700w). La regulaci\u00f3n autom\u00e1tica de voltaje (avr) corrige severos bajos voltajes de hasta 75 v y sobrevoltajes de hasta 147 v sin usar energ\u00eda de la bater\u00eda. La filtraci\u00f3n del ruido emi\/rfi mejora el rendimiento de su equipo y evita da\u00f1os. Una especificaci\u00f3n de supresi\u00f3n de sobretensiones de 480 joules protege su equipo contra las da\u00f1inas sobretensiones. La clavija nema 5-15p con cable de 1.83 m [6 pies] conecta a cualquier contacto nema 5-15r. La gran pantalla lcd giratoria, con atenuador, muestra de un vistazo en tiempo real los estados de voltaje de entrada, sobrecarga, avr y bater\u00eda. La alarma suena para indicar p\u00e9rdida de energ\u00eda o bater\u00eda baja. Con el software poweralert gratuito (disponible mediante descarga gratuita de la web) el smart1200lcd permite el apagado seguro del sistema y guardado de archivos sin supervisi\u00f3n en caso de una falla prolongada de energ\u00eda. Suministra protecci\u00f3n confiable de energ\u00eda de 1200va\/700w para su computadora de escritorio, estaci\u00f3n de trabajo de red, componentes de audio\/video o centros de medios. Protege contra sobretensiones, ruido en la l\u00ednea, apagones y ca\u00eddas de voltaje. Soporta una media carga (350w) hasta por 12 min. Durante una interrupci\u00f3n en el servicio el\u00e9ctrico. Soporta una plena carga (700w) hasta por 4 min. Durante una interrupci\u00f3n en el servicio el\u00e9ctrico. Cuenta con 6 tomacorrientes protegidos nema 5-15r. Ofrece regulaci\u00f3n autom\u00e1tica de voltaje (avr. La pantalla lcd reporta en tiempo real el estado del ups y la energ\u00eda. Garant\u00eda limitada de 3 a\u00f1os.<\/p>\n","protected":false},"featured_media":217838,"comment_status":"open","ping_status":"open","template":"","meta":[],"product_cat":[1508,1691],"product_tag":[1510],"acf":[],"yoast_head":"<!-- This site is optimized with the Yoast SEO plugin v21.7 - https:\/\/yoast.com\/wordpress\/plugins\/seo\/ -->\n<title>[ Tripp-lite ] &#129351; Smart1200lcd Nobreak , De 120v, 700watts, Torre\/rack, Usb 8 Contactos Neg<\/title>\n<meta name=\"description\" content=\"Compra Smart1200lcd Nobreak , De 120v, 700watts, Torre\/rack, Usb 8 Contactos Neg + Env\u00edo a domicilio + Pago seguro + Garant\u00eda\" \/>\n<meta name=\"robots\" content=\"index, follow, max-snippet:-1, max-image-preview:large, max-video-preview:-1\" \/>\n<link rel=\"canonical\" href=\"https:\/\/compuviper.mx\/tienda\/producto\/tripp-lite-smart1200lcd-nobreak-de-120v-700watts-torre-rack-usb-8-contactos-neg\/\" \/>\n<meta property=\"og:locale\" content=\"es_MX\" \/>\n<meta property=\"og:type\" content=\"article\" \/>\n<meta property=\"og:title\" content=\"[ Tripp-lite ] &#129351; Smart1200lcd Nobreak , De 120v, 700watts, Torre\/rack, Usb 8 Contactos Neg\" \/>\n<meta property=\"og:description\" content=\"Compra Smart1200lcd Nobreak , De 120v, 700watts, Torre\/rack, Usb 8 Contactos Neg + Env\u00edo a domicilio + Pago seguro + Garant\u00eda\" \/>\n<meta property=\"og:url\" content=\"https:\/\/compuviper.mx\/tienda\/producto\/tripp-lite-smart1200lcd-nobreak-de-120v-700watts-torre-rack-usb-8-contactos-neg\/\" \/>\n<meta property=\"og:site_name\" content=\"Compuviper\" \/>\n<meta property=\"article:publisher\" content=\"https:\/\/www.facebook.com\/compuviper\" \/>\n<meta property=\"article:modified_time\" content=\"2026-04-02T06:31:22+00:00\" \/>\n<meta property=\"og:image\" content=\"https:\/\/compuviper.mx\/tienda\/wp-content\/uploads\/2023\/12\/Nobreak-tripp-lite-smart1200lcd-de-120v-700watts-torrerack-usb-8-contactos-neg.jpg\" \/>\n\t<meta property=\"og:image:width\" content=\"200\" \/>\n\t<meta property=\"og:image:height\" content=\"200\" \/>\n\t<meta property=\"og:image:type\" content=\"image\/jpeg\" \/>\n<meta name=\"twitter:card\" content=\"summary_large_image\" \/>\n<meta name=\"twitter:label1\" content=\"Precio\" \/>\n\t<meta name=\"twitter:data1\" content=\"&#36;6,916 con IVA\" \/>\n\t<meta name=\"twitter:label2\" content=\"Availability\" \/>\n\t<meta name=\"twitter:data2\" content=\"In stock\" \/>\n<script type=\"application\/ld+json\" class=\"yoast-schema-graph\">{\"@context\":\"https:\/\/schema.org\",\"@graph\":[{\"@type\":\"WebPage\",\"@id\":\"https:\/\/compuviper.mx\/tienda\/producto\/tripp-lite-smart1200lcd-nobreak-de-120v-700watts-torre-rack-usb-8-contactos-neg\/\",\"url\":\"https:\/\/compuviper.mx\/tienda\/producto\/tripp-lite-smart1200lcd-nobreak-de-120v-700watts-torre-rack-usb-8-contactos-neg\/\",\"name\":\"[ Tripp-lite ] &#129351; Smart1200lcd Nobreak , De 120v, 700watts, Torre\/rack, Usb 8 Contactos Neg\",\"isPartOf\":{\"@id\":\"https:\/\/compuviper.mx\/tienda\/#website\"},\"datePublished\":\"2026-04-02T06:31:21+00:00\",\"dateModified\":\"2026-04-02T06:31:22+00:00\",\"description\":\"Compra Smart1200lcd Nobreak , De 120v, 700watts, Torre\/rack, Usb 8 Contactos Neg + Env\u00edo a domicilio + Pago seguro + Garant\u00eda\",\"breadcrumb\":{\"@id\":\"https:\/\/compuviper.mx\/tienda\/producto\/tripp-lite-smart1200lcd-nobreak-de-120v-700watts-torre-rack-usb-8-contactos-neg\/#breadcrumb\"},\"inLanguage\":\"es-MX\",\"potentialAction\":[{\"@type\":\"ReadAction\",\"target\":[\"https:\/\/compuviper.mx\/tienda\/producto\/tripp-lite-smart1200lcd-nobreak-de-120v-700watts-torre-rack-usb-8-contactos-neg\/\"]}]},{\"@type\":\"BreadcrumbList\",\"@id\":\"https:\/\/compuviper.mx\/tienda\/producto\/tripp-lite-smart1200lcd-nobreak-de-120v-700watts-torre-rack-usb-8-contactos-neg\/#breadcrumb\",\"itemListElement\":[{\"@type\":\"ListItem\",\"position\":1,\"name\":\"Inicio\",\"item\":\"https:\/\/compuviper.mx\/tienda\/\"},{\"@type\":\"ListItem\",\"position\":2,\"name\":\"Productos\",\"item\":\"https:\/\/compuviper.mx\/tienda\/productos\/\"},{\"@type\":\"ListItem\",\"position\":3,\"name\":\"Energia\",\"item\":\"https:\/\/compuviper.mx\/tienda\/categoria-producto\/energia\/\"},{\"@type\":\"ListItem\",\"position\":4,\"name\":\"No Break\",\"item\":\"https:\/\/compuviper.mx\/tienda\/categoria-producto\/energia\/no-break\/\"},{\"@type\":\"ListItem\",\"position\":5,\"name\":\"Tripp-lite Smart1200lcd Nobreak , De 120v, 700watts, Torre\/rack, Usb 8 Contactos Neg\"}]},{\"@type\":\"WebSite\",\"@id\":\"https:\/\/compuviper.mx\/tienda\/#website\",\"url\":\"https:\/\/compuviper.mx\/tienda\/\",\"name\":\"Compuviper\",\"description\":\"Proveedor de Computadoras, Laptops, Servidores, Monitores, Puntos de Venta, Teclados,   Impresoras, T\u00f3ner, C\u00e1maras de Seguridad y m\u00e1s en tu tienda en l\u00ednea\",\"publisher\":{\"@id\":\"https:\/\/compuviper.mx\/tienda\/#organization\"},\"potentialAction\":[{\"@type\":\"SearchAction\",\"target\":{\"@type\":\"EntryPoint\",\"urlTemplate\":\"https:\/\/compuviper.mx\/tienda\/?s={search_term_string}\"},\"query-input\":\"required name=search_term_string\"}],\"inLanguage\":\"es-MX\"},{\"@type\":\"Organization\",\"@id\":\"https:\/\/compuviper.mx\/tienda\/#organization\",\"name\":\"Compuviper\",\"url\":\"https:\/\/compuviper.mx\/tienda\/\",\"logo\":{\"@type\":\"ImageObject\",\"inLanguage\":\"es-MX\",\"@id\":\"https:\/\/compuviper.mx\/tienda\/#\/schema\/logo\/image\/\",\"url\":\"https:\/\/compuviper.mx\/tienda\/wp-content\/uploads\/2021\/08\/Logo-Compuviper-10.png\",\"contentUrl\":\"https:\/\/compuviper.mx\/tienda\/wp-content\/uploads\/2021\/08\/Logo-Compuviper-10.png\",\"width\":1000,\"height\":500,\"caption\":\"Compuviper\"},\"image\":{\"@id\":\"https:\/\/compuviper.mx\/tienda\/#\/schema\/logo\/image\/\"},\"sameAs\":[\"https:\/\/www.facebook.com\/compuviper\",\"https:\/\/www.youtube.com\/channel\/UCf73dERp9Y3cfOq7q8BhLjA?view_as=subscriber\"]}]}<\/script>\n<meta property=\"product:brand\" content=\"TRIPP-LITE\" \/>\n<meta property=\"product:price:amount\" content=\"6916\" \/>\n<meta property=\"product:price:currency\" content=\"MXN\" \/>\n<meta property=\"og:availability\" content=\"instock\" \/>\n<meta property=\"product:availability\" content=\"instock\" \/>\n<meta property=\"product:retailer_item_id\" content=\"SMART1200LCD\" \/>\n<meta property=\"product:condition\" content=\"new\" \/>\n<!-- \/ Yoast SEO plugin. -->","yoast_head_json":{"title":"[ Tripp-lite ] &#129351; Smart1200lcd Nobreak , De 120v, 700watts, Torre\/rack, Usb 8 Contactos Neg","description":"Compra Smart1200lcd Nobreak , De 120v, 700watts, Torre\/rack, Usb 8 Contactos Neg + Env\u00edo a domicilio + Pago seguro + Garant\u00eda","robots":{"index":"index","follow":"follow","max-snippet":"max-snippet:-1","max-image-preview":"max-image-preview:large","max-video-preview":"max-video-preview:-1"},"canonical":"https:\/\/compuviper.mx\/tienda\/producto\/tripp-lite-smart1200lcd-nobreak-de-120v-700watts-torre-rack-usb-8-contactos-neg\/","og_locale":"es_MX","og_type":"article","og_title":"[ Tripp-lite ] &#129351; Smart1200lcd Nobreak , De 120v, 700watts, Torre\/rack, Usb 8 Contactos Neg","og_description":"Compra Smart1200lcd Nobreak , De 120v, 700watts, Torre\/rack, Usb 8 Contactos Neg + Env\u00edo a domicilio + Pago seguro + Garant\u00eda","og_url":"https:\/\/compuviper.mx\/tienda\/producto\/tripp-lite-smart1200lcd-nobreak-de-120v-700watts-torre-rack-usb-8-contactos-neg\/","og_site_name":"Compuviper","article_publisher":"https:\/\/www.facebook.com\/compuviper","article_modified_time":"2026-04-02T06:31:22+00:00","og_image":[{"width":200,"height":200,"url":"https:\/\/compuviper.mx\/tienda\/wp-content\/uploads\/2023\/12\/Nobreak-tripp-lite-smart1200lcd-de-120v-700watts-torrerack-usb-8-contactos-neg.jpg","type":"image\/jpeg"}],"twitter_card":"summary_large_image","twitter_misc":{"Precio":"&#36;6,916 con IVA","Availability":"In stock"},"schema":{"@context":"https:\/\/schema.org","@graph":[{"@type":"WebPage","@id":"https:\/\/compuviper.mx\/tienda\/producto\/tripp-lite-smart1200lcd-nobreak-de-120v-700watts-torre-rack-usb-8-contactos-neg\/","url":"https:\/\/compuviper.mx\/tienda\/producto\/tripp-lite-smart1200lcd-nobreak-de-120v-700watts-torre-rack-usb-8-contactos-neg\/","name":"[ Tripp-lite ] &#129351; Smart1200lcd Nobreak , De 120v, 700watts, Torre\/rack, Usb 8 Contactos Neg","isPartOf":{"@id":"https:\/\/compuviper.mx\/tienda\/#website"},"datePublished":"2026-04-02T06:31:21+00:00","dateModified":"2026-04-02T06:31:22+00:00","description":"Compra Smart1200lcd Nobreak , De 120v, 700watts, Torre\/rack, Usb 8 Contactos Neg + Env\u00edo a domicilio + Pago seguro + Garant\u00eda","breadcrumb":{"@id":"https:\/\/compuviper.mx\/tienda\/producto\/tripp-lite-smart1200lcd-nobreak-de-120v-700watts-torre-rack-usb-8-contactos-neg\/#breadcrumb"},"inLanguage":"es-MX","potentialAction":[{"@type":"ReadAction","target":["https:\/\/compuviper.mx\/tienda\/producto\/tripp-lite-smart1200lcd-nobreak-de-120v-700watts-torre-rack-usb-8-contactos-neg\/"]}]},{"@type":"BreadcrumbList","@id":"https:\/\/compuviper.mx\/tienda\/producto\/tripp-lite-smart1200lcd-nobreak-de-120v-700watts-torre-rack-usb-8-contactos-neg\/#breadcrumb","itemListElement":[{"@type":"ListItem","position":1,"name":"Inicio","item":"https:\/\/compuviper.mx\/tienda\/"},{"@type":"ListItem","position":2,"name":"Productos","item":"https:\/\/compuviper.mx\/tienda\/productos\/"},{"@type":"ListItem","position":3,"name":"Energia","item":"https:\/\/compuviper.mx\/tienda\/categoria-producto\/energia\/"},{"@type":"ListItem","position":4,"name":"No Break","item":"https:\/\/compuviper.mx\/tienda\/categoria-producto\/energia\/no-break\/"},{"@type":"ListItem","position":5,"name":"Tripp-lite Smart1200lcd Nobreak , De 120v, 700watts, Torre\/rack, Usb 8 Contactos Neg"}]},{"@type":"WebSite","@id":"https:\/\/compuviper.mx\/tienda\/#website","url":"https:\/\/compuviper.mx\/tienda\/","name":"Compuviper","description":"Proveedor de Computadoras, Laptops, Servidores, Monitores, Puntos de Venta, Teclados,   Impresoras, T\u00f3ner, C\u00e1maras de Seguridad y m\u00e1s en tu tienda en l\u00ednea","publisher":{"@id":"https:\/\/compuviper.mx\/tienda\/#organization"},"potentialAction":[{"@type":"SearchAction","target":{"@type":"EntryPoint","urlTemplate":"https:\/\/compuviper.mx\/tienda\/?s={search_term_string}"},"query-input":"required name=search_term_string"}],"inLanguage":"es-MX"},{"@type":"Organization","@id":"https:\/\/compuviper.mx\/tienda\/#organization","name":"Compuviper","url":"https:\/\/compuviper.mx\/tienda\/","logo":{"@type":"ImageObject","inLanguage":"es-MX","@id":"https:\/\/compuviper.mx\/tienda\/#\/schema\/logo\/image\/","url":"https:\/\/compuviper.mx\/tienda\/wp-content\/uploads\/2021\/08\/Logo-Compuviper-10.png","contentUrl":"https:\/\/compuviper.mx\/tienda\/wp-content\/uploads\/2021\/08\/Logo-Compuviper-10.png","width":1000,"height":500,"caption":"Compuviper"},"image":{"@id":"https:\/\/compuviper.mx\/tienda\/#\/schema\/logo\/image\/"},"sameAs":["https:\/\/www.facebook.com\/compuviper","https:\/\/www.youtube.com\/channel\/UCf73dERp9Y3cfOq7q8BhLjA?view_as=subscriber"]}]},"product_brand":"TRIPP-LITE","product_price_amount":"6916","product_price_currency":"MXN","og_availability":"instock","product_availability":"instock","product_retailer_item_id":"SMART1200LCD","product_condition":"new"},"_links":{"self":[{"href":"https:\/\/compuviper.mx\/tienda\/wp-json\/wp\/v2\/product\/217837"}],"collection":[{"href":"https:\/\/compuviper.mx\/tienda\/wp-json\/wp\/v2\/product"}],"about":[{"href":"https:\/\/compuviper.mx\/tienda\/wp-json\/wp\/v2\/types\/product"}],"replies":[{"embeddable":true,"href":"https:\/\/compuviper.mx\/tienda\/wp-json\/wp\/v2\/comments?post=217837"}],"wp:featuredmedia":[{"embeddable":true,"href":"https:\/\/compuviper.mx\/tienda\/wp-json\/wp\/v2\/media\/217838"}],"wp:attachment":[{"href":"https:\/\/compuviper.mx\/tienda\/wp-json\/wp\/v2\/media?parent=217837"}],"wp:term":[{"taxonomy":"product_cat","embeddable":true,"href":"https:\/\/compuviper.mx\/tienda\/wp-json\/wp\/v2\/product_cat?post=217837"},{"taxonomy":"product_tag","embeddable":true,"href":"https:\/\/compuviper.mx\/tienda\/wp-json\/wp\/v2\/product_tag?post=217837"}],"curies":[{"name":"wp","href":"https:\/\/api.w.org\/{rel}","templated":true}]}}