{"id":217823,"date":"2026-04-08T00:33:15","date_gmt":"2026-04-08T06:33:15","guid":{"rendered":"https:\/\/compuviper.mx\/tienda\/producto\/tripp-lite-omnivs1500-nobreak-1500-va-940-watts-120v-puerto-usb-8-contactos-torre\/"},"modified":"2026-04-08T00:33:15","modified_gmt":"2026-04-08T06:33:15","slug":"tripp-lite-omnivs1500-nobreak-1500-va-940-watts-120v-puerto-usb-8-contactos-torre","status":"publish","type":"product","link":"https:\/\/compuviper.mx\/tienda\/producto\/tripp-lite-omnivs1500-nobreak-1500-va-940-watts-120v-puerto-usb-8-contactos-torre\/","title":{"rendered":"Tripp-lite Omnivs1500 Nobreak  , 1500 Va \/ 940 Watts, 120v &#8211; Puerto Usb &#8211; 8 Contactos, Torre"},"content":{"rendered":"<table class=\"descripcion\">\n<tr>\n<td>Ups interactivo en torre de 120v, 1500va \/ 1.5kva<\/td>\n<\/tr>\n<tr>\n<td>Corrige las ca\u00eddas de voltaje y sobrevoltajes de 75v a 147v.<\/td>\n<\/tr>\n<tr>\n<td>Cuenta con 5 tomacorrientes soportados por la bater\u00eda del ups, 3 tomacorrientes \u00fanicamente con protecci\u00f3n contra sobretensiones<\/td>\n<\/tr>\n<tr>\n<td>Adem\u00e1s de puerto usb, protecci\u00f3n para tel\/dsl\/ethernet, 97% de eficiencia en modo de l\u00ednea<\/td>\n<\/tr>\n<tr>\n<td>La clavija de entrada nema 5-15p y 8 tomacorrientes nema 5-15r<\/td>\n<\/tr>\n<tr>\n<td>Informaci\u00f3n<\/td>\n<\/tr>\n<\/table>\n","protected":false},"excerpt":{"rendered":"<p>Sistema ups omnivs1500 interactivo de tripp lite; ofrece regulaci\u00f3n de voltaje, supresi\u00f3n de sobretensiones y duradero soporte de bater\u00eda para computadoras personales, equipos de conexi\u00f3n en red y otros aparatos electr\u00f3nicos delicados. Las bater\u00edas internas del ups soportan sistemas de pc b\u00e1sicos hasta 75 minutos durante fallas en el suministro el\u00e9ctrico de modo que los equipos conectados se puedan apagar sin p\u00e9rdida de datos.<\/p>\n","protected":false},"featured_media":217824,"comment_status":"open","ping_status":"open","template":"","meta":[],"product_cat":[1508,1691],"product_tag":[1510],"acf":[],"yoast_head":"<!-- This site is optimized with the Yoast SEO plugin v21.7 - https:\/\/yoast.com\/wordpress\/plugins\/seo\/ -->\n<title>[ Tripp-lite ] &#129351; Omnivs1500 Nobreak , 1500 Va \/ 940 Watts, 120v - Puerto Usb - 8 Contactos, Torre<\/title>\n<meta name=\"description\" content=\"Compra Omnivs1500 Nobreak , 1500 Va \/ 940 Watts, 120v - Puerto Usb - 8 Contactos, Torre + Env\u00edo a domicilio + Pago seguro + Garant\u00eda\" \/>\n<meta name=\"robots\" content=\"index, follow, max-snippet:-1, max-image-preview:large, max-video-preview:-1\" \/>\n<link rel=\"canonical\" href=\"https:\/\/compuviper.mx\/tienda\/producto\/tripp-lite-omnivs1500-nobreak-1500-va-940-watts-120v-puerto-usb-8-contactos-torre\/\" \/>\n<meta property=\"og:locale\" content=\"es_MX\" \/>\n<meta property=\"og:type\" content=\"article\" \/>\n<meta property=\"og:title\" content=\"[ Tripp-lite ] &#129351; Omnivs1500 Nobreak , 1500 Va \/ 940 Watts, 120v - Puerto Usb - 8 Contactos, Torre\" \/>\n<meta property=\"og:description\" content=\"Compra Omnivs1500 Nobreak , 1500 Va \/ 940 Watts, 120v - Puerto Usb - 8 Contactos, Torre + Env\u00edo a domicilio + Pago seguro + Garant\u00eda\" \/>\n<meta property=\"og:url\" content=\"https:\/\/compuviper.mx\/tienda\/producto\/tripp-lite-omnivs1500-nobreak-1500-va-940-watts-120v-puerto-usb-8-contactos-torre\/\" \/>\n<meta property=\"og:site_name\" content=\"Compuviper\" \/>\n<meta property=\"article:publisher\" content=\"https:\/\/www.facebook.com\/compuviper\" \/>\n<meta property=\"og:image\" content=\"https:\/\/compuviper.mx\/tienda\/wp-content\/uploads\/2023\/12\/Nobreak-tripp-lite-omnivs1500-1500-va-940-watts-120v-puerto-usb-8-contactos-torre.jpg\" \/>\n\t<meta property=\"og:image:width\" content=\"200\" \/>\n\t<meta property=\"og:image:height\" content=\"200\" \/>\n\t<meta property=\"og:image:type\" content=\"image\/jpeg\" \/>\n<meta name=\"twitter:card\" content=\"summary_large_image\" \/>\n<meta name=\"twitter:label1\" content=\"Precio\" \/>\n\t<meta name=\"twitter:data1\" content=\"&#36;7,052 con IVA\" \/>\n\t<meta name=\"twitter:label2\" content=\"Availability\" \/>\n\t<meta name=\"twitter:data2\" content=\"In stock\" \/>\n<script type=\"application\/ld+json\" class=\"yoast-schema-graph\">{\"@context\":\"https:\/\/schema.org\",\"@graph\":[{\"@type\":\"WebPage\",\"@id\":\"https:\/\/compuviper.mx\/tienda\/producto\/tripp-lite-omnivs1500-nobreak-1500-va-940-watts-120v-puerto-usb-8-contactos-torre\/\",\"url\":\"https:\/\/compuviper.mx\/tienda\/producto\/tripp-lite-omnivs1500-nobreak-1500-va-940-watts-120v-puerto-usb-8-contactos-torre\/\",\"name\":\"[ Tripp-lite ] &#129351; Omnivs1500 Nobreak , 1500 Va \/ 940 Watts, 120v - Puerto Usb - 8 Contactos, Torre\",\"isPartOf\":{\"@id\":\"https:\/\/compuviper.mx\/tienda\/#website\"},\"datePublished\":\"2026-04-08T06:33:15+00:00\",\"dateModified\":\"2026-04-08T06:33:15+00:00\",\"description\":\"Compra Omnivs1500 Nobreak , 1500 Va \/ 940 Watts, 120v - Puerto Usb - 8 Contactos, Torre + Env\u00edo a domicilio + Pago seguro + Garant\u00eda\",\"breadcrumb\":{\"@id\":\"https:\/\/compuviper.mx\/tienda\/producto\/tripp-lite-omnivs1500-nobreak-1500-va-940-watts-120v-puerto-usb-8-contactos-torre\/#breadcrumb\"},\"inLanguage\":\"es-MX\",\"potentialAction\":[{\"@type\":\"ReadAction\",\"target\":[\"https:\/\/compuviper.mx\/tienda\/producto\/tripp-lite-omnivs1500-nobreak-1500-va-940-watts-120v-puerto-usb-8-contactos-torre\/\"]}]},{\"@type\":\"BreadcrumbList\",\"@id\":\"https:\/\/compuviper.mx\/tienda\/producto\/tripp-lite-omnivs1500-nobreak-1500-va-940-watts-120v-puerto-usb-8-contactos-torre\/#breadcrumb\",\"itemListElement\":[{\"@type\":\"ListItem\",\"position\":1,\"name\":\"Inicio\",\"item\":\"https:\/\/compuviper.mx\/tienda\/\"},{\"@type\":\"ListItem\",\"position\":2,\"name\":\"Productos\",\"item\":\"https:\/\/compuviper.mx\/tienda\/productos\/\"},{\"@type\":\"ListItem\",\"position\":3,\"name\":\"Energia\",\"item\":\"https:\/\/compuviper.mx\/tienda\/categoria-producto\/energia\/\"},{\"@type\":\"ListItem\",\"position\":4,\"name\":\"No Break\",\"item\":\"https:\/\/compuviper.mx\/tienda\/categoria-producto\/energia\/no-break\/\"},{\"@type\":\"ListItem\",\"position\":5,\"name\":\"Tripp-lite Omnivs1500 Nobreak , 1500 Va \/ 940 Watts, 120v &#8211; Puerto Usb &#8211; 8 Contactos, Torre\"}]},{\"@type\":\"WebSite\",\"@id\":\"https:\/\/compuviper.mx\/tienda\/#website\",\"url\":\"https:\/\/compuviper.mx\/tienda\/\",\"name\":\"Compuviper\",\"description\":\"Proveedor de Computadoras, Laptops, Servidores, Monitores, Puntos de Venta, Teclados,   Impresoras, T\u00f3ner, C\u00e1maras de Seguridad y m\u00e1s en tu tienda en l\u00ednea\",\"publisher\":{\"@id\":\"https:\/\/compuviper.mx\/tienda\/#organization\"},\"potentialAction\":[{\"@type\":\"SearchAction\",\"target\":{\"@type\":\"EntryPoint\",\"urlTemplate\":\"https:\/\/compuviper.mx\/tienda\/?s={search_term_string}\"},\"query-input\":\"required name=search_term_string\"}],\"inLanguage\":\"es-MX\"},{\"@type\":\"Organization\",\"@id\":\"https:\/\/compuviper.mx\/tienda\/#organization\",\"name\":\"Compuviper\",\"url\":\"https:\/\/compuviper.mx\/tienda\/\",\"logo\":{\"@type\":\"ImageObject\",\"inLanguage\":\"es-MX\",\"@id\":\"https:\/\/compuviper.mx\/tienda\/#\/schema\/logo\/image\/\",\"url\":\"https:\/\/compuviper.mx\/tienda\/wp-content\/uploads\/2021\/08\/Logo-Compuviper-10.png\",\"contentUrl\":\"https:\/\/compuviper.mx\/tienda\/wp-content\/uploads\/2021\/08\/Logo-Compuviper-10.png\",\"width\":1000,\"height\":500,\"caption\":\"Compuviper\"},\"image\":{\"@id\":\"https:\/\/compuviper.mx\/tienda\/#\/schema\/logo\/image\/\"},\"sameAs\":[\"https:\/\/www.facebook.com\/compuviper\",\"https:\/\/www.youtube.com\/channel\/UCf73dERp9Y3cfOq7q8BhLjA?view_as=subscriber\"]}]}<\/script>\n<meta property=\"product:brand\" content=\"TRIPP-LITE\" \/>\n<meta property=\"product:price:amount\" content=\"7052\" \/>\n<meta property=\"product:price:currency\" content=\"MXN\" \/>\n<meta property=\"og:availability\" content=\"instock\" \/>\n<meta property=\"product:availability\" content=\"instock\" \/>\n<meta property=\"product:retailer_item_id\" content=\"OMNIVS1500\" \/>\n<meta property=\"product:condition\" content=\"new\" \/>\n<!-- \/ Yoast SEO plugin. -->","yoast_head_json":{"title":"[ Tripp-lite ] &#129351; Omnivs1500 Nobreak , 1500 Va \/ 940 Watts, 120v - Puerto Usb - 8 Contactos, Torre","description":"Compra Omnivs1500 Nobreak , 1500 Va \/ 940 Watts, 120v - Puerto Usb - 8 Contactos, Torre + Env\u00edo a domicilio + Pago seguro + Garant\u00eda","robots":{"index":"index","follow":"follow","max-snippet":"max-snippet:-1","max-image-preview":"max-image-preview:large","max-video-preview":"max-video-preview:-1"},"canonical":"https:\/\/compuviper.mx\/tienda\/producto\/tripp-lite-omnivs1500-nobreak-1500-va-940-watts-120v-puerto-usb-8-contactos-torre\/","og_locale":"es_MX","og_type":"article","og_title":"[ Tripp-lite ] &#129351; Omnivs1500 Nobreak , 1500 Va \/ 940 Watts, 120v - Puerto Usb - 8 Contactos, Torre","og_description":"Compra Omnivs1500 Nobreak , 1500 Va \/ 940 Watts, 120v - Puerto Usb - 8 Contactos, Torre + Env\u00edo a domicilio + Pago seguro + Garant\u00eda","og_url":"https:\/\/compuviper.mx\/tienda\/producto\/tripp-lite-omnivs1500-nobreak-1500-va-940-watts-120v-puerto-usb-8-contactos-torre\/","og_site_name":"Compuviper","article_publisher":"https:\/\/www.facebook.com\/compuviper","og_image":[{"width":200,"height":200,"url":"https:\/\/compuviper.mx\/tienda\/wp-content\/uploads\/2023\/12\/Nobreak-tripp-lite-omnivs1500-1500-va-940-watts-120v-puerto-usb-8-contactos-torre.jpg","type":"image\/jpeg"}],"twitter_card":"summary_large_image","twitter_misc":{"Precio":"&#36;7,052 con IVA","Availability":"In stock"},"schema":{"@context":"https:\/\/schema.org","@graph":[{"@type":"WebPage","@id":"https:\/\/compuviper.mx\/tienda\/producto\/tripp-lite-omnivs1500-nobreak-1500-va-940-watts-120v-puerto-usb-8-contactos-torre\/","url":"https:\/\/compuviper.mx\/tienda\/producto\/tripp-lite-omnivs1500-nobreak-1500-va-940-watts-120v-puerto-usb-8-contactos-torre\/","name":"[ Tripp-lite ] &#129351; Omnivs1500 Nobreak , 1500 Va \/ 940 Watts, 120v - Puerto Usb - 8 Contactos, Torre","isPartOf":{"@id":"https:\/\/compuviper.mx\/tienda\/#website"},"datePublished":"2026-04-08T06:33:15+00:00","dateModified":"2026-04-08T06:33:15+00:00","description":"Compra Omnivs1500 Nobreak , 1500 Va \/ 940 Watts, 120v - Puerto Usb - 8 Contactos, Torre + Env\u00edo a domicilio + Pago seguro + Garant\u00eda","breadcrumb":{"@id":"https:\/\/compuviper.mx\/tienda\/producto\/tripp-lite-omnivs1500-nobreak-1500-va-940-watts-120v-puerto-usb-8-contactos-torre\/#breadcrumb"},"inLanguage":"es-MX","potentialAction":[{"@type":"ReadAction","target":["https:\/\/compuviper.mx\/tienda\/producto\/tripp-lite-omnivs1500-nobreak-1500-va-940-watts-120v-puerto-usb-8-contactos-torre\/"]}]},{"@type":"BreadcrumbList","@id":"https:\/\/compuviper.mx\/tienda\/producto\/tripp-lite-omnivs1500-nobreak-1500-va-940-watts-120v-puerto-usb-8-contactos-torre\/#breadcrumb","itemListElement":[{"@type":"ListItem","position":1,"name":"Inicio","item":"https:\/\/compuviper.mx\/tienda\/"},{"@type":"ListItem","position":2,"name":"Productos","item":"https:\/\/compuviper.mx\/tienda\/productos\/"},{"@type":"ListItem","position":3,"name":"Energia","item":"https:\/\/compuviper.mx\/tienda\/categoria-producto\/energia\/"},{"@type":"ListItem","position":4,"name":"No Break","item":"https:\/\/compuviper.mx\/tienda\/categoria-producto\/energia\/no-break\/"},{"@type":"ListItem","position":5,"name":"Tripp-lite Omnivs1500 Nobreak , 1500 Va \/ 940 Watts, 120v &#8211; Puerto Usb &#8211; 8 Contactos, Torre"}]},{"@type":"WebSite","@id":"https:\/\/compuviper.mx\/tienda\/#website","url":"https:\/\/compuviper.mx\/tienda\/","name":"Compuviper","description":"Proveedor de Computadoras, Laptops, Servidores, Monitores, Puntos de Venta, Teclados,   Impresoras, T\u00f3ner, C\u00e1maras de Seguridad y m\u00e1s en tu tienda en l\u00ednea","publisher":{"@id":"https:\/\/compuviper.mx\/tienda\/#organization"},"potentialAction":[{"@type":"SearchAction","target":{"@type":"EntryPoint","urlTemplate":"https:\/\/compuviper.mx\/tienda\/?s={search_term_string}"},"query-input":"required name=search_term_string"}],"inLanguage":"es-MX"},{"@type":"Organization","@id":"https:\/\/compuviper.mx\/tienda\/#organization","name":"Compuviper","url":"https:\/\/compuviper.mx\/tienda\/","logo":{"@type":"ImageObject","inLanguage":"es-MX","@id":"https:\/\/compuviper.mx\/tienda\/#\/schema\/logo\/image\/","url":"https:\/\/compuviper.mx\/tienda\/wp-content\/uploads\/2021\/08\/Logo-Compuviper-10.png","contentUrl":"https:\/\/compuviper.mx\/tienda\/wp-content\/uploads\/2021\/08\/Logo-Compuviper-10.png","width":1000,"height":500,"caption":"Compuviper"},"image":{"@id":"https:\/\/compuviper.mx\/tienda\/#\/schema\/logo\/image\/"},"sameAs":["https:\/\/www.facebook.com\/compuviper","https:\/\/www.youtube.com\/channel\/UCf73dERp9Y3cfOq7q8BhLjA?view_as=subscriber"]}]},"product_brand":"TRIPP-LITE","product_price_amount":"7052","product_price_currency":"MXN","og_availability":"instock","product_availability":"instock","product_retailer_item_id":"OMNIVS1500","product_condition":"new"},"_links":{"self":[{"href":"https:\/\/compuviper.mx\/tienda\/wp-json\/wp\/v2\/product\/217823"}],"collection":[{"href":"https:\/\/compuviper.mx\/tienda\/wp-json\/wp\/v2\/product"}],"about":[{"href":"https:\/\/compuviper.mx\/tienda\/wp-json\/wp\/v2\/types\/product"}],"replies":[{"embeddable":true,"href":"https:\/\/compuviper.mx\/tienda\/wp-json\/wp\/v2\/comments?post=217823"}],"wp:featuredmedia":[{"embeddable":true,"href":"https:\/\/compuviper.mx\/tienda\/wp-json\/wp\/v2\/media\/217824"}],"wp:attachment":[{"href":"https:\/\/compuviper.mx\/tienda\/wp-json\/wp\/v2\/media?parent=217823"}],"wp:term":[{"taxonomy":"product_cat","embeddable":true,"href":"https:\/\/compuviper.mx\/tienda\/wp-json\/wp\/v2\/product_cat?post=217823"},{"taxonomy":"product_tag","embeddable":true,"href":"https:\/\/compuviper.mx\/tienda\/wp-json\/wp\/v2\/product_tag?post=217823"}],"curies":[{"name":"wp","href":"https:\/\/api.w.org\/{rel}","templated":true}]}}