{"id":217814,"date":"2026-04-02T00:31:14","date_gmt":"2026-04-02T06:31:14","guid":{"rendered":"https:\/\/compuviper.mx\/tienda\/producto\/tripp-lite-smart1500lcd-ups-tripp-lite-smartpro-lcd-interactivo-de120v-1500va-900w-avr-2u-para-rack-torre-lcd-usb-serial-db9-8-tomacorrientes-garantia-limitada-de-3-aos\/"},"modified":"2026-04-02T00:31:15","modified_gmt":"2026-04-02T06:31:15","slug":"tripp-lite-smart1500lcd-ups-tripp-lite-smartpro-lcd-interactivo-de120v-1500va-900w-avr-2u-para-rack-torre-lcd-usb-serial-db9-8-tomacorrientes-garantia-limitada-de-3-aos","status":"publish","type":"product","link":"https:\/\/compuviper.mx\/tienda\/producto\/tripp-lite-smart1500lcd-ups-tripp-lite-smartpro-lcd-interactivo-de120v-1500va-900w-avr-2u-para-rack-torre-lcd-usb-serial-db9-8-tomacorrientes-garantia-limitada-de-3-aos\/","title":{"rendered":"Tripp-lite Smart1500lcd  Ups Tripp Lite Smartpro Lcd Interactivo De120v 1500va\/900w, Avr, 2u Para Rack\/torre, Lcd, Usb, Serial Db9, 8 Tomacorrientes Garantia Limitada De 3 A?os."},"content":{"rendered":"<table class=\"descripcion\">\n<tr>\n<td>Descripci\u00f3n del sistema<\/td>\n<\/tr>\n<tr>\n<td>Descripci\u00f3n del sistema: ups interactivo con la l\u00ednea de 1500va<\/td>\n<\/tr>\n<tr>\n<td>Compatibilidad de voltaje: 120<\/td>\n<\/tr>\n<tr>\n<td>Compatibilidad de frecuencia: 60<\/td>\n<\/tr>\n<tr>\n<td>Salida<\/td>\n<\/tr>\n<tr>\n<td>Capacidad de voltamperios de salida (amperios): 1500<\/td>\n<\/tr>\n<tr>\n<td>Capacidad de potencia de salida (vatios): 900<\/td>\n<\/tr>\n<tr>\n<td>Voltaje nominal de salida: 120<\/td>\n<\/tr>\n<tr>\n<td>Regulaci\u00f3n de salida de voltaje: modo de bater\u00eda: onda sinusoidal pwm de 115v +\/-5%<\/td>\n<\/tr>\n<tr>\n<td>Regulaci\u00f3n de frecuencia de salida: modo de l\u00ednea: pasa frecuencia de l\u00ednea de 60hz +\/-10% modo de bater\u00eda: salida del inversor regulada a 60hz +\/-0.5hz<\/td>\n<\/tr>\n<tr>\n<td>Tipo\/cantidad de contactos: 8 tomas de salida nema 5-15r<\/td>\n<\/tr>\n<tr>\n<td>Protecci\u00f3n de sobrecarga: breaker de entrada de 10a<\/td>\n<\/tr>\n<tr>\n<td>Entrada<\/td>\n<\/tr>\n<tr>\n<td>M\u00e1xima entrada amperios: 8.5<\/td>\n<\/tr>\n<tr>\n<td>Tipo de conexi\u00f3n de entrada: nema 5-15p<\/td>\n<\/tr>\n<tr>\n<td>Longitud de cord\u00f3n de entrada (pies): 6 pies \/ 1.8 m<\/td>\n<\/tr>\n<tr>\n<td>Servicio el\u00e9ctrico recomendado: 120v 15a<\/td>\n<\/tr>\n<tr>\n<td>Bater\u00eda<\/td>\n<\/tr>\n<tr>\n<td>Tiempo de respaldo a plena carga: 3.5 min. (900w)<\/td>\n<\/tr>\n<tr>\n<td>Tiempo de respaldo a media carga: 13 min. (450w)<\/td>\n<\/tr>\n<tr>\n<td>T\u00edpica vida \u00fatil de la bater\u00eda: 4-6 a\u00f1os, seg\u00fan el uso<\/td>\n<\/tr>\n<tr>\n<td>Velocidad de recarga de bater\u00eda: 2-8 horas a 90%<\/td>\n<\/tr>\n<tr>\n<td>Cartucho de bater\u00edas internas de reemplazo para ups  rbc1500<\/td>\n<\/tr>\n<\/table>\n","protected":false},"excerpt":{"rendered":"<p>El ups digital interactivo con la l\u00ednea smart1500lcd de tripp lite ofrece regulaci\u00f3n de voltaje, supresi\u00f3n de sobretensiones y soporte de bater\u00eda de larga duraci\u00f3n para computadoras personales, estaciones de trabajo de red, sistemas de entretenimiento para el hogar y centros multimedia. Los circuitos internos del ups dan soporte a sistemas de pc a nivel de entrada o componentes vcr\/dvr individuales durante fallas del suministro el\u00e9ctrico. Evita la p\u00e9rdida de datos, las interrupciones en la visualizaci\u00f3n, las grabaciones perdidas y la p\u00e9rdida de componentes de programaci\u00f3n.<\/p>\n","protected":false},"featured_media":217815,"comment_status":"open","ping_status":"open","template":"","meta":[],"product_cat":[1508,1691],"product_tag":[1510],"acf":[],"yoast_head":"<!-- This site is optimized with the Yoast SEO plugin v21.7 - https:\/\/yoast.com\/wordpress\/plugins\/seo\/ -->\n<title>[ Tripp-lite ] &#129351; Smart1500lcd Ups Tripp Lite Smartpro Lcd Interactivo De120v 1500va\/900w, Avr, 2u Para Rack\/torre, Lcd, Usb, Serial Db9, 8 Tomacorrientes Garantia Limitada De 3 A\u00f1os.<\/title>\n<meta name=\"description\" content=\"Compra Smart1500lcd Ups Tripp Lite Smartpro Lcd Interactivo De120v 1500va\/900w, Avr, 2u Para Rack\/torre, Lcd, Usb, Serial Db9, 8 Tomacorrientes Garantia Limitada De 3 A\u00f1os. + Env\u00edo a domicilio + Pago seguro + Garant\u00eda\" \/>\n<meta name=\"robots\" content=\"index, follow, max-snippet:-1, max-image-preview:large, max-video-preview:-1\" \/>\n<link rel=\"canonical\" href=\"https:\/\/compuviper.mx\/tienda\/producto\/tripp-lite-smart1500lcd-ups-tripp-lite-smartpro-lcd-interactivo-de120v-1500va-900w-avr-2u-para-rack-torre-lcd-usb-serial-db9-8-tomacorrientes-garantia-limitada-de-3-aos\/\" \/>\n<meta property=\"og:locale\" content=\"es_MX\" \/>\n<meta property=\"og:type\" content=\"article\" \/>\n<meta property=\"og:title\" content=\"[ Tripp-lite ] &#129351; Smart1500lcd Ups Tripp Lite Smartpro Lcd Interactivo De120v 1500va\/900w, Avr, 2u Para Rack\/torre, Lcd, Usb, Serial Db9, 8 Tomacorrientes Garantia Limitada De 3 A\u00f1os.\" \/>\n<meta property=\"og:description\" content=\"Compra Smart1500lcd Ups Tripp Lite Smartpro Lcd Interactivo De120v 1500va\/900w, Avr, 2u Para Rack\/torre, Lcd, Usb, Serial Db9, 8 Tomacorrientes Garantia Limitada De 3 A\u00f1os. + Env\u00edo a domicilio + Pago seguro + Garant\u00eda\" \/>\n<meta property=\"og:url\" content=\"https:\/\/compuviper.mx\/tienda\/producto\/tripp-lite-smart1500lcd-ups-tripp-lite-smartpro-lcd-interactivo-de120v-1500va-900w-avr-2u-para-rack-torre-lcd-usb-serial-db9-8-tomacorrientes-garantia-limitada-de-3-aos\/\" \/>\n<meta property=\"og:site_name\" content=\"Compuviper\" \/>\n<meta property=\"article:publisher\" content=\"https:\/\/www.facebook.com\/compuviper\" \/>\n<meta property=\"article:modified_time\" content=\"2026-04-02T06:31:15+00:00\" \/>\n<meta property=\"og:image\" content=\"https:\/\/compuviper.mx\/tienda\/wp-content\/uploads\/2023\/12\/Smart1500lcd-ups-tripp-lite-smartpro-lcd-interactivo-de120v-1500va900w-avr-2u-para-racktorre-lcd-usb-serial-db9-8-tomacorrientes-garantia-limitada-de-3-anos.jpg\" \/>\n\t<meta property=\"og:image:width\" content=\"200\" \/>\n\t<meta property=\"og:image:height\" content=\"200\" \/>\n\t<meta property=\"og:image:type\" content=\"image\/jpeg\" \/>\n<meta name=\"twitter:card\" content=\"summary_large_image\" \/>\n<meta name=\"twitter:label1\" content=\"Precio\" \/>\n\t<meta name=\"twitter:data1\" content=\"&#36;6,007 con IVA\" \/>\n\t<meta name=\"twitter:label2\" content=\"Availability\" \/>\n\t<meta name=\"twitter:data2\" content=\"In stock\" \/>\n<script type=\"application\/ld+json\" class=\"yoast-schema-graph\">{\"@context\":\"https:\/\/schema.org\",\"@graph\":[{\"@type\":\"WebPage\",\"@id\":\"https:\/\/compuviper.mx\/tienda\/producto\/tripp-lite-smart1500lcd-ups-tripp-lite-smartpro-lcd-interactivo-de120v-1500va-900w-avr-2u-para-rack-torre-lcd-usb-serial-db9-8-tomacorrientes-garantia-limitada-de-3-aos\/\",\"url\":\"https:\/\/compuviper.mx\/tienda\/producto\/tripp-lite-smart1500lcd-ups-tripp-lite-smartpro-lcd-interactivo-de120v-1500va-900w-avr-2u-para-rack-torre-lcd-usb-serial-db9-8-tomacorrientes-garantia-limitada-de-3-aos\/\",\"name\":\"[ Tripp-lite ] &#129351; Smart1500lcd Ups Tripp Lite Smartpro Lcd Interactivo De120v 1500va\/900w, Avr, 2u Para Rack\/torre, Lcd, Usb, Serial Db9, 8 Tomacorrientes Garantia Limitada De 3 A\u00f1os.\",\"isPartOf\":{\"@id\":\"https:\/\/compuviper.mx\/tienda\/#website\"},\"datePublished\":\"2026-04-02T06:31:14+00:00\",\"dateModified\":\"2026-04-02T06:31:15+00:00\",\"description\":\"Compra Smart1500lcd Ups Tripp Lite Smartpro Lcd Interactivo De120v 1500va\/900w, Avr, 2u Para Rack\/torre, Lcd, Usb, Serial Db9, 8 Tomacorrientes Garantia Limitada De 3 A\u00f1os. + Env\u00edo a domicilio + Pago seguro + Garant\u00eda\",\"breadcrumb\":{\"@id\":\"https:\/\/compuviper.mx\/tienda\/producto\/tripp-lite-smart1500lcd-ups-tripp-lite-smartpro-lcd-interactivo-de120v-1500va-900w-avr-2u-para-rack-torre-lcd-usb-serial-db9-8-tomacorrientes-garantia-limitada-de-3-aos\/#breadcrumb\"},\"inLanguage\":\"es-MX\",\"potentialAction\":[{\"@type\":\"ReadAction\",\"target\":[\"https:\/\/compuviper.mx\/tienda\/producto\/tripp-lite-smart1500lcd-ups-tripp-lite-smartpro-lcd-interactivo-de120v-1500va-900w-avr-2u-para-rack-torre-lcd-usb-serial-db9-8-tomacorrientes-garantia-limitada-de-3-aos\/\"]}]},{\"@type\":\"BreadcrumbList\",\"@id\":\"https:\/\/compuviper.mx\/tienda\/producto\/tripp-lite-smart1500lcd-ups-tripp-lite-smartpro-lcd-interactivo-de120v-1500va-900w-avr-2u-para-rack-torre-lcd-usb-serial-db9-8-tomacorrientes-garantia-limitada-de-3-aos\/#breadcrumb\",\"itemListElement\":[{\"@type\":\"ListItem\",\"position\":1,\"name\":\"Inicio\",\"item\":\"https:\/\/compuviper.mx\/tienda\/\"},{\"@type\":\"ListItem\",\"position\":2,\"name\":\"Productos\",\"item\":\"https:\/\/compuviper.mx\/tienda\/productos\/\"},{\"@type\":\"ListItem\",\"position\":3,\"name\":\"Energia\",\"item\":\"https:\/\/compuviper.mx\/tienda\/categoria-producto\/energia\/\"},{\"@type\":\"ListItem\",\"position\":4,\"name\":\"No Break\",\"item\":\"https:\/\/compuviper.mx\/tienda\/categoria-producto\/energia\/no-break\/\"},{\"@type\":\"ListItem\",\"position\":5,\"name\":\"Tripp-lite Smart1500lcd Ups Tripp Lite Smartpro Lcd Interactivo De120v 1500va\/900w, Avr, 2u Para Rack\/torre, Lcd, Usb, Serial Db9, 8 Tomacorrientes Garantia Limitada De 3 A?os.\"}]},{\"@type\":\"WebSite\",\"@id\":\"https:\/\/compuviper.mx\/tienda\/#website\",\"url\":\"https:\/\/compuviper.mx\/tienda\/\",\"name\":\"Compuviper\",\"description\":\"Proveedor de Computadoras, Laptops, Servidores, Monitores, Puntos de Venta, Teclados,   Impresoras, T\u00f3ner, C\u00e1maras de Seguridad y m\u00e1s en tu tienda en l\u00ednea\",\"publisher\":{\"@id\":\"https:\/\/compuviper.mx\/tienda\/#organization\"},\"potentialAction\":[{\"@type\":\"SearchAction\",\"target\":{\"@type\":\"EntryPoint\",\"urlTemplate\":\"https:\/\/compuviper.mx\/tienda\/?s={search_term_string}\"},\"query-input\":\"required name=search_term_string\"}],\"inLanguage\":\"es-MX\"},{\"@type\":\"Organization\",\"@id\":\"https:\/\/compuviper.mx\/tienda\/#organization\",\"name\":\"Compuviper\",\"url\":\"https:\/\/compuviper.mx\/tienda\/\",\"logo\":{\"@type\":\"ImageObject\",\"inLanguage\":\"es-MX\",\"@id\":\"https:\/\/compuviper.mx\/tienda\/#\/schema\/logo\/image\/\",\"url\":\"https:\/\/compuviper.mx\/tienda\/wp-content\/uploads\/2021\/08\/Logo-Compuviper-10.png\",\"contentUrl\":\"https:\/\/compuviper.mx\/tienda\/wp-content\/uploads\/2021\/08\/Logo-Compuviper-10.png\",\"width\":1000,\"height\":500,\"caption\":\"Compuviper\"},\"image\":{\"@id\":\"https:\/\/compuviper.mx\/tienda\/#\/schema\/logo\/image\/\"},\"sameAs\":[\"https:\/\/www.facebook.com\/compuviper\",\"https:\/\/www.youtube.com\/channel\/UCf73dERp9Y3cfOq7q8BhLjA?view_as=subscriber\"]}]}<\/script>\n<meta property=\"product:brand\" content=\"TRIPP-LITE\" \/>\n<meta property=\"product:price:amount\" content=\"6007\" \/>\n<meta property=\"product:price:currency\" content=\"MXN\" \/>\n<meta property=\"og:availability\" content=\"instock\" \/>\n<meta property=\"product:availability\" content=\"instock\" \/>\n<meta property=\"product:retailer_item_id\" content=\"SMART1500LCD\" \/>\n<meta property=\"product:condition\" content=\"new\" \/>\n<!-- \/ Yoast SEO plugin. -->","yoast_head_json":{"title":"[ Tripp-lite ] &#129351; Smart1500lcd Ups Tripp Lite Smartpro Lcd Interactivo De120v 1500va\/900w, Avr, 2u Para Rack\/torre, Lcd, Usb, Serial Db9, 8 Tomacorrientes Garantia Limitada De 3 A\u00f1os.","description":"Compra Smart1500lcd Ups Tripp Lite Smartpro Lcd Interactivo De120v 1500va\/900w, Avr, 2u Para Rack\/torre, Lcd, Usb, Serial Db9, 8 Tomacorrientes Garantia Limitada De 3 A\u00f1os. + Env\u00edo a domicilio + Pago seguro + Garant\u00eda","robots":{"index":"index","follow":"follow","max-snippet":"max-snippet:-1","max-image-preview":"max-image-preview:large","max-video-preview":"max-video-preview:-1"},"canonical":"https:\/\/compuviper.mx\/tienda\/producto\/tripp-lite-smart1500lcd-ups-tripp-lite-smartpro-lcd-interactivo-de120v-1500va-900w-avr-2u-para-rack-torre-lcd-usb-serial-db9-8-tomacorrientes-garantia-limitada-de-3-aos\/","og_locale":"es_MX","og_type":"article","og_title":"[ Tripp-lite ] &#129351; Smart1500lcd Ups Tripp Lite Smartpro Lcd Interactivo De120v 1500va\/900w, Avr, 2u Para Rack\/torre, Lcd, Usb, Serial Db9, 8 Tomacorrientes Garantia Limitada De 3 A\u00f1os.","og_description":"Compra Smart1500lcd Ups Tripp Lite Smartpro Lcd Interactivo De120v 1500va\/900w, Avr, 2u Para Rack\/torre, Lcd, Usb, Serial Db9, 8 Tomacorrientes Garantia Limitada De 3 A\u00f1os. + Env\u00edo a domicilio + Pago seguro + Garant\u00eda","og_url":"https:\/\/compuviper.mx\/tienda\/producto\/tripp-lite-smart1500lcd-ups-tripp-lite-smartpro-lcd-interactivo-de120v-1500va-900w-avr-2u-para-rack-torre-lcd-usb-serial-db9-8-tomacorrientes-garantia-limitada-de-3-aos\/","og_site_name":"Compuviper","article_publisher":"https:\/\/www.facebook.com\/compuviper","article_modified_time":"2026-04-02T06:31:15+00:00","og_image":[{"width":200,"height":200,"url":"https:\/\/compuviper.mx\/tienda\/wp-content\/uploads\/2023\/12\/Smart1500lcd-ups-tripp-lite-smartpro-lcd-interactivo-de120v-1500va900w-avr-2u-para-racktorre-lcd-usb-serial-db9-8-tomacorrientes-garantia-limitada-de-3-anos.jpg","type":"image\/jpeg"}],"twitter_card":"summary_large_image","twitter_misc":{"Precio":"&#36;6,007 con IVA","Availability":"In stock"},"schema":{"@context":"https:\/\/schema.org","@graph":[{"@type":"WebPage","@id":"https:\/\/compuviper.mx\/tienda\/producto\/tripp-lite-smart1500lcd-ups-tripp-lite-smartpro-lcd-interactivo-de120v-1500va-900w-avr-2u-para-rack-torre-lcd-usb-serial-db9-8-tomacorrientes-garantia-limitada-de-3-aos\/","url":"https:\/\/compuviper.mx\/tienda\/producto\/tripp-lite-smart1500lcd-ups-tripp-lite-smartpro-lcd-interactivo-de120v-1500va-900w-avr-2u-para-rack-torre-lcd-usb-serial-db9-8-tomacorrientes-garantia-limitada-de-3-aos\/","name":"[ Tripp-lite ] &#129351; Smart1500lcd Ups Tripp Lite Smartpro Lcd Interactivo De120v 1500va\/900w, Avr, 2u Para Rack\/torre, Lcd, Usb, Serial Db9, 8 Tomacorrientes Garantia Limitada De 3 A\u00f1os.","isPartOf":{"@id":"https:\/\/compuviper.mx\/tienda\/#website"},"datePublished":"2026-04-02T06:31:14+00:00","dateModified":"2026-04-02T06:31:15+00:00","description":"Compra Smart1500lcd Ups Tripp Lite Smartpro Lcd Interactivo De120v 1500va\/900w, Avr, 2u Para Rack\/torre, Lcd, Usb, Serial Db9, 8 Tomacorrientes Garantia Limitada De 3 A\u00f1os. + Env\u00edo a domicilio + Pago seguro + Garant\u00eda","breadcrumb":{"@id":"https:\/\/compuviper.mx\/tienda\/producto\/tripp-lite-smart1500lcd-ups-tripp-lite-smartpro-lcd-interactivo-de120v-1500va-900w-avr-2u-para-rack-torre-lcd-usb-serial-db9-8-tomacorrientes-garantia-limitada-de-3-aos\/#breadcrumb"},"inLanguage":"es-MX","potentialAction":[{"@type":"ReadAction","target":["https:\/\/compuviper.mx\/tienda\/producto\/tripp-lite-smart1500lcd-ups-tripp-lite-smartpro-lcd-interactivo-de120v-1500va-900w-avr-2u-para-rack-torre-lcd-usb-serial-db9-8-tomacorrientes-garantia-limitada-de-3-aos\/"]}]},{"@type":"BreadcrumbList","@id":"https:\/\/compuviper.mx\/tienda\/producto\/tripp-lite-smart1500lcd-ups-tripp-lite-smartpro-lcd-interactivo-de120v-1500va-900w-avr-2u-para-rack-torre-lcd-usb-serial-db9-8-tomacorrientes-garantia-limitada-de-3-aos\/#breadcrumb","itemListElement":[{"@type":"ListItem","position":1,"name":"Inicio","item":"https:\/\/compuviper.mx\/tienda\/"},{"@type":"ListItem","position":2,"name":"Productos","item":"https:\/\/compuviper.mx\/tienda\/productos\/"},{"@type":"ListItem","position":3,"name":"Energia","item":"https:\/\/compuviper.mx\/tienda\/categoria-producto\/energia\/"},{"@type":"ListItem","position":4,"name":"No Break","item":"https:\/\/compuviper.mx\/tienda\/categoria-producto\/energia\/no-break\/"},{"@type":"ListItem","position":5,"name":"Tripp-lite Smart1500lcd Ups Tripp Lite Smartpro Lcd Interactivo De120v 1500va\/900w, Avr, 2u Para Rack\/torre, Lcd, Usb, Serial Db9, 8 Tomacorrientes Garantia Limitada De 3 A?os."}]},{"@type":"WebSite","@id":"https:\/\/compuviper.mx\/tienda\/#website","url":"https:\/\/compuviper.mx\/tienda\/","name":"Compuviper","description":"Proveedor de Computadoras, Laptops, Servidores, Monitores, Puntos de Venta, Teclados,   Impresoras, T\u00f3ner, C\u00e1maras de Seguridad y m\u00e1s en tu tienda en l\u00ednea","publisher":{"@id":"https:\/\/compuviper.mx\/tienda\/#organization"},"potentialAction":[{"@type":"SearchAction","target":{"@type":"EntryPoint","urlTemplate":"https:\/\/compuviper.mx\/tienda\/?s={search_term_string}"},"query-input":"required name=search_term_string"}],"inLanguage":"es-MX"},{"@type":"Organization","@id":"https:\/\/compuviper.mx\/tienda\/#organization","name":"Compuviper","url":"https:\/\/compuviper.mx\/tienda\/","logo":{"@type":"ImageObject","inLanguage":"es-MX","@id":"https:\/\/compuviper.mx\/tienda\/#\/schema\/logo\/image\/","url":"https:\/\/compuviper.mx\/tienda\/wp-content\/uploads\/2021\/08\/Logo-Compuviper-10.png","contentUrl":"https:\/\/compuviper.mx\/tienda\/wp-content\/uploads\/2021\/08\/Logo-Compuviper-10.png","width":1000,"height":500,"caption":"Compuviper"},"image":{"@id":"https:\/\/compuviper.mx\/tienda\/#\/schema\/logo\/image\/"},"sameAs":["https:\/\/www.facebook.com\/compuviper","https:\/\/www.youtube.com\/channel\/UCf73dERp9Y3cfOq7q8BhLjA?view_as=subscriber"]}]},"product_brand":"TRIPP-LITE","product_price_amount":"6007","product_price_currency":"MXN","og_availability":"instock","product_availability":"instock","product_retailer_item_id":"SMART1500LCD","product_condition":"new"},"_links":{"self":[{"href":"https:\/\/compuviper.mx\/tienda\/wp-json\/wp\/v2\/product\/217814"}],"collection":[{"href":"https:\/\/compuviper.mx\/tienda\/wp-json\/wp\/v2\/product"}],"about":[{"href":"https:\/\/compuviper.mx\/tienda\/wp-json\/wp\/v2\/types\/product"}],"replies":[{"embeddable":true,"href":"https:\/\/compuviper.mx\/tienda\/wp-json\/wp\/v2\/comments?post=217814"}],"wp:featuredmedia":[{"embeddable":true,"href":"https:\/\/compuviper.mx\/tienda\/wp-json\/wp\/v2\/media\/217815"}],"wp:attachment":[{"href":"https:\/\/compuviper.mx\/tienda\/wp-json\/wp\/v2\/media?parent=217814"}],"wp:term":[{"taxonomy":"product_cat","embeddable":true,"href":"https:\/\/compuviper.mx\/tienda\/wp-json\/wp\/v2\/product_cat?post=217814"},{"taxonomy":"product_tag","embeddable":true,"href":"https:\/\/compuviper.mx\/tienda\/wp-json\/wp\/v2\/product_tag?post=217814"}],"curies":[{"name":"wp","href":"https:\/\/api.w.org\/{rel}","templated":true}]}}