{"id":217799,"date":"2026-04-07T00:28:07","date_gmt":"2026-04-07T06:28:07","guid":{"rendered":"https:\/\/compuviper.mx\/tienda\/producto\/vertiv-53s10ac1a200-ip-ups-exs-10kva-10000-w-208v-3ph-respaldo-6-min-liebert-208-120-208-120-hardwire-3f-n-g-hardwire-3f-n-g-2-aos-de-garantia\/"},"modified":"2026-04-07T00:28:07","modified_gmt":"2026-04-07T06:28:07","slug":"vertiv-53s10ac1a200-ip-ups-exs-10000va-10000w-on-line-doble-conversion-3ph-usb","status":"publish","type":"product","link":"https:\/\/compuviper.mx\/tienda\/producto\/vertiv-53s10ac1a200-ip-ups-exs-10000va-10000w-on-line-doble-conversion-3ph-usb\/","title":{"rendered":"Vertiv 53s10ac1a200 Ip Ups  Exs 10000va 10000w On Line Doble Conversion 3ph Usb"},"content":{"rendered":"<table class=\"descripcion\">\n<tr>\n<td>53s10ac1a200 vertiv ups exs 10kva\/ 10000 w, 208v 3ph respaldo 6 min @ 10kw, liebert ita2 liebert exs, ita2 &#8211; bypass on line doble conversion, 10000, 10000, 208\/120, 208\/120, hardwire 3f  n  g, hardwire 3f  n  g, 2 aos de garantia.  liebert\u00ae exs de 10 a 80 kw, solucin integrada y optimizada de sai trifsico de alta eficiencia.<\/td>\n<\/tr>\n<tr>\n<td>Https:\/\/www.vertiv.com\/49086c\/globalassets\/products\/critical-power\/uninterruptible-power-supplies-ups\/liebert-exs-10-20-kva-brochure-spanish.pdf<\/td>\n<\/tr>\n<\/table>\n","protected":false},"excerpt":{"rendered":"<p>53s10ac1a200 vertiv ups exs 10kva \/ 10000 w 208v 3ph, respaldo 6 min ,liebert 208\/120, 208\/120, hardwire 3f  n  g, hardwire 3f  n  g, 2 aos de garantia. El nuevo liebert \u00ae exs es un sai monoltico sin transformador que presenta unas caractersticas excepcionales para aplicaciones crticas. Su extraordinario rendimiento en doble conversin de hasta el 96.2 , garantiza un importante ahorro en los costes operativos, reduciendo tanto el coste total de propiedad como el impacto ambiental.<\/p>\n","protected":false},"featured_media":242563,"comment_status":"open","ping_status":"open","template":"","meta":[],"product_cat":[1508,1691],"product_tag":[2173],"acf":[],"yoast_head":"<!-- This site is optimized with the Yoast SEO plugin v21.7 - https:\/\/yoast.com\/wordpress\/plugins\/seo\/ -->\n<title>[ Vertiv ] &#129351; 53s10ac1a200 Ip Ups Exs 10000va 10000w On Line Doble Conversion 3ph Usb<\/title>\n<meta name=\"description\" content=\"Compra 53s10ac1a200 Ip Ups Exs 10000va 10000w On Line Doble Conversion 3ph Usb + Env\u00edo a domicilio + Pago seguro + Garant\u00eda\" \/>\n<meta name=\"robots\" content=\"index, follow, max-snippet:-1, max-image-preview:large, max-video-preview:-1\" \/>\n<link rel=\"canonical\" href=\"https:\/\/compuviper.mx\/tienda\/producto\/vertiv-53s10ac1a200-ip-ups-exs-10000va-10000w-on-line-doble-conversion-3ph-usb\/\" \/>\n<meta property=\"og:locale\" content=\"es_MX\" \/>\n<meta property=\"og:type\" content=\"article\" \/>\n<meta property=\"og:title\" content=\"[ Vertiv ] &#129351; 53s10ac1a200 Ip Ups Exs 10000va 10000w On Line Doble Conversion 3ph Usb\" \/>\n<meta property=\"og:description\" content=\"Compra 53s10ac1a200 Ip Ups Exs 10000va 10000w On Line Doble Conversion 3ph Usb + Env\u00edo a domicilio + Pago seguro + Garant\u00eda\" \/>\n<meta property=\"og:url\" content=\"https:\/\/compuviper.mx\/tienda\/producto\/vertiv-53s10ac1a200-ip-ups-exs-10000va-10000w-on-line-doble-conversion-3ph-usb\/\" \/>\n<meta property=\"og:site_name\" content=\"Compuviper\" \/>\n<meta property=\"article:publisher\" content=\"https:\/\/www.facebook.com\/compuviper\" \/>\n<meta property=\"og:image\" content=\"https:\/\/compuviper.mx\/tienda\/wp-content\/uploads\/2024\/09\/Ip-53s10ac1a200-vertiv-ups-exs-10kva-10000-w-208v-3ph-respaldo-6-min-liebert-208120-208120-hardwire-3f-n-g-hardwire-3f-n-g-2-anos-de-garantia.jpg\" \/>\n\t<meta property=\"og:image:width\" content=\"200\" \/>\n\t<meta property=\"og:image:height\" content=\"200\" \/>\n\t<meta property=\"og:image:type\" content=\"image\/jpeg\" \/>\n<meta name=\"twitter:card\" content=\"summary_large_image\" \/>\n<meta name=\"twitter:label1\" content=\"Precio\" \/>\n\t<meta name=\"twitter:data1\" content=\"&#36;144,029 &#36;117,783 con IVA\" \/>\n\t<meta name=\"twitter:label2\" content=\"Availability\" \/>\n\t<meta name=\"twitter:data2\" content=\"In stock\" \/>\n<script type=\"application\/ld+json\" class=\"yoast-schema-graph\">{\"@context\":\"https:\/\/schema.org\",\"@graph\":[{\"@type\":\"WebPage\",\"@id\":\"https:\/\/compuviper.mx\/tienda\/producto\/vertiv-53s10ac1a200-ip-ups-exs-10000va-10000w-on-line-doble-conversion-3ph-usb\/\",\"url\":\"https:\/\/compuviper.mx\/tienda\/producto\/vertiv-53s10ac1a200-ip-ups-exs-10000va-10000w-on-line-doble-conversion-3ph-usb\/\",\"name\":\"[ Vertiv ] &#129351; 53s10ac1a200 Ip Ups Exs 10000va 10000w On Line Doble Conversion 3ph Usb\",\"isPartOf\":{\"@id\":\"https:\/\/compuviper.mx\/tienda\/#website\"},\"datePublished\":\"2026-04-07T06:28:07+00:00\",\"dateModified\":\"2026-04-07T06:28:07+00:00\",\"description\":\"Compra 53s10ac1a200 Ip Ups Exs 10000va 10000w On Line Doble Conversion 3ph Usb + Env\u00edo a domicilio + Pago seguro + Garant\u00eda\",\"breadcrumb\":{\"@id\":\"https:\/\/compuviper.mx\/tienda\/producto\/vertiv-53s10ac1a200-ip-ups-exs-10000va-10000w-on-line-doble-conversion-3ph-usb\/#breadcrumb\"},\"inLanguage\":\"es-MX\",\"potentialAction\":[{\"@type\":\"ReadAction\",\"target\":[\"https:\/\/compuviper.mx\/tienda\/producto\/vertiv-53s10ac1a200-ip-ups-exs-10000va-10000w-on-line-doble-conversion-3ph-usb\/\"]}]},{\"@type\":\"BreadcrumbList\",\"@id\":\"https:\/\/compuviper.mx\/tienda\/producto\/vertiv-53s10ac1a200-ip-ups-exs-10000va-10000w-on-line-doble-conversion-3ph-usb\/#breadcrumb\",\"itemListElement\":[{\"@type\":\"ListItem\",\"position\":1,\"name\":\"Inicio\",\"item\":\"https:\/\/compuviper.mx\/tienda\/\"},{\"@type\":\"ListItem\",\"position\":2,\"name\":\"Productos\",\"item\":\"https:\/\/compuviper.mx\/tienda\/productos\/\"},{\"@type\":\"ListItem\",\"position\":3,\"name\":\"Energia\",\"item\":\"https:\/\/compuviper.mx\/tienda\/categoria-producto\/energia\/\"},{\"@type\":\"ListItem\",\"position\":4,\"name\":\"No Break\",\"item\":\"https:\/\/compuviper.mx\/tienda\/categoria-producto\/energia\/no-break\/\"},{\"@type\":\"ListItem\",\"position\":5,\"name\":\"Vertiv 53s10ac1a200 Ip Ups Exs 10000va 10000w On Line Doble Conversion 3ph Usb\"}]},{\"@type\":\"WebSite\",\"@id\":\"https:\/\/compuviper.mx\/tienda\/#website\",\"url\":\"https:\/\/compuviper.mx\/tienda\/\",\"name\":\"Compuviper\",\"description\":\"Proveedor de Computadoras, Laptops, Servidores, Monitores, Puntos de Venta, Teclados,   Impresoras, T\u00f3ner, C\u00e1maras de Seguridad y m\u00e1s en tu tienda en l\u00ednea\",\"publisher\":{\"@id\":\"https:\/\/compuviper.mx\/tienda\/#organization\"},\"potentialAction\":[{\"@type\":\"SearchAction\",\"target\":{\"@type\":\"EntryPoint\",\"urlTemplate\":\"https:\/\/compuviper.mx\/tienda\/?s={search_term_string}\"},\"query-input\":\"required name=search_term_string\"}],\"inLanguage\":\"es-MX\"},{\"@type\":\"Organization\",\"@id\":\"https:\/\/compuviper.mx\/tienda\/#organization\",\"name\":\"Compuviper\",\"url\":\"https:\/\/compuviper.mx\/tienda\/\",\"logo\":{\"@type\":\"ImageObject\",\"inLanguage\":\"es-MX\",\"@id\":\"https:\/\/compuviper.mx\/tienda\/#\/schema\/logo\/image\/\",\"url\":\"https:\/\/compuviper.mx\/tienda\/wp-content\/uploads\/2021\/08\/Logo-Compuviper-10.png\",\"contentUrl\":\"https:\/\/compuviper.mx\/tienda\/wp-content\/uploads\/2021\/08\/Logo-Compuviper-10.png\",\"width\":1000,\"height\":500,\"caption\":\"Compuviper\"},\"image\":{\"@id\":\"https:\/\/compuviper.mx\/tienda\/#\/schema\/logo\/image\/\"},\"sameAs\":[\"https:\/\/www.facebook.com\/compuviper\",\"https:\/\/www.youtube.com\/channel\/UCf73dERp9Y3cfOq7q8BhLjA?view_as=subscriber\"]}]}<\/script>\n<meta property=\"product:brand\" content=\"Vertiv\" \/>\n<meta property=\"product:price:amount\" content=\"117783\" \/>\n<meta property=\"product:price:currency\" content=\"MXN\" \/>\n<meta property=\"og:availability\" content=\"instock\" \/>\n<meta property=\"product:availability\" content=\"instock\" \/>\n<meta property=\"product:retailer_item_id\" content=\"53S10AC1A200\" \/>\n<meta property=\"product:condition\" content=\"new\" \/>\n<!-- \/ Yoast SEO plugin. -->","yoast_head_json":{"title":"[ Vertiv ] &#129351; 53s10ac1a200 Ip Ups Exs 10000va 10000w On Line Doble Conversion 3ph Usb","description":"Compra 53s10ac1a200 Ip Ups Exs 10000va 10000w On Line Doble Conversion 3ph Usb + Env\u00edo a domicilio + Pago seguro + Garant\u00eda","robots":{"index":"index","follow":"follow","max-snippet":"max-snippet:-1","max-image-preview":"max-image-preview:large","max-video-preview":"max-video-preview:-1"},"canonical":"https:\/\/compuviper.mx\/tienda\/producto\/vertiv-53s10ac1a200-ip-ups-exs-10000va-10000w-on-line-doble-conversion-3ph-usb\/","og_locale":"es_MX","og_type":"article","og_title":"[ Vertiv ] &#129351; 53s10ac1a200 Ip Ups Exs 10000va 10000w On Line Doble Conversion 3ph Usb","og_description":"Compra 53s10ac1a200 Ip Ups Exs 10000va 10000w On Line Doble Conversion 3ph Usb + Env\u00edo a domicilio + Pago seguro + Garant\u00eda","og_url":"https:\/\/compuviper.mx\/tienda\/producto\/vertiv-53s10ac1a200-ip-ups-exs-10000va-10000w-on-line-doble-conversion-3ph-usb\/","og_site_name":"Compuviper","article_publisher":"https:\/\/www.facebook.com\/compuviper","og_image":[{"width":200,"height":200,"url":"https:\/\/compuviper.mx\/tienda\/wp-content\/uploads\/2024\/09\/Ip-53s10ac1a200-vertiv-ups-exs-10kva-10000-w-208v-3ph-respaldo-6-min-liebert-208120-208120-hardwire-3f-n-g-hardwire-3f-n-g-2-anos-de-garantia.jpg","type":"image\/jpeg"}],"twitter_card":"summary_large_image","twitter_misc":{"Precio":"&#36;144,029 &#36;117,783 con IVA","Availability":"In stock"},"schema":{"@context":"https:\/\/schema.org","@graph":[{"@type":"WebPage","@id":"https:\/\/compuviper.mx\/tienda\/producto\/vertiv-53s10ac1a200-ip-ups-exs-10000va-10000w-on-line-doble-conversion-3ph-usb\/","url":"https:\/\/compuviper.mx\/tienda\/producto\/vertiv-53s10ac1a200-ip-ups-exs-10000va-10000w-on-line-doble-conversion-3ph-usb\/","name":"[ Vertiv ] &#129351; 53s10ac1a200 Ip Ups Exs 10000va 10000w On Line Doble Conversion 3ph Usb","isPartOf":{"@id":"https:\/\/compuviper.mx\/tienda\/#website"},"datePublished":"2026-04-07T06:28:07+00:00","dateModified":"2026-04-07T06:28:07+00:00","description":"Compra 53s10ac1a200 Ip Ups Exs 10000va 10000w On Line Doble Conversion 3ph Usb + Env\u00edo a domicilio + Pago seguro + Garant\u00eda","breadcrumb":{"@id":"https:\/\/compuviper.mx\/tienda\/producto\/vertiv-53s10ac1a200-ip-ups-exs-10000va-10000w-on-line-doble-conversion-3ph-usb\/#breadcrumb"},"inLanguage":"es-MX","potentialAction":[{"@type":"ReadAction","target":["https:\/\/compuviper.mx\/tienda\/producto\/vertiv-53s10ac1a200-ip-ups-exs-10000va-10000w-on-line-doble-conversion-3ph-usb\/"]}]},{"@type":"BreadcrumbList","@id":"https:\/\/compuviper.mx\/tienda\/producto\/vertiv-53s10ac1a200-ip-ups-exs-10000va-10000w-on-line-doble-conversion-3ph-usb\/#breadcrumb","itemListElement":[{"@type":"ListItem","position":1,"name":"Inicio","item":"https:\/\/compuviper.mx\/tienda\/"},{"@type":"ListItem","position":2,"name":"Productos","item":"https:\/\/compuviper.mx\/tienda\/productos\/"},{"@type":"ListItem","position":3,"name":"Energia","item":"https:\/\/compuviper.mx\/tienda\/categoria-producto\/energia\/"},{"@type":"ListItem","position":4,"name":"No Break","item":"https:\/\/compuviper.mx\/tienda\/categoria-producto\/energia\/no-break\/"},{"@type":"ListItem","position":5,"name":"Vertiv 53s10ac1a200 Ip Ups Exs 10000va 10000w On Line Doble Conversion 3ph Usb"}]},{"@type":"WebSite","@id":"https:\/\/compuviper.mx\/tienda\/#website","url":"https:\/\/compuviper.mx\/tienda\/","name":"Compuviper","description":"Proveedor de Computadoras, Laptops, Servidores, Monitores, Puntos de Venta, Teclados,   Impresoras, T\u00f3ner, C\u00e1maras de Seguridad y m\u00e1s en tu tienda en l\u00ednea","publisher":{"@id":"https:\/\/compuviper.mx\/tienda\/#organization"},"potentialAction":[{"@type":"SearchAction","target":{"@type":"EntryPoint","urlTemplate":"https:\/\/compuviper.mx\/tienda\/?s={search_term_string}"},"query-input":"required name=search_term_string"}],"inLanguage":"es-MX"},{"@type":"Organization","@id":"https:\/\/compuviper.mx\/tienda\/#organization","name":"Compuviper","url":"https:\/\/compuviper.mx\/tienda\/","logo":{"@type":"ImageObject","inLanguage":"es-MX","@id":"https:\/\/compuviper.mx\/tienda\/#\/schema\/logo\/image\/","url":"https:\/\/compuviper.mx\/tienda\/wp-content\/uploads\/2021\/08\/Logo-Compuviper-10.png","contentUrl":"https:\/\/compuviper.mx\/tienda\/wp-content\/uploads\/2021\/08\/Logo-Compuviper-10.png","width":1000,"height":500,"caption":"Compuviper"},"image":{"@id":"https:\/\/compuviper.mx\/tienda\/#\/schema\/logo\/image\/"},"sameAs":["https:\/\/www.facebook.com\/compuviper","https:\/\/www.youtube.com\/channel\/UCf73dERp9Y3cfOq7q8BhLjA?view_as=subscriber"]}]},"product_brand":"Vertiv","product_price_amount":"117783","product_price_currency":"MXN","og_availability":"instock","product_availability":"instock","product_retailer_item_id":"53S10AC1A200","product_condition":"new"},"_links":{"self":[{"href":"https:\/\/compuviper.mx\/tienda\/wp-json\/wp\/v2\/product\/217799"}],"collection":[{"href":"https:\/\/compuviper.mx\/tienda\/wp-json\/wp\/v2\/product"}],"about":[{"href":"https:\/\/compuviper.mx\/tienda\/wp-json\/wp\/v2\/types\/product"}],"replies":[{"embeddable":true,"href":"https:\/\/compuviper.mx\/tienda\/wp-json\/wp\/v2\/comments?post=217799"}],"wp:featuredmedia":[{"embeddable":true,"href":"https:\/\/compuviper.mx\/tienda\/wp-json\/wp\/v2\/media\/242563"}],"wp:attachment":[{"href":"https:\/\/compuviper.mx\/tienda\/wp-json\/wp\/v2\/media?parent=217799"}],"wp:term":[{"taxonomy":"product_cat","embeddable":true,"href":"https:\/\/compuviper.mx\/tienda\/wp-json\/wp\/v2\/product_cat?post=217799"},{"taxonomy":"product_tag","embeddable":true,"href":"https:\/\/compuviper.mx\/tienda\/wp-json\/wp\/v2\/product_tag?post=217799"}],"curies":[{"name":"wp","href":"https:\/\/api.w.org\/{rel}","templated":true}]}}