{"id":217781,"date":"2026-04-07T00:26:02","date_gmt":"2026-04-07T06:26:02","guid":{"rendered":"https:\/\/compuviper.mx\/tienda\/producto\/apc-bv800-unidad-easy-ups-bv-de-800-va-avr-120-v\/"},"modified":"2026-04-07T00:26:02","modified_gmt":"2026-04-07T06:26:02","slug":"apc-bv800-unidad-easy-ups-bv-de-800-va-avr-120-v","status":"publish","type":"product","link":"https:\/\/compuviper.mx\/tienda\/producto\/apc-bv800-unidad-easy-ups-bv-de-800-va-avr-120-v\/","title":{"rendered":"Apc Bv800 Unidad Easy Ups Bv De , 800 Va, Avr, 120 V"},"content":{"rendered":"<table class=\"descripcion\">\n<tr>\n<td>Main input voltage<\/td>\n<\/tr>\n<tr>\n<td>120 v<\/td>\n<\/tr>\n<tr>\n<td>Main output voltage<\/td>\n<\/tr>\n<tr>\n<td>120 v<\/td>\n<\/tr>\n<tr>\n<td>Potencia nominal en w<\/td>\n<\/tr>\n<tr>\n<td>450 w<\/td>\n<\/tr>\n<tr>\n<td>Potencia nominal en va<\/td>\n<\/tr>\n<tr>\n<td>800 va<\/td>\n<\/tr>\n<tr>\n<td>Input connection type<\/td>\n<\/tr>\n<tr>\n<td>Nema 5-15p<\/td>\n<\/tr>\n<tr>\n<td>Output connection type<\/td>\n<\/tr>\n<tr>\n<td>6 nema 5-15r<\/td>\n<\/tr>\n<tr>\n<td>Longitud de cable<\/td>\n<\/tr>\n<tr>\n<td>1.50 m<\/td>\n<\/tr>\n<tr>\n<td>N\u00famero de cables<\/td>\n<\/tr>\n<tr>\n<td>1<\/td>\n<\/tr>\n<tr>\n<td>Tipo de bater\u00eda<\/td>\n<\/tr>\n<tr>\n<td>Bater\u00eda sellada de plomo<\/td>\n<\/tr>\n<\/table>\n","protected":false},"excerpt":{"rendered":"<p>Para nuestros clientes dom\u00e9sticos y de peque\u00f1as oficinas, la serie easy ups 1 ph bv proporciona una protecci\u00f3n el\u00e9ctrica b\u00e1sica para condiciones de alimentaci\u00f3n inestables, garantizando una conectividad constante y fiable en los momentos m\u00e1s cr\u00edticos.<\/p>\n","protected":false},"featured_media":217782,"comment_status":"open","ping_status":"open","template":"","meta":[],"product_cat":[1508,1691],"product_tag":[1694],"acf":[],"yoast_head":"<!-- This site is optimized with the Yoast SEO plugin v21.7 - https:\/\/yoast.com\/wordpress\/plugins\/seo\/ -->\n<title>[ Apc ] &#129351; Bv800 Unidad Easy Ups Bv De , 800 Va, Avr, 120 V<\/title>\n<meta name=\"description\" content=\"Compra Bv800 Unidad Easy Ups Bv De , 800 Va, Avr, 120 V + Env\u00edo a domicilio + Pago seguro + Garant\u00eda\" \/>\n<meta name=\"robots\" content=\"index, follow, max-snippet:-1, max-image-preview:large, max-video-preview:-1\" \/>\n<link rel=\"canonical\" href=\"https:\/\/compuviper.mx\/tienda\/producto\/apc-bv800-unidad-easy-ups-bv-de-800-va-avr-120-v\/\" \/>\n<meta property=\"og:locale\" content=\"es_MX\" \/>\n<meta property=\"og:type\" content=\"article\" \/>\n<meta property=\"og:title\" content=\"[ Apc ] &#129351; Bv800 Unidad Easy Ups Bv De , 800 Va, Avr, 120 V\" \/>\n<meta property=\"og:description\" content=\"Compra Bv800 Unidad Easy Ups Bv De , 800 Va, Avr, 120 V + Env\u00edo a domicilio + Pago seguro + Garant\u00eda\" \/>\n<meta property=\"og:url\" content=\"https:\/\/compuviper.mx\/tienda\/producto\/apc-bv800-unidad-easy-ups-bv-de-800-va-avr-120-v\/\" \/>\n<meta property=\"og:site_name\" content=\"Compuviper\" \/>\n<meta property=\"article:publisher\" content=\"https:\/\/www.facebook.com\/compuviper\" \/>\n<meta property=\"og:image\" content=\"https:\/\/compuviper.mx\/tienda\/wp-content\/uploads\/2023\/12\/Unidad-easy-ups-bv-de-apc-800-va-avr-120-v.jpg\" \/>\n\t<meta property=\"og:image:width\" content=\"200\" \/>\n\t<meta property=\"og:image:height\" content=\"200\" \/>\n\t<meta property=\"og:image:type\" content=\"image\/jpeg\" \/>\n<meta name=\"twitter:card\" content=\"summary_large_image\" \/>\n<meta name=\"twitter:label1\" content=\"Precio\" \/>\n\t<meta name=\"twitter:data1\" content=\"&#36;1,486 &#36;1,456 con IVA\" \/>\n\t<meta name=\"twitter:label2\" content=\"Availability\" \/>\n\t<meta name=\"twitter:data2\" content=\"In stock\" \/>\n<script type=\"application\/ld+json\" class=\"yoast-schema-graph\">{\"@context\":\"https:\/\/schema.org\",\"@graph\":[{\"@type\":\"WebPage\",\"@id\":\"https:\/\/compuviper.mx\/tienda\/producto\/apc-bv800-unidad-easy-ups-bv-de-800-va-avr-120-v\/\",\"url\":\"https:\/\/compuviper.mx\/tienda\/producto\/apc-bv800-unidad-easy-ups-bv-de-800-va-avr-120-v\/\",\"name\":\"[ Apc ] &#129351; Bv800 Unidad Easy Ups Bv De , 800 Va, Avr, 120 V\",\"isPartOf\":{\"@id\":\"https:\/\/compuviper.mx\/tienda\/#website\"},\"datePublished\":\"2026-04-07T06:26:02+00:00\",\"dateModified\":\"2026-04-07T06:26:02+00:00\",\"description\":\"Compra Bv800 Unidad Easy Ups Bv De , 800 Va, Avr, 120 V + Env\u00edo a domicilio + Pago seguro + Garant\u00eda\",\"breadcrumb\":{\"@id\":\"https:\/\/compuviper.mx\/tienda\/producto\/apc-bv800-unidad-easy-ups-bv-de-800-va-avr-120-v\/#breadcrumb\"},\"inLanguage\":\"es-MX\",\"potentialAction\":[{\"@type\":\"ReadAction\",\"target\":[\"https:\/\/compuviper.mx\/tienda\/producto\/apc-bv800-unidad-easy-ups-bv-de-800-va-avr-120-v\/\"]}]},{\"@type\":\"BreadcrumbList\",\"@id\":\"https:\/\/compuviper.mx\/tienda\/producto\/apc-bv800-unidad-easy-ups-bv-de-800-va-avr-120-v\/#breadcrumb\",\"itemListElement\":[{\"@type\":\"ListItem\",\"position\":1,\"name\":\"Inicio\",\"item\":\"https:\/\/compuviper.mx\/tienda\/\"},{\"@type\":\"ListItem\",\"position\":2,\"name\":\"Productos\",\"item\":\"https:\/\/compuviper.mx\/tienda\/productos\/\"},{\"@type\":\"ListItem\",\"position\":3,\"name\":\"Energia\",\"item\":\"https:\/\/compuviper.mx\/tienda\/categoria-producto\/energia\/\"},{\"@type\":\"ListItem\",\"position\":4,\"name\":\"No Break\",\"item\":\"https:\/\/compuviper.mx\/tienda\/categoria-producto\/energia\/no-break\/\"},{\"@type\":\"ListItem\",\"position\":5,\"name\":\"Apc Bv800 Unidad Easy Ups Bv De , 800 Va, Avr, 120 V\"}]},{\"@type\":\"WebSite\",\"@id\":\"https:\/\/compuviper.mx\/tienda\/#website\",\"url\":\"https:\/\/compuviper.mx\/tienda\/\",\"name\":\"Compuviper\",\"description\":\"Proveedor de Computadoras, Laptops, Servidores, Monitores, Puntos de Venta, Teclados,   Impresoras, T\u00f3ner, C\u00e1maras de Seguridad y m\u00e1s en tu tienda en l\u00ednea\",\"publisher\":{\"@id\":\"https:\/\/compuviper.mx\/tienda\/#organization\"},\"potentialAction\":[{\"@type\":\"SearchAction\",\"target\":{\"@type\":\"EntryPoint\",\"urlTemplate\":\"https:\/\/compuviper.mx\/tienda\/?s={search_term_string}\"},\"query-input\":\"required name=search_term_string\"}],\"inLanguage\":\"es-MX\"},{\"@type\":\"Organization\",\"@id\":\"https:\/\/compuviper.mx\/tienda\/#organization\",\"name\":\"Compuviper\",\"url\":\"https:\/\/compuviper.mx\/tienda\/\",\"logo\":{\"@type\":\"ImageObject\",\"inLanguage\":\"es-MX\",\"@id\":\"https:\/\/compuviper.mx\/tienda\/#\/schema\/logo\/image\/\",\"url\":\"https:\/\/compuviper.mx\/tienda\/wp-content\/uploads\/2021\/08\/Logo-Compuviper-10.png\",\"contentUrl\":\"https:\/\/compuviper.mx\/tienda\/wp-content\/uploads\/2021\/08\/Logo-Compuviper-10.png\",\"width\":1000,\"height\":500,\"caption\":\"Compuviper\"},\"image\":{\"@id\":\"https:\/\/compuviper.mx\/tienda\/#\/schema\/logo\/image\/\"},\"sameAs\":[\"https:\/\/www.facebook.com\/compuviper\",\"https:\/\/www.youtube.com\/channel\/UCf73dERp9Y3cfOq7q8BhLjA?view_as=subscriber\"]}]}<\/script>\n<meta property=\"product:brand\" content=\"APC\" \/>\n<meta property=\"product:price:amount\" content=\"1456\" \/>\n<meta property=\"product:price:currency\" content=\"MXN\" \/>\n<meta property=\"og:availability\" content=\"instock\" \/>\n<meta property=\"product:availability\" content=\"instock\" \/>\n<meta property=\"product:retailer_item_id\" content=\"BV800\" \/>\n<meta property=\"product:condition\" content=\"new\" \/>\n<!-- \/ Yoast SEO plugin. -->","yoast_head_json":{"title":"[ Apc ] &#129351; Bv800 Unidad Easy Ups Bv De , 800 Va, Avr, 120 V","description":"Compra Bv800 Unidad Easy Ups Bv De , 800 Va, Avr, 120 V + Env\u00edo a domicilio + Pago seguro + Garant\u00eda","robots":{"index":"index","follow":"follow","max-snippet":"max-snippet:-1","max-image-preview":"max-image-preview:large","max-video-preview":"max-video-preview:-1"},"canonical":"https:\/\/compuviper.mx\/tienda\/producto\/apc-bv800-unidad-easy-ups-bv-de-800-va-avr-120-v\/","og_locale":"es_MX","og_type":"article","og_title":"[ Apc ] &#129351; Bv800 Unidad Easy Ups Bv De , 800 Va, Avr, 120 V","og_description":"Compra Bv800 Unidad Easy Ups Bv De , 800 Va, Avr, 120 V + Env\u00edo a domicilio + Pago seguro + Garant\u00eda","og_url":"https:\/\/compuviper.mx\/tienda\/producto\/apc-bv800-unidad-easy-ups-bv-de-800-va-avr-120-v\/","og_site_name":"Compuviper","article_publisher":"https:\/\/www.facebook.com\/compuviper","og_image":[{"width":200,"height":200,"url":"https:\/\/compuviper.mx\/tienda\/wp-content\/uploads\/2023\/12\/Unidad-easy-ups-bv-de-apc-800-va-avr-120-v.jpg","type":"image\/jpeg"}],"twitter_card":"summary_large_image","twitter_misc":{"Precio":"&#36;1,486 &#36;1,456 con IVA","Availability":"In stock"},"schema":{"@context":"https:\/\/schema.org","@graph":[{"@type":"WebPage","@id":"https:\/\/compuviper.mx\/tienda\/producto\/apc-bv800-unidad-easy-ups-bv-de-800-va-avr-120-v\/","url":"https:\/\/compuviper.mx\/tienda\/producto\/apc-bv800-unidad-easy-ups-bv-de-800-va-avr-120-v\/","name":"[ Apc ] &#129351; Bv800 Unidad Easy Ups Bv De , 800 Va, Avr, 120 V","isPartOf":{"@id":"https:\/\/compuviper.mx\/tienda\/#website"},"datePublished":"2026-04-07T06:26:02+00:00","dateModified":"2026-04-07T06:26:02+00:00","description":"Compra Bv800 Unidad Easy Ups Bv De , 800 Va, Avr, 120 V + Env\u00edo a domicilio + Pago seguro + Garant\u00eda","breadcrumb":{"@id":"https:\/\/compuviper.mx\/tienda\/producto\/apc-bv800-unidad-easy-ups-bv-de-800-va-avr-120-v\/#breadcrumb"},"inLanguage":"es-MX","potentialAction":[{"@type":"ReadAction","target":["https:\/\/compuviper.mx\/tienda\/producto\/apc-bv800-unidad-easy-ups-bv-de-800-va-avr-120-v\/"]}]},{"@type":"BreadcrumbList","@id":"https:\/\/compuviper.mx\/tienda\/producto\/apc-bv800-unidad-easy-ups-bv-de-800-va-avr-120-v\/#breadcrumb","itemListElement":[{"@type":"ListItem","position":1,"name":"Inicio","item":"https:\/\/compuviper.mx\/tienda\/"},{"@type":"ListItem","position":2,"name":"Productos","item":"https:\/\/compuviper.mx\/tienda\/productos\/"},{"@type":"ListItem","position":3,"name":"Energia","item":"https:\/\/compuviper.mx\/tienda\/categoria-producto\/energia\/"},{"@type":"ListItem","position":4,"name":"No Break","item":"https:\/\/compuviper.mx\/tienda\/categoria-producto\/energia\/no-break\/"},{"@type":"ListItem","position":5,"name":"Apc Bv800 Unidad Easy Ups Bv De , 800 Va, Avr, 120 V"}]},{"@type":"WebSite","@id":"https:\/\/compuviper.mx\/tienda\/#website","url":"https:\/\/compuviper.mx\/tienda\/","name":"Compuviper","description":"Proveedor de Computadoras, Laptops, Servidores, Monitores, Puntos de Venta, Teclados,   Impresoras, T\u00f3ner, C\u00e1maras de Seguridad y m\u00e1s en tu tienda en l\u00ednea","publisher":{"@id":"https:\/\/compuviper.mx\/tienda\/#organization"},"potentialAction":[{"@type":"SearchAction","target":{"@type":"EntryPoint","urlTemplate":"https:\/\/compuviper.mx\/tienda\/?s={search_term_string}"},"query-input":"required name=search_term_string"}],"inLanguage":"es-MX"},{"@type":"Organization","@id":"https:\/\/compuviper.mx\/tienda\/#organization","name":"Compuviper","url":"https:\/\/compuviper.mx\/tienda\/","logo":{"@type":"ImageObject","inLanguage":"es-MX","@id":"https:\/\/compuviper.mx\/tienda\/#\/schema\/logo\/image\/","url":"https:\/\/compuviper.mx\/tienda\/wp-content\/uploads\/2021\/08\/Logo-Compuviper-10.png","contentUrl":"https:\/\/compuviper.mx\/tienda\/wp-content\/uploads\/2021\/08\/Logo-Compuviper-10.png","width":1000,"height":500,"caption":"Compuviper"},"image":{"@id":"https:\/\/compuviper.mx\/tienda\/#\/schema\/logo\/image\/"},"sameAs":["https:\/\/www.facebook.com\/compuviper","https:\/\/www.youtube.com\/channel\/UCf73dERp9Y3cfOq7q8BhLjA?view_as=subscriber"]}]},"product_brand":"APC","product_price_amount":"1456","product_price_currency":"MXN","og_availability":"instock","product_availability":"instock","product_retailer_item_id":"BV800","product_condition":"new"},"_links":{"self":[{"href":"https:\/\/compuviper.mx\/tienda\/wp-json\/wp\/v2\/product\/217781"}],"collection":[{"href":"https:\/\/compuviper.mx\/tienda\/wp-json\/wp\/v2\/product"}],"about":[{"href":"https:\/\/compuviper.mx\/tienda\/wp-json\/wp\/v2\/types\/product"}],"replies":[{"embeddable":true,"href":"https:\/\/compuviper.mx\/tienda\/wp-json\/wp\/v2\/comments?post=217781"}],"wp:featuredmedia":[{"embeddable":true,"href":"https:\/\/compuviper.mx\/tienda\/wp-json\/wp\/v2\/media\/217782"}],"wp:attachment":[{"href":"https:\/\/compuviper.mx\/tienda\/wp-json\/wp\/v2\/media?parent=217781"}],"wp:term":[{"taxonomy":"product_cat","embeddable":true,"href":"https:\/\/compuviper.mx\/tienda\/wp-json\/wp\/v2\/product_cat?post=217781"},{"taxonomy":"product_tag","embeddable":true,"href":"https:\/\/compuviper.mx\/tienda\/wp-json\/wp\/v2\/product_tag?post=217781"}],"curies":[{"name":"wp","href":"https:\/\/api.w.org\/{rel}","templated":true}]}}