{"id":217767,"date":"2026-04-07T00:25:58","date_gmt":"2026-04-07T06:25:58","guid":{"rendered":"https:\/\/compuviper.mx\/tienda\/producto\/apc-e3sups20kfbs-local-ups-sai-easy-ups-3s-20-kva-208v-33-para-bateras-internas-arranque-5x8\/"},"modified":"2026-04-07T00:25:58","modified_gmt":"2026-04-07T06:25:58","slug":"apc-e3sups20kfbs731304423928-local-ups-e3sups20kfbs-sai-easy-ups-3s-20-kva-208v-33-para-bateras-internas-arranque-5x8","status":"publish","type":"product","link":"https:\/\/compuviper.mx\/tienda\/producto\/apc-e3sups20kfbs731304423928-local-ups-e3sups20kfbs-sai-easy-ups-3s-20-kva-208v-33-para-bateras-internas-arranque-5x8\/","title":{"rendered":"Apc E3sups20kfbs,731304423928 Local-ups  E3sups20kfbs Sai Easy Ups 3s 20 Kva 208v 3:3 Para Bater?as Internas, Arranque 5&#215;8"},"content":{"rendered":"<table class=\"descripcion\">\n<tr>\n<td>Voltaje de entrada principal<\/td>\n<\/tr>\n<tr>\n<td>3 fases<\/td>\n<\/tr>\n<tr>\n<td>Otro voltaje de entrada<\/td>\n<\/tr>\n<tr>\n<td>220 v<\/td>\n<\/tr>\n<tr>\n<td>Voltaje de salida principal<\/td>\n<\/tr>\n<tr>\n<td>208 v3 fases<\/td>\n<\/tr>\n<tr>\n<td>Otro voltaje de salida<\/td>\n<\/tr>\n<tr>\n<td>220 v<\/td>\n<\/tr>\n<tr>\n<td>Potencia nominal en w<\/td>\n<\/tr>\n<tr>\n<td>20 kilovatios<\/td>\n<\/tr>\n<tr>\n<td>Potencia nominal en va<\/td>\n<\/tr>\n<tr>\n<td>20kva<\/td>\n<\/tr>\n<tr>\n<td>Equipo suministrado<\/td>\n<\/tr>\n<tr>\n<td>Filtro de polvo<\/td>\n<\/tr>\n<tr>\n<td>Installation manual<\/td>\n<\/tr>\n<tr>\n<td>Servicio de puesta en marcha<\/td>\n<\/tr>\n<\/table>\n","protected":false},"excerpt":{"rendered":"<p>Ups trifasico de alta eficiencia que cuenta con funciones de producto avanzadas, especificaciones competitivas y un diseo electrico robusto, lo que facilita la continuidad del negocio en el centro de datos o la sala electrica.\u00a0este es un ups de 20 kva excepcionalmente facil de instalar, operar, mantener y reparar, ideal para pequeas y medianas empresas.\u00a0incluye filtro de polvo y tableros con revestimiento de conformidad para entornos hostiles.\u00a0este ups es para baterias internas, pero se suministra sin baterias, por lo que puede personalizar f\u00e1cilmente el tiempo de ejecucion de la bateria.\u00a0incluye servicio de puesta en marcha 5&#215;8.<\/p>\n","protected":false},"featured_media":217768,"comment_status":"open","ping_status":"open","template":"","meta":[],"product_cat":[1508,1691],"product_tag":[1694],"acf":[],"yoast_head":"<!-- This site is optimized with the Yoast SEO plugin v21.7 - https:\/\/yoast.com\/wordpress\/plugins\/seo\/ -->\n<title>[ Apc ] &#129351; E3sups20kfbs,731304423928 Local-ups E3sups20kfbs Sai Easy Ups 3s 20 Kva 208v 3:3 Para Bater\u00edas Internas, Arranque 5x8<\/title>\n<meta name=\"description\" content=\"Compra E3sups20kfbs,731304423928 Local-ups E3sups20kfbs Sai Easy Ups 3s 20 Kva 208v 3:3 Para Bater\u00edas Internas, Arranque 5x8 + Env\u00edo a domicilio + Pago seguro + Garant\u00eda\" \/>\n<meta name=\"robots\" content=\"index, follow, max-snippet:-1, max-image-preview:large, max-video-preview:-1\" \/>\n<link rel=\"canonical\" href=\"https:\/\/compuviper.mx\/tienda\/producto\/apc-e3sups20kfbs731304423928-local-ups-e3sups20kfbs-sai-easy-ups-3s-20-kva-208v-33-para-bateras-internas-arranque-5x8\/\" \/>\n<meta property=\"og:locale\" content=\"es_MX\" \/>\n<meta property=\"og:type\" content=\"article\" \/>\n<meta property=\"og:title\" content=\"[ Apc ] &#129351; E3sups20kfbs,731304423928 Local-ups E3sups20kfbs Sai Easy Ups 3s 20 Kva 208v 3:3 Para Bater\u00edas Internas, Arranque 5x8\" \/>\n<meta property=\"og:description\" content=\"Compra E3sups20kfbs,731304423928 Local-ups E3sups20kfbs Sai Easy Ups 3s 20 Kva 208v 3:3 Para Bater\u00edas Internas, Arranque 5x8 + Env\u00edo a domicilio + Pago seguro + Garant\u00eda\" \/>\n<meta property=\"og:url\" content=\"https:\/\/compuviper.mx\/tienda\/producto\/apc-e3sups20kfbs731304423928-local-ups-e3sups20kfbs-sai-easy-ups-3s-20-kva-208v-33-para-bateras-internas-arranque-5x8\/\" \/>\n<meta property=\"og:site_name\" content=\"Compuviper\" \/>\n<meta property=\"article:publisher\" content=\"https:\/\/www.facebook.com\/compuviper\" \/>\n<meta property=\"og:image\" content=\"https:\/\/compuviper.mx\/tienda\/wp-content\/uploads\/2023\/12\/Local-ups-apc-e3sups20kfbs-sai-easy-ups-3s-20-kva-208v-33-para-baterias-internas-arranque-5x8-1.jpg\" \/>\n\t<meta property=\"og:image:width\" content=\"200\" \/>\n\t<meta property=\"og:image:height\" content=\"200\" \/>\n\t<meta property=\"og:image:type\" content=\"image\/jpeg\" \/>\n<meta name=\"twitter:card\" content=\"summary_large_image\" \/>\n<meta name=\"twitter:label1\" content=\"Precio\" \/>\n\t<meta name=\"twitter:data1\" content=\"&#36;188,046 con IVA\" \/>\n\t<meta name=\"twitter:label2\" content=\"Availability\" \/>\n\t<meta name=\"twitter:data2\" content=\"On backorder\" \/>\n<script type=\"application\/ld+json\" class=\"yoast-schema-graph\">{\"@context\":\"https:\/\/schema.org\",\"@graph\":[{\"@type\":\"WebPage\",\"@id\":\"https:\/\/compuviper.mx\/tienda\/producto\/apc-e3sups20kfbs731304423928-local-ups-e3sups20kfbs-sai-easy-ups-3s-20-kva-208v-33-para-bateras-internas-arranque-5x8\/\",\"url\":\"https:\/\/compuviper.mx\/tienda\/producto\/apc-e3sups20kfbs731304423928-local-ups-e3sups20kfbs-sai-easy-ups-3s-20-kva-208v-33-para-bateras-internas-arranque-5x8\/\",\"name\":\"[ Apc ] &#129351; E3sups20kfbs,731304423928 Local-ups E3sups20kfbs Sai Easy Ups 3s 20 Kva 208v 3:3 Para Bater\u00edas Internas, Arranque 5x8\",\"isPartOf\":{\"@id\":\"https:\/\/compuviper.mx\/tienda\/#website\"},\"datePublished\":\"2026-04-07T06:25:58+00:00\",\"dateModified\":\"2026-04-07T06:25:58+00:00\",\"description\":\"Compra E3sups20kfbs,731304423928 Local-ups E3sups20kfbs Sai Easy Ups 3s 20 Kva 208v 3:3 Para Bater\u00edas Internas, Arranque 5x8 + Env\u00edo a domicilio + Pago seguro + Garant\u00eda\",\"breadcrumb\":{\"@id\":\"https:\/\/compuviper.mx\/tienda\/producto\/apc-e3sups20kfbs731304423928-local-ups-e3sups20kfbs-sai-easy-ups-3s-20-kva-208v-33-para-bateras-internas-arranque-5x8\/#breadcrumb\"},\"inLanguage\":\"es-MX\",\"potentialAction\":[{\"@type\":\"ReadAction\",\"target\":[\"https:\/\/compuviper.mx\/tienda\/producto\/apc-e3sups20kfbs731304423928-local-ups-e3sups20kfbs-sai-easy-ups-3s-20-kva-208v-33-para-bateras-internas-arranque-5x8\/\"]}]},{\"@type\":\"BreadcrumbList\",\"@id\":\"https:\/\/compuviper.mx\/tienda\/producto\/apc-e3sups20kfbs731304423928-local-ups-e3sups20kfbs-sai-easy-ups-3s-20-kva-208v-33-para-bateras-internas-arranque-5x8\/#breadcrumb\",\"itemListElement\":[{\"@type\":\"ListItem\",\"position\":1,\"name\":\"Inicio\",\"item\":\"https:\/\/compuviper.mx\/tienda\/\"},{\"@type\":\"ListItem\",\"position\":2,\"name\":\"Productos\",\"item\":\"https:\/\/compuviper.mx\/tienda\/productos\/\"},{\"@type\":\"ListItem\",\"position\":3,\"name\":\"Energia\",\"item\":\"https:\/\/compuviper.mx\/tienda\/categoria-producto\/energia\/\"},{\"@type\":\"ListItem\",\"position\":4,\"name\":\"No Break\",\"item\":\"https:\/\/compuviper.mx\/tienda\/categoria-producto\/energia\/no-break\/\"},{\"@type\":\"ListItem\",\"position\":5,\"name\":\"Apc E3sups20kfbs,731304423928 Local-ups E3sups20kfbs Sai Easy Ups 3s 20 Kva 208v 3:3 Para Bater?as Internas, Arranque 5&#215;8\"}]},{\"@type\":\"WebSite\",\"@id\":\"https:\/\/compuviper.mx\/tienda\/#website\",\"url\":\"https:\/\/compuviper.mx\/tienda\/\",\"name\":\"Compuviper\",\"description\":\"Proveedor de Computadoras, Laptops, Servidores, Monitores, Puntos de Venta, Teclados,   Impresoras, T\u00f3ner, C\u00e1maras de Seguridad y m\u00e1s en tu tienda en l\u00ednea\",\"publisher\":{\"@id\":\"https:\/\/compuviper.mx\/tienda\/#organization\"},\"potentialAction\":[{\"@type\":\"SearchAction\",\"target\":{\"@type\":\"EntryPoint\",\"urlTemplate\":\"https:\/\/compuviper.mx\/tienda\/?s={search_term_string}\"},\"query-input\":\"required name=search_term_string\"}],\"inLanguage\":\"es-MX\"},{\"@type\":\"Organization\",\"@id\":\"https:\/\/compuviper.mx\/tienda\/#organization\",\"name\":\"Compuviper\",\"url\":\"https:\/\/compuviper.mx\/tienda\/\",\"logo\":{\"@type\":\"ImageObject\",\"inLanguage\":\"es-MX\",\"@id\":\"https:\/\/compuviper.mx\/tienda\/#\/schema\/logo\/image\/\",\"url\":\"https:\/\/compuviper.mx\/tienda\/wp-content\/uploads\/2021\/08\/Logo-Compuviper-10.png\",\"contentUrl\":\"https:\/\/compuviper.mx\/tienda\/wp-content\/uploads\/2021\/08\/Logo-Compuviper-10.png\",\"width\":1000,\"height\":500,\"caption\":\"Compuviper\"},\"image\":{\"@id\":\"https:\/\/compuviper.mx\/tienda\/#\/schema\/logo\/image\/\"},\"sameAs\":[\"https:\/\/www.facebook.com\/compuviper\",\"https:\/\/www.youtube.com\/channel\/UCf73dERp9Y3cfOq7q8BhLjA?view_as=subscriber\"]}]}<\/script>\n<meta property=\"product:brand\" content=\"APC\" \/>\n<meta property=\"product:price:amount\" content=\"188046\" \/>\n<meta property=\"product:price:currency\" content=\"MXN\" \/>\n<meta property=\"og:availability\" content=\"backorder\" \/>\n<meta property=\"product:availability\" content=\"available for order\" \/>\n<meta property=\"product:retailer_item_id\" content=\"E3SUPS20KFBS,731304423928\" \/>\n<meta property=\"product:condition\" content=\"new\" \/>\n<!-- \/ Yoast SEO plugin. -->","yoast_head_json":{"title":"[ Apc ] &#129351; E3sups20kfbs,731304423928 Local-ups E3sups20kfbs Sai Easy Ups 3s 20 Kva 208v 3:3 Para Bater\u00edas Internas, Arranque 5x8","description":"Compra E3sups20kfbs,731304423928 Local-ups E3sups20kfbs Sai Easy Ups 3s 20 Kva 208v 3:3 Para Bater\u00edas Internas, Arranque 5x8 + Env\u00edo a domicilio + Pago seguro + Garant\u00eda","robots":{"index":"index","follow":"follow","max-snippet":"max-snippet:-1","max-image-preview":"max-image-preview:large","max-video-preview":"max-video-preview:-1"},"canonical":"https:\/\/compuviper.mx\/tienda\/producto\/apc-e3sups20kfbs731304423928-local-ups-e3sups20kfbs-sai-easy-ups-3s-20-kva-208v-33-para-bateras-internas-arranque-5x8\/","og_locale":"es_MX","og_type":"article","og_title":"[ Apc ] &#129351; E3sups20kfbs,731304423928 Local-ups E3sups20kfbs Sai Easy Ups 3s 20 Kva 208v 3:3 Para Bater\u00edas Internas, Arranque 5x8","og_description":"Compra E3sups20kfbs,731304423928 Local-ups E3sups20kfbs Sai Easy Ups 3s 20 Kva 208v 3:3 Para Bater\u00edas Internas, Arranque 5x8 + Env\u00edo a domicilio + Pago seguro + Garant\u00eda","og_url":"https:\/\/compuviper.mx\/tienda\/producto\/apc-e3sups20kfbs731304423928-local-ups-e3sups20kfbs-sai-easy-ups-3s-20-kva-208v-33-para-bateras-internas-arranque-5x8\/","og_site_name":"Compuviper","article_publisher":"https:\/\/www.facebook.com\/compuviper","og_image":[{"width":200,"height":200,"url":"https:\/\/compuviper.mx\/tienda\/wp-content\/uploads\/2023\/12\/Local-ups-apc-e3sups20kfbs-sai-easy-ups-3s-20-kva-208v-33-para-baterias-internas-arranque-5x8-1.jpg","type":"image\/jpeg"}],"twitter_card":"summary_large_image","twitter_misc":{"Precio":"&#36;188,046 con IVA","Availability":"On backorder"},"schema":{"@context":"https:\/\/schema.org","@graph":[{"@type":"WebPage","@id":"https:\/\/compuviper.mx\/tienda\/producto\/apc-e3sups20kfbs731304423928-local-ups-e3sups20kfbs-sai-easy-ups-3s-20-kva-208v-33-para-bateras-internas-arranque-5x8\/","url":"https:\/\/compuviper.mx\/tienda\/producto\/apc-e3sups20kfbs731304423928-local-ups-e3sups20kfbs-sai-easy-ups-3s-20-kva-208v-33-para-bateras-internas-arranque-5x8\/","name":"[ Apc ] &#129351; E3sups20kfbs,731304423928 Local-ups E3sups20kfbs Sai Easy Ups 3s 20 Kva 208v 3:3 Para Bater\u00edas Internas, Arranque 5x8","isPartOf":{"@id":"https:\/\/compuviper.mx\/tienda\/#website"},"datePublished":"2026-04-07T06:25:58+00:00","dateModified":"2026-04-07T06:25:58+00:00","description":"Compra E3sups20kfbs,731304423928 Local-ups E3sups20kfbs Sai Easy Ups 3s 20 Kva 208v 3:3 Para Bater\u00edas Internas, Arranque 5x8 + Env\u00edo a domicilio + Pago seguro + Garant\u00eda","breadcrumb":{"@id":"https:\/\/compuviper.mx\/tienda\/producto\/apc-e3sups20kfbs731304423928-local-ups-e3sups20kfbs-sai-easy-ups-3s-20-kva-208v-33-para-bateras-internas-arranque-5x8\/#breadcrumb"},"inLanguage":"es-MX","potentialAction":[{"@type":"ReadAction","target":["https:\/\/compuviper.mx\/tienda\/producto\/apc-e3sups20kfbs731304423928-local-ups-e3sups20kfbs-sai-easy-ups-3s-20-kva-208v-33-para-bateras-internas-arranque-5x8\/"]}]},{"@type":"BreadcrumbList","@id":"https:\/\/compuviper.mx\/tienda\/producto\/apc-e3sups20kfbs731304423928-local-ups-e3sups20kfbs-sai-easy-ups-3s-20-kva-208v-33-para-bateras-internas-arranque-5x8\/#breadcrumb","itemListElement":[{"@type":"ListItem","position":1,"name":"Inicio","item":"https:\/\/compuviper.mx\/tienda\/"},{"@type":"ListItem","position":2,"name":"Productos","item":"https:\/\/compuviper.mx\/tienda\/productos\/"},{"@type":"ListItem","position":3,"name":"Energia","item":"https:\/\/compuviper.mx\/tienda\/categoria-producto\/energia\/"},{"@type":"ListItem","position":4,"name":"No Break","item":"https:\/\/compuviper.mx\/tienda\/categoria-producto\/energia\/no-break\/"},{"@type":"ListItem","position":5,"name":"Apc E3sups20kfbs,731304423928 Local-ups E3sups20kfbs Sai Easy Ups 3s 20 Kva 208v 3:3 Para Bater?as Internas, Arranque 5&#215;8"}]},{"@type":"WebSite","@id":"https:\/\/compuviper.mx\/tienda\/#website","url":"https:\/\/compuviper.mx\/tienda\/","name":"Compuviper","description":"Proveedor de Computadoras, Laptops, Servidores, Monitores, Puntos de Venta, Teclados,   Impresoras, T\u00f3ner, C\u00e1maras de Seguridad y m\u00e1s en tu tienda en l\u00ednea","publisher":{"@id":"https:\/\/compuviper.mx\/tienda\/#organization"},"potentialAction":[{"@type":"SearchAction","target":{"@type":"EntryPoint","urlTemplate":"https:\/\/compuviper.mx\/tienda\/?s={search_term_string}"},"query-input":"required name=search_term_string"}],"inLanguage":"es-MX"},{"@type":"Organization","@id":"https:\/\/compuviper.mx\/tienda\/#organization","name":"Compuviper","url":"https:\/\/compuviper.mx\/tienda\/","logo":{"@type":"ImageObject","inLanguage":"es-MX","@id":"https:\/\/compuviper.mx\/tienda\/#\/schema\/logo\/image\/","url":"https:\/\/compuviper.mx\/tienda\/wp-content\/uploads\/2021\/08\/Logo-Compuviper-10.png","contentUrl":"https:\/\/compuviper.mx\/tienda\/wp-content\/uploads\/2021\/08\/Logo-Compuviper-10.png","width":1000,"height":500,"caption":"Compuviper"},"image":{"@id":"https:\/\/compuviper.mx\/tienda\/#\/schema\/logo\/image\/"},"sameAs":["https:\/\/www.facebook.com\/compuviper","https:\/\/www.youtube.com\/channel\/UCf73dERp9Y3cfOq7q8BhLjA?view_as=subscriber"]}]},"product_brand":"APC","product_price_amount":"188046","product_price_currency":"MXN","og_availability":"backorder","product_availability":"available for order","product_retailer_item_id":"E3SUPS20KFBS,731304423928","product_condition":"new"},"_links":{"self":[{"href":"https:\/\/compuviper.mx\/tienda\/wp-json\/wp\/v2\/product\/217767"}],"collection":[{"href":"https:\/\/compuviper.mx\/tienda\/wp-json\/wp\/v2\/product"}],"about":[{"href":"https:\/\/compuviper.mx\/tienda\/wp-json\/wp\/v2\/types\/product"}],"replies":[{"embeddable":true,"href":"https:\/\/compuviper.mx\/tienda\/wp-json\/wp\/v2\/comments?post=217767"}],"wp:featuredmedia":[{"embeddable":true,"href":"https:\/\/compuviper.mx\/tienda\/wp-json\/wp\/v2\/media\/217768"}],"wp:attachment":[{"href":"https:\/\/compuviper.mx\/tienda\/wp-json\/wp\/v2\/media?parent=217767"}],"wp:term":[{"taxonomy":"product_cat","embeddable":true,"href":"https:\/\/compuviper.mx\/tienda\/wp-json\/wp\/v2\/product_cat?post=217767"},{"taxonomy":"product_tag","embeddable":true,"href":"https:\/\/compuviper.mx\/tienda\/wp-json\/wp\/v2\/product_tag?post=217767"}],"curies":[{"name":"wp","href":"https:\/\/api.w.org\/{rel}","templated":true}]}}