{"id":217759,"date":"2026-04-02T00:27:31","date_gmt":"2026-04-02T06:27:31","guid":{"rendered":"https:\/\/compuviper.mx\/tienda\/producto\/tripp-lite-omnivs1200lcd-ups-interactivo-tripp-lite-de-1200va-600w-con-8-tomacorrientes-avr-120v-50hz-60hz-lcd-usb-torre-garantia-limitada-de-3-aos\/"},"modified":"2026-04-03T00:00:07","modified_gmt":"2026-04-03T06:00:07","slug":"tripp-lite-omnivs1200lcd-ups-interactivo-tripp-lite-de-1200va-600w-con-8-tomacorrientes-avr-120v-50hz-60hz-lcd-usb-torre-garantia-limitada-de-3-aos","status":"publish","type":"product","link":"https:\/\/compuviper.mx\/tienda\/producto\/tripp-lite-omnivs1200lcd-ups-interactivo-tripp-lite-de-1200va-600w-con-8-tomacorrientes-avr-120v-50hz-60hz-lcd-usb-torre-garantia-limitada-de-3-aos\/","title":{"rendered":"Tripp-lite Omnivs1200lcd Ups Interactivo  Tripp Lite De 1200va 600w Con 8 Tomacorrientes ? Avr, 120v, 50hz \/ 60hz, Lcd, Usb, Torre. Garantia Limitada De 3 A?os."},"content":{"rendered":"<table class=\"descripcion\">\n<tr>\n<td>El ups interactivo ofrece respaldo b\u00e1sico por bater\u00eda y regulaci\u00f3n autom\u00e1tica de voltaje [avr] para su computadora de oficina o home theater.<\/td>\n<\/tr>\n<tr>\n<td>Protege equipos contra apagones, ca\u00eddas de voltaje, sobrevoltaje, sobretensiones y ruido en la l\u00ednea<\/td>\n<\/tr>\n<tr>\n<td>El respaldo por bater\u00eda suministra energ\u00eda durante apagones; el avr corrige los voltajes bajos y altos<\/td>\n<\/tr>\n<tr>\n<td>8 tomacorrientes nema 5-15r proporcionan alimentaci\u00f3n a pc, home theaters y equipos de se\u00f1alizaci\u00f3n digital<\/td>\n<\/tr>\n<tr>\n<td>La pantalla t\u00e1ctil lcd de f\u00e1cil lectura ofrece valiosos datos de voltaje, carga y la bater\u00eda<\/td>\n<\/tr>\n<tr>\n<td>La alta eficiencia  95% con bajas tasas de btu ahorran energ\u00eda y reducen costos de energ\u00eda<\/td>\n<\/tr>\n<tr>\n<td>Garant\u00eda limitada de 3 a\u00f1os.<\/td>\n<\/tr>\n<\/table>\n","protected":false},"excerpt":{"rendered":"<p>Respaldo por bater\u00eda de 1200va \/ 600w \/ 120v para pcs, home theater o se\u00f1alizaci\u00f3n digital. Este sistema ups de 120v con avr proporciona confiable respaldo por bater\u00eda y protecci\u00f3n de energ\u00eda de ca contra apagones, ca\u00eddas de voltaje, sobre voltaje, sobretensiones y ruido en la l\u00ednea que pueden da\u00f1ar valiosos aparatos electr\u00f3nicos o destruir la informaci\u00f3n. Es la ideal para protecci\u00f3n de componentes de oficina en casa, centro de medios o negocios, incluyendo computadoras, ruteadores, impresoras, hdtvs, reproductores blu-ray, consolas de juego, cajeros autom\u00e1ticos, sistemas de seguridad y equipo de se\u00f1alizaci\u00f3n digital. Proporciona tiempo para respaldar archivos cr\u00edticos durante un apag\u00f3n. El respaldo por bater\u00eda le permite trabajar durante fallas de energ\u00eda breves y le da tiempo para guardar los archivos y apagar su sistema en caso de un apag\u00f3n prolongado. El tiempo de respaldo var\u00eda seg\u00fan la carga, pero este sistema ups interactivo puede mantener alimentada una computadora de escritorio eficiente en energ\u00eda con monitor lcd peque\u00f1o por hasta 88 minutos. Durante la operaci\u00f3n normal, la energ\u00eda entrante de la red p\u00fablica mantiene totalmente cargada la bater\u00eda interna reemplazable de modo que siempre est\u00e9 disponible energ\u00eda de respaldo. Conecta sus equipos a 8 tomacorrientes protegidos nema 5-15r. Seis tomacorrientes protegidos por bater\u00eda y contra sobretensiones proporcionan respaldo por bater\u00eda y supresi\u00f3n de sobretensiones para su computadora, monitor y otro equipo cr\u00edtico. Dos tomacorrientes adicionales protegidos contra sobretensiones proporcionan supresi\u00f3n de sobretensiones para perif\u00e9ricos que no requieren respaldo de bater\u00eda, como impresoras y bocinas. Una alta calificaci\u00f3n de eficiencia en el modo de l\u00ednea  95% reduce las emisiones en btus, el consumo de energ\u00eda y en \u00faltima instancia, los costos de energ\u00eda. La regulaci\u00f3n autom\u00e1tica de voltaje [avr] corrige condiciones de alto y bajo voltaje. La avr protege su equipo de da\u00f1os acumulables al hardware, p\u00e9rdida de informaci\u00f3n y problemas de rendimiento causados por las ca\u00eddas de voltaje y sobrevoltajes. El omnivs1200lcd corrige ca\u00eddas de voltaje tan bajas como 89v y sobrevoltajes tan altos como 145v y regresa a la energ\u00eda nominal de 120v de forma continua, al tiempo que mantiene la bater\u00eda totalmente cargada. La supresi\u00f3n de sobretensiones protege las l\u00edneas de ca y tel \/ dsl \/ ethernet. Especificado para 316 joules, este sistema ups protege al equipo conectado a los tomacorrientes y enchufes rj45 (1 entrada \/ 1 salida) de los efectos da\u00f1inos de las sobretensiones que pueden ocurrir en las l\u00edneas de ca y l\u00edneas telef\u00f3nicas o de red. Los conectores rj45 no son compatibles con aplicaciones poe. Combate el ruido en la l\u00ednea que puede da\u00f1ar al equipo. La emi (interferencia electromagn\u00e9tica) y la rfi (interferencia por radiofrecuencia) son causas comunes de los problemas de rendimiento y pueden provocar da\u00f1o acumulativo del hardware, corrupci\u00f3n de la informaci\u00f3n e interrupciones de transmisiones de audio y video. El omnivs1200lcd filtra la el disruptivo ruido en la l\u00ednea de ca para proteger su equipo. La pantalla t\u00e1ctil lcd de f\u00e1cil lectura reporta en tiempo real el estado del ups y la energ\u00eda. La pantalla lcd t\u00e1ctil ofrece 5 pantallas de informaci\u00f3n de la energ\u00eda del ups y el sitio cuando el ups est\u00e1 funcionando en el modo en l\u00ednea o de alimentaci\u00f3n por bater\u00eda. Muestra datos vitales de voltaje, carga y bater\u00eda, as\u00ed como estado de falla cr\u00edtica. Una alarma ac\u00fastica indica la condici\u00f3n de bater\u00eda baja, carga excesiva o falla. El puerto usb compatible con hid permite apagados correctos sin supervisi\u00f3n. El puerto usb conecta el omnivs1200lcd a una computadora que ejecute el software descargable gratuito poweralert\u00ae de tripp lite, permitiendo un apagado correcto del sistema durante una falla prolongada de energ\u00eda. Se incluye un cable usb. Este ups compatible con hid trabaja tambi\u00e9n con las funciones de administraci\u00f3n de energ\u00eda incorporadas de los sistemas operativos windows, mac y linux. El factor de forma en torre es f\u00e1cil de colocar en su espacio de trabajo o centro de medios. La caja compacta de abs se adapta f\u00e1cilmente en un escritorio, repisa o alg\u00fan otro sitio conveniente para su estaci\u00f3n de trabajo o home theater. El ups tiene un cable de 1.52 m [5 pies] con una clavija nema 5-15p para la conexi\u00f3n a un tomacorrientes est\u00e1ndar. Un ventilador regula la temperatura interna para ayudar a evitar el sobrecalentamiento.<\/p>\n","protected":false},"featured_media":217760,"comment_status":"open","ping_status":"open","template":"","meta":[],"product_cat":[1508,1691],"product_tag":[1510],"acf":[],"yoast_head":"<!-- This site is optimized with the Yoast SEO plugin v21.7 - https:\/\/yoast.com\/wordpress\/plugins\/seo\/ -->\n<title>[ Tripp-lite ] &#129351; Omnivs1200lcd Ups Interactivo Tripp Lite De 1200va 600w Con 8 Tomacorrientes \u0096 Avr, 120v, 50hz \/ 60hz, Lcd, Usb, Torre. Garantia Limitada De 3 A\u00f1os.<\/title>\n<meta name=\"description\" content=\"Compra Omnivs1200lcd Ups Interactivo Tripp Lite De 1200va 600w Con 8 Tomacorrientes \u0096 Avr, 120v, 50hz \/ 60hz, Lcd, Usb, Torre. Garantia Limitada De 3 A\u00f1os. + Env\u00edo a domicilio + Pago seguro + Garant\u00eda\" \/>\n<meta name=\"robots\" content=\"index, follow, max-snippet:-1, max-image-preview:large, max-video-preview:-1\" \/>\n<link rel=\"canonical\" href=\"https:\/\/compuviper.mx\/tienda\/producto\/tripp-lite-omnivs1200lcd-ups-interactivo-tripp-lite-de-1200va-600w-con-8-tomacorrientes-avr-120v-50hz-60hz-lcd-usb-torre-garantia-limitada-de-3-aos\/\" \/>\n<meta property=\"og:locale\" content=\"es_MX\" \/>\n<meta property=\"og:type\" content=\"article\" \/>\n<meta property=\"og:title\" content=\"[ Tripp-lite ] &#129351; Omnivs1200lcd Ups Interactivo Tripp Lite De 1200va 600w Con 8 Tomacorrientes \u0096 Avr, 120v, 50hz \/ 60hz, Lcd, Usb, Torre. Garantia Limitada De 3 A\u00f1os.\" \/>\n<meta property=\"og:description\" content=\"Compra Omnivs1200lcd Ups Interactivo Tripp Lite De 1200va 600w Con 8 Tomacorrientes \u0096 Avr, 120v, 50hz \/ 60hz, Lcd, Usb, Torre. Garantia Limitada De 3 A\u00f1os. + Env\u00edo a domicilio + Pago seguro + Garant\u00eda\" \/>\n<meta property=\"og:url\" content=\"https:\/\/compuviper.mx\/tienda\/producto\/tripp-lite-omnivs1200lcd-ups-interactivo-tripp-lite-de-1200va-600w-con-8-tomacorrientes-avr-120v-50hz-60hz-lcd-usb-torre-garantia-limitada-de-3-aos\/\" \/>\n<meta property=\"og:site_name\" content=\"Compuviper\" \/>\n<meta property=\"article:publisher\" content=\"https:\/\/www.facebook.com\/compuviper\" \/>\n<meta property=\"article:modified_time\" content=\"2026-04-03T06:00:07+00:00\" \/>\n<meta property=\"og:image\" content=\"https:\/\/compuviper.mx\/tienda\/wp-content\/uploads\/2023\/12\/Ups-interactivo-tripp-lite-de-1200va-600w-con-8-tomacorrientes-\u0096-avr-120v-50hz-60hz-lcd-usb-torre.-garantia-limitada-de-3-anos.jpg\" \/>\n\t<meta property=\"og:image:width\" content=\"200\" \/>\n\t<meta property=\"og:image:height\" content=\"200\" \/>\n\t<meta property=\"og:image:type\" content=\"image\/jpeg\" \/>\n<meta name=\"twitter:card\" content=\"summary_large_image\" \/>\n<meta name=\"twitter:label1\" content=\"Precio\" \/>\n\t<meta name=\"twitter:data1\" content=\"&#36;2,419 con IVA\" \/>\n\t<meta name=\"twitter:label2\" content=\"Availability\" \/>\n\t<meta name=\"twitter:data2\" content=\"In stock\" \/>\n<script type=\"application\/ld+json\" class=\"yoast-schema-graph\">{\"@context\":\"https:\/\/schema.org\",\"@graph\":[{\"@type\":\"WebPage\",\"@id\":\"https:\/\/compuviper.mx\/tienda\/producto\/tripp-lite-omnivs1200lcd-ups-interactivo-tripp-lite-de-1200va-600w-con-8-tomacorrientes-avr-120v-50hz-60hz-lcd-usb-torre-garantia-limitada-de-3-aos\/\",\"url\":\"https:\/\/compuviper.mx\/tienda\/producto\/tripp-lite-omnivs1200lcd-ups-interactivo-tripp-lite-de-1200va-600w-con-8-tomacorrientes-avr-120v-50hz-60hz-lcd-usb-torre-garantia-limitada-de-3-aos\/\",\"name\":\"[ Tripp-lite ] &#129351; Omnivs1200lcd Ups Interactivo Tripp Lite De 1200va 600w Con 8 Tomacorrientes \u0096 Avr, 120v, 50hz \/ 60hz, Lcd, Usb, Torre. Garantia Limitada De 3 A\u00f1os.\",\"isPartOf\":{\"@id\":\"https:\/\/compuviper.mx\/tienda\/#website\"},\"datePublished\":\"2026-04-02T06:27:31+00:00\",\"dateModified\":\"2026-04-03T06:00:07+00:00\",\"description\":\"Compra Omnivs1200lcd Ups Interactivo Tripp Lite De 1200va 600w Con 8 Tomacorrientes \u0096 Avr, 120v, 50hz \/ 60hz, Lcd, Usb, Torre. Garantia Limitada De 3 A\u00f1os. + Env\u00edo a domicilio + Pago seguro + Garant\u00eda\",\"breadcrumb\":{\"@id\":\"https:\/\/compuviper.mx\/tienda\/producto\/tripp-lite-omnivs1200lcd-ups-interactivo-tripp-lite-de-1200va-600w-con-8-tomacorrientes-avr-120v-50hz-60hz-lcd-usb-torre-garantia-limitada-de-3-aos\/#breadcrumb\"},\"inLanguage\":\"es-MX\",\"potentialAction\":[{\"@type\":\"ReadAction\",\"target\":[\"https:\/\/compuviper.mx\/tienda\/producto\/tripp-lite-omnivs1200lcd-ups-interactivo-tripp-lite-de-1200va-600w-con-8-tomacorrientes-avr-120v-50hz-60hz-lcd-usb-torre-garantia-limitada-de-3-aos\/\"]}]},{\"@type\":\"BreadcrumbList\",\"@id\":\"https:\/\/compuviper.mx\/tienda\/producto\/tripp-lite-omnivs1200lcd-ups-interactivo-tripp-lite-de-1200va-600w-con-8-tomacorrientes-avr-120v-50hz-60hz-lcd-usb-torre-garantia-limitada-de-3-aos\/#breadcrumb\",\"itemListElement\":[{\"@type\":\"ListItem\",\"position\":1,\"name\":\"Inicio\",\"item\":\"https:\/\/compuviper.mx\/tienda\/\"},{\"@type\":\"ListItem\",\"position\":2,\"name\":\"Productos\",\"item\":\"https:\/\/compuviper.mx\/tienda\/productos\/\"},{\"@type\":\"ListItem\",\"position\":3,\"name\":\"Energia\",\"item\":\"https:\/\/compuviper.mx\/tienda\/categoria-producto\/energia\/\"},{\"@type\":\"ListItem\",\"position\":4,\"name\":\"No Break\",\"item\":\"https:\/\/compuviper.mx\/tienda\/categoria-producto\/energia\/no-break\/\"},{\"@type\":\"ListItem\",\"position\":5,\"name\":\"Tripp-lite Omnivs1200lcd Ups Interactivo Tripp Lite De 1200va 600w Con 8 Tomacorrientes ? Avr, 120v, 50hz \/ 60hz, Lcd, Usb, Torre. Garantia Limitada De 3 A?os.\"}]},{\"@type\":\"WebSite\",\"@id\":\"https:\/\/compuviper.mx\/tienda\/#website\",\"url\":\"https:\/\/compuviper.mx\/tienda\/\",\"name\":\"Compuviper\",\"description\":\"Proveedor de Computadoras, Laptops, Servidores, Monitores, Puntos de Venta, Teclados,   Impresoras, T\u00f3ner, C\u00e1maras de Seguridad y m\u00e1s en tu tienda en l\u00ednea\",\"publisher\":{\"@id\":\"https:\/\/compuviper.mx\/tienda\/#organization\"},\"potentialAction\":[{\"@type\":\"SearchAction\",\"target\":{\"@type\":\"EntryPoint\",\"urlTemplate\":\"https:\/\/compuviper.mx\/tienda\/?s={search_term_string}\"},\"query-input\":\"required name=search_term_string\"}],\"inLanguage\":\"es-MX\"},{\"@type\":\"Organization\",\"@id\":\"https:\/\/compuviper.mx\/tienda\/#organization\",\"name\":\"Compuviper\",\"url\":\"https:\/\/compuviper.mx\/tienda\/\",\"logo\":{\"@type\":\"ImageObject\",\"inLanguage\":\"es-MX\",\"@id\":\"https:\/\/compuviper.mx\/tienda\/#\/schema\/logo\/image\/\",\"url\":\"https:\/\/compuviper.mx\/tienda\/wp-content\/uploads\/2021\/08\/Logo-Compuviper-10.png\",\"contentUrl\":\"https:\/\/compuviper.mx\/tienda\/wp-content\/uploads\/2021\/08\/Logo-Compuviper-10.png\",\"width\":1000,\"height\":500,\"caption\":\"Compuviper\"},\"image\":{\"@id\":\"https:\/\/compuviper.mx\/tienda\/#\/schema\/logo\/image\/\"},\"sameAs\":[\"https:\/\/www.facebook.com\/compuviper\",\"https:\/\/www.youtube.com\/channel\/UCf73dERp9Y3cfOq7q8BhLjA?view_as=subscriber\"]}]}<\/script>\n<meta property=\"product:brand\" content=\"TRIPP-LITE\" \/>\n<meta property=\"product:price:amount\" content=\"2419\" \/>\n<meta property=\"product:price:currency\" content=\"MXN\" \/>\n<meta property=\"og:availability\" content=\"instock\" \/>\n<meta property=\"product:availability\" content=\"instock\" \/>\n<meta property=\"product:retailer_item_id\" content=\"OMNIVS1200LCD\" \/>\n<meta property=\"product:condition\" content=\"new\" \/>\n<!-- \/ Yoast SEO plugin. -->","yoast_head_json":{"title":"[ Tripp-lite ] &#129351; Omnivs1200lcd Ups Interactivo Tripp Lite De 1200va 600w Con 8 Tomacorrientes \u0096 Avr, 120v, 50hz \/ 60hz, Lcd, Usb, Torre. Garantia Limitada De 3 A\u00f1os.","description":"Compra Omnivs1200lcd Ups Interactivo Tripp Lite De 1200va 600w Con 8 Tomacorrientes \u0096 Avr, 120v, 50hz \/ 60hz, Lcd, Usb, Torre. Garantia Limitada De 3 A\u00f1os. + Env\u00edo a domicilio + Pago seguro + Garant\u00eda","robots":{"index":"index","follow":"follow","max-snippet":"max-snippet:-1","max-image-preview":"max-image-preview:large","max-video-preview":"max-video-preview:-1"},"canonical":"https:\/\/compuviper.mx\/tienda\/producto\/tripp-lite-omnivs1200lcd-ups-interactivo-tripp-lite-de-1200va-600w-con-8-tomacorrientes-avr-120v-50hz-60hz-lcd-usb-torre-garantia-limitada-de-3-aos\/","og_locale":"es_MX","og_type":"article","og_title":"[ Tripp-lite ] &#129351; Omnivs1200lcd Ups Interactivo Tripp Lite De 1200va 600w Con 8 Tomacorrientes \u0096 Avr, 120v, 50hz \/ 60hz, Lcd, Usb, Torre. Garantia Limitada De 3 A\u00f1os.","og_description":"Compra Omnivs1200lcd Ups Interactivo Tripp Lite De 1200va 600w Con 8 Tomacorrientes \u0096 Avr, 120v, 50hz \/ 60hz, Lcd, Usb, Torre. Garantia Limitada De 3 A\u00f1os. + Env\u00edo a domicilio + Pago seguro + Garant\u00eda","og_url":"https:\/\/compuviper.mx\/tienda\/producto\/tripp-lite-omnivs1200lcd-ups-interactivo-tripp-lite-de-1200va-600w-con-8-tomacorrientes-avr-120v-50hz-60hz-lcd-usb-torre-garantia-limitada-de-3-aos\/","og_site_name":"Compuviper","article_publisher":"https:\/\/www.facebook.com\/compuviper","article_modified_time":"2026-04-03T06:00:07+00:00","og_image":[{"width":200,"height":200,"url":"https:\/\/compuviper.mx\/tienda\/wp-content\/uploads\/2023\/12\/Ups-interactivo-tripp-lite-de-1200va-600w-con-8-tomacorrientes-\u0096-avr-120v-50hz-60hz-lcd-usb-torre.-garantia-limitada-de-3-anos.jpg","type":"image\/jpeg"}],"twitter_card":"summary_large_image","twitter_misc":{"Precio":"&#36;2,419 con IVA","Availability":"In stock"},"schema":{"@context":"https:\/\/schema.org","@graph":[{"@type":"WebPage","@id":"https:\/\/compuviper.mx\/tienda\/producto\/tripp-lite-omnivs1200lcd-ups-interactivo-tripp-lite-de-1200va-600w-con-8-tomacorrientes-avr-120v-50hz-60hz-lcd-usb-torre-garantia-limitada-de-3-aos\/","url":"https:\/\/compuviper.mx\/tienda\/producto\/tripp-lite-omnivs1200lcd-ups-interactivo-tripp-lite-de-1200va-600w-con-8-tomacorrientes-avr-120v-50hz-60hz-lcd-usb-torre-garantia-limitada-de-3-aos\/","name":"[ Tripp-lite ] &#129351; Omnivs1200lcd Ups Interactivo Tripp Lite De 1200va 600w Con 8 Tomacorrientes \u0096 Avr, 120v, 50hz \/ 60hz, Lcd, Usb, Torre. Garantia Limitada De 3 A\u00f1os.","isPartOf":{"@id":"https:\/\/compuviper.mx\/tienda\/#website"},"datePublished":"2026-04-02T06:27:31+00:00","dateModified":"2026-04-03T06:00:07+00:00","description":"Compra Omnivs1200lcd Ups Interactivo Tripp Lite De 1200va 600w Con 8 Tomacorrientes \u0096 Avr, 120v, 50hz \/ 60hz, Lcd, Usb, Torre. Garantia Limitada De 3 A\u00f1os. + Env\u00edo a domicilio + Pago seguro + Garant\u00eda","breadcrumb":{"@id":"https:\/\/compuviper.mx\/tienda\/producto\/tripp-lite-omnivs1200lcd-ups-interactivo-tripp-lite-de-1200va-600w-con-8-tomacorrientes-avr-120v-50hz-60hz-lcd-usb-torre-garantia-limitada-de-3-aos\/#breadcrumb"},"inLanguage":"es-MX","potentialAction":[{"@type":"ReadAction","target":["https:\/\/compuviper.mx\/tienda\/producto\/tripp-lite-omnivs1200lcd-ups-interactivo-tripp-lite-de-1200va-600w-con-8-tomacorrientes-avr-120v-50hz-60hz-lcd-usb-torre-garantia-limitada-de-3-aos\/"]}]},{"@type":"BreadcrumbList","@id":"https:\/\/compuviper.mx\/tienda\/producto\/tripp-lite-omnivs1200lcd-ups-interactivo-tripp-lite-de-1200va-600w-con-8-tomacorrientes-avr-120v-50hz-60hz-lcd-usb-torre-garantia-limitada-de-3-aos\/#breadcrumb","itemListElement":[{"@type":"ListItem","position":1,"name":"Inicio","item":"https:\/\/compuviper.mx\/tienda\/"},{"@type":"ListItem","position":2,"name":"Productos","item":"https:\/\/compuviper.mx\/tienda\/productos\/"},{"@type":"ListItem","position":3,"name":"Energia","item":"https:\/\/compuviper.mx\/tienda\/categoria-producto\/energia\/"},{"@type":"ListItem","position":4,"name":"No Break","item":"https:\/\/compuviper.mx\/tienda\/categoria-producto\/energia\/no-break\/"},{"@type":"ListItem","position":5,"name":"Tripp-lite Omnivs1200lcd Ups Interactivo Tripp Lite De 1200va 600w Con 8 Tomacorrientes ? Avr, 120v, 50hz \/ 60hz, Lcd, Usb, Torre. Garantia Limitada De 3 A?os."}]},{"@type":"WebSite","@id":"https:\/\/compuviper.mx\/tienda\/#website","url":"https:\/\/compuviper.mx\/tienda\/","name":"Compuviper","description":"Proveedor de Computadoras, Laptops, Servidores, Monitores, Puntos de Venta, Teclados,   Impresoras, T\u00f3ner, C\u00e1maras de Seguridad y m\u00e1s en tu tienda en l\u00ednea","publisher":{"@id":"https:\/\/compuviper.mx\/tienda\/#organization"},"potentialAction":[{"@type":"SearchAction","target":{"@type":"EntryPoint","urlTemplate":"https:\/\/compuviper.mx\/tienda\/?s={search_term_string}"},"query-input":"required name=search_term_string"}],"inLanguage":"es-MX"},{"@type":"Organization","@id":"https:\/\/compuviper.mx\/tienda\/#organization","name":"Compuviper","url":"https:\/\/compuviper.mx\/tienda\/","logo":{"@type":"ImageObject","inLanguage":"es-MX","@id":"https:\/\/compuviper.mx\/tienda\/#\/schema\/logo\/image\/","url":"https:\/\/compuviper.mx\/tienda\/wp-content\/uploads\/2021\/08\/Logo-Compuviper-10.png","contentUrl":"https:\/\/compuviper.mx\/tienda\/wp-content\/uploads\/2021\/08\/Logo-Compuviper-10.png","width":1000,"height":500,"caption":"Compuviper"},"image":{"@id":"https:\/\/compuviper.mx\/tienda\/#\/schema\/logo\/image\/"},"sameAs":["https:\/\/www.facebook.com\/compuviper","https:\/\/www.youtube.com\/channel\/UCf73dERp9Y3cfOq7q8BhLjA?view_as=subscriber"]}]},"product_brand":"TRIPP-LITE","product_price_amount":"2419","product_price_currency":"MXN","og_availability":"instock","product_availability":"instock","product_retailer_item_id":"OMNIVS1200LCD","product_condition":"new"},"_links":{"self":[{"href":"https:\/\/compuviper.mx\/tienda\/wp-json\/wp\/v2\/product\/217759"}],"collection":[{"href":"https:\/\/compuviper.mx\/tienda\/wp-json\/wp\/v2\/product"}],"about":[{"href":"https:\/\/compuviper.mx\/tienda\/wp-json\/wp\/v2\/types\/product"}],"replies":[{"embeddable":true,"href":"https:\/\/compuviper.mx\/tienda\/wp-json\/wp\/v2\/comments?post=217759"}],"wp:featuredmedia":[{"embeddable":true,"href":"https:\/\/compuviper.mx\/tienda\/wp-json\/wp\/v2\/media\/217760"}],"wp:attachment":[{"href":"https:\/\/compuviper.mx\/tienda\/wp-json\/wp\/v2\/media?parent=217759"}],"wp:term":[{"taxonomy":"product_cat","embeddable":true,"href":"https:\/\/compuviper.mx\/tienda\/wp-json\/wp\/v2\/product_cat?post=217759"},{"taxonomy":"product_tag","embeddable":true,"href":"https:\/\/compuviper.mx\/tienda\/wp-json\/wp\/v2\/product_tag?post=217759"}],"curies":[{"name":"wp","href":"https:\/\/api.w.org\/{rel}","templated":true}]}}