{"id":217757,"date":"2026-05-15T00:27:57","date_gmt":"2026-05-15T06:27:57","guid":{"rendered":"https:\/\/compuviper.mx\/tienda\/producto\/tripp-lite-omni700lcdt-ups-interactivo-tripp-lite-de-700va-350w-con-6-tomacorrientes-avr-120v-50hz-60hz-lcd-usb-torre-garanta-limitada-de-3-aos\/"},"modified":"2026-05-15T00:27:57","modified_gmt":"2026-05-15T06:27:57","slug":"tripp-lite-omni700lcdt-ups-interactivo-tripp-lite-de-700va-350w-con-6-tomacorrientes-avr-120v-50hz-60hz-lcd-usb-torre-garanta-limitada-de-3-aos","status":"publish","type":"product","link":"https:\/\/compuviper.mx\/tienda\/producto\/tripp-lite-omni700lcdt-ups-interactivo-tripp-lite-de-700va-350w-con-6-tomacorrientes-avr-120v-50hz-60hz-lcd-usb-torre-garanta-limitada-de-3-aos\/","title":{"rendered":"Tripp-lite Omni700lcdt Ups Interactivo Tripp Lite  De 700va 350w Con 6 Tomacorrientes &#8211; Avr, 120v, 50hz \/ 60hz, Lcd, Usb, Torre. Garant?a Limitada De 3 A?os"},"content":{"rendered":"<table class=\"descripcion\">\n<tr>\n<td>Este ups interactivo ofrece respaldo b\u00e1sico por bater\u00eda con regulaci\u00f3n autom\u00e1tica de voltaje para su computadora de oficina o home theater.<\/td>\n<\/tr>\n<tr>\n<td>Protege equipo contra apagones, ca\u00eddas de voltaje, sobretensiones y ruido en la l\u00ednea.<\/td>\n<\/tr>\n<tr>\n<td>El respaldo por bater\u00eda con avr proporciona tiempo para guardar archivos y apagar con seguridad durante los apagones<\/td>\n<\/tr>\n<tr>\n<td>6 tomacorrientes nema 5-15r proporcionan alimentaci\u00f3n a pc, home theaters o equipos de se\u00f1alizaci\u00f3n digital<\/td>\n<\/tr>\n<tr>\n<td>La pantalla t\u00e1ctil lcd de f\u00e1cil lectura ofrece valiosos datos de voltaje, carga y la bater\u00eda<\/td>\n<\/tr>\n<tr>\n<td>La alta eficiencia del 95% con bajas tasas de btu ahorran energ\u00eda y reducen sus costos de energ\u00eda<\/td>\n<\/tr>\n<tr>\n<td>Garant\u00eda limitada de 3 a\u00f1os.<\/td>\n<\/tr>\n<\/table>\n","protected":false},"excerpt":{"rendered":"<p>Respaldo por bater\u00eda de 700va \/ 350w \/ 120v para pcs, home theater o se\u00f1alizaci\u00f3n digital. Este ups de 120v con protecci\u00f3n avr proporciona confiable respaldo por bater\u00eda y protecci\u00f3n de energ\u00eda de ca contra apagones, ca\u00eddas de voltaje, sobretensiones y ruido en la l\u00ednea que pueden da\u00f1ar valiosos aparatos electr\u00f3nicos o destruir la informaci\u00f3n. El respaldo por bater\u00eda de 120v con seis tomacorrientes es la protecci\u00f3n ideal para sus componentes de oficina en casa, centro de medios o comercio, como computadoras, ruteadores, impresoras, hdtvs, reproductores blu-ray, consolas de juego, cajeros autom\u00e1ticos, sistemas de seguridad y equipo de se\u00f1alizaci\u00f3n digital. Proporciona tiempo para respaldar archivos cr\u00edticos durante un apag\u00f3n. El soporte de respaldo le permite trabajar durante apagones breves y le da tiempo suficiente para guardar archivos y apagar de forma segura su sistema en caso de una falla de energ\u00eda prolongada. El tiempo de respaldo var\u00eda seg\u00fan la carga, pero el sistema ups interactivo mantendr\u00e1 alimentada una computadora de escritorio eficiente en energ\u00eda con monitor lcd peque\u00f1o por hasta 45 minutos. Durante la operaci\u00f3n normal, la energ\u00eda entrante de la red p\u00fablica mantiene totalmente cargada la bater\u00eda interna reemplazable de modo que siempre est\u00e9 disponible la energ\u00eda de respaldo. Conecta sus equipos a 6 tomacorrientes nema 5-15r. Cuatro tomacorrientes 5-15r proporcionan respaldo por bater\u00eda y supresi\u00f3n de sobretensiones para su computadora, monitor y otros componentes cruciales. Los otros dos tomacorrientes 5-15r est\u00e1n protegidos solamente contra sobretensiones para impresoras, esc\u00e1ners y otros equipos no esenciales. Una alta calificaci\u00f3n de eficiencia en el modo de l\u00ednea  95% reduce las emisiones en btus, el consumo de energ\u00eda y, en \u00faltima instancia, los costos de energia. La regulaci\u00f3n autom\u00e1tica de voltaje [avr] corrige condiciones de alto y bajo voltaje. La avr protege su equipo de da\u00f1os acumulables al hardware, p\u00e9rdida de informaci\u00f3n y problemas de rendimiento causados por las ca\u00eddas de voltaje y sobrevoltajes. El omni700lcdt puede corregir autom\u00e1ticamente ca\u00eddas de voltaje tan bajas como 89v y sobrevoltajes de hasta 145v y volverlas a 120v nominales sin gastar la energ\u00eda de respaldo de la bater\u00eda necesaria para soportar su equipo durante un apag\u00f3n. 316 joules combaten las sobretensiones inesperadas. Una clasificaci\u00f3n de supresi\u00f3n de sobretensiones de 316 joules protege los componentes conectados contra los da\u00f1inos efectos de las sobretensiones. Combate la interferencia electromagn\u00e9tica que puede da\u00f1ar al equipo. Diversas fuentes electromagn\u00e9ticas y de radio que se encuentran virtualmente en todas las casas o negocios pueden causar interferencia disruptiva en la l\u00ednea de ca. Conocido como emi (interferencia electromagn\u00e9tica) y rfi (interferencia por radiofrecuencia), este ruido en la l\u00ednea es una causa com\u00fan de da\u00f1o acumulativo del hardware, corrupci\u00f3n de la informaci\u00f3n y problemas de transmisiones de audio y video. El omni700lcdt incorpora tecnolog\u00eda que filtra el molesto ruido en la l\u00ednea, evitando que afecte a su equipo. La pantalla t\u00e1ctil lcd de f\u00e1cil lectura reporta en tiempo real el estado del ups y la energ\u00eda. La pantalla t\u00e1ctil lcd ofrece 5 pantallas de informaci\u00f3n de la energ\u00eda del ups y el sitio cuando el omni700lcdt est\u00e1 funcionando en l\u00ednea o en modo de alimentaci\u00f3n por bater\u00eda. Muestra datos vitales de voltaje, carga y estado de la bater\u00eda, as\u00ed como estado de falla cr\u00edtica. Sonar\u00e1 una alarma audible en caso de condici\u00f3n de bater\u00eda baja, carga excesiva y falla. El puerto usb compatible con hid permite el apagado y guardado autom\u00e1tico. Este puerto conecta el omni700lcdt a una computadora que ejecute el software gratuito descargable poweralert\u00ae de tripp lite para permitir el guardado de archivos y apagado seguro del sistema sin supervisi\u00f3n en caso de una falla de energ\u00eda prolongada. Se incluye un cable usb. El ups funciona con los sistemas operativos windows, mac y linux. Incluye protecci\u00f3n de energ\u00eda para su tel\u00e9fono y l\u00edneas de red. Conectores rj45 dobles de protegen al equipo contra sobretensiones en una sola l\u00ednea de tel\u00e9fono o red. Nota: no es compatible con aplicaciones poe [power over ethernet]. Factor de forma en torre para f\u00e1cil colocaci\u00f3n en su espacio de trabajo o centro de medios. La caja de abs de larga duraci\u00f3n se adapta f\u00e1cilmente en un escritorio, repisa o alg\u00fan otro sitio conveniente para su estaci\u00f3n de trabajo o home theater. El cable de alimentaci\u00f3n de 1.52 m [5 pies] con clavija nema 5-15p se conecta a un tomacorrientes de pared de ca correctamente aterrizado. Se reinicia autom\u00e1ticamente despu\u00e9s de un corte de energ\u00eda prolongado. Una vez que se restablezca la energ\u00eda de la red p\u00fablica tras un corte de energ\u00eda prolongado, el ups se encender\u00e1 autom\u00e1ticamente, incluso si la bater\u00eda est\u00e1 caducada y requiere reemplazo. Esta caracter\u00edstica de reinicio independiente de la bater\u00eda elimina la necesidad de encender el ups manualmente despu\u00e9s de un apag\u00f3n.<\/p>\n","protected":false},"featured_media":217758,"comment_status":"open","ping_status":"open","template":"","meta":[],"product_cat":[1508,1691],"product_tag":[1510],"acf":[],"yoast_head":"<!-- This site is optimized with the Yoast SEO plugin v21.7 - https:\/\/yoast.com\/wordpress\/plugins\/seo\/ -->\n<title>[ Tripp-lite ] &#129351; Omni700lcdt Ups Interactivo Tripp Lite De 700va 350w Con 6 Tomacorrientes - Avr, 120v, 50hz \/ 60hz, Lcd, Usb, Torre. Garant\u00eda Limitada De 3 A\u00f1os<\/title>\n<meta name=\"description\" content=\"Compra Omni700lcdt Ups Interactivo Tripp Lite De 700va 350w Con 6 Tomacorrientes - Avr, 120v, 50hz \/ 60hz, Lcd, Usb, Torre. Garant\u00eda Limitada De 3 A\u00f1os + Env\u00edo a domicilio + Pago seguro + Garant\u00eda\" \/>\n<meta name=\"robots\" content=\"index, follow, max-snippet:-1, max-image-preview:large, max-video-preview:-1\" \/>\n<link rel=\"canonical\" href=\"https:\/\/compuviper.mx\/tienda\/producto\/tripp-lite-omni700lcdt-ups-interactivo-tripp-lite-de-700va-350w-con-6-tomacorrientes-avr-120v-50hz-60hz-lcd-usb-torre-garanta-limitada-de-3-aos\/\" \/>\n<meta property=\"og:locale\" content=\"es_MX\" \/>\n<meta property=\"og:type\" content=\"article\" \/>\n<meta property=\"og:title\" content=\"[ Tripp-lite ] &#129351; Omni700lcdt Ups Interactivo Tripp Lite De 700va 350w Con 6 Tomacorrientes - Avr, 120v, 50hz \/ 60hz, Lcd, Usb, Torre. Garant\u00eda Limitada De 3 A\u00f1os\" \/>\n<meta property=\"og:description\" content=\"Compra Omni700lcdt Ups Interactivo Tripp Lite De 700va 350w Con 6 Tomacorrientes - Avr, 120v, 50hz \/ 60hz, Lcd, Usb, Torre. Garant\u00eda Limitada De 3 A\u00f1os + Env\u00edo a domicilio + Pago seguro + Garant\u00eda\" \/>\n<meta property=\"og:url\" content=\"https:\/\/compuviper.mx\/tienda\/producto\/tripp-lite-omni700lcdt-ups-interactivo-tripp-lite-de-700va-350w-con-6-tomacorrientes-avr-120v-50hz-60hz-lcd-usb-torre-garanta-limitada-de-3-aos\/\" \/>\n<meta property=\"og:site_name\" content=\"Compuviper\" \/>\n<meta property=\"article:publisher\" content=\"https:\/\/www.facebook.com\/compuviper\" \/>\n<meta property=\"og:image\" content=\"https:\/\/compuviper.mx\/tienda\/wp-content\/uploads\/2023\/12\/Ups-interactivo-tripp-lite-de-700va-350w-con-6-tomacorrientes-avr-120v-50hz-60hz-lcd-usb-torre.-garantia-limitada-de-3-anos.jpg\" \/>\n\t<meta property=\"og:image:width\" content=\"200\" \/>\n\t<meta property=\"og:image:height\" content=\"200\" \/>\n\t<meta property=\"og:image:type\" content=\"image\/jpeg\" \/>\n<meta name=\"twitter:card\" content=\"summary_large_image\" \/>\n<meta name=\"twitter:label1\" content=\"Precio\" \/>\n\t<meta name=\"twitter:data1\" content=\"&#36;2,871 &#36;2,846 con IVA\" \/>\n\t<meta name=\"twitter:label2\" content=\"Availability\" \/>\n\t<meta name=\"twitter:data2\" content=\"In stock\" \/>\n<script type=\"application\/ld+json\" class=\"yoast-schema-graph\">{\"@context\":\"https:\/\/schema.org\",\"@graph\":[{\"@type\":\"WebPage\",\"@id\":\"https:\/\/compuviper.mx\/tienda\/producto\/tripp-lite-omni700lcdt-ups-interactivo-tripp-lite-de-700va-350w-con-6-tomacorrientes-avr-120v-50hz-60hz-lcd-usb-torre-garanta-limitada-de-3-aos\/\",\"url\":\"https:\/\/compuviper.mx\/tienda\/producto\/tripp-lite-omni700lcdt-ups-interactivo-tripp-lite-de-700va-350w-con-6-tomacorrientes-avr-120v-50hz-60hz-lcd-usb-torre-garanta-limitada-de-3-aos\/\",\"name\":\"[ Tripp-lite ] &#129351; Omni700lcdt Ups Interactivo Tripp Lite De 700va 350w Con 6 Tomacorrientes - Avr, 120v, 50hz \/ 60hz, Lcd, Usb, Torre. Garant\u00eda Limitada De 3 A\u00f1os\",\"isPartOf\":{\"@id\":\"https:\/\/compuviper.mx\/tienda\/#website\"},\"datePublished\":\"2026-05-15T06:27:57+00:00\",\"dateModified\":\"2026-05-15T06:27:57+00:00\",\"description\":\"Compra Omni700lcdt Ups Interactivo Tripp Lite De 700va 350w Con 6 Tomacorrientes - Avr, 120v, 50hz \/ 60hz, Lcd, Usb, Torre. Garant\u00eda Limitada De 3 A\u00f1os + Env\u00edo a domicilio + Pago seguro + Garant\u00eda\",\"breadcrumb\":{\"@id\":\"https:\/\/compuviper.mx\/tienda\/producto\/tripp-lite-omni700lcdt-ups-interactivo-tripp-lite-de-700va-350w-con-6-tomacorrientes-avr-120v-50hz-60hz-lcd-usb-torre-garanta-limitada-de-3-aos\/#breadcrumb\"},\"inLanguage\":\"es-MX\",\"potentialAction\":[{\"@type\":\"ReadAction\",\"target\":[\"https:\/\/compuviper.mx\/tienda\/producto\/tripp-lite-omni700lcdt-ups-interactivo-tripp-lite-de-700va-350w-con-6-tomacorrientes-avr-120v-50hz-60hz-lcd-usb-torre-garanta-limitada-de-3-aos\/\"]}]},{\"@type\":\"BreadcrumbList\",\"@id\":\"https:\/\/compuviper.mx\/tienda\/producto\/tripp-lite-omni700lcdt-ups-interactivo-tripp-lite-de-700va-350w-con-6-tomacorrientes-avr-120v-50hz-60hz-lcd-usb-torre-garanta-limitada-de-3-aos\/#breadcrumb\",\"itemListElement\":[{\"@type\":\"ListItem\",\"position\":1,\"name\":\"Inicio\",\"item\":\"https:\/\/compuviper.mx\/tienda\/\"},{\"@type\":\"ListItem\",\"position\":2,\"name\":\"Productos\",\"item\":\"https:\/\/compuviper.mx\/tienda\/productos\/\"},{\"@type\":\"ListItem\",\"position\":3,\"name\":\"Energia\",\"item\":\"https:\/\/compuviper.mx\/tienda\/categoria-producto\/energia\/\"},{\"@type\":\"ListItem\",\"position\":4,\"name\":\"No Break\",\"item\":\"https:\/\/compuviper.mx\/tienda\/categoria-producto\/energia\/no-break\/\"},{\"@type\":\"ListItem\",\"position\":5,\"name\":\"Tripp-lite Omni700lcdt Ups Interactivo Tripp Lite De 700va 350w Con 6 Tomacorrientes &#8211; Avr, 120v, 50hz \/ 60hz, Lcd, Usb, Torre. Garant?a Limitada De 3 A?os\"}]},{\"@type\":\"WebSite\",\"@id\":\"https:\/\/compuviper.mx\/tienda\/#website\",\"url\":\"https:\/\/compuviper.mx\/tienda\/\",\"name\":\"Compuviper\",\"description\":\"Proveedor de Computadoras, Laptops, Servidores, Monitores, Puntos de Venta, Teclados,   Impresoras, T\u00f3ner, C\u00e1maras de Seguridad y m\u00e1s en tu tienda en l\u00ednea\",\"publisher\":{\"@id\":\"https:\/\/compuviper.mx\/tienda\/#organization\"},\"potentialAction\":[{\"@type\":\"SearchAction\",\"target\":{\"@type\":\"EntryPoint\",\"urlTemplate\":\"https:\/\/compuviper.mx\/tienda\/?s={search_term_string}\"},\"query-input\":\"required name=search_term_string\"}],\"inLanguage\":\"es-MX\"},{\"@type\":\"Organization\",\"@id\":\"https:\/\/compuviper.mx\/tienda\/#organization\",\"name\":\"Compuviper\",\"url\":\"https:\/\/compuviper.mx\/tienda\/\",\"logo\":{\"@type\":\"ImageObject\",\"inLanguage\":\"es-MX\",\"@id\":\"https:\/\/compuviper.mx\/tienda\/#\/schema\/logo\/image\/\",\"url\":\"https:\/\/compuviper.mx\/tienda\/wp-content\/uploads\/2021\/08\/Logo-Compuviper-10.png\",\"contentUrl\":\"https:\/\/compuviper.mx\/tienda\/wp-content\/uploads\/2021\/08\/Logo-Compuviper-10.png\",\"width\":1000,\"height\":500,\"caption\":\"Compuviper\"},\"image\":{\"@id\":\"https:\/\/compuviper.mx\/tienda\/#\/schema\/logo\/image\/\"},\"sameAs\":[\"https:\/\/www.facebook.com\/compuviper\",\"https:\/\/www.youtube.com\/channel\/UCf73dERp9Y3cfOq7q8BhLjA?view_as=subscriber\"]}]}<\/script>\n<meta property=\"product:brand\" content=\"TRIPP-LITE\" \/>\n<meta property=\"product:price:amount\" content=\"2846\" \/>\n<meta property=\"product:price:currency\" content=\"MXN\" \/>\n<meta property=\"og:availability\" content=\"instock\" \/>\n<meta property=\"product:availability\" content=\"instock\" \/>\n<meta property=\"product:retailer_item_id\" content=\"OMNI700LCDT\" \/>\n<meta property=\"product:condition\" content=\"new\" \/>\n<!-- \/ Yoast SEO plugin. -->","yoast_head_json":{"title":"[ Tripp-lite ] &#129351; Omni700lcdt Ups Interactivo Tripp Lite De 700va 350w Con 6 Tomacorrientes - Avr, 120v, 50hz \/ 60hz, Lcd, Usb, Torre. Garant\u00eda Limitada De 3 A\u00f1os","description":"Compra Omni700lcdt Ups Interactivo Tripp Lite De 700va 350w Con 6 Tomacorrientes - Avr, 120v, 50hz \/ 60hz, Lcd, Usb, Torre. Garant\u00eda Limitada De 3 A\u00f1os + Env\u00edo a domicilio + Pago seguro + Garant\u00eda","robots":{"index":"index","follow":"follow","max-snippet":"max-snippet:-1","max-image-preview":"max-image-preview:large","max-video-preview":"max-video-preview:-1"},"canonical":"https:\/\/compuviper.mx\/tienda\/producto\/tripp-lite-omni700lcdt-ups-interactivo-tripp-lite-de-700va-350w-con-6-tomacorrientes-avr-120v-50hz-60hz-lcd-usb-torre-garanta-limitada-de-3-aos\/","og_locale":"es_MX","og_type":"article","og_title":"[ Tripp-lite ] &#129351; Omni700lcdt Ups Interactivo Tripp Lite De 700va 350w Con 6 Tomacorrientes - Avr, 120v, 50hz \/ 60hz, Lcd, Usb, Torre. Garant\u00eda Limitada De 3 A\u00f1os","og_description":"Compra Omni700lcdt Ups Interactivo Tripp Lite De 700va 350w Con 6 Tomacorrientes - Avr, 120v, 50hz \/ 60hz, Lcd, Usb, Torre. Garant\u00eda Limitada De 3 A\u00f1os + Env\u00edo a domicilio + Pago seguro + Garant\u00eda","og_url":"https:\/\/compuviper.mx\/tienda\/producto\/tripp-lite-omni700lcdt-ups-interactivo-tripp-lite-de-700va-350w-con-6-tomacorrientes-avr-120v-50hz-60hz-lcd-usb-torre-garanta-limitada-de-3-aos\/","og_site_name":"Compuviper","article_publisher":"https:\/\/www.facebook.com\/compuviper","og_image":[{"width":200,"height":200,"url":"https:\/\/compuviper.mx\/tienda\/wp-content\/uploads\/2023\/12\/Ups-interactivo-tripp-lite-de-700va-350w-con-6-tomacorrientes-avr-120v-50hz-60hz-lcd-usb-torre.-garantia-limitada-de-3-anos.jpg","type":"image\/jpeg"}],"twitter_card":"summary_large_image","twitter_misc":{"Precio":"&#36;2,871 &#36;2,846 con IVA","Availability":"In stock"},"schema":{"@context":"https:\/\/schema.org","@graph":[{"@type":"WebPage","@id":"https:\/\/compuviper.mx\/tienda\/producto\/tripp-lite-omni700lcdt-ups-interactivo-tripp-lite-de-700va-350w-con-6-tomacorrientes-avr-120v-50hz-60hz-lcd-usb-torre-garanta-limitada-de-3-aos\/","url":"https:\/\/compuviper.mx\/tienda\/producto\/tripp-lite-omni700lcdt-ups-interactivo-tripp-lite-de-700va-350w-con-6-tomacorrientes-avr-120v-50hz-60hz-lcd-usb-torre-garanta-limitada-de-3-aos\/","name":"[ Tripp-lite ] &#129351; Omni700lcdt Ups Interactivo Tripp Lite De 700va 350w Con 6 Tomacorrientes - Avr, 120v, 50hz \/ 60hz, Lcd, Usb, Torre. Garant\u00eda Limitada De 3 A\u00f1os","isPartOf":{"@id":"https:\/\/compuviper.mx\/tienda\/#website"},"datePublished":"2026-05-15T06:27:57+00:00","dateModified":"2026-05-15T06:27:57+00:00","description":"Compra Omni700lcdt Ups Interactivo Tripp Lite De 700va 350w Con 6 Tomacorrientes - Avr, 120v, 50hz \/ 60hz, Lcd, Usb, Torre. Garant\u00eda Limitada De 3 A\u00f1os + Env\u00edo a domicilio + Pago seguro + Garant\u00eda","breadcrumb":{"@id":"https:\/\/compuviper.mx\/tienda\/producto\/tripp-lite-omni700lcdt-ups-interactivo-tripp-lite-de-700va-350w-con-6-tomacorrientes-avr-120v-50hz-60hz-lcd-usb-torre-garanta-limitada-de-3-aos\/#breadcrumb"},"inLanguage":"es-MX","potentialAction":[{"@type":"ReadAction","target":["https:\/\/compuviper.mx\/tienda\/producto\/tripp-lite-omni700lcdt-ups-interactivo-tripp-lite-de-700va-350w-con-6-tomacorrientes-avr-120v-50hz-60hz-lcd-usb-torre-garanta-limitada-de-3-aos\/"]}]},{"@type":"BreadcrumbList","@id":"https:\/\/compuviper.mx\/tienda\/producto\/tripp-lite-omni700lcdt-ups-interactivo-tripp-lite-de-700va-350w-con-6-tomacorrientes-avr-120v-50hz-60hz-lcd-usb-torre-garanta-limitada-de-3-aos\/#breadcrumb","itemListElement":[{"@type":"ListItem","position":1,"name":"Inicio","item":"https:\/\/compuviper.mx\/tienda\/"},{"@type":"ListItem","position":2,"name":"Productos","item":"https:\/\/compuviper.mx\/tienda\/productos\/"},{"@type":"ListItem","position":3,"name":"Energia","item":"https:\/\/compuviper.mx\/tienda\/categoria-producto\/energia\/"},{"@type":"ListItem","position":4,"name":"No Break","item":"https:\/\/compuviper.mx\/tienda\/categoria-producto\/energia\/no-break\/"},{"@type":"ListItem","position":5,"name":"Tripp-lite Omni700lcdt Ups Interactivo Tripp Lite De 700va 350w Con 6 Tomacorrientes &#8211; Avr, 120v, 50hz \/ 60hz, Lcd, Usb, Torre. Garant?a Limitada De 3 A?os"}]},{"@type":"WebSite","@id":"https:\/\/compuviper.mx\/tienda\/#website","url":"https:\/\/compuviper.mx\/tienda\/","name":"Compuviper","description":"Proveedor de Computadoras, Laptops, Servidores, Monitores, Puntos de Venta, Teclados,   Impresoras, T\u00f3ner, C\u00e1maras de Seguridad y m\u00e1s en tu tienda en l\u00ednea","publisher":{"@id":"https:\/\/compuviper.mx\/tienda\/#organization"},"potentialAction":[{"@type":"SearchAction","target":{"@type":"EntryPoint","urlTemplate":"https:\/\/compuviper.mx\/tienda\/?s={search_term_string}"},"query-input":"required name=search_term_string"}],"inLanguage":"es-MX"},{"@type":"Organization","@id":"https:\/\/compuviper.mx\/tienda\/#organization","name":"Compuviper","url":"https:\/\/compuviper.mx\/tienda\/","logo":{"@type":"ImageObject","inLanguage":"es-MX","@id":"https:\/\/compuviper.mx\/tienda\/#\/schema\/logo\/image\/","url":"https:\/\/compuviper.mx\/tienda\/wp-content\/uploads\/2021\/08\/Logo-Compuviper-10.png","contentUrl":"https:\/\/compuviper.mx\/tienda\/wp-content\/uploads\/2021\/08\/Logo-Compuviper-10.png","width":1000,"height":500,"caption":"Compuviper"},"image":{"@id":"https:\/\/compuviper.mx\/tienda\/#\/schema\/logo\/image\/"},"sameAs":["https:\/\/www.facebook.com\/compuviper","https:\/\/www.youtube.com\/channel\/UCf73dERp9Y3cfOq7q8BhLjA?view_as=subscriber"]}]},"product_brand":"TRIPP-LITE","product_price_amount":"2846","product_price_currency":"MXN","og_availability":"instock","product_availability":"instock","product_retailer_item_id":"OMNI700LCDT","product_condition":"new"},"_links":{"self":[{"href":"https:\/\/compuviper.mx\/tienda\/wp-json\/wp\/v2\/product\/217757"}],"collection":[{"href":"https:\/\/compuviper.mx\/tienda\/wp-json\/wp\/v2\/product"}],"about":[{"href":"https:\/\/compuviper.mx\/tienda\/wp-json\/wp\/v2\/types\/product"}],"replies":[{"embeddable":true,"href":"https:\/\/compuviper.mx\/tienda\/wp-json\/wp\/v2\/comments?post=217757"}],"wp:featuredmedia":[{"embeddable":true,"href":"https:\/\/compuviper.mx\/tienda\/wp-json\/wp\/v2\/media\/217758"}],"wp:attachment":[{"href":"https:\/\/compuviper.mx\/tienda\/wp-json\/wp\/v2\/media?parent=217757"}],"wp:term":[{"taxonomy":"product_cat","embeddable":true,"href":"https:\/\/compuviper.mx\/tienda\/wp-json\/wp\/v2\/product_cat?post=217757"},{"taxonomy":"product_tag","embeddable":true,"href":"https:\/\/compuviper.mx\/tienda\/wp-json\/wp\/v2\/product_tag?post=217757"}],"curies":[{"name":"wp","href":"https:\/\/api.w.org\/{rel}","templated":true}]}}