{"id":217755,"date":"2026-04-18T00:33:00","date_gmt":"2026-04-18T06:33:00","guid":{"rendered":"https:\/\/compuviper.mx\/tienda\/producto\/tripp-lite-eco850lcd-ups-standby-de-850va-425w-12-tomacorrientes-tripp-lite-nema-5-15r-120v-50hz-60hz-usb-lcd-energy-star-instalacin-en-pared-o-escritorio-garanta-limitada-de-3-aos\/"},"modified":"2026-04-18T00:33:00","modified_gmt":"2026-04-18T06:33:00","slug":"tripp-lite-eco850lcd-ups-standby-de-850va-425w-12-tomacorrientes-tripp-lite-nema-5-15r-120v-50hz-60hz-usb-lcd-energy-star-instalacin-en-pared-o-escritorio-garanta-limitada-de-3-aos","status":"publish","type":"product","link":"https:\/\/compuviper.mx\/tienda\/producto\/tripp-lite-eco850lcd-ups-standby-de-850va-425w-12-tomacorrientes-tripp-lite-nema-5-15r-120v-50hz-60hz-usb-lcd-energy-star-instalacin-en-pared-o-escritorio-garanta-limitada-de-3-aos\/","title":{"rendered":"Tripp-lite Eco850lcd Ups Standby De 850va 425w &#8211; 12 Tomacorrientes Tripp Lite Nema 5-15r, 120v, 50hz \/ 60hz, Usb, Lcd, Energy Star, Instalaci?n En Pared O Escritorio. Garant?a Limitada De 3 A?os."},"content":{"rendered":"<table class=\"descripcion\">\n<tr>\n<td>Este compacto ups para escritorio con alarma silenciosa proporciona soporte de respaldo por bateria para el sistema de red o componentes de se\u00f1alizaci\u00f3n digital de su hogar u oficina.<\/td>\n<\/tr>\n<tr>\n<td>Protege equipos contra apagones, caidas de voltaje, sobrevoltaje, sobretensiones y ruido en la l\u00ednea<\/td>\n<\/tr>\n<tr>\n<td>Mantiene energ\u00eda de ca funcionando durante apagones a fin de contar con suficiente tiempo para apagado seguro y guardado de los archivos.<\/td>\n<\/tr>\n<tr>\n<td>12 tomacorrientes nema 5-15r alimentan y protegen una pc, home theater o equipos de se\u00f1alizaci\u00f3n digital<\/td>\n<\/tr>\n<tr>\n<td>La pantalla lcd t\u00e1ctil muestra datos importantes de voltaje, carga y bater\u00eda en tiempo real.<\/td>\n<\/tr>\n<tr>\n<td>Certificado energy star para ayudarle a ahorrar electricidad, reducir costos y proteger el medio ambiente<\/td>\n<\/tr>\n<tr>\n<td>Garantia limitada de 3 a\u00f1os.<\/td>\n<\/tr>\n<\/table>\n","protected":false},"excerpt":{"rendered":"<p>Respaldo por bater\u00eda ahorrador de energ\u00eda de 850va \/ 425w \/ 120v para pcs, home theater y se\u00f1alizaci\u00f3n digital. El sistema ups standby eco850lcd proporciona confiable respaldo por bateria y protecci\u00f3n de energ\u00eda de ca contra apagones, caidas de voltaje, sobrevoltajes, sobretensiones y ruido en la l\u00ednea que pueden da\u00f1ar valiosos aparatos electr\u00f3nicos o destruir la informacion. El respaldo por bater\u00eda de 12 tomacorrientes de 120v es la protecci\u00f3n ideal para su oficina en casa, centro de medios o quiosco profesional, seguridad y aplicaciones telef\u00f3nicas para peque\u00f1as empresas, incluyendo computadoras, ruteadores, impresoras, hdtvs, reproductores de blu-ray, consolas de juegos, cajeros autom\u00e1ticos, sistemas de seguridad y equipos de se\u00f1alizaci\u00f3n digital. Proporciona tiempo para respaldar archivos cr\u00edticos durante un apag\u00f3n. El respaldo por bater\u00eda le permite trabajar durante fallas de energ\u00eda breves y le da tiempo suficiente para guardar archivos y apagar de forma segura su sistema en caso de un apag\u00f3n prolongado. El tiempo de respaldo var\u00eda seg\u00fan la carga, pero el eco850lcd mantendr\u00e1 alimentada una computadora de escritorio eficiente en energ\u00eda con monitor lcd peque\u00f1o por hasta 38 minutos. Durante la operaci\u00f3n normal, la energia entrante de la red p\u00fablica mantiene totalmente cargada la bater\u00eda interna, reemplazable. De modo que siempre est\u00e9 disponible energia de respaldo. 12 tomacorrientes nema 5-15r protegen sus componentes conectados. Seis tomacorrientes 5-15r proporcionan respaldo por bater\u00eda y supresi\u00f3n de sobretensiones para su computadora, monitor y otros componentes cruciales. Los otros seis tomacorrientes 5-15r proporcionan solo supresi\u00f3n de sobretensiones para impresoras, bocinas y otros equipos de escritorio considerados como no esenciales durante un apagon. Certificado energy star para ayudarle a ahorrar dinero y proteger el medio ambiente. Mediante el cumplimiento de estrictas normas de eficiencia de la epa, este sistema ups certificado energy star le ayuda a ahorrar dinero y energ\u00eda. Una opci\u00f3n eco de ahorro de energia cuenta con cuatro tomacorrientes eco controlables (tres unicamente con supresi\u00f3n de sobretensiones, uno con supresi\u00f3n de sobretensiones y respaldo por bater\u00eda) que se apagan autom\u00e1ticamente cuando el dispositivo conectado al tomacorrientes maestro respaldado por bater\u00eda est\u00e9 encendido o en modo de reposo. Estos tomacorrientes se recomiendan para l\u00e1mparas de escritorio, impresoras y otros perif\u00e9ricos no esenciales que no deben estar en funcionamiento todo el tiempo. 316 joules combaten las sobretensiones inesperadas. Una clasificaci\u00f3n de supresi\u00f3n de sobretensiones de 316 joules protege los componentes conectados contra los da\u00f1inos efectos de las sobretensiones. Los dos enchufes de la l\u00ednea de datos de red protegen un perif\u00e9rico cableado contra sobretensiones peligrosas en una \u00fanica conexi\u00f3n de red 10\/100 base-t o de acceso telef\u00f3nico. Un puerto usb compatible con hid permite el apagado y guardado automatico. Este puerto usb conecta el eco850lcd a una computadora que ejecute el software gratuito descargable poweralert\u00ae de tripp lite para permitir guardar los archivos y el apagado seguro del sistema sin supervision en caso de una falla de energia prolongada. Se incluye un cable usb. Combate la interferencia electromagn\u00e9tica que puede da\u00f1ar al equipo. Diversas fuentes electromagn\u00e9ticas y de radio que se encuentran pr\u00e1cticamente en todas las casas o negocios pueden causar interferencia disruptiva en la l\u00ednea de ca. Conocido como emi (interferencia electromagn\u00e9tica) y rfi (interferencia por radiofrecuencia), este ruido en la l\u00ednea es una causa com\u00fan de da\u00f1o acumulativo del hardware, corrupci\u00f3n de la informaci\u00f3n y problemas de transmisiones de audio y video. El eco850lcd incorpora tecnolog\u00eda que filtra el disruptivo ruido en la l\u00ednea, evitando que afecte a su equipo. La amigable alarma y la pantalla lcd t\u00e1ctil de f\u00e1cil lectura para el hogar informa el estado en tiempo real. El ups permanece en silencio en los modos en l\u00ednea y de respaldo por bater\u00eda. La alarma suena solo para informar una condici\u00f3n de bater\u00eda baja, carga excesiva y falla. La pantalla lcd tactil ofrece 5 pantallas de informaci\u00f3n de la energ\u00eda del ups y el sitio cuando el ups est\u00e1 funcionando en el modo en l\u00ednea o de alimentaci\u00f3n por bater\u00eda. Muestra datos vitales de voltaje, carga y bater\u00eda, as\u00ed como estado de falla cr\u00edtica. La amigable alarma y la pantalla lcd t\u00e1ctil de facil lectura para el hogar informa el estado en tiempo real. El ups permanece en silencio en los modos en l\u00ednea y de respaldo por bater\u00eda. La alarma suena solo para informar una condici\u00f3n de bater\u00eda baja, carga excesiva y falla. La pantalla lcd t\u00e1ctil ofrece 5 pantallas de informaci\u00f3n de la energ\u00eda del ups y el sitio cuando el ups est\u00e1 funcionando en el modo en l\u00ednea o de alimentaci\u00f3n por bater\u00eda. Muestra datos vitales de voltaje, carga y bater\u00eda, as\u00ed como estado de falla critica.<\/p>\n","protected":false},"featured_media":217756,"comment_status":"open","ping_status":"open","template":"","meta":[],"product_cat":[1508,1691],"product_tag":[1510],"acf":[],"yoast_head":"<!-- This site is optimized with the Yoast SEO plugin v21.7 - https:\/\/yoast.com\/wordpress\/plugins\/seo\/ -->\n<title>[ Tripp-lite ] &#129351; Eco850lcd Ups Standby De 850va 425w - 12 Tomacorrientes Tripp Lite Nema 5-15r, 120v, 50hz \/ 60hz, Usb, Lcd, Energy Star, Instalaci\u00f3n En Pared O Escritorio. Garant\u00eda Limitada De 3 A\u00f1os.<\/title>\n<meta name=\"description\" content=\"Compra Eco850lcd Ups Standby De 850va 425w - 12 Tomacorrientes Tripp Lite Nema 5-15r, 120v, 50hz \/ 60hz, Usb, Lcd, Energy Star, Instalaci\u00f3n En Pared O Escritorio. Garant\u00eda Limitada De 3 A\u00f1os. + Env\u00edo a domicilio + Pago seguro + Garant\u00eda\" \/>\n<meta name=\"robots\" content=\"index, follow, max-snippet:-1, max-image-preview:large, max-video-preview:-1\" \/>\n<link rel=\"canonical\" href=\"https:\/\/compuviper.mx\/tienda\/producto\/tripp-lite-eco850lcd-ups-standby-de-850va-425w-12-tomacorrientes-tripp-lite-nema-5-15r-120v-50hz-60hz-usb-lcd-energy-star-instalacin-en-pared-o-escritorio-garanta-limitada-de-3-aos\/\" \/>\n<meta property=\"og:locale\" content=\"es_MX\" \/>\n<meta property=\"og:type\" content=\"article\" \/>\n<meta property=\"og:title\" content=\"[ Tripp-lite ] &#129351; Eco850lcd Ups Standby De 850va 425w - 12 Tomacorrientes Tripp Lite Nema 5-15r, 120v, 50hz \/ 60hz, Usb, Lcd, Energy Star, Instalaci\u00f3n En Pared O Escritorio. Garant\u00eda Limitada De 3 A\u00f1os.\" \/>\n<meta property=\"og:description\" content=\"Compra Eco850lcd Ups Standby De 850va 425w - 12 Tomacorrientes Tripp Lite Nema 5-15r, 120v, 50hz \/ 60hz, Usb, Lcd, Energy Star, Instalaci\u00f3n En Pared O Escritorio. Garant\u00eda Limitada De 3 A\u00f1os. + Env\u00edo a domicilio + Pago seguro + Garant\u00eda\" \/>\n<meta property=\"og:url\" content=\"https:\/\/compuviper.mx\/tienda\/producto\/tripp-lite-eco850lcd-ups-standby-de-850va-425w-12-tomacorrientes-tripp-lite-nema-5-15r-120v-50hz-60hz-usb-lcd-energy-star-instalacin-en-pared-o-escritorio-garanta-limitada-de-3-aos\/\" \/>\n<meta property=\"og:site_name\" content=\"Compuviper\" \/>\n<meta property=\"article:publisher\" content=\"https:\/\/www.facebook.com\/compuviper\" \/>\n<meta property=\"og:image\" content=\"https:\/\/compuviper.mx\/tienda\/wp-content\/uploads\/2023\/12\/Ups-standby-de-850va-425w-12-tomacorrientes-tripp-lite-nema-5-15r-120v-50hz-60hz-usb-lcd-energy-star-instalacion-en-pared-o-escritorio.-garantia-limitada-de-3-anos.jpg\" \/>\n\t<meta property=\"og:image:width\" content=\"200\" \/>\n\t<meta property=\"og:image:height\" content=\"200\" \/>\n\t<meta property=\"og:image:type\" content=\"image\/jpeg\" \/>\n<meta name=\"twitter:card\" content=\"summary_large_image\" \/>\n<meta name=\"twitter:label1\" content=\"Precio\" \/>\n\t<meta name=\"twitter:data1\" content=\"&#36;2,840 &#36;2,682 con IVA\" \/>\n\t<meta name=\"twitter:label2\" content=\"Availability\" \/>\n\t<meta name=\"twitter:data2\" content=\"In stock\" \/>\n<script type=\"application\/ld+json\" class=\"yoast-schema-graph\">{\"@context\":\"https:\/\/schema.org\",\"@graph\":[{\"@type\":\"WebPage\",\"@id\":\"https:\/\/compuviper.mx\/tienda\/producto\/tripp-lite-eco850lcd-ups-standby-de-850va-425w-12-tomacorrientes-tripp-lite-nema-5-15r-120v-50hz-60hz-usb-lcd-energy-star-instalacin-en-pared-o-escritorio-garanta-limitada-de-3-aos\/\",\"url\":\"https:\/\/compuviper.mx\/tienda\/producto\/tripp-lite-eco850lcd-ups-standby-de-850va-425w-12-tomacorrientes-tripp-lite-nema-5-15r-120v-50hz-60hz-usb-lcd-energy-star-instalacin-en-pared-o-escritorio-garanta-limitada-de-3-aos\/\",\"name\":\"[ Tripp-lite ] &#129351; Eco850lcd Ups Standby De 850va 425w - 12 Tomacorrientes Tripp Lite Nema 5-15r, 120v, 50hz \/ 60hz, Usb, Lcd, Energy Star, Instalaci\u00f3n En Pared O Escritorio. Garant\u00eda Limitada De 3 A\u00f1os.\",\"isPartOf\":{\"@id\":\"https:\/\/compuviper.mx\/tienda\/#website\"},\"datePublished\":\"2026-04-18T06:33:00+00:00\",\"dateModified\":\"2026-04-18T06:33:00+00:00\",\"description\":\"Compra Eco850lcd Ups Standby De 850va 425w - 12 Tomacorrientes Tripp Lite Nema 5-15r, 120v, 50hz \/ 60hz, Usb, Lcd, Energy Star, Instalaci\u00f3n En Pared O Escritorio. Garant\u00eda Limitada De 3 A\u00f1os. + Env\u00edo a domicilio + Pago seguro + Garant\u00eda\",\"breadcrumb\":{\"@id\":\"https:\/\/compuviper.mx\/tienda\/producto\/tripp-lite-eco850lcd-ups-standby-de-850va-425w-12-tomacorrientes-tripp-lite-nema-5-15r-120v-50hz-60hz-usb-lcd-energy-star-instalacin-en-pared-o-escritorio-garanta-limitada-de-3-aos\/#breadcrumb\"},\"inLanguage\":\"es-MX\",\"potentialAction\":[{\"@type\":\"ReadAction\",\"target\":[\"https:\/\/compuviper.mx\/tienda\/producto\/tripp-lite-eco850lcd-ups-standby-de-850va-425w-12-tomacorrientes-tripp-lite-nema-5-15r-120v-50hz-60hz-usb-lcd-energy-star-instalacin-en-pared-o-escritorio-garanta-limitada-de-3-aos\/\"]}]},{\"@type\":\"BreadcrumbList\",\"@id\":\"https:\/\/compuviper.mx\/tienda\/producto\/tripp-lite-eco850lcd-ups-standby-de-850va-425w-12-tomacorrientes-tripp-lite-nema-5-15r-120v-50hz-60hz-usb-lcd-energy-star-instalacin-en-pared-o-escritorio-garanta-limitada-de-3-aos\/#breadcrumb\",\"itemListElement\":[{\"@type\":\"ListItem\",\"position\":1,\"name\":\"Inicio\",\"item\":\"https:\/\/compuviper.mx\/tienda\/\"},{\"@type\":\"ListItem\",\"position\":2,\"name\":\"Productos\",\"item\":\"https:\/\/compuviper.mx\/tienda\/productos\/\"},{\"@type\":\"ListItem\",\"position\":3,\"name\":\"Energia\",\"item\":\"https:\/\/compuviper.mx\/tienda\/categoria-producto\/energia\/\"},{\"@type\":\"ListItem\",\"position\":4,\"name\":\"No Break\",\"item\":\"https:\/\/compuviper.mx\/tienda\/categoria-producto\/energia\/no-break\/\"},{\"@type\":\"ListItem\",\"position\":5,\"name\":\"Tripp-lite Eco850lcd Ups Standby De 850va 425w &#8211; 12 Tomacorrientes Tripp Lite Nema 5-15r, 120v, 50hz \/ 60hz, Usb, Lcd, Energy Star, Instalaci?n En Pared O Escritorio. Garant?a Limitada De 3 A?os.\"}]},{\"@type\":\"WebSite\",\"@id\":\"https:\/\/compuviper.mx\/tienda\/#website\",\"url\":\"https:\/\/compuviper.mx\/tienda\/\",\"name\":\"Compuviper\",\"description\":\"Proveedor de Computadoras, Laptops, Servidores, Monitores, Puntos de Venta, Teclados,   Impresoras, T\u00f3ner, C\u00e1maras de Seguridad y m\u00e1s en tu tienda en l\u00ednea\",\"publisher\":{\"@id\":\"https:\/\/compuviper.mx\/tienda\/#organization\"},\"potentialAction\":[{\"@type\":\"SearchAction\",\"target\":{\"@type\":\"EntryPoint\",\"urlTemplate\":\"https:\/\/compuviper.mx\/tienda\/?s={search_term_string}\"},\"query-input\":\"required name=search_term_string\"}],\"inLanguage\":\"es-MX\"},{\"@type\":\"Organization\",\"@id\":\"https:\/\/compuviper.mx\/tienda\/#organization\",\"name\":\"Compuviper\",\"url\":\"https:\/\/compuviper.mx\/tienda\/\",\"logo\":{\"@type\":\"ImageObject\",\"inLanguage\":\"es-MX\",\"@id\":\"https:\/\/compuviper.mx\/tienda\/#\/schema\/logo\/image\/\",\"url\":\"https:\/\/compuviper.mx\/tienda\/wp-content\/uploads\/2021\/08\/Logo-Compuviper-10.png\",\"contentUrl\":\"https:\/\/compuviper.mx\/tienda\/wp-content\/uploads\/2021\/08\/Logo-Compuviper-10.png\",\"width\":1000,\"height\":500,\"caption\":\"Compuviper\"},\"image\":{\"@id\":\"https:\/\/compuviper.mx\/tienda\/#\/schema\/logo\/image\/\"},\"sameAs\":[\"https:\/\/www.facebook.com\/compuviper\",\"https:\/\/www.youtube.com\/channel\/UCf73dERp9Y3cfOq7q8BhLjA?view_as=subscriber\"]}]}<\/script>\n<meta property=\"product:brand\" content=\"TRIPP-LITE\" \/>\n<meta property=\"product:price:amount\" content=\"2682\" \/>\n<meta property=\"product:price:currency\" content=\"MXN\" \/>\n<meta property=\"og:availability\" content=\"instock\" \/>\n<meta property=\"product:availability\" content=\"instock\" \/>\n<meta property=\"product:retailer_item_id\" content=\"ECO850LCD\" \/>\n<meta property=\"product:condition\" content=\"new\" \/>\n<!-- \/ Yoast SEO plugin. -->","yoast_head_json":{"title":"[ Tripp-lite ] &#129351; Eco850lcd Ups Standby De 850va 425w - 12 Tomacorrientes Tripp Lite Nema 5-15r, 120v, 50hz \/ 60hz, Usb, Lcd, Energy Star, Instalaci\u00f3n En Pared O Escritorio. Garant\u00eda Limitada De 3 A\u00f1os.","description":"Compra Eco850lcd Ups Standby De 850va 425w - 12 Tomacorrientes Tripp Lite Nema 5-15r, 120v, 50hz \/ 60hz, Usb, Lcd, Energy Star, Instalaci\u00f3n En Pared O Escritorio. Garant\u00eda Limitada De 3 A\u00f1os. + Env\u00edo a domicilio + Pago seguro + Garant\u00eda","robots":{"index":"index","follow":"follow","max-snippet":"max-snippet:-1","max-image-preview":"max-image-preview:large","max-video-preview":"max-video-preview:-1"},"canonical":"https:\/\/compuviper.mx\/tienda\/producto\/tripp-lite-eco850lcd-ups-standby-de-850va-425w-12-tomacorrientes-tripp-lite-nema-5-15r-120v-50hz-60hz-usb-lcd-energy-star-instalacin-en-pared-o-escritorio-garanta-limitada-de-3-aos\/","og_locale":"es_MX","og_type":"article","og_title":"[ Tripp-lite ] &#129351; Eco850lcd Ups Standby De 850va 425w - 12 Tomacorrientes Tripp Lite Nema 5-15r, 120v, 50hz \/ 60hz, Usb, Lcd, Energy Star, Instalaci\u00f3n En Pared O Escritorio. Garant\u00eda Limitada De 3 A\u00f1os.","og_description":"Compra Eco850lcd Ups Standby De 850va 425w - 12 Tomacorrientes Tripp Lite Nema 5-15r, 120v, 50hz \/ 60hz, Usb, Lcd, Energy Star, Instalaci\u00f3n En Pared O Escritorio. Garant\u00eda Limitada De 3 A\u00f1os. + Env\u00edo a domicilio + Pago seguro + Garant\u00eda","og_url":"https:\/\/compuviper.mx\/tienda\/producto\/tripp-lite-eco850lcd-ups-standby-de-850va-425w-12-tomacorrientes-tripp-lite-nema-5-15r-120v-50hz-60hz-usb-lcd-energy-star-instalacin-en-pared-o-escritorio-garanta-limitada-de-3-aos\/","og_site_name":"Compuviper","article_publisher":"https:\/\/www.facebook.com\/compuviper","og_image":[{"width":200,"height":200,"url":"https:\/\/compuviper.mx\/tienda\/wp-content\/uploads\/2023\/12\/Ups-standby-de-850va-425w-12-tomacorrientes-tripp-lite-nema-5-15r-120v-50hz-60hz-usb-lcd-energy-star-instalacion-en-pared-o-escritorio.-garantia-limitada-de-3-anos.jpg","type":"image\/jpeg"}],"twitter_card":"summary_large_image","twitter_misc":{"Precio":"&#36;2,840 &#36;2,682 con IVA","Availability":"In stock"},"schema":{"@context":"https:\/\/schema.org","@graph":[{"@type":"WebPage","@id":"https:\/\/compuviper.mx\/tienda\/producto\/tripp-lite-eco850lcd-ups-standby-de-850va-425w-12-tomacorrientes-tripp-lite-nema-5-15r-120v-50hz-60hz-usb-lcd-energy-star-instalacin-en-pared-o-escritorio-garanta-limitada-de-3-aos\/","url":"https:\/\/compuviper.mx\/tienda\/producto\/tripp-lite-eco850lcd-ups-standby-de-850va-425w-12-tomacorrientes-tripp-lite-nema-5-15r-120v-50hz-60hz-usb-lcd-energy-star-instalacin-en-pared-o-escritorio-garanta-limitada-de-3-aos\/","name":"[ Tripp-lite ] &#129351; Eco850lcd Ups Standby De 850va 425w - 12 Tomacorrientes Tripp Lite Nema 5-15r, 120v, 50hz \/ 60hz, Usb, Lcd, Energy Star, Instalaci\u00f3n En Pared O Escritorio. Garant\u00eda Limitada De 3 A\u00f1os.","isPartOf":{"@id":"https:\/\/compuviper.mx\/tienda\/#website"},"datePublished":"2026-04-18T06:33:00+00:00","dateModified":"2026-04-18T06:33:00+00:00","description":"Compra Eco850lcd Ups Standby De 850va 425w - 12 Tomacorrientes Tripp Lite Nema 5-15r, 120v, 50hz \/ 60hz, Usb, Lcd, Energy Star, Instalaci\u00f3n En Pared O Escritorio. Garant\u00eda Limitada De 3 A\u00f1os. + Env\u00edo a domicilio + Pago seguro + Garant\u00eda","breadcrumb":{"@id":"https:\/\/compuviper.mx\/tienda\/producto\/tripp-lite-eco850lcd-ups-standby-de-850va-425w-12-tomacorrientes-tripp-lite-nema-5-15r-120v-50hz-60hz-usb-lcd-energy-star-instalacin-en-pared-o-escritorio-garanta-limitada-de-3-aos\/#breadcrumb"},"inLanguage":"es-MX","potentialAction":[{"@type":"ReadAction","target":["https:\/\/compuviper.mx\/tienda\/producto\/tripp-lite-eco850lcd-ups-standby-de-850va-425w-12-tomacorrientes-tripp-lite-nema-5-15r-120v-50hz-60hz-usb-lcd-energy-star-instalacin-en-pared-o-escritorio-garanta-limitada-de-3-aos\/"]}]},{"@type":"BreadcrumbList","@id":"https:\/\/compuviper.mx\/tienda\/producto\/tripp-lite-eco850lcd-ups-standby-de-850va-425w-12-tomacorrientes-tripp-lite-nema-5-15r-120v-50hz-60hz-usb-lcd-energy-star-instalacin-en-pared-o-escritorio-garanta-limitada-de-3-aos\/#breadcrumb","itemListElement":[{"@type":"ListItem","position":1,"name":"Inicio","item":"https:\/\/compuviper.mx\/tienda\/"},{"@type":"ListItem","position":2,"name":"Productos","item":"https:\/\/compuviper.mx\/tienda\/productos\/"},{"@type":"ListItem","position":3,"name":"Energia","item":"https:\/\/compuviper.mx\/tienda\/categoria-producto\/energia\/"},{"@type":"ListItem","position":4,"name":"No Break","item":"https:\/\/compuviper.mx\/tienda\/categoria-producto\/energia\/no-break\/"},{"@type":"ListItem","position":5,"name":"Tripp-lite Eco850lcd Ups Standby De 850va 425w &#8211; 12 Tomacorrientes Tripp Lite Nema 5-15r, 120v, 50hz \/ 60hz, Usb, Lcd, Energy Star, Instalaci?n En Pared O Escritorio. Garant?a Limitada De 3 A?os."}]},{"@type":"WebSite","@id":"https:\/\/compuviper.mx\/tienda\/#website","url":"https:\/\/compuviper.mx\/tienda\/","name":"Compuviper","description":"Proveedor de Computadoras, Laptops, Servidores, Monitores, Puntos de Venta, Teclados,   Impresoras, T\u00f3ner, C\u00e1maras de Seguridad y m\u00e1s en tu tienda en l\u00ednea","publisher":{"@id":"https:\/\/compuviper.mx\/tienda\/#organization"},"potentialAction":[{"@type":"SearchAction","target":{"@type":"EntryPoint","urlTemplate":"https:\/\/compuviper.mx\/tienda\/?s={search_term_string}"},"query-input":"required name=search_term_string"}],"inLanguage":"es-MX"},{"@type":"Organization","@id":"https:\/\/compuviper.mx\/tienda\/#organization","name":"Compuviper","url":"https:\/\/compuviper.mx\/tienda\/","logo":{"@type":"ImageObject","inLanguage":"es-MX","@id":"https:\/\/compuviper.mx\/tienda\/#\/schema\/logo\/image\/","url":"https:\/\/compuviper.mx\/tienda\/wp-content\/uploads\/2021\/08\/Logo-Compuviper-10.png","contentUrl":"https:\/\/compuviper.mx\/tienda\/wp-content\/uploads\/2021\/08\/Logo-Compuviper-10.png","width":1000,"height":500,"caption":"Compuviper"},"image":{"@id":"https:\/\/compuviper.mx\/tienda\/#\/schema\/logo\/image\/"},"sameAs":["https:\/\/www.facebook.com\/compuviper","https:\/\/www.youtube.com\/channel\/UCf73dERp9Y3cfOq7q8BhLjA?view_as=subscriber"]}]},"product_brand":"TRIPP-LITE","product_price_amount":"2682","product_price_currency":"MXN","og_availability":"instock","product_availability":"instock","product_retailer_item_id":"ECO850LCD","product_condition":"new"},"_links":{"self":[{"href":"https:\/\/compuviper.mx\/tienda\/wp-json\/wp\/v2\/product\/217755"}],"collection":[{"href":"https:\/\/compuviper.mx\/tienda\/wp-json\/wp\/v2\/product"}],"about":[{"href":"https:\/\/compuviper.mx\/tienda\/wp-json\/wp\/v2\/types\/product"}],"replies":[{"embeddable":true,"href":"https:\/\/compuviper.mx\/tienda\/wp-json\/wp\/v2\/comments?post=217755"}],"wp:featuredmedia":[{"embeddable":true,"href":"https:\/\/compuviper.mx\/tienda\/wp-json\/wp\/v2\/media\/217756"}],"wp:attachment":[{"href":"https:\/\/compuviper.mx\/tienda\/wp-json\/wp\/v2\/media?parent=217755"}],"wp:term":[{"taxonomy":"product_cat","embeddable":true,"href":"https:\/\/compuviper.mx\/tienda\/wp-json\/wp\/v2\/product_cat?post=217755"},{"taxonomy":"product_tag","embeddable":true,"href":"https:\/\/compuviper.mx\/tienda\/wp-json\/wp\/v2\/product_tag?post=217755"}],"curies":[{"name":"wp","href":"https:\/\/api.w.org\/{rel}","templated":true}]}}