{"id":217752,"date":"2026-04-08T00:29:32","date_gmt":"2026-04-08T06:29:32","guid":{"rendered":"https:\/\/compuviper.mx\/tienda\/producto\/tripp-lite-bp72vrm2u-bateria-tripp-lite-series-modulo-de-bateras-extendidas-ebm-de-72v-para-sistemas-ups-smartpro-de-2200va-y-3000va-2u-para-rack-o-torre-garanta-limitada-por-2-aos\/"},"modified":"2026-04-08T00:29:33","modified_gmt":"2026-04-08T06:29:33","slug":"tripp-lite-bp72vrm2u-bateria-tripp-lite-series-modulo-de-bateras-extendidas-ebm-de-72v-para-sistemas-ups-smartpro-de-2200va-y-3000va-2u-para-rack-o-torre-garanta-limitada-por-2-aos","status":"publish","type":"product","link":"https:\/\/compuviper.mx\/tienda\/producto\/tripp-lite-bp72vrm2u-bateria-tripp-lite-series-modulo-de-bateras-extendidas-ebm-de-72v-para-sistemas-ups-smartpro-de-2200va-y-3000va-2u-para-rack-o-torre-garanta-limitada-por-2-aos\/","title":{"rendered":"Tripp-lite Bp72vrm2u Bateria Tripp Lite  Series Modulo De Bater?as Extendidas [ebm] De 72v Para Sistemas Ups Smartpro De 2200va Y 3000va, 2u Para Rack O Torre. Garant?a Limitada Por 2 A?os"},"content":{"rendered":"<table class=\"descripcion\">\n<tr>\n<td>El m\u00f3dulo de bater\u00edas externas proporciona autonom\u00eda extendida para sistemas ups compatibles en aplicaciones de peque\u00f1as empresas, educaci\u00f3n, menudeo, financieras o del cuidado de la salud.<\/td>\n<\/tr>\n<tr>\n<td>Se conecta a sistemas ups de la serie eaton tripp lite ampliables para extender la autonom\u00eda.<\/td>\n<\/tr>\n<tr>\n<td>El conector de encadenado soporta m\u00f3dulos de bater\u00edas adicionales para una autonom\u00eda a\u00fan m\u00e1s prolongada.<\/td>\n<\/tr>\n<tr>\n<td>Incluye cableado de gran calibre con conectores de 72v cd de alta corriente.<\/td>\n<\/tr>\n<tr>\n<td>Soporta instalaci\u00f3n en 2u de rack o torre vertical usando los accesorios incluidos.<\/td>\n<\/tr>\n<tr>\n<td>Garant\u00eda limitada por 2 a\u00f1os.<\/td>\n<\/tr>\n<tr>\n<td>Smart2200rm2u<\/td>\n<\/tr>\n<tr>\n<td>Smart2200rm2un<\/td>\n<\/tr>\n<tr>\n<td>Smart3000rm2u<\/td>\n<\/tr>\n<tr>\n<td>Smart3000rm2un<\/td>\n<\/tr>\n<tr>\n<td>Smart750rmxl2u<\/td>\n<\/tr>\n<tr>\n<td>Smart750rmxl2un<\/td>\n<\/tr>\n<tr>\n<td>Smart1000rmxl2u<\/td>\n<\/tr>\n<tr>\n<td>Smart1000rmx2un<\/td>\n<\/tr>\n<tr>\n<td>Smart1500rmxl2u<\/td>\n<\/tr>\n<tr>\n<td>Smart1500rmxln<\/td>\n<\/tr>\n<tr>\n<td>Smart2200rmxl2u<\/td>\n<\/tr>\n<tr>\n<td>Smart2200rmxln<\/td>\n<\/tr>\n<tr>\n<td>Smart3000rmxl2u<\/td>\n<\/tr>\n<tr>\n<td>Smart3000rmxln<\/td>\n<\/tr>\n<\/table>\n","protected":false},"excerpt":{"rendered":"<p>El m\u00f3dulo de bater\u00edas de respaldo proporciona autonom\u00eda extendida a su sistema ups compatible de eaton. El bp72vrm2u ofrece una mayor autonom\u00eda de la bater\u00eda cuando se utiliza junto con los sistemas ups serie smartpro\u00ae de eaton tripp lite de 2200va y 3000va. Tambi\u00e9n puede encadenarse para un m\u00e1ximo de cuatro m\u00f3dulos de bater\u00edas concordantes para extender a\u00fan m\u00e1s la autonom\u00eda. Incluye cableado de gran calibre con conector de cd de alta corriente para una instalaci\u00f3n f\u00e1cil y segura. Admite la instalaci\u00f3n en 2u de rack o torre. El factor de forma multiusos de este m\u00f3dulo de bater\u00edas de respaldo admite el montaje en un espacio de 2u en racks o gabinetes de bastidor abierto de 19 est\u00e1ndar eia utilizando el juego de rieles para 4 postes y los soportes de instalaci\u00f3n incluidos. Tambi\u00e9n se incluyen soportes para torre para la configuraci\u00f3n vertical opcional. Compatible solamente con sistemas ups smartpro smart2200rmxl2u, smart2200rmxln, smart3000rmxl2u, smart3000rmxln, smx3000xlrt2ua y smx3000xlrt2un<\/p>\n","protected":false},"featured_media":242551,"comment_status":"open","ping_status":"open","template":"","meta":[],"product_cat":[1508,1511],"product_tag":[1510],"acf":[],"yoast_head":"<!-- This site is optimized with the Yoast SEO plugin v21.7 - https:\/\/yoast.com\/wordpress\/plugins\/seo\/ -->\n<title>[ Tripp-lite ] &#129351; Bp72vrm2u Bateria Tripp Lite Series Modulo De Bater\u00edas Extendidas [ebm] De 72v Para Sistemas Ups Smartpro De 2200va Y 3000va, 2u Para Rack O Torre. Garant\u00eda Limitada Por 2 A\u00f1os<\/title>\n<meta name=\"description\" content=\"Compra Bp72vrm2u Bateria Tripp Lite Series Modulo De Bater\u00edas Extendidas [ebm] De 72v Para Sistemas Ups Smartpro De 2200va Y 3000va, 2u Para Rack O Torre. Garant\u00eda Limitada Por 2 A\u00f1os + Env\u00edo a domicilio + Pago seguro + Garant\u00eda\" \/>\n<meta name=\"robots\" content=\"index, follow, max-snippet:-1, max-image-preview:large, max-video-preview:-1\" \/>\n<link rel=\"canonical\" href=\"https:\/\/compuviper.mx\/tienda\/producto\/tripp-lite-bp72vrm2u-bateria-tripp-lite-series-modulo-de-bateras-extendidas-ebm-de-72v-para-sistemas-ups-smartpro-de-2200va-y-3000va-2u-para-rack-o-torre-garanta-limitada-por-2-aos\/\" \/>\n<meta property=\"og:locale\" content=\"es_MX\" \/>\n<meta property=\"og:type\" content=\"article\" \/>\n<meta property=\"og:title\" content=\"[ Tripp-lite ] &#129351; Bp72vrm2u Bateria Tripp Lite Series Modulo De Bater\u00edas Extendidas [ebm] De 72v Para Sistemas Ups Smartpro De 2200va Y 3000va, 2u Para Rack O Torre. Garant\u00eda Limitada Por 2 A\u00f1os\" \/>\n<meta property=\"og:description\" content=\"Compra Bp72vrm2u Bateria Tripp Lite Series Modulo De Bater\u00edas Extendidas [ebm] De 72v Para Sistemas Ups Smartpro De 2200va Y 3000va, 2u Para Rack O Torre. Garant\u00eda Limitada Por 2 A\u00f1os + Env\u00edo a domicilio + Pago seguro + Garant\u00eda\" \/>\n<meta property=\"og:url\" content=\"https:\/\/compuviper.mx\/tienda\/producto\/tripp-lite-bp72vrm2u-bateria-tripp-lite-series-modulo-de-bateras-extendidas-ebm-de-72v-para-sistemas-ups-smartpro-de-2200va-y-3000va-2u-para-rack-o-torre-garanta-limitada-por-2-aos\/\" \/>\n<meta property=\"og:site_name\" content=\"Compuviper\" \/>\n<meta property=\"article:publisher\" content=\"https:\/\/www.facebook.com\/compuviper\" \/>\n<meta property=\"article:modified_time\" content=\"2026-04-08T06:29:33+00:00\" \/>\n<meta property=\"og:image\" content=\"https:\/\/compuviper.mx\/tienda\/wp-content\/uploads\/2024\/09\/Bateria-tripp-lite-bp72vrm2u-series-modulo-de-baterias-extendidas-ebm-de-72v-para-sistemas-ups-smartpro-de-2200va-y-3000va-2u-para-rack-o-torre.-garantia-limitada-por-2-anos.jpg\" \/>\n\t<meta property=\"og:image:width\" content=\"200\" \/>\n\t<meta property=\"og:image:height\" content=\"200\" \/>\n\t<meta property=\"og:image:type\" content=\"image\/jpeg\" \/>\n<meta name=\"twitter:card\" content=\"summary_large_image\" \/>\n<meta name=\"twitter:label1\" content=\"Precio\" \/>\n\t<meta name=\"twitter:data1\" content=\"&#36;13,297 con IVA\" \/>\n\t<meta name=\"twitter:label2\" content=\"Availability\" \/>\n\t<meta name=\"twitter:data2\" content=\"Out of stock\" \/>\n<script type=\"application\/ld+json\" class=\"yoast-schema-graph\">{\"@context\":\"https:\/\/schema.org\",\"@graph\":[{\"@type\":\"WebPage\",\"@id\":\"https:\/\/compuviper.mx\/tienda\/producto\/tripp-lite-bp72vrm2u-bateria-tripp-lite-series-modulo-de-bateras-extendidas-ebm-de-72v-para-sistemas-ups-smartpro-de-2200va-y-3000va-2u-para-rack-o-torre-garanta-limitada-por-2-aos\/\",\"url\":\"https:\/\/compuviper.mx\/tienda\/producto\/tripp-lite-bp72vrm2u-bateria-tripp-lite-series-modulo-de-bateras-extendidas-ebm-de-72v-para-sistemas-ups-smartpro-de-2200va-y-3000va-2u-para-rack-o-torre-garanta-limitada-por-2-aos\/\",\"name\":\"[ Tripp-lite ] &#129351; Bp72vrm2u Bateria Tripp Lite Series Modulo De Bater\u00edas Extendidas [ebm] De 72v Para Sistemas Ups Smartpro De 2200va Y 3000va, 2u Para Rack O Torre. Garant\u00eda Limitada Por 2 A\u00f1os\",\"isPartOf\":{\"@id\":\"https:\/\/compuviper.mx\/tienda\/#website\"},\"datePublished\":\"2026-04-08T06:29:32+00:00\",\"dateModified\":\"2026-04-08T06:29:33+00:00\",\"description\":\"Compra Bp72vrm2u Bateria Tripp Lite Series Modulo De Bater\u00edas Extendidas [ebm] De 72v Para Sistemas Ups Smartpro De 2200va Y 3000va, 2u Para Rack O Torre. Garant\u00eda Limitada Por 2 A\u00f1os + Env\u00edo a domicilio + Pago seguro + Garant\u00eda\",\"breadcrumb\":{\"@id\":\"https:\/\/compuviper.mx\/tienda\/producto\/tripp-lite-bp72vrm2u-bateria-tripp-lite-series-modulo-de-bateras-extendidas-ebm-de-72v-para-sistemas-ups-smartpro-de-2200va-y-3000va-2u-para-rack-o-torre-garanta-limitada-por-2-aos\/#breadcrumb\"},\"inLanguage\":\"es-MX\",\"potentialAction\":[{\"@type\":\"ReadAction\",\"target\":[\"https:\/\/compuviper.mx\/tienda\/producto\/tripp-lite-bp72vrm2u-bateria-tripp-lite-series-modulo-de-bateras-extendidas-ebm-de-72v-para-sistemas-ups-smartpro-de-2200va-y-3000va-2u-para-rack-o-torre-garanta-limitada-por-2-aos\/\"]}]},{\"@type\":\"BreadcrumbList\",\"@id\":\"https:\/\/compuviper.mx\/tienda\/producto\/tripp-lite-bp72vrm2u-bateria-tripp-lite-series-modulo-de-bateras-extendidas-ebm-de-72v-para-sistemas-ups-smartpro-de-2200va-y-3000va-2u-para-rack-o-torre-garanta-limitada-por-2-aos\/#breadcrumb\",\"itemListElement\":[{\"@type\":\"ListItem\",\"position\":1,\"name\":\"Inicio\",\"item\":\"https:\/\/compuviper.mx\/tienda\/\"},{\"@type\":\"ListItem\",\"position\":2,\"name\":\"Productos\",\"item\":\"https:\/\/compuviper.mx\/tienda\/productos\/\"},{\"@type\":\"ListItem\",\"position\":3,\"name\":\"Energia\",\"item\":\"https:\/\/compuviper.mx\/tienda\/categoria-producto\/energia\/\"},{\"@type\":\"ListItem\",\"position\":4,\"name\":\"Bateria\",\"item\":\"https:\/\/compuviper.mx\/tienda\/categoria-producto\/energia\/bateria\/\"},{\"@type\":\"ListItem\",\"position\":5,\"name\":\"Tripp-lite Bp72vrm2u Bateria Tripp Lite Series Modulo De Bater?as Extendidas [ebm] De 72v Para Sistemas Ups Smartpro De 2200va Y 3000va, 2u Para Rack O Torre. Garant?a Limitada Por 2 A?os\"}]},{\"@type\":\"WebSite\",\"@id\":\"https:\/\/compuviper.mx\/tienda\/#website\",\"url\":\"https:\/\/compuviper.mx\/tienda\/\",\"name\":\"Compuviper\",\"description\":\"Proveedor de Computadoras, Laptops, Servidores, Monitores, Puntos de Venta, Teclados,   Impresoras, T\u00f3ner, C\u00e1maras de Seguridad y m\u00e1s en tu tienda en l\u00ednea\",\"publisher\":{\"@id\":\"https:\/\/compuviper.mx\/tienda\/#organization\"},\"potentialAction\":[{\"@type\":\"SearchAction\",\"target\":{\"@type\":\"EntryPoint\",\"urlTemplate\":\"https:\/\/compuviper.mx\/tienda\/?s={search_term_string}\"},\"query-input\":\"required name=search_term_string\"}],\"inLanguage\":\"es-MX\"},{\"@type\":\"Organization\",\"@id\":\"https:\/\/compuviper.mx\/tienda\/#organization\",\"name\":\"Compuviper\",\"url\":\"https:\/\/compuviper.mx\/tienda\/\",\"logo\":{\"@type\":\"ImageObject\",\"inLanguage\":\"es-MX\",\"@id\":\"https:\/\/compuviper.mx\/tienda\/#\/schema\/logo\/image\/\",\"url\":\"https:\/\/compuviper.mx\/tienda\/wp-content\/uploads\/2021\/08\/Logo-Compuviper-10.png\",\"contentUrl\":\"https:\/\/compuviper.mx\/tienda\/wp-content\/uploads\/2021\/08\/Logo-Compuviper-10.png\",\"width\":1000,\"height\":500,\"caption\":\"Compuviper\"},\"image\":{\"@id\":\"https:\/\/compuviper.mx\/tienda\/#\/schema\/logo\/image\/\"},\"sameAs\":[\"https:\/\/www.facebook.com\/compuviper\",\"https:\/\/www.youtube.com\/channel\/UCf73dERp9Y3cfOq7q8BhLjA?view_as=subscriber\"]}]}<\/script>\n<meta property=\"product:brand\" content=\"TRIPP-LITE\" \/>\n<meta property=\"product:price:amount\" content=\"13297\" \/>\n<meta property=\"product:price:currency\" content=\"MXN\" \/>\n<meta property=\"og:availability\" content=\"out of stock\" \/>\n<meta property=\"product:availability\" content=\"out of stock\" \/>\n<meta property=\"product:retailer_item_id\" content=\"BP72VRM2U\" \/>\n<meta property=\"product:condition\" content=\"new\" \/>\n<!-- \/ Yoast SEO plugin. -->","yoast_head_json":{"title":"[ Tripp-lite ] &#129351; Bp72vrm2u Bateria Tripp Lite Series Modulo De Bater\u00edas Extendidas [ebm] De 72v Para Sistemas Ups Smartpro De 2200va Y 3000va, 2u Para Rack O Torre. Garant\u00eda Limitada Por 2 A\u00f1os","description":"Compra Bp72vrm2u Bateria Tripp Lite Series Modulo De Bater\u00edas Extendidas [ebm] De 72v Para Sistemas Ups Smartpro De 2200va Y 3000va, 2u Para Rack O Torre. Garant\u00eda Limitada Por 2 A\u00f1os + Env\u00edo a domicilio + Pago seguro + Garant\u00eda","robots":{"index":"index","follow":"follow","max-snippet":"max-snippet:-1","max-image-preview":"max-image-preview:large","max-video-preview":"max-video-preview:-1"},"canonical":"https:\/\/compuviper.mx\/tienda\/producto\/tripp-lite-bp72vrm2u-bateria-tripp-lite-series-modulo-de-bateras-extendidas-ebm-de-72v-para-sistemas-ups-smartpro-de-2200va-y-3000va-2u-para-rack-o-torre-garanta-limitada-por-2-aos\/","og_locale":"es_MX","og_type":"article","og_title":"[ Tripp-lite ] &#129351; Bp72vrm2u Bateria Tripp Lite Series Modulo De Bater\u00edas Extendidas [ebm] De 72v Para Sistemas Ups Smartpro De 2200va Y 3000va, 2u Para Rack O Torre. Garant\u00eda Limitada Por 2 A\u00f1os","og_description":"Compra Bp72vrm2u Bateria Tripp Lite Series Modulo De Bater\u00edas Extendidas [ebm] De 72v Para Sistemas Ups Smartpro De 2200va Y 3000va, 2u Para Rack O Torre. Garant\u00eda Limitada Por 2 A\u00f1os + Env\u00edo a domicilio + Pago seguro + Garant\u00eda","og_url":"https:\/\/compuviper.mx\/tienda\/producto\/tripp-lite-bp72vrm2u-bateria-tripp-lite-series-modulo-de-bateras-extendidas-ebm-de-72v-para-sistemas-ups-smartpro-de-2200va-y-3000va-2u-para-rack-o-torre-garanta-limitada-por-2-aos\/","og_site_name":"Compuviper","article_publisher":"https:\/\/www.facebook.com\/compuviper","article_modified_time":"2026-04-08T06:29:33+00:00","og_image":[{"width":200,"height":200,"url":"https:\/\/compuviper.mx\/tienda\/wp-content\/uploads\/2024\/09\/Bateria-tripp-lite-bp72vrm2u-series-modulo-de-baterias-extendidas-ebm-de-72v-para-sistemas-ups-smartpro-de-2200va-y-3000va-2u-para-rack-o-torre.-garantia-limitada-por-2-anos.jpg","type":"image\/jpeg"}],"twitter_card":"summary_large_image","twitter_misc":{"Precio":"&#36;13,297 con IVA","Availability":"Out of stock"},"schema":{"@context":"https:\/\/schema.org","@graph":[{"@type":"WebPage","@id":"https:\/\/compuviper.mx\/tienda\/producto\/tripp-lite-bp72vrm2u-bateria-tripp-lite-series-modulo-de-bateras-extendidas-ebm-de-72v-para-sistemas-ups-smartpro-de-2200va-y-3000va-2u-para-rack-o-torre-garanta-limitada-por-2-aos\/","url":"https:\/\/compuviper.mx\/tienda\/producto\/tripp-lite-bp72vrm2u-bateria-tripp-lite-series-modulo-de-bateras-extendidas-ebm-de-72v-para-sistemas-ups-smartpro-de-2200va-y-3000va-2u-para-rack-o-torre-garanta-limitada-por-2-aos\/","name":"[ Tripp-lite ] &#129351; Bp72vrm2u Bateria Tripp Lite Series Modulo De Bater\u00edas Extendidas [ebm] De 72v Para Sistemas Ups Smartpro De 2200va Y 3000va, 2u Para Rack O Torre. Garant\u00eda Limitada Por 2 A\u00f1os","isPartOf":{"@id":"https:\/\/compuviper.mx\/tienda\/#website"},"datePublished":"2026-04-08T06:29:32+00:00","dateModified":"2026-04-08T06:29:33+00:00","description":"Compra Bp72vrm2u Bateria Tripp Lite Series Modulo De Bater\u00edas Extendidas [ebm] De 72v Para Sistemas Ups Smartpro De 2200va Y 3000va, 2u Para Rack O Torre. Garant\u00eda Limitada Por 2 A\u00f1os + Env\u00edo a domicilio + Pago seguro + Garant\u00eda","breadcrumb":{"@id":"https:\/\/compuviper.mx\/tienda\/producto\/tripp-lite-bp72vrm2u-bateria-tripp-lite-series-modulo-de-bateras-extendidas-ebm-de-72v-para-sistemas-ups-smartpro-de-2200va-y-3000va-2u-para-rack-o-torre-garanta-limitada-por-2-aos\/#breadcrumb"},"inLanguage":"es-MX","potentialAction":[{"@type":"ReadAction","target":["https:\/\/compuviper.mx\/tienda\/producto\/tripp-lite-bp72vrm2u-bateria-tripp-lite-series-modulo-de-bateras-extendidas-ebm-de-72v-para-sistemas-ups-smartpro-de-2200va-y-3000va-2u-para-rack-o-torre-garanta-limitada-por-2-aos\/"]}]},{"@type":"BreadcrumbList","@id":"https:\/\/compuviper.mx\/tienda\/producto\/tripp-lite-bp72vrm2u-bateria-tripp-lite-series-modulo-de-bateras-extendidas-ebm-de-72v-para-sistemas-ups-smartpro-de-2200va-y-3000va-2u-para-rack-o-torre-garanta-limitada-por-2-aos\/#breadcrumb","itemListElement":[{"@type":"ListItem","position":1,"name":"Inicio","item":"https:\/\/compuviper.mx\/tienda\/"},{"@type":"ListItem","position":2,"name":"Productos","item":"https:\/\/compuviper.mx\/tienda\/productos\/"},{"@type":"ListItem","position":3,"name":"Energia","item":"https:\/\/compuviper.mx\/tienda\/categoria-producto\/energia\/"},{"@type":"ListItem","position":4,"name":"Bateria","item":"https:\/\/compuviper.mx\/tienda\/categoria-producto\/energia\/bateria\/"},{"@type":"ListItem","position":5,"name":"Tripp-lite Bp72vrm2u Bateria Tripp Lite Series Modulo De Bater?as Extendidas [ebm] De 72v Para Sistemas Ups Smartpro De 2200va Y 3000va, 2u Para Rack O Torre. Garant?a Limitada Por 2 A?os"}]},{"@type":"WebSite","@id":"https:\/\/compuviper.mx\/tienda\/#website","url":"https:\/\/compuviper.mx\/tienda\/","name":"Compuviper","description":"Proveedor de Computadoras, Laptops, Servidores, Monitores, Puntos de Venta, Teclados,   Impresoras, T\u00f3ner, C\u00e1maras de Seguridad y m\u00e1s en tu tienda en l\u00ednea","publisher":{"@id":"https:\/\/compuviper.mx\/tienda\/#organization"},"potentialAction":[{"@type":"SearchAction","target":{"@type":"EntryPoint","urlTemplate":"https:\/\/compuviper.mx\/tienda\/?s={search_term_string}"},"query-input":"required name=search_term_string"}],"inLanguage":"es-MX"},{"@type":"Organization","@id":"https:\/\/compuviper.mx\/tienda\/#organization","name":"Compuviper","url":"https:\/\/compuviper.mx\/tienda\/","logo":{"@type":"ImageObject","inLanguage":"es-MX","@id":"https:\/\/compuviper.mx\/tienda\/#\/schema\/logo\/image\/","url":"https:\/\/compuviper.mx\/tienda\/wp-content\/uploads\/2021\/08\/Logo-Compuviper-10.png","contentUrl":"https:\/\/compuviper.mx\/tienda\/wp-content\/uploads\/2021\/08\/Logo-Compuviper-10.png","width":1000,"height":500,"caption":"Compuviper"},"image":{"@id":"https:\/\/compuviper.mx\/tienda\/#\/schema\/logo\/image\/"},"sameAs":["https:\/\/www.facebook.com\/compuviper","https:\/\/www.youtube.com\/channel\/UCf73dERp9Y3cfOq7q8BhLjA?view_as=subscriber"]}]},"product_brand":"TRIPP-LITE","product_price_amount":"13297","product_price_currency":"MXN","og_availability":"out of stock","product_availability":"out of stock","product_retailer_item_id":"BP72VRM2U","product_condition":"new"},"_links":{"self":[{"href":"https:\/\/compuviper.mx\/tienda\/wp-json\/wp\/v2\/product\/217752"}],"collection":[{"href":"https:\/\/compuviper.mx\/tienda\/wp-json\/wp\/v2\/product"}],"about":[{"href":"https:\/\/compuviper.mx\/tienda\/wp-json\/wp\/v2\/types\/product"}],"replies":[{"embeddable":true,"href":"https:\/\/compuviper.mx\/tienda\/wp-json\/wp\/v2\/comments?post=217752"}],"wp:featuredmedia":[{"embeddable":true,"href":"https:\/\/compuviper.mx\/tienda\/wp-json\/wp\/v2\/media\/242551"}],"wp:attachment":[{"href":"https:\/\/compuviper.mx\/tienda\/wp-json\/wp\/v2\/media?parent=217752"}],"wp:term":[{"taxonomy":"product_cat","embeddable":true,"href":"https:\/\/compuviper.mx\/tienda\/wp-json\/wp\/v2\/product_cat?post=217752"},{"taxonomy":"product_tag","embeddable":true,"href":"https:\/\/compuviper.mx\/tienda\/wp-json\/wp\/v2\/product_tag?post=217752"}],"curies":[{"name":"wp","href":"https:\/\/api.w.org\/{rel}","templated":true}]}}