{"id":217742,"date":"2026-04-02T00:27:26","date_gmt":"2026-04-02T06:27:26","guid":{"rendered":"https:\/\/compuviper.mx\/tienda\/producto\/complet-ups-1-092-ups-2kva-2000va-2000w-on-line-senoidal-doble-conversion-alta-frecuencia-signal-gabinete-torre-rack-120v-entrada-salida-respaldo-15-mins-carga-tipica-9-mins-carga-media-3-mins-carga\/"},"modified":"2026-04-02T00:27:26","modified_gmt":"2026-04-02T06:27:26","slug":"complet-ups-1-092-ups-2kva-2000va-2000w-on-line-senoidal-doble-conversion-alta-frecuencia-signal-gabinete-torre-rack-120v-entrada-salida-respaldo-15-mins-carga-tipica-9-mins-carga-media-3-mins-carga","status":"publish","type":"product","link":"https:\/\/compuviper.mx\/tienda\/producto\/complet-ups-1-092-ups-2kva-2000va-2000w-on-line-senoidal-doble-conversion-alta-frecuencia-signal-gabinete-torre-rack-120v-entrada-salida-respaldo-15-mins-carga-tipica-9-mins-carga-media-3-mins-carga\/","title":{"rendered":"Complet Ups-1-092 Ups 2kva 2000va\/2000w On Line Senoidal Doble Conversion Alta Frecuencia Signal Gabinete Torre\/rack 120v Entrada\/salida Respaldo 15 Mins Carga Tipica, 9 Mins Carga Media\/3 Mins Carga Maxima 8 Ctos."},"content":{"rendered":"<table class=\"descripcion\">\n<tr>\n<td>Modelo signal 2kt120m<\/td>\n<\/tr>\n<tr>\n<td>N\u00famero de parte ups-1-092<\/td>\n<\/tr>\n<tr>\n<td>Potencia en l\u00ednea y en respaldo (va) 2 000<\/td>\n<\/tr>\n<tr>\n<td>Potencia en l\u00ednea y en respaldo (w) 2 000<\/td>\n<\/tr>\n<tr>\n<td>Factor de potencia a la salida  0.99<\/td>\n<\/tr>\n<tr>\n<td>Montaje rack 3u \/ torre<\/td>\n<\/tr>\n<tr>\n<td>Par\u00e1metros de entrada<\/td>\n<\/tr>\n<tr>\n<td>Voltaje nominal de entrada soportado (vca) 120<\/td>\n<\/tr>\n<tr>\n<td>Rango de voltaje de entrada (voltaje sin entrar a modo<\/td>\n<\/tr>\n<tr>\n<td>Respaldo) (vca) 90-140<\/td>\n<\/tr>\n<tr>\n<td>Factor de potencia a la entrada  and #8805;0.99 @ 100% de carga<\/td>\n<\/tr>\n<tr>\n<td>Fase de entrada 1f+n+gnd<\/td>\n<\/tr>\n<tr>\n<td>Frecuencia de entrada (hz) 50\/60 (auto sensible)<\/td>\n<\/tr>\n<tr>\n<td>Rango de frecuencia de entrada (hz) \u00b1 6<\/td>\n<\/tr>\n<tr>\n<td>Corriente m\u00e1xima de entrada (a) 24.8<\/td>\n<\/tr>\n<tr>\n<td>Tipo de conexi\u00f3n de entrada nema 5-15p<\/td>\n<\/tr>\n<tr>\n<td>Interruptor termomagn\u00e9tico de entrada (a) 40<\/td>\n<\/tr>\n<tr>\n<td>Limite de corriente (a) 9.5<\/td>\n<\/tr>\n<tr>\n<td>Distorsi\u00f3n arm\u00f3nica thdi  and #8804;4% (carga lineal);  and #8804;6% (carga no lineal)<\/td>\n<\/tr>\n<tr>\n<td>Regulaci\u00f3n de voltaje<\/td>\n<\/tr>\n<tr>\n<td>Descripci\u00f3n de la regulaci\u00f3n de voltaje en l\u00ednea regulaci\u00f3n por pwm<\/td>\n<\/tr>\n<tr>\n<td>Correcci\u00f3n de sobrevoltaje 1%<\/td>\n<\/tr>\n<tr>\n<td>Correcci\u00f3n de bajo voltaje 1%<\/td>\n<\/tr>\n<tr>\n<td>Par\u00e1metros de salida<\/td>\n<\/tr>\n<tr>\n<td>Topolog\u00eda 1f + n + gnd<\/td>\n<\/tr>\n<tr>\n<td>Potencia de salida (va) 2 000<\/td>\n<\/tr>\n<tr>\n<td>Potencia de salida (w) 2 000<\/td>\n<\/tr>\n<tr>\n<td>Factor de potencia   0.99<\/td>\n<\/tr>\n<tr>\n<td>Factor de cresta 3:1<\/td>\n<\/tr>\n<tr>\n<td>Voltaje nominal de salida en l\u00ednea (configurable) (vca) 100\/110\/115\/120\/127<\/td>\n<\/tr>\n<tr>\n<td>Voltaje nominal de salida en respaldo (configurable)<\/td>\n<\/tr>\n<tr>\n<td>(vca) 100\/110\/115\/120\/127<\/td>\n<\/tr>\n<tr>\n<td>Ups-1-092c o m p l et . mx<\/td>\n<\/tr>\n<tr>\n<td>4<\/td>\n<\/tr>\n<tr>\n<td>Forma de onda de ca de salida (modo de l\u00ednea) senoidal<\/td>\n<\/tr>\n<tr>\n<td>Forma de onda de ca de salida (modo respaldo) senoidal<\/td>\n<\/tr>\n<tr>\n<td>Regulaci\u00f3n del voltaje de salida ca (modo l\u00ednea) \u00b1 1%<\/td>\n<\/tr>\n<tr>\n<td>Regulaci\u00f3n del voltaje de salida ca (modo respaldo) \u00b1 1%<\/td>\n<\/tr>\n<tr>\n<td>Corriente m\u00e1x. salida (a factor de potencia especificado)<\/td>\n<\/tr>\n<tr>\n<td>(a) 22.4<\/td>\n<\/tr>\n<tr>\n<td>Frecuencia nominal de salida en modo l\u00ednea<\/td>\n<\/tr>\n<tr>\n<td>(configurable) (hz) 50\/60<\/td>\n<\/tr>\n<tr>\n<td>Frecuencia nominal de salida en modo respaldo<\/td>\n<\/tr>\n<tr>\n<td>(configurable) (hz) 50\/60<\/td>\n<\/tr>\n<tr>\n<td>Rango de frecuencia de salida (hz) \u00b1 0.1%<\/td>\n<\/tr>\n<tr>\n<td>Eficiencia del modo l\u00ednea (100% de carga) 94.5%<\/td>\n<\/tr>\n<tr>\n<td>Eficiencia del modo respaldo (100% de carga) 92.5%<\/td>\n<\/tr>\n<tr>\n<td>Eficiencia del modo econ\u00f3mico (eco) de ca (100% de<\/td>\n<\/tr>\n<tr>\n<td>Carga)  60w<\/td>\n<\/tr>\n<tr>\n<td>Capacidad de sobrecarga en modo l\u00ednea 150%<\/td>\n<\/tr>\n<tr>\n<td>Capacidad de sobrecarga en modo respaldo 150%<\/td>\n<\/tr>\n<tr>\n<td>Protecci\u00f3n de sobrecarga en modo respaldo electr\u00f3nico<\/td>\n<\/tr>\n<tr>\n<td>Tipo de conexi\u00f3n de salida nema 5-15r<\/td>\n<\/tr>\n<tr>\n<td>Distorsi\u00f3n arm\u00f3nica (carga lineal) (thd)  and #8804;2%<\/td>\n<\/tr>\n<tr>\n<td>Distorsi\u00f3n arm\u00f3nica (carga no lineal) (thd)  and #8804;4%<\/td>\n<\/tr>\n<tr>\n<td>Tiempo de transferencia l\u00ednea \/ bater\u00eda<\/td>\n<\/tr>\n<tr>\n<td>Tiempo de transferencia 0<\/td>\n<\/tr>\n<tr>\n<td>Transferencia de bajo voltaje a energ\u00eda de bater\u00eda<\/td>\n<\/tr>\n<tr>\n<td>(calibraci\u00f3n) (vca) 0<\/td>\n<\/tr>\n<tr>\n<td>Transferencia de alto voltaje a energ\u00eda de bater\u00eda<\/td>\n<\/tr>\n<tr>\n<td>(calibraci\u00f3n) (vca) 0<\/td>\n<\/tr>\n<tr>\n<td>Bater\u00eda<\/td>\n<\/tr>\n<tr>\n<td>Tipo de bater\u00eda interna vrla (plomo \u00e1cido)<\/td>\n<\/tr>\n<tr>\n<td>Voltaje nominal de la bater\u00eda (vdc) 12.0<\/td>\n<\/tr>\n<tr>\n<td>Capacidad de la bater\u00eda (ah) 9.0<\/td>\n<\/tr>\n<tr>\n<td>No. de bater\u00edas internas 4<\/td>\n<\/tr>\n<tr>\n<td>Voltaje cd del sistema (vdc) 48.0<\/td>\n<\/tr>\n<tr>\n<td>Tiempo de respaldo a carga m\u00e1xima (minutos) 3.0<\/td>\n<\/tr>\n<tr>\n<td>Tiempo de respaldo a carga media (minutos) 9.0<\/td>\n<\/tr>\n<tr>\n<td>Tiempo de recarga de bater\u00edas incluidas (horas) 4-6<\/td>\n<\/tr>\n<tr>\n<td>M\u00e1xima corriente de carga (configurable) (a) 1.0<\/td>\n<\/tr>\n<tr>\n<td>Ups-1-092c o m p l et . mx<\/td>\n<\/tr>\n<tr>\n<td>5<\/td>\n<\/tr>\n<tr>\n<td>Voltaje de carga (vdc) 54.0<\/td>\n<\/tr>\n<tr>\n<td>Voltaje m\u00ednimo al final de la descarga (vdc) 40.0<\/td>\n<\/tr>\n<tr>\n<td>Autonom\u00eda ampliable por m\u00f3dulo de bater\u00edas externo 3 min<\/td>\n<\/tr>\n<tr>\n<td>Supresi\u00f3n de sobrecarga \/ ruido<\/td>\n<\/tr>\n<tr>\n<td>Supresor de picos el\u00e9ctricos (j) 150<\/td>\n<\/tr>\n<tr>\n<td>Supresi\u00f3n de ruido emi\/rfi en ca s\u00ed<\/td>\n<\/tr>\n<tr>\n<td>Tiempo de respuesta de supresi\u00f3n ca 8*20 and #956;s<\/td>\n<\/tr>\n<tr>\n<td>Interfaz de usuario,<\/td>\n<\/tr>\n<tr>\n<td>Alertas y controles<\/td>\n<\/tr>\n<tr>\n<td>Pantalla lcd<\/td>\n<\/tr>\n<tr>\n<td>Disponible<\/td>\n<\/tr>\n<tr>\n<td>Botones y\/o interruptor<\/td>\n<\/tr>\n<tr>\n<td>Alarma ac\u00fastica<\/td>\n<\/tr>\n<tr>\n<td>Alarma modo bypass<\/td>\n<\/tr>\n<tr>\n<td>Alarma modo de respaldo<\/td>\n<\/tr>\n<tr>\n<td>Alarma bater\u00eda baja<\/td>\n<\/tr>\n<tr>\n<td>Alarma sobrecarga<\/td>\n<\/tr>\n<tr>\n<td>Alarma falla<\/td>\n<\/tr>\n<tr>\n<td>Operaci\u00f3n para cancelar la alarma<\/td>\n<\/tr>\n<tr>\n<td>Caracter\u00edsticas f\u00edsicas<\/td>\n<\/tr>\n<tr>\n<td>Factor de forma primario 1.11<\/td>\n<\/tr>\n<tr>\n<td>M\u00e9todo de enfriamiento ventiladores<\/td>\n<\/tr>\n<tr>\n<td>Profundidad del ups (cm) 56.0<\/td>\n<\/tr>\n<tr>\n<td>Ancho del ups (cm) 43.0<\/td>\n<\/tr>\n<tr>\n<td>Altura del ups (cm) 13.3<\/td>\n<\/tr>\n<tr>\n<td>Peso del ups (kg) 21.0<\/td>\n<\/tr>\n<tr>\n<td>Material del gabinete l\u00e1mina de acero #18<\/td>\n<\/tr>\n<tr>\n<td>Color negro<\/td>\n<\/tr>\n<tr>\n<td>Profundidad del ups con empaque (cm) 66.0<\/td>\n<\/tr>\n<tr>\n<td>Ancho del ups con empaque (cm) 53.0<\/td>\n<\/tr>\n<tr>\n<td>Alto del ups con empaque (cm) 23.0<\/td>\n<\/tr>\n<tr>\n<td>Peso con empaque (kg) 22.0<\/td>\n<\/tr>\n<tr>\n<td>Par\u00e1metros ambientales<\/td>\n<\/tr>\n<tr>\n<td>Rango de temperatura de operaci\u00f3n (\u00b0c) 0\u00b0c-40\u00b0c<\/td>\n<\/tr>\n<tr>\n<td>Rango de temperatura de almacenamiento (\u00b0c) -25\u00b0c -45\u00b0c<\/td>\n<\/tr>\n<tr>\n<td>Humedad relativa de operaci\u00f3n 20%-95%<\/td>\n<\/tr>\n<tr>\n<td>Ups-1-092c o m p l et . mx<\/td>\n<\/tr>\n<tr>\n<td>6<\/td>\n<\/tr>\n<tr>\n<td>Altitud 4,000 m.s.n.m referencia iec62040<\/td>\n<\/tr>\n<tr>\n<td>Ruido audible  50db<\/td>\n<\/tr>\n<tr>\n<td>Comunicaciones<\/td>\n<\/tr>\n<tr>\n<td>Interfaz de comunicaciones<\/td>\n<\/tr>\n<tr>\n<td>Disponibletarjetas de administraci\u00f3n de red (opcional)<\/td>\n<\/tr>\n<tr>\n<td>Descripci\u00f3n del puerto usb y rs-232<\/td>\n<\/tr>\n<tr>\n<td>Descripci\u00f3n del puerto de monitoreo de red snmp<\/td>\n<\/tr>\n<tr>\n<td>Software power manager ii disponible<\/td>\n<\/tr>\n<tr>\n<td>Cable de comunicaciones no disponible<\/td>\n<\/tr>\n<tr>\n<td>Caracter\u00edsticas \/ especificaciones<\/td>\n<\/tr>\n<tr>\n<td>Arranque en fr\u00edo (arranque en modo de bater\u00eda durante<\/td>\n<\/tr>\n<tr>\n<td>Una falla del suministro el\u00e9ctrico) disponible<\/td>\n<\/tr>\n<tr>\n<td>Funciones del ups de alta disponibilidad<\/td>\n<\/tr>\n<tr>\n<td>Certificaciones<\/td>\n<\/tr>\n<tr>\n<td>Detalles de la certificaci\u00f3n<\/td>\n<\/tr>\n<tr>\n<td>Nom-001-scfi-2018, \/ nmx-i-163-nyce \/iso<\/td>\n<\/tr>\n<tr>\n<td>9001:2018<\/td>\n<\/tr>\n<tr>\n<td>En\/iec 61000, en\/iec62040, gb\/t 4943, yd\/<\/td>\n<\/tr>\n<tr>\n<td>T1095, tlc.<\/td>\n<\/tr>\n<tr>\n<td>Garant\u00eda<\/td>\n<\/tr>\n<tr>\n<td>Periodo de garant\u00eda del producto* 24 meses<\/td>\n<\/tr>\n<tr>\n<td>Sustituci\u00f3n inmediata 6 meses<\/td>\n<\/tr>\n<tr>\n<td>Garant\u00eda en bater\u00edas* 12 meses<\/td>\n<\/tr>\n<tr>\n<td>Tipo de garant\u00eda est\u00e1ndar 8\/5 (8 horas laborales \/ 5 d\u00edas h\u00e1biles)<\/td>\n<\/tr>\n<\/table>\n","protected":false},"excerpt":{"rendered":"<p>La nueva familia de ups on line de complet. Equipos profesionales orientados a negocios que buscan continuidad en su operacion. Con sistema de doble conversion ofrecen una proteccion sin igual ya que aislan por. Completo de disturbios que existen en la red electrica comercial.<\/p>\n","protected":false},"featured_media":217743,"comment_status":"open","ping_status":"open","template":"","meta":[],"product_cat":[1508,1691],"product_tag":[1697],"acf":[],"yoast_head":"<!-- This site is optimized with the Yoast SEO plugin v21.7 - https:\/\/yoast.com\/wordpress\/plugins\/seo\/ -->\n<title>[ Complet ] &#129351; Ups-1-092 Ups 2kva 2000va\/2000w On Line Senoidal Doble Conversion Alta Frecuencia Signal Gabinete Torre\/rack 120v Entrada\/salida Respaldo 15 Mins Carga Tipica, 9 Mins Carga Media\/3 Mins Carga Maxima 8 Ctos.<\/title>\n<meta name=\"description\" content=\"Compra Ups-1-092 Ups 2kva 2000va\/2000w On Line Senoidal Doble Conversion Alta Frecuencia Signal Gabinete Torre\/rack 120v Entrada\/salida Respaldo 15 Mins Carga Tipica, 9 Mins Carga Media\/3 Mins Carga Maxima 8 Ctos. + Env\u00edo a domicilio + Pago seguro + Garant\u00eda\" \/>\n<meta name=\"robots\" content=\"index, follow, max-snippet:-1, max-image-preview:large, max-video-preview:-1\" \/>\n<link rel=\"canonical\" href=\"https:\/\/compuviper.mx\/tienda\/producto\/complet-ups-1-092-ups-2kva-2000va-2000w-on-line-senoidal-doble-conversion-alta-frecuencia-signal-gabinete-torre-rack-120v-entrada-salida-respaldo-15-mins-carga-tipica-9-mins-carga-media-3-mins-carga\/\" \/>\n<meta property=\"og:locale\" content=\"es_MX\" \/>\n<meta property=\"og:type\" content=\"article\" \/>\n<meta property=\"og:title\" content=\"[ Complet ] &#129351; Ups-1-092 Ups 2kva 2000va\/2000w On Line Senoidal Doble Conversion Alta Frecuencia Signal Gabinete Torre\/rack 120v Entrada\/salida Respaldo 15 Mins Carga Tipica, 9 Mins Carga Media\/3 Mins Carga Maxima 8 Ctos.\" \/>\n<meta property=\"og:description\" content=\"Compra Ups-1-092 Ups 2kva 2000va\/2000w On Line Senoidal Doble Conversion Alta Frecuencia Signal Gabinete Torre\/rack 120v Entrada\/salida Respaldo 15 Mins Carga Tipica, 9 Mins Carga Media\/3 Mins Carga Maxima 8 Ctos. + Env\u00edo a domicilio + Pago seguro + Garant\u00eda\" \/>\n<meta property=\"og:url\" content=\"https:\/\/compuviper.mx\/tienda\/producto\/complet-ups-1-092-ups-2kva-2000va-2000w-on-line-senoidal-doble-conversion-alta-frecuencia-signal-gabinete-torre-rack-120v-entrada-salida-respaldo-15-mins-carga-tipica-9-mins-carga-media-3-mins-carga\/\" \/>\n<meta property=\"og:site_name\" content=\"Compuviper\" \/>\n<meta property=\"article:publisher\" content=\"https:\/\/www.facebook.com\/compuviper\" \/>\n<meta property=\"og:image\" content=\"https:\/\/compuviper.mx\/tienda\/wp-content\/uploads\/2023\/12\/Ups-2kva-2000va2000w-on-line-senoidal-doble-conversion-alta-frecuencia-signal-gabinete-torrerack-120v-entradasalida-respaldo-15-mins-carga-tipica-9-mins-carga-media3-mins-carga-maxima-8-ctos.jpg\" \/>\n\t<meta property=\"og:image:width\" content=\"200\" \/>\n\t<meta property=\"og:image:height\" content=\"200\" \/>\n\t<meta property=\"og:image:type\" content=\"image\/jpeg\" \/>\n<meta name=\"twitter:card\" content=\"summary_large_image\" \/>\n<meta name=\"twitter:label1\" content=\"Precio\" \/>\n\t<meta name=\"twitter:data1\" content=\"&#36;10,634 con IVA\" \/>\n\t<meta name=\"twitter:label2\" content=\"Availability\" \/>\n\t<meta name=\"twitter:data2\" content=\"Out of stock\" \/>\n<script type=\"application\/ld+json\" class=\"yoast-schema-graph\">{\"@context\":\"https:\/\/schema.org\",\"@graph\":[{\"@type\":\"WebPage\",\"@id\":\"https:\/\/compuviper.mx\/tienda\/producto\/complet-ups-1-092-ups-2kva-2000va-2000w-on-line-senoidal-doble-conversion-alta-frecuencia-signal-gabinete-torre-rack-120v-entrada-salida-respaldo-15-mins-carga-tipica-9-mins-carga-media-3-mins-carga\/\",\"url\":\"https:\/\/compuviper.mx\/tienda\/producto\/complet-ups-1-092-ups-2kva-2000va-2000w-on-line-senoidal-doble-conversion-alta-frecuencia-signal-gabinete-torre-rack-120v-entrada-salida-respaldo-15-mins-carga-tipica-9-mins-carga-media-3-mins-carga\/\",\"name\":\"[ Complet ] &#129351; Ups-1-092 Ups 2kva 2000va\/2000w On Line Senoidal Doble Conversion Alta Frecuencia Signal Gabinete Torre\/rack 120v Entrada\/salida Respaldo 15 Mins Carga Tipica, 9 Mins Carga Media\/3 Mins Carga Maxima 8 Ctos.\",\"isPartOf\":{\"@id\":\"https:\/\/compuviper.mx\/tienda\/#website\"},\"datePublished\":\"2026-04-02T06:27:26+00:00\",\"dateModified\":\"2026-04-02T06:27:26+00:00\",\"description\":\"Compra Ups-1-092 Ups 2kva 2000va\/2000w On Line Senoidal Doble Conversion Alta Frecuencia Signal Gabinete Torre\/rack 120v Entrada\/salida Respaldo 15 Mins Carga Tipica, 9 Mins Carga Media\/3 Mins Carga Maxima 8 Ctos. + Env\u00edo a domicilio + Pago seguro + Garant\u00eda\",\"breadcrumb\":{\"@id\":\"https:\/\/compuviper.mx\/tienda\/producto\/complet-ups-1-092-ups-2kva-2000va-2000w-on-line-senoidal-doble-conversion-alta-frecuencia-signal-gabinete-torre-rack-120v-entrada-salida-respaldo-15-mins-carga-tipica-9-mins-carga-media-3-mins-carga\/#breadcrumb\"},\"inLanguage\":\"es-MX\",\"potentialAction\":[{\"@type\":\"ReadAction\",\"target\":[\"https:\/\/compuviper.mx\/tienda\/producto\/complet-ups-1-092-ups-2kva-2000va-2000w-on-line-senoidal-doble-conversion-alta-frecuencia-signal-gabinete-torre-rack-120v-entrada-salida-respaldo-15-mins-carga-tipica-9-mins-carga-media-3-mins-carga\/\"]}]},{\"@type\":\"BreadcrumbList\",\"@id\":\"https:\/\/compuviper.mx\/tienda\/producto\/complet-ups-1-092-ups-2kva-2000va-2000w-on-line-senoidal-doble-conversion-alta-frecuencia-signal-gabinete-torre-rack-120v-entrada-salida-respaldo-15-mins-carga-tipica-9-mins-carga-media-3-mins-carga\/#breadcrumb\",\"itemListElement\":[{\"@type\":\"ListItem\",\"position\":1,\"name\":\"Inicio\",\"item\":\"https:\/\/compuviper.mx\/tienda\/\"},{\"@type\":\"ListItem\",\"position\":2,\"name\":\"Productos\",\"item\":\"https:\/\/compuviper.mx\/tienda\/productos\/\"},{\"@type\":\"ListItem\",\"position\":3,\"name\":\"Energia\",\"item\":\"https:\/\/compuviper.mx\/tienda\/categoria-producto\/energia\/\"},{\"@type\":\"ListItem\",\"position\":4,\"name\":\"No Break\",\"item\":\"https:\/\/compuviper.mx\/tienda\/categoria-producto\/energia\/no-break\/\"},{\"@type\":\"ListItem\",\"position\":5,\"name\":\"Complet Ups-1-092 Ups 2kva 2000va\/2000w On Line Senoidal Doble Conversion Alta Frecuencia Signal Gabinete Torre\/rack 120v Entrada\/salida Respaldo 15 Mins Carga Tipica, 9 Mins Carga Media\/3 Mins Carga Maxima 8 Ctos.\"}]},{\"@type\":\"WebSite\",\"@id\":\"https:\/\/compuviper.mx\/tienda\/#website\",\"url\":\"https:\/\/compuviper.mx\/tienda\/\",\"name\":\"Compuviper\",\"description\":\"Proveedor de Computadoras, Laptops, Servidores, Monitores, Puntos de Venta, Teclados,   Impresoras, T\u00f3ner, C\u00e1maras de Seguridad y m\u00e1s en tu tienda en l\u00ednea\",\"publisher\":{\"@id\":\"https:\/\/compuviper.mx\/tienda\/#organization\"},\"potentialAction\":[{\"@type\":\"SearchAction\",\"target\":{\"@type\":\"EntryPoint\",\"urlTemplate\":\"https:\/\/compuviper.mx\/tienda\/?s={search_term_string}\"},\"query-input\":\"required name=search_term_string\"}],\"inLanguage\":\"es-MX\"},{\"@type\":\"Organization\",\"@id\":\"https:\/\/compuviper.mx\/tienda\/#organization\",\"name\":\"Compuviper\",\"url\":\"https:\/\/compuviper.mx\/tienda\/\",\"logo\":{\"@type\":\"ImageObject\",\"inLanguage\":\"es-MX\",\"@id\":\"https:\/\/compuviper.mx\/tienda\/#\/schema\/logo\/image\/\",\"url\":\"https:\/\/compuviper.mx\/tienda\/wp-content\/uploads\/2021\/08\/Logo-Compuviper-10.png\",\"contentUrl\":\"https:\/\/compuviper.mx\/tienda\/wp-content\/uploads\/2021\/08\/Logo-Compuviper-10.png\",\"width\":1000,\"height\":500,\"caption\":\"Compuviper\"},\"image\":{\"@id\":\"https:\/\/compuviper.mx\/tienda\/#\/schema\/logo\/image\/\"},\"sameAs\":[\"https:\/\/www.facebook.com\/compuviper\",\"https:\/\/www.youtube.com\/channel\/UCf73dERp9Y3cfOq7q8BhLjA?view_as=subscriber\"]}]}<\/script>\n<meta property=\"product:brand\" content=\"COMPLET\" \/>\n<meta property=\"product:price:amount\" content=\"10634\" \/>\n<meta property=\"product:price:currency\" content=\"MXN\" \/>\n<meta property=\"og:availability\" content=\"out of stock\" \/>\n<meta property=\"product:availability\" content=\"out of stock\" \/>\n<meta property=\"product:retailer_item_id\" content=\"UPS-1-092\" \/>\n<meta property=\"product:condition\" content=\"new\" \/>\n<!-- \/ Yoast SEO plugin. -->","yoast_head_json":{"title":"[ Complet ] &#129351; Ups-1-092 Ups 2kva 2000va\/2000w On Line Senoidal Doble Conversion Alta Frecuencia Signal Gabinete Torre\/rack 120v Entrada\/salida Respaldo 15 Mins Carga Tipica, 9 Mins Carga Media\/3 Mins Carga Maxima 8 Ctos.","description":"Compra Ups-1-092 Ups 2kva 2000va\/2000w On Line Senoidal Doble Conversion Alta Frecuencia Signal Gabinete Torre\/rack 120v Entrada\/salida Respaldo 15 Mins Carga Tipica, 9 Mins Carga Media\/3 Mins Carga Maxima 8 Ctos. + Env\u00edo a domicilio + Pago seguro + Garant\u00eda","robots":{"index":"index","follow":"follow","max-snippet":"max-snippet:-1","max-image-preview":"max-image-preview:large","max-video-preview":"max-video-preview:-1"},"canonical":"https:\/\/compuviper.mx\/tienda\/producto\/complet-ups-1-092-ups-2kva-2000va-2000w-on-line-senoidal-doble-conversion-alta-frecuencia-signal-gabinete-torre-rack-120v-entrada-salida-respaldo-15-mins-carga-tipica-9-mins-carga-media-3-mins-carga\/","og_locale":"es_MX","og_type":"article","og_title":"[ Complet ] &#129351; Ups-1-092 Ups 2kva 2000va\/2000w On Line Senoidal Doble Conversion Alta Frecuencia Signal Gabinete Torre\/rack 120v Entrada\/salida Respaldo 15 Mins Carga Tipica, 9 Mins Carga Media\/3 Mins Carga Maxima 8 Ctos.","og_description":"Compra Ups-1-092 Ups 2kva 2000va\/2000w On Line Senoidal Doble Conversion Alta Frecuencia Signal Gabinete Torre\/rack 120v Entrada\/salida Respaldo 15 Mins Carga Tipica, 9 Mins Carga Media\/3 Mins Carga Maxima 8 Ctos. + Env\u00edo a domicilio + Pago seguro + Garant\u00eda","og_url":"https:\/\/compuviper.mx\/tienda\/producto\/complet-ups-1-092-ups-2kva-2000va-2000w-on-line-senoidal-doble-conversion-alta-frecuencia-signal-gabinete-torre-rack-120v-entrada-salida-respaldo-15-mins-carga-tipica-9-mins-carga-media-3-mins-carga\/","og_site_name":"Compuviper","article_publisher":"https:\/\/www.facebook.com\/compuviper","og_image":[{"width":200,"height":200,"url":"https:\/\/compuviper.mx\/tienda\/wp-content\/uploads\/2023\/12\/Ups-2kva-2000va2000w-on-line-senoidal-doble-conversion-alta-frecuencia-signal-gabinete-torrerack-120v-entradasalida-respaldo-15-mins-carga-tipica-9-mins-carga-media3-mins-carga-maxima-8-ctos.jpg","type":"image\/jpeg"}],"twitter_card":"summary_large_image","twitter_misc":{"Precio":"&#36;10,634 con IVA","Availability":"Out of stock"},"schema":{"@context":"https:\/\/schema.org","@graph":[{"@type":"WebPage","@id":"https:\/\/compuviper.mx\/tienda\/producto\/complet-ups-1-092-ups-2kva-2000va-2000w-on-line-senoidal-doble-conversion-alta-frecuencia-signal-gabinete-torre-rack-120v-entrada-salida-respaldo-15-mins-carga-tipica-9-mins-carga-media-3-mins-carga\/","url":"https:\/\/compuviper.mx\/tienda\/producto\/complet-ups-1-092-ups-2kva-2000va-2000w-on-line-senoidal-doble-conversion-alta-frecuencia-signal-gabinete-torre-rack-120v-entrada-salida-respaldo-15-mins-carga-tipica-9-mins-carga-media-3-mins-carga\/","name":"[ Complet ] &#129351; Ups-1-092 Ups 2kva 2000va\/2000w On Line Senoidal Doble Conversion Alta Frecuencia Signal Gabinete Torre\/rack 120v Entrada\/salida Respaldo 15 Mins Carga Tipica, 9 Mins Carga Media\/3 Mins Carga Maxima 8 Ctos.","isPartOf":{"@id":"https:\/\/compuviper.mx\/tienda\/#website"},"datePublished":"2026-04-02T06:27:26+00:00","dateModified":"2026-04-02T06:27:26+00:00","description":"Compra Ups-1-092 Ups 2kva 2000va\/2000w On Line Senoidal Doble Conversion Alta Frecuencia Signal Gabinete Torre\/rack 120v Entrada\/salida Respaldo 15 Mins Carga Tipica, 9 Mins Carga Media\/3 Mins Carga Maxima 8 Ctos. + Env\u00edo a domicilio + Pago seguro + Garant\u00eda","breadcrumb":{"@id":"https:\/\/compuviper.mx\/tienda\/producto\/complet-ups-1-092-ups-2kva-2000va-2000w-on-line-senoidal-doble-conversion-alta-frecuencia-signal-gabinete-torre-rack-120v-entrada-salida-respaldo-15-mins-carga-tipica-9-mins-carga-media-3-mins-carga\/#breadcrumb"},"inLanguage":"es-MX","potentialAction":[{"@type":"ReadAction","target":["https:\/\/compuviper.mx\/tienda\/producto\/complet-ups-1-092-ups-2kva-2000va-2000w-on-line-senoidal-doble-conversion-alta-frecuencia-signal-gabinete-torre-rack-120v-entrada-salida-respaldo-15-mins-carga-tipica-9-mins-carga-media-3-mins-carga\/"]}]},{"@type":"BreadcrumbList","@id":"https:\/\/compuviper.mx\/tienda\/producto\/complet-ups-1-092-ups-2kva-2000va-2000w-on-line-senoidal-doble-conversion-alta-frecuencia-signal-gabinete-torre-rack-120v-entrada-salida-respaldo-15-mins-carga-tipica-9-mins-carga-media-3-mins-carga\/#breadcrumb","itemListElement":[{"@type":"ListItem","position":1,"name":"Inicio","item":"https:\/\/compuviper.mx\/tienda\/"},{"@type":"ListItem","position":2,"name":"Productos","item":"https:\/\/compuviper.mx\/tienda\/productos\/"},{"@type":"ListItem","position":3,"name":"Energia","item":"https:\/\/compuviper.mx\/tienda\/categoria-producto\/energia\/"},{"@type":"ListItem","position":4,"name":"No Break","item":"https:\/\/compuviper.mx\/tienda\/categoria-producto\/energia\/no-break\/"},{"@type":"ListItem","position":5,"name":"Complet Ups-1-092 Ups 2kva 2000va\/2000w On Line Senoidal Doble Conversion Alta Frecuencia Signal Gabinete Torre\/rack 120v Entrada\/salida Respaldo 15 Mins Carga Tipica, 9 Mins Carga Media\/3 Mins Carga Maxima 8 Ctos."}]},{"@type":"WebSite","@id":"https:\/\/compuviper.mx\/tienda\/#website","url":"https:\/\/compuviper.mx\/tienda\/","name":"Compuviper","description":"Proveedor de Computadoras, Laptops, Servidores, Monitores, Puntos de Venta, Teclados,   Impresoras, T\u00f3ner, C\u00e1maras de Seguridad y m\u00e1s en tu tienda en l\u00ednea","publisher":{"@id":"https:\/\/compuviper.mx\/tienda\/#organization"},"potentialAction":[{"@type":"SearchAction","target":{"@type":"EntryPoint","urlTemplate":"https:\/\/compuviper.mx\/tienda\/?s={search_term_string}"},"query-input":"required name=search_term_string"}],"inLanguage":"es-MX"},{"@type":"Organization","@id":"https:\/\/compuviper.mx\/tienda\/#organization","name":"Compuviper","url":"https:\/\/compuviper.mx\/tienda\/","logo":{"@type":"ImageObject","inLanguage":"es-MX","@id":"https:\/\/compuviper.mx\/tienda\/#\/schema\/logo\/image\/","url":"https:\/\/compuviper.mx\/tienda\/wp-content\/uploads\/2021\/08\/Logo-Compuviper-10.png","contentUrl":"https:\/\/compuviper.mx\/tienda\/wp-content\/uploads\/2021\/08\/Logo-Compuviper-10.png","width":1000,"height":500,"caption":"Compuviper"},"image":{"@id":"https:\/\/compuviper.mx\/tienda\/#\/schema\/logo\/image\/"},"sameAs":["https:\/\/www.facebook.com\/compuviper","https:\/\/www.youtube.com\/channel\/UCf73dERp9Y3cfOq7q8BhLjA?view_as=subscriber"]}]},"product_brand":"COMPLET","product_price_amount":"10634","product_price_currency":"MXN","og_availability":"out of stock","product_availability":"out of stock","product_retailer_item_id":"UPS-1-092","product_condition":"new"},"_links":{"self":[{"href":"https:\/\/compuviper.mx\/tienda\/wp-json\/wp\/v2\/product\/217742"}],"collection":[{"href":"https:\/\/compuviper.mx\/tienda\/wp-json\/wp\/v2\/product"}],"about":[{"href":"https:\/\/compuviper.mx\/tienda\/wp-json\/wp\/v2\/types\/product"}],"replies":[{"embeddable":true,"href":"https:\/\/compuviper.mx\/tienda\/wp-json\/wp\/v2\/comments?post=217742"}],"wp:featuredmedia":[{"embeddable":true,"href":"https:\/\/compuviper.mx\/tienda\/wp-json\/wp\/v2\/media\/217743"}],"wp:attachment":[{"href":"https:\/\/compuviper.mx\/tienda\/wp-json\/wp\/v2\/media?parent=217742"}],"wp:term":[{"taxonomy":"product_cat","embeddable":true,"href":"https:\/\/compuviper.mx\/tienda\/wp-json\/wp\/v2\/product_cat?post=217742"},{"taxonomy":"product_tag","embeddable":true,"href":"https:\/\/compuviper.mx\/tienda\/wp-json\/wp\/v2\/product_tag?post=217742"}],"curies":[{"name":"wp","href":"https:\/\/api.w.org\/{rel}","templated":true}]}}