{"id":217724,"date":"2026-04-07T00:25:46","date_gmt":"2026-04-07T06:25:46","guid":{"rendered":"https:\/\/compuviper.mx\/tienda\/producto\/eaton-5px3000rt3ung2-no-break-ups-modelo-5px-g2-ups-3u-3000-va-3000-w-l5-30p-entrada-salidas-1-l5-30r-6-5-20r-120v-incluye-network-card-m2\/"},"modified":"2026-04-07T00:25:47","modified_gmt":"2026-04-07T06:25:47","slug":"eaton-5px3000rt3ung2-no-break-ups-modelo-5px-g2-ups-3u-3000-va-3000-w-l5-30p-entrada-salidas-1-l5-30r-6-5-20r-120v-incluye-network-card-m2","status":"publish","type":"product","link":"https:\/\/compuviper.mx\/tienda\/producto\/eaton-5px3000rt3ung2-no-break-ups-modelo-5px-g2-ups-3u-3000-va-3000-w-l5-30p-entrada-salidas-1-l5-30r-6-5-20r-120v-incluye-network-card-m2\/","title":{"rendered":"Eaton 5px3000rt3ung2 No Break \/ Ups \/  \/ Modelo   \/ 5px G2 Ups, 3u, 3000 Va, 3000 W, L5-30p Entrada, Salidas: (1) L5-30r, (6) 5-20r, 120v, Incluye Network Card M2"},"content":{"rendered":"<table class=\"descripcion\">\n<tr>\n<td>No break \/ ups \/ eaton \/ modelo eaton 5px3000rt3ung2 \/ 5px g2 ups, 3u, 3000 va, 3000 w, l5-30p entrada, salidas: (1) l5-30r, (6) 5-20r, 120v, incluye network card m2<\/td>\n<\/tr>\n<\/table>\n","protected":false},"excerpt":{"rendered":"<p>Sai eaton 5px g2 de 1\u00963 kva. Protecci\u00f3n de energ\u00eda segura y conectada con tiempo de ejecuci\u00f3n extendido dise\u00f1ado para ti distribuida.  Hecho para ti distribuida. \u0095 ideal para servidores, conmutadores, almacenamiento y otras cargas de ti distribuidas que mantienen su empresa en funcionamiento. \u0095 el ups flexible se puede montar en un rack tradicional de 2 o 4 postes o se puede usar en forma de torre. \u0095 operaci\u00f3n m\u00e1s silenciosa que los modelos heredados con menos ventiladores requeridos en cada ups.  Despliegues simplificados. \u0095 actualizaciones masivas de firmware de ups sin dejar caer la carga. \u0095 asistente de configuraci\u00f3n de inicio f\u00e1cil. \u0095 dhcp habilitado de forma predeterminada para modelos de paquetes de red.  Mant\u00e9ngase conectado, de forma segura. \u0095 reduzca el riesgo de intrusi\u00f3n con la tarjeta de red gigabit (network-m2), que es el primer dispositivo de conectividad de ups. Para cumplir con los est\u00e1ndares de ciberseguridad ul e iec. \u0095 el monitoreo y la administraci\u00f3n remotos de su implementaci\u00f3n se simplifican con el software vpm o ipm de eaton, que. Incluye el apagado correcto de servidores y entornos virtualizados durante cortes de energ\u00eda prolongados.  Resolver problemas r\u00e1pidamente. \u0095 solucionar problemas de estado y alarmas del sai de forma remota cuando se utiliza con la tarjeta de red gigabit. \u0095 la barra de estado led proporciona diagn\u00f3sticos visuales r\u00e1pidos y claros en todos los entornos. \u0095 interfaz de mayor contraste para facilitar la visibilidad, adem\u00e1s de alarmas y notificaciones detalladas para ayudar a diagnosticar el problema que. Primera vez<\/p>\n","protected":false},"featured_media":217725,"comment_status":"open","ping_status":"open","template":"","meta":[],"product_cat":[1508,1691],"product_tag":[1698],"acf":[],"yoast_head":"<!-- This site is optimized with the Yoast SEO plugin v21.7 - https:\/\/yoast.com\/wordpress\/plugins\/seo\/ -->\n<title>[ Eaton ] &#129351; 5px3000rt3ung2 No Break \/ Ups \/ \/ Modelo \/ 5px G2 Ups, 3u, 3000 Va, 3000 W, L5-30p Entrada, Salidas: (1) L5-30r, (6) 5-20r, 120v, Incluye Network Card M2<\/title>\n<meta name=\"description\" content=\"Compra 5px3000rt3ung2 No Break \/ Ups \/ \/ Modelo \/ 5px G2 Ups, 3u, 3000 Va, 3000 W, L5-30p Entrada, Salidas: (1) L5-30r, (6) 5-20r, 120v, Incluye Network Card M2 + Env\u00edo a domicilio + Pago seguro + Garant\u00eda\" \/>\n<meta name=\"robots\" content=\"index, follow, max-snippet:-1, max-image-preview:large, max-video-preview:-1\" \/>\n<link rel=\"canonical\" href=\"https:\/\/compuviper.mx\/tienda\/producto\/eaton-5px3000rt3ung2-no-break-ups-modelo-5px-g2-ups-3u-3000-va-3000-w-l5-30p-entrada-salidas-1-l5-30r-6-5-20r-120v-incluye-network-card-m2\/\" \/>\n<meta property=\"og:locale\" content=\"es_MX\" \/>\n<meta property=\"og:type\" content=\"article\" \/>\n<meta property=\"og:title\" content=\"[ Eaton ] &#129351; 5px3000rt3ung2 No Break \/ Ups \/ \/ Modelo \/ 5px G2 Ups, 3u, 3000 Va, 3000 W, L5-30p Entrada, Salidas: (1) L5-30r, (6) 5-20r, 120v, Incluye Network Card M2\" \/>\n<meta property=\"og:description\" content=\"Compra 5px3000rt3ung2 No Break \/ Ups \/ \/ Modelo \/ 5px G2 Ups, 3u, 3000 Va, 3000 W, L5-30p Entrada, Salidas: (1) L5-30r, (6) 5-20r, 120v, Incluye Network Card M2 + Env\u00edo a domicilio + Pago seguro + Garant\u00eda\" \/>\n<meta property=\"og:url\" content=\"https:\/\/compuviper.mx\/tienda\/producto\/eaton-5px3000rt3ung2-no-break-ups-modelo-5px-g2-ups-3u-3000-va-3000-w-l5-30p-entrada-salidas-1-l5-30r-6-5-20r-120v-incluye-network-card-m2\/\" \/>\n<meta property=\"og:site_name\" content=\"Compuviper\" \/>\n<meta property=\"article:publisher\" content=\"https:\/\/www.facebook.com\/compuviper\" \/>\n<meta property=\"article:modified_time\" content=\"2026-04-07T06:25:47+00:00\" \/>\n<meta property=\"og:image\" content=\"https:\/\/compuviper.mx\/tienda\/wp-content\/uploads\/2023\/12\/No-break-ups-eaton-modelo-eaton-5px3000rt3ung2-5px-g2-ups-3u-3000-va-3000-w-l5-30p-entrada-salidas-1-l5-30r-6-5-20r-120v-incluye-network-card-m2.jpg\" \/>\n\t<meta property=\"og:image:width\" content=\"200\" \/>\n\t<meta property=\"og:image:height\" content=\"200\" \/>\n\t<meta property=\"og:image:type\" content=\"image\/jpeg\" \/>\n<meta name=\"twitter:card\" content=\"summary_large_image\" \/>\n<meta name=\"twitter:label1\" content=\"Precio\" \/>\n\t<meta name=\"twitter:data1\" content=\"&#36;27,269 con IVA\" \/>\n\t<meta name=\"twitter:label2\" content=\"Availability\" \/>\n\t<meta name=\"twitter:data2\" content=\"On backorder\" \/>\n<script type=\"application\/ld+json\" class=\"yoast-schema-graph\">{\"@context\":\"https:\/\/schema.org\",\"@graph\":[{\"@type\":\"WebPage\",\"@id\":\"https:\/\/compuviper.mx\/tienda\/producto\/eaton-5px3000rt3ung2-no-break-ups-modelo-5px-g2-ups-3u-3000-va-3000-w-l5-30p-entrada-salidas-1-l5-30r-6-5-20r-120v-incluye-network-card-m2\/\",\"url\":\"https:\/\/compuviper.mx\/tienda\/producto\/eaton-5px3000rt3ung2-no-break-ups-modelo-5px-g2-ups-3u-3000-va-3000-w-l5-30p-entrada-salidas-1-l5-30r-6-5-20r-120v-incluye-network-card-m2\/\",\"name\":\"[ Eaton ] &#129351; 5px3000rt3ung2 No Break \/ Ups \/ \/ Modelo \/ 5px G2 Ups, 3u, 3000 Va, 3000 W, L5-30p Entrada, Salidas: (1) L5-30r, (6) 5-20r, 120v, Incluye Network Card M2\",\"isPartOf\":{\"@id\":\"https:\/\/compuviper.mx\/tienda\/#website\"},\"datePublished\":\"2026-04-07T06:25:46+00:00\",\"dateModified\":\"2026-04-07T06:25:47+00:00\",\"description\":\"Compra 5px3000rt3ung2 No Break \/ Ups \/ \/ Modelo \/ 5px G2 Ups, 3u, 3000 Va, 3000 W, L5-30p Entrada, Salidas: (1) L5-30r, (6) 5-20r, 120v, Incluye Network Card M2 + Env\u00edo a domicilio + Pago seguro + Garant\u00eda\",\"breadcrumb\":{\"@id\":\"https:\/\/compuviper.mx\/tienda\/producto\/eaton-5px3000rt3ung2-no-break-ups-modelo-5px-g2-ups-3u-3000-va-3000-w-l5-30p-entrada-salidas-1-l5-30r-6-5-20r-120v-incluye-network-card-m2\/#breadcrumb\"},\"inLanguage\":\"es-MX\",\"potentialAction\":[{\"@type\":\"ReadAction\",\"target\":[\"https:\/\/compuviper.mx\/tienda\/producto\/eaton-5px3000rt3ung2-no-break-ups-modelo-5px-g2-ups-3u-3000-va-3000-w-l5-30p-entrada-salidas-1-l5-30r-6-5-20r-120v-incluye-network-card-m2\/\"]}]},{\"@type\":\"BreadcrumbList\",\"@id\":\"https:\/\/compuviper.mx\/tienda\/producto\/eaton-5px3000rt3ung2-no-break-ups-modelo-5px-g2-ups-3u-3000-va-3000-w-l5-30p-entrada-salidas-1-l5-30r-6-5-20r-120v-incluye-network-card-m2\/#breadcrumb\",\"itemListElement\":[{\"@type\":\"ListItem\",\"position\":1,\"name\":\"Inicio\",\"item\":\"https:\/\/compuviper.mx\/tienda\/\"},{\"@type\":\"ListItem\",\"position\":2,\"name\":\"Productos\",\"item\":\"https:\/\/compuviper.mx\/tienda\/productos\/\"},{\"@type\":\"ListItem\",\"position\":3,\"name\":\"Energia\",\"item\":\"https:\/\/compuviper.mx\/tienda\/categoria-producto\/energia\/\"},{\"@type\":\"ListItem\",\"position\":4,\"name\":\"No Break\",\"item\":\"https:\/\/compuviper.mx\/tienda\/categoria-producto\/energia\/no-break\/\"},{\"@type\":\"ListItem\",\"position\":5,\"name\":\"Eaton 5px3000rt3ung2 No Break \/ Ups \/ \/ Modelo \/ 5px G2 Ups, 3u, 3000 Va, 3000 W, L5-30p Entrada, Salidas: (1) L5-30r, (6) 5-20r, 120v, Incluye Network Card M2\"}]},{\"@type\":\"WebSite\",\"@id\":\"https:\/\/compuviper.mx\/tienda\/#website\",\"url\":\"https:\/\/compuviper.mx\/tienda\/\",\"name\":\"Compuviper\",\"description\":\"Proveedor de Computadoras, Laptops, Servidores, Monitores, Puntos de Venta, Teclados,   Impresoras, T\u00f3ner, C\u00e1maras de Seguridad y m\u00e1s en tu tienda en l\u00ednea\",\"publisher\":{\"@id\":\"https:\/\/compuviper.mx\/tienda\/#organization\"},\"potentialAction\":[{\"@type\":\"SearchAction\",\"target\":{\"@type\":\"EntryPoint\",\"urlTemplate\":\"https:\/\/compuviper.mx\/tienda\/?s={search_term_string}\"},\"query-input\":\"required name=search_term_string\"}],\"inLanguage\":\"es-MX\"},{\"@type\":\"Organization\",\"@id\":\"https:\/\/compuviper.mx\/tienda\/#organization\",\"name\":\"Compuviper\",\"url\":\"https:\/\/compuviper.mx\/tienda\/\",\"logo\":{\"@type\":\"ImageObject\",\"inLanguage\":\"es-MX\",\"@id\":\"https:\/\/compuviper.mx\/tienda\/#\/schema\/logo\/image\/\",\"url\":\"https:\/\/compuviper.mx\/tienda\/wp-content\/uploads\/2021\/08\/Logo-Compuviper-10.png\",\"contentUrl\":\"https:\/\/compuviper.mx\/tienda\/wp-content\/uploads\/2021\/08\/Logo-Compuviper-10.png\",\"width\":1000,\"height\":500,\"caption\":\"Compuviper\"},\"image\":{\"@id\":\"https:\/\/compuviper.mx\/tienda\/#\/schema\/logo\/image\/\"},\"sameAs\":[\"https:\/\/www.facebook.com\/compuviper\",\"https:\/\/www.youtube.com\/channel\/UCf73dERp9Y3cfOq7q8BhLjA?view_as=subscriber\"]}]}<\/script>\n<meta property=\"product:brand\" content=\"EATON\" \/>\n<meta property=\"product:price:amount\" content=\"27269\" \/>\n<meta property=\"product:price:currency\" content=\"MXN\" \/>\n<meta property=\"og:availability\" content=\"backorder\" \/>\n<meta property=\"product:availability\" content=\"available for order\" \/>\n<meta property=\"product:retailer_item_id\" content=\"5PX3000RT3UNG2\" \/>\n<meta property=\"product:condition\" content=\"new\" \/>\n<!-- \/ Yoast SEO plugin. -->","yoast_head_json":{"title":"[ Eaton ] &#129351; 5px3000rt3ung2 No Break \/ Ups \/ \/ Modelo \/ 5px G2 Ups, 3u, 3000 Va, 3000 W, L5-30p Entrada, Salidas: (1) L5-30r, (6) 5-20r, 120v, Incluye Network Card M2","description":"Compra 5px3000rt3ung2 No Break \/ Ups \/ \/ Modelo \/ 5px G2 Ups, 3u, 3000 Va, 3000 W, L5-30p Entrada, Salidas: (1) L5-30r, (6) 5-20r, 120v, Incluye Network Card M2 + Env\u00edo a domicilio + Pago seguro + Garant\u00eda","robots":{"index":"index","follow":"follow","max-snippet":"max-snippet:-1","max-image-preview":"max-image-preview:large","max-video-preview":"max-video-preview:-1"},"canonical":"https:\/\/compuviper.mx\/tienda\/producto\/eaton-5px3000rt3ung2-no-break-ups-modelo-5px-g2-ups-3u-3000-va-3000-w-l5-30p-entrada-salidas-1-l5-30r-6-5-20r-120v-incluye-network-card-m2\/","og_locale":"es_MX","og_type":"article","og_title":"[ Eaton ] &#129351; 5px3000rt3ung2 No Break \/ Ups \/ \/ Modelo \/ 5px G2 Ups, 3u, 3000 Va, 3000 W, L5-30p Entrada, Salidas: (1) L5-30r, (6) 5-20r, 120v, Incluye Network Card M2","og_description":"Compra 5px3000rt3ung2 No Break \/ Ups \/ \/ Modelo \/ 5px G2 Ups, 3u, 3000 Va, 3000 W, L5-30p Entrada, Salidas: (1) L5-30r, (6) 5-20r, 120v, Incluye Network Card M2 + Env\u00edo a domicilio + Pago seguro + Garant\u00eda","og_url":"https:\/\/compuviper.mx\/tienda\/producto\/eaton-5px3000rt3ung2-no-break-ups-modelo-5px-g2-ups-3u-3000-va-3000-w-l5-30p-entrada-salidas-1-l5-30r-6-5-20r-120v-incluye-network-card-m2\/","og_site_name":"Compuviper","article_publisher":"https:\/\/www.facebook.com\/compuviper","article_modified_time":"2026-04-07T06:25:47+00:00","og_image":[{"width":200,"height":200,"url":"https:\/\/compuviper.mx\/tienda\/wp-content\/uploads\/2023\/12\/No-break-ups-eaton-modelo-eaton-5px3000rt3ung2-5px-g2-ups-3u-3000-va-3000-w-l5-30p-entrada-salidas-1-l5-30r-6-5-20r-120v-incluye-network-card-m2.jpg","type":"image\/jpeg"}],"twitter_card":"summary_large_image","twitter_misc":{"Precio":"&#36;27,269 con IVA","Availability":"On backorder"},"schema":{"@context":"https:\/\/schema.org","@graph":[{"@type":"WebPage","@id":"https:\/\/compuviper.mx\/tienda\/producto\/eaton-5px3000rt3ung2-no-break-ups-modelo-5px-g2-ups-3u-3000-va-3000-w-l5-30p-entrada-salidas-1-l5-30r-6-5-20r-120v-incluye-network-card-m2\/","url":"https:\/\/compuviper.mx\/tienda\/producto\/eaton-5px3000rt3ung2-no-break-ups-modelo-5px-g2-ups-3u-3000-va-3000-w-l5-30p-entrada-salidas-1-l5-30r-6-5-20r-120v-incluye-network-card-m2\/","name":"[ Eaton ] &#129351; 5px3000rt3ung2 No Break \/ Ups \/ \/ Modelo \/ 5px G2 Ups, 3u, 3000 Va, 3000 W, L5-30p Entrada, Salidas: (1) L5-30r, (6) 5-20r, 120v, Incluye Network Card M2","isPartOf":{"@id":"https:\/\/compuviper.mx\/tienda\/#website"},"datePublished":"2026-04-07T06:25:46+00:00","dateModified":"2026-04-07T06:25:47+00:00","description":"Compra 5px3000rt3ung2 No Break \/ Ups \/ \/ Modelo \/ 5px G2 Ups, 3u, 3000 Va, 3000 W, L5-30p Entrada, Salidas: (1) L5-30r, (6) 5-20r, 120v, Incluye Network Card M2 + Env\u00edo a domicilio + Pago seguro + Garant\u00eda","breadcrumb":{"@id":"https:\/\/compuviper.mx\/tienda\/producto\/eaton-5px3000rt3ung2-no-break-ups-modelo-5px-g2-ups-3u-3000-va-3000-w-l5-30p-entrada-salidas-1-l5-30r-6-5-20r-120v-incluye-network-card-m2\/#breadcrumb"},"inLanguage":"es-MX","potentialAction":[{"@type":"ReadAction","target":["https:\/\/compuviper.mx\/tienda\/producto\/eaton-5px3000rt3ung2-no-break-ups-modelo-5px-g2-ups-3u-3000-va-3000-w-l5-30p-entrada-salidas-1-l5-30r-6-5-20r-120v-incluye-network-card-m2\/"]}]},{"@type":"BreadcrumbList","@id":"https:\/\/compuviper.mx\/tienda\/producto\/eaton-5px3000rt3ung2-no-break-ups-modelo-5px-g2-ups-3u-3000-va-3000-w-l5-30p-entrada-salidas-1-l5-30r-6-5-20r-120v-incluye-network-card-m2\/#breadcrumb","itemListElement":[{"@type":"ListItem","position":1,"name":"Inicio","item":"https:\/\/compuviper.mx\/tienda\/"},{"@type":"ListItem","position":2,"name":"Productos","item":"https:\/\/compuviper.mx\/tienda\/productos\/"},{"@type":"ListItem","position":3,"name":"Energia","item":"https:\/\/compuviper.mx\/tienda\/categoria-producto\/energia\/"},{"@type":"ListItem","position":4,"name":"No Break","item":"https:\/\/compuviper.mx\/tienda\/categoria-producto\/energia\/no-break\/"},{"@type":"ListItem","position":5,"name":"Eaton 5px3000rt3ung2 No Break \/ Ups \/ \/ Modelo \/ 5px G2 Ups, 3u, 3000 Va, 3000 W, L5-30p Entrada, Salidas: (1) L5-30r, (6) 5-20r, 120v, Incluye Network Card M2"}]},{"@type":"WebSite","@id":"https:\/\/compuviper.mx\/tienda\/#website","url":"https:\/\/compuviper.mx\/tienda\/","name":"Compuviper","description":"Proveedor de Computadoras, Laptops, Servidores, Monitores, Puntos de Venta, Teclados,   Impresoras, T\u00f3ner, C\u00e1maras de Seguridad y m\u00e1s en tu tienda en l\u00ednea","publisher":{"@id":"https:\/\/compuviper.mx\/tienda\/#organization"},"potentialAction":[{"@type":"SearchAction","target":{"@type":"EntryPoint","urlTemplate":"https:\/\/compuviper.mx\/tienda\/?s={search_term_string}"},"query-input":"required name=search_term_string"}],"inLanguage":"es-MX"},{"@type":"Organization","@id":"https:\/\/compuviper.mx\/tienda\/#organization","name":"Compuviper","url":"https:\/\/compuviper.mx\/tienda\/","logo":{"@type":"ImageObject","inLanguage":"es-MX","@id":"https:\/\/compuviper.mx\/tienda\/#\/schema\/logo\/image\/","url":"https:\/\/compuviper.mx\/tienda\/wp-content\/uploads\/2021\/08\/Logo-Compuviper-10.png","contentUrl":"https:\/\/compuviper.mx\/tienda\/wp-content\/uploads\/2021\/08\/Logo-Compuviper-10.png","width":1000,"height":500,"caption":"Compuviper"},"image":{"@id":"https:\/\/compuviper.mx\/tienda\/#\/schema\/logo\/image\/"},"sameAs":["https:\/\/www.facebook.com\/compuviper","https:\/\/www.youtube.com\/channel\/UCf73dERp9Y3cfOq7q8BhLjA?view_as=subscriber"]}]},"product_brand":"EATON","product_price_amount":"27269","product_price_currency":"MXN","og_availability":"backorder","product_availability":"available for order","product_retailer_item_id":"5PX3000RT3UNG2","product_condition":"new"},"_links":{"self":[{"href":"https:\/\/compuviper.mx\/tienda\/wp-json\/wp\/v2\/product\/217724"}],"collection":[{"href":"https:\/\/compuviper.mx\/tienda\/wp-json\/wp\/v2\/product"}],"about":[{"href":"https:\/\/compuviper.mx\/tienda\/wp-json\/wp\/v2\/types\/product"}],"replies":[{"embeddable":true,"href":"https:\/\/compuviper.mx\/tienda\/wp-json\/wp\/v2\/comments?post=217724"}],"wp:featuredmedia":[{"embeddable":true,"href":"https:\/\/compuviper.mx\/tienda\/wp-json\/wp\/v2\/media\/217725"}],"wp:attachment":[{"href":"https:\/\/compuviper.mx\/tienda\/wp-json\/wp\/v2\/media?parent=217724"}],"wp:term":[{"taxonomy":"product_cat","embeddable":true,"href":"https:\/\/compuviper.mx\/tienda\/wp-json\/wp\/v2\/product_cat?post=217724"},{"taxonomy":"product_tag","embeddable":true,"href":"https:\/\/compuviper.mx\/tienda\/wp-json\/wp\/v2\/product_tag?post=217724"}],"curies":[{"name":"wp","href":"https:\/\/api.w.org\/{rel}","templated":true}]}}