{"id":217684,"date":"2026-04-07T00:25:42","date_gmt":"2026-04-07T06:25:42","guid":{"rendered":"https:\/\/compuviper.mx\/tienda\/producto\/cyberpower-ol10kstf-transformador-de-aislamiento-10000va-10000w-derivacin-de-208v-a-120v-para-ups-ol-de-8kva-y-10kva-6-nema-5-20r-1-hardwire-terminal-block-3-aos-de-garantia\/"},"modified":"2026-04-07T00:25:43","modified_gmt":"2026-04-07T06:25:43","slug":"cyberpower-ol10kstf-transformador-de-aislamiento-10000va-10000w-derivacin-de-208v-a-120v-para-ups-ol-de-8kva-y-10kva-6-nema-5-20r-1-hardwire-terminal-block-3-aos-de-garantia","status":"publish","type":"product","link":"https:\/\/compuviper.mx\/tienda\/producto\/cyberpower-ol10kstf-transformador-de-aislamiento-10000va-10000w-derivacin-de-208v-a-120v-para-ups-ol-de-8kva-y-10kva-6-nema-5-20r-1-hardwire-terminal-block-3-aos-de-garantia\/","title":{"rendered":"Cyberpower Ol10kstf Transformador De Aislamiento  () 10000va \/ 10000w Derivaci?n De 208v A 120v Para Ups Ol De 8kva Y 10kva, (6) Nema 5-20r, (1) Hardwire Terminal Block.3 A?os De Garantia."},"content":{"rendered":"<table class=\"descripcion\">\n<tr>\n<td>Entrada<\/td>\n<\/tr>\n<tr>\n<td>Longitud del cable: 3 pies (0,9 m)<\/td>\n<\/tr>\n<tr>\n<td>Rango de frecuencia de entrada: 50 hz \u0096 60 hz<\/td>\n<\/tr>\n<tr>\n<td>Tipo de enchufe de entrada: cableado permanente (kit de cable de alimentaci\u00f3n 6awghw3ft incluido)<\/td>\n<\/tr>\n<tr>\n<td>Corriente de entrada m\u00e1xima: 50a<\/td>\n<\/tr>\n<tr>\n<td>Voltaje nominal de entrada: 200 \u0096 240 vca<\/td>\n<\/tr>\n<tr>\n<td>Salidas<\/td>\n<\/tr>\n<tr>\n<td>Voltaje nominal de salida: 120 vca \/208 vca<\/td>\n<\/tr>\n<tr>\n<td>Tipo de salida: 6 \u0096 nema 5-20r, 1 \u0096 bloque de terminales cableado<\/td>\n<\/tr>\n<tr>\n<td>Puntos de venta \u0096 total 7<\/td>\n<\/tr>\n<tr>\n<td>Frecuencia de salida: 50\/60 hz (detecci\u00f3n autom\u00e1tica\/configurable)<\/td>\n<\/tr>\n<tr>\n<td>Protecci\u00f3n de sobrecarga: protegido por disyuntor<\/td>\n<\/tr>\n<tr>\n<td>Disipaci\u00f3n t\u00e9rmica reductora: 1914 btu\/h<\/td>\n<\/tr>\n<tr>\n<td>Puerto de carga usb: no<\/td>\n<\/tr>\n<tr>\n<td>Va por tipo de entrada:<\/td>\n<\/tr>\n<tr>\n<td>10 000 (10 kva) a 230, entrada de 240 v<\/td>\n<\/tr>\n<tr>\n<td>9000 (9 kva) a 208, entrada de 220 v<\/td>\n<\/tr>\n<tr>\n<td>8000 (8 kva) a entrada de 200 v<\/td>\n<\/tr>\n<tr>\n<td>Vatios por tipo de entrada<\/td>\n<\/tr>\n<tr>\n<td>10 000 (10 kw) a 230, entrada de 240 v<\/td>\n<\/tr>\n<tr>\n<td>9000 (9 kw) a 208, entrada de 220 v<\/td>\n<\/tr>\n<tr>\n<td>8000 (8 kw) a entrada de 200 v<\/td>\n<\/tr>\n<tr>\n<td>F\u00edsico<\/td>\n<\/tr>\n<tr>\n<td>Color: negro<\/td>\n<\/tr>\n<tr>\n<td>Factor de forma: rack \/ torre<\/td>\n<\/tr>\n<tr>\n<td>Material de construcci\u00f3n: metal<\/td>\n<\/tr>\n<tr>\n<td>Accesorios de montaje: s\u00ed<\/td>\n<\/tr>\n<tr>\n<td>Altura del estante: 2u<\/td>\n<\/tr>\n<tr>\n<td>Dimensiones<\/td>\n<\/tr>\n<tr>\n<td>Dimensiones f\u00edsicas: (an. x al. x pr.) (cm): 43,31 x 8,89 x 60,96 (cm)<\/td>\n<\/tr>\n<tr>\n<td>Dimensiones f\u00edsicas: (ancho x alto x profundidad) (pulgadas): 17,05 x 3,5 x 24 (pulgadas)<\/td>\n<\/tr>\n<tr>\n<td>Dimensiones f\u00edsicas: (an. x al. x pr.) 433 x 89 x 610 (mm)<\/td>\n<\/tr>\n<tr>\n<td>Peso f\u00edsico (kg): 54.29<\/td>\n<\/tr>\n<tr>\n<td>Peso f\u00edsico (lb): 119.7<\/td>\n<\/tr>\n<tr>\n<td>Dimensiones \u0096 env\u00edo<\/td>\n<\/tr>\n<tr>\n<td>Env\u00edo \u0096 peso (kg): 74.25<\/td>\n<\/tr>\n<tr>\n<td>Env\u00edo \u0096 peso (lb): 163.7<\/td>\n<\/tr>\n<tr>\n<td>Dimensiones de env\u00edo: (an. x al. x pr.) 59,94 x 33,02 x 89,92 (cm)<\/td>\n<\/tr>\n<tr>\n<td>Dimensiones de env\u00edo: (an. x al. x pr.) 23,6 x 13,0 x 35,4 (pulgadas)<\/td>\n<\/tr>\n<tr>\n<td>Dimensiones de env\u00edo: (an. x al. x pr.) 599,44 x 330,2 x 899,16 (mm)<\/td>\n<\/tr>\n<tr>\n<td>Ambiental<\/td>\n<\/tr>\n<tr>\n<td>Ruido audible a 1 m de la superficie de la unidad 58 dba<\/td>\n<\/tr>\n<tr>\n<td>Elevaci\u00f3n operativa: 0 \u0096 10000 pies (0 \u0096 3048 m)<\/td>\n<\/tr>\n<tr>\n<td>Humedad relativa de funcionamiento: 0 \u0096 90 % (sin condensaci\u00f3n)<\/td>\n<\/tr>\n<tr>\n<td>Temperatura de funcionamiento: 32 a 104 \u00b0f (0 a 40 \u00b0c)<\/td>\n<\/tr>\n<tr>\n<td>Elevaci\u00f3n de almacenamiento: 0 \u0096 50000 pies (0 \u0096 15239 m)<\/td>\n<\/tr>\n<tr>\n<td>Humedad relativa de almacenamiento: 0 \u0096 95 % (sin condensaci\u00f3n)<\/td>\n<\/tr>\n<tr>\n<td>Temperatura de almacenamiento: -4 a 113 \u00b0f (-20 a 45 \u00b0c)<\/td>\n<\/tr>\n<tr>\n<td>Compatibilidad: modelos de sai<\/td>\n<\/tr>\n<tr>\n<td>Ol8000rt3u, ol8000rt3updu, ol8krt3uhw, ol8krt, ol8krthw, ol8krtmb, ol10000rt3u, ol10000rt3updu, ol10krt3hw, ol10krt, ol10krthw, ol10krtmb,<\/td>\n<\/tr>\n<tr>\n<td>Certificaciones<\/td>\n<\/tr>\n<tr>\n<td>Ambiental: rohs<\/td>\n<\/tr>\n<tr>\n<td>Seguridad: ul1778 5.\u00aa edici\u00f3n.<\/td>\n<\/tr>\n<tr>\n<td>Csa c22.2 no.107.3-05<\/td>\n<\/tr>\n<tr>\n<td>Garant\u00eda<\/td>\n<\/tr>\n<tr>\n<td>Garant\u00eda limitada de 3 a\u00f1os.<\/td>\n<\/tr>\n<\/table>\n","protected":false},"excerpt":{"rendered":"<p>Descripci\u00f3n del producto. El transformador de aislamiento reductor cyberpower smart app online ol10kstf para rack\/torre convierte el voltaje de entrada de 200 v a 240 v procedente de la red el\u00e9ctrica, un sai o un generador a una salida de 120 v. El ol10kstf tiene una capacidad de 10 000 va\/10 000 vatios. Cuenta con seis (6) recept\u00e1culos nema 5-20r que pueden admitir la salida a cables de alimentaci\u00f3n con enchufe nema 5-15p y 5-20p. Un bloque de terminales de salida cableado proporciona un medio para conectarse a un subpanel el\u00e9ctrico. El kit de cable de alimentaci\u00f3n de 3 pies incluido (6awghw3ft) conecta el ol10kstf a la alimentaci\u00f3n de entrada. La protecci\u00f3n contra sobretemperatura protege su ol10kstf de da\u00f1os si el calor interno supera los par\u00e1metros de funcionamiento seguros. Una garant\u00eda de tres a\u00f1os garantiza que este transformador reductor ha superado nuestros m\u00e1s altos est\u00e1ndares de calidad en dise\u00f1o, ensamblaje, materiales o mano de obra.<\/p>\n","protected":false},"featured_media":217685,"comment_status":"open","ping_status":"open","template":"","meta":[],"product_cat":[1508,1948],"product_tag":[1692],"acf":[],"yoast_head":"<!-- This site is optimized with the Yoast SEO plugin v21.7 - https:\/\/yoast.com\/wordpress\/plugins\/seo\/ -->\n<title>[ Cyberpower ] &#129351; Ol10kstf Transformador De Aislamiento () 10000va \/ 10000w Derivaci\u00f3n De 208v A 120v Para Ups Ol De 8kva Y 10kva, (6) Nema 5-20r, (1) Hardwire Terminal Block.3 A\u00f1os De Garantia.<\/title>\n<meta name=\"description\" content=\"Compra Ol10kstf Transformador De Aislamiento () 10000va \/ 10000w Derivaci\u00f3n De 208v A 120v Para Ups Ol De 8kva Y 10kva, (6) Nema 5-20r, (1) Hardwire Terminal Block.3 A\u00f1os De Garantia. + Env\u00edo a domicilio + Pago seguro + Garant\u00eda\" \/>\n<meta name=\"robots\" content=\"index, follow, max-snippet:-1, max-image-preview:large, max-video-preview:-1\" \/>\n<link rel=\"canonical\" href=\"https:\/\/compuviper.mx\/tienda\/producto\/cyberpower-ol10kstf-transformador-de-aislamiento-10000va-10000w-derivacin-de-208v-a-120v-para-ups-ol-de-8kva-y-10kva-6-nema-5-20r-1-hardwire-terminal-block-3-aos-de-garantia\/\" \/>\n<meta property=\"og:locale\" content=\"es_MX\" \/>\n<meta property=\"og:type\" content=\"article\" \/>\n<meta property=\"og:title\" content=\"[ Cyberpower ] &#129351; Ol10kstf Transformador De Aislamiento () 10000va \/ 10000w Derivaci\u00f3n De 208v A 120v Para Ups Ol De 8kva Y 10kva, (6) Nema 5-20r, (1) Hardwire Terminal Block.3 A\u00f1os De Garantia.\" \/>\n<meta property=\"og:description\" content=\"Compra Ol10kstf Transformador De Aislamiento () 10000va \/ 10000w Derivaci\u00f3n De 208v A 120v Para Ups Ol De 8kva Y 10kva, (6) Nema 5-20r, (1) Hardwire Terminal Block.3 A\u00f1os De Garantia. + Env\u00edo a domicilio + Pago seguro + Garant\u00eda\" \/>\n<meta property=\"og:url\" content=\"https:\/\/compuviper.mx\/tienda\/producto\/cyberpower-ol10kstf-transformador-de-aislamiento-10000va-10000w-derivacin-de-208v-a-120v-para-ups-ol-de-8kva-y-10kva-6-nema-5-20r-1-hardwire-terminal-block-3-aos-de-garantia\/\" \/>\n<meta property=\"og:site_name\" content=\"Compuviper\" \/>\n<meta property=\"article:publisher\" content=\"https:\/\/www.facebook.com\/compuviper\" \/>\n<meta property=\"article:modified_time\" content=\"2026-04-07T06:25:43+00:00\" \/>\n<meta property=\"og:image\" content=\"https:\/\/compuviper.mx\/tienda\/wp-content\/uploads\/2023\/12\/Transformador-de-aislamiento-cyberpower-ol10kstf-10000va-10000w-derivacion-de-208v-a-120v-para-ups-ol-de-8kva-y-10kva-6-nema-5-20r-1-hardwire-terminal-block.3-anos-de-garantia.jpg\" \/>\n\t<meta property=\"og:image:width\" content=\"200\" \/>\n\t<meta property=\"og:image:height\" content=\"200\" \/>\n\t<meta property=\"og:image:type\" content=\"image\/jpeg\" \/>\n<meta name=\"twitter:card\" content=\"summary_large_image\" \/>\n<meta name=\"twitter:label1\" content=\"Precio\" \/>\n\t<meta name=\"twitter:data1\" content=\"&#36;38,139 con IVA\" \/>\n\t<meta name=\"twitter:label2\" content=\"Availability\" \/>\n\t<meta name=\"twitter:data2\" content=\"On backorder\" \/>\n<script type=\"application\/ld+json\" class=\"yoast-schema-graph\">{\"@context\":\"https:\/\/schema.org\",\"@graph\":[{\"@type\":\"WebPage\",\"@id\":\"https:\/\/compuviper.mx\/tienda\/producto\/cyberpower-ol10kstf-transformador-de-aislamiento-10000va-10000w-derivacin-de-208v-a-120v-para-ups-ol-de-8kva-y-10kva-6-nema-5-20r-1-hardwire-terminal-block-3-aos-de-garantia\/\",\"url\":\"https:\/\/compuviper.mx\/tienda\/producto\/cyberpower-ol10kstf-transformador-de-aislamiento-10000va-10000w-derivacin-de-208v-a-120v-para-ups-ol-de-8kva-y-10kva-6-nema-5-20r-1-hardwire-terminal-block-3-aos-de-garantia\/\",\"name\":\"[ Cyberpower ] &#129351; Ol10kstf Transformador De Aislamiento () 10000va \/ 10000w Derivaci\u00f3n De 208v A 120v Para Ups Ol De 8kva Y 10kva, (6) Nema 5-20r, (1) Hardwire Terminal Block.3 A\u00f1os De Garantia.\",\"isPartOf\":{\"@id\":\"https:\/\/compuviper.mx\/tienda\/#website\"},\"datePublished\":\"2026-04-07T06:25:42+00:00\",\"dateModified\":\"2026-04-07T06:25:43+00:00\",\"description\":\"Compra Ol10kstf Transformador De Aislamiento () 10000va \/ 10000w Derivaci\u00f3n De 208v A 120v Para Ups Ol De 8kva Y 10kva, (6) Nema 5-20r, (1) Hardwire Terminal Block.3 A\u00f1os De Garantia. + Env\u00edo a domicilio + Pago seguro + Garant\u00eda\",\"breadcrumb\":{\"@id\":\"https:\/\/compuviper.mx\/tienda\/producto\/cyberpower-ol10kstf-transformador-de-aislamiento-10000va-10000w-derivacin-de-208v-a-120v-para-ups-ol-de-8kva-y-10kva-6-nema-5-20r-1-hardwire-terminal-block-3-aos-de-garantia\/#breadcrumb\"},\"inLanguage\":\"es-MX\",\"potentialAction\":[{\"@type\":\"ReadAction\",\"target\":[\"https:\/\/compuviper.mx\/tienda\/producto\/cyberpower-ol10kstf-transformador-de-aislamiento-10000va-10000w-derivacin-de-208v-a-120v-para-ups-ol-de-8kva-y-10kva-6-nema-5-20r-1-hardwire-terminal-block-3-aos-de-garantia\/\"]}]},{\"@type\":\"BreadcrumbList\",\"@id\":\"https:\/\/compuviper.mx\/tienda\/producto\/cyberpower-ol10kstf-transformador-de-aislamiento-10000va-10000w-derivacin-de-208v-a-120v-para-ups-ol-de-8kva-y-10kva-6-nema-5-20r-1-hardwire-terminal-block-3-aos-de-garantia\/#breadcrumb\",\"itemListElement\":[{\"@type\":\"ListItem\",\"position\":1,\"name\":\"Inicio\",\"item\":\"https:\/\/compuviper.mx\/tienda\/\"},{\"@type\":\"ListItem\",\"position\":2,\"name\":\"Productos\",\"item\":\"https:\/\/compuviper.mx\/tienda\/productos\/\"},{\"@type\":\"ListItem\",\"position\":3,\"name\":\"Energia\",\"item\":\"https:\/\/compuviper.mx\/tienda\/categoria-producto\/energia\/\"},{\"@type\":\"ListItem\",\"position\":4,\"name\":\"Transformador\",\"item\":\"https:\/\/compuviper.mx\/tienda\/categoria-producto\/energia\/transformador\/\"},{\"@type\":\"ListItem\",\"position\":5,\"name\":\"Cyberpower Ol10kstf Transformador De Aislamiento () 10000va \/ 10000w Derivaci?n De 208v A 120v Para Ups Ol De 8kva Y 10kva, (6) Nema 5-20r, (1) Hardwire Terminal Block.3 A?os De Garantia.\"}]},{\"@type\":\"WebSite\",\"@id\":\"https:\/\/compuviper.mx\/tienda\/#website\",\"url\":\"https:\/\/compuviper.mx\/tienda\/\",\"name\":\"Compuviper\",\"description\":\"Proveedor de Computadoras, Laptops, Servidores, Monitores, Puntos de Venta, Teclados,   Impresoras, T\u00f3ner, C\u00e1maras de Seguridad y m\u00e1s en tu tienda en l\u00ednea\",\"publisher\":{\"@id\":\"https:\/\/compuviper.mx\/tienda\/#organization\"},\"potentialAction\":[{\"@type\":\"SearchAction\",\"target\":{\"@type\":\"EntryPoint\",\"urlTemplate\":\"https:\/\/compuviper.mx\/tienda\/?s={search_term_string}\"},\"query-input\":\"required name=search_term_string\"}],\"inLanguage\":\"es-MX\"},{\"@type\":\"Organization\",\"@id\":\"https:\/\/compuviper.mx\/tienda\/#organization\",\"name\":\"Compuviper\",\"url\":\"https:\/\/compuviper.mx\/tienda\/\",\"logo\":{\"@type\":\"ImageObject\",\"inLanguage\":\"es-MX\",\"@id\":\"https:\/\/compuviper.mx\/tienda\/#\/schema\/logo\/image\/\",\"url\":\"https:\/\/compuviper.mx\/tienda\/wp-content\/uploads\/2021\/08\/Logo-Compuviper-10.png\",\"contentUrl\":\"https:\/\/compuviper.mx\/tienda\/wp-content\/uploads\/2021\/08\/Logo-Compuviper-10.png\",\"width\":1000,\"height\":500,\"caption\":\"Compuviper\"},\"image\":{\"@id\":\"https:\/\/compuviper.mx\/tienda\/#\/schema\/logo\/image\/\"},\"sameAs\":[\"https:\/\/www.facebook.com\/compuviper\",\"https:\/\/www.youtube.com\/channel\/UCf73dERp9Y3cfOq7q8BhLjA?view_as=subscriber\"]}]}<\/script>\n<meta property=\"product:brand\" content=\"CYBERPOWER\" \/>\n<meta property=\"product:price:amount\" content=\"38139\" \/>\n<meta property=\"product:price:currency\" content=\"MXN\" \/>\n<meta property=\"og:availability\" content=\"backorder\" \/>\n<meta property=\"product:availability\" content=\"available for order\" \/>\n<meta property=\"product:retailer_item_id\" content=\"OL10KSTF\" \/>\n<meta property=\"product:condition\" content=\"new\" \/>\n<!-- \/ Yoast SEO plugin. -->","yoast_head_json":{"title":"[ Cyberpower ] &#129351; Ol10kstf Transformador De Aislamiento () 10000va \/ 10000w Derivaci\u00f3n De 208v A 120v Para Ups Ol De 8kva Y 10kva, (6) Nema 5-20r, (1) Hardwire Terminal Block.3 A\u00f1os De Garantia.","description":"Compra Ol10kstf Transformador De Aislamiento () 10000va \/ 10000w Derivaci\u00f3n De 208v A 120v Para Ups Ol De 8kva Y 10kva, (6) Nema 5-20r, (1) Hardwire Terminal Block.3 A\u00f1os De Garantia. + Env\u00edo a domicilio + Pago seguro + Garant\u00eda","robots":{"index":"index","follow":"follow","max-snippet":"max-snippet:-1","max-image-preview":"max-image-preview:large","max-video-preview":"max-video-preview:-1"},"canonical":"https:\/\/compuviper.mx\/tienda\/producto\/cyberpower-ol10kstf-transformador-de-aislamiento-10000va-10000w-derivacin-de-208v-a-120v-para-ups-ol-de-8kva-y-10kva-6-nema-5-20r-1-hardwire-terminal-block-3-aos-de-garantia\/","og_locale":"es_MX","og_type":"article","og_title":"[ Cyberpower ] &#129351; Ol10kstf Transformador De Aislamiento () 10000va \/ 10000w Derivaci\u00f3n De 208v A 120v Para Ups Ol De 8kva Y 10kva, (6) Nema 5-20r, (1) Hardwire Terminal Block.3 A\u00f1os De Garantia.","og_description":"Compra Ol10kstf Transformador De Aislamiento () 10000va \/ 10000w Derivaci\u00f3n De 208v A 120v Para Ups Ol De 8kva Y 10kva, (6) Nema 5-20r, (1) Hardwire Terminal Block.3 A\u00f1os De Garantia. + Env\u00edo a domicilio + Pago seguro + Garant\u00eda","og_url":"https:\/\/compuviper.mx\/tienda\/producto\/cyberpower-ol10kstf-transformador-de-aislamiento-10000va-10000w-derivacin-de-208v-a-120v-para-ups-ol-de-8kva-y-10kva-6-nema-5-20r-1-hardwire-terminal-block-3-aos-de-garantia\/","og_site_name":"Compuviper","article_publisher":"https:\/\/www.facebook.com\/compuviper","article_modified_time":"2026-04-07T06:25:43+00:00","og_image":[{"width":200,"height":200,"url":"https:\/\/compuviper.mx\/tienda\/wp-content\/uploads\/2023\/12\/Transformador-de-aislamiento-cyberpower-ol10kstf-10000va-10000w-derivacion-de-208v-a-120v-para-ups-ol-de-8kva-y-10kva-6-nema-5-20r-1-hardwire-terminal-block.3-anos-de-garantia.jpg","type":"image\/jpeg"}],"twitter_card":"summary_large_image","twitter_misc":{"Precio":"&#36;38,139 con IVA","Availability":"On backorder"},"schema":{"@context":"https:\/\/schema.org","@graph":[{"@type":"WebPage","@id":"https:\/\/compuviper.mx\/tienda\/producto\/cyberpower-ol10kstf-transformador-de-aislamiento-10000va-10000w-derivacin-de-208v-a-120v-para-ups-ol-de-8kva-y-10kva-6-nema-5-20r-1-hardwire-terminal-block-3-aos-de-garantia\/","url":"https:\/\/compuviper.mx\/tienda\/producto\/cyberpower-ol10kstf-transformador-de-aislamiento-10000va-10000w-derivacin-de-208v-a-120v-para-ups-ol-de-8kva-y-10kva-6-nema-5-20r-1-hardwire-terminal-block-3-aos-de-garantia\/","name":"[ Cyberpower ] &#129351; Ol10kstf Transformador De Aislamiento () 10000va \/ 10000w Derivaci\u00f3n De 208v A 120v Para Ups Ol De 8kva Y 10kva, (6) Nema 5-20r, (1) Hardwire Terminal Block.3 A\u00f1os De Garantia.","isPartOf":{"@id":"https:\/\/compuviper.mx\/tienda\/#website"},"datePublished":"2026-04-07T06:25:42+00:00","dateModified":"2026-04-07T06:25:43+00:00","description":"Compra Ol10kstf Transformador De Aislamiento () 10000va \/ 10000w Derivaci\u00f3n De 208v A 120v Para Ups Ol De 8kva Y 10kva, (6) Nema 5-20r, (1) Hardwire Terminal Block.3 A\u00f1os De Garantia. + Env\u00edo a domicilio + Pago seguro + Garant\u00eda","breadcrumb":{"@id":"https:\/\/compuviper.mx\/tienda\/producto\/cyberpower-ol10kstf-transformador-de-aislamiento-10000va-10000w-derivacin-de-208v-a-120v-para-ups-ol-de-8kva-y-10kva-6-nema-5-20r-1-hardwire-terminal-block-3-aos-de-garantia\/#breadcrumb"},"inLanguage":"es-MX","potentialAction":[{"@type":"ReadAction","target":["https:\/\/compuviper.mx\/tienda\/producto\/cyberpower-ol10kstf-transformador-de-aislamiento-10000va-10000w-derivacin-de-208v-a-120v-para-ups-ol-de-8kva-y-10kva-6-nema-5-20r-1-hardwire-terminal-block-3-aos-de-garantia\/"]}]},{"@type":"BreadcrumbList","@id":"https:\/\/compuviper.mx\/tienda\/producto\/cyberpower-ol10kstf-transformador-de-aislamiento-10000va-10000w-derivacin-de-208v-a-120v-para-ups-ol-de-8kva-y-10kva-6-nema-5-20r-1-hardwire-terminal-block-3-aos-de-garantia\/#breadcrumb","itemListElement":[{"@type":"ListItem","position":1,"name":"Inicio","item":"https:\/\/compuviper.mx\/tienda\/"},{"@type":"ListItem","position":2,"name":"Productos","item":"https:\/\/compuviper.mx\/tienda\/productos\/"},{"@type":"ListItem","position":3,"name":"Energia","item":"https:\/\/compuviper.mx\/tienda\/categoria-producto\/energia\/"},{"@type":"ListItem","position":4,"name":"Transformador","item":"https:\/\/compuviper.mx\/tienda\/categoria-producto\/energia\/transformador\/"},{"@type":"ListItem","position":5,"name":"Cyberpower Ol10kstf Transformador De Aislamiento () 10000va \/ 10000w Derivaci?n De 208v A 120v Para Ups Ol De 8kva Y 10kva, (6) Nema 5-20r, (1) Hardwire Terminal Block.3 A?os De Garantia."}]},{"@type":"WebSite","@id":"https:\/\/compuviper.mx\/tienda\/#website","url":"https:\/\/compuviper.mx\/tienda\/","name":"Compuviper","description":"Proveedor de Computadoras, Laptops, Servidores, Monitores, Puntos de Venta, Teclados,   Impresoras, T\u00f3ner, C\u00e1maras de Seguridad y m\u00e1s en tu tienda en l\u00ednea","publisher":{"@id":"https:\/\/compuviper.mx\/tienda\/#organization"},"potentialAction":[{"@type":"SearchAction","target":{"@type":"EntryPoint","urlTemplate":"https:\/\/compuviper.mx\/tienda\/?s={search_term_string}"},"query-input":"required name=search_term_string"}],"inLanguage":"es-MX"},{"@type":"Organization","@id":"https:\/\/compuviper.mx\/tienda\/#organization","name":"Compuviper","url":"https:\/\/compuviper.mx\/tienda\/","logo":{"@type":"ImageObject","inLanguage":"es-MX","@id":"https:\/\/compuviper.mx\/tienda\/#\/schema\/logo\/image\/","url":"https:\/\/compuviper.mx\/tienda\/wp-content\/uploads\/2021\/08\/Logo-Compuviper-10.png","contentUrl":"https:\/\/compuviper.mx\/tienda\/wp-content\/uploads\/2021\/08\/Logo-Compuviper-10.png","width":1000,"height":500,"caption":"Compuviper"},"image":{"@id":"https:\/\/compuviper.mx\/tienda\/#\/schema\/logo\/image\/"},"sameAs":["https:\/\/www.facebook.com\/compuviper","https:\/\/www.youtube.com\/channel\/UCf73dERp9Y3cfOq7q8BhLjA?view_as=subscriber"]}]},"product_brand":"CYBERPOWER","product_price_amount":"38139","product_price_currency":"MXN","og_availability":"backorder","product_availability":"available for order","product_retailer_item_id":"OL10KSTF","product_condition":"new"},"_links":{"self":[{"href":"https:\/\/compuviper.mx\/tienda\/wp-json\/wp\/v2\/product\/217684"}],"collection":[{"href":"https:\/\/compuviper.mx\/tienda\/wp-json\/wp\/v2\/product"}],"about":[{"href":"https:\/\/compuviper.mx\/tienda\/wp-json\/wp\/v2\/types\/product"}],"replies":[{"embeddable":true,"href":"https:\/\/compuviper.mx\/tienda\/wp-json\/wp\/v2\/comments?post=217684"}],"wp:featuredmedia":[{"embeddable":true,"href":"https:\/\/compuviper.mx\/tienda\/wp-json\/wp\/v2\/media\/217685"}],"wp:attachment":[{"href":"https:\/\/compuviper.mx\/tienda\/wp-json\/wp\/v2\/media?parent=217684"}],"wp:term":[{"taxonomy":"product_cat","embeddable":true,"href":"https:\/\/compuviper.mx\/tienda\/wp-json\/wp\/v2\/product_cat?post=217684"},{"taxonomy":"product_tag","embeddable":true,"href":"https:\/\/compuviper.mx\/tienda\/wp-json\/wp\/v2\/product_tag?post=217684"}],"curies":[{"name":"wp","href":"https:\/\/api.w.org\/{rel}","templated":true}]}}