{"id":217679,"date":"2026-04-02T00:27:15","date_gmt":"2026-04-02T06:27:15","guid":{"rendered":"https:\/\/compuviper.mx\/tienda\/producto\/tripp-lite-smart3000rm2u-ups-tripp-lite-3kva-3000-w-120-v-onda-sinusoidal-interactivo-serie-eaton-tripp-lite-7-contactos-opcion-de-tarjeta-red-webcardlxe-lcdusbdb92u-rack-torre-garantia-por\/"},"modified":"2026-04-02T00:27:16","modified_gmt":"2026-04-02T06:27:16","slug":"tripp-lite-smart3000rm2u-ups-tripp-lite-3kva-3000-w-120-v-onda-sinusoidal-interactivo-serie-eaton-tripp-lite-7-contactos-opcion-de-tarjeta-red-webcardlxe-lcdusbdb92u-rack-torre-garantia-por","status":"publish","type":"product","link":"https:\/\/compuviper.mx\/tienda\/producto\/tripp-lite-smart3000rm2u-ups-tripp-lite-3kva-3000-w-120-v-onda-sinusoidal-interactivo-serie-eaton-tripp-lite-7-contactos-opcion-de-tarjeta-red-webcardlxe-lcdusbdb92u-rack-torre-garantia-por\/","title":{"rendered":"Tripp-lite Smart3000rm2u Ups Tripp Lite  3kva 3000 W 120 V Onda Sinusoidal, Interactivo, Serie Eaton Tripp Lite, 7 Contactos, Opcion De Tarjeta Red Webcardlxe ,lcd,usb,db9,2u Rack\/torre. Garantia Por 2 A?os"},"content":{"rendered":"<table class=\"descripcion\">\n<tr>\n<td>Proporciona respaldo completo por bater\u00eda y salida de energ\u00eda de onda sinusoidal pura para servidores, switches y otros equipos de ti distribuidos de alta gama.<\/td>\n<\/tr>\n<tr>\n<td>    protege los equipos contra apagones, ca\u00eddas de voltaje, sobretensiones transitorias y ruido en la l\u00ednea<\/td>\n<\/tr>\n<tr>\n<td>    mantiene el equipo funcionando durante apagones para permitir tiempo para el guardado de archivos y apagado seguro<\/td>\n<\/tr>\n<tr>\n<td>    el factor de potencia de uno garantiza la potencia m\u00e1xima posible a cada especificaci\u00f3n de potencia<\/td>\n<\/tr>\n<tr>\n<td>    la tarjeta interfaz de red webcardlxe opcional permite acceso y control remoto 24\/7<\/td>\n<\/tr>\n<tr>\n<td>    el lcd de 2 l\u00edneas en el panel frontal con 10 pantallas seleccionables muestra informaci\u00f3n detallada de la energ\u00eda del ups y del sitio<\/td>\n<\/tr>\n<tr>\n<td>    garant\u00eda de 2 a\u00f1os, 3 a\u00f1os con registro. nota: es necesario el registro para la garant\u00eda de 3 a\u00f1os.<\/td>\n<\/tr>\n<\/table>\n","protected":false},"excerpt":{"rendered":"<p>Tarjetas de administraci\u00f3n de red  webcardlxe. Cartucho de bater\u00edas internas de reemplazo para ups  rbc94-2u. Respaldo por bater\u00eda de 3kva\/3kw\/120v para implementaciones de ti distribuidas, telecomunicaciones o empresas. Este sistema ups interactivo para instalaci\u00f3n en rack proporciona confiable respaldo por bater\u00eda y protecci\u00f3n de energ\u00eda de ca contra apagones, ca\u00eddas de voltaje, sobretensiones y ruido en la l\u00ednea que pueden da\u00f1ar su equipo de ti o destruir la informaci\u00f3n. El smart3000rm2u es el administrador de energ\u00eda ideal para equipo de red de alta gama en rack, incluyendo servidores, tel\u00e9fonos voip, almacenamiento de datos y switches poe. El factor de potencia de uno garantiza la mayor cantidad de watts posible a cada especificaci\u00f3n de potencia, de modo que pueda conectar m\u00e1s equipo. El confiable respaldo por bater\u00eda lo mantiene operativo durante apagones. Los m\u00f3dulos de bater\u00edas vrla hot-swap, reemplazables en campo le permiten trabajar durante fallas breves de energ\u00eda y le dan tiempo suficiente para guardar archivos y apagar con seguridad su sistema en caso de un apag\u00f3n prolongado. El cambio de alimentaci\u00f3n de l\u00ednea a bater\u00eda ocurre en milisegundos para mantener la operaci\u00f3n continua del equipo conectado sin interrupci\u00f3n o reinicio. La tarjeta de administraci\u00f3n de red de plataforma lx opcional permite el acceso remoto 24\/7. La interfaz de red webcardlxe (vendida por separado) permite una configuraci\u00f3n y administraci\u00f3n remotas completas, incluida la desconexi\u00f3n de carga, el reinicio de los equipos conectados y el apagado seguro. La funci\u00f3n de sondeo autom\u00e1tico basada en ip garantiza un tiempo de actividad continuo de la red comunic\u00e1ndose con otros dispositivos de red, detectando la p\u00e9rdida de conectividad y reiniciando autom\u00e1ticamente los equipos de ti. Los m\u00f3dulos opcionales envirosense2 (e2mt, e2mtdo y e2mthdi, se venden por separado) ofrecen diversas opciones de monitoreo y control ambiental. Los tomacorrientes nema 5-15r protegen sus componentes conectados. Un tomacorriente l5-30r y seis 5-20r administrados alimentan al equipo conectado con una salida de ca de onda sinusoidal pura y le permiten monitorear el consumo de energ\u00eda hasta el nivel del grupo de tomacorrientes. La energ\u00eda provista por estos tomacorrientes est\u00e1 filtrada para proteger a los equipos conectados contra las da\u00f1inas sobretensiones y ruidos en la l\u00ednea cuatro tomacorrientes 5-20r est\u00e1n divididos en dos bancos de carga controlables en forma independiente que le permiten eliminar las cargas no cr\u00edticas para extender la autonom\u00eda para cargas cr\u00edticas. Los ventiladores de enfriamiento delanteros y traseros ayudan a proteger el equipo contra sobrecalentamiento.<\/p>\n","protected":false},"featured_media":217680,"comment_status":"open","ping_status":"open","template":"","meta":[],"product_cat":[1508,1691],"product_tag":[1510],"acf":[],"yoast_head":"<!-- This site is optimized with the Yoast SEO plugin v21.7 - https:\/\/yoast.com\/wordpress\/plugins\/seo\/ -->\n<title>[ Tripp-lite ] &#129351; Smart3000rm2u Ups Tripp Lite 3kva 3000 W 120 V Onda Sinusoidal, Interactivo, Serie Eaton Tripp Lite, 7 Contactos, Opcion De Tarjeta Red Webcardlxe ,lcd,usb,db9,2u Rack\/torre. Garantia Por 2 A\u00f1os<\/title>\n<meta name=\"description\" content=\"Compra Smart3000rm2u Ups Tripp Lite 3kva 3000 W 120 V Onda Sinusoidal, Interactivo, Serie Eaton Tripp Lite, 7 Contactos, Opcion De Tarjeta Red Webcardlxe ,lcd,usb,db9,2u Rack\/torre. Garantia Por 2 A\u00f1os + Env\u00edo a domicilio + Pago seguro + Garant\u00eda\" \/>\n<meta name=\"robots\" content=\"index, follow, max-snippet:-1, max-image-preview:large, max-video-preview:-1\" \/>\n<link rel=\"canonical\" href=\"https:\/\/compuviper.mx\/tienda\/producto\/tripp-lite-smart3000rm2u-ups-tripp-lite-3kva-3000-w-120-v-onda-sinusoidal-interactivo-serie-eaton-tripp-lite-7-contactos-opcion-de-tarjeta-red-webcardlxe-lcdusbdb92u-rack-torre-garantia-por\/\" \/>\n<meta property=\"og:locale\" content=\"es_MX\" \/>\n<meta property=\"og:type\" content=\"article\" \/>\n<meta property=\"og:title\" content=\"[ Tripp-lite ] &#129351; Smart3000rm2u Ups Tripp Lite 3kva 3000 W 120 V Onda Sinusoidal, Interactivo, Serie Eaton Tripp Lite, 7 Contactos, Opcion De Tarjeta Red Webcardlxe ,lcd,usb,db9,2u Rack\/torre. Garantia Por 2 A\u00f1os\" \/>\n<meta property=\"og:description\" content=\"Compra Smart3000rm2u Ups Tripp Lite 3kva 3000 W 120 V Onda Sinusoidal, Interactivo, Serie Eaton Tripp Lite, 7 Contactos, Opcion De Tarjeta Red Webcardlxe ,lcd,usb,db9,2u Rack\/torre. Garantia Por 2 A\u00f1os + Env\u00edo a domicilio + Pago seguro + Garant\u00eda\" \/>\n<meta property=\"og:url\" content=\"https:\/\/compuviper.mx\/tienda\/producto\/tripp-lite-smart3000rm2u-ups-tripp-lite-3kva-3000-w-120-v-onda-sinusoidal-interactivo-serie-eaton-tripp-lite-7-contactos-opcion-de-tarjeta-red-webcardlxe-lcdusbdb92u-rack-torre-garantia-por\/\" \/>\n<meta property=\"og:site_name\" content=\"Compuviper\" \/>\n<meta property=\"article:publisher\" content=\"https:\/\/www.facebook.com\/compuviper\" \/>\n<meta property=\"article:modified_time\" content=\"2026-04-02T06:27:16+00:00\" \/>\n<meta property=\"og:image\" content=\"https:\/\/compuviper.mx\/tienda\/wp-content\/uploads\/2023\/12\/Ups-tripp-lite-smart3000rm2u-3kva-3000-w-120-v-onda-sinusoidal-interactivo-serie-eaton-tripp-lite-7-contactos-opcion-de-tarjeta-red-webcardlxe-lcdusbdb92u-racktorre.-garantia-por-2-anos.jpg\" \/>\n\t<meta property=\"og:image:width\" content=\"200\" \/>\n\t<meta property=\"og:image:height\" content=\"200\" \/>\n\t<meta property=\"og:image:type\" content=\"image\/jpeg\" \/>\n<meta name=\"twitter:card\" content=\"summary_large_image\" \/>\n<meta name=\"twitter:label1\" content=\"Precio\" \/>\n\t<meta name=\"twitter:data1\" content=\"&#36;19,489 con IVA\" \/>\n\t<meta name=\"twitter:label2\" content=\"Availability\" \/>\n\t<meta name=\"twitter:data2\" content=\"Out of stock\" \/>\n<script type=\"application\/ld+json\" class=\"yoast-schema-graph\">{\"@context\":\"https:\/\/schema.org\",\"@graph\":[{\"@type\":\"WebPage\",\"@id\":\"https:\/\/compuviper.mx\/tienda\/producto\/tripp-lite-smart3000rm2u-ups-tripp-lite-3kva-3000-w-120-v-onda-sinusoidal-interactivo-serie-eaton-tripp-lite-7-contactos-opcion-de-tarjeta-red-webcardlxe-lcdusbdb92u-rack-torre-garantia-por\/\",\"url\":\"https:\/\/compuviper.mx\/tienda\/producto\/tripp-lite-smart3000rm2u-ups-tripp-lite-3kva-3000-w-120-v-onda-sinusoidal-interactivo-serie-eaton-tripp-lite-7-contactos-opcion-de-tarjeta-red-webcardlxe-lcdusbdb92u-rack-torre-garantia-por\/\",\"name\":\"[ Tripp-lite ] &#129351; Smart3000rm2u Ups Tripp Lite 3kva 3000 W 120 V Onda Sinusoidal, Interactivo, Serie Eaton Tripp Lite, 7 Contactos, Opcion De Tarjeta Red Webcardlxe ,lcd,usb,db9,2u Rack\/torre. Garantia Por 2 A\u00f1os\",\"isPartOf\":{\"@id\":\"https:\/\/compuviper.mx\/tienda\/#website\"},\"datePublished\":\"2026-04-02T06:27:15+00:00\",\"dateModified\":\"2026-04-02T06:27:16+00:00\",\"description\":\"Compra Smart3000rm2u Ups Tripp Lite 3kva 3000 W 120 V Onda Sinusoidal, Interactivo, Serie Eaton Tripp Lite, 7 Contactos, Opcion De Tarjeta Red Webcardlxe ,lcd,usb,db9,2u Rack\/torre. Garantia Por 2 A\u00f1os + Env\u00edo a domicilio + Pago seguro + Garant\u00eda\",\"breadcrumb\":{\"@id\":\"https:\/\/compuviper.mx\/tienda\/producto\/tripp-lite-smart3000rm2u-ups-tripp-lite-3kva-3000-w-120-v-onda-sinusoidal-interactivo-serie-eaton-tripp-lite-7-contactos-opcion-de-tarjeta-red-webcardlxe-lcdusbdb92u-rack-torre-garantia-por\/#breadcrumb\"},\"inLanguage\":\"es-MX\",\"potentialAction\":[{\"@type\":\"ReadAction\",\"target\":[\"https:\/\/compuviper.mx\/tienda\/producto\/tripp-lite-smart3000rm2u-ups-tripp-lite-3kva-3000-w-120-v-onda-sinusoidal-interactivo-serie-eaton-tripp-lite-7-contactos-opcion-de-tarjeta-red-webcardlxe-lcdusbdb92u-rack-torre-garantia-por\/\"]}]},{\"@type\":\"BreadcrumbList\",\"@id\":\"https:\/\/compuviper.mx\/tienda\/producto\/tripp-lite-smart3000rm2u-ups-tripp-lite-3kva-3000-w-120-v-onda-sinusoidal-interactivo-serie-eaton-tripp-lite-7-contactos-opcion-de-tarjeta-red-webcardlxe-lcdusbdb92u-rack-torre-garantia-por\/#breadcrumb\",\"itemListElement\":[{\"@type\":\"ListItem\",\"position\":1,\"name\":\"Inicio\",\"item\":\"https:\/\/compuviper.mx\/tienda\/\"},{\"@type\":\"ListItem\",\"position\":2,\"name\":\"Productos\",\"item\":\"https:\/\/compuviper.mx\/tienda\/productos\/\"},{\"@type\":\"ListItem\",\"position\":3,\"name\":\"Energia\",\"item\":\"https:\/\/compuviper.mx\/tienda\/categoria-producto\/energia\/\"},{\"@type\":\"ListItem\",\"position\":4,\"name\":\"No Break\",\"item\":\"https:\/\/compuviper.mx\/tienda\/categoria-producto\/energia\/no-break\/\"},{\"@type\":\"ListItem\",\"position\":5,\"name\":\"Tripp-lite Smart3000rm2u Ups Tripp Lite 3kva 3000 W 120 V Onda Sinusoidal, Interactivo, Serie Eaton Tripp Lite, 7 Contactos, Opcion De Tarjeta Red Webcardlxe ,lcd,usb,db9,2u Rack\/torre. Garantia Por 2 A?os\"}]},{\"@type\":\"WebSite\",\"@id\":\"https:\/\/compuviper.mx\/tienda\/#website\",\"url\":\"https:\/\/compuviper.mx\/tienda\/\",\"name\":\"Compuviper\",\"description\":\"Proveedor de Computadoras, Laptops, Servidores, Monitores, Puntos de Venta, Teclados,   Impresoras, T\u00f3ner, C\u00e1maras de Seguridad y m\u00e1s en tu tienda en l\u00ednea\",\"publisher\":{\"@id\":\"https:\/\/compuviper.mx\/tienda\/#organization\"},\"potentialAction\":[{\"@type\":\"SearchAction\",\"target\":{\"@type\":\"EntryPoint\",\"urlTemplate\":\"https:\/\/compuviper.mx\/tienda\/?s={search_term_string}\"},\"query-input\":\"required name=search_term_string\"}],\"inLanguage\":\"es-MX\"},{\"@type\":\"Organization\",\"@id\":\"https:\/\/compuviper.mx\/tienda\/#organization\",\"name\":\"Compuviper\",\"url\":\"https:\/\/compuviper.mx\/tienda\/\",\"logo\":{\"@type\":\"ImageObject\",\"inLanguage\":\"es-MX\",\"@id\":\"https:\/\/compuviper.mx\/tienda\/#\/schema\/logo\/image\/\",\"url\":\"https:\/\/compuviper.mx\/tienda\/wp-content\/uploads\/2021\/08\/Logo-Compuviper-10.png\",\"contentUrl\":\"https:\/\/compuviper.mx\/tienda\/wp-content\/uploads\/2021\/08\/Logo-Compuviper-10.png\",\"width\":1000,\"height\":500,\"caption\":\"Compuviper\"},\"image\":{\"@id\":\"https:\/\/compuviper.mx\/tienda\/#\/schema\/logo\/image\/\"},\"sameAs\":[\"https:\/\/www.facebook.com\/compuviper\",\"https:\/\/www.youtube.com\/channel\/UCf73dERp9Y3cfOq7q8BhLjA?view_as=subscriber\"]}]}<\/script>\n<meta property=\"product:brand\" content=\"TRIPP-LITE\" \/>\n<meta property=\"product:price:amount\" content=\"19489\" \/>\n<meta property=\"product:price:currency\" content=\"MXN\" \/>\n<meta property=\"og:availability\" content=\"out of stock\" \/>\n<meta property=\"product:availability\" content=\"out of stock\" \/>\n<meta property=\"product:retailer_item_id\" content=\"SMART3000RM2U\" \/>\n<meta property=\"product:condition\" content=\"new\" \/>\n<!-- \/ Yoast SEO plugin. -->","yoast_head_json":{"title":"[ Tripp-lite ] &#129351; Smart3000rm2u Ups Tripp Lite 3kva 3000 W 120 V Onda Sinusoidal, Interactivo, Serie Eaton Tripp Lite, 7 Contactos, Opcion De Tarjeta Red Webcardlxe ,lcd,usb,db9,2u Rack\/torre. Garantia Por 2 A\u00f1os","description":"Compra Smart3000rm2u Ups Tripp Lite 3kva 3000 W 120 V Onda Sinusoidal, Interactivo, Serie Eaton Tripp Lite, 7 Contactos, Opcion De Tarjeta Red Webcardlxe ,lcd,usb,db9,2u Rack\/torre. Garantia Por 2 A\u00f1os + Env\u00edo a domicilio + Pago seguro + Garant\u00eda","robots":{"index":"index","follow":"follow","max-snippet":"max-snippet:-1","max-image-preview":"max-image-preview:large","max-video-preview":"max-video-preview:-1"},"canonical":"https:\/\/compuviper.mx\/tienda\/producto\/tripp-lite-smart3000rm2u-ups-tripp-lite-3kva-3000-w-120-v-onda-sinusoidal-interactivo-serie-eaton-tripp-lite-7-contactos-opcion-de-tarjeta-red-webcardlxe-lcdusbdb92u-rack-torre-garantia-por\/","og_locale":"es_MX","og_type":"article","og_title":"[ Tripp-lite ] &#129351; Smart3000rm2u Ups Tripp Lite 3kva 3000 W 120 V Onda Sinusoidal, Interactivo, Serie Eaton Tripp Lite, 7 Contactos, Opcion De Tarjeta Red Webcardlxe ,lcd,usb,db9,2u Rack\/torre. Garantia Por 2 A\u00f1os","og_description":"Compra Smart3000rm2u Ups Tripp Lite 3kva 3000 W 120 V Onda Sinusoidal, Interactivo, Serie Eaton Tripp Lite, 7 Contactos, Opcion De Tarjeta Red Webcardlxe ,lcd,usb,db9,2u Rack\/torre. Garantia Por 2 A\u00f1os + Env\u00edo a domicilio + Pago seguro + Garant\u00eda","og_url":"https:\/\/compuviper.mx\/tienda\/producto\/tripp-lite-smart3000rm2u-ups-tripp-lite-3kva-3000-w-120-v-onda-sinusoidal-interactivo-serie-eaton-tripp-lite-7-contactos-opcion-de-tarjeta-red-webcardlxe-lcdusbdb92u-rack-torre-garantia-por\/","og_site_name":"Compuviper","article_publisher":"https:\/\/www.facebook.com\/compuviper","article_modified_time":"2026-04-02T06:27:16+00:00","og_image":[{"width":200,"height":200,"url":"https:\/\/compuviper.mx\/tienda\/wp-content\/uploads\/2023\/12\/Ups-tripp-lite-smart3000rm2u-3kva-3000-w-120-v-onda-sinusoidal-interactivo-serie-eaton-tripp-lite-7-contactos-opcion-de-tarjeta-red-webcardlxe-lcdusbdb92u-racktorre.-garantia-por-2-anos.jpg","type":"image\/jpeg"}],"twitter_card":"summary_large_image","twitter_misc":{"Precio":"&#36;19,489 con IVA","Availability":"Out of stock"},"schema":{"@context":"https:\/\/schema.org","@graph":[{"@type":"WebPage","@id":"https:\/\/compuviper.mx\/tienda\/producto\/tripp-lite-smart3000rm2u-ups-tripp-lite-3kva-3000-w-120-v-onda-sinusoidal-interactivo-serie-eaton-tripp-lite-7-contactos-opcion-de-tarjeta-red-webcardlxe-lcdusbdb92u-rack-torre-garantia-por\/","url":"https:\/\/compuviper.mx\/tienda\/producto\/tripp-lite-smart3000rm2u-ups-tripp-lite-3kva-3000-w-120-v-onda-sinusoidal-interactivo-serie-eaton-tripp-lite-7-contactos-opcion-de-tarjeta-red-webcardlxe-lcdusbdb92u-rack-torre-garantia-por\/","name":"[ Tripp-lite ] &#129351; Smart3000rm2u Ups Tripp Lite 3kva 3000 W 120 V Onda Sinusoidal, Interactivo, Serie Eaton Tripp Lite, 7 Contactos, Opcion De Tarjeta Red Webcardlxe ,lcd,usb,db9,2u Rack\/torre. Garantia Por 2 A\u00f1os","isPartOf":{"@id":"https:\/\/compuviper.mx\/tienda\/#website"},"datePublished":"2026-04-02T06:27:15+00:00","dateModified":"2026-04-02T06:27:16+00:00","description":"Compra Smart3000rm2u Ups Tripp Lite 3kva 3000 W 120 V Onda Sinusoidal, Interactivo, Serie Eaton Tripp Lite, 7 Contactos, Opcion De Tarjeta Red Webcardlxe ,lcd,usb,db9,2u Rack\/torre. Garantia Por 2 A\u00f1os + Env\u00edo a domicilio + Pago seguro + Garant\u00eda","breadcrumb":{"@id":"https:\/\/compuviper.mx\/tienda\/producto\/tripp-lite-smart3000rm2u-ups-tripp-lite-3kva-3000-w-120-v-onda-sinusoidal-interactivo-serie-eaton-tripp-lite-7-contactos-opcion-de-tarjeta-red-webcardlxe-lcdusbdb92u-rack-torre-garantia-por\/#breadcrumb"},"inLanguage":"es-MX","potentialAction":[{"@type":"ReadAction","target":["https:\/\/compuviper.mx\/tienda\/producto\/tripp-lite-smart3000rm2u-ups-tripp-lite-3kva-3000-w-120-v-onda-sinusoidal-interactivo-serie-eaton-tripp-lite-7-contactos-opcion-de-tarjeta-red-webcardlxe-lcdusbdb92u-rack-torre-garantia-por\/"]}]},{"@type":"BreadcrumbList","@id":"https:\/\/compuviper.mx\/tienda\/producto\/tripp-lite-smart3000rm2u-ups-tripp-lite-3kva-3000-w-120-v-onda-sinusoidal-interactivo-serie-eaton-tripp-lite-7-contactos-opcion-de-tarjeta-red-webcardlxe-lcdusbdb92u-rack-torre-garantia-por\/#breadcrumb","itemListElement":[{"@type":"ListItem","position":1,"name":"Inicio","item":"https:\/\/compuviper.mx\/tienda\/"},{"@type":"ListItem","position":2,"name":"Productos","item":"https:\/\/compuviper.mx\/tienda\/productos\/"},{"@type":"ListItem","position":3,"name":"Energia","item":"https:\/\/compuviper.mx\/tienda\/categoria-producto\/energia\/"},{"@type":"ListItem","position":4,"name":"No Break","item":"https:\/\/compuviper.mx\/tienda\/categoria-producto\/energia\/no-break\/"},{"@type":"ListItem","position":5,"name":"Tripp-lite Smart3000rm2u Ups Tripp Lite 3kva 3000 W 120 V Onda Sinusoidal, Interactivo, Serie Eaton Tripp Lite, 7 Contactos, Opcion De Tarjeta Red Webcardlxe ,lcd,usb,db9,2u Rack\/torre. Garantia Por 2 A?os"}]},{"@type":"WebSite","@id":"https:\/\/compuviper.mx\/tienda\/#website","url":"https:\/\/compuviper.mx\/tienda\/","name":"Compuviper","description":"Proveedor de Computadoras, Laptops, Servidores, Monitores, Puntos de Venta, Teclados,   Impresoras, T\u00f3ner, C\u00e1maras de Seguridad y m\u00e1s en tu tienda en l\u00ednea","publisher":{"@id":"https:\/\/compuviper.mx\/tienda\/#organization"},"potentialAction":[{"@type":"SearchAction","target":{"@type":"EntryPoint","urlTemplate":"https:\/\/compuviper.mx\/tienda\/?s={search_term_string}"},"query-input":"required name=search_term_string"}],"inLanguage":"es-MX"},{"@type":"Organization","@id":"https:\/\/compuviper.mx\/tienda\/#organization","name":"Compuviper","url":"https:\/\/compuviper.mx\/tienda\/","logo":{"@type":"ImageObject","inLanguage":"es-MX","@id":"https:\/\/compuviper.mx\/tienda\/#\/schema\/logo\/image\/","url":"https:\/\/compuviper.mx\/tienda\/wp-content\/uploads\/2021\/08\/Logo-Compuviper-10.png","contentUrl":"https:\/\/compuviper.mx\/tienda\/wp-content\/uploads\/2021\/08\/Logo-Compuviper-10.png","width":1000,"height":500,"caption":"Compuviper"},"image":{"@id":"https:\/\/compuviper.mx\/tienda\/#\/schema\/logo\/image\/"},"sameAs":["https:\/\/www.facebook.com\/compuviper","https:\/\/www.youtube.com\/channel\/UCf73dERp9Y3cfOq7q8BhLjA?view_as=subscriber"]}]},"product_brand":"TRIPP-LITE","product_price_amount":"19489","product_price_currency":"MXN","og_availability":"out of stock","product_availability":"out of stock","product_retailer_item_id":"SMART3000RM2U","product_condition":"new"},"_links":{"self":[{"href":"https:\/\/compuviper.mx\/tienda\/wp-json\/wp\/v2\/product\/217679"}],"collection":[{"href":"https:\/\/compuviper.mx\/tienda\/wp-json\/wp\/v2\/product"}],"about":[{"href":"https:\/\/compuviper.mx\/tienda\/wp-json\/wp\/v2\/types\/product"}],"replies":[{"embeddable":true,"href":"https:\/\/compuviper.mx\/tienda\/wp-json\/wp\/v2\/comments?post=217679"}],"wp:featuredmedia":[{"embeddable":true,"href":"https:\/\/compuviper.mx\/tienda\/wp-json\/wp\/v2\/media\/217680"}],"wp:attachment":[{"href":"https:\/\/compuviper.mx\/tienda\/wp-json\/wp\/v2\/media?parent=217679"}],"wp:term":[{"taxonomy":"product_cat","embeddable":true,"href":"https:\/\/compuviper.mx\/tienda\/wp-json\/wp\/v2\/product_cat?post=217679"},{"taxonomy":"product_tag","embeddable":true,"href":"https:\/\/compuviper.mx\/tienda\/wp-json\/wp\/v2\/product_tag?post=217679"}],"curies":[{"name":"wp","href":"https:\/\/api.w.org\/{rel}","templated":true}]}}