{"id":217642,"date":"2026-04-07T00:25:32","date_gmt":"2026-04-07T06:25:32","guid":{"rendered":"https:\/\/compuviper.mx\/tienda\/producto\/cdp-upo11-3rtaxi-ups-online-3kva-3000va-30000w-rack-torre-voltaje-nominal-220v-6-terminales-ice1-14-de-los-cuales-3-son-programables\/"},"modified":"2026-04-07T00:25:32","modified_gmt":"2026-04-07T06:25:32","slug":"cdp-upo11-3rtaxi-ups-online-torre-rack-de-3000va-3000w-220v","status":"publish","type":"product","link":"https:\/\/compuviper.mx\/tienda\/producto\/cdp-upo11-3rtaxi-ups-online-torre-rack-de-3000va-3000w-220v\/","title":{"rendered":"Cdp Upo11-3rtaxi Ups Online  Torre\/rack De 3000va\/3000w 220v"},"content":{"rendered":"<table class=\"descripcion\">\n<tr>\n<td>No break on line 3kva 3000va\/3000 w<\/td>\n<\/tr>\n<tr>\n<td>Breaker de circuito de protecci\u00f3n.<\/td>\n<\/tr>\n<tr>\n<td>Slot para la tarjeta inteligentes,<\/td>\n<\/tr>\n<tr>\n<td>Puerto de comunicaci\u00f3n rs232 usb.<\/td>\n<\/tr>\n<tr>\n<td>Apagado de emergencia, ventilaci\u00f3n.<\/td>\n<\/tr>\n<tr>\n<td>6 terminales iec-c13\/14 de los cuales 3 son programables.<\/td>\n<\/tr>\n<tr>\n<td>Apagado de emergencia.<\/td>\n<\/tr>\n<tr>\n<td>Breaker de circuito de protecci\u00f3n. cable de alimentaci\u00f3n.<\/td>\n<\/tr>\n<tr>\n<td>Tarjetas opcionales snmp y de control.<\/td>\n<\/tr>\n<tr>\n<td>Entrada rango de voltaje nominal 220vca, transferencia por bajo voltaje 110 vca+\/-5% transferencia por alto voltaje, retorno de la l\u00ednea baja 120 vca+\/-5%,transferencia por alto voltaje 300 vca +\/-5% retorno de l\u00ednea alta 290 vca+\/-5%<\/td>\n<\/tr>\n<tr>\n<td>Rango de frecuencia 50hz-70hz (autosesing)<\/td>\n<\/tr>\n<tr>\n<td>Salida<\/td>\n<\/tr>\n<tr>\n<td>Voltaje de salida 200\/208\/220\/230\/240 vca<\/td>\n<\/tr>\n<tr>\n<td>Regulaci\u00f3n volt. ac modo bater\u00eda +\/1%<\/td>\n<\/tr>\n<tr>\n<td>Rango de frecuencia modo bater\u00eda 47-53 hz (rango sincronizaci\u00f3n) 50hz +\/- 0,2 hz<\/td>\n<\/tr>\n<tr>\n<td>Corriente de cresta 5:1 (max)<\/td>\n<\/tr>\n<tr>\n<td>Distorsi\u00f3n arm\u00f3nica tiempo de transferencia :modo ac a modo bater\u00eda cero inversor a bypass 4ms(t\u00edpico)<\/td>\n<\/tr>\n<tr>\n<td>Tipo de onda ( modo bat) senoidal, efencia 90% modo ac 86% ) modo bater\u00eda<\/td>\n<\/tr>\n<tr>\n<td>Baterias: tipo \/cantidad bater\u00eda 12v\/9ah x 6<\/td>\n<\/tr>\n<tr>\n<td>Tiempo de autonomia full carga 4 minutos\/media carga 11 minutos.<\/td>\n<\/tr>\n<tr>\n<td>Lcd estado del ups, nivel de carga, nivel bater\u00eda, info entrada\/salida\/bater\u00eda,tiempo descarga,fallas.<\/td>\n<\/tr>\n<tr>\n<td>Modo bater\u00eda,suena cada 4 segundo<\/td>\n<\/tr>\n<tr>\n<td>Bateria baja,suena cada segundo.<\/td>\n<\/tr>\n<tr>\n<td>Sobre carga, suena dos veces por segundo.<\/td>\n<\/tr>\n<tr>\n<td>Fallo.suena continuamente.<\/td>\n<\/tr>\n<tr>\n<td>Fisica.600x438x88mm peso 29,6 kg.<\/td>\n<\/tr>\n<tr>\n<td>Control:<\/td>\n<\/tr>\n<tr>\n<td>Smart rs232 o usb soporta windows 98\/2000\/2003\/xp\/vista\/2008\/7 linux y mac<\/td>\n<\/tr>\n<tr>\n<td>Opcional snmp control y mando para snmp y web browser (mediante snmp interna o snmp db9)<\/td>\n<\/tr>\n<\/table>\n","protected":false},"excerpt":{"rendered":"<p>No break on line 3kva 3000va\/3000 w Breaker de circuito de protecci\u00f3n. Slot para la tarjeta inteligentes, Puerto de comunicaci\u00f3n rs232 usb. Apagado de emergencia, ventilaci\u00f3n. 6 terminales iec-c13\/14 de los cuales 3 son programables. Apagado de emergencia. Breaker de circuito de protecci\u00f3n. cable de alimentaci\u00f3n. Tarjetas opcionales snmp y de control. Entrada rango de [&hellip;]<\/p>\n","protected":false},"featured_media":217643,"comment_status":"open","ping_status":"open","template":"","meta":[],"product_cat":[1508,1691],"product_tag":[1693],"acf":[],"yoast_head":"<!-- This site is optimized with the Yoast SEO plugin v21.7 - https:\/\/yoast.com\/wordpress\/plugins\/seo\/ -->\n<title>[ Cdp ] &#129351; Upo11-3rtaxi Ups Online Torre\/rack De 3000va\/3000w 220v<\/title>\n<meta name=\"description\" content=\"Compra Upo11-3rtaxi Ups Online Torre\/rack De 3000va\/3000w 220v + Env\u00edo a domicilio + Pago seguro + Garant\u00eda\" \/>\n<meta name=\"robots\" content=\"index, follow, max-snippet:-1, max-image-preview:large, max-video-preview:-1\" \/>\n<link rel=\"canonical\" href=\"https:\/\/compuviper.mx\/tienda\/producto\/cdp-upo11-3rtaxi-ups-online-torre-rack-de-3000va-3000w-220v\/\" \/>\n<meta property=\"og:locale\" content=\"es_MX\" \/>\n<meta property=\"og:type\" content=\"article\" \/>\n<meta property=\"og:title\" content=\"[ Cdp ] &#129351; Upo11-3rtaxi Ups Online Torre\/rack De 3000va\/3000w 220v\" \/>\n<meta property=\"og:description\" content=\"Compra Upo11-3rtaxi Ups Online Torre\/rack De 3000va\/3000w 220v + Env\u00edo a domicilio + Pago seguro + Garant\u00eda\" \/>\n<meta property=\"og:url\" content=\"https:\/\/compuviper.mx\/tienda\/producto\/cdp-upo11-3rtaxi-ups-online-torre-rack-de-3000va-3000w-220v\/\" \/>\n<meta property=\"og:site_name\" content=\"Compuviper\" \/>\n<meta property=\"article:publisher\" content=\"https:\/\/www.facebook.com\/compuviper\" \/>\n<meta property=\"og:image\" content=\"https:\/\/compuviper.mx\/tienda\/wp-content\/uploads\/2023\/12\/Ups-online-cdp-3kva-3000va30000w-racktorre-voltaje-nominal-220v-6-terminales-ice114-de-los-cuales-3-son-programables.jpg\" \/>\n\t<meta property=\"og:image:width\" content=\"200\" \/>\n\t<meta property=\"og:image:height\" content=\"200\" \/>\n\t<meta property=\"og:image:type\" content=\"image\/jpeg\" \/>\n<meta name=\"twitter:card\" content=\"summary_large_image\" \/>\n<meta name=\"twitter:label1\" content=\"Precio\" \/>\n\t<meta name=\"twitter:data1\" content=\"&#36;20,563 con IVA\" \/>\n\t<meta name=\"twitter:label2\" content=\"Availability\" \/>\n\t<meta name=\"twitter:data2\" content=\"In stock\" \/>\n<script type=\"application\/ld+json\" class=\"yoast-schema-graph\">{\"@context\":\"https:\/\/schema.org\",\"@graph\":[{\"@type\":\"WebPage\",\"@id\":\"https:\/\/compuviper.mx\/tienda\/producto\/cdp-upo11-3rtaxi-ups-online-torre-rack-de-3000va-3000w-220v\/\",\"url\":\"https:\/\/compuviper.mx\/tienda\/producto\/cdp-upo11-3rtaxi-ups-online-torre-rack-de-3000va-3000w-220v\/\",\"name\":\"[ Cdp ] &#129351; Upo11-3rtaxi Ups Online Torre\/rack De 3000va\/3000w 220v\",\"isPartOf\":{\"@id\":\"https:\/\/compuviper.mx\/tienda\/#website\"},\"datePublished\":\"2026-04-07T06:25:32+00:00\",\"dateModified\":\"2026-04-07T06:25:32+00:00\",\"description\":\"Compra Upo11-3rtaxi Ups Online Torre\/rack De 3000va\/3000w 220v + Env\u00edo a domicilio + Pago seguro + Garant\u00eda\",\"breadcrumb\":{\"@id\":\"https:\/\/compuviper.mx\/tienda\/producto\/cdp-upo11-3rtaxi-ups-online-torre-rack-de-3000va-3000w-220v\/#breadcrumb\"},\"inLanguage\":\"es-MX\",\"potentialAction\":[{\"@type\":\"ReadAction\",\"target\":[\"https:\/\/compuviper.mx\/tienda\/producto\/cdp-upo11-3rtaxi-ups-online-torre-rack-de-3000va-3000w-220v\/\"]}]},{\"@type\":\"BreadcrumbList\",\"@id\":\"https:\/\/compuviper.mx\/tienda\/producto\/cdp-upo11-3rtaxi-ups-online-torre-rack-de-3000va-3000w-220v\/#breadcrumb\",\"itemListElement\":[{\"@type\":\"ListItem\",\"position\":1,\"name\":\"Inicio\",\"item\":\"https:\/\/compuviper.mx\/tienda\/\"},{\"@type\":\"ListItem\",\"position\":2,\"name\":\"Productos\",\"item\":\"https:\/\/compuviper.mx\/tienda\/productos\/\"},{\"@type\":\"ListItem\",\"position\":3,\"name\":\"Energia\",\"item\":\"https:\/\/compuviper.mx\/tienda\/categoria-producto\/energia\/\"},{\"@type\":\"ListItem\",\"position\":4,\"name\":\"No Break\",\"item\":\"https:\/\/compuviper.mx\/tienda\/categoria-producto\/energia\/no-break\/\"},{\"@type\":\"ListItem\",\"position\":5,\"name\":\"Cdp Upo11-3rtaxi Ups Online Torre\/rack De 3000va\/3000w 220v\"}]},{\"@type\":\"WebSite\",\"@id\":\"https:\/\/compuviper.mx\/tienda\/#website\",\"url\":\"https:\/\/compuviper.mx\/tienda\/\",\"name\":\"Compuviper\",\"description\":\"Proveedor de Computadoras, Laptops, Servidores, Monitores, Puntos de Venta, Teclados,   Impresoras, T\u00f3ner, C\u00e1maras de Seguridad y m\u00e1s en tu tienda en l\u00ednea\",\"publisher\":{\"@id\":\"https:\/\/compuviper.mx\/tienda\/#organization\"},\"potentialAction\":[{\"@type\":\"SearchAction\",\"target\":{\"@type\":\"EntryPoint\",\"urlTemplate\":\"https:\/\/compuviper.mx\/tienda\/?s={search_term_string}\"},\"query-input\":\"required name=search_term_string\"}],\"inLanguage\":\"es-MX\"},{\"@type\":\"Organization\",\"@id\":\"https:\/\/compuviper.mx\/tienda\/#organization\",\"name\":\"Compuviper\",\"url\":\"https:\/\/compuviper.mx\/tienda\/\",\"logo\":{\"@type\":\"ImageObject\",\"inLanguage\":\"es-MX\",\"@id\":\"https:\/\/compuviper.mx\/tienda\/#\/schema\/logo\/image\/\",\"url\":\"https:\/\/compuviper.mx\/tienda\/wp-content\/uploads\/2021\/08\/Logo-Compuviper-10.png\",\"contentUrl\":\"https:\/\/compuviper.mx\/tienda\/wp-content\/uploads\/2021\/08\/Logo-Compuviper-10.png\",\"width\":1000,\"height\":500,\"caption\":\"Compuviper\"},\"image\":{\"@id\":\"https:\/\/compuviper.mx\/tienda\/#\/schema\/logo\/image\/\"},\"sameAs\":[\"https:\/\/www.facebook.com\/compuviper\",\"https:\/\/www.youtube.com\/channel\/UCf73dERp9Y3cfOq7q8BhLjA?view_as=subscriber\"]}]}<\/script>\n<meta property=\"product:brand\" content=\"CDP\" \/>\n<meta property=\"product:price:amount\" content=\"20563\" \/>\n<meta property=\"product:price:currency\" content=\"MXN\" \/>\n<meta property=\"og:availability\" content=\"instock\" \/>\n<meta property=\"product:availability\" content=\"instock\" \/>\n<meta property=\"product:retailer_item_id\" content=\"UPO11-3RTAXI\" \/>\n<meta property=\"product:condition\" content=\"new\" \/>\n<!-- \/ Yoast SEO plugin. -->","yoast_head_json":{"title":"[ Cdp ] &#129351; Upo11-3rtaxi Ups Online Torre\/rack De 3000va\/3000w 220v","description":"Compra Upo11-3rtaxi Ups Online Torre\/rack De 3000va\/3000w 220v + Env\u00edo a domicilio + Pago seguro + Garant\u00eda","robots":{"index":"index","follow":"follow","max-snippet":"max-snippet:-1","max-image-preview":"max-image-preview:large","max-video-preview":"max-video-preview:-1"},"canonical":"https:\/\/compuviper.mx\/tienda\/producto\/cdp-upo11-3rtaxi-ups-online-torre-rack-de-3000va-3000w-220v\/","og_locale":"es_MX","og_type":"article","og_title":"[ Cdp ] &#129351; Upo11-3rtaxi Ups Online Torre\/rack De 3000va\/3000w 220v","og_description":"Compra Upo11-3rtaxi Ups Online Torre\/rack De 3000va\/3000w 220v + Env\u00edo a domicilio + Pago seguro + Garant\u00eda","og_url":"https:\/\/compuviper.mx\/tienda\/producto\/cdp-upo11-3rtaxi-ups-online-torre-rack-de-3000va-3000w-220v\/","og_site_name":"Compuviper","article_publisher":"https:\/\/www.facebook.com\/compuviper","og_image":[{"width":200,"height":200,"url":"https:\/\/compuviper.mx\/tienda\/wp-content\/uploads\/2023\/12\/Ups-online-cdp-3kva-3000va30000w-racktorre-voltaje-nominal-220v-6-terminales-ice114-de-los-cuales-3-son-programables.jpg","type":"image\/jpeg"}],"twitter_card":"summary_large_image","twitter_misc":{"Precio":"&#36;20,563 con IVA","Availability":"In stock"},"schema":{"@context":"https:\/\/schema.org","@graph":[{"@type":"WebPage","@id":"https:\/\/compuviper.mx\/tienda\/producto\/cdp-upo11-3rtaxi-ups-online-torre-rack-de-3000va-3000w-220v\/","url":"https:\/\/compuviper.mx\/tienda\/producto\/cdp-upo11-3rtaxi-ups-online-torre-rack-de-3000va-3000w-220v\/","name":"[ Cdp ] &#129351; Upo11-3rtaxi Ups Online Torre\/rack De 3000va\/3000w 220v","isPartOf":{"@id":"https:\/\/compuviper.mx\/tienda\/#website"},"datePublished":"2026-04-07T06:25:32+00:00","dateModified":"2026-04-07T06:25:32+00:00","description":"Compra Upo11-3rtaxi Ups Online Torre\/rack De 3000va\/3000w 220v + Env\u00edo a domicilio + Pago seguro + Garant\u00eda","breadcrumb":{"@id":"https:\/\/compuviper.mx\/tienda\/producto\/cdp-upo11-3rtaxi-ups-online-torre-rack-de-3000va-3000w-220v\/#breadcrumb"},"inLanguage":"es-MX","potentialAction":[{"@type":"ReadAction","target":["https:\/\/compuviper.mx\/tienda\/producto\/cdp-upo11-3rtaxi-ups-online-torre-rack-de-3000va-3000w-220v\/"]}]},{"@type":"BreadcrumbList","@id":"https:\/\/compuviper.mx\/tienda\/producto\/cdp-upo11-3rtaxi-ups-online-torre-rack-de-3000va-3000w-220v\/#breadcrumb","itemListElement":[{"@type":"ListItem","position":1,"name":"Inicio","item":"https:\/\/compuviper.mx\/tienda\/"},{"@type":"ListItem","position":2,"name":"Productos","item":"https:\/\/compuviper.mx\/tienda\/productos\/"},{"@type":"ListItem","position":3,"name":"Energia","item":"https:\/\/compuviper.mx\/tienda\/categoria-producto\/energia\/"},{"@type":"ListItem","position":4,"name":"No Break","item":"https:\/\/compuviper.mx\/tienda\/categoria-producto\/energia\/no-break\/"},{"@type":"ListItem","position":5,"name":"Cdp Upo11-3rtaxi Ups Online Torre\/rack De 3000va\/3000w 220v"}]},{"@type":"WebSite","@id":"https:\/\/compuviper.mx\/tienda\/#website","url":"https:\/\/compuviper.mx\/tienda\/","name":"Compuviper","description":"Proveedor de Computadoras, Laptops, Servidores, Monitores, Puntos de Venta, Teclados,   Impresoras, T\u00f3ner, C\u00e1maras de Seguridad y m\u00e1s en tu tienda en l\u00ednea","publisher":{"@id":"https:\/\/compuviper.mx\/tienda\/#organization"},"potentialAction":[{"@type":"SearchAction","target":{"@type":"EntryPoint","urlTemplate":"https:\/\/compuviper.mx\/tienda\/?s={search_term_string}"},"query-input":"required name=search_term_string"}],"inLanguage":"es-MX"},{"@type":"Organization","@id":"https:\/\/compuviper.mx\/tienda\/#organization","name":"Compuviper","url":"https:\/\/compuviper.mx\/tienda\/","logo":{"@type":"ImageObject","inLanguage":"es-MX","@id":"https:\/\/compuviper.mx\/tienda\/#\/schema\/logo\/image\/","url":"https:\/\/compuviper.mx\/tienda\/wp-content\/uploads\/2021\/08\/Logo-Compuviper-10.png","contentUrl":"https:\/\/compuviper.mx\/tienda\/wp-content\/uploads\/2021\/08\/Logo-Compuviper-10.png","width":1000,"height":500,"caption":"Compuviper"},"image":{"@id":"https:\/\/compuviper.mx\/tienda\/#\/schema\/logo\/image\/"},"sameAs":["https:\/\/www.facebook.com\/compuviper","https:\/\/www.youtube.com\/channel\/UCf73dERp9Y3cfOq7q8BhLjA?view_as=subscriber"]}]},"product_brand":"CDP","product_price_amount":"20563","product_price_currency":"MXN","og_availability":"instock","product_availability":"instock","product_retailer_item_id":"UPO11-3RTAXI","product_condition":"new"},"_links":{"self":[{"href":"https:\/\/compuviper.mx\/tienda\/wp-json\/wp\/v2\/product\/217642"}],"collection":[{"href":"https:\/\/compuviper.mx\/tienda\/wp-json\/wp\/v2\/product"}],"about":[{"href":"https:\/\/compuviper.mx\/tienda\/wp-json\/wp\/v2\/types\/product"}],"replies":[{"embeddable":true,"href":"https:\/\/compuviper.mx\/tienda\/wp-json\/wp\/v2\/comments?post=217642"}],"wp:featuredmedia":[{"embeddable":true,"href":"https:\/\/compuviper.mx\/tienda\/wp-json\/wp\/v2\/media\/217643"}],"wp:attachment":[{"href":"https:\/\/compuviper.mx\/tienda\/wp-json\/wp\/v2\/media?parent=217642"}],"wp:term":[{"taxonomy":"product_cat","embeddable":true,"href":"https:\/\/compuviper.mx\/tienda\/wp-json\/wp\/v2\/product_cat?post=217642"},{"taxonomy":"product_tag","embeddable":true,"href":"https:\/\/compuviper.mx\/tienda\/wp-json\/wp\/v2\/product_tag?post=217642"}],"curies":[{"name":"wp","href":"https:\/\/api.w.org\/{rel}","templated":true}]}}