{"id":217634,"date":"2026-04-07T00:25:30","date_gmt":"2026-04-07T06:25:30","guid":{"rendered":"https:\/\/compuviper.mx\/tienda\/producto\/eaton-5px3000rtg2-no-break-ups-modelo-5px-g2-ups-2u-3000-va-3000-w-l5-30p-input-outputs-1-l5-30r-6-5-20-120v\/"},"modified":"2026-04-07T00:25:30","modified_gmt":"2026-04-07T06:25:30","slug":"eaton-5px3000rtg2-no-break-ups-modelo-5px-g2-ups-2u-3000-va-3000-w-l5-30p-input-outputs-1-l5-30r-6-5-20-120v","status":"publish","type":"product","link":"https:\/\/compuviper.mx\/tienda\/producto\/eaton-5px3000rtg2-no-break-ups-modelo-5px-g2-ups-2u-3000-va-3000-w-l5-30p-input-outputs-1-l5-30r-6-5-20-120v\/","title":{"rendered":"Eaton 5px3000rtg2 No Break \/ Ups \/ \/ Modelo  5px G2 Ups, 2u, 3000 Va, 3000 W, L5-30p Input, Outputs: (1) L5-30r, (6) 5-20, 120v"},"content":{"rendered":"<table class=\"descripcion\">\n<tr>\n<td>Tipolog\u00eda l\u00ednea interactiva de alta frecuencia (onda sinoidal pura, elevador y difusor de tensi\u00f3n)<\/td>\n<\/tr>\n<tr>\n<td>Configuraci\u00f3n torre\/rack 2u<\/td>\n<\/tr>\n<tr>\n<td>N\u00famero de cat\u00e1logo 5px3000rtg2<\/td>\n<\/tr>\n<tr>\n<td>Color negro<\/td>\n<\/tr>\n<tr>\n<td>Rating (va\/watts) 3000\/3000<\/td>\n<\/tr>\n<tr>\n<td>Diagn\u00f3sticos prueba autom\u00e1tica de todo el sistema con el encendido<\/td>\n<\/tr>\n<tr>\n<td>Eficiencia hasta 98%<\/td>\n<\/tr>\n<tr>\n<td>Dimensiones (h x w x d, inches) 3.4&#215;17.2&#215;23.7<\/td>\n<\/tr>\n<tr>\n<td>Peso (lbs) 74.5<\/td>\n<\/tr>\n<tr>\n<td>Equipo de rieles incluido soportes para torre y kit de rieles de 4 postes incluidos<\/td>\n<\/tr>\n<tr>\n<td>Contenidos<\/td>\n<\/tr>\n<tr>\n<td>(env\u00edo con los siguientes items)<\/td>\n<\/tr>\n<tr>\n<td>5px3000rtg2<\/td>\n<\/tr>\n<tr>\n<td>Kit de rieles para cuatro postes<\/td>\n<\/tr>\n<tr>\n<td>Cd con manual del usuario<\/td>\n<\/tr>\n<tr>\n<td>Pedestales para torre<\/td>\n<\/tr>\n<tr>\n<td>Cd con paquete intelligent power software<\/td>\n<\/tr>\n<tr>\n<td>Gu\u00eda de encendido r\u00e1pido<\/td>\n<\/tr>\n<tr>\n<td>Cable serial rs-232<\/td>\n<\/tr>\n<tr>\n<td>Cable usb<\/td>\n<\/tr>\n<tr>\n<td>Conexi\u00f3n de entrada nema l5-30p<\/td>\n<\/tr>\n<tr>\n<td>Voltaje nominal 120 v<\/td>\n<\/tr>\n<tr>\n<td>Frecuencia 50\/60 hz (auto-sensible)<\/td>\n<\/tr>\n<tr>\n<td>Salida de energia<\/td>\n<\/tr>\n<tr>\n<td>Conexiones de salida 6) nema 5-20r , (1) l5-30r<\/td>\n<\/tr>\n<tr>\n<td>Frecuencia de salida 50\/60 hz \u00b10.1 % (autosensing)<\/td>\n<\/tr>\n<tr>\n<td>Tiempo de transferencia;4 ms typical<\/td>\n<\/tr>\n<\/table>\n","protected":false},"excerpt":{"rendered":"<p>El ups 5px g2 de eaton es una soluci\u00f3n integrada de administraci\u00f3n de energ\u00eda. Emparejado a la perfecci\u00f3n con el paquete de software intelligent power, el 5px g2 le proporciona las herramientas necesarias para administrar su equipo, incluso en entornos virtualizados. Dise\u00f1ado con segmentos administrados de salida, puede monitorear el consumo de energ\u00eda en una pantalla lcd intuitiva. Tambi\u00e9n ofrece mayor potencia que otros ups comparables. \u00bfle permite personalizar los par\u00e1metros del ups, visualizar la carga y consumo de energ\u00eda a trav\u00e9s de la interfaz de pantalla lcd interactiva. \u00bftotalmente integrado con el paquete de software intelligent power para el funcionamiento continuo de servidores y m\u00e1quinas virtuales. \u00bfmonitorea y administra el consumo de energ\u00eda a trav\u00e9s de las salidas administradas. \u00bfproporciona mayor potencia real (watts) para proteger m\u00e1s equipos y dejar espacio para sistemas de ti en crecimiento. \u00bfextiende la vida de servicio de la bater\u00eda en un 50% con la tecnolog\u00eda abmy. ?. Topolog\u00eda l\u00ednea interactiva de alta frecuencia (onda sinoidal pura, elevador y difusor de tensi\u00f3n. Configuraci\u00f3n torre\/rack 2u<\/p>\n","protected":false},"featured_media":217635,"comment_status":"open","ping_status":"open","template":"","meta":[],"product_cat":[1508,1691],"product_tag":[1698],"acf":[],"yoast_head":"<!-- This site is optimized with the Yoast SEO plugin v21.7 - https:\/\/yoast.com\/wordpress\/plugins\/seo\/ -->\n<title>[ Eaton ] &#129351; 5px3000rtg2 No Break \/ Ups \/ \/ Modelo 5px G2 Ups, 2u, 3000 Va, 3000 W, L5-30p Input, Outputs: (1) L5-30r, (6) 5-20, 120v<\/title>\n<meta name=\"description\" content=\"Compra 5px3000rtg2 No Break \/ Ups \/ \/ Modelo 5px G2 Ups, 2u, 3000 Va, 3000 W, L5-30p Input, Outputs: (1) L5-30r, (6) 5-20, 120v + Env\u00edo a domicilio + Pago seguro + Garant\u00eda\" \/>\n<meta name=\"robots\" content=\"index, follow, max-snippet:-1, max-image-preview:large, max-video-preview:-1\" \/>\n<link rel=\"canonical\" href=\"https:\/\/compuviper.mx\/tienda\/producto\/eaton-5px3000rtg2-no-break-ups-modelo-5px-g2-ups-2u-3000-va-3000-w-l5-30p-input-outputs-1-l5-30r-6-5-20-120v\/\" \/>\n<meta property=\"og:locale\" content=\"es_MX\" \/>\n<meta property=\"og:type\" content=\"article\" \/>\n<meta property=\"og:title\" content=\"[ Eaton ] &#129351; 5px3000rtg2 No Break \/ Ups \/ \/ Modelo 5px G2 Ups, 2u, 3000 Va, 3000 W, L5-30p Input, Outputs: (1) L5-30r, (6) 5-20, 120v\" \/>\n<meta property=\"og:description\" content=\"Compra 5px3000rtg2 No Break \/ Ups \/ \/ Modelo 5px G2 Ups, 2u, 3000 Va, 3000 W, L5-30p Input, Outputs: (1) L5-30r, (6) 5-20, 120v + Env\u00edo a domicilio + Pago seguro + Garant\u00eda\" \/>\n<meta property=\"og:url\" content=\"https:\/\/compuviper.mx\/tienda\/producto\/eaton-5px3000rtg2-no-break-ups-modelo-5px-g2-ups-2u-3000-va-3000-w-l5-30p-input-outputs-1-l5-30r-6-5-20-120v\/\" \/>\n<meta property=\"og:site_name\" content=\"Compuviper\" \/>\n<meta property=\"article:publisher\" content=\"https:\/\/www.facebook.com\/compuviper\" \/>\n<meta property=\"og:image\" content=\"https:\/\/compuviper.mx\/tienda\/wp-content\/uploads\/2023\/12\/No-break-ups-eaton-modelo-5px3000rtg2-5px-g2-ups-2u-3000-va-3000-w-l5-30p-input-outputs-1-l5-30r-6-5-20-120v.jpg\" \/>\n\t<meta property=\"og:image:width\" content=\"200\" \/>\n\t<meta property=\"og:image:height\" content=\"200\" \/>\n\t<meta property=\"og:image:type\" content=\"image\/jpeg\" \/>\n<meta name=\"twitter:card\" content=\"summary_large_image\" \/>\n<meta name=\"twitter:label1\" content=\"Precio\" \/>\n\t<meta name=\"twitter:data1\" content=\"&#36;24,519 con IVA\" \/>\n\t<meta name=\"twitter:label2\" content=\"Availability\" \/>\n\t<meta name=\"twitter:data2\" content=\"In stock\" \/>\n<script type=\"application\/ld+json\" class=\"yoast-schema-graph\">{\"@context\":\"https:\/\/schema.org\",\"@graph\":[{\"@type\":\"WebPage\",\"@id\":\"https:\/\/compuviper.mx\/tienda\/producto\/eaton-5px3000rtg2-no-break-ups-modelo-5px-g2-ups-2u-3000-va-3000-w-l5-30p-input-outputs-1-l5-30r-6-5-20-120v\/\",\"url\":\"https:\/\/compuviper.mx\/tienda\/producto\/eaton-5px3000rtg2-no-break-ups-modelo-5px-g2-ups-2u-3000-va-3000-w-l5-30p-input-outputs-1-l5-30r-6-5-20-120v\/\",\"name\":\"[ Eaton ] &#129351; 5px3000rtg2 No Break \/ Ups \/ \/ Modelo 5px G2 Ups, 2u, 3000 Va, 3000 W, L5-30p Input, Outputs: (1) L5-30r, (6) 5-20, 120v\",\"isPartOf\":{\"@id\":\"https:\/\/compuviper.mx\/tienda\/#website\"},\"datePublished\":\"2026-04-07T06:25:30+00:00\",\"dateModified\":\"2026-04-07T06:25:30+00:00\",\"description\":\"Compra 5px3000rtg2 No Break \/ Ups \/ \/ Modelo 5px G2 Ups, 2u, 3000 Va, 3000 W, L5-30p Input, Outputs: (1) L5-30r, (6) 5-20, 120v + Env\u00edo a domicilio + Pago seguro + Garant\u00eda\",\"breadcrumb\":{\"@id\":\"https:\/\/compuviper.mx\/tienda\/producto\/eaton-5px3000rtg2-no-break-ups-modelo-5px-g2-ups-2u-3000-va-3000-w-l5-30p-input-outputs-1-l5-30r-6-5-20-120v\/#breadcrumb\"},\"inLanguage\":\"es-MX\",\"potentialAction\":[{\"@type\":\"ReadAction\",\"target\":[\"https:\/\/compuviper.mx\/tienda\/producto\/eaton-5px3000rtg2-no-break-ups-modelo-5px-g2-ups-2u-3000-va-3000-w-l5-30p-input-outputs-1-l5-30r-6-5-20-120v\/\"]}]},{\"@type\":\"BreadcrumbList\",\"@id\":\"https:\/\/compuviper.mx\/tienda\/producto\/eaton-5px3000rtg2-no-break-ups-modelo-5px-g2-ups-2u-3000-va-3000-w-l5-30p-input-outputs-1-l5-30r-6-5-20-120v\/#breadcrumb\",\"itemListElement\":[{\"@type\":\"ListItem\",\"position\":1,\"name\":\"Inicio\",\"item\":\"https:\/\/compuviper.mx\/tienda\/\"},{\"@type\":\"ListItem\",\"position\":2,\"name\":\"Productos\",\"item\":\"https:\/\/compuviper.mx\/tienda\/productos\/\"},{\"@type\":\"ListItem\",\"position\":3,\"name\":\"Energia\",\"item\":\"https:\/\/compuviper.mx\/tienda\/categoria-producto\/energia\/\"},{\"@type\":\"ListItem\",\"position\":4,\"name\":\"No Break\",\"item\":\"https:\/\/compuviper.mx\/tienda\/categoria-producto\/energia\/no-break\/\"},{\"@type\":\"ListItem\",\"position\":5,\"name\":\"Eaton 5px3000rtg2 No Break \/ Ups \/ \/ Modelo 5px G2 Ups, 2u, 3000 Va, 3000 W, L5-30p Input, Outputs: (1) L5-30r, (6) 5-20, 120v\"}]},{\"@type\":\"WebSite\",\"@id\":\"https:\/\/compuviper.mx\/tienda\/#website\",\"url\":\"https:\/\/compuviper.mx\/tienda\/\",\"name\":\"Compuviper\",\"description\":\"Proveedor de Computadoras, Laptops, Servidores, Monitores, Puntos de Venta, Teclados,   Impresoras, T\u00f3ner, C\u00e1maras de Seguridad y m\u00e1s en tu tienda en l\u00ednea\",\"publisher\":{\"@id\":\"https:\/\/compuviper.mx\/tienda\/#organization\"},\"potentialAction\":[{\"@type\":\"SearchAction\",\"target\":{\"@type\":\"EntryPoint\",\"urlTemplate\":\"https:\/\/compuviper.mx\/tienda\/?s={search_term_string}\"},\"query-input\":\"required name=search_term_string\"}],\"inLanguage\":\"es-MX\"},{\"@type\":\"Organization\",\"@id\":\"https:\/\/compuviper.mx\/tienda\/#organization\",\"name\":\"Compuviper\",\"url\":\"https:\/\/compuviper.mx\/tienda\/\",\"logo\":{\"@type\":\"ImageObject\",\"inLanguage\":\"es-MX\",\"@id\":\"https:\/\/compuviper.mx\/tienda\/#\/schema\/logo\/image\/\",\"url\":\"https:\/\/compuviper.mx\/tienda\/wp-content\/uploads\/2021\/08\/Logo-Compuviper-10.png\",\"contentUrl\":\"https:\/\/compuviper.mx\/tienda\/wp-content\/uploads\/2021\/08\/Logo-Compuviper-10.png\",\"width\":1000,\"height\":500,\"caption\":\"Compuviper\"},\"image\":{\"@id\":\"https:\/\/compuviper.mx\/tienda\/#\/schema\/logo\/image\/\"},\"sameAs\":[\"https:\/\/www.facebook.com\/compuviper\",\"https:\/\/www.youtube.com\/channel\/UCf73dERp9Y3cfOq7q8BhLjA?view_as=subscriber\"]}]}<\/script>\n<meta property=\"product:brand\" content=\"EATON\" \/>\n<meta property=\"product:price:amount\" content=\"24519\" \/>\n<meta property=\"product:price:currency\" content=\"MXN\" \/>\n<meta property=\"og:availability\" content=\"instock\" \/>\n<meta property=\"product:availability\" content=\"instock\" \/>\n<meta property=\"product:retailer_item_id\" content=\"5PX3000RTG2\" \/>\n<meta property=\"product:condition\" content=\"new\" \/>\n<!-- \/ Yoast SEO plugin. -->","yoast_head_json":{"title":"[ Eaton ] &#129351; 5px3000rtg2 No Break \/ Ups \/ \/ Modelo 5px G2 Ups, 2u, 3000 Va, 3000 W, L5-30p Input, Outputs: (1) L5-30r, (6) 5-20, 120v","description":"Compra 5px3000rtg2 No Break \/ Ups \/ \/ Modelo 5px G2 Ups, 2u, 3000 Va, 3000 W, L5-30p Input, Outputs: (1) L5-30r, (6) 5-20, 120v + Env\u00edo a domicilio + Pago seguro + Garant\u00eda","robots":{"index":"index","follow":"follow","max-snippet":"max-snippet:-1","max-image-preview":"max-image-preview:large","max-video-preview":"max-video-preview:-1"},"canonical":"https:\/\/compuviper.mx\/tienda\/producto\/eaton-5px3000rtg2-no-break-ups-modelo-5px-g2-ups-2u-3000-va-3000-w-l5-30p-input-outputs-1-l5-30r-6-5-20-120v\/","og_locale":"es_MX","og_type":"article","og_title":"[ Eaton ] &#129351; 5px3000rtg2 No Break \/ Ups \/ \/ Modelo 5px G2 Ups, 2u, 3000 Va, 3000 W, L5-30p Input, Outputs: (1) L5-30r, (6) 5-20, 120v","og_description":"Compra 5px3000rtg2 No Break \/ Ups \/ \/ Modelo 5px G2 Ups, 2u, 3000 Va, 3000 W, L5-30p Input, Outputs: (1) L5-30r, (6) 5-20, 120v + Env\u00edo a domicilio + Pago seguro + Garant\u00eda","og_url":"https:\/\/compuviper.mx\/tienda\/producto\/eaton-5px3000rtg2-no-break-ups-modelo-5px-g2-ups-2u-3000-va-3000-w-l5-30p-input-outputs-1-l5-30r-6-5-20-120v\/","og_site_name":"Compuviper","article_publisher":"https:\/\/www.facebook.com\/compuviper","og_image":[{"width":200,"height":200,"url":"https:\/\/compuviper.mx\/tienda\/wp-content\/uploads\/2023\/12\/No-break-ups-eaton-modelo-5px3000rtg2-5px-g2-ups-2u-3000-va-3000-w-l5-30p-input-outputs-1-l5-30r-6-5-20-120v.jpg","type":"image\/jpeg"}],"twitter_card":"summary_large_image","twitter_misc":{"Precio":"&#36;24,519 con IVA","Availability":"In stock"},"schema":{"@context":"https:\/\/schema.org","@graph":[{"@type":"WebPage","@id":"https:\/\/compuviper.mx\/tienda\/producto\/eaton-5px3000rtg2-no-break-ups-modelo-5px-g2-ups-2u-3000-va-3000-w-l5-30p-input-outputs-1-l5-30r-6-5-20-120v\/","url":"https:\/\/compuviper.mx\/tienda\/producto\/eaton-5px3000rtg2-no-break-ups-modelo-5px-g2-ups-2u-3000-va-3000-w-l5-30p-input-outputs-1-l5-30r-6-5-20-120v\/","name":"[ Eaton ] &#129351; 5px3000rtg2 No Break \/ Ups \/ \/ Modelo 5px G2 Ups, 2u, 3000 Va, 3000 W, L5-30p Input, Outputs: (1) L5-30r, (6) 5-20, 120v","isPartOf":{"@id":"https:\/\/compuviper.mx\/tienda\/#website"},"datePublished":"2026-04-07T06:25:30+00:00","dateModified":"2026-04-07T06:25:30+00:00","description":"Compra 5px3000rtg2 No Break \/ Ups \/ \/ Modelo 5px G2 Ups, 2u, 3000 Va, 3000 W, L5-30p Input, Outputs: (1) L5-30r, (6) 5-20, 120v + Env\u00edo a domicilio + Pago seguro + Garant\u00eda","breadcrumb":{"@id":"https:\/\/compuviper.mx\/tienda\/producto\/eaton-5px3000rtg2-no-break-ups-modelo-5px-g2-ups-2u-3000-va-3000-w-l5-30p-input-outputs-1-l5-30r-6-5-20-120v\/#breadcrumb"},"inLanguage":"es-MX","potentialAction":[{"@type":"ReadAction","target":["https:\/\/compuviper.mx\/tienda\/producto\/eaton-5px3000rtg2-no-break-ups-modelo-5px-g2-ups-2u-3000-va-3000-w-l5-30p-input-outputs-1-l5-30r-6-5-20-120v\/"]}]},{"@type":"BreadcrumbList","@id":"https:\/\/compuviper.mx\/tienda\/producto\/eaton-5px3000rtg2-no-break-ups-modelo-5px-g2-ups-2u-3000-va-3000-w-l5-30p-input-outputs-1-l5-30r-6-5-20-120v\/#breadcrumb","itemListElement":[{"@type":"ListItem","position":1,"name":"Inicio","item":"https:\/\/compuviper.mx\/tienda\/"},{"@type":"ListItem","position":2,"name":"Productos","item":"https:\/\/compuviper.mx\/tienda\/productos\/"},{"@type":"ListItem","position":3,"name":"Energia","item":"https:\/\/compuviper.mx\/tienda\/categoria-producto\/energia\/"},{"@type":"ListItem","position":4,"name":"No Break","item":"https:\/\/compuviper.mx\/tienda\/categoria-producto\/energia\/no-break\/"},{"@type":"ListItem","position":5,"name":"Eaton 5px3000rtg2 No Break \/ Ups \/ \/ Modelo 5px G2 Ups, 2u, 3000 Va, 3000 W, L5-30p Input, Outputs: (1) L5-30r, (6) 5-20, 120v"}]},{"@type":"WebSite","@id":"https:\/\/compuviper.mx\/tienda\/#website","url":"https:\/\/compuviper.mx\/tienda\/","name":"Compuviper","description":"Proveedor de Computadoras, Laptops, Servidores, Monitores, Puntos de Venta, Teclados,   Impresoras, T\u00f3ner, C\u00e1maras de Seguridad y m\u00e1s en tu tienda en l\u00ednea","publisher":{"@id":"https:\/\/compuviper.mx\/tienda\/#organization"},"potentialAction":[{"@type":"SearchAction","target":{"@type":"EntryPoint","urlTemplate":"https:\/\/compuviper.mx\/tienda\/?s={search_term_string}"},"query-input":"required name=search_term_string"}],"inLanguage":"es-MX"},{"@type":"Organization","@id":"https:\/\/compuviper.mx\/tienda\/#organization","name":"Compuviper","url":"https:\/\/compuviper.mx\/tienda\/","logo":{"@type":"ImageObject","inLanguage":"es-MX","@id":"https:\/\/compuviper.mx\/tienda\/#\/schema\/logo\/image\/","url":"https:\/\/compuviper.mx\/tienda\/wp-content\/uploads\/2021\/08\/Logo-Compuviper-10.png","contentUrl":"https:\/\/compuviper.mx\/tienda\/wp-content\/uploads\/2021\/08\/Logo-Compuviper-10.png","width":1000,"height":500,"caption":"Compuviper"},"image":{"@id":"https:\/\/compuviper.mx\/tienda\/#\/schema\/logo\/image\/"},"sameAs":["https:\/\/www.facebook.com\/compuviper","https:\/\/www.youtube.com\/channel\/UCf73dERp9Y3cfOq7q8BhLjA?view_as=subscriber"]}]},"product_brand":"EATON","product_price_amount":"24519","product_price_currency":"MXN","og_availability":"instock","product_availability":"instock","product_retailer_item_id":"5PX3000RTG2","product_condition":"new"},"_links":{"self":[{"href":"https:\/\/compuviper.mx\/tienda\/wp-json\/wp\/v2\/product\/217634"}],"collection":[{"href":"https:\/\/compuviper.mx\/tienda\/wp-json\/wp\/v2\/product"}],"about":[{"href":"https:\/\/compuviper.mx\/tienda\/wp-json\/wp\/v2\/types\/product"}],"replies":[{"embeddable":true,"href":"https:\/\/compuviper.mx\/tienda\/wp-json\/wp\/v2\/comments?post=217634"}],"wp:featuredmedia":[{"embeddable":true,"href":"https:\/\/compuviper.mx\/tienda\/wp-json\/wp\/v2\/media\/217635"}],"wp:attachment":[{"href":"https:\/\/compuviper.mx\/tienda\/wp-json\/wp\/v2\/media?parent=217634"}],"wp:term":[{"taxonomy":"product_cat","embeddable":true,"href":"https:\/\/compuviper.mx\/tienda\/wp-json\/wp\/v2\/product_cat?post=217634"},{"taxonomy":"product_tag","embeddable":true,"href":"https:\/\/compuviper.mx\/tienda\/wp-json\/wp\/v2\/product_tag?post=217634"}],"curies":[{"name":"wp","href":"https:\/\/api.w.org\/{rel}","templated":true}]}}