{"id":217626,"date":"2026-04-07T00:25:28","date_gmt":"2026-04-07T06:25:28","guid":{"rendered":"https:\/\/compuviper.mx\/tienda\/producto\/cyberpower-pr1500ertxl2u-nobreak-1500va-1500w-lcd-interactivo-senoidal-pura-entrada-y-salida-a-220-240v-receptculos-10-iec320-c13-2-aos-de-garanta\/"},"modified":"2026-04-07T00:25:28","modified_gmt":"2026-04-07T06:25:28","slug":"cyberpower-pr1500ertxl2u-nobreak-1500va-1500w-lcd-interactivo-senoidal-pura-entrada-y-salida-a-220-240v-receptculos-10-iec320-c13-2-aos-de-garanta","status":"publish","type":"product","link":"https:\/\/compuviper.mx\/tienda\/producto\/cyberpower-pr1500ertxl2u-nobreak-1500va-1500w-lcd-interactivo-senoidal-pura-entrada-y-salida-a-220-240v-receptculos-10-iec320-c13-2-aos-de-garanta\/","title":{"rendered":"Cyberpower Pr1500ertxl2u Nobreak  () 1500va \/ 1500w, Lcd, Interactivo, Senoidal Pura, Entrada Y Salida A 220-240v, Recept?culos (10) Iec320 C13. 2 A?os De Garant?a"},"content":{"rendered":"<table class=\"descripcion\">\n<tr>\n<td>General<\/td>\n<\/tr>\n<tr>\n<td>Fase: bifasico<\/td>\n<\/tr>\n<tr>\n<td>Factor de forma: montaje en rack, torre<\/td>\n<\/tr>\n<tr>\n<td>Topolog\u00eda de ups: l\u00ednea interactiva<\/td>\n<\/tr>\n<tr>\n<td>Tecnolog\u00eda de ahorro de energ\u00eda: tecnolog\u00eda de derivaci\u00f3n greenpower ups \u0099<\/td>\n<\/tr>\n<tr>\n<td>Energy star calificado: s\u00ed<\/td>\n<\/tr>\n<tr>\n<td>Compatibilidad activa con pfc: s\u00ed<\/td>\n<\/tr>\n<tr>\n<td>Entrada<\/td>\n<\/tr>\n<tr>\n<td>Voltaje de entrada nominal (vac) 220, 230 y 240<\/td>\n<\/tr>\n<tr>\n<td>Rango de voltaje de entrada (vac): 159 ~ 288<\/td>\n<\/tr>\n<tr>\n<td>Rango de voltaje ajustable (vac):151 ~ 302 vac<\/td>\n<\/tr>\n<tr>\n<td>Frecuencia de entrada (hz): 50 \u00b1 3, 60 \u00b1 3<\/td>\n<\/tr>\n<tr>\n<td>Detecci\u00f3n de frecuencia de entrada: auto detecci\u00f3n<\/td>\n<\/tr>\n<tr>\n<td>Tipo de conector de entrada: iec c14  and #12288;<\/td>\n<\/tr>\n<tr>\n<td>Tipo de enchufe de cable de alimentaci\u00f3n desmontable: iec c14 x 1  and #12288;<\/td>\n<\/tr>\n<tr>\n<td>Longitud del cable de alimentaci\u00f3n (pies) 6<\/td>\n<\/tr>\n<tr>\n<td>Longitud del cable de alimentaci\u00f3n (m.) 1.8<\/td>\n<\/tr>\n<tr>\n<td>Salida<\/td>\n<\/tr>\n<tr>\n<td>Capacidad (va): 1500<\/td>\n<\/tr>\n<tr>\n<td>Capacidad (watts): 1500<\/td>\n<\/tr>\n<tr>\n<td>En forma de onda de la bater\u00eda: onda sinusoidal pura<\/td>\n<\/tr>\n<tr>\n<td>En voltaje de la bater\u00eda (vca) 220 \u00b1 5%, 230 \u00b1 5% y 240 \u00b1 5%<\/td>\n<\/tr>\n<tr>\n<td>En la frecuencia de la bater\u00eda (hz) 50 \u00b1 1% \/ 60 \u00b1 1%<\/td>\n<\/tr>\n<tr>\n<td>Factor de potencia: 1<\/td>\n<\/tr>\n<tr>\n<td>Regulaci\u00f3n autom\u00e1tica de voltaje (avr) doble impulso.<\/td>\n<\/tr>\n<tr>\n<td>Protecci\u00f3n de sobrecarga: limitaci\u00f3n de corriente interna, disyuntor<\/td>\n<\/tr>\n<tr>\n<td>Salida (s) \u0096 total 10<\/td>\n<\/tr>\n<tr>\n<td>Tipo de salida: iec c13 x 10  and #12288;<\/td>\n<\/tr>\n<tr>\n<td>Tomacorrientes: bater\u00eda y protecci\u00f3n contra sobretensiones: 10<\/td>\n<\/tr>\n<tr>\n<td>Salida (s) &#8211; carga cr\u00edtica (cl): 5<\/td>\n<\/tr>\n<tr>\n<td>Salida (s) &#8211; carga no cr\u00edtica (ncl): 5<\/td>\n<\/tr>\n<tr>\n<td>Tiempo de transferencia t\u00edpico (ms): 4<\/td>\n<\/tr>\n<tr>\n<td>Bater\u00eda<\/td>\n<\/tr>\n<tr>\n<td>Tiempo de ejecuci\u00f3n a media carga (min): 19,3<\/td>\n<\/tr>\n<tr>\n<td>Tiempo de ejecuci\u00f3n a plena carga (min): 6.5<\/td>\n<\/tr>\n<tr>\n<td>Tiempo de recarga t\u00edpico (horas): 3<\/td>\n<\/tr>\n<tr>\n<td>Comience con bater\u00eda: s\u00ed<\/td>\n<\/tr>\n<tr>\n<td>M\u00f3dulo de gesti\u00f3n de bater\u00eda incorporado: s\u00ed<\/td>\n<\/tr>\n<tr>\n<td>Reemplazable por el usuario: s\u00ed<\/td>\n<\/tr>\n<tr>\n<td>Intercambiables en caliente: s\u00ed<\/td>\n<\/tr>\n<tr>\n<td>Tipo de bater\u00eda: \u00e1cido de plomo sellado<\/td>\n<\/tr>\n<tr>\n<td>Paquete de bater\u00eda de repuesto: rbp0129<\/td>\n<\/tr>\n<tr>\n<td>Cantidad de rbp (piezas): 1<\/td>\n<\/tr>\n<tr>\n<td>Cantidad de bater\u00eda (cada rbp) (piezas): 4<\/td>\n<\/tr>\n<tr>\n<td>M\u00f3dulo de bater\u00eda extendido compatible (ebm):bp48vp2u02 (cargador integrado)<\/td>\n<\/tr>\n<tr>\n<td>Max. cantidad de ebm (piezas): ilimitado<\/td>\n<\/tr>\n<tr>\n<td>Protecci\u00f3n contra sobretensiones y filtrado<\/td>\n<\/tr>\n<tr>\n<td>Supresi\u00f3n de sobretensi\u00f3n (julios): 2430<\/td>\n<\/tr>\n<tr>\n<td>Filtraci\u00f3n emi \/ rfi: s\u00ed<\/td>\n<\/tr>\n<tr>\n<td>Protecci\u00f3n de red rj45: 1 entrada, 1 salida<\/td>\n<\/tr>\n<tr>\n<td>Gesti\u00f3n y comunicaciones<\/td>\n<\/tr>\n<tr>\n<td>Panel lcd: s\u00ed<\/td>\n<\/tr>\n<tr>\n<td>Orientaci\u00f3n: lcd<\/td>\n<\/tr>\n<tr>\n<td>Lcd giratorio: mediante configuraci\u00f3n<\/td>\n<\/tr>\n<tr>\n<td>Pantalla de informaci\u00f3n lcd<\/td>\n<\/tr>\n<tr>\n<td>Tipo de operaci\u00f3n, estado de energ\u00eda, estado de la bater\u00eda, estado de carga, falla y advertencia, otra informaci\u00f3n, evento y registro<\/td>\n<\/tr>\n<tr>\n<td>Ajuste y control de lcd: configuraci\u00f3n de modo, configuraci\u00f3n de alarma, entrada y salida, configuraci\u00f3n de bater\u00eda, comunicaci\u00f3n, idioma<\/td>\n<\/tr>\n<tr>\n<td>Indicadores led: encendido, modo de l\u00ednea, modo de bater\u00eda, falla del ups, modo nocturno<\/td>\n<\/tr>\n<tr>\n<td>Puerto (s) usb compatible con hid: 1<\/td>\n<\/tr>\n<tr>\n<td>Contacto seco (con rel\u00e9): s\u00ed<\/td>\n<\/tr>\n<tr>\n<td>Puerto de apagado de emergencia (epo): s\u00ed<\/td>\n<\/tr>\n<tr>\n<td>Alarmas audibles<\/td>\n<\/tr>\n<tr>\n<td>Modo de bater\u00eda, bater\u00eda baja, sobrecarga, sobrecarga, sobrecalentamiento<\/td>\n<\/tr>\n<tr>\n<td>Cable de gesti\u00f3n ( pcs )<\/td>\n<\/tr>\n<tr>\n<td>Cable usb x1, cable serie x1, cable epo x1<\/td>\n<\/tr>\n<tr>\n<td>Software de administraci\u00f3n de energ\u00eda: powerpanel\u00ae business (recomendado)<\/td>\n<\/tr>\n<tr>\n<td>Monitoreo remoto snmp \/ http<\/td>\n<\/tr>\n<tr>\n<td>S\u00ed, con rmcard205 opcional<\/td>\n<\/tr>\n<tr>\n<td>Servicio en la nube powerpanel\u00ae: s\u00ed &#8211; prueba gratuita de 90 d\u00edas.<\/td>\n<\/tr>\n<tr>\n<td>F\u00edsico<\/td>\n<\/tr>\n<tr>\n<td>Construcci\u00f3n del recinto: metal<\/td>\n<\/tr>\n<tr>\n<td>Color: negro<\/td>\n<\/tr>\n<tr>\n<td>Riel de montaje en rack: s\u00ed<\/td>\n<\/tr>\n<tr>\n<td>Orejas de montaje en rack: s\u00ed<\/td>\n<\/tr>\n<tr>\n<td>Tama\u00f1o f\u00edsico: m\u00f3dulo ups<\/td>\n<\/tr>\n<tr>\n<td>Dimensiones (anxalxp) (pulg.): 17,1 x 3,4 x 19,7<\/td>\n<\/tr>\n<tr>\n<td>Dimensiones (anxalxp) (mm.): 433 x 86,5 x 500<\/td>\n<\/tr>\n<tr>\n<td>Peso libras.): 70,6<\/td>\n<\/tr>\n<tr>\n<td>Peso (kilogramos): 32<\/td>\n<\/tr>\n<tr>\n<td>Altura del bastidor instalado ( u ) 2<\/td>\n<\/tr>\n<tr>\n<td>Dimensiones de env\u00edo<\/td>\n<\/tr>\n<tr>\n<td>Dimensiones (anxalxp) (pulg.): 22,1 x 10,8 x 24,4<\/td>\n<\/tr>\n<tr>\n<td>Dimensiones (anxalxp) (mm.): 560 x 275 x 620<\/td>\n<\/tr>\n<tr>\n<td>Peso libras.): 85,6<\/td>\n<\/tr>\n<tr>\n<td>Peso (kilogramos): 38,8<\/td>\n<\/tr>\n<tr>\n<td>Ambiental<\/td>\n<\/tr>\n<tr>\n<td>Temperatura de funcionamiento (\u00b0 f): 32 ~ 104<\/td>\n<\/tr>\n<tr>\n<td>Temperatura de funcionamiento (\u00b0 c): 0 ~ 40<\/td>\n<\/tr>\n<tr>\n<td>Humedad relativa de funcionamiento (sin condensaci\u00f3n) ( % ):0 ~ 95<\/td>\n<\/tr>\n<tr>\n<td>Elevaci\u00f3n operativa ( pies \/ metros ): 0-9,843 pies (0-3,000 metros)<\/td>\n<\/tr>\n<tr>\n<td>Temperatura de almacenamiento (\u00b0 f): 5 ~ 113<\/td>\n<\/tr>\n<tr>\n<td>Temperatura de almacenamiento (\u00b0 c): -15 ~ 45<\/td>\n<\/tr>\n<tr>\n<td>Humedad relativa de almacenamiento (sin condensaci\u00f3n) ( % ): 0 ~ 95<\/td>\n<\/tr>\n<tr>\n<td>Elevaci\u00f3n de almacenamiento ( pies \/ metros ): 0-49,213 pies (0-15,000 metros)<\/td>\n<\/tr>\n<tr>\n<td>Disipaci\u00f3n t\u00e9rmica en l\u00ednea ( btu \/ h ): 71,7<\/td>\n<\/tr>\n<tr>\n<td>Ruido audible a 1.0 m desde la superficie de la unidad ( dba ): 55,5<\/td>\n<\/tr>\n<tr>\n<td>Certificaciones<\/td>\n<\/tr>\n<tr>\n<td>Certificaciones: e, fcc clase b, ul, rcm, vcci<\/td>\n<\/tr>\n<tr>\n<td>Rohs: s\u00ed<\/td>\n<\/tr>\n<tr>\n<td>2 a\u00f1os de garant\u00eda, incluyendo bater\u00edas.<\/td>\n<\/tr>\n<\/table>\n","protected":false},"excerpt":{"rendered":"<p>Cyberpower pr1500ertxl2u con dise\u00f1o de montaje en rack garantiza la protecci\u00f3n de respaldo de energ\u00eda para sistemas de cine en casa, dispositivos multimedia, equipos de ti, computadoras, estaciones de trabajo, dispositivos nas \/ de almacenamiento, dispositivos de telecomunicaciones, dispositivos de red y sistemas de vigilancia. El ups adopta una topolog\u00eda interactiva en l\u00ednea con funci\u00f3n de regulaci\u00f3n autom\u00e1tica de voltaje (avr) y ofrece una salida de onda sinusoidal pura estabilizada para garantizar una alta calidad de energ\u00eda.<\/p>\n","protected":false},"featured_media":217627,"comment_status":"open","ping_status":"open","template":"","meta":[],"product_cat":[1508,1691],"product_tag":[1692],"acf":[],"yoast_head":"<!-- This site is optimized with the Yoast SEO plugin v21.7 - https:\/\/yoast.com\/wordpress\/plugins\/seo\/ -->\n<title>[ Cyberpower ] &#129351; Pr1500ertxl2u Nobreak () 1500va \/ 1500w, Lcd, Interactivo, Senoidal Pura, Entrada Y Salida A 220-240v, Recept\u00e1culos (10) Iec320 C13. 2 A\u00f1os De Garant\u00eda<\/title>\n<meta name=\"description\" content=\"Compra Pr1500ertxl2u Nobreak () 1500va \/ 1500w, Lcd, Interactivo, Senoidal Pura, Entrada Y Salida A 220-240v, Recept\u00e1culos (10) Iec320 C13. 2 A\u00f1os De Garant\u00eda + Env\u00edo a domicilio + Pago seguro + Garant\u00eda\" \/>\n<meta name=\"robots\" content=\"index, follow, max-snippet:-1, max-image-preview:large, max-video-preview:-1\" \/>\n<link rel=\"canonical\" href=\"https:\/\/compuviper.mx\/tienda\/producto\/cyberpower-pr1500ertxl2u-nobreak-1500va-1500w-lcd-interactivo-senoidal-pura-entrada-y-salida-a-220-240v-receptculos-10-iec320-c13-2-aos-de-garanta\/\" \/>\n<meta property=\"og:locale\" content=\"es_MX\" \/>\n<meta property=\"og:type\" content=\"article\" \/>\n<meta property=\"og:title\" content=\"[ Cyberpower ] &#129351; Pr1500ertxl2u Nobreak () 1500va \/ 1500w, Lcd, Interactivo, Senoidal Pura, Entrada Y Salida A 220-240v, Recept\u00e1culos (10) Iec320 C13. 2 A\u00f1os De Garant\u00eda\" \/>\n<meta property=\"og:description\" content=\"Compra Pr1500ertxl2u Nobreak () 1500va \/ 1500w, Lcd, Interactivo, Senoidal Pura, Entrada Y Salida A 220-240v, Recept\u00e1culos (10) Iec320 C13. 2 A\u00f1os De Garant\u00eda + Env\u00edo a domicilio + Pago seguro + Garant\u00eda\" \/>\n<meta property=\"og:url\" content=\"https:\/\/compuviper.mx\/tienda\/producto\/cyberpower-pr1500ertxl2u-nobreak-1500va-1500w-lcd-interactivo-senoidal-pura-entrada-y-salida-a-220-240v-receptculos-10-iec320-c13-2-aos-de-garanta\/\" \/>\n<meta property=\"og:site_name\" content=\"Compuviper\" \/>\n<meta property=\"article:publisher\" content=\"https:\/\/www.facebook.com\/compuviper\" \/>\n<meta property=\"og:image\" content=\"https:\/\/compuviper.mx\/tienda\/wp-content\/uploads\/2023\/12\/Nobreak-cyberpower-pr1500ertxl2u-1500va-1500w-lcd-interactivo-senoidal-pura-entrada-y-salida-a-220-240v-receptaculos-10-iec320-c13.-2-anos-de-garantia.jpg\" \/>\n\t<meta property=\"og:image:width\" content=\"200\" \/>\n\t<meta property=\"og:image:height\" content=\"200\" \/>\n\t<meta property=\"og:image:type\" content=\"image\/jpeg\" \/>\n<meta name=\"twitter:card\" content=\"summary_large_image\" \/>\n<meta name=\"twitter:label1\" content=\"Precio\" \/>\n\t<meta name=\"twitter:data1\" content=\"&#36;20,474 con IVA\" \/>\n\t<meta name=\"twitter:label2\" content=\"Availability\" \/>\n\t<meta name=\"twitter:data2\" content=\"On backorder\" \/>\n<script type=\"application\/ld+json\" class=\"yoast-schema-graph\">{\"@context\":\"https:\/\/schema.org\",\"@graph\":[{\"@type\":\"WebPage\",\"@id\":\"https:\/\/compuviper.mx\/tienda\/producto\/cyberpower-pr1500ertxl2u-nobreak-1500va-1500w-lcd-interactivo-senoidal-pura-entrada-y-salida-a-220-240v-receptculos-10-iec320-c13-2-aos-de-garanta\/\",\"url\":\"https:\/\/compuviper.mx\/tienda\/producto\/cyberpower-pr1500ertxl2u-nobreak-1500va-1500w-lcd-interactivo-senoidal-pura-entrada-y-salida-a-220-240v-receptculos-10-iec320-c13-2-aos-de-garanta\/\",\"name\":\"[ Cyberpower ] &#129351; Pr1500ertxl2u Nobreak () 1500va \/ 1500w, Lcd, Interactivo, Senoidal Pura, Entrada Y Salida A 220-240v, Recept\u00e1culos (10) Iec320 C13. 2 A\u00f1os De Garant\u00eda\",\"isPartOf\":{\"@id\":\"https:\/\/compuviper.mx\/tienda\/#website\"},\"datePublished\":\"2026-04-07T06:25:28+00:00\",\"dateModified\":\"2026-04-07T06:25:28+00:00\",\"description\":\"Compra Pr1500ertxl2u Nobreak () 1500va \/ 1500w, Lcd, Interactivo, Senoidal Pura, Entrada Y Salida A 220-240v, Recept\u00e1culos (10) Iec320 C13. 2 A\u00f1os De Garant\u00eda + Env\u00edo a domicilio + Pago seguro + Garant\u00eda\",\"breadcrumb\":{\"@id\":\"https:\/\/compuviper.mx\/tienda\/producto\/cyberpower-pr1500ertxl2u-nobreak-1500va-1500w-lcd-interactivo-senoidal-pura-entrada-y-salida-a-220-240v-receptculos-10-iec320-c13-2-aos-de-garanta\/#breadcrumb\"},\"inLanguage\":\"es-MX\",\"potentialAction\":[{\"@type\":\"ReadAction\",\"target\":[\"https:\/\/compuviper.mx\/tienda\/producto\/cyberpower-pr1500ertxl2u-nobreak-1500va-1500w-lcd-interactivo-senoidal-pura-entrada-y-salida-a-220-240v-receptculos-10-iec320-c13-2-aos-de-garanta\/\"]}]},{\"@type\":\"BreadcrumbList\",\"@id\":\"https:\/\/compuviper.mx\/tienda\/producto\/cyberpower-pr1500ertxl2u-nobreak-1500va-1500w-lcd-interactivo-senoidal-pura-entrada-y-salida-a-220-240v-receptculos-10-iec320-c13-2-aos-de-garanta\/#breadcrumb\",\"itemListElement\":[{\"@type\":\"ListItem\",\"position\":1,\"name\":\"Inicio\",\"item\":\"https:\/\/compuviper.mx\/tienda\/\"},{\"@type\":\"ListItem\",\"position\":2,\"name\":\"Productos\",\"item\":\"https:\/\/compuviper.mx\/tienda\/productos\/\"},{\"@type\":\"ListItem\",\"position\":3,\"name\":\"Energia\",\"item\":\"https:\/\/compuviper.mx\/tienda\/categoria-producto\/energia\/\"},{\"@type\":\"ListItem\",\"position\":4,\"name\":\"No Break\",\"item\":\"https:\/\/compuviper.mx\/tienda\/categoria-producto\/energia\/no-break\/\"},{\"@type\":\"ListItem\",\"position\":5,\"name\":\"Cyberpower Pr1500ertxl2u Nobreak () 1500va \/ 1500w, Lcd, Interactivo, Senoidal Pura, Entrada Y Salida A 220-240v, Recept?culos (10) Iec320 C13. 2 A?os De Garant?a\"}]},{\"@type\":\"WebSite\",\"@id\":\"https:\/\/compuviper.mx\/tienda\/#website\",\"url\":\"https:\/\/compuviper.mx\/tienda\/\",\"name\":\"Compuviper\",\"description\":\"Proveedor de Computadoras, Laptops, Servidores, Monitores, Puntos de Venta, Teclados,   Impresoras, T\u00f3ner, C\u00e1maras de Seguridad y m\u00e1s en tu tienda en l\u00ednea\",\"publisher\":{\"@id\":\"https:\/\/compuviper.mx\/tienda\/#organization\"},\"potentialAction\":[{\"@type\":\"SearchAction\",\"target\":{\"@type\":\"EntryPoint\",\"urlTemplate\":\"https:\/\/compuviper.mx\/tienda\/?s={search_term_string}\"},\"query-input\":\"required name=search_term_string\"}],\"inLanguage\":\"es-MX\"},{\"@type\":\"Organization\",\"@id\":\"https:\/\/compuviper.mx\/tienda\/#organization\",\"name\":\"Compuviper\",\"url\":\"https:\/\/compuviper.mx\/tienda\/\",\"logo\":{\"@type\":\"ImageObject\",\"inLanguage\":\"es-MX\",\"@id\":\"https:\/\/compuviper.mx\/tienda\/#\/schema\/logo\/image\/\",\"url\":\"https:\/\/compuviper.mx\/tienda\/wp-content\/uploads\/2021\/08\/Logo-Compuviper-10.png\",\"contentUrl\":\"https:\/\/compuviper.mx\/tienda\/wp-content\/uploads\/2021\/08\/Logo-Compuviper-10.png\",\"width\":1000,\"height\":500,\"caption\":\"Compuviper\"},\"image\":{\"@id\":\"https:\/\/compuviper.mx\/tienda\/#\/schema\/logo\/image\/\"},\"sameAs\":[\"https:\/\/www.facebook.com\/compuviper\",\"https:\/\/www.youtube.com\/channel\/UCf73dERp9Y3cfOq7q8BhLjA?view_as=subscriber\"]}]}<\/script>\n<meta property=\"product:brand\" content=\"CYBERPOWER\" \/>\n<meta property=\"product:price:amount\" content=\"20474\" \/>\n<meta property=\"product:price:currency\" content=\"MXN\" \/>\n<meta property=\"og:availability\" content=\"backorder\" \/>\n<meta property=\"product:availability\" content=\"available for order\" \/>\n<meta property=\"product:retailer_item_id\" content=\"PR1500ERTXL2U\" \/>\n<meta property=\"product:condition\" content=\"new\" \/>\n<!-- \/ Yoast SEO plugin. -->","yoast_head_json":{"title":"[ Cyberpower ] &#129351; Pr1500ertxl2u Nobreak () 1500va \/ 1500w, Lcd, Interactivo, Senoidal Pura, Entrada Y Salida A 220-240v, Recept\u00e1culos (10) Iec320 C13. 2 A\u00f1os De Garant\u00eda","description":"Compra Pr1500ertxl2u Nobreak () 1500va \/ 1500w, Lcd, Interactivo, Senoidal Pura, Entrada Y Salida A 220-240v, Recept\u00e1culos (10) Iec320 C13. 2 A\u00f1os De Garant\u00eda + Env\u00edo a domicilio + Pago seguro + Garant\u00eda","robots":{"index":"index","follow":"follow","max-snippet":"max-snippet:-1","max-image-preview":"max-image-preview:large","max-video-preview":"max-video-preview:-1"},"canonical":"https:\/\/compuviper.mx\/tienda\/producto\/cyberpower-pr1500ertxl2u-nobreak-1500va-1500w-lcd-interactivo-senoidal-pura-entrada-y-salida-a-220-240v-receptculos-10-iec320-c13-2-aos-de-garanta\/","og_locale":"es_MX","og_type":"article","og_title":"[ Cyberpower ] &#129351; Pr1500ertxl2u Nobreak () 1500va \/ 1500w, Lcd, Interactivo, Senoidal Pura, Entrada Y Salida A 220-240v, Recept\u00e1culos (10) Iec320 C13. 2 A\u00f1os De Garant\u00eda","og_description":"Compra Pr1500ertxl2u Nobreak () 1500va \/ 1500w, Lcd, Interactivo, Senoidal Pura, Entrada Y Salida A 220-240v, Recept\u00e1culos (10) Iec320 C13. 2 A\u00f1os De Garant\u00eda + Env\u00edo a domicilio + Pago seguro + Garant\u00eda","og_url":"https:\/\/compuviper.mx\/tienda\/producto\/cyberpower-pr1500ertxl2u-nobreak-1500va-1500w-lcd-interactivo-senoidal-pura-entrada-y-salida-a-220-240v-receptculos-10-iec320-c13-2-aos-de-garanta\/","og_site_name":"Compuviper","article_publisher":"https:\/\/www.facebook.com\/compuviper","og_image":[{"width":200,"height":200,"url":"https:\/\/compuviper.mx\/tienda\/wp-content\/uploads\/2023\/12\/Nobreak-cyberpower-pr1500ertxl2u-1500va-1500w-lcd-interactivo-senoidal-pura-entrada-y-salida-a-220-240v-receptaculos-10-iec320-c13.-2-anos-de-garantia.jpg","type":"image\/jpeg"}],"twitter_card":"summary_large_image","twitter_misc":{"Precio":"&#36;20,474 con IVA","Availability":"On backorder"},"schema":{"@context":"https:\/\/schema.org","@graph":[{"@type":"WebPage","@id":"https:\/\/compuviper.mx\/tienda\/producto\/cyberpower-pr1500ertxl2u-nobreak-1500va-1500w-lcd-interactivo-senoidal-pura-entrada-y-salida-a-220-240v-receptculos-10-iec320-c13-2-aos-de-garanta\/","url":"https:\/\/compuviper.mx\/tienda\/producto\/cyberpower-pr1500ertxl2u-nobreak-1500va-1500w-lcd-interactivo-senoidal-pura-entrada-y-salida-a-220-240v-receptculos-10-iec320-c13-2-aos-de-garanta\/","name":"[ Cyberpower ] &#129351; Pr1500ertxl2u Nobreak () 1500va \/ 1500w, Lcd, Interactivo, Senoidal Pura, Entrada Y Salida A 220-240v, Recept\u00e1culos (10) Iec320 C13. 2 A\u00f1os De Garant\u00eda","isPartOf":{"@id":"https:\/\/compuviper.mx\/tienda\/#website"},"datePublished":"2026-04-07T06:25:28+00:00","dateModified":"2026-04-07T06:25:28+00:00","description":"Compra Pr1500ertxl2u Nobreak () 1500va \/ 1500w, Lcd, Interactivo, Senoidal Pura, Entrada Y Salida A 220-240v, Recept\u00e1culos (10) Iec320 C13. 2 A\u00f1os De Garant\u00eda + Env\u00edo a domicilio + Pago seguro + Garant\u00eda","breadcrumb":{"@id":"https:\/\/compuviper.mx\/tienda\/producto\/cyberpower-pr1500ertxl2u-nobreak-1500va-1500w-lcd-interactivo-senoidal-pura-entrada-y-salida-a-220-240v-receptculos-10-iec320-c13-2-aos-de-garanta\/#breadcrumb"},"inLanguage":"es-MX","potentialAction":[{"@type":"ReadAction","target":["https:\/\/compuviper.mx\/tienda\/producto\/cyberpower-pr1500ertxl2u-nobreak-1500va-1500w-lcd-interactivo-senoidal-pura-entrada-y-salida-a-220-240v-receptculos-10-iec320-c13-2-aos-de-garanta\/"]}]},{"@type":"BreadcrumbList","@id":"https:\/\/compuviper.mx\/tienda\/producto\/cyberpower-pr1500ertxl2u-nobreak-1500va-1500w-lcd-interactivo-senoidal-pura-entrada-y-salida-a-220-240v-receptculos-10-iec320-c13-2-aos-de-garanta\/#breadcrumb","itemListElement":[{"@type":"ListItem","position":1,"name":"Inicio","item":"https:\/\/compuviper.mx\/tienda\/"},{"@type":"ListItem","position":2,"name":"Productos","item":"https:\/\/compuviper.mx\/tienda\/productos\/"},{"@type":"ListItem","position":3,"name":"Energia","item":"https:\/\/compuviper.mx\/tienda\/categoria-producto\/energia\/"},{"@type":"ListItem","position":4,"name":"No Break","item":"https:\/\/compuviper.mx\/tienda\/categoria-producto\/energia\/no-break\/"},{"@type":"ListItem","position":5,"name":"Cyberpower Pr1500ertxl2u Nobreak () 1500va \/ 1500w, Lcd, Interactivo, Senoidal Pura, Entrada Y Salida A 220-240v, Recept?culos (10) Iec320 C13. 2 A?os De Garant?a"}]},{"@type":"WebSite","@id":"https:\/\/compuviper.mx\/tienda\/#website","url":"https:\/\/compuviper.mx\/tienda\/","name":"Compuviper","description":"Proveedor de Computadoras, Laptops, Servidores, Monitores, Puntos de Venta, Teclados,   Impresoras, T\u00f3ner, C\u00e1maras de Seguridad y m\u00e1s en tu tienda en l\u00ednea","publisher":{"@id":"https:\/\/compuviper.mx\/tienda\/#organization"},"potentialAction":[{"@type":"SearchAction","target":{"@type":"EntryPoint","urlTemplate":"https:\/\/compuviper.mx\/tienda\/?s={search_term_string}"},"query-input":"required name=search_term_string"}],"inLanguage":"es-MX"},{"@type":"Organization","@id":"https:\/\/compuviper.mx\/tienda\/#organization","name":"Compuviper","url":"https:\/\/compuviper.mx\/tienda\/","logo":{"@type":"ImageObject","inLanguage":"es-MX","@id":"https:\/\/compuviper.mx\/tienda\/#\/schema\/logo\/image\/","url":"https:\/\/compuviper.mx\/tienda\/wp-content\/uploads\/2021\/08\/Logo-Compuviper-10.png","contentUrl":"https:\/\/compuviper.mx\/tienda\/wp-content\/uploads\/2021\/08\/Logo-Compuviper-10.png","width":1000,"height":500,"caption":"Compuviper"},"image":{"@id":"https:\/\/compuviper.mx\/tienda\/#\/schema\/logo\/image\/"},"sameAs":["https:\/\/www.facebook.com\/compuviper","https:\/\/www.youtube.com\/channel\/UCf73dERp9Y3cfOq7q8BhLjA?view_as=subscriber"]}]},"product_brand":"CYBERPOWER","product_price_amount":"20474","product_price_currency":"MXN","og_availability":"backorder","product_availability":"available for order","product_retailer_item_id":"PR1500ERTXL2U","product_condition":"new"},"_links":{"self":[{"href":"https:\/\/compuviper.mx\/tienda\/wp-json\/wp\/v2\/product\/217626"}],"collection":[{"href":"https:\/\/compuviper.mx\/tienda\/wp-json\/wp\/v2\/product"}],"about":[{"href":"https:\/\/compuviper.mx\/tienda\/wp-json\/wp\/v2\/types\/product"}],"replies":[{"embeddable":true,"href":"https:\/\/compuviper.mx\/tienda\/wp-json\/wp\/v2\/comments?post=217626"}],"wp:featuredmedia":[{"embeddable":true,"href":"https:\/\/compuviper.mx\/tienda\/wp-json\/wp\/v2\/media\/217627"}],"wp:attachment":[{"href":"https:\/\/compuviper.mx\/tienda\/wp-json\/wp\/v2\/media?parent=217626"}],"wp:term":[{"taxonomy":"product_cat","embeddable":true,"href":"https:\/\/compuviper.mx\/tienda\/wp-json\/wp\/v2\/product_cat?post=217626"},{"taxonomy":"product_tag","embeddable":true,"href":"https:\/\/compuviper.mx\/tienda\/wp-json\/wp\/v2\/product_tag?post=217626"}],"curies":[{"name":"wp","href":"https:\/\/api.w.org\/{rel}","templated":true}]}}