{"id":217608,"date":"2026-04-25T00:21:00","date_gmt":"2026-04-25T06:21:00","guid":{"rendered":"https:\/\/compuviper.mx\/tienda\/producto\/tripp-lite-s3m20k3b-nobreak-tripp-lite-trifasico-de-doble-conversion-20-kva-20000-w-208v-220v-120v-127v-20kva-kw-3-series-de-baterias-internas-garantia-limitada-por-2-aos\/"},"modified":"2026-04-26T00:00:10","modified_gmt":"2026-04-26T06:00:10","slug":"tripp-lite-s3m20k3bps883cps883e-nobreak-tripp-lite-s3m20k3b-trifasico-de-doble-conversion-20-kva-20000-w-208v-220v-120v-127v-20kva-kw-3-series-de-baterias-internas-garantia-limitada-por-2-a","status":"publish","type":"product","link":"https:\/\/compuviper.mx\/tienda\/producto\/tripp-lite-s3m20k3bps883cps883e-nobreak-tripp-lite-s3m20k3b-trifasico-de-doble-conversion-20-kva-20000-w-208v-220v-120v-127v-20kva-kw-3-series-de-baterias-internas-garantia-limitada-por-2-a\/","title":{"rendered":"Tripp-lite S3m20k3b,ps883c,ps883e Nobreak  Tripp Lite S3m20k3b Trifasico De Doble Conversion 20 Kva 20000 W, 208v \/ 220v \/ 120v \/ 127v 20kva\/kw, 3 Series De Baterias Internas Garantia Limitada Por 2 A?os"},"content":{"rendered":"<table class=\"descripcion\">\n<tr>\n<td>El ups en l\u00ednea soporta la disponibilidad continua de cargas cr\u00edticas en un gabinete compacto, sin comprometer la autonom\u00eda, confiabilidad o funcionalidad.<\/td>\n<\/tr>\n<tr>\n<td>Tarjetas de administraci\u00f3n de red  webcardlxmini<\/td>\n<\/tr>\n<tr>\n<td>Compatibilidad con m\u00f3dulo de bater\u00edas externas   bp240v09-nib; bp240v09k<\/td>\n<\/tr>\n<tr>\n<td>El mejor tama\u00f1o de base en su clase ahorra espacio en la sala de servidores para equipo generador de ingresos<\/td>\n<\/tr>\n<tr>\n<td>La eficiencia certificada por energy star 2.0 de hasta 98% eco y hasta 94% en modo en l\u00ednea ayudan a reducir costos de la energ\u00eda de la red p\u00fablica y enfriamiento<\/td>\n<\/tr>\n<tr>\n<td>El factor de potencia de salida de uno (1.0) permite soportar m\u00e1s equipo sin sobrecarga<\/td>\n<\/tr>\n<tr>\n<td>La tarjeta opcional de red webcardlxmini permite una administraci\u00f3n remota rentable 24\/7<\/td>\n<\/tr>\n<tr>\n<td>La capacidad de conexi\u00f3n en paralelo proporciona capacidad aumentada y redundancia de hasta 4 unidades<\/td>\n<\/tr>\n<tr>\n<td>Garant\u00eda limitada por 2 a\u00f1os<\/td>\n<\/tr>\n<\/table>\n","protected":false},"excerpt":{"rendered":"<p>Entrada. Fase de entrada trif\u00e1sico. Corriente especificada de entrada (carga m\u00e1xima) 75.4a \/71.1a. Voltaje(s) nominal(es) de entrada soportado(s) 120v \/ 208v trif\u00e1sico wye; 127v \/ 220v trif\u00e1sico wye. Descripci\u00f3n del voltaje nominal de entrada wye trif\u00e1sica, 4 hilos (l1, l2, l3, n, g. Tipo de conexi\u00f3n de entrada del ups instalaci\u00f3n el\u00e9ctrica permanente. Breakers de entrada breaker magn\u00e9tico de 80a de 3 polos. Factor de potencia (entrada)    0.99 (carga resistiva m\u00e1xima. Thdi    2% (100% de carga. El respaldo por bater\u00eda y la operaci\u00f3n de vfi protegen las cargas cr\u00edticas. El ups igbt smartonline\u00ae s3m20k3b soporta la disponibilidad continua de sus cargas m\u00e1s importantes a trav\u00e9s de todas las condiciones de energ\u00eda, proporcionando un plataforma compacta de respaldo de energ\u00eda de manejo sencillo y operaci\u00f3n econ\u00f3mica. La sofisticada operaci\u00f3n de voltaje y frecuencia independiente [vfi] y el avanzado control de tecnolog\u00eda de rectificador igbt proporcionan calidad confiable de la energ\u00eda de salida proporcionando hasta 20kva\/kw de energ\u00eda limpia y continua, este sistema ups trif\u00e1sico es adecuado idealmente para aplicaciones cr\u00edticas en sectores bancario, educativo, cuidado de la salud, gubernamental y manufacturero. El mejor tama\u00f1o de base en su clase para f\u00e1cil integraci\u00f3n en su aplicaci\u00f3n de red. El tama\u00f1o de base m\u00e1s peque\u00f1o del mercado de ups para sistemas trif\u00e1sicos de 208v le permite instalar el s3m20k3b en espacios que de otra forma habr\u00edan requerido una adaptaci\u00f3n costosa. Al alcanzar su tama\u00f1o compacto sin comprometer la autonom\u00eda, confiabilidad o funcionalidad, el s3m20k3b es recomendado para centros de datos, instalaciones de ubicaci\u00f3n compartida y ambientes de edge computing que requieran alta eficiencia, alto rendimiento y protecci\u00f3n de energ\u00eda limpia y confiable, mientras preserva todo el espacio posible para racks de servidor generadores de ingresos.<\/p>\n","protected":false},"featured_media":217609,"comment_status":"open","ping_status":"open","template":"","meta":[],"product_cat":[1508,1691],"product_tag":[1510],"acf":[],"yoast_head":"<!-- This site is optimized with the Yoast SEO plugin v21.7 - https:\/\/yoast.com\/wordpress\/plugins\/seo\/ -->\n<title>[ Tripp-lite ] &#129351; S3m20k3b,ps883c,ps883e Nobreak Tripp Lite S3m20k3b Trifasico De Doble Conversion 20 Kva 20000 W, 208v \/ 220v \/ 120v \/ 127v 20kva\/kw, 3 Series De Baterias Internas Garantia Limitada Por 2 A\u00f1os<\/title>\n<meta name=\"description\" content=\"Compra S3m20k3b,ps883c,ps883e Nobreak Tripp Lite S3m20k3b Trifasico De Doble Conversion 20 Kva 20000 W, 208v \/ 220v \/ 120v \/ 127v 20kva\/kw, 3 Series De Baterias Internas Garantia Limitada Por 2 A\u00f1os + Env\u00edo a domicilio + Pago seguro + Garant\u00eda\" \/>\n<meta name=\"robots\" content=\"index, follow, max-snippet:-1, max-image-preview:large, max-video-preview:-1\" \/>\n<link rel=\"canonical\" href=\"https:\/\/compuviper.mx\/tienda\/producto\/tripp-lite-s3m20k3bps883cps883e-nobreak-tripp-lite-s3m20k3b-trifasico-de-doble-conversion-20-kva-20000-w-208v-220v-120v-127v-20kva-kw-3-series-de-baterias-internas-garantia-limitada-por-2-a\/\" \/>\n<meta property=\"og:locale\" content=\"es_MX\" \/>\n<meta property=\"og:type\" content=\"article\" \/>\n<meta property=\"og:title\" content=\"[ Tripp-lite ] &#129351; S3m20k3b,ps883c,ps883e Nobreak Tripp Lite S3m20k3b Trifasico De Doble Conversion 20 Kva 20000 W, 208v \/ 220v \/ 120v \/ 127v 20kva\/kw, 3 Series De Baterias Internas Garantia Limitada Por 2 A\u00f1os\" \/>\n<meta property=\"og:description\" content=\"Compra S3m20k3b,ps883c,ps883e Nobreak Tripp Lite S3m20k3b Trifasico De Doble Conversion 20 Kva 20000 W, 208v \/ 220v \/ 120v \/ 127v 20kva\/kw, 3 Series De Baterias Internas Garantia Limitada Por 2 A\u00f1os + Env\u00edo a domicilio + Pago seguro + Garant\u00eda\" \/>\n<meta property=\"og:url\" content=\"https:\/\/compuviper.mx\/tienda\/producto\/tripp-lite-s3m20k3bps883cps883e-nobreak-tripp-lite-s3m20k3b-trifasico-de-doble-conversion-20-kva-20000-w-208v-220v-120v-127v-20kva-kw-3-series-de-baterias-internas-garantia-limitada-por-2-a\/\" \/>\n<meta property=\"og:site_name\" content=\"Compuviper\" \/>\n<meta property=\"article:publisher\" content=\"https:\/\/www.facebook.com\/compuviper\" \/>\n<meta property=\"article:modified_time\" content=\"2026-04-26T06:00:10+00:00\" \/>\n<meta property=\"og:image\" content=\"https:\/\/compuviper.mx\/tienda\/wp-content\/uploads\/2023\/12\/Nobreak-tripp-lite-s3m20k3b-trifasico-de-doble-conversion-20-kva-20000-w-208v-220v-120v-127v-20kvakw-3-series-de-baterias-internas-garantia-limitada-por-2-anos.jpg\" \/>\n\t<meta property=\"og:image:width\" content=\"200\" \/>\n\t<meta property=\"og:image:height\" content=\"200\" \/>\n\t<meta property=\"og:image:type\" content=\"image\/jpeg\" \/>\n<meta name=\"twitter:card\" content=\"summary_large_image\" \/>\n<meta name=\"twitter:label1\" content=\"Precio\" \/>\n\t<meta name=\"twitter:data1\" content=\"&#36;193,870 con IVA\" \/>\n\t<meta name=\"twitter:label2\" content=\"Availability\" \/>\n\t<meta name=\"twitter:data2\" content=\"In stock\" \/>\n<script type=\"application\/ld+json\" class=\"yoast-schema-graph\">{\"@context\":\"https:\/\/schema.org\",\"@graph\":[{\"@type\":\"WebPage\",\"@id\":\"https:\/\/compuviper.mx\/tienda\/producto\/tripp-lite-s3m20k3bps883cps883e-nobreak-tripp-lite-s3m20k3b-trifasico-de-doble-conversion-20-kva-20000-w-208v-220v-120v-127v-20kva-kw-3-series-de-baterias-internas-garantia-limitada-por-2-a\/\",\"url\":\"https:\/\/compuviper.mx\/tienda\/producto\/tripp-lite-s3m20k3bps883cps883e-nobreak-tripp-lite-s3m20k3b-trifasico-de-doble-conversion-20-kva-20000-w-208v-220v-120v-127v-20kva-kw-3-series-de-baterias-internas-garantia-limitada-por-2-a\/\",\"name\":\"[ Tripp-lite ] &#129351; S3m20k3b,ps883c,ps883e Nobreak Tripp Lite S3m20k3b Trifasico De Doble Conversion 20 Kva 20000 W, 208v \/ 220v \/ 120v \/ 127v 20kva\/kw, 3 Series De Baterias Internas Garantia Limitada Por 2 A\u00f1os\",\"isPartOf\":{\"@id\":\"https:\/\/compuviper.mx\/tienda\/#website\"},\"datePublished\":\"2026-04-25T06:21:00+00:00\",\"dateModified\":\"2026-04-26T06:00:10+00:00\",\"description\":\"Compra S3m20k3b,ps883c,ps883e Nobreak Tripp Lite S3m20k3b Trifasico De Doble Conversion 20 Kva 20000 W, 208v \/ 220v \/ 120v \/ 127v 20kva\/kw, 3 Series De Baterias Internas Garantia Limitada Por 2 A\u00f1os + Env\u00edo a domicilio + Pago seguro + Garant\u00eda\",\"breadcrumb\":{\"@id\":\"https:\/\/compuviper.mx\/tienda\/producto\/tripp-lite-s3m20k3bps883cps883e-nobreak-tripp-lite-s3m20k3b-trifasico-de-doble-conversion-20-kva-20000-w-208v-220v-120v-127v-20kva-kw-3-series-de-baterias-internas-garantia-limitada-por-2-a\/#breadcrumb\"},\"inLanguage\":\"es-MX\",\"potentialAction\":[{\"@type\":\"ReadAction\",\"target\":[\"https:\/\/compuviper.mx\/tienda\/producto\/tripp-lite-s3m20k3bps883cps883e-nobreak-tripp-lite-s3m20k3b-trifasico-de-doble-conversion-20-kva-20000-w-208v-220v-120v-127v-20kva-kw-3-series-de-baterias-internas-garantia-limitada-por-2-a\/\"]}]},{\"@type\":\"BreadcrumbList\",\"@id\":\"https:\/\/compuviper.mx\/tienda\/producto\/tripp-lite-s3m20k3bps883cps883e-nobreak-tripp-lite-s3m20k3b-trifasico-de-doble-conversion-20-kva-20000-w-208v-220v-120v-127v-20kva-kw-3-series-de-baterias-internas-garantia-limitada-por-2-a\/#breadcrumb\",\"itemListElement\":[{\"@type\":\"ListItem\",\"position\":1,\"name\":\"Inicio\",\"item\":\"https:\/\/compuviper.mx\/tienda\/\"},{\"@type\":\"ListItem\",\"position\":2,\"name\":\"Productos\",\"item\":\"https:\/\/compuviper.mx\/tienda\/productos\/\"},{\"@type\":\"ListItem\",\"position\":3,\"name\":\"Energia\",\"item\":\"https:\/\/compuviper.mx\/tienda\/categoria-producto\/energia\/\"},{\"@type\":\"ListItem\",\"position\":4,\"name\":\"No Break\",\"item\":\"https:\/\/compuviper.mx\/tienda\/categoria-producto\/energia\/no-break\/\"},{\"@type\":\"ListItem\",\"position\":5,\"name\":\"Tripp-lite S3m20k3b,ps883c,ps883e Nobreak Tripp Lite S3m20k3b Trifasico De Doble Conversion 20 Kva 20000 W, 208v \/ 220v \/ 120v \/ 127v 20kva\/kw, 3 Series De Baterias Internas Garantia Limitada Por 2 A?os\"}]},{\"@type\":\"WebSite\",\"@id\":\"https:\/\/compuviper.mx\/tienda\/#website\",\"url\":\"https:\/\/compuviper.mx\/tienda\/\",\"name\":\"Compuviper\",\"description\":\"Proveedor de Computadoras, Laptops, Servidores, Monitores, Puntos de Venta, Teclados,   Impresoras, T\u00f3ner, C\u00e1maras de Seguridad y m\u00e1s en tu tienda en l\u00ednea\",\"publisher\":{\"@id\":\"https:\/\/compuviper.mx\/tienda\/#organization\"},\"potentialAction\":[{\"@type\":\"SearchAction\",\"target\":{\"@type\":\"EntryPoint\",\"urlTemplate\":\"https:\/\/compuviper.mx\/tienda\/?s={search_term_string}\"},\"query-input\":\"required name=search_term_string\"}],\"inLanguage\":\"es-MX\"},{\"@type\":\"Organization\",\"@id\":\"https:\/\/compuviper.mx\/tienda\/#organization\",\"name\":\"Compuviper\",\"url\":\"https:\/\/compuviper.mx\/tienda\/\",\"logo\":{\"@type\":\"ImageObject\",\"inLanguage\":\"es-MX\",\"@id\":\"https:\/\/compuviper.mx\/tienda\/#\/schema\/logo\/image\/\",\"url\":\"https:\/\/compuviper.mx\/tienda\/wp-content\/uploads\/2021\/08\/Logo-Compuviper-10.png\",\"contentUrl\":\"https:\/\/compuviper.mx\/tienda\/wp-content\/uploads\/2021\/08\/Logo-Compuviper-10.png\",\"width\":1000,\"height\":500,\"caption\":\"Compuviper\"},\"image\":{\"@id\":\"https:\/\/compuviper.mx\/tienda\/#\/schema\/logo\/image\/\"},\"sameAs\":[\"https:\/\/www.facebook.com\/compuviper\",\"https:\/\/www.youtube.com\/channel\/UCf73dERp9Y3cfOq7q8BhLjA?view_as=subscriber\"]}]}<\/script>\n<meta property=\"product:brand\" content=\"TRIPP-LITE\" \/>\n<meta property=\"product:price:amount\" content=\"193870\" \/>\n<meta property=\"product:price:currency\" content=\"MXN\" \/>\n<meta property=\"og:availability\" content=\"instock\" \/>\n<meta property=\"product:availability\" content=\"instock\" \/>\n<meta property=\"product:retailer_item_id\" content=\"S3M20K3B,PS883C,PS883E\" \/>\n<meta property=\"product:condition\" content=\"new\" \/>\n<!-- \/ Yoast SEO plugin. -->","yoast_head_json":{"title":"[ Tripp-lite ] &#129351; S3m20k3b,ps883c,ps883e Nobreak Tripp Lite S3m20k3b Trifasico De Doble Conversion 20 Kva 20000 W, 208v \/ 220v \/ 120v \/ 127v 20kva\/kw, 3 Series De Baterias Internas Garantia Limitada Por 2 A\u00f1os","description":"Compra S3m20k3b,ps883c,ps883e Nobreak Tripp Lite S3m20k3b Trifasico De Doble Conversion 20 Kva 20000 W, 208v \/ 220v \/ 120v \/ 127v 20kva\/kw, 3 Series De Baterias Internas Garantia Limitada Por 2 A\u00f1os + Env\u00edo a domicilio + Pago seguro + Garant\u00eda","robots":{"index":"index","follow":"follow","max-snippet":"max-snippet:-1","max-image-preview":"max-image-preview:large","max-video-preview":"max-video-preview:-1"},"canonical":"https:\/\/compuviper.mx\/tienda\/producto\/tripp-lite-s3m20k3bps883cps883e-nobreak-tripp-lite-s3m20k3b-trifasico-de-doble-conversion-20-kva-20000-w-208v-220v-120v-127v-20kva-kw-3-series-de-baterias-internas-garantia-limitada-por-2-a\/","og_locale":"es_MX","og_type":"article","og_title":"[ Tripp-lite ] &#129351; S3m20k3b,ps883c,ps883e Nobreak Tripp Lite S3m20k3b Trifasico De Doble Conversion 20 Kva 20000 W, 208v \/ 220v \/ 120v \/ 127v 20kva\/kw, 3 Series De Baterias Internas Garantia Limitada Por 2 A\u00f1os","og_description":"Compra S3m20k3b,ps883c,ps883e Nobreak Tripp Lite S3m20k3b Trifasico De Doble Conversion 20 Kva 20000 W, 208v \/ 220v \/ 120v \/ 127v 20kva\/kw, 3 Series De Baterias Internas Garantia Limitada Por 2 A\u00f1os + Env\u00edo a domicilio + Pago seguro + Garant\u00eda","og_url":"https:\/\/compuviper.mx\/tienda\/producto\/tripp-lite-s3m20k3bps883cps883e-nobreak-tripp-lite-s3m20k3b-trifasico-de-doble-conversion-20-kva-20000-w-208v-220v-120v-127v-20kva-kw-3-series-de-baterias-internas-garantia-limitada-por-2-a\/","og_site_name":"Compuviper","article_publisher":"https:\/\/www.facebook.com\/compuviper","article_modified_time":"2026-04-26T06:00:10+00:00","og_image":[{"width":200,"height":200,"url":"https:\/\/compuviper.mx\/tienda\/wp-content\/uploads\/2023\/12\/Nobreak-tripp-lite-s3m20k3b-trifasico-de-doble-conversion-20-kva-20000-w-208v-220v-120v-127v-20kvakw-3-series-de-baterias-internas-garantia-limitada-por-2-anos.jpg","type":"image\/jpeg"}],"twitter_card":"summary_large_image","twitter_misc":{"Precio":"&#36;193,870 con IVA","Availability":"In stock"},"schema":{"@context":"https:\/\/schema.org","@graph":[{"@type":"WebPage","@id":"https:\/\/compuviper.mx\/tienda\/producto\/tripp-lite-s3m20k3bps883cps883e-nobreak-tripp-lite-s3m20k3b-trifasico-de-doble-conversion-20-kva-20000-w-208v-220v-120v-127v-20kva-kw-3-series-de-baterias-internas-garantia-limitada-por-2-a\/","url":"https:\/\/compuviper.mx\/tienda\/producto\/tripp-lite-s3m20k3bps883cps883e-nobreak-tripp-lite-s3m20k3b-trifasico-de-doble-conversion-20-kva-20000-w-208v-220v-120v-127v-20kva-kw-3-series-de-baterias-internas-garantia-limitada-por-2-a\/","name":"[ Tripp-lite ] &#129351; S3m20k3b,ps883c,ps883e Nobreak Tripp Lite S3m20k3b Trifasico De Doble Conversion 20 Kva 20000 W, 208v \/ 220v \/ 120v \/ 127v 20kva\/kw, 3 Series De Baterias Internas Garantia Limitada Por 2 A\u00f1os","isPartOf":{"@id":"https:\/\/compuviper.mx\/tienda\/#website"},"datePublished":"2026-04-25T06:21:00+00:00","dateModified":"2026-04-26T06:00:10+00:00","description":"Compra S3m20k3b,ps883c,ps883e Nobreak Tripp Lite S3m20k3b Trifasico De Doble Conversion 20 Kva 20000 W, 208v \/ 220v \/ 120v \/ 127v 20kva\/kw, 3 Series De Baterias Internas Garantia Limitada Por 2 A\u00f1os + Env\u00edo a domicilio + Pago seguro + Garant\u00eda","breadcrumb":{"@id":"https:\/\/compuviper.mx\/tienda\/producto\/tripp-lite-s3m20k3bps883cps883e-nobreak-tripp-lite-s3m20k3b-trifasico-de-doble-conversion-20-kva-20000-w-208v-220v-120v-127v-20kva-kw-3-series-de-baterias-internas-garantia-limitada-por-2-a\/#breadcrumb"},"inLanguage":"es-MX","potentialAction":[{"@type":"ReadAction","target":["https:\/\/compuviper.mx\/tienda\/producto\/tripp-lite-s3m20k3bps883cps883e-nobreak-tripp-lite-s3m20k3b-trifasico-de-doble-conversion-20-kva-20000-w-208v-220v-120v-127v-20kva-kw-3-series-de-baterias-internas-garantia-limitada-por-2-a\/"]}]},{"@type":"BreadcrumbList","@id":"https:\/\/compuviper.mx\/tienda\/producto\/tripp-lite-s3m20k3bps883cps883e-nobreak-tripp-lite-s3m20k3b-trifasico-de-doble-conversion-20-kva-20000-w-208v-220v-120v-127v-20kva-kw-3-series-de-baterias-internas-garantia-limitada-por-2-a\/#breadcrumb","itemListElement":[{"@type":"ListItem","position":1,"name":"Inicio","item":"https:\/\/compuviper.mx\/tienda\/"},{"@type":"ListItem","position":2,"name":"Productos","item":"https:\/\/compuviper.mx\/tienda\/productos\/"},{"@type":"ListItem","position":3,"name":"Energia","item":"https:\/\/compuviper.mx\/tienda\/categoria-producto\/energia\/"},{"@type":"ListItem","position":4,"name":"No Break","item":"https:\/\/compuviper.mx\/tienda\/categoria-producto\/energia\/no-break\/"},{"@type":"ListItem","position":5,"name":"Tripp-lite S3m20k3b,ps883c,ps883e Nobreak Tripp Lite S3m20k3b Trifasico De Doble Conversion 20 Kva 20000 W, 208v \/ 220v \/ 120v \/ 127v 20kva\/kw, 3 Series De Baterias Internas Garantia Limitada Por 2 A?os"}]},{"@type":"WebSite","@id":"https:\/\/compuviper.mx\/tienda\/#website","url":"https:\/\/compuviper.mx\/tienda\/","name":"Compuviper","description":"Proveedor de Computadoras, Laptops, Servidores, Monitores, Puntos de Venta, Teclados,   Impresoras, T\u00f3ner, C\u00e1maras de Seguridad y m\u00e1s en tu tienda en l\u00ednea","publisher":{"@id":"https:\/\/compuviper.mx\/tienda\/#organization"},"potentialAction":[{"@type":"SearchAction","target":{"@type":"EntryPoint","urlTemplate":"https:\/\/compuviper.mx\/tienda\/?s={search_term_string}"},"query-input":"required name=search_term_string"}],"inLanguage":"es-MX"},{"@type":"Organization","@id":"https:\/\/compuviper.mx\/tienda\/#organization","name":"Compuviper","url":"https:\/\/compuviper.mx\/tienda\/","logo":{"@type":"ImageObject","inLanguage":"es-MX","@id":"https:\/\/compuviper.mx\/tienda\/#\/schema\/logo\/image\/","url":"https:\/\/compuviper.mx\/tienda\/wp-content\/uploads\/2021\/08\/Logo-Compuviper-10.png","contentUrl":"https:\/\/compuviper.mx\/tienda\/wp-content\/uploads\/2021\/08\/Logo-Compuviper-10.png","width":1000,"height":500,"caption":"Compuviper"},"image":{"@id":"https:\/\/compuviper.mx\/tienda\/#\/schema\/logo\/image\/"},"sameAs":["https:\/\/www.facebook.com\/compuviper","https:\/\/www.youtube.com\/channel\/UCf73dERp9Y3cfOq7q8BhLjA?view_as=subscriber"]}]},"product_brand":"TRIPP-LITE","product_price_amount":"193870","product_price_currency":"MXN","og_availability":"instock","product_availability":"instock","product_retailer_item_id":"S3M20K3B,PS883C,PS883E","product_condition":"new"},"_links":{"self":[{"href":"https:\/\/compuviper.mx\/tienda\/wp-json\/wp\/v2\/product\/217608"}],"collection":[{"href":"https:\/\/compuviper.mx\/tienda\/wp-json\/wp\/v2\/product"}],"about":[{"href":"https:\/\/compuviper.mx\/tienda\/wp-json\/wp\/v2\/types\/product"}],"replies":[{"embeddable":true,"href":"https:\/\/compuviper.mx\/tienda\/wp-json\/wp\/v2\/comments?post=217608"}],"wp:featuredmedia":[{"embeddable":true,"href":"https:\/\/compuviper.mx\/tienda\/wp-json\/wp\/v2\/media\/217609"}],"wp:attachment":[{"href":"https:\/\/compuviper.mx\/tienda\/wp-json\/wp\/v2\/media?parent=217608"}],"wp:term":[{"taxonomy":"product_cat","embeddable":true,"href":"https:\/\/compuviper.mx\/tienda\/wp-json\/wp\/v2\/product_cat?post=217608"},{"taxonomy":"product_tag","embeddable":true,"href":"https:\/\/compuviper.mx\/tienda\/wp-json\/wp\/v2\/product_tag?post=217608"}],"curies":[{"name":"wp","href":"https:\/\/api.w.org\/{rel}","templated":true}]}}