{"id":217580,"date":"2026-04-07T00:25:20","date_gmt":"2026-04-07T06:25:20","guid":{"rendered":"https:\/\/compuviper.mx\/tienda\/producto\/cyberpower-bp240vl3u01-paquete-de-bateras-externas-para-extensin-de-tiempo-de-respaldo-modelo-compatibles-ol6krt-ol6krtf-ol8krt-ol8krtf-ol10krt-ol10krtf-y-ol10krthw-3-aos-de-garantia\/"},"modified":"2026-04-07T00:25:21","modified_gmt":"2026-04-07T06:25:21","slug":"cyberpower-bp240vl3u01-paquete-de-bateras-externas-para-extensin-de-tiempo-de-respaldo-modelo-compatibles-ol6krt-ol6krtf-ol8krt-ol8krtf-ol10krt-ol10krtf-y-ol10krthw-3-aos-de-garantia","status":"publish","type":"product","link":"https:\/\/compuviper.mx\/tienda\/producto\/cyberpower-bp240vl3u01-paquete-de-bateras-externas-para-extensin-de-tiempo-de-respaldo-modelo-compatibles-ol6krt-ol6krtf-ol8krt-ol8krtf-ol10krt-ol10krtf-y-ol10krthw-3-aos-de-garantia\/","title":{"rendered":"Cyberpower Bp240vl3u01 Paquete De Bater?as Externas  () Para Extensi?n De Tiempo De Respaldo. Modelo Compatibles Ol6krt, Ol6krtf, Ol8krt, Ol8krtf, Ol10krt, Ol10krtf Y Ol10krthw. 3 A?os De Garantia."},"content":{"rendered":"<table class=\"descripcion\">\n<tr>\n<td>General<\/td>\n<\/tr>\n<tr>\n<td>Voltaje nominal 240 v<\/td>\n<\/tr>\n<tr>\n<td>Valoraci\u00f3n actual 30 a<\/td>\n<\/tr>\n<tr>\n<td>Bater\u00eda<\/td>\n<\/tr>\n<tr>\n<td>Cantidad de bater\u00eda 20<\/td>\n<\/tr>\n<tr>\n<td>Tama\u00f1o de la bater\u00eda 12 v \/ 7 ah<\/td>\n<\/tr>\n<tr>\n<td>Tipo de bater\u00eda \u00e1cido de plomo sellado<\/td>\n<\/tr>\n<tr>\n<td>Cargador incorporado (carga r\u00e1pida) si<\/td>\n<\/tr>\n<tr>\n<td>Voltaje de entrada del cargador 200 v hasta 240 v<\/td>\n<\/tr>\n<tr>\n<td>Cargador max. corriente de salida 1,5 a<\/td>\n<\/tr>\n<tr>\n<td>Listo para expansi\u00f3n (conexi\u00f3n en cadena) si<\/td>\n<\/tr>\n<tr>\n<td>Intercambiables en caliente si<\/td>\n<\/tr>\n<tr>\n<td>Reemplazable si<\/td>\n<\/tr>\n<tr>\n<td>Bater\u00eda de repuesto (2) rb1270x10<\/td>\n<\/tr>\n<tr>\n<td>Tiempo de recarga t\u00edpico * 4 h (0% a 90%)<\/td>\n<\/tr>\n<tr>\n<td>F\u00edsico<\/td>\n<\/tr>\n<tr>\n<td>Factor de forma convertible en rack \/ torre<\/td>\n<\/tr>\n<tr>\n<td>Construcci\u00f3n del recinto acero<\/td>\n<\/tr>\n<tr>\n<td>Hardware de montaje en rack incluido<\/td>\n<\/tr>\n<tr>\n<td>Dimensiones f\u00edsicas<\/td>\n<\/tr>\n<tr>\n<td>Dimensiones (wxhxd, pulg.) 17.05 x 5.2 x 26<\/td>\n<\/tr>\n<tr>\n<td>Dimensiones (anxalxp, mm) 433 x 132 x 660<\/td>\n<\/tr>\n<tr>\n<td>Peso (libras) 167,2<\/td>\n<\/tr>\n<tr>\n<td>Peso (kilogramo) 76<\/td>\n<\/tr>\n<tr>\n<td>Unidades de rack 3u<\/td>\n<\/tr>\n<tr>\n<td>Max. profundidad del riel de montaje (pulg) 36.02<\/td>\n<\/tr>\n<tr>\n<td>Max. profundidad del riel de montaje (mm) 915<\/td>\n<\/tr>\n<tr>\n<td>Min. profundidad del riel de montaje (pulg) 20,47<\/td>\n<\/tr>\n<tr>\n<td>Min. profundidad del riel de montaje (mm) 520<\/td>\n<\/tr>\n<tr>\n<td>Dimensiones de env\u00edo<\/td>\n<\/tr>\n<tr>\n<td>Dimensiones (wxhxd, pulg.) 23,62 x 14,76 x 35,43<\/td>\n<\/tr>\n<tr>\n<td>Dimensiones (anxalxp, mm) 600 x 375 x 900<\/td>\n<\/tr>\n<tr>\n<td>Peso (libras) 204,6<\/td>\n<\/tr>\n<tr>\n<td>Peso (kilogramo) 92,8<\/td>\n<\/tr>\n<tr>\n<td>Ambiental<\/td>\n<\/tr>\n<tr>\n<td>Temperatura de funcionamiento 32 \u00b0 f a 104 \u00b0 f (0 \u00b0 c a 40 \u00b0 c)<\/td>\n<\/tr>\n<tr>\n<td>Humedad relativa de funcionamiento 0% a 90% sin condensaci\u00f3n<\/td>\n<\/tr>\n<tr>\n<td>Elevaci\u00f3n operativa 0 pies a 10,000 pies (0 ma 3,000 m)<\/td>\n<\/tr>\n<tr>\n<td>Temperatura de almacenamiento -4 \u00b0 f a 113 \u00b0 f (-20 \u00b0 c a 45 \u00b0 c)<\/td>\n<\/tr>\n<tr>\n<td>Humedad relativa de almacenamiento 0% a 95% sin condensaci\u00f3n<\/td>\n<\/tr>\n<tr>\n<td>Elevaci\u00f3n de almacenamiento 0 a 50.000 pies (0 a 15.000 m)<\/td>\n<\/tr>\n<tr>\n<td>Compatibilidad<\/td>\n<\/tr>\n<tr>\n<td>Modelos de ups ol6krt<\/td>\n<\/tr>\n<tr>\n<td>Ol6krtf<\/td>\n<\/tr>\n<tr>\n<td>Ol8krt<\/td>\n<\/tr>\n<tr>\n<td>Ol8krtf<\/td>\n<\/tr>\n<tr>\n<td>Ol10krt<\/td>\n<\/tr>\n<tr>\n<td>Ol10krtf<\/td>\n<\/tr>\n<tr>\n<td>Ol10krthw<\/td>\n<\/tr>\n<tr>\n<td>Certificaciones<\/td>\n<\/tr>\n<tr>\n<td>La seguridad ul 1778<\/td>\n<\/tr>\n<tr>\n<td>Csa c22.2 no.107.3-05<\/td>\n<\/tr>\n<tr>\n<td>Fcc parte 15 clase a<\/td>\n<\/tr>\n<tr>\n<td>Ambiental rohs<\/td>\n<\/tr>\n<tr>\n<td>Garant\u00eda<\/td>\n<\/tr>\n<tr>\n<td>La garant\u00eda del producto 3 a\u00f1os limitada<\/td>\n<\/tr>\n<\/table>\n","protected":false},"excerpt":{"rendered":"<p>El m\u00f3dulo de bater\u00eda extendido (ebm) convertible en torre \/ rack cyberpower bp240vl3u01 extiende los tiempos de ejecuci\u00f3n del ups durante cortes de energ\u00eda. Dise\u00f1ado para determinados sistemas ups de smart app online, este ebm ocupa 3u de espacio en rack y se puede instalar en una configuraci\u00f3n de rack o torre para que coincida con el factor de forma del ups. Tambi\u00e9n tiene un cargador de bater\u00eda incorporado, que proporciona tecnolog\u00eda de carga r\u00e1pida para restaurar r\u00e1pidamente la fuente de alimentaci\u00f3n de respaldo del 0 al 90% en cuatro horas. Se pueden conectar hasta diez ebm en una cadena tipo margarita al sai. El bp240vl3u01 normalmente tiene un tiempo de carga del ups de cuatro horas, independientemente de si hay uno o diez ebm instalados cuando la carga r\u00e1pida est\u00e1 conectada. El bp240vl3u01 es compatible con ol6krt, ol6krtf, ol8krt, ol8krtf, ol10krt, ol10krtf y ol10krthw. Con una garant\u00eda de tres a\u00f1os, puede confiar en el compromiso de cyberpower con la calidad del bp240vl3u01.<\/p>\n","protected":false},"featured_media":217581,"comment_status":"open","ping_status":"open","template":"","meta":[],"product_cat":[1508,1511],"product_tag":[1692],"acf":[],"yoast_head":"<!-- This site is optimized with the Yoast SEO plugin v21.7 - https:\/\/yoast.com\/wordpress\/plugins\/seo\/ -->\n<title>[ Cyberpower ] &#129351; Bp240vl3u01 Paquete De Bater\u00edas Externas () Para Extensi\u00f3n De Tiempo De Respaldo. Modelo Compatibles Ol6krt, Ol6krtf, Ol8krt, Ol8krtf, Ol10krt, Ol10krtf Y Ol10krthw. 3 A\u00f1os De Garantia.<\/title>\n<meta name=\"description\" content=\"Compra Bp240vl3u01 Paquete De Bater\u00edas Externas () Para Extensi\u00f3n De Tiempo De Respaldo. Modelo Compatibles Ol6krt, Ol6krtf, Ol8krt, Ol8krtf, Ol10krt, Ol10krtf Y Ol10krthw. 3 A\u00f1os De Garantia. + Env\u00edo a domicilio + Pago seguro + Garant\u00eda\" \/>\n<meta name=\"robots\" content=\"index, follow, max-snippet:-1, max-image-preview:large, max-video-preview:-1\" \/>\n<link rel=\"canonical\" href=\"https:\/\/compuviper.mx\/tienda\/producto\/cyberpower-bp240vl3u01-paquete-de-bateras-externas-para-extensin-de-tiempo-de-respaldo-modelo-compatibles-ol6krt-ol6krtf-ol8krt-ol8krtf-ol10krt-ol10krtf-y-ol10krthw-3-aos-de-garantia\/\" \/>\n<meta property=\"og:locale\" content=\"es_MX\" \/>\n<meta property=\"og:type\" content=\"article\" \/>\n<meta property=\"og:title\" content=\"[ Cyberpower ] &#129351; Bp240vl3u01 Paquete De Bater\u00edas Externas () Para Extensi\u00f3n De Tiempo De Respaldo. Modelo Compatibles Ol6krt, Ol6krtf, Ol8krt, Ol8krtf, Ol10krt, Ol10krtf Y Ol10krthw. 3 A\u00f1os De Garantia.\" \/>\n<meta property=\"og:description\" content=\"Compra Bp240vl3u01 Paquete De Bater\u00edas Externas () Para Extensi\u00f3n De Tiempo De Respaldo. Modelo Compatibles Ol6krt, Ol6krtf, Ol8krt, Ol8krtf, Ol10krt, Ol10krtf Y Ol10krthw. 3 A\u00f1os De Garantia. + Env\u00edo a domicilio + Pago seguro + Garant\u00eda\" \/>\n<meta property=\"og:url\" content=\"https:\/\/compuviper.mx\/tienda\/producto\/cyberpower-bp240vl3u01-paquete-de-bateras-externas-para-extensin-de-tiempo-de-respaldo-modelo-compatibles-ol6krt-ol6krtf-ol8krt-ol8krtf-ol10krt-ol10krtf-y-ol10krthw-3-aos-de-garantia\/\" \/>\n<meta property=\"og:site_name\" content=\"Compuviper\" \/>\n<meta property=\"article:publisher\" content=\"https:\/\/www.facebook.com\/compuviper\" \/>\n<meta property=\"article:modified_time\" content=\"2026-04-07T06:25:21+00:00\" \/>\n<meta property=\"og:image\" content=\"https:\/\/compuviper.mx\/tienda\/wp-content\/uploads\/2023\/12\/Paquete-de-baterias-externas-cyberpower-bp240vl3u01-para-extension-de-tiempo-de-respaldo.-modelo-compatibles-ol6krt-ol6krtf-ol8krt-ol8krtf-ol10krt-ol10krtf-y-ol10krthw.-3-anos-de-garantia.jpg\" \/>\n\t<meta property=\"og:image:width\" content=\"200\" \/>\n\t<meta property=\"og:image:height\" content=\"200\" \/>\n\t<meta property=\"og:image:type\" content=\"image\/jpeg\" \/>\n<meta name=\"twitter:card\" content=\"summary_large_image\" \/>\n<meta name=\"twitter:label1\" content=\"Precio\" \/>\n\t<meta name=\"twitter:data1\" content=\"&#36;29,884 con IVA\" \/>\n\t<meta name=\"twitter:label2\" content=\"Availability\" \/>\n\t<meta name=\"twitter:data2\" content=\"On backorder\" \/>\n<script type=\"application\/ld+json\" class=\"yoast-schema-graph\">{\"@context\":\"https:\/\/schema.org\",\"@graph\":[{\"@type\":\"WebPage\",\"@id\":\"https:\/\/compuviper.mx\/tienda\/producto\/cyberpower-bp240vl3u01-paquete-de-bateras-externas-para-extensin-de-tiempo-de-respaldo-modelo-compatibles-ol6krt-ol6krtf-ol8krt-ol8krtf-ol10krt-ol10krtf-y-ol10krthw-3-aos-de-garantia\/\",\"url\":\"https:\/\/compuviper.mx\/tienda\/producto\/cyberpower-bp240vl3u01-paquete-de-bateras-externas-para-extensin-de-tiempo-de-respaldo-modelo-compatibles-ol6krt-ol6krtf-ol8krt-ol8krtf-ol10krt-ol10krtf-y-ol10krthw-3-aos-de-garantia\/\",\"name\":\"[ Cyberpower ] &#129351; Bp240vl3u01 Paquete De Bater\u00edas Externas () Para Extensi\u00f3n De Tiempo De Respaldo. Modelo Compatibles Ol6krt, Ol6krtf, Ol8krt, Ol8krtf, Ol10krt, Ol10krtf Y Ol10krthw. 3 A\u00f1os De Garantia.\",\"isPartOf\":{\"@id\":\"https:\/\/compuviper.mx\/tienda\/#website\"},\"datePublished\":\"2026-04-07T06:25:20+00:00\",\"dateModified\":\"2026-04-07T06:25:21+00:00\",\"description\":\"Compra Bp240vl3u01 Paquete De Bater\u00edas Externas () Para Extensi\u00f3n De Tiempo De Respaldo. Modelo Compatibles Ol6krt, Ol6krtf, Ol8krt, Ol8krtf, Ol10krt, Ol10krtf Y Ol10krthw. 3 A\u00f1os De Garantia. + Env\u00edo a domicilio + Pago seguro + Garant\u00eda\",\"breadcrumb\":{\"@id\":\"https:\/\/compuviper.mx\/tienda\/producto\/cyberpower-bp240vl3u01-paquete-de-bateras-externas-para-extensin-de-tiempo-de-respaldo-modelo-compatibles-ol6krt-ol6krtf-ol8krt-ol8krtf-ol10krt-ol10krtf-y-ol10krthw-3-aos-de-garantia\/#breadcrumb\"},\"inLanguage\":\"es-MX\",\"potentialAction\":[{\"@type\":\"ReadAction\",\"target\":[\"https:\/\/compuviper.mx\/tienda\/producto\/cyberpower-bp240vl3u01-paquete-de-bateras-externas-para-extensin-de-tiempo-de-respaldo-modelo-compatibles-ol6krt-ol6krtf-ol8krt-ol8krtf-ol10krt-ol10krtf-y-ol10krthw-3-aos-de-garantia\/\"]}]},{\"@type\":\"BreadcrumbList\",\"@id\":\"https:\/\/compuviper.mx\/tienda\/producto\/cyberpower-bp240vl3u01-paquete-de-bateras-externas-para-extensin-de-tiempo-de-respaldo-modelo-compatibles-ol6krt-ol6krtf-ol8krt-ol8krtf-ol10krt-ol10krtf-y-ol10krthw-3-aos-de-garantia\/#breadcrumb\",\"itemListElement\":[{\"@type\":\"ListItem\",\"position\":1,\"name\":\"Inicio\",\"item\":\"https:\/\/compuviper.mx\/tienda\/\"},{\"@type\":\"ListItem\",\"position\":2,\"name\":\"Productos\",\"item\":\"https:\/\/compuviper.mx\/tienda\/productos\/\"},{\"@type\":\"ListItem\",\"position\":3,\"name\":\"Energia\",\"item\":\"https:\/\/compuviper.mx\/tienda\/categoria-producto\/energia\/\"},{\"@type\":\"ListItem\",\"position\":4,\"name\":\"Bateria\",\"item\":\"https:\/\/compuviper.mx\/tienda\/categoria-producto\/energia\/bateria\/\"},{\"@type\":\"ListItem\",\"position\":5,\"name\":\"Cyberpower Bp240vl3u01 Paquete De Bater?as Externas () Para Extensi?n De Tiempo De Respaldo. Modelo Compatibles Ol6krt, Ol6krtf, Ol8krt, Ol8krtf, Ol10krt, Ol10krtf Y Ol10krthw. 3 A?os De Garantia.\"}]},{\"@type\":\"WebSite\",\"@id\":\"https:\/\/compuviper.mx\/tienda\/#website\",\"url\":\"https:\/\/compuviper.mx\/tienda\/\",\"name\":\"Compuviper\",\"description\":\"Proveedor de Computadoras, Laptops, Servidores, Monitores, Puntos de Venta, Teclados,   Impresoras, T\u00f3ner, C\u00e1maras de Seguridad y m\u00e1s en tu tienda en l\u00ednea\",\"publisher\":{\"@id\":\"https:\/\/compuviper.mx\/tienda\/#organization\"},\"potentialAction\":[{\"@type\":\"SearchAction\",\"target\":{\"@type\":\"EntryPoint\",\"urlTemplate\":\"https:\/\/compuviper.mx\/tienda\/?s={search_term_string}\"},\"query-input\":\"required name=search_term_string\"}],\"inLanguage\":\"es-MX\"},{\"@type\":\"Organization\",\"@id\":\"https:\/\/compuviper.mx\/tienda\/#organization\",\"name\":\"Compuviper\",\"url\":\"https:\/\/compuviper.mx\/tienda\/\",\"logo\":{\"@type\":\"ImageObject\",\"inLanguage\":\"es-MX\",\"@id\":\"https:\/\/compuviper.mx\/tienda\/#\/schema\/logo\/image\/\",\"url\":\"https:\/\/compuviper.mx\/tienda\/wp-content\/uploads\/2021\/08\/Logo-Compuviper-10.png\",\"contentUrl\":\"https:\/\/compuviper.mx\/tienda\/wp-content\/uploads\/2021\/08\/Logo-Compuviper-10.png\",\"width\":1000,\"height\":500,\"caption\":\"Compuviper\"},\"image\":{\"@id\":\"https:\/\/compuviper.mx\/tienda\/#\/schema\/logo\/image\/\"},\"sameAs\":[\"https:\/\/www.facebook.com\/compuviper\",\"https:\/\/www.youtube.com\/channel\/UCf73dERp9Y3cfOq7q8BhLjA?view_as=subscriber\"]}]}<\/script>\n<meta property=\"product:brand\" content=\"CYBERPOWER\" \/>\n<meta property=\"product:price:amount\" content=\"29884\" \/>\n<meta property=\"product:price:currency\" content=\"MXN\" \/>\n<meta property=\"og:availability\" content=\"backorder\" \/>\n<meta property=\"product:availability\" content=\"available for order\" \/>\n<meta property=\"product:retailer_item_id\" content=\"BP240VL3U01\" \/>\n<meta property=\"product:condition\" content=\"new\" \/>\n<!-- \/ Yoast SEO plugin. -->","yoast_head_json":{"title":"[ Cyberpower ] &#129351; Bp240vl3u01 Paquete De Bater\u00edas Externas () Para Extensi\u00f3n De Tiempo De Respaldo. Modelo Compatibles Ol6krt, Ol6krtf, Ol8krt, Ol8krtf, Ol10krt, Ol10krtf Y Ol10krthw. 3 A\u00f1os De Garantia.","description":"Compra Bp240vl3u01 Paquete De Bater\u00edas Externas () Para Extensi\u00f3n De Tiempo De Respaldo. Modelo Compatibles Ol6krt, Ol6krtf, Ol8krt, Ol8krtf, Ol10krt, Ol10krtf Y Ol10krthw. 3 A\u00f1os De Garantia. + Env\u00edo a domicilio + Pago seguro + Garant\u00eda","robots":{"index":"index","follow":"follow","max-snippet":"max-snippet:-1","max-image-preview":"max-image-preview:large","max-video-preview":"max-video-preview:-1"},"canonical":"https:\/\/compuviper.mx\/tienda\/producto\/cyberpower-bp240vl3u01-paquete-de-bateras-externas-para-extensin-de-tiempo-de-respaldo-modelo-compatibles-ol6krt-ol6krtf-ol8krt-ol8krtf-ol10krt-ol10krtf-y-ol10krthw-3-aos-de-garantia\/","og_locale":"es_MX","og_type":"article","og_title":"[ Cyberpower ] &#129351; Bp240vl3u01 Paquete De Bater\u00edas Externas () Para Extensi\u00f3n De Tiempo De Respaldo. Modelo Compatibles Ol6krt, Ol6krtf, Ol8krt, Ol8krtf, Ol10krt, Ol10krtf Y Ol10krthw. 3 A\u00f1os De Garantia.","og_description":"Compra Bp240vl3u01 Paquete De Bater\u00edas Externas () Para Extensi\u00f3n De Tiempo De Respaldo. Modelo Compatibles Ol6krt, Ol6krtf, Ol8krt, Ol8krtf, Ol10krt, Ol10krtf Y Ol10krthw. 3 A\u00f1os De Garantia. + Env\u00edo a domicilio + Pago seguro + Garant\u00eda","og_url":"https:\/\/compuviper.mx\/tienda\/producto\/cyberpower-bp240vl3u01-paquete-de-bateras-externas-para-extensin-de-tiempo-de-respaldo-modelo-compatibles-ol6krt-ol6krtf-ol8krt-ol8krtf-ol10krt-ol10krtf-y-ol10krthw-3-aos-de-garantia\/","og_site_name":"Compuviper","article_publisher":"https:\/\/www.facebook.com\/compuviper","article_modified_time":"2026-04-07T06:25:21+00:00","og_image":[{"width":200,"height":200,"url":"https:\/\/compuviper.mx\/tienda\/wp-content\/uploads\/2023\/12\/Paquete-de-baterias-externas-cyberpower-bp240vl3u01-para-extension-de-tiempo-de-respaldo.-modelo-compatibles-ol6krt-ol6krtf-ol8krt-ol8krtf-ol10krt-ol10krtf-y-ol10krthw.-3-anos-de-garantia.jpg","type":"image\/jpeg"}],"twitter_card":"summary_large_image","twitter_misc":{"Precio":"&#36;29,884 con IVA","Availability":"On backorder"},"schema":{"@context":"https:\/\/schema.org","@graph":[{"@type":"WebPage","@id":"https:\/\/compuviper.mx\/tienda\/producto\/cyberpower-bp240vl3u01-paquete-de-bateras-externas-para-extensin-de-tiempo-de-respaldo-modelo-compatibles-ol6krt-ol6krtf-ol8krt-ol8krtf-ol10krt-ol10krtf-y-ol10krthw-3-aos-de-garantia\/","url":"https:\/\/compuviper.mx\/tienda\/producto\/cyberpower-bp240vl3u01-paquete-de-bateras-externas-para-extensin-de-tiempo-de-respaldo-modelo-compatibles-ol6krt-ol6krtf-ol8krt-ol8krtf-ol10krt-ol10krtf-y-ol10krthw-3-aos-de-garantia\/","name":"[ Cyberpower ] &#129351; Bp240vl3u01 Paquete De Bater\u00edas Externas () Para Extensi\u00f3n De Tiempo De Respaldo. Modelo Compatibles Ol6krt, Ol6krtf, Ol8krt, Ol8krtf, Ol10krt, Ol10krtf Y Ol10krthw. 3 A\u00f1os De Garantia.","isPartOf":{"@id":"https:\/\/compuviper.mx\/tienda\/#website"},"datePublished":"2026-04-07T06:25:20+00:00","dateModified":"2026-04-07T06:25:21+00:00","description":"Compra Bp240vl3u01 Paquete De Bater\u00edas Externas () Para Extensi\u00f3n De Tiempo De Respaldo. Modelo Compatibles Ol6krt, Ol6krtf, Ol8krt, Ol8krtf, Ol10krt, Ol10krtf Y Ol10krthw. 3 A\u00f1os De Garantia. + Env\u00edo a domicilio + Pago seguro + Garant\u00eda","breadcrumb":{"@id":"https:\/\/compuviper.mx\/tienda\/producto\/cyberpower-bp240vl3u01-paquete-de-bateras-externas-para-extensin-de-tiempo-de-respaldo-modelo-compatibles-ol6krt-ol6krtf-ol8krt-ol8krtf-ol10krt-ol10krtf-y-ol10krthw-3-aos-de-garantia\/#breadcrumb"},"inLanguage":"es-MX","potentialAction":[{"@type":"ReadAction","target":["https:\/\/compuviper.mx\/tienda\/producto\/cyberpower-bp240vl3u01-paquete-de-bateras-externas-para-extensin-de-tiempo-de-respaldo-modelo-compatibles-ol6krt-ol6krtf-ol8krt-ol8krtf-ol10krt-ol10krtf-y-ol10krthw-3-aos-de-garantia\/"]}]},{"@type":"BreadcrumbList","@id":"https:\/\/compuviper.mx\/tienda\/producto\/cyberpower-bp240vl3u01-paquete-de-bateras-externas-para-extensin-de-tiempo-de-respaldo-modelo-compatibles-ol6krt-ol6krtf-ol8krt-ol8krtf-ol10krt-ol10krtf-y-ol10krthw-3-aos-de-garantia\/#breadcrumb","itemListElement":[{"@type":"ListItem","position":1,"name":"Inicio","item":"https:\/\/compuviper.mx\/tienda\/"},{"@type":"ListItem","position":2,"name":"Productos","item":"https:\/\/compuviper.mx\/tienda\/productos\/"},{"@type":"ListItem","position":3,"name":"Energia","item":"https:\/\/compuviper.mx\/tienda\/categoria-producto\/energia\/"},{"@type":"ListItem","position":4,"name":"Bateria","item":"https:\/\/compuviper.mx\/tienda\/categoria-producto\/energia\/bateria\/"},{"@type":"ListItem","position":5,"name":"Cyberpower Bp240vl3u01 Paquete De Bater?as Externas () Para Extensi?n De Tiempo De Respaldo. Modelo Compatibles Ol6krt, Ol6krtf, Ol8krt, Ol8krtf, Ol10krt, Ol10krtf Y Ol10krthw. 3 A?os De Garantia."}]},{"@type":"WebSite","@id":"https:\/\/compuviper.mx\/tienda\/#website","url":"https:\/\/compuviper.mx\/tienda\/","name":"Compuviper","description":"Proveedor de Computadoras, Laptops, Servidores, Monitores, Puntos de Venta, Teclados,   Impresoras, T\u00f3ner, C\u00e1maras de Seguridad y m\u00e1s en tu tienda en l\u00ednea","publisher":{"@id":"https:\/\/compuviper.mx\/tienda\/#organization"},"potentialAction":[{"@type":"SearchAction","target":{"@type":"EntryPoint","urlTemplate":"https:\/\/compuviper.mx\/tienda\/?s={search_term_string}"},"query-input":"required name=search_term_string"}],"inLanguage":"es-MX"},{"@type":"Organization","@id":"https:\/\/compuviper.mx\/tienda\/#organization","name":"Compuviper","url":"https:\/\/compuviper.mx\/tienda\/","logo":{"@type":"ImageObject","inLanguage":"es-MX","@id":"https:\/\/compuviper.mx\/tienda\/#\/schema\/logo\/image\/","url":"https:\/\/compuviper.mx\/tienda\/wp-content\/uploads\/2021\/08\/Logo-Compuviper-10.png","contentUrl":"https:\/\/compuviper.mx\/tienda\/wp-content\/uploads\/2021\/08\/Logo-Compuviper-10.png","width":1000,"height":500,"caption":"Compuviper"},"image":{"@id":"https:\/\/compuviper.mx\/tienda\/#\/schema\/logo\/image\/"},"sameAs":["https:\/\/www.facebook.com\/compuviper","https:\/\/www.youtube.com\/channel\/UCf73dERp9Y3cfOq7q8BhLjA?view_as=subscriber"]}]},"product_brand":"CYBERPOWER","product_price_amount":"29884","product_price_currency":"MXN","og_availability":"backorder","product_availability":"available for order","product_retailer_item_id":"BP240VL3U01","product_condition":"new"},"_links":{"self":[{"href":"https:\/\/compuviper.mx\/tienda\/wp-json\/wp\/v2\/product\/217580"}],"collection":[{"href":"https:\/\/compuviper.mx\/tienda\/wp-json\/wp\/v2\/product"}],"about":[{"href":"https:\/\/compuviper.mx\/tienda\/wp-json\/wp\/v2\/types\/product"}],"replies":[{"embeddable":true,"href":"https:\/\/compuviper.mx\/tienda\/wp-json\/wp\/v2\/comments?post=217580"}],"wp:featuredmedia":[{"embeddable":true,"href":"https:\/\/compuviper.mx\/tienda\/wp-json\/wp\/v2\/media\/217581"}],"wp:attachment":[{"href":"https:\/\/compuviper.mx\/tienda\/wp-json\/wp\/v2\/media?parent=217580"}],"wp:term":[{"taxonomy":"product_cat","embeddable":true,"href":"https:\/\/compuviper.mx\/tienda\/wp-json\/wp\/v2\/product_cat?post=217580"},{"taxonomy":"product_tag","embeddable":true,"href":"https:\/\/compuviper.mx\/tienda\/wp-json\/wp\/v2\/product_tag?post=217580"}],"curies":[{"name":"wp","href":"https:\/\/api.w.org\/{rel}","templated":true}]}}