{"id":217568,"date":"2026-04-07T00:25:17","date_gmt":"2026-04-07T06:25:17","guid":{"rendered":"https:\/\/compuviper.mx\/tienda\/producto\/cyberpower-ol5krthd-no-break-5000va-5000w-online-entrada-200-240-vac-salida-200-240-vac-convertible-torre-rack-2u-2-nema-l6-20r-2-x-nema-l6-30r-usb-garanta-3-aos-incluye-batera\/"},"modified":"2026-04-07T00:25:18","modified_gmt":"2026-04-07T06:25:18","slug":"cyberpower-ol5krthd-no-break-5000va-5000w-online-entrada-200-240-vac-salida-200-240-vac-convertible-torre-rack-2u-2-nema-l6-20r-2-x-nema-l6-30r-usb-garanta-3-aos-incluye-batera","status":"publish","type":"product","link":"https:\/\/compuviper.mx\/tienda\/producto\/cyberpower-ol5krthd-no-break-5000va-5000w-online-entrada-200-240-vac-salida-200-240-vac-convertible-torre-rack-2u-2-nema-l6-20r-2-x-nema-l6-30r-usb-garanta-3-aos-incluye-batera\/","title":{"rendered":"Cyberpower Ol5krthd No Break  () 5000va\/5000w, Online, Entrada, 200-240 Vac \/ Salida 200-240 Vac, Convertible Torre\/rack, 2u, 2 ? Nema L6-20r, 2 X Nema L6-30r, Usb, Garant?a 3 A?os Incluye Bater?a."},"content":{"rendered":"<table class=\"descripcion\">\n<tr>\n<td>General<\/td>\n<\/tr>\n<tr>\n<td>Fase: fase \u00fanica<\/td>\n<\/tr>\n<tr>\n<td>Factor de forma: rack, torre<\/td>\n<\/tr>\n<tr>\n<td>Ups topology: doble conversi\u00f3n en linea<\/td>\n<\/tr>\n<tr>\n<td>Tecnolog\u00eda de ahorro de energ\u00eda: eficiencia del modo eco online hasta 96%<\/td>\n<\/tr>\n<tr>\n<td>Compatible con active pfc: s\u00ed<\/td>\n<\/tr>\n<tr>\n<td>Entrada<\/td>\n<\/tr>\n<tr>\n<td>Compatible con generador: si<\/td>\n<\/tr>\n<tr>\n<td>Voltaje nominal de entrada (vca)<\/td>\n<\/tr>\n<tr>\n<td>200 \u00b1 2%<\/td>\n<\/tr>\n<tr>\n<td>208 \u00b1 2%<\/td>\n<\/tr>\n<tr>\n<td>220 \u00b1 2%<\/td>\n<\/tr>\n<tr>\n<td>230 \u00b1 2%<\/td>\n<\/tr>\n<tr>\n<td>240 \u00b1 2%<\/td>\n<\/tr>\n<tr>\n<td>Rango de voltaje de entrada ( vca ): 200 ~ 240<\/td>\n<\/tr>\n<tr>\n<td>Rango de voltaje ajustable ( vca )<\/td>\n<\/tr>\n<tr>\n<td>0~25% de carga para 120 ~ 139 vac<\/td>\n<\/tr>\n<tr>\n<td>0~50% de carga para 140 ~ 159 vac<\/td>\n<\/tr>\n<tr>\n<td>0~75% de carga para 160 ~ 179 vac<\/td>\n<\/tr>\n<tr>\n<td>0~10% de carga para 180 ~ 280 vac<\/td>\n<\/tr>\n<tr>\n<td>Frecuencia de entrada ( s.f. ): 50 \u00b1 10 \/ 60 \u00b1 10<\/td>\n<\/tr>\n<tr>\n<td>Detecci\u00f3n de frecuencia de entrada<\/td>\n<\/tr>\n<tr>\n<td>Sensor autom\u00e1tico<\/td>\n<\/tr>\n<tr>\n<td>Corriente de entrada nominal ( a ): 24<\/td>\n<\/tr>\n<tr>\n<td>Factor de entrada de potencia: 0.99<\/td>\n<\/tr>\n<tr>\n<td>Tipo de conector de entrada: nema l6-30p  and #12288;<\/td>\n<\/tr>\n<tr>\n<td>Estilo de conector: recto<\/td>\n<\/tr>\n<tr>\n<td>Longitud del cable de alimentaci\u00f3n (pies): 10<\/td>\n<\/tr>\n<tr>\n<td>Longitud del cable de alimentaci\u00f3n de alimentaci\u00f3n (m): 3<\/td>\n<\/tr>\n<tr>\n<td>Salida<\/td>\n<\/tr>\n<tr>\n<td>Capacidad (va):5000<\/td>\n<\/tr>\n<tr>\n<td>Capacidad (watts)5000<\/td>\n<\/tr>\n<tr>\n<td>Forma de onda en bater\u00eda<\/td>\n<\/tr>\n<tr>\n<td>Onda senoidal pura<\/td>\n<\/tr>\n<tr>\n<td>Voltaje(s) en bater\u00eda ( vca )<\/td>\n<\/tr>\n<tr>\n<td>200 \u00b1 2%<\/td>\n<\/tr>\n<tr>\n<td>208 \u00b1 2%<\/td>\n<\/tr>\n<tr>\n<td>220 \u00b1 2%<\/td>\n<\/tr>\n<tr>\n<td>230 \u00b1 2%<\/td>\n<\/tr>\n<tr>\n<td>240 \u00b1 2%<\/td>\n<\/tr>\n<tr>\n<td>Ajustes de voltaje de salida: configurable<\/td>\n<\/tr>\n<tr>\n<td>Frecuencia en bater\u00eda ( s.f. ): 50 \u00b1 0.5%\/ 60 \u00b1 0.5%<\/td>\n<\/tr>\n<tr>\n<td>Ajustes de frecuencia de salida: configurable<\/td>\n<\/tr>\n<tr>\n<td>Factor de potencia: 1<\/td>\n<\/tr>\n<tr>\n<td>Tolerancia de voltaje en modo eco: \u00b1 10 % \/\u00b1 15 %<\/td>\n<\/tr>\n<tr>\n<td>Protecci\u00f3n contra sobrecargas: limitaci\u00f3n de voltaje interna, disyuntor<\/td>\n<\/tr>\n<tr>\n<td>Protecci\u00f3n contra sobrecargas (modo en l\u00ednea): carga de 105~125% durante 1 min, carga de 125~150% durante 10 seg<\/td>\n<\/tr>\n<tr>\n<td>Protecci\u00f3n contra sobrecargas (modo bater\u00eda): carga de 105~130% durante 10 seg, carga de 130~150% durante 2 seg<\/td>\n<\/tr>\n<tr>\n<td>Protecci\u00f3n contra sobrecargas (modo bypass): disyuntor<\/td>\n<\/tr>\n<tr>\n<td>Factor de cresta 3 : 1<\/td>\n<\/tr>\n<tr>\n<td>Distorsi\u00f3n arm\u00f3nica (carga lineal): thd and #65308;3%<\/td>\n<\/tr>\n<tr>\n<td>Distorsi\u00f3n arm\u00f3nica (carga no lineal): thd and #65308;5%<\/td>\n<\/tr>\n<tr>\n<td>Bypass interno: bypass autom\u00e1tico, bypass manual<\/td>\n<\/tr>\n<tr>\n<td>Salida (s) \u0096 total: 4<\/td>\n<\/tr>\n<tr>\n<td>Tipo de salida: nema l6-20r x 2  and #12288;<\/td>\n<\/tr>\n<tr>\n<td>Nema l6-30r x 2: salida (s) &#8211; bater\u00eda y protecci\u00f3n contra sobretensiones 4<\/td>\n<\/tr>\n<tr>\n<td>Salida (s) &#8211; carga cr\u00edtica (cl): 1<\/td>\n<\/tr>\n<tr>\n<td>Salida (s) &#8211; carga no cr\u00edtica (ncl): 3<\/td>\n<\/tr>\n<tr>\n<td>Tiempo de transferencia t\u00edpico ( ms ): 0<\/td>\n<\/tr>\n<tr>\n<td>Bater\u00eda<\/td>\n<\/tr>\n<tr>\n<td>Tiempo de ejecuci\u00f3n a media carga (min): 6.4<\/td>\n<\/tr>\n<tr>\n<td>Tiempo de ejecuci\u00f3n a carga completa (min): 2.3<\/td>\n<\/tr>\n<tr>\n<td>Tiempo de recarga t\u00edpico (horas): 4<\/td>\n<\/tr>\n<tr>\n<td>Arranque en bater\u00eda: s\u00ed<\/td>\n<\/tr>\n<tr>\n<td>Gesti\u00f3n inteligente de bater\u00edas (sbm): s\u00ed<\/td>\n<\/tr>\n<tr>\n<td>M\u00f3dulo de gesti\u00f3n de bater\u00eda incorporado: s\u00ed<\/td>\n<\/tr>\n<tr>\n<td>Reemplazable por el usuario: s\u00ed, solo personal calificado<\/td>\n<\/tr>\n<tr>\n<td>Intercambiables en caliente: s\u00ed<\/td>\n<\/tr>\n<tr>\n<td>Tipo de bater\u00eda: plomo \u00e1cido sellada<\/td>\n<\/tr>\n<tr>\n<td>Paquete de sustituci\u00f3n de bater\u00eda: rbp0147<\/td>\n<\/tr>\n<tr>\n<td>Cantidad de rbp ( pzs ): 1<\/td>\n<\/tr>\n<tr>\n<td>Cantidad de bater\u00edas (cada rbp) ( pzs ): 12<\/td>\n<\/tr>\n<tr>\n<td>Voltaje de la bater\u00eda (cada rbp) ( v ): 144<\/td>\n<\/tr>\n<tr>\n<td>Capacidad de bater\u00eda individual ( ah ): 12 v 7 ah<\/td>\n<\/tr>\n<tr>\n<td>M\u00f3dulo de bater\u00eda extendida (ebm)<\/td>\n<\/tr>\n<tr>\n<td>Bp144vl2u01 (cargador incorporado)<\/td>\n<\/tr>\n<tr>\n<td>Cantidad de ebm m\u00e1ximo ( pzs ): 10<\/td>\n<\/tr>\n<tr>\n<td>Protecci\u00f3n contra sobretensiones y filtrado<\/td>\n<\/tr>\n<tr>\n<td>Supresi\u00f3n de sobretensiones ( joules ): 2430<\/td>\n<\/tr>\n<tr>\n<td>Filtraci\u00f3n emi y rfi: s\u00ed<\/td>\n<\/tr>\n<tr>\n<td>Gesti\u00f3n y comunicaci\u00f3n<\/td>\n<\/tr>\n<tr>\n<td>Panel lcd: s\u00ed<\/td>\n<\/tr>\n<tr>\n<td>Orientaci\u00f3n lcd: lcd giratorio &#8211; autom\u00e1tico<\/td>\n<\/tr>\n<tr>\n<td>Pantalla de informaci\u00f3n lcd: tipo de funcionamiento, estado de la alimentaci\u00f3n, estado de la bater\u00eda, estado de la carga, fallo y advertencia, otra informaci\u00f3n, evento y registro<\/td>\n<\/tr>\n<tr>\n<td>Ajustes y control lcd: ajustes de modo, ajustes de alarma, entrada y salida, ajustes de la bater\u00eda, fallo y advertencia, comunicaci\u00f3n, evento y registro, ajustes de seguridad, idioma<\/td>\n<\/tr>\n<tr>\n<td>Indicadores led: encendido<\/td>\n<\/tr>\n<tr>\n<td>Hid compatible puerto (s) usb: 1<\/td>\n<\/tr>\n<tr>\n<td>Puerto (epo) de apagado de emergencia: s\u00ed<\/td>\n<\/tr>\n<tr>\n<td>Alarmas audibles: modo de bater\u00eda, bater\u00eda baja, sobrecarga, sobrecarga, sobrecalentamiento, fallo de ups, sustituir bater\u00eda<\/td>\n<\/tr>\n<tr>\n<td>Gesti\u00f3n de cables ( pzs ): cable usb x1, cable serie x 1<\/td>\n<\/tr>\n<tr>\n<td>Software de gesti\u00f3n de la potencia: powerpanel\u00ae business (recomendado)<\/td>\n<\/tr>\n<tr>\n<td>Monitoreo remoto snmp \/ http: s\u00ed &#8211; rmcard205 incluido<\/td>\n<\/tr>\n<tr>\n<td>F\u00edsico<\/td>\n<\/tr>\n<tr>\n<td>Construcci\u00f3n de carcasa: metal<\/td>\n<\/tr>\n<tr>\n<td>Color: negro<\/td>\n<\/tr>\n<tr>\n<td>Riel de montaje en rack: s\u00ed<\/td>\n<\/tr>\n<tr>\n<td>Orejeras de montura de armario: s\u00ed<\/td>\n<\/tr>\n<tr>\n<td>Tama\u00f1o f\u00edsico &#8211; m\u00f3dulo de ups<\/td>\n<\/tr>\n<tr>\n<td>Dimensiones (anxalxp) (pulgadas): 17 x 3.4 x 28.3<\/td>\n<\/tr>\n<tr>\n<td>Dimensiones (anxalxp) (mm): 433 x 86.5 x 720<\/td>\n<\/tr>\n<tr>\n<td>Peso (libras): 92.4<\/td>\n<\/tr>\n<tr>\n<td>Peso (kg): 42<\/td>\n<\/tr>\n<tr>\n<td>Altura del rack instalado ( u ): 2<\/td>\n<\/tr>\n<tr>\n<td>Dimensiones para el env\u00edo<\/td>\n<\/tr>\n<tr>\n<td>Dimensiones (anxalxp) (pulgadas): 23.6 x 13.2 x 43.3<\/td>\n<\/tr>\n<tr>\n<td>Dimensiones (anxalxp) (mm): 600 x 335 x 1100<\/td>\n<\/tr>\n<tr>\n<td>Peso (libras): 132<\/td>\n<\/tr>\n<tr>\n<td>Peso (kg): 60<\/td>\n<\/tr>\n<tr>\n<td>Medioambiental<\/td>\n<\/tr>\n<tr>\n<td>Temperatura de funcionamiento (\u00baf): 32 ~ 104<\/td>\n<\/tr>\n<tr>\n<td>Temperatura de funcionamiento (\u00bac): 0 ~ 40<\/td>\n<\/tr>\n<tr>\n<td>Humedad relativa de funcionamiento (sin condensaci\u00f3n) ( % ): 0 ~ 90<\/td>\n<\/tr>\n<tr>\n<td>Elevaci\u00f3n de funcionamiento ( pies\/metros ): 0-10.000 pies (0-3.000 metros)<\/td>\n<\/tr>\n<tr>\n<td>Temperatura de almacenamiento (\u00baf): 23 ~ 113<\/td>\n<\/tr>\n<tr>\n<td>Temperatura de almacenamiento (\u00bac): -5 ~ 45<\/td>\n<\/tr>\n<tr>\n<td>Humedad relativa de almacenamiento (sin condensaci\u00f3n) ( % ): 0 ~ 95<\/td>\n<\/tr>\n<tr>\n<td>Elevaci\u00f3n de almacenamiento ( pies\/metros ) :0-14.700 pies (0-4.500 metros)<\/td>\n<\/tr>\n<tr>\n<td>Disipaci\u00f3n t\u00e9rmica en l\u00ednea ( btu\/h ): 1186<\/td>\n<\/tr>\n<tr>\n<td>Certificaciones<\/td>\n<\/tr>\n<tr>\n<td>Certificaciones: fcc clase a, ul<\/td>\n<\/tr>\n<tr>\n<td>Rohs: s\u00ed<\/td>\n<\/tr>\n<tr>\n<td>Garant\u00eda; 3 a\u00f1os incluyendo bater\u00eda.<\/td>\n<\/tr>\n<\/table>\n","protected":false},"excerpt":{"rendered":"<p>Garant\u00eda; 3 a\u00f1os incluyendo bater\u00eda. El dise\u00f1o de alta densidad cyberpower smart app online ol5krthd ofrece m\u00e1s potencia en menos espacio. De hecho, se puede configurar en 2u de espacio en rack o como una torre, en comparaci\u00f3n con 3u y 4u para modelos de ups competitivos similares, lo que le brinda m\u00e1s espacio para crecer. El ol5krthd presenta una topolog\u00eda de doble conversi\u00f3n para una protecci\u00f3n de energ\u00eda perfecta y una rmcard205 preinstalada. Para el monitoreo, este ups ofrece una nueva pantalla lcd de matriz de color multifunci\u00f3n de \u00faltima generaci\u00f3n que es f\u00e1cil de configurar y de usar. Las alertas codificadas por colores proporcionan un estado claro del sai y la orientaci\u00f3n de la pantalla gira autom\u00e1ticamente cuando se coloca en una configuraci\u00f3n de torre. El ol5krthd garantiza la m\u00e1xima eficiencia y capacidad de salida con una clasificaci\u00f3n de factor de potencia (pf) de 1. El modo eco greenpower ups \u0099 de ahorro de energ\u00eda permite hasta un 96% de eficiencia al tiempo que reduce el consumo de energ\u00eda y la disipaci\u00f3n t\u00e9rmica. El ventilador variable de 7 velocidades proporciona una gesti\u00f3n t\u00e9rmica autom\u00e1tica, basada en la carga de energ\u00eda, para reducir el ruido. El m\u00f3dulo de bater\u00eda extendido (ebm) bp144vl2u01 opcional ampl\u00eda el tiempo de ejecuci\u00f3n y se pueden conectar hasta diez ebm en una cadena tipo margarita al sai para obtener m\u00e1s energ\u00eda de respaldo. Adem\u00e1s, todo est\u00e1 respaldado por una garant\u00eda de tres a\u00f1os (incluidas las bater\u00edas).<\/p>\n","protected":false},"featured_media":217569,"comment_status":"open","ping_status":"open","template":"","meta":[],"product_cat":[1508,1691],"product_tag":[1692],"acf":[],"yoast_head":"<!-- This site is optimized with the Yoast SEO plugin v21.7 - https:\/\/yoast.com\/wordpress\/plugins\/seo\/ -->\n<title>[ Cyberpower ] &#129351; Ol5krthd No Break () 5000va\/5000w, Online, Entrada, 200-240 Vac \/ Salida 200-240 Vac, Convertible Torre\/rack, 2u, 2 \u00d7 Nema L6-20r, 2 X Nema L6-30r, Usb, Garant\u00eda 3 A\u00f1os Incluye Bater\u00eda.<\/title>\n<meta name=\"description\" content=\"Compra Ol5krthd No Break () 5000va\/5000w, Online, Entrada, 200-240 Vac \/ Salida 200-240 Vac, Convertible Torre\/rack, 2u, 2 \u00d7 Nema L6-20r, 2 X Nema L6-30r, Usb, Garant\u00eda 3 A\u00f1os Incluye Bater\u00eda. + Env\u00edo a domicilio + Pago seguro + Garant\u00eda\" \/>\n<meta name=\"robots\" content=\"index, follow, max-snippet:-1, max-image-preview:large, max-video-preview:-1\" \/>\n<link rel=\"canonical\" href=\"https:\/\/compuviper.mx\/tienda\/producto\/cyberpower-ol5krthd-no-break-5000va-5000w-online-entrada-200-240-vac-salida-200-240-vac-convertible-torre-rack-2u-2-nema-l6-20r-2-x-nema-l6-30r-usb-garanta-3-aos-incluye-batera\/\" \/>\n<meta property=\"og:locale\" content=\"es_MX\" \/>\n<meta property=\"og:type\" content=\"article\" \/>\n<meta property=\"og:title\" content=\"[ Cyberpower ] &#129351; Ol5krthd No Break () 5000va\/5000w, Online, Entrada, 200-240 Vac \/ Salida 200-240 Vac, Convertible Torre\/rack, 2u, 2 \u00d7 Nema L6-20r, 2 X Nema L6-30r, Usb, Garant\u00eda 3 A\u00f1os Incluye Bater\u00eda.\" \/>\n<meta property=\"og:description\" content=\"Compra Ol5krthd No Break () 5000va\/5000w, Online, Entrada, 200-240 Vac \/ Salida 200-240 Vac, Convertible Torre\/rack, 2u, 2 \u00d7 Nema L6-20r, 2 X Nema L6-30r, Usb, Garant\u00eda 3 A\u00f1os Incluye Bater\u00eda. + Env\u00edo a domicilio + Pago seguro + Garant\u00eda\" \/>\n<meta property=\"og:url\" content=\"https:\/\/compuviper.mx\/tienda\/producto\/cyberpower-ol5krthd-no-break-5000va-5000w-online-entrada-200-240-vac-salida-200-240-vac-convertible-torre-rack-2u-2-nema-l6-20r-2-x-nema-l6-30r-usb-garanta-3-aos-incluye-batera\/\" \/>\n<meta property=\"og:site_name\" content=\"Compuviper\" \/>\n<meta property=\"article:publisher\" content=\"https:\/\/www.facebook.com\/compuviper\" \/>\n<meta property=\"article:modified_time\" content=\"2026-04-07T06:25:18+00:00\" \/>\n<meta property=\"og:image\" content=\"https:\/\/compuviper.mx\/tienda\/wp-content\/uploads\/2023\/12\/No-break-cyberpower-ol5krthd-5000va5000w-online-entrada-200-240-vac-salida-200-240-vac-convertible-torrerack-2u-2-\u00d7-nema-l6-20r-2-x-nema-l6-30r-usb-garantia-3-anos-incluye-bateria.jpg\" \/>\n\t<meta property=\"og:image:width\" content=\"200\" \/>\n\t<meta property=\"og:image:height\" content=\"200\" \/>\n\t<meta property=\"og:image:type\" content=\"image\/jpeg\" \/>\n<meta name=\"twitter:card\" content=\"summary_large_image\" \/>\n<meta name=\"twitter:label1\" content=\"Precio\" \/>\n\t<meta name=\"twitter:data1\" content=\"&#36;79,262 con IVA\" \/>\n\t<meta name=\"twitter:label2\" content=\"Availability\" \/>\n\t<meta name=\"twitter:data2\" content=\"On backorder\" \/>\n<script type=\"application\/ld+json\" class=\"yoast-schema-graph\">{\"@context\":\"https:\/\/schema.org\",\"@graph\":[{\"@type\":\"WebPage\",\"@id\":\"https:\/\/compuviper.mx\/tienda\/producto\/cyberpower-ol5krthd-no-break-5000va-5000w-online-entrada-200-240-vac-salida-200-240-vac-convertible-torre-rack-2u-2-nema-l6-20r-2-x-nema-l6-30r-usb-garanta-3-aos-incluye-batera\/\",\"url\":\"https:\/\/compuviper.mx\/tienda\/producto\/cyberpower-ol5krthd-no-break-5000va-5000w-online-entrada-200-240-vac-salida-200-240-vac-convertible-torre-rack-2u-2-nema-l6-20r-2-x-nema-l6-30r-usb-garanta-3-aos-incluye-batera\/\",\"name\":\"[ Cyberpower ] &#129351; Ol5krthd No Break () 5000va\/5000w, Online, Entrada, 200-240 Vac \/ Salida 200-240 Vac, Convertible Torre\/rack, 2u, 2 \u00d7 Nema L6-20r, 2 X Nema L6-30r, Usb, Garant\u00eda 3 A\u00f1os Incluye Bater\u00eda.\",\"isPartOf\":{\"@id\":\"https:\/\/compuviper.mx\/tienda\/#website\"},\"datePublished\":\"2026-04-07T06:25:17+00:00\",\"dateModified\":\"2026-04-07T06:25:18+00:00\",\"description\":\"Compra Ol5krthd No Break () 5000va\/5000w, Online, Entrada, 200-240 Vac \/ Salida 200-240 Vac, Convertible Torre\/rack, 2u, 2 \u00d7 Nema L6-20r, 2 X Nema L6-30r, Usb, Garant\u00eda 3 A\u00f1os Incluye Bater\u00eda. + Env\u00edo a domicilio + Pago seguro + Garant\u00eda\",\"breadcrumb\":{\"@id\":\"https:\/\/compuviper.mx\/tienda\/producto\/cyberpower-ol5krthd-no-break-5000va-5000w-online-entrada-200-240-vac-salida-200-240-vac-convertible-torre-rack-2u-2-nema-l6-20r-2-x-nema-l6-30r-usb-garanta-3-aos-incluye-batera\/#breadcrumb\"},\"inLanguage\":\"es-MX\",\"potentialAction\":[{\"@type\":\"ReadAction\",\"target\":[\"https:\/\/compuviper.mx\/tienda\/producto\/cyberpower-ol5krthd-no-break-5000va-5000w-online-entrada-200-240-vac-salida-200-240-vac-convertible-torre-rack-2u-2-nema-l6-20r-2-x-nema-l6-30r-usb-garanta-3-aos-incluye-batera\/\"]}]},{\"@type\":\"BreadcrumbList\",\"@id\":\"https:\/\/compuviper.mx\/tienda\/producto\/cyberpower-ol5krthd-no-break-5000va-5000w-online-entrada-200-240-vac-salida-200-240-vac-convertible-torre-rack-2u-2-nema-l6-20r-2-x-nema-l6-30r-usb-garanta-3-aos-incluye-batera\/#breadcrumb\",\"itemListElement\":[{\"@type\":\"ListItem\",\"position\":1,\"name\":\"Inicio\",\"item\":\"https:\/\/compuviper.mx\/tienda\/\"},{\"@type\":\"ListItem\",\"position\":2,\"name\":\"Productos\",\"item\":\"https:\/\/compuviper.mx\/tienda\/productos\/\"},{\"@type\":\"ListItem\",\"position\":3,\"name\":\"Energia\",\"item\":\"https:\/\/compuviper.mx\/tienda\/categoria-producto\/energia\/\"},{\"@type\":\"ListItem\",\"position\":4,\"name\":\"No Break\",\"item\":\"https:\/\/compuviper.mx\/tienda\/categoria-producto\/energia\/no-break\/\"},{\"@type\":\"ListItem\",\"position\":5,\"name\":\"Cyberpower Ol5krthd No Break () 5000va\/5000w, Online, Entrada, 200-240 Vac \/ Salida 200-240 Vac, Convertible Torre\/rack, 2u, 2 ? Nema L6-20r, 2 X Nema L6-30r, Usb, Garant?a 3 A?os Incluye Bater?a.\"}]},{\"@type\":\"WebSite\",\"@id\":\"https:\/\/compuviper.mx\/tienda\/#website\",\"url\":\"https:\/\/compuviper.mx\/tienda\/\",\"name\":\"Compuviper\",\"description\":\"Proveedor de Computadoras, Laptops, Servidores, Monitores, Puntos de Venta, Teclados,   Impresoras, T\u00f3ner, C\u00e1maras de Seguridad y m\u00e1s en tu tienda en l\u00ednea\",\"publisher\":{\"@id\":\"https:\/\/compuviper.mx\/tienda\/#organization\"},\"potentialAction\":[{\"@type\":\"SearchAction\",\"target\":{\"@type\":\"EntryPoint\",\"urlTemplate\":\"https:\/\/compuviper.mx\/tienda\/?s={search_term_string}\"},\"query-input\":\"required name=search_term_string\"}],\"inLanguage\":\"es-MX\"},{\"@type\":\"Organization\",\"@id\":\"https:\/\/compuviper.mx\/tienda\/#organization\",\"name\":\"Compuviper\",\"url\":\"https:\/\/compuviper.mx\/tienda\/\",\"logo\":{\"@type\":\"ImageObject\",\"inLanguage\":\"es-MX\",\"@id\":\"https:\/\/compuviper.mx\/tienda\/#\/schema\/logo\/image\/\",\"url\":\"https:\/\/compuviper.mx\/tienda\/wp-content\/uploads\/2021\/08\/Logo-Compuviper-10.png\",\"contentUrl\":\"https:\/\/compuviper.mx\/tienda\/wp-content\/uploads\/2021\/08\/Logo-Compuviper-10.png\",\"width\":1000,\"height\":500,\"caption\":\"Compuviper\"},\"image\":{\"@id\":\"https:\/\/compuviper.mx\/tienda\/#\/schema\/logo\/image\/\"},\"sameAs\":[\"https:\/\/www.facebook.com\/compuviper\",\"https:\/\/www.youtube.com\/channel\/UCf73dERp9Y3cfOq7q8BhLjA?view_as=subscriber\"]}]}<\/script>\n<meta property=\"product:brand\" content=\"CYBERPOWER\" \/>\n<meta property=\"product:price:amount\" content=\"79262\" \/>\n<meta property=\"product:price:currency\" content=\"MXN\" \/>\n<meta property=\"og:availability\" content=\"backorder\" \/>\n<meta property=\"product:availability\" content=\"available for order\" \/>\n<meta property=\"product:retailer_item_id\" content=\"OL5KRTHD\" \/>\n<meta property=\"product:condition\" content=\"new\" \/>\n<!-- \/ Yoast SEO plugin. -->","yoast_head_json":{"title":"[ Cyberpower ] &#129351; Ol5krthd No Break () 5000va\/5000w, Online, Entrada, 200-240 Vac \/ Salida 200-240 Vac, Convertible Torre\/rack, 2u, 2 \u00d7 Nema L6-20r, 2 X Nema L6-30r, Usb, Garant\u00eda 3 A\u00f1os Incluye Bater\u00eda.","description":"Compra Ol5krthd No Break () 5000va\/5000w, Online, Entrada, 200-240 Vac \/ Salida 200-240 Vac, Convertible Torre\/rack, 2u, 2 \u00d7 Nema L6-20r, 2 X Nema L6-30r, Usb, Garant\u00eda 3 A\u00f1os Incluye Bater\u00eda. + Env\u00edo a domicilio + Pago seguro + Garant\u00eda","robots":{"index":"index","follow":"follow","max-snippet":"max-snippet:-1","max-image-preview":"max-image-preview:large","max-video-preview":"max-video-preview:-1"},"canonical":"https:\/\/compuviper.mx\/tienda\/producto\/cyberpower-ol5krthd-no-break-5000va-5000w-online-entrada-200-240-vac-salida-200-240-vac-convertible-torre-rack-2u-2-nema-l6-20r-2-x-nema-l6-30r-usb-garanta-3-aos-incluye-batera\/","og_locale":"es_MX","og_type":"article","og_title":"[ Cyberpower ] &#129351; Ol5krthd No Break () 5000va\/5000w, Online, Entrada, 200-240 Vac \/ Salida 200-240 Vac, Convertible Torre\/rack, 2u, 2 \u00d7 Nema L6-20r, 2 X Nema L6-30r, Usb, Garant\u00eda 3 A\u00f1os Incluye Bater\u00eda.","og_description":"Compra Ol5krthd No Break () 5000va\/5000w, Online, Entrada, 200-240 Vac \/ Salida 200-240 Vac, Convertible Torre\/rack, 2u, 2 \u00d7 Nema L6-20r, 2 X Nema L6-30r, Usb, Garant\u00eda 3 A\u00f1os Incluye Bater\u00eda. + Env\u00edo a domicilio + Pago seguro + Garant\u00eda","og_url":"https:\/\/compuviper.mx\/tienda\/producto\/cyberpower-ol5krthd-no-break-5000va-5000w-online-entrada-200-240-vac-salida-200-240-vac-convertible-torre-rack-2u-2-nema-l6-20r-2-x-nema-l6-30r-usb-garanta-3-aos-incluye-batera\/","og_site_name":"Compuviper","article_publisher":"https:\/\/www.facebook.com\/compuviper","article_modified_time":"2026-04-07T06:25:18+00:00","og_image":[{"width":200,"height":200,"url":"https:\/\/compuviper.mx\/tienda\/wp-content\/uploads\/2023\/12\/No-break-cyberpower-ol5krthd-5000va5000w-online-entrada-200-240-vac-salida-200-240-vac-convertible-torrerack-2u-2-\u00d7-nema-l6-20r-2-x-nema-l6-30r-usb-garantia-3-anos-incluye-bateria.jpg","type":"image\/jpeg"}],"twitter_card":"summary_large_image","twitter_misc":{"Precio":"&#36;79,262 con IVA","Availability":"On backorder"},"schema":{"@context":"https:\/\/schema.org","@graph":[{"@type":"WebPage","@id":"https:\/\/compuviper.mx\/tienda\/producto\/cyberpower-ol5krthd-no-break-5000va-5000w-online-entrada-200-240-vac-salida-200-240-vac-convertible-torre-rack-2u-2-nema-l6-20r-2-x-nema-l6-30r-usb-garanta-3-aos-incluye-batera\/","url":"https:\/\/compuviper.mx\/tienda\/producto\/cyberpower-ol5krthd-no-break-5000va-5000w-online-entrada-200-240-vac-salida-200-240-vac-convertible-torre-rack-2u-2-nema-l6-20r-2-x-nema-l6-30r-usb-garanta-3-aos-incluye-batera\/","name":"[ Cyberpower ] &#129351; Ol5krthd No Break () 5000va\/5000w, Online, Entrada, 200-240 Vac \/ Salida 200-240 Vac, Convertible Torre\/rack, 2u, 2 \u00d7 Nema L6-20r, 2 X Nema L6-30r, Usb, Garant\u00eda 3 A\u00f1os Incluye Bater\u00eda.","isPartOf":{"@id":"https:\/\/compuviper.mx\/tienda\/#website"},"datePublished":"2026-04-07T06:25:17+00:00","dateModified":"2026-04-07T06:25:18+00:00","description":"Compra Ol5krthd No Break () 5000va\/5000w, Online, Entrada, 200-240 Vac \/ Salida 200-240 Vac, Convertible Torre\/rack, 2u, 2 \u00d7 Nema L6-20r, 2 X Nema L6-30r, Usb, Garant\u00eda 3 A\u00f1os Incluye Bater\u00eda. + Env\u00edo a domicilio + Pago seguro + Garant\u00eda","breadcrumb":{"@id":"https:\/\/compuviper.mx\/tienda\/producto\/cyberpower-ol5krthd-no-break-5000va-5000w-online-entrada-200-240-vac-salida-200-240-vac-convertible-torre-rack-2u-2-nema-l6-20r-2-x-nema-l6-30r-usb-garanta-3-aos-incluye-batera\/#breadcrumb"},"inLanguage":"es-MX","potentialAction":[{"@type":"ReadAction","target":["https:\/\/compuviper.mx\/tienda\/producto\/cyberpower-ol5krthd-no-break-5000va-5000w-online-entrada-200-240-vac-salida-200-240-vac-convertible-torre-rack-2u-2-nema-l6-20r-2-x-nema-l6-30r-usb-garanta-3-aos-incluye-batera\/"]}]},{"@type":"BreadcrumbList","@id":"https:\/\/compuviper.mx\/tienda\/producto\/cyberpower-ol5krthd-no-break-5000va-5000w-online-entrada-200-240-vac-salida-200-240-vac-convertible-torre-rack-2u-2-nema-l6-20r-2-x-nema-l6-30r-usb-garanta-3-aos-incluye-batera\/#breadcrumb","itemListElement":[{"@type":"ListItem","position":1,"name":"Inicio","item":"https:\/\/compuviper.mx\/tienda\/"},{"@type":"ListItem","position":2,"name":"Productos","item":"https:\/\/compuviper.mx\/tienda\/productos\/"},{"@type":"ListItem","position":3,"name":"Energia","item":"https:\/\/compuviper.mx\/tienda\/categoria-producto\/energia\/"},{"@type":"ListItem","position":4,"name":"No Break","item":"https:\/\/compuviper.mx\/tienda\/categoria-producto\/energia\/no-break\/"},{"@type":"ListItem","position":5,"name":"Cyberpower Ol5krthd No Break () 5000va\/5000w, Online, Entrada, 200-240 Vac \/ Salida 200-240 Vac, Convertible Torre\/rack, 2u, 2 ? Nema L6-20r, 2 X Nema L6-30r, Usb, Garant?a 3 A?os Incluye Bater?a."}]},{"@type":"WebSite","@id":"https:\/\/compuviper.mx\/tienda\/#website","url":"https:\/\/compuviper.mx\/tienda\/","name":"Compuviper","description":"Proveedor de Computadoras, Laptops, Servidores, Monitores, Puntos de Venta, Teclados,   Impresoras, T\u00f3ner, C\u00e1maras de Seguridad y m\u00e1s en tu tienda en l\u00ednea","publisher":{"@id":"https:\/\/compuviper.mx\/tienda\/#organization"},"potentialAction":[{"@type":"SearchAction","target":{"@type":"EntryPoint","urlTemplate":"https:\/\/compuviper.mx\/tienda\/?s={search_term_string}"},"query-input":"required name=search_term_string"}],"inLanguage":"es-MX"},{"@type":"Organization","@id":"https:\/\/compuviper.mx\/tienda\/#organization","name":"Compuviper","url":"https:\/\/compuviper.mx\/tienda\/","logo":{"@type":"ImageObject","inLanguage":"es-MX","@id":"https:\/\/compuviper.mx\/tienda\/#\/schema\/logo\/image\/","url":"https:\/\/compuviper.mx\/tienda\/wp-content\/uploads\/2021\/08\/Logo-Compuviper-10.png","contentUrl":"https:\/\/compuviper.mx\/tienda\/wp-content\/uploads\/2021\/08\/Logo-Compuviper-10.png","width":1000,"height":500,"caption":"Compuviper"},"image":{"@id":"https:\/\/compuviper.mx\/tienda\/#\/schema\/logo\/image\/"},"sameAs":["https:\/\/www.facebook.com\/compuviper","https:\/\/www.youtube.com\/channel\/UCf73dERp9Y3cfOq7q8BhLjA?view_as=subscriber"]}]},"product_brand":"CYBERPOWER","product_price_amount":"79262","product_price_currency":"MXN","og_availability":"backorder","product_availability":"available for order","product_retailer_item_id":"OL5KRTHD","product_condition":"new"},"_links":{"self":[{"href":"https:\/\/compuviper.mx\/tienda\/wp-json\/wp\/v2\/product\/217568"}],"collection":[{"href":"https:\/\/compuviper.mx\/tienda\/wp-json\/wp\/v2\/product"}],"about":[{"href":"https:\/\/compuviper.mx\/tienda\/wp-json\/wp\/v2\/types\/product"}],"replies":[{"embeddable":true,"href":"https:\/\/compuviper.mx\/tienda\/wp-json\/wp\/v2\/comments?post=217568"}],"wp:featuredmedia":[{"embeddable":true,"href":"https:\/\/compuviper.mx\/tienda\/wp-json\/wp\/v2\/media\/217569"}],"wp:attachment":[{"href":"https:\/\/compuviper.mx\/tienda\/wp-json\/wp\/v2\/media?parent=217568"}],"wp:term":[{"taxonomy":"product_cat","embeddable":true,"href":"https:\/\/compuviper.mx\/tienda\/wp-json\/wp\/v2\/product_cat?post=217568"},{"taxonomy":"product_tag","embeddable":true,"href":"https:\/\/compuviper.mx\/tienda\/wp-json\/wp\/v2\/product_tag?post=217568"}],"curies":[{"name":"wp","href":"https:\/\/api.w.org\/{rel}","templated":true}]}}