{"id":217564,"date":"2026-04-07T00:25:16","date_gmt":"2026-04-07T06:25:16","guid":{"rendered":"https:\/\/compuviper.mx\/tienda\/producto\/koblenz-9022-usb-r-no-break-900-va-450-w-sustituto-9011-10-contactos-5-respaldados-5-con-supresion-de-picos-hasta-76-min-con-una-aio-pantalla-lcd-3-aos-de-garanta-en-equipo-y-2-en-bateria\/"},"modified":"2026-04-07T00:25:16","modified_gmt":"2026-04-07T06:25:16","slug":"koblenz-9022-usb-r-no-break-900-va-450-w-sustituto-9011-10-contactos-5-respaldados-5-con-supresion-de-picos-hasta-76-min-con-una-aio-pantalla-lcd-3-aos-de-garanta-en-equipo-y-2-en-bateria","status":"publish","type":"product","link":"https:\/\/compuviper.mx\/tienda\/producto\/koblenz-9022-usb-r-no-break-900-va-450-w-sustituto-9011-10-contactos-5-respaldados-5-con-supresion-de-picos-hasta-76-min-con-una-aio-pantalla-lcd-3-aos-de-garanta-en-equipo-y-2-en-bateria\/","title":{"rendered":"Koblenz 9022 Usb\/r No Break   900 Va \/ 450 W Sustituto 9011 10 Contactos 5 Respaldados, 5 Con Supresion De Picos Hasta 76 Min Con Una Aio, Pantalla Lcd, 3 A?os De Garanta En Equipo Y 2 En Bateria"},"content":{"rendered":"<table class=\"descripcion\">\n<tr>\n<td>No break interactivo, onda cuasisenoidal, capacidad de 900 va \/ 450 w, 10 contactos: 5 respaldados, 5 con supresi\u00f3n de picos, hasta 76 minutos de respaldo con una aio, regulador por alta frecuencia, pantalla lcd con indicador de voltaje de entrada y salida, nivel de carga de la bater\u00eda, nivel de carga del no break, funcionamiento en modo normal, funcionamiento en modo bater\u00eda, puerto usb de comunicaci\u00f3n (incluye software y cable usb) bater\u00eda f\u00e1cilmente desmontable 12v \/ 9 ah, silenciador de alarma en modo bater\u00eda, garant\u00eda: 3 a\u00f1os en equipo, 2 en bater\u00eda.<\/td>\n<\/tr>\n<\/table>\n","protected":false},"excerpt":{"rendered":"<p>El mejor no break 9022-usb, 900 va \/ 450 w, 10 contactos, 5 respaldados y 5 con supresor de picos, hasta 76 min. Con aio. Pantalla lcd con indicadores de voltaje, nivel de carga de bateria, nivel de carga de no break, funcionamiento en modo normal, funcionamiento en modo bateria, puerto usb de comunicacion (incluye software y clable usb) bateria facilmente desmontable 12 v \/ 9 ah, silenciador de alarma modo bateria, garantia 3 a\u00f1os en el equipo y 2 en bateria.<\/p>\n","protected":false},"featured_media":217565,"comment_status":"open","ping_status":"open","template":"","meta":[],"product_cat":[1508,1691],"product_tag":[1577],"acf":[],"yoast_head":"<!-- This site is optimized with the Yoast SEO plugin v21.7 - https:\/\/yoast.com\/wordpress\/plugins\/seo\/ -->\n<title>[ Koblenz ] &#129351; 9022 Usb\/r No Break 900 Va \/ 450 W Sustituto 9011 10 Contactos 5 Respaldados, 5 Con Supresion De Picos Hasta 76 Min Con Una Aio, Pantalla Lcd, 3 A\u00f1os De Garanta En Equipo Y 2 En Bateria<\/title>\n<meta name=\"description\" content=\"Compra 9022 Usb\/r No Break 900 Va \/ 450 W Sustituto 9011 10 Contactos 5 Respaldados, 5 Con Supresion De Picos Hasta 76 Min Con Una Aio, Pantalla Lcd, 3 A\u00f1os De Garanta En Equipo Y 2 En Bateria + Env\u00edo a domicilio + Pago seguro + Garant\u00eda\" \/>\n<meta name=\"robots\" content=\"index, follow, max-snippet:-1, max-image-preview:large, max-video-preview:-1\" \/>\n<link rel=\"canonical\" href=\"https:\/\/compuviper.mx\/tienda\/producto\/koblenz-9022-usb-r-no-break-900-va-450-w-sustituto-9011-10-contactos-5-respaldados-5-con-supresion-de-picos-hasta-76-min-con-una-aio-pantalla-lcd-3-aos-de-garanta-en-equipo-y-2-en-bateria\/\" \/>\n<meta property=\"og:locale\" content=\"es_MX\" \/>\n<meta property=\"og:type\" content=\"article\" \/>\n<meta property=\"og:title\" content=\"[ Koblenz ] &#129351; 9022 Usb\/r No Break 900 Va \/ 450 W Sustituto 9011 10 Contactos 5 Respaldados, 5 Con Supresion De Picos Hasta 76 Min Con Una Aio, Pantalla Lcd, 3 A\u00f1os De Garanta En Equipo Y 2 En Bateria\" \/>\n<meta property=\"og:description\" content=\"Compra 9022 Usb\/r No Break 900 Va \/ 450 W Sustituto 9011 10 Contactos 5 Respaldados, 5 Con Supresion De Picos Hasta 76 Min Con Una Aio, Pantalla Lcd, 3 A\u00f1os De Garanta En Equipo Y 2 En Bateria + Env\u00edo a domicilio + Pago seguro + Garant\u00eda\" \/>\n<meta property=\"og:url\" content=\"https:\/\/compuviper.mx\/tienda\/producto\/koblenz-9022-usb-r-no-break-900-va-450-w-sustituto-9011-10-contactos-5-respaldados-5-con-supresion-de-picos-hasta-76-min-con-una-aio-pantalla-lcd-3-aos-de-garanta-en-equipo-y-2-en-bateria\/\" \/>\n<meta property=\"og:site_name\" content=\"Compuviper\" \/>\n<meta property=\"article:publisher\" content=\"https:\/\/www.facebook.com\/compuviper\" \/>\n<meta property=\"og:image\" content=\"https:\/\/compuviper.mx\/tienda\/wp-content\/uploads\/2023\/12\/No-break-koblenz-9022-usbr-900-va-450-w-sustituto-9011-10-contactos-5-respaldados-5-con-supresion-de-picos-hasta-76-min-con-una-aio-pantalla-lcd-3-anos-de-garantia-en-equipo-y-2-en-bateria.jpg\" \/>\n\t<meta property=\"og:image:width\" content=\"200\" \/>\n\t<meta property=\"og:image:height\" content=\"200\" \/>\n\t<meta property=\"og:image:type\" content=\"image\/jpeg\" \/>\n<meta name=\"twitter:card\" content=\"summary_large_image\" \/>\n<meta name=\"twitter:label1\" content=\"Precio\" \/>\n\t<meta name=\"twitter:data1\" content=\"&#36;1,724 &#36;1,655 con IVA\" \/>\n\t<meta name=\"twitter:label2\" content=\"Availability\" \/>\n\t<meta name=\"twitter:data2\" content=\"Out of stock\" \/>\n<script type=\"application\/ld+json\" class=\"yoast-schema-graph\">{\"@context\":\"https:\/\/schema.org\",\"@graph\":[{\"@type\":\"WebPage\",\"@id\":\"https:\/\/compuviper.mx\/tienda\/producto\/koblenz-9022-usb-r-no-break-900-va-450-w-sustituto-9011-10-contactos-5-respaldados-5-con-supresion-de-picos-hasta-76-min-con-una-aio-pantalla-lcd-3-aos-de-garanta-en-equipo-y-2-en-bateria\/\",\"url\":\"https:\/\/compuviper.mx\/tienda\/producto\/koblenz-9022-usb-r-no-break-900-va-450-w-sustituto-9011-10-contactos-5-respaldados-5-con-supresion-de-picos-hasta-76-min-con-una-aio-pantalla-lcd-3-aos-de-garanta-en-equipo-y-2-en-bateria\/\",\"name\":\"[ Koblenz ] &#129351; 9022 Usb\/r No Break 900 Va \/ 450 W Sustituto 9011 10 Contactos 5 Respaldados, 5 Con Supresion De Picos Hasta 76 Min Con Una Aio, Pantalla Lcd, 3 A\u00f1os De Garanta En Equipo Y 2 En Bateria\",\"isPartOf\":{\"@id\":\"https:\/\/compuviper.mx\/tienda\/#website\"},\"datePublished\":\"2026-04-07T06:25:16+00:00\",\"dateModified\":\"2026-04-07T06:25:16+00:00\",\"description\":\"Compra 9022 Usb\/r No Break 900 Va \/ 450 W Sustituto 9011 10 Contactos 5 Respaldados, 5 Con Supresion De Picos Hasta 76 Min Con Una Aio, Pantalla Lcd, 3 A\u00f1os De Garanta En Equipo Y 2 En Bateria + Env\u00edo a domicilio + Pago seguro + Garant\u00eda\",\"breadcrumb\":{\"@id\":\"https:\/\/compuviper.mx\/tienda\/producto\/koblenz-9022-usb-r-no-break-900-va-450-w-sustituto-9011-10-contactos-5-respaldados-5-con-supresion-de-picos-hasta-76-min-con-una-aio-pantalla-lcd-3-aos-de-garanta-en-equipo-y-2-en-bateria\/#breadcrumb\"},\"inLanguage\":\"es-MX\",\"potentialAction\":[{\"@type\":\"ReadAction\",\"target\":[\"https:\/\/compuviper.mx\/tienda\/producto\/koblenz-9022-usb-r-no-break-900-va-450-w-sustituto-9011-10-contactos-5-respaldados-5-con-supresion-de-picos-hasta-76-min-con-una-aio-pantalla-lcd-3-aos-de-garanta-en-equipo-y-2-en-bateria\/\"]}]},{\"@type\":\"BreadcrumbList\",\"@id\":\"https:\/\/compuviper.mx\/tienda\/producto\/koblenz-9022-usb-r-no-break-900-va-450-w-sustituto-9011-10-contactos-5-respaldados-5-con-supresion-de-picos-hasta-76-min-con-una-aio-pantalla-lcd-3-aos-de-garanta-en-equipo-y-2-en-bateria\/#breadcrumb\",\"itemListElement\":[{\"@type\":\"ListItem\",\"position\":1,\"name\":\"Inicio\",\"item\":\"https:\/\/compuviper.mx\/tienda\/\"},{\"@type\":\"ListItem\",\"position\":2,\"name\":\"Productos\",\"item\":\"https:\/\/compuviper.mx\/tienda\/productos\/\"},{\"@type\":\"ListItem\",\"position\":3,\"name\":\"Energia\",\"item\":\"https:\/\/compuviper.mx\/tienda\/categoria-producto\/energia\/\"},{\"@type\":\"ListItem\",\"position\":4,\"name\":\"No Break\",\"item\":\"https:\/\/compuviper.mx\/tienda\/categoria-producto\/energia\/no-break\/\"},{\"@type\":\"ListItem\",\"position\":5,\"name\":\"Koblenz 9022 Usb\/r No Break 900 Va \/ 450 W Sustituto 9011 10 Contactos 5 Respaldados, 5 Con Supresion De Picos Hasta 76 Min Con Una Aio, Pantalla Lcd, 3 A?os De Garanta En Equipo Y 2 En Bateria\"}]},{\"@type\":\"WebSite\",\"@id\":\"https:\/\/compuviper.mx\/tienda\/#website\",\"url\":\"https:\/\/compuviper.mx\/tienda\/\",\"name\":\"Compuviper\",\"description\":\"Proveedor de Computadoras, Laptops, Servidores, Monitores, Puntos de Venta, Teclados,   Impresoras, T\u00f3ner, C\u00e1maras de Seguridad y m\u00e1s en tu tienda en l\u00ednea\",\"publisher\":{\"@id\":\"https:\/\/compuviper.mx\/tienda\/#organization\"},\"potentialAction\":[{\"@type\":\"SearchAction\",\"target\":{\"@type\":\"EntryPoint\",\"urlTemplate\":\"https:\/\/compuviper.mx\/tienda\/?s={search_term_string}\"},\"query-input\":\"required name=search_term_string\"}],\"inLanguage\":\"es-MX\"},{\"@type\":\"Organization\",\"@id\":\"https:\/\/compuviper.mx\/tienda\/#organization\",\"name\":\"Compuviper\",\"url\":\"https:\/\/compuviper.mx\/tienda\/\",\"logo\":{\"@type\":\"ImageObject\",\"inLanguage\":\"es-MX\",\"@id\":\"https:\/\/compuviper.mx\/tienda\/#\/schema\/logo\/image\/\",\"url\":\"https:\/\/compuviper.mx\/tienda\/wp-content\/uploads\/2021\/08\/Logo-Compuviper-10.png\",\"contentUrl\":\"https:\/\/compuviper.mx\/tienda\/wp-content\/uploads\/2021\/08\/Logo-Compuviper-10.png\",\"width\":1000,\"height\":500,\"caption\":\"Compuviper\"},\"image\":{\"@id\":\"https:\/\/compuviper.mx\/tienda\/#\/schema\/logo\/image\/\"},\"sameAs\":[\"https:\/\/www.facebook.com\/compuviper\",\"https:\/\/www.youtube.com\/channel\/UCf73dERp9Y3cfOq7q8BhLjA?view_as=subscriber\"]}]}<\/script>\n<meta property=\"product:brand\" content=\"KOBLENZ\" \/>\n<meta property=\"product:price:amount\" content=\"1655\" \/>\n<meta property=\"product:price:currency\" content=\"MXN\" \/>\n<meta property=\"og:availability\" content=\"out of stock\" \/>\n<meta property=\"product:availability\" content=\"out of stock\" \/>\n<meta property=\"product:retailer_item_id\" content=\"9022 USB\/R\" \/>\n<meta property=\"product:condition\" content=\"new\" \/>\n<!-- \/ Yoast SEO plugin. -->","yoast_head_json":{"title":"[ Koblenz ] &#129351; 9022 Usb\/r No Break 900 Va \/ 450 W Sustituto 9011 10 Contactos 5 Respaldados, 5 Con Supresion De Picos Hasta 76 Min Con Una Aio, Pantalla Lcd, 3 A\u00f1os De Garanta En Equipo Y 2 En Bateria","description":"Compra 9022 Usb\/r No Break 900 Va \/ 450 W Sustituto 9011 10 Contactos 5 Respaldados, 5 Con Supresion De Picos Hasta 76 Min Con Una Aio, Pantalla Lcd, 3 A\u00f1os De Garanta En Equipo Y 2 En Bateria + Env\u00edo a domicilio + Pago seguro + Garant\u00eda","robots":{"index":"index","follow":"follow","max-snippet":"max-snippet:-1","max-image-preview":"max-image-preview:large","max-video-preview":"max-video-preview:-1"},"canonical":"https:\/\/compuviper.mx\/tienda\/producto\/koblenz-9022-usb-r-no-break-900-va-450-w-sustituto-9011-10-contactos-5-respaldados-5-con-supresion-de-picos-hasta-76-min-con-una-aio-pantalla-lcd-3-aos-de-garanta-en-equipo-y-2-en-bateria\/","og_locale":"es_MX","og_type":"article","og_title":"[ Koblenz ] &#129351; 9022 Usb\/r No Break 900 Va \/ 450 W Sustituto 9011 10 Contactos 5 Respaldados, 5 Con Supresion De Picos Hasta 76 Min Con Una Aio, Pantalla Lcd, 3 A\u00f1os De Garanta En Equipo Y 2 En Bateria","og_description":"Compra 9022 Usb\/r No Break 900 Va \/ 450 W Sustituto 9011 10 Contactos 5 Respaldados, 5 Con Supresion De Picos Hasta 76 Min Con Una Aio, Pantalla Lcd, 3 A\u00f1os De Garanta En Equipo Y 2 En Bateria + Env\u00edo a domicilio + Pago seguro + Garant\u00eda","og_url":"https:\/\/compuviper.mx\/tienda\/producto\/koblenz-9022-usb-r-no-break-900-va-450-w-sustituto-9011-10-contactos-5-respaldados-5-con-supresion-de-picos-hasta-76-min-con-una-aio-pantalla-lcd-3-aos-de-garanta-en-equipo-y-2-en-bateria\/","og_site_name":"Compuviper","article_publisher":"https:\/\/www.facebook.com\/compuviper","og_image":[{"width":200,"height":200,"url":"https:\/\/compuviper.mx\/tienda\/wp-content\/uploads\/2023\/12\/No-break-koblenz-9022-usbr-900-va-450-w-sustituto-9011-10-contactos-5-respaldados-5-con-supresion-de-picos-hasta-76-min-con-una-aio-pantalla-lcd-3-anos-de-garantia-en-equipo-y-2-en-bateria.jpg","type":"image\/jpeg"}],"twitter_card":"summary_large_image","twitter_misc":{"Precio":"&#36;1,724 &#36;1,655 con IVA","Availability":"Out of stock"},"schema":{"@context":"https:\/\/schema.org","@graph":[{"@type":"WebPage","@id":"https:\/\/compuviper.mx\/tienda\/producto\/koblenz-9022-usb-r-no-break-900-va-450-w-sustituto-9011-10-contactos-5-respaldados-5-con-supresion-de-picos-hasta-76-min-con-una-aio-pantalla-lcd-3-aos-de-garanta-en-equipo-y-2-en-bateria\/","url":"https:\/\/compuviper.mx\/tienda\/producto\/koblenz-9022-usb-r-no-break-900-va-450-w-sustituto-9011-10-contactos-5-respaldados-5-con-supresion-de-picos-hasta-76-min-con-una-aio-pantalla-lcd-3-aos-de-garanta-en-equipo-y-2-en-bateria\/","name":"[ Koblenz ] &#129351; 9022 Usb\/r No Break 900 Va \/ 450 W Sustituto 9011 10 Contactos 5 Respaldados, 5 Con Supresion De Picos Hasta 76 Min Con Una Aio, Pantalla Lcd, 3 A\u00f1os De Garanta En Equipo Y 2 En Bateria","isPartOf":{"@id":"https:\/\/compuviper.mx\/tienda\/#website"},"datePublished":"2026-04-07T06:25:16+00:00","dateModified":"2026-04-07T06:25:16+00:00","description":"Compra 9022 Usb\/r No Break 900 Va \/ 450 W Sustituto 9011 10 Contactos 5 Respaldados, 5 Con Supresion De Picos Hasta 76 Min Con Una Aio, Pantalla Lcd, 3 A\u00f1os De Garanta En Equipo Y 2 En Bateria + Env\u00edo a domicilio + Pago seguro + Garant\u00eda","breadcrumb":{"@id":"https:\/\/compuviper.mx\/tienda\/producto\/koblenz-9022-usb-r-no-break-900-va-450-w-sustituto-9011-10-contactos-5-respaldados-5-con-supresion-de-picos-hasta-76-min-con-una-aio-pantalla-lcd-3-aos-de-garanta-en-equipo-y-2-en-bateria\/#breadcrumb"},"inLanguage":"es-MX","potentialAction":[{"@type":"ReadAction","target":["https:\/\/compuviper.mx\/tienda\/producto\/koblenz-9022-usb-r-no-break-900-va-450-w-sustituto-9011-10-contactos-5-respaldados-5-con-supresion-de-picos-hasta-76-min-con-una-aio-pantalla-lcd-3-aos-de-garanta-en-equipo-y-2-en-bateria\/"]}]},{"@type":"BreadcrumbList","@id":"https:\/\/compuviper.mx\/tienda\/producto\/koblenz-9022-usb-r-no-break-900-va-450-w-sustituto-9011-10-contactos-5-respaldados-5-con-supresion-de-picos-hasta-76-min-con-una-aio-pantalla-lcd-3-aos-de-garanta-en-equipo-y-2-en-bateria\/#breadcrumb","itemListElement":[{"@type":"ListItem","position":1,"name":"Inicio","item":"https:\/\/compuviper.mx\/tienda\/"},{"@type":"ListItem","position":2,"name":"Productos","item":"https:\/\/compuviper.mx\/tienda\/productos\/"},{"@type":"ListItem","position":3,"name":"Energia","item":"https:\/\/compuviper.mx\/tienda\/categoria-producto\/energia\/"},{"@type":"ListItem","position":4,"name":"No Break","item":"https:\/\/compuviper.mx\/tienda\/categoria-producto\/energia\/no-break\/"},{"@type":"ListItem","position":5,"name":"Koblenz 9022 Usb\/r No Break 900 Va \/ 450 W Sustituto 9011 10 Contactos 5 Respaldados, 5 Con Supresion De Picos Hasta 76 Min Con Una Aio, Pantalla Lcd, 3 A?os De Garanta En Equipo Y 2 En Bateria"}]},{"@type":"WebSite","@id":"https:\/\/compuviper.mx\/tienda\/#website","url":"https:\/\/compuviper.mx\/tienda\/","name":"Compuviper","description":"Proveedor de Computadoras, Laptops, Servidores, Monitores, Puntos de Venta, Teclados,   Impresoras, T\u00f3ner, C\u00e1maras de Seguridad y m\u00e1s en tu tienda en l\u00ednea","publisher":{"@id":"https:\/\/compuviper.mx\/tienda\/#organization"},"potentialAction":[{"@type":"SearchAction","target":{"@type":"EntryPoint","urlTemplate":"https:\/\/compuviper.mx\/tienda\/?s={search_term_string}"},"query-input":"required name=search_term_string"}],"inLanguage":"es-MX"},{"@type":"Organization","@id":"https:\/\/compuviper.mx\/tienda\/#organization","name":"Compuviper","url":"https:\/\/compuviper.mx\/tienda\/","logo":{"@type":"ImageObject","inLanguage":"es-MX","@id":"https:\/\/compuviper.mx\/tienda\/#\/schema\/logo\/image\/","url":"https:\/\/compuviper.mx\/tienda\/wp-content\/uploads\/2021\/08\/Logo-Compuviper-10.png","contentUrl":"https:\/\/compuviper.mx\/tienda\/wp-content\/uploads\/2021\/08\/Logo-Compuviper-10.png","width":1000,"height":500,"caption":"Compuviper"},"image":{"@id":"https:\/\/compuviper.mx\/tienda\/#\/schema\/logo\/image\/"},"sameAs":["https:\/\/www.facebook.com\/compuviper","https:\/\/www.youtube.com\/channel\/UCf73dERp9Y3cfOq7q8BhLjA?view_as=subscriber"]}]},"product_brand":"KOBLENZ","product_price_amount":"1655","product_price_currency":"MXN","og_availability":"out of stock","product_availability":"out of stock","product_retailer_item_id":"9022 USB\/R","product_condition":"new"},"_links":{"self":[{"href":"https:\/\/compuviper.mx\/tienda\/wp-json\/wp\/v2\/product\/217564"}],"collection":[{"href":"https:\/\/compuviper.mx\/tienda\/wp-json\/wp\/v2\/product"}],"about":[{"href":"https:\/\/compuviper.mx\/tienda\/wp-json\/wp\/v2\/types\/product"}],"replies":[{"embeddable":true,"href":"https:\/\/compuviper.mx\/tienda\/wp-json\/wp\/v2\/comments?post=217564"}],"wp:featuredmedia":[{"embeddable":true,"href":"https:\/\/compuviper.mx\/tienda\/wp-json\/wp\/v2\/media\/217565"}],"wp:attachment":[{"href":"https:\/\/compuviper.mx\/tienda\/wp-json\/wp\/v2\/media?parent=217564"}],"wp:term":[{"taxonomy":"product_cat","embeddable":true,"href":"https:\/\/compuviper.mx\/tienda\/wp-json\/wp\/v2\/product_cat?post=217564"},{"taxonomy":"product_tag","embeddable":true,"href":"https:\/\/compuviper.mx\/tienda\/wp-json\/wp\/v2\/product_tag?post=217564"}],"curies":[{"name":"wp","href":"https:\/\/api.w.org\/{rel}","templated":true}]}}