{"id":217558,"date":"2026-04-02T00:26:49","date_gmt":"2026-04-02T06:26:49","guid":{"rendered":"https:\/\/compuviper.mx\/tienda\/producto\/cyberpower-cp1500pfclcda-no-break-1500-va-1000-w-interactivo-onda-senoidal-pura-pfc12-nema-5-15r-6-respaldo-y-6-supresintorre-garanta-3-aos-incluye-batera\/"},"modified":"2026-04-02T00:26:49","modified_gmt":"2026-04-02T06:26:49","slug":"cyberpower-cp1500pfclcda-no-break-1500-va-1000-w-interactivo-onda-senoidal-pura-pfc12-nema-5-15r-6-respaldo-y-6-supresintorre-garanta-3-aos-incluye-batera","status":"publish","type":"product","link":"https:\/\/compuviper.mx\/tienda\/producto\/cyberpower-cp1500pfclcda-no-break-1500-va-1000-w-interactivo-onda-senoidal-pura-pfc12-nema-5-15r-6-respaldo-y-6-supresintorre-garanta-3-aos-incluye-batera\/","title":{"rendered":"Cyberpower Cp1500pfclcda No Break  () 1500 Va \/1000 W, Interactivo, Onda Senoidal Pura (pfc),12 ? Nema 5-15r, (6 Respaldo Y 6 Supresi?n),torre, Garant?a 3 A?os Incluye Bater?a"},"content":{"rendered":"<table class=\"descripcion\">\n<tr>\n<td>General<\/td>\n<\/tr>\n<tr>\n<td>Compatible con pfc activo: si<\/td>\n<\/tr>\n<tr>\n<td>El ahorro de energ\u00eda: derivaci\u00f3n greenpower ups \u0099<\/td>\n<\/tr>\n<tr>\n<td>Certificado energy star: si<\/td>\n<\/tr>\n<tr>\n<td>Topolog\u00eda de ups: l\u00ednea interactiva<\/td>\n<\/tr>\n<tr>\n<td>Entrada<\/td>\n<\/tr>\n<tr>\n<td>Longitud del cable (pies) 5<\/td>\n<\/tr>\n<tr>\n<td>Rango de frecuencia 57-63 hz<\/td>\n<\/tr>\n<tr>\n<td>Rango de voltaje de entrada 88-144vac<\/td>\n<\/tr>\n<tr>\n<td>Voltaje de entrada nominal 120vac<\/td>\n<\/tr>\n<tr>\n<td>Estilo de enchufe \u00e1ngulo recto, desplazamiento a la derecha de 45 \u00b0<\/td>\n<\/tr>\n<tr>\n<td>Tipo de enchufe nema 5-15p<\/td>\n<\/tr>\n<tr>\n<td>Salida<\/td>\n<\/tr>\n<tr>\n<td>Regulaci\u00f3n autom\u00e1tica de voltaje s\u00ed &#8211; aumento \u00fanico (11,5%)<\/td>\n<\/tr>\n<tr>\n<td>En frecuencia de bater\u00eda 60 hz \u00b1 1%<\/td>\n<\/tr>\n<tr>\n<td>En voltaje de la bater\u00eda 120vac \u00b1 5%<\/td>\n<\/tr>\n<tr>\n<td>En forma de onda de la bater\u00eda onda sinusoidal<\/td>\n<\/tr>\n<tr>\n<td>Tipo de salida nema 5-15r<\/td>\n<\/tr>\n<tr>\n<td>Tomacorrientes: bater\u00eda y protecci\u00f3n contra sobretensiones 6<\/td>\n<\/tr>\n<tr>\n<td>Tomacorrientes: protegidos solo contra sobretensiones 6<\/td>\n<\/tr>\n<tr>\n<td>Puntos de venta &#8211; total 12<\/td>\n<\/tr>\n<tr>\n<td>Salidas &#8211; ampliamente espaciadas 2<\/td>\n<\/tr>\n<tr>\n<td>Protecci\u00f3n de sobrecarga limitaci\u00f3n de circuitos internos, disyuntor<\/td>\n<\/tr>\n<tr>\n<td>Tiempo de transferencia 4ms t\u00edpico<\/td>\n<\/tr>\n<tr>\n<td>Puertos de carga usb (1) tipo a + (1) tipo c @ 3.1a (compartido)<\/td>\n<\/tr>\n<tr>\n<td>Va: 1500<\/td>\n<\/tr>\n<tr>\n<td>Watts: 1000<\/td>\n<\/tr>\n<tr>\n<td>Bater\u00eda<\/td>\n<\/tr>\n<tr>\n<td>Cantidad de bater\u00eda 2<\/td>\n<\/tr>\n<tr>\n<td>Tama\u00f1o de la bater\u00eda 12v \/ 9ah<\/td>\n<\/tr>\n<tr>\n<td>Tipo de bater\u00eda \u00e1cido de plomo sellado<\/td>\n<\/tr>\n<tr>\n<td>Intercambiables en caliente si<\/td>\n<\/tr>\n<tr>\n<td>Cartucho de bater\u00eda de repuesto rb1290x2<\/td>\n<\/tr>\n<tr>\n<td>Cantidad de cartucho de bater\u00eda de repuesto 1<\/td>\n<\/tr>\n<tr>\n<td>Tiempo de ejecuci\u00f3n a plena carga (min) 2.5<\/td>\n<\/tr>\n<tr>\n<td>Tiempo de ejecuci\u00f3n a media carga (min) 10<\/td>\n<\/tr>\n<tr>\n<td>Tiempo de recarga t\u00edpico 8 horas<\/td>\n<\/tr>\n<tr>\n<td>Reemplazable por el usuario si<\/td>\n<\/tr>\n<tr>\n<td>Dimensiones<\/td>\n<\/tr>\n<tr>\n<td>Dimensiones f\u00edsicas &#8211; (wxhxd) (cm) 9,91 x 27,94 x 35,56 (cm)<\/td>\n<\/tr>\n<tr>\n<td>Dimensiones f\u00edsicas: (wxhxd) (pulg) 3.9 x 11.0 x 14.0 (pulgadas)<\/td>\n<\/tr>\n<tr>\n<td>Dimensiones f\u00edsicas &#8211; (wxhxd) (mm) 99 x 279 x 356 (mil\u00edmetro)<\/td>\n<\/tr>\n<tr>\n<td>Peso (kilogramo) 11.29<\/td>\n<\/tr>\n<tr>\n<td>Peso (libras) 24,9<\/td>\n<\/tr>\n<tr>\n<td>Dimensiones &#8211; env\u00edo<\/td>\n<\/tr>\n<tr>\n<td>Env\u00edo &#8211; peso (kg) 12.11<\/td>\n<\/tr>\n<tr>\n<td>Env\u00edo &#8211; peso (lb) 26,7<\/td>\n<\/tr>\n<tr>\n<td>Dimensiones de env\u00edo &#8211; (wxhxd) (cm) 18,54 x 38,61 x 44,45 (cm)<\/td>\n<\/tr>\n<tr>\n<td>Dimensiones de env\u00edo: (ancho x alto x prof.) (pulg.) 7,3 x 15,2 x 17,5 (pulgadas)<\/td>\n<\/tr>\n<tr>\n<td>Dimensiones de env\u00edo &#8211; (wxhxd) (mm) 185,42 x 386,08 x 444,5 (mm)<\/td>\n<\/tr>\n<tr>\n<td>Protecci\u00f3n contra sobretensiones y filtrado<\/td>\n<\/tr>\n<tr>\n<td>Filtraci\u00f3n emi \/ rfi si<\/td>\n<\/tr>\n<tr>\n<td>Protecci\u00f3n de red rj45 compatible con 10\/100\/1000 + poe<\/td>\n<\/tr>\n<tr>\n<td>Supresi\u00f3n de sobretensi\u00f3n (julios): 1445<\/td>\n<\/tr>\n<tr>\n<td>Gesti\u00f3n y comunicaciones<\/td>\n<\/tr>\n<tr>\n<td>Alarmas audibles con bater\u00eda, bater\u00eda baja, sobrecarga, falla<\/td>\n<\/tr>\n<tr>\n<td>Puerto de contacto seco si<\/td>\n<\/tr>\n<tr>\n<td>Puerto usb compatible con hid si<\/td>\n<\/tr>\n<tr>\n<td>Indicadores led encendido, falla de cableado<\/td>\n<\/tr>\n<tr>\n<td>Cable de gesti\u00f3n cable usb<\/td>\n<\/tr>\n<tr>\n<td>Panel lcd multifunci\u00f3n si<\/td>\n<\/tr>\n<tr>\n<td>Monitoreo remoto snmp \/ http s\u00ed, con rmcard205 opcional<\/td>\n<\/tr>\n<tr>\n<td>Software powerpanel\u00ae business<\/td>\n<\/tr>\n<tr>\n<td>F\u00edsico<\/td>\n<\/tr>\n<tr>\n<td>Color negro<\/td>\n<\/tr>\n<tr>\n<td>Factor de forma mini-torre<\/td>\n<\/tr>\n<tr>\n<td>Ambiental<\/td>\n<\/tr>\n<tr>\n<td>Elevaci\u00f3n operativa 0-10 000 pies (0-3 000 m)<\/td>\n<\/tr>\n<tr>\n<td>Humedad relativa de funcionamiento 0-95% (sin condensaci\u00f3n)<\/td>\n<\/tr>\n<tr>\n<td>Temperatura de funcionamiento 32 \u00b0 f a 104 \u00b0 f (0 \u00b0 c a 40 \u00b0 c)<\/td>\n<\/tr>\n<tr>\n<td>Certificaciones<\/td>\n<\/tr>\n<tr>\n<td>Ambiental rohs<\/td>\n<\/tr>\n<tr>\n<td>La seguridad ul1778, cul 107.3, fcc doc clase b<\/td>\n<\/tr>\n<tr>\n<td>Dimensiones<\/td>\n<\/tr>\n<tr>\n<td>Dimensiones f\u00edsicas &#8211; (wxhxd) (cm) 9,91 x 27,94 x 35,56 (cm)<\/td>\n<\/tr>\n<tr>\n<td>Dimensiones f\u00edsicas: (wxhxd) (pulg) 3.9 x 11.0 x 14.0 (pulgadas)<\/td>\n<\/tr>\n<tr>\n<td>Dimensiones f\u00edsicas &#8211; (wxhxd) (mm) 99 x 279 x 356 (mil\u00edmetro)<\/td>\n<\/tr>\n<tr>\n<td>Peso (kilogramo) 11.29<\/td>\n<\/tr>\n<tr>\n<td>Peso (libras) 24,9<\/td>\n<\/tr>\n<tr>\n<td>Dimensiones &#8211; env\u00edo<\/td>\n<\/tr>\n<tr>\n<td>Env\u00edo &#8211; peso (kg) 12.11<\/td>\n<\/tr>\n<tr>\n<td>Env\u00edo &#8211; peso (lb) 26,7<\/td>\n<\/tr>\n<tr>\n<td>Dimensiones de env\u00edo &#8211; (wxhxd) (cm) 18,54 x 38,61 x 44,45 (cm)<\/td>\n<\/tr>\n<tr>\n<td>Dimensiones de env\u00edo: (ancho x alto x prof.) (pulg.) 7,3 x 15,2 x 17,5 (pulgadas)<\/td>\n<\/tr>\n<tr>\n<td>Dimensiones de env\u00edo &#8211; (wxhxd) (mm) 185,42 x 386,08 x 444,5 (mm)<\/td>\n<\/tr>\n<tr>\n<td>Garant\u00eda<\/td>\n<\/tr>\n<tr>\n<td>La garant\u00eda del producto 3 a\u00f1os incluyendo batrias.<\/td>\n<\/tr>\n<\/table>\n","protected":false},"excerpt":{"rendered":"<p>Un ups de minitorre con topolog\u00eda interactiva en l\u00ednea, el cyberpower pfc sinewave cp1500pfclcd proporciona respaldo de bater\u00eda (usando salida de onda sinusoidal) y protecci\u00f3n contra sobretensiones para computadoras de escritorio, estaciones de trabajo, dispositivos de red y sistemas de entretenimiento en el hogar que requieren una fuente de alimentaci\u00f3n pfc activa. El cp1500pfclcd cuenta con un panel de control multifunci\u00f3n avanzado con una pantalla lcd en color para confirmar r\u00e1pidamente el estado y las alertas de un vistazo. La pantalla se inclina para facilitar la visualizaci\u00f3n cuando el sai se coloca en una posici\u00f3n baja, como debajo de un escritorio. Dos puertos de carga usb (uno tipo a y otro tipo c) alimentan dispositivos port\u00e1tiles como tel\u00e9fonos m\u00f3viles y tabletas, incluso durante un corte de energ\u00eda de la red p\u00fablica. El cp1500pfclcd utiliza regulaci\u00f3n autom\u00e1tica de voltaje (avr) para corregir fluctuaciones menores de energ\u00eda sin cambiar a bater\u00eda, lo que prolonga la vida \u00fatil de la bater\u00eda. Avr es esencial en \u00e1reas donde las fluctuaciones de energ\u00eda ocurren con frecuencia<\/p>\n","protected":false},"featured_media":217559,"comment_status":"open","ping_status":"open","template":"","meta":[],"product_cat":[1508,1691],"product_tag":[1692],"acf":[],"yoast_head":"<!-- This site is optimized with the Yoast SEO plugin v21.7 - https:\/\/yoast.com\/wordpress\/plugins\/seo\/ -->\n<title>[ Cyberpower ] &#129351; Cp1500pfclcda No Break () 1500 Va \/1000 W, Interactivo, Onda Senoidal Pura (pfc),12 \u00d7 Nema 5-15r, (6 Respaldo Y 6 Supresi\u00f3n),torre, Garant\u00eda 3 A\u00f1os Incluye Bater\u00eda<\/title>\n<meta name=\"description\" content=\"Compra Cp1500pfclcda No Break () 1500 Va \/1000 W, Interactivo, Onda Senoidal Pura (pfc),12 \u00d7 Nema 5-15r, (6 Respaldo Y 6 Supresi\u00f3n),torre, Garant\u00eda 3 A\u00f1os Incluye Bater\u00eda + Env\u00edo a domicilio + Pago seguro + Garant\u00eda\" \/>\n<meta name=\"robots\" content=\"index, follow, max-snippet:-1, max-image-preview:large, max-video-preview:-1\" \/>\n<link rel=\"canonical\" href=\"https:\/\/compuviper.mx\/tienda\/producto\/cyberpower-cp1500pfclcda-no-break-1500-va-1000-w-interactivo-onda-senoidal-pura-pfc12-nema-5-15r-6-respaldo-y-6-supresintorre-garanta-3-aos-incluye-batera\/\" \/>\n<meta property=\"og:locale\" content=\"es_MX\" \/>\n<meta property=\"og:type\" content=\"article\" \/>\n<meta property=\"og:title\" content=\"[ Cyberpower ] &#129351; Cp1500pfclcda No Break () 1500 Va \/1000 W, Interactivo, Onda Senoidal Pura (pfc),12 \u00d7 Nema 5-15r, (6 Respaldo Y 6 Supresi\u00f3n),torre, Garant\u00eda 3 A\u00f1os Incluye Bater\u00eda\" \/>\n<meta property=\"og:description\" content=\"Compra Cp1500pfclcda No Break () 1500 Va \/1000 W, Interactivo, Onda Senoidal Pura (pfc),12 \u00d7 Nema 5-15r, (6 Respaldo Y 6 Supresi\u00f3n),torre, Garant\u00eda 3 A\u00f1os Incluye Bater\u00eda + Env\u00edo a domicilio + Pago seguro + Garant\u00eda\" \/>\n<meta property=\"og:url\" content=\"https:\/\/compuviper.mx\/tienda\/producto\/cyberpower-cp1500pfclcda-no-break-1500-va-1000-w-interactivo-onda-senoidal-pura-pfc12-nema-5-15r-6-respaldo-y-6-supresintorre-garanta-3-aos-incluye-batera\/\" \/>\n<meta property=\"og:site_name\" content=\"Compuviper\" \/>\n<meta property=\"article:publisher\" content=\"https:\/\/www.facebook.com\/compuviper\" \/>\n<meta property=\"og:image\" content=\"https:\/\/compuviper.mx\/tienda\/wp-content\/uploads\/2023\/12\/No-break-cyberpower-cp1500pfclcda-1500-va-1000-w-interactivo-onda-senoidal-pura-pfc12-\u00d7-nema-5-15r-6-respaldo-y-6-supresiontorre-garantia-3-anos-incluye-bateria.jpg\" \/>\n\t<meta property=\"og:image:width\" content=\"200\" \/>\n\t<meta property=\"og:image:height\" content=\"200\" \/>\n\t<meta property=\"og:image:type\" content=\"image\/jpeg\" \/>\n<meta name=\"twitter:card\" content=\"summary_large_image\" \/>\n<meta name=\"twitter:label1\" content=\"Precio\" \/>\n\t<meta name=\"twitter:data1\" content=\"&#36;6,135 con IVA\" \/>\n\t<meta name=\"twitter:label2\" content=\"Availability\" \/>\n\t<meta name=\"twitter:data2\" content=\"In stock\" \/>\n<script type=\"application\/ld+json\" class=\"yoast-schema-graph\">{\"@context\":\"https:\/\/schema.org\",\"@graph\":[{\"@type\":\"WebPage\",\"@id\":\"https:\/\/compuviper.mx\/tienda\/producto\/cyberpower-cp1500pfclcda-no-break-1500-va-1000-w-interactivo-onda-senoidal-pura-pfc12-nema-5-15r-6-respaldo-y-6-supresintorre-garanta-3-aos-incluye-batera\/\",\"url\":\"https:\/\/compuviper.mx\/tienda\/producto\/cyberpower-cp1500pfclcda-no-break-1500-va-1000-w-interactivo-onda-senoidal-pura-pfc12-nema-5-15r-6-respaldo-y-6-supresintorre-garanta-3-aos-incluye-batera\/\",\"name\":\"[ Cyberpower ] &#129351; Cp1500pfclcda No Break () 1500 Va \/1000 W, Interactivo, Onda Senoidal Pura (pfc),12 \u00d7 Nema 5-15r, (6 Respaldo Y 6 Supresi\u00f3n),torre, Garant\u00eda 3 A\u00f1os Incluye Bater\u00eda\",\"isPartOf\":{\"@id\":\"https:\/\/compuviper.mx\/tienda\/#website\"},\"datePublished\":\"2026-04-02T06:26:49+00:00\",\"dateModified\":\"2026-04-02T06:26:49+00:00\",\"description\":\"Compra Cp1500pfclcda No Break () 1500 Va \/1000 W, Interactivo, Onda Senoidal Pura (pfc),12 \u00d7 Nema 5-15r, (6 Respaldo Y 6 Supresi\u00f3n),torre, Garant\u00eda 3 A\u00f1os Incluye Bater\u00eda + Env\u00edo a domicilio + Pago seguro + Garant\u00eda\",\"breadcrumb\":{\"@id\":\"https:\/\/compuviper.mx\/tienda\/producto\/cyberpower-cp1500pfclcda-no-break-1500-va-1000-w-interactivo-onda-senoidal-pura-pfc12-nema-5-15r-6-respaldo-y-6-supresintorre-garanta-3-aos-incluye-batera\/#breadcrumb\"},\"inLanguage\":\"es-MX\",\"potentialAction\":[{\"@type\":\"ReadAction\",\"target\":[\"https:\/\/compuviper.mx\/tienda\/producto\/cyberpower-cp1500pfclcda-no-break-1500-va-1000-w-interactivo-onda-senoidal-pura-pfc12-nema-5-15r-6-respaldo-y-6-supresintorre-garanta-3-aos-incluye-batera\/\"]}]},{\"@type\":\"BreadcrumbList\",\"@id\":\"https:\/\/compuviper.mx\/tienda\/producto\/cyberpower-cp1500pfclcda-no-break-1500-va-1000-w-interactivo-onda-senoidal-pura-pfc12-nema-5-15r-6-respaldo-y-6-supresintorre-garanta-3-aos-incluye-batera\/#breadcrumb\",\"itemListElement\":[{\"@type\":\"ListItem\",\"position\":1,\"name\":\"Inicio\",\"item\":\"https:\/\/compuviper.mx\/tienda\/\"},{\"@type\":\"ListItem\",\"position\":2,\"name\":\"Productos\",\"item\":\"https:\/\/compuviper.mx\/tienda\/productos\/\"},{\"@type\":\"ListItem\",\"position\":3,\"name\":\"Energia\",\"item\":\"https:\/\/compuviper.mx\/tienda\/categoria-producto\/energia\/\"},{\"@type\":\"ListItem\",\"position\":4,\"name\":\"No Break\",\"item\":\"https:\/\/compuviper.mx\/tienda\/categoria-producto\/energia\/no-break\/\"},{\"@type\":\"ListItem\",\"position\":5,\"name\":\"Cyberpower Cp1500pfclcda No Break () 1500 Va \/1000 W, Interactivo, Onda Senoidal Pura (pfc),12 ? Nema 5-15r, (6 Respaldo Y 6 Supresi?n),torre, Garant?a 3 A?os Incluye Bater?a\"}]},{\"@type\":\"WebSite\",\"@id\":\"https:\/\/compuviper.mx\/tienda\/#website\",\"url\":\"https:\/\/compuviper.mx\/tienda\/\",\"name\":\"Compuviper\",\"description\":\"Proveedor de Computadoras, Laptops, Servidores, Monitores, Puntos de Venta, Teclados,   Impresoras, T\u00f3ner, C\u00e1maras de Seguridad y m\u00e1s en tu tienda en l\u00ednea\",\"publisher\":{\"@id\":\"https:\/\/compuviper.mx\/tienda\/#organization\"},\"potentialAction\":[{\"@type\":\"SearchAction\",\"target\":{\"@type\":\"EntryPoint\",\"urlTemplate\":\"https:\/\/compuviper.mx\/tienda\/?s={search_term_string}\"},\"query-input\":\"required name=search_term_string\"}],\"inLanguage\":\"es-MX\"},{\"@type\":\"Organization\",\"@id\":\"https:\/\/compuviper.mx\/tienda\/#organization\",\"name\":\"Compuviper\",\"url\":\"https:\/\/compuviper.mx\/tienda\/\",\"logo\":{\"@type\":\"ImageObject\",\"inLanguage\":\"es-MX\",\"@id\":\"https:\/\/compuviper.mx\/tienda\/#\/schema\/logo\/image\/\",\"url\":\"https:\/\/compuviper.mx\/tienda\/wp-content\/uploads\/2021\/08\/Logo-Compuviper-10.png\",\"contentUrl\":\"https:\/\/compuviper.mx\/tienda\/wp-content\/uploads\/2021\/08\/Logo-Compuviper-10.png\",\"width\":1000,\"height\":500,\"caption\":\"Compuviper\"},\"image\":{\"@id\":\"https:\/\/compuviper.mx\/tienda\/#\/schema\/logo\/image\/\"},\"sameAs\":[\"https:\/\/www.facebook.com\/compuviper\",\"https:\/\/www.youtube.com\/channel\/UCf73dERp9Y3cfOq7q8BhLjA?view_as=subscriber\"]}]}<\/script>\n<meta property=\"product:brand\" content=\"CYBERPOWER\" \/>\n<meta property=\"product:price:amount\" content=\"6135\" \/>\n<meta property=\"product:price:currency\" content=\"MXN\" \/>\n<meta property=\"og:availability\" content=\"instock\" \/>\n<meta property=\"product:availability\" content=\"instock\" \/>\n<meta property=\"product:retailer_item_id\" content=\"CP1500PFCLCDA\" \/>\n<meta property=\"product:condition\" content=\"new\" \/>\n<!-- \/ Yoast SEO plugin. -->","yoast_head_json":{"title":"[ Cyberpower ] &#129351; Cp1500pfclcda No Break () 1500 Va \/1000 W, Interactivo, Onda Senoidal Pura (pfc),12 \u00d7 Nema 5-15r, (6 Respaldo Y 6 Supresi\u00f3n),torre, Garant\u00eda 3 A\u00f1os Incluye Bater\u00eda","description":"Compra Cp1500pfclcda No Break () 1500 Va \/1000 W, Interactivo, Onda Senoidal Pura (pfc),12 \u00d7 Nema 5-15r, (6 Respaldo Y 6 Supresi\u00f3n),torre, Garant\u00eda 3 A\u00f1os Incluye Bater\u00eda + Env\u00edo a domicilio + Pago seguro + Garant\u00eda","robots":{"index":"index","follow":"follow","max-snippet":"max-snippet:-1","max-image-preview":"max-image-preview:large","max-video-preview":"max-video-preview:-1"},"canonical":"https:\/\/compuviper.mx\/tienda\/producto\/cyberpower-cp1500pfclcda-no-break-1500-va-1000-w-interactivo-onda-senoidal-pura-pfc12-nema-5-15r-6-respaldo-y-6-supresintorre-garanta-3-aos-incluye-batera\/","og_locale":"es_MX","og_type":"article","og_title":"[ Cyberpower ] &#129351; Cp1500pfclcda No Break () 1500 Va \/1000 W, Interactivo, Onda Senoidal Pura (pfc),12 \u00d7 Nema 5-15r, (6 Respaldo Y 6 Supresi\u00f3n),torre, Garant\u00eda 3 A\u00f1os Incluye Bater\u00eda","og_description":"Compra Cp1500pfclcda No Break () 1500 Va \/1000 W, Interactivo, Onda Senoidal Pura (pfc),12 \u00d7 Nema 5-15r, (6 Respaldo Y 6 Supresi\u00f3n),torre, Garant\u00eda 3 A\u00f1os Incluye Bater\u00eda + Env\u00edo a domicilio + Pago seguro + Garant\u00eda","og_url":"https:\/\/compuviper.mx\/tienda\/producto\/cyberpower-cp1500pfclcda-no-break-1500-va-1000-w-interactivo-onda-senoidal-pura-pfc12-nema-5-15r-6-respaldo-y-6-supresintorre-garanta-3-aos-incluye-batera\/","og_site_name":"Compuviper","article_publisher":"https:\/\/www.facebook.com\/compuviper","og_image":[{"width":200,"height":200,"url":"https:\/\/compuviper.mx\/tienda\/wp-content\/uploads\/2023\/12\/No-break-cyberpower-cp1500pfclcda-1500-va-1000-w-interactivo-onda-senoidal-pura-pfc12-\u00d7-nema-5-15r-6-respaldo-y-6-supresiontorre-garantia-3-anos-incluye-bateria.jpg","type":"image\/jpeg"}],"twitter_card":"summary_large_image","twitter_misc":{"Precio":"&#36;6,135 con IVA","Availability":"In stock"},"schema":{"@context":"https:\/\/schema.org","@graph":[{"@type":"WebPage","@id":"https:\/\/compuviper.mx\/tienda\/producto\/cyberpower-cp1500pfclcda-no-break-1500-va-1000-w-interactivo-onda-senoidal-pura-pfc12-nema-5-15r-6-respaldo-y-6-supresintorre-garanta-3-aos-incluye-batera\/","url":"https:\/\/compuviper.mx\/tienda\/producto\/cyberpower-cp1500pfclcda-no-break-1500-va-1000-w-interactivo-onda-senoidal-pura-pfc12-nema-5-15r-6-respaldo-y-6-supresintorre-garanta-3-aos-incluye-batera\/","name":"[ Cyberpower ] &#129351; Cp1500pfclcda No Break () 1500 Va \/1000 W, Interactivo, Onda Senoidal Pura (pfc),12 \u00d7 Nema 5-15r, (6 Respaldo Y 6 Supresi\u00f3n),torre, Garant\u00eda 3 A\u00f1os Incluye Bater\u00eda","isPartOf":{"@id":"https:\/\/compuviper.mx\/tienda\/#website"},"datePublished":"2026-04-02T06:26:49+00:00","dateModified":"2026-04-02T06:26:49+00:00","description":"Compra Cp1500pfclcda No Break () 1500 Va \/1000 W, Interactivo, Onda Senoidal Pura (pfc),12 \u00d7 Nema 5-15r, (6 Respaldo Y 6 Supresi\u00f3n),torre, Garant\u00eda 3 A\u00f1os Incluye Bater\u00eda + Env\u00edo a domicilio + Pago seguro + Garant\u00eda","breadcrumb":{"@id":"https:\/\/compuviper.mx\/tienda\/producto\/cyberpower-cp1500pfclcda-no-break-1500-va-1000-w-interactivo-onda-senoidal-pura-pfc12-nema-5-15r-6-respaldo-y-6-supresintorre-garanta-3-aos-incluye-batera\/#breadcrumb"},"inLanguage":"es-MX","potentialAction":[{"@type":"ReadAction","target":["https:\/\/compuviper.mx\/tienda\/producto\/cyberpower-cp1500pfclcda-no-break-1500-va-1000-w-interactivo-onda-senoidal-pura-pfc12-nema-5-15r-6-respaldo-y-6-supresintorre-garanta-3-aos-incluye-batera\/"]}]},{"@type":"BreadcrumbList","@id":"https:\/\/compuviper.mx\/tienda\/producto\/cyberpower-cp1500pfclcda-no-break-1500-va-1000-w-interactivo-onda-senoidal-pura-pfc12-nema-5-15r-6-respaldo-y-6-supresintorre-garanta-3-aos-incluye-batera\/#breadcrumb","itemListElement":[{"@type":"ListItem","position":1,"name":"Inicio","item":"https:\/\/compuviper.mx\/tienda\/"},{"@type":"ListItem","position":2,"name":"Productos","item":"https:\/\/compuviper.mx\/tienda\/productos\/"},{"@type":"ListItem","position":3,"name":"Energia","item":"https:\/\/compuviper.mx\/tienda\/categoria-producto\/energia\/"},{"@type":"ListItem","position":4,"name":"No Break","item":"https:\/\/compuviper.mx\/tienda\/categoria-producto\/energia\/no-break\/"},{"@type":"ListItem","position":5,"name":"Cyberpower Cp1500pfclcda No Break () 1500 Va \/1000 W, Interactivo, Onda Senoidal Pura (pfc),12 ? Nema 5-15r, (6 Respaldo Y 6 Supresi?n),torre, Garant?a 3 A?os Incluye Bater?a"}]},{"@type":"WebSite","@id":"https:\/\/compuviper.mx\/tienda\/#website","url":"https:\/\/compuviper.mx\/tienda\/","name":"Compuviper","description":"Proveedor de Computadoras, Laptops, Servidores, Monitores, Puntos de Venta, Teclados,   Impresoras, T\u00f3ner, C\u00e1maras de Seguridad y m\u00e1s en tu tienda en l\u00ednea","publisher":{"@id":"https:\/\/compuviper.mx\/tienda\/#organization"},"potentialAction":[{"@type":"SearchAction","target":{"@type":"EntryPoint","urlTemplate":"https:\/\/compuviper.mx\/tienda\/?s={search_term_string}"},"query-input":"required name=search_term_string"}],"inLanguage":"es-MX"},{"@type":"Organization","@id":"https:\/\/compuviper.mx\/tienda\/#organization","name":"Compuviper","url":"https:\/\/compuviper.mx\/tienda\/","logo":{"@type":"ImageObject","inLanguage":"es-MX","@id":"https:\/\/compuviper.mx\/tienda\/#\/schema\/logo\/image\/","url":"https:\/\/compuviper.mx\/tienda\/wp-content\/uploads\/2021\/08\/Logo-Compuviper-10.png","contentUrl":"https:\/\/compuviper.mx\/tienda\/wp-content\/uploads\/2021\/08\/Logo-Compuviper-10.png","width":1000,"height":500,"caption":"Compuviper"},"image":{"@id":"https:\/\/compuviper.mx\/tienda\/#\/schema\/logo\/image\/"},"sameAs":["https:\/\/www.facebook.com\/compuviper","https:\/\/www.youtube.com\/channel\/UCf73dERp9Y3cfOq7q8BhLjA?view_as=subscriber"]}]},"product_brand":"CYBERPOWER","product_price_amount":"6135","product_price_currency":"MXN","og_availability":"instock","product_availability":"instock","product_retailer_item_id":"CP1500PFCLCDA","product_condition":"new"},"_links":{"self":[{"href":"https:\/\/compuviper.mx\/tienda\/wp-json\/wp\/v2\/product\/217558"}],"collection":[{"href":"https:\/\/compuviper.mx\/tienda\/wp-json\/wp\/v2\/product"}],"about":[{"href":"https:\/\/compuviper.mx\/tienda\/wp-json\/wp\/v2\/types\/product"}],"replies":[{"embeddable":true,"href":"https:\/\/compuviper.mx\/tienda\/wp-json\/wp\/v2\/comments?post=217558"}],"wp:featuredmedia":[{"embeddable":true,"href":"https:\/\/compuviper.mx\/tienda\/wp-json\/wp\/v2\/media\/217559"}],"wp:attachment":[{"href":"https:\/\/compuviper.mx\/tienda\/wp-json\/wp\/v2\/media?parent=217558"}],"wp:term":[{"taxonomy":"product_cat","embeddable":true,"href":"https:\/\/compuviper.mx\/tienda\/wp-json\/wp\/v2\/product_cat?post=217558"},{"taxonomy":"product_tag","embeddable":true,"href":"https:\/\/compuviper.mx\/tienda\/wp-json\/wp\/v2\/product_tag?post=217558"}],"curies":[{"name":"wp","href":"https:\/\/api.w.org\/{rel}","templated":true}]}}