{"id":217554,"date":"2026-04-07T00:25:13","date_gmt":"2026-04-07T06:25:13","guid":{"rendered":"https:\/\/compuviper.mx\/tienda\/producto\/cdp-upo33-20pf365-kit-upo33-20pf365-20-18-kw-onda-sinusoidal-generada-por-inverso-bajo-lgica-de-modulacin-pwm-a-alta-frecuencia-trifasica-5-hilos-3-fases-neutrotierra\/"},"modified":"2026-04-07T00:25:14","modified_gmt":"2026-04-07T06:25:14","slug":"cdp-upo33-20pf365-kit-ups-trifasico-20kva-20000va-18000wcon-trasformador-de-aislamiento","status":"publish","type":"product","link":"https:\/\/compuviper.mx\/tienda\/producto\/cdp-upo33-20pf365-kit-ups-trifasico-20kva-20000va-18000wcon-trasformador-de-aislamiento\/","title":{"rendered":"Cdp Upo33-20pf365 Kit Ups Trifasico 20kva, 20000va\/18000w,con Trasformador De Aislamiento"},"content":{"rendered":"<table class=\"descripcion\">\n<tr>\n<td>Eficiencia ac \/ dc mayor al 92%<\/td>\n<\/tr>\n<tr>\n<td>Eficiencia modo eco mayor al 97%<\/td>\n<\/tr>\n<tr>\n<td>Tranferencia oms sin corte<\/td>\n<\/tr>\n<tr>\n<td>Tecnologia de dise\u00f1o  true on line (doble conversion) con inversor basado en igbt\u00a8\u00b4s<\/td>\n<\/tr>\n<tr>\n<td>Entrada<\/td>\n<\/tr>\n<tr>\n<td>Voltaje 208 linea a linea +\/-25 % (480 u otros voltajes por solicitud)<\/td>\n<\/tr>\n<tr>\n<td>Conexion trifasica 5 hilos (3 fases + neutro + tierra)<\/td>\n<\/tr>\n<tr>\n<td>Frecuencia 60hz +\/-10%<\/td>\n<\/tr>\n<tr>\n<td>Salida<\/td>\n<\/tr>\n<tr>\n<td>Voltaje 208 linea a linea +\/- 1% con carga balanceada ajustable (480 u otros voltajes por solicitud)<\/td>\n<\/tr>\n<tr>\n<td>Frecuencia 60 hz+\/-0,10%<\/td>\n<\/tr>\n<tr>\n<td>Tipo de onda onsa sinusoidal generada por inverso bajo logica de modulacion pwm a alta frecuencia.<\/td>\n<\/tr>\n<tr>\n<td>Conexion  trifasica 5 hilos (3 fases+neutro+tierra)<\/td>\n<\/tr>\n<tr>\n<td>Distorsion armonica de voltaje thd  2% para carga lineal  5% para carga no lineal<\/td>\n<\/tr>\n<tr>\n<td>Factor de cresta 3:1<\/td>\n<\/tr>\n<tr>\n<td>Factor de potencia 0,9*<\/td>\n<\/tr>\n<tr>\n<td>Recuperacion de sobrecarga  autotransferencia a ups<\/td>\n<\/tr>\n<tr>\n<td>Inversor igbt<\/td>\n<\/tr>\n<tr>\n<td>Transformador de aislamiento  inversor<\/td>\n<\/tr>\n<tr>\n<td>Regulacion de voltaje  +\/-1% para carga balanceada y +\/5% para carga desbalanceada<\/td>\n<\/tr>\n<tr>\n<td>Capacidad de sobrecarga 125% por 12 minutos 150 % por minuto<\/td>\n<\/tr>\n<\/table>\n","protected":false},"excerpt":{"rendered":"<p>El sistema upo33 pf 365, esta compuesto por un software de avanzada tecnolog\u00eda que efect\u00faa una compilaci\u00f3n hist\u00f3rica que almacena las ultimas 400 alarmas sucedidas al ups con la hora y fecha de ocurrencia (exactitud cercana a una cent\u00e9sima de segundo). Adicional mente, con cada alarma, el ups guarda informaci\u00f3n complementaria que ayuda en las labores de diagnostico de problemas. Indicadores \/protecciones por software. Sobrecarga critica. Ventiladores. Autodiagnostico. Sobrevoltaje dc. Fusible bypass fase a,b o c. Fallas de paralelaje. Fallas scr bypass. Falla secuencia bypass. Bypass intolerable. Ups en bypass. Frecuencia byp (alta o baja. Bypass fuera de ul. Baterias en descarga. Cargador encendido. Bateria agotada. Revisar baterias. Alerta bateria baja. Temperatura  trafos. Temperatura igbts. Temperatura scrs. Upo pf 365 recopila alrededor de 230,000 datos por segundo<\/p>\n","protected":false},"featured_media":217555,"comment_status":"open","ping_status":"open","template":"","meta":[],"product_cat":[1508,1691],"product_tag":[1693],"acf":[],"yoast_head":"<!-- This site is optimized with the Yoast SEO plugin v21.7 - https:\/\/yoast.com\/wordpress\/plugins\/seo\/ -->\n<title>[ Cdp ] &#129351; Upo33-20pf365 Kit Ups Trifasico 20kva, 20000va\/18000w,con Trasformador De Aislamiento<\/title>\n<meta name=\"description\" content=\"Compra Upo33-20pf365 Kit Ups Trifasico 20kva, 20000va\/18000w,con Trasformador De Aislamiento + Env\u00edo a domicilio + Pago seguro + Garant\u00eda\" \/>\n<meta name=\"robots\" content=\"index, follow, max-snippet:-1, max-image-preview:large, max-video-preview:-1\" \/>\n<link rel=\"canonical\" href=\"https:\/\/compuviper.mx\/tienda\/producto\/cdp-upo33-20pf365-kit-ups-trifasico-20kva-20000va-18000wcon-trasformador-de-aislamiento\/\" \/>\n<meta property=\"og:locale\" content=\"es_MX\" \/>\n<meta property=\"og:type\" content=\"article\" \/>\n<meta property=\"og:title\" content=\"[ Cdp ] &#129351; Upo33-20pf365 Kit Ups Trifasico 20kva, 20000va\/18000w,con Trasformador De Aislamiento\" \/>\n<meta property=\"og:description\" content=\"Compra Upo33-20pf365 Kit Ups Trifasico 20kva, 20000va\/18000w,con Trasformador De Aislamiento + Env\u00edo a domicilio + Pago seguro + Garant\u00eda\" \/>\n<meta property=\"og:url\" content=\"https:\/\/compuviper.mx\/tienda\/producto\/cdp-upo33-20pf365-kit-ups-trifasico-20kva-20000va-18000wcon-trasformador-de-aislamiento\/\" \/>\n<meta property=\"og:site_name\" content=\"Compuviper\" \/>\n<meta property=\"article:publisher\" content=\"https:\/\/www.facebook.com\/compuviper\" \/>\n<meta property=\"article:modified_time\" content=\"2026-04-07T06:25:14+00:00\" \/>\n<meta property=\"og:image\" content=\"https:\/\/compuviper.mx\/tienda\/wp-content\/uploads\/2023\/12\/Upo33-20pf365-2018-kw-onda-sinusoidal-generada-por-inverso-bajo-logica-de-modulacion-pwm-a-alta-frecuencia.-trifasica-5-hilos-3-fases-neutrotierra.jpg\" \/>\n\t<meta property=\"og:image:width\" content=\"200\" \/>\n\t<meta property=\"og:image:height\" content=\"200\" \/>\n\t<meta property=\"og:image:type\" content=\"image\/jpeg\" \/>\n<meta name=\"twitter:card\" content=\"summary_large_image\" \/>\n<meta name=\"twitter:label1\" content=\"Precio\" \/>\n\t<meta name=\"twitter:data1\" content=\"&#36;168,747 con IVA\" \/>\n\t<meta name=\"twitter:label2\" content=\"Availability\" \/>\n\t<meta name=\"twitter:data2\" content=\"On backorder\" \/>\n<script type=\"application\/ld+json\" class=\"yoast-schema-graph\">{\"@context\":\"https:\/\/schema.org\",\"@graph\":[{\"@type\":\"WebPage\",\"@id\":\"https:\/\/compuviper.mx\/tienda\/producto\/cdp-upo33-20pf365-kit-ups-trifasico-20kva-20000va-18000wcon-trasformador-de-aislamiento\/\",\"url\":\"https:\/\/compuviper.mx\/tienda\/producto\/cdp-upo33-20pf365-kit-ups-trifasico-20kva-20000va-18000wcon-trasformador-de-aislamiento\/\",\"name\":\"[ Cdp ] &#129351; Upo33-20pf365 Kit Ups Trifasico 20kva, 20000va\/18000w,con Trasformador De Aislamiento\",\"isPartOf\":{\"@id\":\"https:\/\/compuviper.mx\/tienda\/#website\"},\"datePublished\":\"2026-04-07T06:25:13+00:00\",\"dateModified\":\"2026-04-07T06:25:14+00:00\",\"description\":\"Compra Upo33-20pf365 Kit Ups Trifasico 20kva, 20000va\/18000w,con Trasformador De Aislamiento + Env\u00edo a domicilio + Pago seguro + Garant\u00eda\",\"breadcrumb\":{\"@id\":\"https:\/\/compuviper.mx\/tienda\/producto\/cdp-upo33-20pf365-kit-ups-trifasico-20kva-20000va-18000wcon-trasformador-de-aislamiento\/#breadcrumb\"},\"inLanguage\":\"es-MX\",\"potentialAction\":[{\"@type\":\"ReadAction\",\"target\":[\"https:\/\/compuviper.mx\/tienda\/producto\/cdp-upo33-20pf365-kit-ups-trifasico-20kva-20000va-18000wcon-trasformador-de-aislamiento\/\"]}]},{\"@type\":\"BreadcrumbList\",\"@id\":\"https:\/\/compuviper.mx\/tienda\/producto\/cdp-upo33-20pf365-kit-ups-trifasico-20kva-20000va-18000wcon-trasformador-de-aislamiento\/#breadcrumb\",\"itemListElement\":[{\"@type\":\"ListItem\",\"position\":1,\"name\":\"Inicio\",\"item\":\"https:\/\/compuviper.mx\/tienda\/\"},{\"@type\":\"ListItem\",\"position\":2,\"name\":\"Productos\",\"item\":\"https:\/\/compuviper.mx\/tienda\/productos\/\"},{\"@type\":\"ListItem\",\"position\":3,\"name\":\"Energia\",\"item\":\"https:\/\/compuviper.mx\/tienda\/categoria-producto\/energia\/\"},{\"@type\":\"ListItem\",\"position\":4,\"name\":\"No Break\",\"item\":\"https:\/\/compuviper.mx\/tienda\/categoria-producto\/energia\/no-break\/\"},{\"@type\":\"ListItem\",\"position\":5,\"name\":\"Cdp Upo33-20pf365 Kit Ups Trifasico 20kva, 20000va\/18000w,con Trasformador De Aislamiento\"}]},{\"@type\":\"WebSite\",\"@id\":\"https:\/\/compuviper.mx\/tienda\/#website\",\"url\":\"https:\/\/compuviper.mx\/tienda\/\",\"name\":\"Compuviper\",\"description\":\"Proveedor de Computadoras, Laptops, Servidores, Monitores, Puntos de Venta, Teclados,   Impresoras, T\u00f3ner, C\u00e1maras de Seguridad y m\u00e1s en tu tienda en l\u00ednea\",\"publisher\":{\"@id\":\"https:\/\/compuviper.mx\/tienda\/#organization\"},\"potentialAction\":[{\"@type\":\"SearchAction\",\"target\":{\"@type\":\"EntryPoint\",\"urlTemplate\":\"https:\/\/compuviper.mx\/tienda\/?s={search_term_string}\"},\"query-input\":\"required name=search_term_string\"}],\"inLanguage\":\"es-MX\"},{\"@type\":\"Organization\",\"@id\":\"https:\/\/compuviper.mx\/tienda\/#organization\",\"name\":\"Compuviper\",\"url\":\"https:\/\/compuviper.mx\/tienda\/\",\"logo\":{\"@type\":\"ImageObject\",\"inLanguage\":\"es-MX\",\"@id\":\"https:\/\/compuviper.mx\/tienda\/#\/schema\/logo\/image\/\",\"url\":\"https:\/\/compuviper.mx\/tienda\/wp-content\/uploads\/2021\/08\/Logo-Compuviper-10.png\",\"contentUrl\":\"https:\/\/compuviper.mx\/tienda\/wp-content\/uploads\/2021\/08\/Logo-Compuviper-10.png\",\"width\":1000,\"height\":500,\"caption\":\"Compuviper\"},\"image\":{\"@id\":\"https:\/\/compuviper.mx\/tienda\/#\/schema\/logo\/image\/\"},\"sameAs\":[\"https:\/\/www.facebook.com\/compuviper\",\"https:\/\/www.youtube.com\/channel\/UCf73dERp9Y3cfOq7q8BhLjA?view_as=subscriber\"]}]}<\/script>\n<meta property=\"product:brand\" content=\"CDP\" \/>\n<meta property=\"product:price:amount\" content=\"168747\" \/>\n<meta property=\"product:price:currency\" content=\"MXN\" \/>\n<meta property=\"og:availability\" content=\"backorder\" \/>\n<meta property=\"product:availability\" content=\"available for order\" \/>\n<meta property=\"product:retailer_item_id\" content=\"UPO33-20PF365 KIT\" \/>\n<meta property=\"product:condition\" content=\"new\" \/>\n<!-- \/ Yoast SEO plugin. -->","yoast_head_json":{"title":"[ Cdp ] &#129351; Upo33-20pf365 Kit Ups Trifasico 20kva, 20000va\/18000w,con Trasformador De Aislamiento","description":"Compra Upo33-20pf365 Kit Ups Trifasico 20kva, 20000va\/18000w,con Trasformador De Aislamiento + Env\u00edo a domicilio + Pago seguro + Garant\u00eda","robots":{"index":"index","follow":"follow","max-snippet":"max-snippet:-1","max-image-preview":"max-image-preview:large","max-video-preview":"max-video-preview:-1"},"canonical":"https:\/\/compuviper.mx\/tienda\/producto\/cdp-upo33-20pf365-kit-ups-trifasico-20kva-20000va-18000wcon-trasformador-de-aislamiento\/","og_locale":"es_MX","og_type":"article","og_title":"[ Cdp ] &#129351; Upo33-20pf365 Kit Ups Trifasico 20kva, 20000va\/18000w,con Trasformador De Aislamiento","og_description":"Compra Upo33-20pf365 Kit Ups Trifasico 20kva, 20000va\/18000w,con Trasformador De Aislamiento + Env\u00edo a domicilio + Pago seguro + Garant\u00eda","og_url":"https:\/\/compuviper.mx\/tienda\/producto\/cdp-upo33-20pf365-kit-ups-trifasico-20kva-20000va-18000wcon-trasformador-de-aislamiento\/","og_site_name":"Compuviper","article_publisher":"https:\/\/www.facebook.com\/compuviper","article_modified_time":"2026-04-07T06:25:14+00:00","og_image":[{"width":200,"height":200,"url":"https:\/\/compuviper.mx\/tienda\/wp-content\/uploads\/2023\/12\/Upo33-20pf365-2018-kw-onda-sinusoidal-generada-por-inverso-bajo-logica-de-modulacion-pwm-a-alta-frecuencia.-trifasica-5-hilos-3-fases-neutrotierra.jpg","type":"image\/jpeg"}],"twitter_card":"summary_large_image","twitter_misc":{"Precio":"&#36;168,747 con IVA","Availability":"On backorder"},"schema":{"@context":"https:\/\/schema.org","@graph":[{"@type":"WebPage","@id":"https:\/\/compuviper.mx\/tienda\/producto\/cdp-upo33-20pf365-kit-ups-trifasico-20kva-20000va-18000wcon-trasformador-de-aislamiento\/","url":"https:\/\/compuviper.mx\/tienda\/producto\/cdp-upo33-20pf365-kit-ups-trifasico-20kva-20000va-18000wcon-trasformador-de-aislamiento\/","name":"[ Cdp ] &#129351; Upo33-20pf365 Kit Ups Trifasico 20kva, 20000va\/18000w,con Trasformador De Aislamiento","isPartOf":{"@id":"https:\/\/compuviper.mx\/tienda\/#website"},"datePublished":"2026-04-07T06:25:13+00:00","dateModified":"2026-04-07T06:25:14+00:00","description":"Compra Upo33-20pf365 Kit Ups Trifasico 20kva, 20000va\/18000w,con Trasformador De Aislamiento + Env\u00edo a domicilio + Pago seguro + Garant\u00eda","breadcrumb":{"@id":"https:\/\/compuviper.mx\/tienda\/producto\/cdp-upo33-20pf365-kit-ups-trifasico-20kva-20000va-18000wcon-trasformador-de-aislamiento\/#breadcrumb"},"inLanguage":"es-MX","potentialAction":[{"@type":"ReadAction","target":["https:\/\/compuviper.mx\/tienda\/producto\/cdp-upo33-20pf365-kit-ups-trifasico-20kva-20000va-18000wcon-trasformador-de-aislamiento\/"]}]},{"@type":"BreadcrumbList","@id":"https:\/\/compuviper.mx\/tienda\/producto\/cdp-upo33-20pf365-kit-ups-trifasico-20kva-20000va-18000wcon-trasformador-de-aislamiento\/#breadcrumb","itemListElement":[{"@type":"ListItem","position":1,"name":"Inicio","item":"https:\/\/compuviper.mx\/tienda\/"},{"@type":"ListItem","position":2,"name":"Productos","item":"https:\/\/compuviper.mx\/tienda\/productos\/"},{"@type":"ListItem","position":3,"name":"Energia","item":"https:\/\/compuviper.mx\/tienda\/categoria-producto\/energia\/"},{"@type":"ListItem","position":4,"name":"No Break","item":"https:\/\/compuviper.mx\/tienda\/categoria-producto\/energia\/no-break\/"},{"@type":"ListItem","position":5,"name":"Cdp Upo33-20pf365 Kit Ups Trifasico 20kva, 20000va\/18000w,con Trasformador De Aislamiento"}]},{"@type":"WebSite","@id":"https:\/\/compuviper.mx\/tienda\/#website","url":"https:\/\/compuviper.mx\/tienda\/","name":"Compuviper","description":"Proveedor de Computadoras, Laptops, Servidores, Monitores, Puntos de Venta, Teclados,   Impresoras, T\u00f3ner, C\u00e1maras de Seguridad y m\u00e1s en tu tienda en l\u00ednea","publisher":{"@id":"https:\/\/compuviper.mx\/tienda\/#organization"},"potentialAction":[{"@type":"SearchAction","target":{"@type":"EntryPoint","urlTemplate":"https:\/\/compuviper.mx\/tienda\/?s={search_term_string}"},"query-input":"required name=search_term_string"}],"inLanguage":"es-MX"},{"@type":"Organization","@id":"https:\/\/compuviper.mx\/tienda\/#organization","name":"Compuviper","url":"https:\/\/compuviper.mx\/tienda\/","logo":{"@type":"ImageObject","inLanguage":"es-MX","@id":"https:\/\/compuviper.mx\/tienda\/#\/schema\/logo\/image\/","url":"https:\/\/compuviper.mx\/tienda\/wp-content\/uploads\/2021\/08\/Logo-Compuviper-10.png","contentUrl":"https:\/\/compuviper.mx\/tienda\/wp-content\/uploads\/2021\/08\/Logo-Compuviper-10.png","width":1000,"height":500,"caption":"Compuviper"},"image":{"@id":"https:\/\/compuviper.mx\/tienda\/#\/schema\/logo\/image\/"},"sameAs":["https:\/\/www.facebook.com\/compuviper","https:\/\/www.youtube.com\/channel\/UCf73dERp9Y3cfOq7q8BhLjA?view_as=subscriber"]}]},"product_brand":"CDP","product_price_amount":"168747","product_price_currency":"MXN","og_availability":"backorder","product_availability":"available for order","product_retailer_item_id":"UPO33-20PF365 KIT","product_condition":"new"},"_links":{"self":[{"href":"https:\/\/compuviper.mx\/tienda\/wp-json\/wp\/v2\/product\/217554"}],"collection":[{"href":"https:\/\/compuviper.mx\/tienda\/wp-json\/wp\/v2\/product"}],"about":[{"href":"https:\/\/compuviper.mx\/tienda\/wp-json\/wp\/v2\/types\/product"}],"replies":[{"embeddable":true,"href":"https:\/\/compuviper.mx\/tienda\/wp-json\/wp\/v2\/comments?post=217554"}],"wp:featuredmedia":[{"embeddable":true,"href":"https:\/\/compuviper.mx\/tienda\/wp-json\/wp\/v2\/media\/217555"}],"wp:attachment":[{"href":"https:\/\/compuviper.mx\/tienda\/wp-json\/wp\/v2\/media?parent=217554"}],"wp:term":[{"taxonomy":"product_cat","embeddable":true,"href":"https:\/\/compuviper.mx\/tienda\/wp-json\/wp\/v2\/product_cat?post=217554"},{"taxonomy":"product_tag","embeddable":true,"href":"https:\/\/compuviper.mx\/tienda\/wp-json\/wp\/v2\/product_tag?post=217554"}],"curies":[{"name":"wp","href":"https:\/\/api.w.org\/{rel}","templated":true}]}}