{"id":217552,"date":"2026-04-07T00:25:13","date_gmt":"2026-04-07T06:25:13","guid":{"rendered":"https:\/\/compuviper.mx\/tienda\/producto\/vica-optima-1500-no-break-certificado-nom-software-de-monitoreo-8-tomas-regfuladas-y-respaldadas-3-aos-de-garantia-en-equipo-y-2-en-baterias-indicadores-led\/"},"modified":"2026-04-07T00:25:13","modified_gmt":"2026-04-07T06:25:13","slug":"vica-optima-1500-no-break-ups-1500va-900w-8-tomas-reguladas-y-respaldadas-nema-5-15r-rj11-45-3-aos-de-garantia","status":"publish","type":"product","link":"https:\/\/compuviper.mx\/tienda\/producto\/vica-optima-1500-no-break-ups-1500va-900w-8-tomas-reguladas-y-respaldadas-nema-5-15r-rj11-45-3-aos-de-garantia\/","title":{"rendered":"Vica Optima 1500 No Break Ups   1500va\/900w 8 Tomas Reguladas Y Respaldadas Nema 5-15r, Rj11\/45, 3 A?os De Garantia"},"content":{"rendered":"<table class=\"descripcion\">\n<tr>\n<td>Fuente de poder ininterrumpible con<\/td>\n<\/tr>\n<tr>\n<td>Regulador integrado no break<\/td>\n<\/tr>\n<tr>\n<td>\u0095tamao compacto<\/td>\n<\/tr>\n<tr>\n<td>\u0095 el excelente control por microprocesador<\/td>\n<\/tr>\n<tr>\n<td>Garantiza una alta fiabilidad.<\/td>\n<\/tr>\n<tr>\n<td>\u0095 impulse y reduzca el avr para estabilizar el<\/td>\n<\/tr>\n<tr>\n<td>Voltaje<\/td>\n<\/tr>\n<tr>\n<td>\u0095 reinicio automtico mientras ac se est<\/td>\n<\/tr>\n<tr>\n<td>Recuperando<\/td>\n<\/tr>\n<tr>\n<td>\u0095 salida de onda sinusoidal simulada<\/td>\n<\/tr>\n<tr>\n<td>\u0095 carga en modo apagado<\/td>\n<\/tr>\n<tr>\n<td>\u0095 funcin de arranque en fro<\/td>\n<\/tr>\n<tr>\n<td>\u0095 compatible con generador opcional<\/td>\n<\/tr>\n<\/table>\n","protected":false},"excerpt":{"rendered":"<p>3 aos de garantia. Sofware de monitoreo. 8 tomas 4 reguladas y 4 respaldadas. Indicadores led. Capacidad 1500 va \/ 900 w<\/p>\n","protected":false},"featured_media":217553,"comment_status":"open","ping_status":"open","template":"","meta":[],"product_cat":[1508,1691],"product_tag":[1695],"acf":[],"yoast_head":"<!-- This site is optimized with the Yoast SEO plugin v21.7 - https:\/\/yoast.com\/wordpress\/plugins\/seo\/ -->\n<title>[ Vica ] &#129351; Optima 1500 No Break Ups 1500va\/900w 8 Tomas Reguladas Y Respaldadas Nema 5-15r, Rj11\/45, 3 A\u00f1os De Garantia<\/title>\n<meta name=\"description\" content=\"Compra Optima 1500 No Break Ups 1500va\/900w 8 Tomas Reguladas Y Respaldadas Nema 5-15r, Rj11\/45, 3 A\u00f1os De Garantia + Env\u00edo a domicilio + Pago seguro + Garant\u00eda\" \/>\n<meta name=\"robots\" content=\"index, follow, max-snippet:-1, max-image-preview:large, max-video-preview:-1\" \/>\n<link rel=\"canonical\" href=\"https:\/\/compuviper.mx\/tienda\/producto\/vica-optima-1500-no-break-ups-1500va-900w-8-tomas-reguladas-y-respaldadas-nema-5-15r-rj11-45-3-aos-de-garantia\/\" \/>\n<meta property=\"og:locale\" content=\"es_MX\" \/>\n<meta property=\"og:type\" content=\"article\" \/>\n<meta property=\"og:title\" content=\"[ Vica ] &#129351; Optima 1500 No Break Ups 1500va\/900w 8 Tomas Reguladas Y Respaldadas Nema 5-15r, Rj11\/45, 3 A\u00f1os De Garantia\" \/>\n<meta property=\"og:description\" content=\"Compra Optima 1500 No Break Ups 1500va\/900w 8 Tomas Reguladas Y Respaldadas Nema 5-15r, Rj11\/45, 3 A\u00f1os De Garantia + Env\u00edo a domicilio + Pago seguro + Garant\u00eda\" \/>\n<meta property=\"og:url\" content=\"https:\/\/compuviper.mx\/tienda\/producto\/vica-optima-1500-no-break-ups-1500va-900w-8-tomas-reguladas-y-respaldadas-nema-5-15r-rj11-45-3-aos-de-garantia\/\" \/>\n<meta property=\"og:site_name\" content=\"Compuviper\" \/>\n<meta property=\"article:publisher\" content=\"https:\/\/www.facebook.com\/compuviper\" \/>\n<meta property=\"og:image\" content=\"https:\/\/compuviper.mx\/tienda\/wp-content\/uploads\/2023\/12\/No-break-optima-1500-certificado-nom-software-de-monitoreo-8-tomas-regfuladas-y-respaldadas-3-anos-de-garantia-en-equipo-y-2-en-baterias-indicadores-led.jpg\" \/>\n\t<meta property=\"og:image:width\" content=\"200\" \/>\n\t<meta property=\"og:image:height\" content=\"200\" \/>\n\t<meta property=\"og:image:type\" content=\"image\/jpeg\" \/>\n<meta name=\"twitter:card\" content=\"summary_large_image\" \/>\n<meta name=\"twitter:label1\" content=\"Precio\" \/>\n\t<meta name=\"twitter:data1\" content=\"&#36;3,161 con IVA\" \/>\n\t<meta name=\"twitter:label2\" content=\"Availability\" \/>\n\t<meta name=\"twitter:data2\" content=\"Out of stock\" \/>\n<script type=\"application\/ld+json\" class=\"yoast-schema-graph\">{\"@context\":\"https:\/\/schema.org\",\"@graph\":[{\"@type\":\"WebPage\",\"@id\":\"https:\/\/compuviper.mx\/tienda\/producto\/vica-optima-1500-no-break-ups-1500va-900w-8-tomas-reguladas-y-respaldadas-nema-5-15r-rj11-45-3-aos-de-garantia\/\",\"url\":\"https:\/\/compuviper.mx\/tienda\/producto\/vica-optima-1500-no-break-ups-1500va-900w-8-tomas-reguladas-y-respaldadas-nema-5-15r-rj11-45-3-aos-de-garantia\/\",\"name\":\"[ Vica ] &#129351; Optima 1500 No Break Ups 1500va\/900w 8 Tomas Reguladas Y Respaldadas Nema 5-15r, Rj11\/45, 3 A\u00f1os De Garantia\",\"isPartOf\":{\"@id\":\"https:\/\/compuviper.mx\/tienda\/#website\"},\"datePublished\":\"2026-04-07T06:25:13+00:00\",\"dateModified\":\"2026-04-07T06:25:13+00:00\",\"description\":\"Compra Optima 1500 No Break Ups 1500va\/900w 8 Tomas Reguladas Y Respaldadas Nema 5-15r, Rj11\/45, 3 A\u00f1os De Garantia + Env\u00edo a domicilio + Pago seguro + Garant\u00eda\",\"breadcrumb\":{\"@id\":\"https:\/\/compuviper.mx\/tienda\/producto\/vica-optima-1500-no-break-ups-1500va-900w-8-tomas-reguladas-y-respaldadas-nema-5-15r-rj11-45-3-aos-de-garantia\/#breadcrumb\"},\"inLanguage\":\"es-MX\",\"potentialAction\":[{\"@type\":\"ReadAction\",\"target\":[\"https:\/\/compuviper.mx\/tienda\/producto\/vica-optima-1500-no-break-ups-1500va-900w-8-tomas-reguladas-y-respaldadas-nema-5-15r-rj11-45-3-aos-de-garantia\/\"]}]},{\"@type\":\"BreadcrumbList\",\"@id\":\"https:\/\/compuviper.mx\/tienda\/producto\/vica-optima-1500-no-break-ups-1500va-900w-8-tomas-reguladas-y-respaldadas-nema-5-15r-rj11-45-3-aos-de-garantia\/#breadcrumb\",\"itemListElement\":[{\"@type\":\"ListItem\",\"position\":1,\"name\":\"Inicio\",\"item\":\"https:\/\/compuviper.mx\/tienda\/\"},{\"@type\":\"ListItem\",\"position\":2,\"name\":\"Productos\",\"item\":\"https:\/\/compuviper.mx\/tienda\/productos\/\"},{\"@type\":\"ListItem\",\"position\":3,\"name\":\"Energia\",\"item\":\"https:\/\/compuviper.mx\/tienda\/categoria-producto\/energia\/\"},{\"@type\":\"ListItem\",\"position\":4,\"name\":\"No Break\",\"item\":\"https:\/\/compuviper.mx\/tienda\/categoria-producto\/energia\/no-break\/\"},{\"@type\":\"ListItem\",\"position\":5,\"name\":\"Vica Optima 1500 No Break Ups 1500va\/900w 8 Tomas Reguladas Y Respaldadas Nema 5-15r, Rj11\/45, 3 A?os De Garantia\"}]},{\"@type\":\"WebSite\",\"@id\":\"https:\/\/compuviper.mx\/tienda\/#website\",\"url\":\"https:\/\/compuviper.mx\/tienda\/\",\"name\":\"Compuviper\",\"description\":\"Proveedor de Computadoras, Laptops, Servidores, Monitores, Puntos de Venta, Teclados,   Impresoras, T\u00f3ner, C\u00e1maras de Seguridad y m\u00e1s en tu tienda en l\u00ednea\",\"publisher\":{\"@id\":\"https:\/\/compuviper.mx\/tienda\/#organization\"},\"potentialAction\":[{\"@type\":\"SearchAction\",\"target\":{\"@type\":\"EntryPoint\",\"urlTemplate\":\"https:\/\/compuviper.mx\/tienda\/?s={search_term_string}\"},\"query-input\":\"required name=search_term_string\"}],\"inLanguage\":\"es-MX\"},{\"@type\":\"Organization\",\"@id\":\"https:\/\/compuviper.mx\/tienda\/#organization\",\"name\":\"Compuviper\",\"url\":\"https:\/\/compuviper.mx\/tienda\/\",\"logo\":{\"@type\":\"ImageObject\",\"inLanguage\":\"es-MX\",\"@id\":\"https:\/\/compuviper.mx\/tienda\/#\/schema\/logo\/image\/\",\"url\":\"https:\/\/compuviper.mx\/tienda\/wp-content\/uploads\/2021\/08\/Logo-Compuviper-10.png\",\"contentUrl\":\"https:\/\/compuviper.mx\/tienda\/wp-content\/uploads\/2021\/08\/Logo-Compuviper-10.png\",\"width\":1000,\"height\":500,\"caption\":\"Compuviper\"},\"image\":{\"@id\":\"https:\/\/compuviper.mx\/tienda\/#\/schema\/logo\/image\/\"},\"sameAs\":[\"https:\/\/www.facebook.com\/compuviper\",\"https:\/\/www.youtube.com\/channel\/UCf73dERp9Y3cfOq7q8BhLjA?view_as=subscriber\"]}]}<\/script>\n<meta property=\"product:brand\" content=\"VICA\" \/>\n<meta property=\"product:price:amount\" content=\"3161\" \/>\n<meta property=\"product:price:currency\" content=\"MXN\" \/>\n<meta property=\"og:availability\" content=\"out of stock\" \/>\n<meta property=\"product:availability\" content=\"out of stock\" \/>\n<meta property=\"product:retailer_item_id\" content=\"OPTIMA 1500\" \/>\n<meta property=\"product:condition\" content=\"new\" \/>\n<!-- \/ Yoast SEO plugin. -->","yoast_head_json":{"title":"[ Vica ] &#129351; Optima 1500 No Break Ups 1500va\/900w 8 Tomas Reguladas Y Respaldadas Nema 5-15r, Rj11\/45, 3 A\u00f1os De Garantia","description":"Compra Optima 1500 No Break Ups 1500va\/900w 8 Tomas Reguladas Y Respaldadas Nema 5-15r, Rj11\/45, 3 A\u00f1os De Garantia + Env\u00edo a domicilio + Pago seguro + Garant\u00eda","robots":{"index":"index","follow":"follow","max-snippet":"max-snippet:-1","max-image-preview":"max-image-preview:large","max-video-preview":"max-video-preview:-1"},"canonical":"https:\/\/compuviper.mx\/tienda\/producto\/vica-optima-1500-no-break-ups-1500va-900w-8-tomas-reguladas-y-respaldadas-nema-5-15r-rj11-45-3-aos-de-garantia\/","og_locale":"es_MX","og_type":"article","og_title":"[ Vica ] &#129351; Optima 1500 No Break Ups 1500va\/900w 8 Tomas Reguladas Y Respaldadas Nema 5-15r, Rj11\/45, 3 A\u00f1os De Garantia","og_description":"Compra Optima 1500 No Break Ups 1500va\/900w 8 Tomas Reguladas Y Respaldadas Nema 5-15r, Rj11\/45, 3 A\u00f1os De Garantia + Env\u00edo a domicilio + Pago seguro + Garant\u00eda","og_url":"https:\/\/compuviper.mx\/tienda\/producto\/vica-optima-1500-no-break-ups-1500va-900w-8-tomas-reguladas-y-respaldadas-nema-5-15r-rj11-45-3-aos-de-garantia\/","og_site_name":"Compuviper","article_publisher":"https:\/\/www.facebook.com\/compuviper","og_image":[{"width":200,"height":200,"url":"https:\/\/compuviper.mx\/tienda\/wp-content\/uploads\/2023\/12\/No-break-optima-1500-certificado-nom-software-de-monitoreo-8-tomas-regfuladas-y-respaldadas-3-anos-de-garantia-en-equipo-y-2-en-baterias-indicadores-led.jpg","type":"image\/jpeg"}],"twitter_card":"summary_large_image","twitter_misc":{"Precio":"&#36;3,161 con IVA","Availability":"Out of stock"},"schema":{"@context":"https:\/\/schema.org","@graph":[{"@type":"WebPage","@id":"https:\/\/compuviper.mx\/tienda\/producto\/vica-optima-1500-no-break-ups-1500va-900w-8-tomas-reguladas-y-respaldadas-nema-5-15r-rj11-45-3-aos-de-garantia\/","url":"https:\/\/compuviper.mx\/tienda\/producto\/vica-optima-1500-no-break-ups-1500va-900w-8-tomas-reguladas-y-respaldadas-nema-5-15r-rj11-45-3-aos-de-garantia\/","name":"[ Vica ] &#129351; Optima 1500 No Break Ups 1500va\/900w 8 Tomas Reguladas Y Respaldadas Nema 5-15r, Rj11\/45, 3 A\u00f1os De Garantia","isPartOf":{"@id":"https:\/\/compuviper.mx\/tienda\/#website"},"datePublished":"2026-04-07T06:25:13+00:00","dateModified":"2026-04-07T06:25:13+00:00","description":"Compra Optima 1500 No Break Ups 1500va\/900w 8 Tomas Reguladas Y Respaldadas Nema 5-15r, Rj11\/45, 3 A\u00f1os De Garantia + Env\u00edo a domicilio + Pago seguro + Garant\u00eda","breadcrumb":{"@id":"https:\/\/compuviper.mx\/tienda\/producto\/vica-optima-1500-no-break-ups-1500va-900w-8-tomas-reguladas-y-respaldadas-nema-5-15r-rj11-45-3-aos-de-garantia\/#breadcrumb"},"inLanguage":"es-MX","potentialAction":[{"@type":"ReadAction","target":["https:\/\/compuviper.mx\/tienda\/producto\/vica-optima-1500-no-break-ups-1500va-900w-8-tomas-reguladas-y-respaldadas-nema-5-15r-rj11-45-3-aos-de-garantia\/"]}]},{"@type":"BreadcrumbList","@id":"https:\/\/compuviper.mx\/tienda\/producto\/vica-optima-1500-no-break-ups-1500va-900w-8-tomas-reguladas-y-respaldadas-nema-5-15r-rj11-45-3-aos-de-garantia\/#breadcrumb","itemListElement":[{"@type":"ListItem","position":1,"name":"Inicio","item":"https:\/\/compuviper.mx\/tienda\/"},{"@type":"ListItem","position":2,"name":"Productos","item":"https:\/\/compuviper.mx\/tienda\/productos\/"},{"@type":"ListItem","position":3,"name":"Energia","item":"https:\/\/compuviper.mx\/tienda\/categoria-producto\/energia\/"},{"@type":"ListItem","position":4,"name":"No Break","item":"https:\/\/compuviper.mx\/tienda\/categoria-producto\/energia\/no-break\/"},{"@type":"ListItem","position":5,"name":"Vica Optima 1500 No Break Ups 1500va\/900w 8 Tomas Reguladas Y Respaldadas Nema 5-15r, Rj11\/45, 3 A?os De Garantia"}]},{"@type":"WebSite","@id":"https:\/\/compuviper.mx\/tienda\/#website","url":"https:\/\/compuviper.mx\/tienda\/","name":"Compuviper","description":"Proveedor de Computadoras, Laptops, Servidores, Monitores, Puntos de Venta, Teclados,   Impresoras, T\u00f3ner, C\u00e1maras de Seguridad y m\u00e1s en tu tienda en l\u00ednea","publisher":{"@id":"https:\/\/compuviper.mx\/tienda\/#organization"},"potentialAction":[{"@type":"SearchAction","target":{"@type":"EntryPoint","urlTemplate":"https:\/\/compuviper.mx\/tienda\/?s={search_term_string}"},"query-input":"required name=search_term_string"}],"inLanguage":"es-MX"},{"@type":"Organization","@id":"https:\/\/compuviper.mx\/tienda\/#organization","name":"Compuviper","url":"https:\/\/compuviper.mx\/tienda\/","logo":{"@type":"ImageObject","inLanguage":"es-MX","@id":"https:\/\/compuviper.mx\/tienda\/#\/schema\/logo\/image\/","url":"https:\/\/compuviper.mx\/tienda\/wp-content\/uploads\/2021\/08\/Logo-Compuviper-10.png","contentUrl":"https:\/\/compuviper.mx\/tienda\/wp-content\/uploads\/2021\/08\/Logo-Compuviper-10.png","width":1000,"height":500,"caption":"Compuviper"},"image":{"@id":"https:\/\/compuviper.mx\/tienda\/#\/schema\/logo\/image\/"},"sameAs":["https:\/\/www.facebook.com\/compuviper","https:\/\/www.youtube.com\/channel\/UCf73dERp9Y3cfOq7q8BhLjA?view_as=subscriber"]}]},"product_brand":"VICA","product_price_amount":"3161","product_price_currency":"MXN","og_availability":"out of stock","product_availability":"out of stock","product_retailer_item_id":"OPTIMA 1500","product_condition":"new"},"_links":{"self":[{"href":"https:\/\/compuviper.mx\/tienda\/wp-json\/wp\/v2\/product\/217552"}],"collection":[{"href":"https:\/\/compuviper.mx\/tienda\/wp-json\/wp\/v2\/product"}],"about":[{"href":"https:\/\/compuviper.mx\/tienda\/wp-json\/wp\/v2\/types\/product"}],"replies":[{"embeddable":true,"href":"https:\/\/compuviper.mx\/tienda\/wp-json\/wp\/v2\/comments?post=217552"}],"wp:featuredmedia":[{"embeddable":true,"href":"https:\/\/compuviper.mx\/tienda\/wp-json\/wp\/v2\/media\/217553"}],"wp:attachment":[{"href":"https:\/\/compuviper.mx\/tienda\/wp-json\/wp\/v2\/media?parent=217552"}],"wp:term":[{"taxonomy":"product_cat","embeddable":true,"href":"https:\/\/compuviper.mx\/tienda\/wp-json\/wp\/v2\/product_cat?post=217552"},{"taxonomy":"product_tag","embeddable":true,"href":"https:\/\/compuviper.mx\/tienda\/wp-json\/wp\/v2\/product_tag?post=217552"}],"curies":[{"name":"wp","href":"https:\/\/api.w.org\/{rel}","templated":true}]}}