{"id":217548,"date":"2026-04-10T00:21:50","date_gmt":"2026-04-10T06:21:50","guid":{"rendered":"https:\/\/compuviper.mx\/tienda\/producto\/cyberpower-ut1000gu-no-break-1000va-500w-interactivo-indicadores-led-8-nema-5-15r-4-respaldo-4-supresin-y-regulacin-torre-puerto-usb-green-power-2-aos-en-equipo-1-ao-en-batera\/"},"modified":"2026-04-10T00:21:50","modified_gmt":"2026-04-10T06:21:50","slug":"cyberpower-ut1000gu-no-break-1000va-500w-interactivo-indicadores-led-8-nema-5-15r-4-respaldo-4-supresin-y-regulacin-torre-puerto-usb-green-power-2-aos-en-equipo-1-ao-en-batera","status":"publish","type":"product","link":"https:\/\/compuviper.mx\/tienda\/producto\/cyberpower-ut1000gu-no-break-1000va-500w-interactivo-indicadores-led-8-nema-5-15r-4-respaldo-4-supresin-y-regulacin-torre-puerto-usb-green-power-2-aos-en-equipo-1-ao-en-batera\/","title":{"rendered":"Cyberpower Ut1000gu No Break  () 1000va \/ 500w, Interactivo, Indicadores Led, 8 Nema 5-15r 4 Respaldo \/ 4 Supresi?n Y Regulaci?n, Torre, Puerto Usb, Green Power, 2 A?os En Equipo, 1 A?o En Bater?a."},"content":{"rendered":"<table class=\"descripcion\">\n<tr>\n<td>General<\/td>\n<\/tr>\n<tr>\n<td>Factor de forma: torre<\/td>\n<\/tr>\n<tr>\n<td>Topolog\u00eda de ups: l\u00ednea interactiva<\/td>\n<\/tr>\n<tr>\n<td>Tecnolog\u00eda de ahorro de energ\u00eda: tecnolog\u00eda bypass greenpower ups\u0099<\/td>\n<\/tr>\n<tr>\n<td>Entrada<\/td>\n<\/tr>\n<tr>\n<td>Voltaje nominal de entrada (vca):120 \u00b1 10%<\/td>\n<\/tr>\n<tr>\n<td>Rango de voltaje de entrada (vca):86 ~ 148<\/td>\n<\/tr>\n<tr>\n<td>Frecuencia de entrada (s.f.) 50 \u00b1 5  and  60 \u00b1 5<\/td>\n<\/tr>\n<tr>\n<td>Detecci\u00f3n de frecuencia de entrada: sensor autom\u00e1tico<\/td>\n<\/tr>\n<tr>\n<td>Corriente de entrada nominal (a): 8.33<\/td>\n<\/tr>\n<tr>\n<td>Tipo de conector de entrada: nema 5-15p  and #12288;<\/td>\n<\/tr>\n<tr>\n<td>Estilo de conector: recto<\/td>\n<\/tr>\n<tr>\n<td>Longitud del cable de alimentaci\u00f3n (pies): 4<\/td>\n<\/tr>\n<tr>\n<td>Longitud del cable de alimentaci\u00f3n de alimentaci\u00f3n (m): 1.2<\/td>\n<\/tr>\n<tr>\n<td>Salida<\/td>\n<\/tr>\n<tr>\n<td>Capacidad (va) 1000<\/td>\n<\/tr>\n<tr>\n<td>Capacidad (watts) 500<\/td>\n<\/tr>\n<tr>\n<td>Forma de onda en bater\u00eda: onda senoidal simulada<\/td>\n<\/tr>\n<tr>\n<td>Voltaje(s) en bater\u00eda ( vca ) 120 \u00b1 10%<\/td>\n<\/tr>\n<tr>\n<td>Frecuencia en bater\u00eda ( s.f. ) 50 \u00b1 1%  and  60 \u00b1 1%<\/td>\n<\/tr>\n<tr>\n<td>Regulaci\u00f3n autom\u00e1tica de voltaje (avr) aumento \u00fanico, m\u00ednimo \u00fanico<\/td>\n<\/tr>\n<tr>\n<td>Protecci\u00f3n contra sobrecargas: disyuntor<\/td>\n<\/tr>\n<tr>\n<td>Salida (s) \u0096 total 8<\/td>\n<\/tr>\n<tr>\n<td>Tipo de salida: nema 5-15r x 8  and #12288;<\/td>\n<\/tr>\n<tr>\n<td>Salida (s) &#8211; bater\u00eda y protecci\u00f3n contra sobretensiones 4<\/td>\n<\/tr>\n<tr>\n<td>Salida (s) &#8211; s\u00f3lo protecci\u00f3n contra sobretensiones 4<\/td>\n<\/tr>\n<tr>\n<td>Tiempo de transferencia t\u00edpico ( ms ) 4<\/td>\n<\/tr>\n<tr>\n<td>Bater\u00eda<\/td>\n<\/tr>\n<tr>\n<td>Tiempo de recarga t\u00edpico ( horas ): 6<\/td>\n<\/tr>\n<tr>\n<td>Arranque en bater\u00eda: s\u00ed<\/td>\n<\/tr>\n<tr>\n<td>Reemplazable por el usuario: no<\/td>\n<\/tr>\n<tr>\n<td>Tipo de bater\u00eda: plomo \u00e1cido sellado<\/td>\n<\/tr>\n<tr>\n<td>Protecci\u00f3n contra sobretensiones y filtrado<\/td>\n<\/tr>\n<tr>\n<td>Supresi\u00f3n de sobretensiones ( joules ) 245<\/td>\n<\/tr>\n<tr>\n<td>Filtraci\u00f3n emi y rfi: s\u00ed<\/td>\n<\/tr>\n<tr>\n<td>Gesti\u00f3n y comunicaciones<\/td>\n<\/tr>\n<tr>\n<td>Indicadores led: encendido, modo de l\u00ednea, modo de bater\u00eda, modo bypass, bater\u00eda baja, sobrecarga, fallo de ups<\/td>\n<\/tr>\n<tr>\n<td>Hid compatible puerto (s) usb: 1<\/td>\n<\/tr>\n<tr>\n<td>Alarmas audibles: modo de bater\u00eda, bater\u00eda baja, sobrecarga, fallo de ups<\/td>\n<\/tr>\n<tr>\n<td>Software de gesti\u00f3n de la potencia: powerpanel\u00ae personal (recomendado)<\/td>\n<\/tr>\n<tr>\n<td>F\u00edsico<\/td>\n<\/tr>\n<tr>\n<td>Construcci\u00f3n de carcasa: pl\u00e1stico<\/td>\n<\/tr>\n<tr>\n<td>Color: negro<\/td>\n<\/tr>\n<tr>\n<td>Tama\u00f1o f\u00edsico &#8211; m\u00f3dulo de ups<\/td>\n<\/tr>\n<tr>\n<td>Dimensiones (anxalxp) (pulgadas) 3.31 x 6.85 x 11.02<\/td>\n<\/tr>\n<tr>\n<td>Dimensiones (anxalxp) (mm) 84 x 174 x 280<\/td>\n<\/tr>\n<tr>\n<td>Peso (libras) 11.12<\/td>\n<\/tr>\n<tr>\n<td>Peso (kg) 5.05<\/td>\n<\/tr>\n<tr>\n<td>Medioambiental<\/td>\n<\/tr>\n<tr>\n<td>Temperatura de funcionamiento (\u00baf) 32 ~ 104<\/td>\n<\/tr>\n<tr>\n<td>Temperatura de funcionamiento (\u00bac) 0 ~ 40<\/td>\n<\/tr>\n<tr>\n<td>Humedad relativa de funcionamiento (sin condensaci\u00f3n) ( % ) 0 ~ 90<\/td>\n<\/tr>\n<tr>\n<td>Elevaci\u00f3n de funcionamiento ( pies\/metros ): 0-10.000 pies (0-3.000 metros)<\/td>\n<\/tr>\n<tr>\n<td>Temperatura de almacenamiento (\u00baf):-4 ~ 122<\/td>\n<\/tr>\n<tr>\n<td>Temperatura de almacenamiento (\u00bac): -20 ~ 50<\/td>\n<\/tr>\n<tr>\n<td>Humedad relativa de almacenamiento (sin condensaci\u00f3n) ( % ): 0 ~ 90<\/td>\n<\/tr>\n<tr>\n<td>Elevaci\u00f3n de almacenamiento ( pies\/metros ): 0-10.000 pies (0-3.000 metros)<\/td>\n<\/tr>\n<tr>\n<td>Disipaci\u00f3n t\u00e9rmica en l\u00ednea ( btu\/h ): 8<\/td>\n<\/tr>\n<tr>\n<td>Certificaciones<\/td>\n<\/tr>\n<tr>\n<td>Certificaciones: nom<\/td>\n<\/tr>\n<tr>\n<td>Rohs: s\u00ed.<\/td>\n<\/tr>\n<tr>\n<td>Garant\u00eda de 2 a\u00f1os incluyendo baterias.<\/td>\n<\/tr>\n<\/table>\n","protected":false},"excerpt":{"rendered":"<p>Cyberpower ut1000gu garantiza la protecci\u00f3n de energ\u00eda para equipos de ti como computadoras, nas y dispositivos de almacenamiento. El producto adopta una topolog\u00eda de l\u00ednea interactiva con funci\u00f3n de regulaci\u00f3n autom\u00e1tica de voltaje (avr) para ofrecer una salida de potencia de ca estabilizada. El consumo de energ\u00eda reduce los costos de energ\u00eda y permite una temperatura de operaci\u00f3n m\u00e1s baja que prolonga la vida \u00fatil de la bater\u00eda. El indicador led muestra la utilidad, la bater\u00eda y el estado de funcionamiento del ups. Tambi\u00e9n es compatible con generadores para extender la continuidad de energ\u00eda. Otras caracter\u00edsticas incluyen protecci\u00f3n contra sobrecargas, filtro emi y alarma configurable para proteger sus dispositivos. Su dise\u00f1o de torre permite a los usuarios colocarlo f\u00e1cilmente en escritorios u otros espacios reducidos.<\/p>\n","protected":false},"featured_media":217549,"comment_status":"open","ping_status":"open","template":"","meta":[],"product_cat":[1508,1691],"product_tag":[1692],"acf":[],"yoast_head":"<!-- This site is optimized with the Yoast SEO plugin v21.7 - https:\/\/yoast.com\/wordpress\/plugins\/seo\/ -->\n<title>[ Cyberpower ] &#129351; Ut1000gu No Break () 1000va \/ 500w, Interactivo, Indicadores Led, 8 Nema 5-15r 4 Respaldo \/ 4 Supresi\u00f3n Y Regulaci\u00f3n, Torre, Puerto Usb, Green Power, 2 A\u00f1os En Equipo, 1 A\u00f1o En Bater\u00eda.<\/title>\n<meta name=\"description\" content=\"Compra Ut1000gu No Break () 1000va \/ 500w, Interactivo, Indicadores Led, 8 Nema 5-15r 4 Respaldo \/ 4 Supresi\u00f3n Y Regulaci\u00f3n, Torre, Puerto Usb, Green Power, 2 A\u00f1os En Equipo, 1 A\u00f1o En Bater\u00eda. + Env\u00edo a domicilio + Pago seguro + Garant\u00eda\" \/>\n<meta name=\"robots\" content=\"index, follow, max-snippet:-1, max-image-preview:large, max-video-preview:-1\" \/>\n<link rel=\"canonical\" href=\"https:\/\/compuviper.mx\/tienda\/producto\/cyberpower-ut1000gu-no-break-1000va-500w-interactivo-indicadores-led-8-nema-5-15r-4-respaldo-4-supresin-y-regulacin-torre-puerto-usb-green-power-2-aos-en-equipo-1-ao-en-batera\/\" \/>\n<meta property=\"og:locale\" content=\"es_MX\" \/>\n<meta property=\"og:type\" content=\"article\" \/>\n<meta property=\"og:title\" content=\"[ Cyberpower ] &#129351; Ut1000gu No Break () 1000va \/ 500w, Interactivo, Indicadores Led, 8 Nema 5-15r 4 Respaldo \/ 4 Supresi\u00f3n Y Regulaci\u00f3n, Torre, Puerto Usb, Green Power, 2 A\u00f1os En Equipo, 1 A\u00f1o En Bater\u00eda.\" \/>\n<meta property=\"og:description\" content=\"Compra Ut1000gu No Break () 1000va \/ 500w, Interactivo, Indicadores Led, 8 Nema 5-15r 4 Respaldo \/ 4 Supresi\u00f3n Y Regulaci\u00f3n, Torre, Puerto Usb, Green Power, 2 A\u00f1os En Equipo, 1 A\u00f1o En Bater\u00eda. + Env\u00edo a domicilio + Pago seguro + Garant\u00eda\" \/>\n<meta property=\"og:url\" content=\"https:\/\/compuviper.mx\/tienda\/producto\/cyberpower-ut1000gu-no-break-1000va-500w-interactivo-indicadores-led-8-nema-5-15r-4-respaldo-4-supresin-y-regulacin-torre-puerto-usb-green-power-2-aos-en-equipo-1-ao-en-batera\/\" \/>\n<meta property=\"og:site_name\" content=\"Compuviper\" \/>\n<meta property=\"article:publisher\" content=\"https:\/\/www.facebook.com\/compuviper\" \/>\n<meta property=\"og:image\" content=\"https:\/\/compuviper.mx\/tienda\/wp-content\/uploads\/2023\/12\/No-break-cyberpower-ut1000gu-1000va-500w-interactivo-indicadores-led-8-nema-5-15r-4-respaldo-4-supresion-y-regulacion-torre-puerto-usb-green-power-2-anos-en-equipo-1-ano-en-bateria.jpg\" \/>\n\t<meta property=\"og:image:width\" content=\"200\" \/>\n\t<meta property=\"og:image:height\" content=\"200\" \/>\n\t<meta property=\"og:image:type\" content=\"image\/jpeg\" \/>\n<meta name=\"twitter:card\" content=\"summary_large_image\" \/>\n<meta name=\"twitter:label1\" content=\"Precio\" \/>\n\t<meta name=\"twitter:data1\" content=\"&#36;1,868 &#36;1,839 con IVA\" \/>\n\t<meta name=\"twitter:label2\" content=\"Availability\" \/>\n\t<meta name=\"twitter:data2\" content=\"In stock\" \/>\n<script type=\"application\/ld+json\" class=\"yoast-schema-graph\">{\"@context\":\"https:\/\/schema.org\",\"@graph\":[{\"@type\":\"WebPage\",\"@id\":\"https:\/\/compuviper.mx\/tienda\/producto\/cyberpower-ut1000gu-no-break-1000va-500w-interactivo-indicadores-led-8-nema-5-15r-4-respaldo-4-supresin-y-regulacin-torre-puerto-usb-green-power-2-aos-en-equipo-1-ao-en-batera\/\",\"url\":\"https:\/\/compuviper.mx\/tienda\/producto\/cyberpower-ut1000gu-no-break-1000va-500w-interactivo-indicadores-led-8-nema-5-15r-4-respaldo-4-supresin-y-regulacin-torre-puerto-usb-green-power-2-aos-en-equipo-1-ao-en-batera\/\",\"name\":\"[ Cyberpower ] &#129351; Ut1000gu No Break () 1000va \/ 500w, Interactivo, Indicadores Led, 8 Nema 5-15r 4 Respaldo \/ 4 Supresi\u00f3n Y Regulaci\u00f3n, Torre, Puerto Usb, Green Power, 2 A\u00f1os En Equipo, 1 A\u00f1o En Bater\u00eda.\",\"isPartOf\":{\"@id\":\"https:\/\/compuviper.mx\/tienda\/#website\"},\"datePublished\":\"2026-04-10T06:21:50+00:00\",\"dateModified\":\"2026-04-10T06:21:50+00:00\",\"description\":\"Compra Ut1000gu No Break () 1000va \/ 500w, Interactivo, Indicadores Led, 8 Nema 5-15r 4 Respaldo \/ 4 Supresi\u00f3n Y Regulaci\u00f3n, Torre, Puerto Usb, Green Power, 2 A\u00f1os En Equipo, 1 A\u00f1o En Bater\u00eda. + Env\u00edo a domicilio + Pago seguro + Garant\u00eda\",\"breadcrumb\":{\"@id\":\"https:\/\/compuviper.mx\/tienda\/producto\/cyberpower-ut1000gu-no-break-1000va-500w-interactivo-indicadores-led-8-nema-5-15r-4-respaldo-4-supresin-y-regulacin-torre-puerto-usb-green-power-2-aos-en-equipo-1-ao-en-batera\/#breadcrumb\"},\"inLanguage\":\"es-MX\",\"potentialAction\":[{\"@type\":\"ReadAction\",\"target\":[\"https:\/\/compuviper.mx\/tienda\/producto\/cyberpower-ut1000gu-no-break-1000va-500w-interactivo-indicadores-led-8-nema-5-15r-4-respaldo-4-supresin-y-regulacin-torre-puerto-usb-green-power-2-aos-en-equipo-1-ao-en-batera\/\"]}]},{\"@type\":\"BreadcrumbList\",\"@id\":\"https:\/\/compuviper.mx\/tienda\/producto\/cyberpower-ut1000gu-no-break-1000va-500w-interactivo-indicadores-led-8-nema-5-15r-4-respaldo-4-supresin-y-regulacin-torre-puerto-usb-green-power-2-aos-en-equipo-1-ao-en-batera\/#breadcrumb\",\"itemListElement\":[{\"@type\":\"ListItem\",\"position\":1,\"name\":\"Inicio\",\"item\":\"https:\/\/compuviper.mx\/tienda\/\"},{\"@type\":\"ListItem\",\"position\":2,\"name\":\"Productos\",\"item\":\"https:\/\/compuviper.mx\/tienda\/productos\/\"},{\"@type\":\"ListItem\",\"position\":3,\"name\":\"Energia\",\"item\":\"https:\/\/compuviper.mx\/tienda\/categoria-producto\/energia\/\"},{\"@type\":\"ListItem\",\"position\":4,\"name\":\"No Break\",\"item\":\"https:\/\/compuviper.mx\/tienda\/categoria-producto\/energia\/no-break\/\"},{\"@type\":\"ListItem\",\"position\":5,\"name\":\"Cyberpower Ut1000gu No Break () 1000va \/ 500w, Interactivo, Indicadores Led, 8 Nema 5-15r 4 Respaldo \/ 4 Supresi?n Y Regulaci?n, Torre, Puerto Usb, Green Power, 2 A?os En Equipo, 1 A?o En Bater?a.\"}]},{\"@type\":\"WebSite\",\"@id\":\"https:\/\/compuviper.mx\/tienda\/#website\",\"url\":\"https:\/\/compuviper.mx\/tienda\/\",\"name\":\"Compuviper\",\"description\":\"Proveedor de Computadoras, Laptops, Servidores, Monitores, Puntos de Venta, Teclados,   Impresoras, T\u00f3ner, C\u00e1maras de Seguridad y m\u00e1s en tu tienda en l\u00ednea\",\"publisher\":{\"@id\":\"https:\/\/compuviper.mx\/tienda\/#organization\"},\"potentialAction\":[{\"@type\":\"SearchAction\",\"target\":{\"@type\":\"EntryPoint\",\"urlTemplate\":\"https:\/\/compuviper.mx\/tienda\/?s={search_term_string}\"},\"query-input\":\"required name=search_term_string\"}],\"inLanguage\":\"es-MX\"},{\"@type\":\"Organization\",\"@id\":\"https:\/\/compuviper.mx\/tienda\/#organization\",\"name\":\"Compuviper\",\"url\":\"https:\/\/compuviper.mx\/tienda\/\",\"logo\":{\"@type\":\"ImageObject\",\"inLanguage\":\"es-MX\",\"@id\":\"https:\/\/compuviper.mx\/tienda\/#\/schema\/logo\/image\/\",\"url\":\"https:\/\/compuviper.mx\/tienda\/wp-content\/uploads\/2021\/08\/Logo-Compuviper-10.png\",\"contentUrl\":\"https:\/\/compuviper.mx\/tienda\/wp-content\/uploads\/2021\/08\/Logo-Compuviper-10.png\",\"width\":1000,\"height\":500,\"caption\":\"Compuviper\"},\"image\":{\"@id\":\"https:\/\/compuviper.mx\/tienda\/#\/schema\/logo\/image\/\"},\"sameAs\":[\"https:\/\/www.facebook.com\/compuviper\",\"https:\/\/www.youtube.com\/channel\/UCf73dERp9Y3cfOq7q8BhLjA?view_as=subscriber\"]}]}<\/script>\n<meta property=\"product:brand\" content=\"CYBERPOWER\" \/>\n<meta property=\"product:price:amount\" content=\"1839\" \/>\n<meta property=\"product:price:currency\" content=\"MXN\" \/>\n<meta property=\"og:availability\" content=\"instock\" \/>\n<meta property=\"product:availability\" content=\"instock\" \/>\n<meta property=\"product:retailer_item_id\" content=\"UT1000GU\" \/>\n<meta property=\"product:condition\" content=\"new\" \/>\n<!-- \/ Yoast SEO plugin. -->","yoast_head_json":{"title":"[ Cyberpower ] &#129351; Ut1000gu No Break () 1000va \/ 500w, Interactivo, Indicadores Led, 8 Nema 5-15r 4 Respaldo \/ 4 Supresi\u00f3n Y Regulaci\u00f3n, Torre, Puerto Usb, Green Power, 2 A\u00f1os En Equipo, 1 A\u00f1o En Bater\u00eda.","description":"Compra Ut1000gu No Break () 1000va \/ 500w, Interactivo, Indicadores Led, 8 Nema 5-15r 4 Respaldo \/ 4 Supresi\u00f3n Y Regulaci\u00f3n, Torre, Puerto Usb, Green Power, 2 A\u00f1os En Equipo, 1 A\u00f1o En Bater\u00eda. + Env\u00edo a domicilio + Pago seguro + Garant\u00eda","robots":{"index":"index","follow":"follow","max-snippet":"max-snippet:-1","max-image-preview":"max-image-preview:large","max-video-preview":"max-video-preview:-1"},"canonical":"https:\/\/compuviper.mx\/tienda\/producto\/cyberpower-ut1000gu-no-break-1000va-500w-interactivo-indicadores-led-8-nema-5-15r-4-respaldo-4-supresin-y-regulacin-torre-puerto-usb-green-power-2-aos-en-equipo-1-ao-en-batera\/","og_locale":"es_MX","og_type":"article","og_title":"[ Cyberpower ] &#129351; Ut1000gu No Break () 1000va \/ 500w, Interactivo, Indicadores Led, 8 Nema 5-15r 4 Respaldo \/ 4 Supresi\u00f3n Y Regulaci\u00f3n, Torre, Puerto Usb, Green Power, 2 A\u00f1os En Equipo, 1 A\u00f1o En Bater\u00eda.","og_description":"Compra Ut1000gu No Break () 1000va \/ 500w, Interactivo, Indicadores Led, 8 Nema 5-15r 4 Respaldo \/ 4 Supresi\u00f3n Y Regulaci\u00f3n, Torre, Puerto Usb, Green Power, 2 A\u00f1os En Equipo, 1 A\u00f1o En Bater\u00eda. + Env\u00edo a domicilio + Pago seguro + Garant\u00eda","og_url":"https:\/\/compuviper.mx\/tienda\/producto\/cyberpower-ut1000gu-no-break-1000va-500w-interactivo-indicadores-led-8-nema-5-15r-4-respaldo-4-supresin-y-regulacin-torre-puerto-usb-green-power-2-aos-en-equipo-1-ao-en-batera\/","og_site_name":"Compuviper","article_publisher":"https:\/\/www.facebook.com\/compuviper","og_image":[{"width":200,"height":200,"url":"https:\/\/compuviper.mx\/tienda\/wp-content\/uploads\/2023\/12\/No-break-cyberpower-ut1000gu-1000va-500w-interactivo-indicadores-led-8-nema-5-15r-4-respaldo-4-supresion-y-regulacion-torre-puerto-usb-green-power-2-anos-en-equipo-1-ano-en-bateria.jpg","type":"image\/jpeg"}],"twitter_card":"summary_large_image","twitter_misc":{"Precio":"&#36;1,868 &#36;1,839 con IVA","Availability":"In stock"},"schema":{"@context":"https:\/\/schema.org","@graph":[{"@type":"WebPage","@id":"https:\/\/compuviper.mx\/tienda\/producto\/cyberpower-ut1000gu-no-break-1000va-500w-interactivo-indicadores-led-8-nema-5-15r-4-respaldo-4-supresin-y-regulacin-torre-puerto-usb-green-power-2-aos-en-equipo-1-ao-en-batera\/","url":"https:\/\/compuviper.mx\/tienda\/producto\/cyberpower-ut1000gu-no-break-1000va-500w-interactivo-indicadores-led-8-nema-5-15r-4-respaldo-4-supresin-y-regulacin-torre-puerto-usb-green-power-2-aos-en-equipo-1-ao-en-batera\/","name":"[ Cyberpower ] &#129351; Ut1000gu No Break () 1000va \/ 500w, Interactivo, Indicadores Led, 8 Nema 5-15r 4 Respaldo \/ 4 Supresi\u00f3n Y Regulaci\u00f3n, Torre, Puerto Usb, Green Power, 2 A\u00f1os En Equipo, 1 A\u00f1o En Bater\u00eda.","isPartOf":{"@id":"https:\/\/compuviper.mx\/tienda\/#website"},"datePublished":"2026-04-10T06:21:50+00:00","dateModified":"2026-04-10T06:21:50+00:00","description":"Compra Ut1000gu No Break () 1000va \/ 500w, Interactivo, Indicadores Led, 8 Nema 5-15r 4 Respaldo \/ 4 Supresi\u00f3n Y Regulaci\u00f3n, Torre, Puerto Usb, Green Power, 2 A\u00f1os En Equipo, 1 A\u00f1o En Bater\u00eda. + Env\u00edo a domicilio + Pago seguro + Garant\u00eda","breadcrumb":{"@id":"https:\/\/compuviper.mx\/tienda\/producto\/cyberpower-ut1000gu-no-break-1000va-500w-interactivo-indicadores-led-8-nema-5-15r-4-respaldo-4-supresin-y-regulacin-torre-puerto-usb-green-power-2-aos-en-equipo-1-ao-en-batera\/#breadcrumb"},"inLanguage":"es-MX","potentialAction":[{"@type":"ReadAction","target":["https:\/\/compuviper.mx\/tienda\/producto\/cyberpower-ut1000gu-no-break-1000va-500w-interactivo-indicadores-led-8-nema-5-15r-4-respaldo-4-supresin-y-regulacin-torre-puerto-usb-green-power-2-aos-en-equipo-1-ao-en-batera\/"]}]},{"@type":"BreadcrumbList","@id":"https:\/\/compuviper.mx\/tienda\/producto\/cyberpower-ut1000gu-no-break-1000va-500w-interactivo-indicadores-led-8-nema-5-15r-4-respaldo-4-supresin-y-regulacin-torre-puerto-usb-green-power-2-aos-en-equipo-1-ao-en-batera\/#breadcrumb","itemListElement":[{"@type":"ListItem","position":1,"name":"Inicio","item":"https:\/\/compuviper.mx\/tienda\/"},{"@type":"ListItem","position":2,"name":"Productos","item":"https:\/\/compuviper.mx\/tienda\/productos\/"},{"@type":"ListItem","position":3,"name":"Energia","item":"https:\/\/compuviper.mx\/tienda\/categoria-producto\/energia\/"},{"@type":"ListItem","position":4,"name":"No Break","item":"https:\/\/compuviper.mx\/tienda\/categoria-producto\/energia\/no-break\/"},{"@type":"ListItem","position":5,"name":"Cyberpower Ut1000gu No Break () 1000va \/ 500w, Interactivo, Indicadores Led, 8 Nema 5-15r 4 Respaldo \/ 4 Supresi?n Y Regulaci?n, Torre, Puerto Usb, Green Power, 2 A?os En Equipo, 1 A?o En Bater?a."}]},{"@type":"WebSite","@id":"https:\/\/compuviper.mx\/tienda\/#website","url":"https:\/\/compuviper.mx\/tienda\/","name":"Compuviper","description":"Proveedor de Computadoras, Laptops, Servidores, Monitores, Puntos de Venta, Teclados,   Impresoras, T\u00f3ner, C\u00e1maras de Seguridad y m\u00e1s en tu tienda en l\u00ednea","publisher":{"@id":"https:\/\/compuviper.mx\/tienda\/#organization"},"potentialAction":[{"@type":"SearchAction","target":{"@type":"EntryPoint","urlTemplate":"https:\/\/compuviper.mx\/tienda\/?s={search_term_string}"},"query-input":"required name=search_term_string"}],"inLanguage":"es-MX"},{"@type":"Organization","@id":"https:\/\/compuviper.mx\/tienda\/#organization","name":"Compuviper","url":"https:\/\/compuviper.mx\/tienda\/","logo":{"@type":"ImageObject","inLanguage":"es-MX","@id":"https:\/\/compuviper.mx\/tienda\/#\/schema\/logo\/image\/","url":"https:\/\/compuviper.mx\/tienda\/wp-content\/uploads\/2021\/08\/Logo-Compuviper-10.png","contentUrl":"https:\/\/compuviper.mx\/tienda\/wp-content\/uploads\/2021\/08\/Logo-Compuviper-10.png","width":1000,"height":500,"caption":"Compuviper"},"image":{"@id":"https:\/\/compuviper.mx\/tienda\/#\/schema\/logo\/image\/"},"sameAs":["https:\/\/www.facebook.com\/compuviper","https:\/\/www.youtube.com\/channel\/UCf73dERp9Y3cfOq7q8BhLjA?view_as=subscriber"]}]},"product_brand":"CYBERPOWER","product_price_amount":"1839","product_price_currency":"MXN","og_availability":"instock","product_availability":"instock","product_retailer_item_id":"UT1000GU","product_condition":"new"},"_links":{"self":[{"href":"https:\/\/compuviper.mx\/tienda\/wp-json\/wp\/v2\/product\/217548"}],"collection":[{"href":"https:\/\/compuviper.mx\/tienda\/wp-json\/wp\/v2\/product"}],"about":[{"href":"https:\/\/compuviper.mx\/tienda\/wp-json\/wp\/v2\/types\/product"}],"replies":[{"embeddable":true,"href":"https:\/\/compuviper.mx\/tienda\/wp-json\/wp\/v2\/comments?post=217548"}],"wp:featuredmedia":[{"embeddable":true,"href":"https:\/\/compuviper.mx\/tienda\/wp-json\/wp\/v2\/media\/217549"}],"wp:attachment":[{"href":"https:\/\/compuviper.mx\/tienda\/wp-json\/wp\/v2\/media?parent=217548"}],"wp:term":[{"taxonomy":"product_cat","embeddable":true,"href":"https:\/\/compuviper.mx\/tienda\/wp-json\/wp\/v2\/product_cat?post=217548"},{"taxonomy":"product_tag","embeddable":true,"href":"https:\/\/compuviper.mx\/tienda\/wp-json\/wp\/v2\/product_tag?post=217548"}],"curies":[{"name":"wp","href":"https:\/\/api.w.org\/{rel}","templated":true}]}}