{"id":217534,"date":"2026-04-07T00:25:09","date_gmt":"2026-04-07T06:25:09","guid":{"rendered":"https:\/\/compuviper.mx\/tienda\/producto\/complet-ups-1-075-ups-50kva-50000va-40000w-ar-220-trifasico-on-line-senoidal-doble-conversion-alta-frecuencia-220v-trifasico-entrada-220v-120v-salida-respaldo-15-mins-carga-media-6-mins-carg\/"},"modified":"2026-04-07T00:25:09","modified_gmt":"2026-04-07T06:25:09","slug":"complet-ups-1-075-ups-50kva-50000va-40000w-ar-220-trifasico-on-line-senoidal-doble-conversion-alta-frecuencia-220v-trifasico-entrada-220v-120v-salida-respaldo-15-mins-carga-media-6-mins-carg","status":"publish","type":"product","link":"https:\/\/compuviper.mx\/tienda\/producto\/complet-ups-1-075-ups-50kva-50000va-40000w-ar-220-trifasico-on-line-senoidal-doble-conversion-alta-frecuencia-220v-trifasico-entrada-220v-120v-salida-respaldo-15-mins-carga-media-6-mins-carg\/","title":{"rendered":"Complet Ups-1-075 Ups 50kva 50000va \/ 40000w Ar 220 Trifasico On Line Senoidal Doble Conversion Alta Frecuencia . 220v Trifasico Entrada \/ 220v- 120v Salida. Respaldo 15 Mins Carga Media \/ 6 Mins Carga Maxima."},"content":{"rendered":"<table class=\"descripcion\">\n<tr>\n<td>N\u00ba de parte: ups-1-075<\/td>\n<\/tr>\n<tr>\n<td>Operacin: 3 fases de entrada \/ 3 fases de salida<\/td>\n<\/tr>\n<tr>\n<td>Capacidad: 50 000 va \/ 40 000 w<\/td>\n<\/tr>\n<tr>\n<td>Entrada<\/td>\n<\/tr>\n<tr>\n<td>Voltaje nominal: 3 x 220vca 3phnpe<\/td>\n<\/tr>\n<tr>\n<td>Rango de voltaje: 88v- 155vca l-n \/ 152- 269vca l-l<\/td>\n<\/tr>\n<tr>\n<td>Rango de frecuencia: 40-70hz<\/td>\n<\/tr>\n<tr>\n<td>Factor de potencia: 0.8<\/td>\n<\/tr>\n<tr>\n<td>Thdi:   al 5 a carga completa<\/td>\n<\/tr>\n<tr>\n<td>Salida<\/td>\n<\/tr>\n<tr>\n<td>Voltaje de salida: 200vca\/208vca\/220\/240vca 3phn<\/td>\n<\/tr>\n<tr>\n<td>Regulacion de voltaje ca modo batera: regulacion \/- 1<\/td>\n<\/tr>\n<tr>\n<td>Rango de frecuencia rango sincronizado: 56-64 hz<\/td>\n<\/tr>\n<tr>\n<td>Rango de frecuencia modo batera: 60 hz \/- 1<\/td>\n<\/tr>\n<tr>\n<td>Relacion de cresta de corriente: 3:1 max<\/td>\n<\/tr>\n<tr>\n<td>Distorcion harmonica:  2  thd carga lineal ; 3  thd carga no lineal<\/td>\n<\/tr>\n<tr>\n<td>Tiempo de             transferencia                       cero<\/td>\n<\/tr>\n<tr>\n<td>Transferencia         invertidor a bypass             cero<\/td>\n<\/tr>\n<tr>\n<td>Tiempo de respaldo a media carga y mxima carga minuto: 15 media carga \/ 8 mxima carga<\/td>\n<\/tr>\n<tr>\n<td>Forma de onda modo batera: senoidal<\/td>\n<\/tr>\n<tr>\n<td>Eficiencia<\/td>\n<\/tr>\n<tr>\n<td>Modo corriente alterna: 91<\/td>\n<\/tr>\n<tr>\n<td>Modo eco ecolgico: 97<\/td>\n<\/tr>\n<tr>\n<td>Modo    carga completa: 90<\/td>\n<\/tr>\n<tr>\n<td>Batera  pico:                   91.5<\/td>\n<\/tr>\n<tr>\n<td>Modulo de bateras mb-2: 7<\/td>\n<\/tr>\n<tr>\n<td>Voltaje nominal: \/-120vca<\/td>\n<\/tr>\n<tr>\n<td>Voltaje de carga:  \u00b1 137vca<\/td>\n<\/tr>\n<tr>\n<td>Tiempo de recarga: 9 horas para recuperar el 90 de capacidad<\/td>\n<\/tr>\n<tr>\n<td>Corriente de carga: \/-4 a<\/td>\n<\/tr>\n<tr>\n<td>Modulo de batera extra complet: ups-1-066<\/td>\n<\/tr>\n<tr>\n<td>Gabinete para modulos:<\/td>\n<\/tr>\n<tr>\n<td>Bateria mb-2:                       ups-1-067<\/td>\n<\/tr>\n<tr>\n<td>Indicadores<\/td>\n<\/tr>\n<tr>\n<td>Lcd\/led display: estado del ups, nivel de carga, nivel de batera, voltaje de entrada \/ salida,<\/td>\n<\/tr>\n<tr>\n<td>Temporizador de descarga y condiciones de falla<\/td>\n<\/tr>\n<tr>\n<td>Fisicamente<\/td>\n<\/tr>\n<tr>\n<td>Larga    dimensiones, a x l x h mm:  590mm x 950mm x 1420mm  2<\/td>\n<\/tr>\n<tr>\n<td>Carga    peso neto kg :   728<\/td>\n<\/tr>\n<tr>\n<td>Ambiente<\/td>\n<\/tr>\n<tr>\n<td>Humedad: 0-95  rh @ 0- 40\u00b0c no-condensado<\/td>\n<\/tr>\n<tr>\n<td>Altitud: por debajo de 2600m snm no afecta potencia<\/td>\n<\/tr>\n<tr>\n<td>Nivel de ruido: menos de 58db @ 1 metro<\/td>\n<\/tr>\n<tr>\n<td>Administracion<\/td>\n<\/tr>\n<tr>\n<td>Usb inteligente: soporta windows\u00ae 2000\/2003\/xp\/vista\/2008, windows\u00ae 7\/8, linux and mac<\/td>\n<\/tr>\n<tr>\n<td>Optcional snmp: dministracin de energa desde el administrador de snmp y el navegador web<\/td>\n<\/tr>\n<tr>\n<td>Garanta total: 24 meses<\/td>\n<\/tr>\n<tr>\n<td>Sustitucin inmediata: 6 meses<\/td>\n<\/tr>\n<tr>\n<td>Garanta en bateras: 12 meses<\/td>\n<\/tr>\n<\/table>\n","protected":false},"excerpt":{"rendered":"<p>Equipos profesionales orientados a negocios que buscan continuidad en su operacion. Los equipos complet con sistema de doble conversion ofrecen una proteccion sin igual, ya que aislan por completo sus equipos sensibles de los disturbios que existen en la red elctrica comercial. Su forma de onda senoidal generada en alta frecuencia alimenta a cualquier equipo informatico, centros de datos, equipos de telecomunicaciones u otros, ofreciendo economia y gran rendimiento. Al estar trabajando en forma continua el equipo respaldado no tendra ninguna interrupcion en el suministro electrico. Estos equipos pueden ser monitoreados remotamente a traves de la tarjeta snmp opcional.<\/p>\n","protected":false},"featured_media":217535,"comment_status":"open","ping_status":"open","template":"","meta":[],"product_cat":[1508,1691],"product_tag":[1697],"acf":[],"yoast_head":"<!-- This site is optimized with the Yoast SEO plugin v21.7 - https:\/\/yoast.com\/wordpress\/plugins\/seo\/ -->\n<title>[ Complet ] &#129351; Ups-1-075 Ups 50kva 50000va \/ 40000w Ar 220 Trifasico On Line Senoidal Doble Conversion Alta Frecuencia . 220v Trifasico Entrada \/ 220v- 120v Salida. Respaldo 15 Mins Carga Media \/ 6 Mins Carga Maxima.<\/title>\n<meta name=\"description\" content=\"Compra Ups-1-075 Ups 50kva 50000va \/ 40000w Ar 220 Trifasico On Line Senoidal Doble Conversion Alta Frecuencia . 220v Trifasico Entrada \/ 220v- 120v Salida. Respaldo 15 Mins Carga Media \/ 6 Mins Carga Maxima. + Env\u00edo a domicilio + Pago seguro + Garant\u00eda\" \/>\n<meta name=\"robots\" content=\"index, follow, max-snippet:-1, max-image-preview:large, max-video-preview:-1\" \/>\n<link rel=\"canonical\" href=\"https:\/\/compuviper.mx\/tienda\/producto\/complet-ups-1-075-ups-50kva-50000va-40000w-ar-220-trifasico-on-line-senoidal-doble-conversion-alta-frecuencia-220v-trifasico-entrada-220v-120v-salida-respaldo-15-mins-carga-media-6-mins-carg\/\" \/>\n<meta property=\"og:locale\" content=\"es_MX\" \/>\n<meta property=\"og:type\" content=\"article\" \/>\n<meta property=\"og:title\" content=\"[ Complet ] &#129351; Ups-1-075 Ups 50kva 50000va \/ 40000w Ar 220 Trifasico On Line Senoidal Doble Conversion Alta Frecuencia . 220v Trifasico Entrada \/ 220v- 120v Salida. Respaldo 15 Mins Carga Media \/ 6 Mins Carga Maxima.\" \/>\n<meta property=\"og:description\" content=\"Compra Ups-1-075 Ups 50kva 50000va \/ 40000w Ar 220 Trifasico On Line Senoidal Doble Conversion Alta Frecuencia . 220v Trifasico Entrada \/ 220v- 120v Salida. Respaldo 15 Mins Carga Media \/ 6 Mins Carga Maxima. + Env\u00edo a domicilio + Pago seguro + Garant\u00eda\" \/>\n<meta property=\"og:url\" content=\"https:\/\/compuviper.mx\/tienda\/producto\/complet-ups-1-075-ups-50kva-50000va-40000w-ar-220-trifasico-on-line-senoidal-doble-conversion-alta-frecuencia-220v-trifasico-entrada-220v-120v-salida-respaldo-15-mins-carga-media-6-mins-carg\/\" \/>\n<meta property=\"og:site_name\" content=\"Compuviper\" \/>\n<meta property=\"article:publisher\" content=\"https:\/\/www.facebook.com\/compuviper\" \/>\n<meta property=\"og:image\" content=\"https:\/\/compuviper.mx\/tienda\/wp-content\/uploads\/2023\/12\/Ups-50kva-50000va-40000w-ar-220-trifasico-on-line-senoidal-doble-conversion-alta-frecuencia-complet.-220v-trifasico-entrada-220v-120v-salida.-respaldo-15-mins-carga-media-6-mins-carga-maxima.jpg\" \/>\n\t<meta property=\"og:image:width\" content=\"200\" \/>\n\t<meta property=\"og:image:height\" content=\"200\" \/>\n\t<meta property=\"og:image:type\" content=\"image\/jpeg\" \/>\n<meta name=\"twitter:card\" content=\"summary_large_image\" \/>\n<meta name=\"twitter:label1\" content=\"Precio\" \/>\n\t<meta name=\"twitter:data1\" content=\"&#36;428,416 con IVA\" \/>\n\t<meta name=\"twitter:label2\" content=\"Availability\" \/>\n\t<meta name=\"twitter:data2\" content=\"On backorder\" \/>\n<script type=\"application\/ld+json\" class=\"yoast-schema-graph\">{\"@context\":\"https:\/\/schema.org\",\"@graph\":[{\"@type\":\"WebPage\",\"@id\":\"https:\/\/compuviper.mx\/tienda\/producto\/complet-ups-1-075-ups-50kva-50000va-40000w-ar-220-trifasico-on-line-senoidal-doble-conversion-alta-frecuencia-220v-trifasico-entrada-220v-120v-salida-respaldo-15-mins-carga-media-6-mins-carg\/\",\"url\":\"https:\/\/compuviper.mx\/tienda\/producto\/complet-ups-1-075-ups-50kva-50000va-40000w-ar-220-trifasico-on-line-senoidal-doble-conversion-alta-frecuencia-220v-trifasico-entrada-220v-120v-salida-respaldo-15-mins-carga-media-6-mins-carg\/\",\"name\":\"[ Complet ] &#129351; Ups-1-075 Ups 50kva 50000va \/ 40000w Ar 220 Trifasico On Line Senoidal Doble Conversion Alta Frecuencia . 220v Trifasico Entrada \/ 220v- 120v Salida. Respaldo 15 Mins Carga Media \/ 6 Mins Carga Maxima.\",\"isPartOf\":{\"@id\":\"https:\/\/compuviper.mx\/tienda\/#website\"},\"datePublished\":\"2026-04-07T06:25:09+00:00\",\"dateModified\":\"2026-04-07T06:25:09+00:00\",\"description\":\"Compra Ups-1-075 Ups 50kva 50000va \/ 40000w Ar 220 Trifasico On Line Senoidal Doble Conversion Alta Frecuencia . 220v Trifasico Entrada \/ 220v- 120v Salida. Respaldo 15 Mins Carga Media \/ 6 Mins Carga Maxima. + Env\u00edo a domicilio + Pago seguro + Garant\u00eda\",\"breadcrumb\":{\"@id\":\"https:\/\/compuviper.mx\/tienda\/producto\/complet-ups-1-075-ups-50kva-50000va-40000w-ar-220-trifasico-on-line-senoidal-doble-conversion-alta-frecuencia-220v-trifasico-entrada-220v-120v-salida-respaldo-15-mins-carga-media-6-mins-carg\/#breadcrumb\"},\"inLanguage\":\"es-MX\",\"potentialAction\":[{\"@type\":\"ReadAction\",\"target\":[\"https:\/\/compuviper.mx\/tienda\/producto\/complet-ups-1-075-ups-50kva-50000va-40000w-ar-220-trifasico-on-line-senoidal-doble-conversion-alta-frecuencia-220v-trifasico-entrada-220v-120v-salida-respaldo-15-mins-carga-media-6-mins-carg\/\"]}]},{\"@type\":\"BreadcrumbList\",\"@id\":\"https:\/\/compuviper.mx\/tienda\/producto\/complet-ups-1-075-ups-50kva-50000va-40000w-ar-220-trifasico-on-line-senoidal-doble-conversion-alta-frecuencia-220v-trifasico-entrada-220v-120v-salida-respaldo-15-mins-carga-media-6-mins-carg\/#breadcrumb\",\"itemListElement\":[{\"@type\":\"ListItem\",\"position\":1,\"name\":\"Inicio\",\"item\":\"https:\/\/compuviper.mx\/tienda\/\"},{\"@type\":\"ListItem\",\"position\":2,\"name\":\"Productos\",\"item\":\"https:\/\/compuviper.mx\/tienda\/productos\/\"},{\"@type\":\"ListItem\",\"position\":3,\"name\":\"Energia\",\"item\":\"https:\/\/compuviper.mx\/tienda\/categoria-producto\/energia\/\"},{\"@type\":\"ListItem\",\"position\":4,\"name\":\"No Break\",\"item\":\"https:\/\/compuviper.mx\/tienda\/categoria-producto\/energia\/no-break\/\"},{\"@type\":\"ListItem\",\"position\":5,\"name\":\"Complet Ups-1-075 Ups 50kva 50000va \/ 40000w Ar 220 Trifasico On Line Senoidal Doble Conversion Alta Frecuencia . 220v Trifasico Entrada \/ 220v- 120v Salida. Respaldo 15 Mins Carga Media \/ 6 Mins Carga Maxima.\"}]},{\"@type\":\"WebSite\",\"@id\":\"https:\/\/compuviper.mx\/tienda\/#website\",\"url\":\"https:\/\/compuviper.mx\/tienda\/\",\"name\":\"Compuviper\",\"description\":\"Proveedor de Computadoras, Laptops, Servidores, Monitores, Puntos de Venta, Teclados,   Impresoras, T\u00f3ner, C\u00e1maras de Seguridad y m\u00e1s en tu tienda en l\u00ednea\",\"publisher\":{\"@id\":\"https:\/\/compuviper.mx\/tienda\/#organization\"},\"potentialAction\":[{\"@type\":\"SearchAction\",\"target\":{\"@type\":\"EntryPoint\",\"urlTemplate\":\"https:\/\/compuviper.mx\/tienda\/?s={search_term_string}\"},\"query-input\":\"required name=search_term_string\"}],\"inLanguage\":\"es-MX\"},{\"@type\":\"Organization\",\"@id\":\"https:\/\/compuviper.mx\/tienda\/#organization\",\"name\":\"Compuviper\",\"url\":\"https:\/\/compuviper.mx\/tienda\/\",\"logo\":{\"@type\":\"ImageObject\",\"inLanguage\":\"es-MX\",\"@id\":\"https:\/\/compuviper.mx\/tienda\/#\/schema\/logo\/image\/\",\"url\":\"https:\/\/compuviper.mx\/tienda\/wp-content\/uploads\/2021\/08\/Logo-Compuviper-10.png\",\"contentUrl\":\"https:\/\/compuviper.mx\/tienda\/wp-content\/uploads\/2021\/08\/Logo-Compuviper-10.png\",\"width\":1000,\"height\":500,\"caption\":\"Compuviper\"},\"image\":{\"@id\":\"https:\/\/compuviper.mx\/tienda\/#\/schema\/logo\/image\/\"},\"sameAs\":[\"https:\/\/www.facebook.com\/compuviper\",\"https:\/\/www.youtube.com\/channel\/UCf73dERp9Y3cfOq7q8BhLjA?view_as=subscriber\"]}]}<\/script>\n<meta property=\"product:brand\" content=\"COMPLET\" \/>\n<meta property=\"product:price:amount\" content=\"428416\" \/>\n<meta property=\"product:price:currency\" content=\"MXN\" \/>\n<meta property=\"og:availability\" content=\"backorder\" \/>\n<meta property=\"product:availability\" content=\"available for order\" \/>\n<meta property=\"product:retailer_item_id\" content=\"UPS-1-075\" \/>\n<meta property=\"product:condition\" content=\"new\" \/>\n<!-- \/ Yoast SEO plugin. -->","yoast_head_json":{"title":"[ Complet ] &#129351; Ups-1-075 Ups 50kva 50000va \/ 40000w Ar 220 Trifasico On Line Senoidal Doble Conversion Alta Frecuencia . 220v Trifasico Entrada \/ 220v- 120v Salida. Respaldo 15 Mins Carga Media \/ 6 Mins Carga Maxima.","description":"Compra Ups-1-075 Ups 50kva 50000va \/ 40000w Ar 220 Trifasico On Line Senoidal Doble Conversion Alta Frecuencia . 220v Trifasico Entrada \/ 220v- 120v Salida. Respaldo 15 Mins Carga Media \/ 6 Mins Carga Maxima. + Env\u00edo a domicilio + Pago seguro + Garant\u00eda","robots":{"index":"index","follow":"follow","max-snippet":"max-snippet:-1","max-image-preview":"max-image-preview:large","max-video-preview":"max-video-preview:-1"},"canonical":"https:\/\/compuviper.mx\/tienda\/producto\/complet-ups-1-075-ups-50kva-50000va-40000w-ar-220-trifasico-on-line-senoidal-doble-conversion-alta-frecuencia-220v-trifasico-entrada-220v-120v-salida-respaldo-15-mins-carga-media-6-mins-carg\/","og_locale":"es_MX","og_type":"article","og_title":"[ Complet ] &#129351; Ups-1-075 Ups 50kva 50000va \/ 40000w Ar 220 Trifasico On Line Senoidal Doble Conversion Alta Frecuencia . 220v Trifasico Entrada \/ 220v- 120v Salida. Respaldo 15 Mins Carga Media \/ 6 Mins Carga Maxima.","og_description":"Compra Ups-1-075 Ups 50kva 50000va \/ 40000w Ar 220 Trifasico On Line Senoidal Doble Conversion Alta Frecuencia . 220v Trifasico Entrada \/ 220v- 120v Salida. Respaldo 15 Mins Carga Media \/ 6 Mins Carga Maxima. + Env\u00edo a domicilio + Pago seguro + Garant\u00eda","og_url":"https:\/\/compuviper.mx\/tienda\/producto\/complet-ups-1-075-ups-50kva-50000va-40000w-ar-220-trifasico-on-line-senoidal-doble-conversion-alta-frecuencia-220v-trifasico-entrada-220v-120v-salida-respaldo-15-mins-carga-media-6-mins-carg\/","og_site_name":"Compuviper","article_publisher":"https:\/\/www.facebook.com\/compuviper","og_image":[{"width":200,"height":200,"url":"https:\/\/compuviper.mx\/tienda\/wp-content\/uploads\/2023\/12\/Ups-50kva-50000va-40000w-ar-220-trifasico-on-line-senoidal-doble-conversion-alta-frecuencia-complet.-220v-trifasico-entrada-220v-120v-salida.-respaldo-15-mins-carga-media-6-mins-carga-maxima.jpg","type":"image\/jpeg"}],"twitter_card":"summary_large_image","twitter_misc":{"Precio":"&#36;428,416 con IVA","Availability":"On backorder"},"schema":{"@context":"https:\/\/schema.org","@graph":[{"@type":"WebPage","@id":"https:\/\/compuviper.mx\/tienda\/producto\/complet-ups-1-075-ups-50kva-50000va-40000w-ar-220-trifasico-on-line-senoidal-doble-conversion-alta-frecuencia-220v-trifasico-entrada-220v-120v-salida-respaldo-15-mins-carga-media-6-mins-carg\/","url":"https:\/\/compuviper.mx\/tienda\/producto\/complet-ups-1-075-ups-50kva-50000va-40000w-ar-220-trifasico-on-line-senoidal-doble-conversion-alta-frecuencia-220v-trifasico-entrada-220v-120v-salida-respaldo-15-mins-carga-media-6-mins-carg\/","name":"[ Complet ] &#129351; Ups-1-075 Ups 50kva 50000va \/ 40000w Ar 220 Trifasico On Line Senoidal Doble Conversion Alta Frecuencia . 220v Trifasico Entrada \/ 220v- 120v Salida. Respaldo 15 Mins Carga Media \/ 6 Mins Carga Maxima.","isPartOf":{"@id":"https:\/\/compuviper.mx\/tienda\/#website"},"datePublished":"2026-04-07T06:25:09+00:00","dateModified":"2026-04-07T06:25:09+00:00","description":"Compra Ups-1-075 Ups 50kva 50000va \/ 40000w Ar 220 Trifasico On Line Senoidal Doble Conversion Alta Frecuencia . 220v Trifasico Entrada \/ 220v- 120v Salida. Respaldo 15 Mins Carga Media \/ 6 Mins Carga Maxima. + Env\u00edo a domicilio + Pago seguro + Garant\u00eda","breadcrumb":{"@id":"https:\/\/compuviper.mx\/tienda\/producto\/complet-ups-1-075-ups-50kva-50000va-40000w-ar-220-trifasico-on-line-senoidal-doble-conversion-alta-frecuencia-220v-trifasico-entrada-220v-120v-salida-respaldo-15-mins-carga-media-6-mins-carg\/#breadcrumb"},"inLanguage":"es-MX","potentialAction":[{"@type":"ReadAction","target":["https:\/\/compuviper.mx\/tienda\/producto\/complet-ups-1-075-ups-50kva-50000va-40000w-ar-220-trifasico-on-line-senoidal-doble-conversion-alta-frecuencia-220v-trifasico-entrada-220v-120v-salida-respaldo-15-mins-carga-media-6-mins-carg\/"]}]},{"@type":"BreadcrumbList","@id":"https:\/\/compuviper.mx\/tienda\/producto\/complet-ups-1-075-ups-50kva-50000va-40000w-ar-220-trifasico-on-line-senoidal-doble-conversion-alta-frecuencia-220v-trifasico-entrada-220v-120v-salida-respaldo-15-mins-carga-media-6-mins-carg\/#breadcrumb","itemListElement":[{"@type":"ListItem","position":1,"name":"Inicio","item":"https:\/\/compuviper.mx\/tienda\/"},{"@type":"ListItem","position":2,"name":"Productos","item":"https:\/\/compuviper.mx\/tienda\/productos\/"},{"@type":"ListItem","position":3,"name":"Energia","item":"https:\/\/compuviper.mx\/tienda\/categoria-producto\/energia\/"},{"@type":"ListItem","position":4,"name":"No Break","item":"https:\/\/compuviper.mx\/tienda\/categoria-producto\/energia\/no-break\/"},{"@type":"ListItem","position":5,"name":"Complet Ups-1-075 Ups 50kva 50000va \/ 40000w Ar 220 Trifasico On Line Senoidal Doble Conversion Alta Frecuencia . 220v Trifasico Entrada \/ 220v- 120v Salida. Respaldo 15 Mins Carga Media \/ 6 Mins Carga Maxima."}]},{"@type":"WebSite","@id":"https:\/\/compuviper.mx\/tienda\/#website","url":"https:\/\/compuviper.mx\/tienda\/","name":"Compuviper","description":"Proveedor de Computadoras, Laptops, Servidores, Monitores, Puntos de Venta, Teclados,   Impresoras, T\u00f3ner, C\u00e1maras de Seguridad y m\u00e1s en tu tienda en l\u00ednea","publisher":{"@id":"https:\/\/compuviper.mx\/tienda\/#organization"},"potentialAction":[{"@type":"SearchAction","target":{"@type":"EntryPoint","urlTemplate":"https:\/\/compuviper.mx\/tienda\/?s={search_term_string}"},"query-input":"required name=search_term_string"}],"inLanguage":"es-MX"},{"@type":"Organization","@id":"https:\/\/compuviper.mx\/tienda\/#organization","name":"Compuviper","url":"https:\/\/compuviper.mx\/tienda\/","logo":{"@type":"ImageObject","inLanguage":"es-MX","@id":"https:\/\/compuviper.mx\/tienda\/#\/schema\/logo\/image\/","url":"https:\/\/compuviper.mx\/tienda\/wp-content\/uploads\/2021\/08\/Logo-Compuviper-10.png","contentUrl":"https:\/\/compuviper.mx\/tienda\/wp-content\/uploads\/2021\/08\/Logo-Compuviper-10.png","width":1000,"height":500,"caption":"Compuviper"},"image":{"@id":"https:\/\/compuviper.mx\/tienda\/#\/schema\/logo\/image\/"},"sameAs":["https:\/\/www.facebook.com\/compuviper","https:\/\/www.youtube.com\/channel\/UCf73dERp9Y3cfOq7q8BhLjA?view_as=subscriber"]}]},"product_brand":"COMPLET","product_price_amount":"428416","product_price_currency":"MXN","og_availability":"backorder","product_availability":"available for order","product_retailer_item_id":"UPS-1-075","product_condition":"new"},"_links":{"self":[{"href":"https:\/\/compuviper.mx\/tienda\/wp-json\/wp\/v2\/product\/217534"}],"collection":[{"href":"https:\/\/compuviper.mx\/tienda\/wp-json\/wp\/v2\/product"}],"about":[{"href":"https:\/\/compuviper.mx\/tienda\/wp-json\/wp\/v2\/types\/product"}],"replies":[{"embeddable":true,"href":"https:\/\/compuviper.mx\/tienda\/wp-json\/wp\/v2\/comments?post=217534"}],"wp:featuredmedia":[{"embeddable":true,"href":"https:\/\/compuviper.mx\/tienda\/wp-json\/wp\/v2\/media\/217535"}],"wp:attachment":[{"href":"https:\/\/compuviper.mx\/tienda\/wp-json\/wp\/v2\/media?parent=217534"}],"wp:term":[{"taxonomy":"product_cat","embeddable":true,"href":"https:\/\/compuviper.mx\/tienda\/wp-json\/wp\/v2\/product_cat?post=217534"},{"taxonomy":"product_tag","embeddable":true,"href":"https:\/\/compuviper.mx\/tienda\/wp-json\/wp\/v2\/product_tag?post=217534"}],"curies":[{"name":"wp","href":"https:\/\/api.w.org\/{rel}","templated":true}]}}