{"id":217506,"date":"2026-04-15T00:30:10","date_gmt":"2026-04-15T06:30:10","guid":{"rendered":"https:\/\/compuviper.mx\/tienda\/producto\/cyberpower-rb1270b-batera-de-reemplazo-de-12v-7-2ah-garanta-de-18-meses\/"},"modified":"2026-04-15T00:30:10","modified_gmt":"2026-04-15T06:30:10","slug":"cyberpower-rb1270b-batera-de-reemplazo-de-12v-7-2ah-garanta-de-18-meses","status":"publish","type":"product","link":"https:\/\/compuviper.mx\/tienda\/producto\/cyberpower-rb1270b-batera-de-reemplazo-de-12v-7-2ah-garanta-de-18-meses\/","title":{"rendered":"Cyberpower Rb1270b Batera   De Reemplazo De 12v, 7.2ah.. Garanta De 18 Meses"},"content":{"rendered":"<table class=\"descripcion\">\n<tr>\n<td>Bater\u00eda<\/td>\n<\/tr>\n<tr>\n<td>Tipo de bater\u00eda \u00e1cido de plomo sellado<\/td>\n<\/tr>\n<tr>\n<td>Tama\u00f1o de la bater\u00eda 12v \/ 7.2ah<\/td>\n<\/tr>\n<tr>\n<td>Reemplazable por el usuario si<\/td>\n<\/tr>\n<tr>\n<td>Numero de baterias 1<\/td>\n<\/tr>\n<tr>\n<td>F\u00edsico<\/td>\n<\/tr>\n<tr>\n<td>Dimensiones &#8211; w \u00d7 h \u00d7 d (in) 5.95 x 3.7 x 2.55 pulgadas<\/td>\n<\/tr>\n<tr>\n<td>Peso libras) 5.69<\/td>\n<\/tr>\n<tr>\n<td>Dimensiones de env\u00edo &#8211; w \u00d7 h \u00d7 d (in) 8.81 x 6.57 x 3.66<\/td>\n<\/tr>\n<tr>\n<td>Peso de env\u00edo (lb) 6.18<\/td>\n<\/tr>\n<tr>\n<td>Ambiental<\/td>\n<\/tr>\n<tr>\n<td>Temperatura de funcionamiento 32-104 \u00b0 f (0-40 \u00b0 c)<\/td>\n<\/tr>\n<tr>\n<td>Humedad de funcionamiento 0 &#8211; 90% (sin condensaci\u00f3n)<\/td>\n<\/tr>\n<tr>\n<td>Contenido<\/td>\n<\/tr>\n<tr>\n<td>El paquete incluye kit de bater\u00eda y gu\u00eda de instalaci\u00f3n<\/td>\n<\/tr>\n<tr>\n<td>Compatibilidad<\/td>\n<\/tr>\n<tr>\n<td>Modelos de ups<\/td>\n<\/tr>\n<tr>\n<td>Avrg750u<\/td>\n<\/tr>\n<tr>\n<td>Avrg750lcd<\/td>\n<\/tr>\n<tr>\n<td>Cp685avrlcd<\/td>\n<\/tr>\n<tr>\n<td>Cp585lcd<\/td>\n<\/tr>\n<tr>\n<td>Cp600lcd<\/td>\n<\/tr>\n<tr>\n<td>Cps585avr<\/td>\n<\/tr>\n<tr>\n<td>Cps625avr<\/td>\n<\/tr>\n<tr>\n<td>Cp685avrg<\/td>\n<\/tr>\n<tr>\n<td>Op650<\/td>\n<\/tr>\n<tr>\n<td>Garant\u00eda<\/td>\n<\/tr>\n<tr>\n<td>La garant\u00eda del producto 18 meses.<\/td>\n<\/tr>\n<\/table>\n","protected":false},"excerpt":{"rendered":"<p>El cartucho de bater\u00eda de repuesto para ups rb1270b restaura la vida de los sistemas de ups cyberpower que tienen bater\u00edas internas d\u00e9biles o completamente agotadas. El rb1270b contiene una bater\u00eda de 12v \/ 7.2ah, certificada para cumplir o exceder las especificaciones originales del fabricante. Esta bater\u00eda de plomo-\u00e1cido sellada a prueba de fugas nunca requiere fluido de reemplazo. El cartucho preensamblado se instala f\u00e1cilmente en su sistema ups cyberpower y se env\u00eda con un embalaje reutilizable para entregar las bater\u00edas caducadas en un centro de reciclaje adecuado. El rb1270b viene con instrucciones, informaci\u00f3n de reciclaje y una garant\u00eda de dieciocho meses.<\/p>\n","protected":false},"featured_media":217507,"comment_status":"open","ping_status":"open","template":"","meta":[],"product_cat":[1508,1511],"product_tag":[1692],"acf":[],"yoast_head":"<!-- This site is optimized with the Yoast SEO plugin v21.7 - https:\/\/yoast.com\/wordpress\/plugins\/seo\/ -->\n<title>[ Cyberpower ] &#129351; Rb1270b Batera De Reemplazo De 12v, 7.2ah.. Garanta De 18 Meses<\/title>\n<meta name=\"description\" content=\"Compra Rb1270b Batera De Reemplazo De 12v, 7.2ah.. Garanta De 18 Meses + Env\u00edo a domicilio + Pago seguro + Garant\u00eda\" \/>\n<meta name=\"robots\" content=\"index, follow, max-snippet:-1, max-image-preview:large, max-video-preview:-1\" \/>\n<link rel=\"canonical\" href=\"https:\/\/compuviper.mx\/tienda\/producto\/cyberpower-rb1270b-batera-de-reemplazo-de-12v-7-2ah-garanta-de-18-meses\/\" \/>\n<meta property=\"og:locale\" content=\"es_MX\" \/>\n<meta property=\"og:type\" content=\"article\" \/>\n<meta property=\"og:title\" content=\"[ Cyberpower ] &#129351; Rb1270b Batera De Reemplazo De 12v, 7.2ah.. Garanta De 18 Meses\" \/>\n<meta property=\"og:description\" content=\"Compra Rb1270b Batera De Reemplazo De 12v, 7.2ah.. Garanta De 18 Meses + Env\u00edo a domicilio + Pago seguro + Garant\u00eda\" \/>\n<meta property=\"og:url\" content=\"https:\/\/compuviper.mx\/tienda\/producto\/cyberpower-rb1270b-batera-de-reemplazo-de-12v-7-2ah-garanta-de-18-meses\/\" \/>\n<meta property=\"og:site_name\" content=\"Compuviper\" \/>\n<meta property=\"article:publisher\" content=\"https:\/\/www.facebook.com\/compuviper\" \/>\n<meta property=\"og:image\" content=\"https:\/\/compuviper.mx\/tienda\/wp-content\/uploads\/2023\/12\/Bateria-cyberpower-rb1270b-de-reemplazo-de-12v-7.2ah.-garantia-de-18-meses.jpg\" \/>\n\t<meta property=\"og:image:width\" content=\"200\" \/>\n\t<meta property=\"og:image:height\" content=\"200\" \/>\n\t<meta property=\"og:image:type\" content=\"image\/jpeg\" \/>\n<meta name=\"twitter:card\" content=\"summary_large_image\" \/>\n<meta name=\"twitter:label1\" content=\"Precio\" \/>\n\t<meta name=\"twitter:data1\" content=\"&#36;1,005 &#36;971 con IVA\" \/>\n\t<meta name=\"twitter:label2\" content=\"Availability\" \/>\n\t<meta name=\"twitter:data2\" content=\"Out of stock\" \/>\n<script type=\"application\/ld+json\" class=\"yoast-schema-graph\">{\"@context\":\"https:\/\/schema.org\",\"@graph\":[{\"@type\":\"WebPage\",\"@id\":\"https:\/\/compuviper.mx\/tienda\/producto\/cyberpower-rb1270b-batera-de-reemplazo-de-12v-7-2ah-garanta-de-18-meses\/\",\"url\":\"https:\/\/compuviper.mx\/tienda\/producto\/cyberpower-rb1270b-batera-de-reemplazo-de-12v-7-2ah-garanta-de-18-meses\/\",\"name\":\"[ Cyberpower ] &#129351; Rb1270b Batera De Reemplazo De 12v, 7.2ah.. Garanta De 18 Meses\",\"isPartOf\":{\"@id\":\"https:\/\/compuviper.mx\/tienda\/#website\"},\"datePublished\":\"2026-04-15T06:30:10+00:00\",\"dateModified\":\"2026-04-15T06:30:10+00:00\",\"description\":\"Compra Rb1270b Batera De Reemplazo De 12v, 7.2ah.. Garanta De 18 Meses + Env\u00edo a domicilio + Pago seguro + Garant\u00eda\",\"breadcrumb\":{\"@id\":\"https:\/\/compuviper.mx\/tienda\/producto\/cyberpower-rb1270b-batera-de-reemplazo-de-12v-7-2ah-garanta-de-18-meses\/#breadcrumb\"},\"inLanguage\":\"es-MX\",\"potentialAction\":[{\"@type\":\"ReadAction\",\"target\":[\"https:\/\/compuviper.mx\/tienda\/producto\/cyberpower-rb1270b-batera-de-reemplazo-de-12v-7-2ah-garanta-de-18-meses\/\"]}]},{\"@type\":\"BreadcrumbList\",\"@id\":\"https:\/\/compuviper.mx\/tienda\/producto\/cyberpower-rb1270b-batera-de-reemplazo-de-12v-7-2ah-garanta-de-18-meses\/#breadcrumb\",\"itemListElement\":[{\"@type\":\"ListItem\",\"position\":1,\"name\":\"Inicio\",\"item\":\"https:\/\/compuviper.mx\/tienda\/\"},{\"@type\":\"ListItem\",\"position\":2,\"name\":\"Productos\",\"item\":\"https:\/\/compuviper.mx\/tienda\/productos\/\"},{\"@type\":\"ListItem\",\"position\":3,\"name\":\"Energia\",\"item\":\"https:\/\/compuviper.mx\/tienda\/categoria-producto\/energia\/\"},{\"@type\":\"ListItem\",\"position\":4,\"name\":\"Bateria\",\"item\":\"https:\/\/compuviper.mx\/tienda\/categoria-producto\/energia\/bateria\/\"},{\"@type\":\"ListItem\",\"position\":5,\"name\":\"Cyberpower Rb1270b Batera De Reemplazo De 12v, 7.2ah.. Garanta De 18 Meses\"}]},{\"@type\":\"WebSite\",\"@id\":\"https:\/\/compuviper.mx\/tienda\/#website\",\"url\":\"https:\/\/compuviper.mx\/tienda\/\",\"name\":\"Compuviper\",\"description\":\"Proveedor de Computadoras, Laptops, Servidores, Monitores, Puntos de Venta, Teclados,   Impresoras, T\u00f3ner, C\u00e1maras de Seguridad y m\u00e1s en tu tienda en l\u00ednea\",\"publisher\":{\"@id\":\"https:\/\/compuviper.mx\/tienda\/#organization\"},\"potentialAction\":[{\"@type\":\"SearchAction\",\"target\":{\"@type\":\"EntryPoint\",\"urlTemplate\":\"https:\/\/compuviper.mx\/tienda\/?s={search_term_string}\"},\"query-input\":\"required name=search_term_string\"}],\"inLanguage\":\"es-MX\"},{\"@type\":\"Organization\",\"@id\":\"https:\/\/compuviper.mx\/tienda\/#organization\",\"name\":\"Compuviper\",\"url\":\"https:\/\/compuviper.mx\/tienda\/\",\"logo\":{\"@type\":\"ImageObject\",\"inLanguage\":\"es-MX\",\"@id\":\"https:\/\/compuviper.mx\/tienda\/#\/schema\/logo\/image\/\",\"url\":\"https:\/\/compuviper.mx\/tienda\/wp-content\/uploads\/2021\/08\/Logo-Compuviper-10.png\",\"contentUrl\":\"https:\/\/compuviper.mx\/tienda\/wp-content\/uploads\/2021\/08\/Logo-Compuviper-10.png\",\"width\":1000,\"height\":500,\"caption\":\"Compuviper\"},\"image\":{\"@id\":\"https:\/\/compuviper.mx\/tienda\/#\/schema\/logo\/image\/\"},\"sameAs\":[\"https:\/\/www.facebook.com\/compuviper\",\"https:\/\/www.youtube.com\/channel\/UCf73dERp9Y3cfOq7q8BhLjA?view_as=subscriber\"]}]}<\/script>\n<meta property=\"product:brand\" content=\"CYBERPOWER\" \/>\n<meta property=\"product:price:amount\" content=\"971\" \/>\n<meta property=\"product:price:currency\" content=\"MXN\" \/>\n<meta property=\"og:availability\" content=\"out of stock\" \/>\n<meta property=\"product:availability\" content=\"out of stock\" \/>\n<meta property=\"product:retailer_item_id\" content=\"RB1270B\" \/>\n<meta property=\"product:condition\" content=\"new\" \/>\n<!-- \/ Yoast SEO plugin. -->","yoast_head_json":{"title":"[ Cyberpower ] &#129351; Rb1270b Batera De Reemplazo De 12v, 7.2ah.. Garanta De 18 Meses","description":"Compra Rb1270b Batera De Reemplazo De 12v, 7.2ah.. Garanta De 18 Meses + Env\u00edo a domicilio + Pago seguro + Garant\u00eda","robots":{"index":"index","follow":"follow","max-snippet":"max-snippet:-1","max-image-preview":"max-image-preview:large","max-video-preview":"max-video-preview:-1"},"canonical":"https:\/\/compuviper.mx\/tienda\/producto\/cyberpower-rb1270b-batera-de-reemplazo-de-12v-7-2ah-garanta-de-18-meses\/","og_locale":"es_MX","og_type":"article","og_title":"[ Cyberpower ] &#129351; Rb1270b Batera De Reemplazo De 12v, 7.2ah.. Garanta De 18 Meses","og_description":"Compra Rb1270b Batera De Reemplazo De 12v, 7.2ah.. Garanta De 18 Meses + Env\u00edo a domicilio + Pago seguro + Garant\u00eda","og_url":"https:\/\/compuviper.mx\/tienda\/producto\/cyberpower-rb1270b-batera-de-reemplazo-de-12v-7-2ah-garanta-de-18-meses\/","og_site_name":"Compuviper","article_publisher":"https:\/\/www.facebook.com\/compuviper","og_image":[{"width":200,"height":200,"url":"https:\/\/compuviper.mx\/tienda\/wp-content\/uploads\/2023\/12\/Bateria-cyberpower-rb1270b-de-reemplazo-de-12v-7.2ah.-garantia-de-18-meses.jpg","type":"image\/jpeg"}],"twitter_card":"summary_large_image","twitter_misc":{"Precio":"&#36;1,005 &#36;971 con IVA","Availability":"Out of stock"},"schema":{"@context":"https:\/\/schema.org","@graph":[{"@type":"WebPage","@id":"https:\/\/compuviper.mx\/tienda\/producto\/cyberpower-rb1270b-batera-de-reemplazo-de-12v-7-2ah-garanta-de-18-meses\/","url":"https:\/\/compuviper.mx\/tienda\/producto\/cyberpower-rb1270b-batera-de-reemplazo-de-12v-7-2ah-garanta-de-18-meses\/","name":"[ Cyberpower ] &#129351; Rb1270b Batera De Reemplazo De 12v, 7.2ah.. Garanta De 18 Meses","isPartOf":{"@id":"https:\/\/compuviper.mx\/tienda\/#website"},"datePublished":"2026-04-15T06:30:10+00:00","dateModified":"2026-04-15T06:30:10+00:00","description":"Compra Rb1270b Batera De Reemplazo De 12v, 7.2ah.. Garanta De 18 Meses + Env\u00edo a domicilio + Pago seguro + Garant\u00eda","breadcrumb":{"@id":"https:\/\/compuviper.mx\/tienda\/producto\/cyberpower-rb1270b-batera-de-reemplazo-de-12v-7-2ah-garanta-de-18-meses\/#breadcrumb"},"inLanguage":"es-MX","potentialAction":[{"@type":"ReadAction","target":["https:\/\/compuviper.mx\/tienda\/producto\/cyberpower-rb1270b-batera-de-reemplazo-de-12v-7-2ah-garanta-de-18-meses\/"]}]},{"@type":"BreadcrumbList","@id":"https:\/\/compuviper.mx\/tienda\/producto\/cyberpower-rb1270b-batera-de-reemplazo-de-12v-7-2ah-garanta-de-18-meses\/#breadcrumb","itemListElement":[{"@type":"ListItem","position":1,"name":"Inicio","item":"https:\/\/compuviper.mx\/tienda\/"},{"@type":"ListItem","position":2,"name":"Productos","item":"https:\/\/compuviper.mx\/tienda\/productos\/"},{"@type":"ListItem","position":3,"name":"Energia","item":"https:\/\/compuviper.mx\/tienda\/categoria-producto\/energia\/"},{"@type":"ListItem","position":4,"name":"Bateria","item":"https:\/\/compuviper.mx\/tienda\/categoria-producto\/energia\/bateria\/"},{"@type":"ListItem","position":5,"name":"Cyberpower Rb1270b Batera De Reemplazo De 12v, 7.2ah.. Garanta De 18 Meses"}]},{"@type":"WebSite","@id":"https:\/\/compuviper.mx\/tienda\/#website","url":"https:\/\/compuviper.mx\/tienda\/","name":"Compuviper","description":"Proveedor de Computadoras, Laptops, Servidores, Monitores, Puntos de Venta, Teclados,   Impresoras, T\u00f3ner, C\u00e1maras de Seguridad y m\u00e1s en tu tienda en l\u00ednea","publisher":{"@id":"https:\/\/compuviper.mx\/tienda\/#organization"},"potentialAction":[{"@type":"SearchAction","target":{"@type":"EntryPoint","urlTemplate":"https:\/\/compuviper.mx\/tienda\/?s={search_term_string}"},"query-input":"required name=search_term_string"}],"inLanguage":"es-MX"},{"@type":"Organization","@id":"https:\/\/compuviper.mx\/tienda\/#organization","name":"Compuviper","url":"https:\/\/compuviper.mx\/tienda\/","logo":{"@type":"ImageObject","inLanguage":"es-MX","@id":"https:\/\/compuviper.mx\/tienda\/#\/schema\/logo\/image\/","url":"https:\/\/compuviper.mx\/tienda\/wp-content\/uploads\/2021\/08\/Logo-Compuviper-10.png","contentUrl":"https:\/\/compuviper.mx\/tienda\/wp-content\/uploads\/2021\/08\/Logo-Compuviper-10.png","width":1000,"height":500,"caption":"Compuviper"},"image":{"@id":"https:\/\/compuviper.mx\/tienda\/#\/schema\/logo\/image\/"},"sameAs":["https:\/\/www.facebook.com\/compuviper","https:\/\/www.youtube.com\/channel\/UCf73dERp9Y3cfOq7q8BhLjA?view_as=subscriber"]}]},"product_brand":"CYBERPOWER","product_price_amount":"971","product_price_currency":"MXN","og_availability":"out of stock","product_availability":"out of stock","product_retailer_item_id":"RB1270B","product_condition":"new"},"_links":{"self":[{"href":"https:\/\/compuviper.mx\/tienda\/wp-json\/wp\/v2\/product\/217506"}],"collection":[{"href":"https:\/\/compuviper.mx\/tienda\/wp-json\/wp\/v2\/product"}],"about":[{"href":"https:\/\/compuviper.mx\/tienda\/wp-json\/wp\/v2\/types\/product"}],"replies":[{"embeddable":true,"href":"https:\/\/compuviper.mx\/tienda\/wp-json\/wp\/v2\/comments?post=217506"}],"wp:featuredmedia":[{"embeddable":true,"href":"https:\/\/compuviper.mx\/tienda\/wp-json\/wp\/v2\/media\/217507"}],"wp:attachment":[{"href":"https:\/\/compuviper.mx\/tienda\/wp-json\/wp\/v2\/media?parent=217506"}],"wp:term":[{"taxonomy":"product_cat","embeddable":true,"href":"https:\/\/compuviper.mx\/tienda\/wp-json\/wp\/v2\/product_cat?post=217506"},{"taxonomy":"product_tag","embeddable":true,"href":"https:\/\/compuviper.mx\/tienda\/wp-json\/wp\/v2\/product_tag?post=217506"}],"curies":[{"name":"wp","href":"https:\/\/api.w.org\/{rel}","templated":true}]}}