{"id":217498,"date":"2026-04-07T00:25:01","date_gmt":"2026-04-07T06:25:01","guid":{"rendered":"https:\/\/compuviper.mx\/tienda\/producto\/cyberpower-pr1500rtxl2u-no-break-1500va-1500w-rack-torre-2u-8-nema-5-15-senoidal-pura-permite-mdulos-de-batera-extendida-bp48vp2u02-garanta-3-aos-incluye-batera\/"},"modified":"2026-04-07T00:25:01","modified_gmt":"2026-04-07T06:25:01","slug":"cyberpower-pr1500rtxl2u-no-break-1500va-1500w-rack-torre-2u-8-nema-5-15-senoidal-pura-permite-mdulos-de-batera-extendida-bp48vp2u02-garanta-3-aos-incluye-batera","status":"publish","type":"product","link":"https:\/\/compuviper.mx\/tienda\/producto\/cyberpower-pr1500rtxl2u-no-break-1500va-1500w-rack-torre-2u-8-nema-5-15-senoidal-pura-permite-mdulos-de-batera-extendida-bp48vp2u02-garanta-3-aos-incluye-batera\/","title":{"rendered":"Cyberpower Pr1500rtxl2u No Break  () 1500va \/ 1500w, Rack \/torre, 2u, 8 Nema 5-15, Senoidal Pura, Permite M?dulos De Bater?a Extendida (bp48vp2u02), Garant?a 3 A?os, Incluye Bater?a."},"content":{"rendered":"<table class=\"descripcion\">\n<tr>\n<td>General<\/td>\n<\/tr>\n<tr>\n<td>Topolog\u00eda de ups l\u00ednea interactiva<\/td>\n<\/tr>\n<tr>\n<td>El ahorro de energ\u00eda tecnolog\u00eda de derivaci\u00f3n greenpower ups \u0099<\/td>\n<\/tr>\n<tr>\n<td>Calificaci\u00f3n energy star\u00ae si<\/td>\n<\/tr>\n<tr>\n<td>Compatible con pfc activo si<\/td>\n<\/tr>\n<tr>\n<td>Entrada<\/td>\n<\/tr>\n<tr>\n<td>Voltaje 100-125 vca<\/td>\n<\/tr>\n<tr>\n<td>Frecuencia 47 &#8211; 63 hz<\/td>\n<\/tr>\n<tr>\n<td>Rango de voltaje de entrada 70 &#8211; 155 vac<\/td>\n<\/tr>\n<tr>\n<td>Tipo de enchufe nema 5-15p<\/td>\n<\/tr>\n<tr>\n<td>Estilo de enchufe \u00e1ngulo recto, desplazamiento de 45 \u00b0 a la derecha<\/td>\n<\/tr>\n<tr>\n<td>Longitud del cable 10 pies<\/td>\n<\/tr>\n<tr>\n<td>Salida<\/td>\n<\/tr>\n<tr>\n<td>Virginia 1500<\/td>\n<\/tr>\n<tr>\n<td>Watts: 1500<\/td>\n<\/tr>\n<tr>\n<td>Regulaci\u00f3n autom\u00e1tica de voltaje double boost, single buck<\/td>\n<\/tr>\n<tr>\n<td>En voltaje de la bater\u00eda 100\/110\/120\/125 vac \u00b1 5%<\/td>\n<\/tr>\n<tr>\n<td>En frecuencia de la bater\u00eda 50\/60 hz \u00b1 1%<\/td>\n<\/tr>\n<tr>\n<td>En forma de onda de bater\u00eda onda sinusoidal<\/td>\n<\/tr>\n<tr>\n<td>Puntos de venta &#8211; total 8<\/td>\n<\/tr>\n<tr>\n<td>Tipo de salida nema 5-15r<\/td>\n<\/tr>\n<tr>\n<td>Puntos de venta: carga cr\u00edtica 4 4<\/td>\n<\/tr>\n<tr>\n<td>Tomacorrientes &#8211; bater\u00eda y protecci\u00f3n contra sobretensiones: 8<\/td>\n<\/tr>\n<tr>\n<td>Factor de potencia nominal 1<\/td>\n<\/tr>\n<tr>\n<td>Protecci\u00f3n de sobrecarga<\/td>\n<\/tr>\n<tr>\n<td>Disyuntor limitador de circuitos internos<\/td>\n<\/tr>\n<tr>\n<td>Tiempo de transferencia 4 ms t\u00edpico<\/td>\n<\/tr>\n<tr>\n<td>Bater\u00eda<\/td>\n<\/tr>\n<tr>\n<td>M\u00f3dulo de bater\u00eda extendido bp48vp2u02<\/td>\n<\/tr>\n<tr>\n<td>Tiempo de ejecuci\u00f3n a media carga (min) 17,9<\/td>\n<\/tr>\n<tr>\n<td>Tiempo de ejecuci\u00f3n a plena carga (min) 6.5<\/td>\n<\/tr>\n<tr>\n<td>Tipo de bater\u00eda \u00e1cido de plomo sellado<\/td>\n<\/tr>\n<tr>\n<td>Tama\u00f1o de la bater\u00eda 12 v \/ 9 ah<\/td>\n<\/tr>\n<tr>\n<td>Intercambiables en caliente si<\/td>\n<\/tr>\n<tr>\n<td>Bater\u00eda de repuesto rb1290x4j<\/td>\n<\/tr>\n<tr>\n<td>Cantidad de la bater\u00eda 4 4<\/td>\n<\/tr>\n<tr>\n<td>Reemplazable por el usuario si<\/td>\n<\/tr>\n<tr>\n<td>Tiempo t\u00edpico de recarga 3 horas<\/td>\n<\/tr>\n<tr>\n<td>Opci\u00f3n de bater\u00eda externa si<\/td>\n<\/tr>\n<tr>\n<td>Protecci\u00f3n contra sobretensiones y filtrado<\/td>\n<\/tr>\n<tr>\n<td>Rj11 \/ rj45 1 entrada, 1 salida<\/td>\n<\/tr>\n<tr>\n<td>Supresi\u00f3n de sobretensiones 2430<\/td>\n<\/tr>\n<tr>\n<td>Filtraci\u00f3n emi \/ rfi si<\/td>\n<\/tr>\n<tr>\n<td>Gerencia y comunicaciones<\/td>\n<\/tr>\n<tr>\n<td>Panel lcd multifunci\u00f3n 47 configuraciones (27 elementos de configuraci\u00f3n y control + 20 actualizaciones de estado y men\u00fas de registro)<\/td>\n<\/tr>\n<tr>\n<td>Puerto usb compatible con hid si<\/td>\n<\/tr>\n<tr>\n<td>Puerto serial si<\/td>\n<\/tr>\n<tr>\n<td>Puerto epo si<\/td>\n<\/tr>\n<tr>\n<td>Cierre de contacto si<\/td>\n<\/tr>\n<tr>\n<td>Cable de gesti\u00f3n cable usb, cable serie, cable epo<\/td>\n<\/tr>\n<tr>\n<td>Indicadores led encendido, modo de l\u00ednea, modo de bater\u00eda, falla, modo nocturno, falla de cableado<\/td>\n<\/tr>\n<tr>\n<td>Alarmas audibles modo de bater\u00eda, bater\u00eda baja, sobrecarga, sobrecarga, sobrecalentamiento<\/td>\n<\/tr>\n<tr>\n<td>Software powerpanel\u00ae business edition<\/td>\n<\/tr>\n<tr>\n<td>Monitoreo remoto snmp \/ http s\u00ed, con rmcard205 opcional<\/td>\n<\/tr>\n<tr>\n<td>F\u00edsico<\/td>\n<\/tr>\n<tr>\n<td>Tama\u00f1o de estante 2u<\/td>\n<\/tr>\n<tr>\n<td>Color negro<\/td>\n<\/tr>\n<tr>\n<td>Factor de forma bastidor \/ torre<\/td>\n<\/tr>\n<tr>\n<td>Dimensiones &#8211; w \u00d7 h \u00d7 d (in) 17,1 x 3,4 x 19,7<\/td>\n<\/tr>\n<tr>\n<td>Peso libras) 67,7<\/td>\n<\/tr>\n<tr>\n<td>Dimensiones de env\u00edo (wxhxd) (pulg.) 22,1 x 10,8 x 24,4<\/td>\n<\/tr>\n<tr>\n<td>Peso de env\u00edo (lb) 81,1<\/td>\n<\/tr>\n<tr>\n<td>Ambiental<\/td>\n<\/tr>\n<tr>\n<td>Temperatura de funcionamiento 32 \u00b0 f a 104 \u00b0 f (0 \u00b0 c a 40 \u00b0 c)<\/td>\n<\/tr>\n<tr>\n<td>Humedad de funcionamiento 0 &#8211; 95% (sin condensaci\u00f3n)<\/td>\n<\/tr>\n<tr>\n<td>Temperatura de almacenamiento 5 \u00b0 f a 113 \u00b0 f (-15 \u00b0 c a 45 \u00b0 c)<\/td>\n<\/tr>\n<tr>\n<td>Elevaci\u00f3n operativa m\u00e1xima 10,000 pies (3,000 m)<\/td>\n<\/tr>\n<tr>\n<td>Elevaci\u00f3n m\u00e1xima de almacenamiento 50,000 pies (15,000 m)<\/td>\n<\/tr>\n<tr>\n<td>Disipaci\u00f3n t\u00e9rmica en modo ca 71,7<\/td>\n<\/tr>\n<tr>\n<td>Certificaciones<\/td>\n<\/tr>\n<tr>\n<td>La seguridad ul1778, cul107.1, fcc clase b<\/td>\n<\/tr>\n<tr>\n<td>Ambiental rohs<\/td>\n<\/tr>\n<tr>\n<td>Garant\u00eda: 3 a\u00f1os incluyendo bater\u00edas<\/td>\n<\/tr>\n<\/table>\n","protected":false},"excerpt":{"rendered":"<p>El modelo pr1500rtxl2u es un ups convertible de torre \/ rack sinewave de aplicaci\u00f3n inteligente con topolog\u00eda interactiva en l\u00ednea, protecci\u00f3n contra sobretensiones y respaldo de bater\u00eda. La serie sinewave de la aplicaci\u00f3n inteligente de cyberpower tiene salida de onda sinusoidal para eliminar brechas de energ\u00eda que pueden ser detectadas por equipos sensibles y causar apagados inesperados. La aplicaci\u00f3n inteligente sinewave pr1500rtxl2u mejora la vida \u00fatil de la bater\u00eda a trav\u00e9s de la tecnolog\u00eda de ecualizaci\u00f3n de la bater\u00eda y la regulaci\u00f3n autom\u00e1tica de voltaje (avr), que corrige las fluctuaciones menores de energ\u00eda sin cambiar a la energ\u00eda de la bater\u00eda. El dise\u00f1o mejorado del chasis con un panel frontal sin herramientas de f\u00e1cil acceso, tornillos cautivos para el acceso al panel de la bater\u00eda y el panel posterior codificado por colores hacen que los cambios e instalaciones de la bater\u00eda sean simples y r\u00e1pidos. El pr1500rtxl2u tambi\u00e9n tiene un panel lcd innovador que gira 90 \u00b0, se inclina para un mejor \u00e1ngulo de visi\u00f3n y proporciona informaci\u00f3n sobre 47 configuraciones diferentes, incluyendo estad\u00edsticas de ups, configuraci\u00f3n y administraci\u00f3n de control de ups y opciones de prueba.<\/p>\n","protected":false},"featured_media":217499,"comment_status":"open","ping_status":"open","template":"","meta":[],"product_cat":[1508,1691],"product_tag":[1692],"acf":[],"yoast_head":"<!-- This site is optimized with the Yoast SEO plugin v21.7 - https:\/\/yoast.com\/wordpress\/plugins\/seo\/ -->\n<title>[ Cyberpower ] &#129351; Pr1500rtxl2u No Break () 1500va \/ 1500w, Rack \/torre, 2u, 8 Nema 5-15, Senoidal Pura, Permite M\u00f3dulos De Bater\u00eda Extendida (bp48vp2u02), Garant\u00eda 3 A\u00f1os, Incluye Bater\u00eda.<\/title>\n<meta name=\"description\" content=\"Compra Pr1500rtxl2u No Break () 1500va \/ 1500w, Rack \/torre, 2u, 8 Nema 5-15, Senoidal Pura, Permite M\u00f3dulos De Bater\u00eda Extendida (bp48vp2u02), Garant\u00eda 3 A\u00f1os, Incluye Bater\u00eda. + Env\u00edo a domicilio + Pago seguro + Garant\u00eda\" \/>\n<meta name=\"robots\" content=\"index, follow, max-snippet:-1, max-image-preview:large, max-video-preview:-1\" \/>\n<link rel=\"canonical\" href=\"https:\/\/compuviper.mx\/tienda\/producto\/cyberpower-pr1500rtxl2u-no-break-1500va-1500w-rack-torre-2u-8-nema-5-15-senoidal-pura-permite-mdulos-de-batera-extendida-bp48vp2u02-garanta-3-aos-incluye-batera\/\" \/>\n<meta property=\"og:locale\" content=\"es_MX\" \/>\n<meta property=\"og:type\" content=\"article\" \/>\n<meta property=\"og:title\" content=\"[ Cyberpower ] &#129351; Pr1500rtxl2u No Break () 1500va \/ 1500w, Rack \/torre, 2u, 8 Nema 5-15, Senoidal Pura, Permite M\u00f3dulos De Bater\u00eda Extendida (bp48vp2u02), Garant\u00eda 3 A\u00f1os, Incluye Bater\u00eda.\" \/>\n<meta property=\"og:description\" content=\"Compra Pr1500rtxl2u No Break () 1500va \/ 1500w, Rack \/torre, 2u, 8 Nema 5-15, Senoidal Pura, Permite M\u00f3dulos De Bater\u00eda Extendida (bp48vp2u02), Garant\u00eda 3 A\u00f1os, Incluye Bater\u00eda. + Env\u00edo a domicilio + Pago seguro + Garant\u00eda\" \/>\n<meta property=\"og:url\" content=\"https:\/\/compuviper.mx\/tienda\/producto\/cyberpower-pr1500rtxl2u-no-break-1500va-1500w-rack-torre-2u-8-nema-5-15-senoidal-pura-permite-mdulos-de-batera-extendida-bp48vp2u02-garanta-3-aos-incluye-batera\/\" \/>\n<meta property=\"og:site_name\" content=\"Compuviper\" \/>\n<meta property=\"article:publisher\" content=\"https:\/\/www.facebook.com\/compuviper\" \/>\n<meta property=\"og:image\" content=\"https:\/\/compuviper.mx\/tienda\/wp-content\/uploads\/2023\/12\/No-break-cyberpower-pr1500rtxl2u-1500va-1500w-rack-torre-2u-8-nema-5-15-senoidal-pura-permite-modulos-de-bateria-extendida-bp48vp2u02-garantia-3-anos-incluye-bateria.jpg\" \/>\n\t<meta property=\"og:image:width\" content=\"200\" \/>\n\t<meta property=\"og:image:height\" content=\"200\" \/>\n\t<meta property=\"og:image:type\" content=\"image\/jpeg\" \/>\n<meta name=\"twitter:card\" content=\"summary_large_image\" \/>\n<meta name=\"twitter:label1\" content=\"Precio\" \/>\n\t<meta name=\"twitter:data1\" content=\"&#36;17,379 con IVA\" \/>\n\t<meta name=\"twitter:label2\" content=\"Availability\" \/>\n\t<meta name=\"twitter:data2\" content=\"Out of stock\" \/>\n<script type=\"application\/ld+json\" class=\"yoast-schema-graph\">{\"@context\":\"https:\/\/schema.org\",\"@graph\":[{\"@type\":\"WebPage\",\"@id\":\"https:\/\/compuviper.mx\/tienda\/producto\/cyberpower-pr1500rtxl2u-no-break-1500va-1500w-rack-torre-2u-8-nema-5-15-senoidal-pura-permite-mdulos-de-batera-extendida-bp48vp2u02-garanta-3-aos-incluye-batera\/\",\"url\":\"https:\/\/compuviper.mx\/tienda\/producto\/cyberpower-pr1500rtxl2u-no-break-1500va-1500w-rack-torre-2u-8-nema-5-15-senoidal-pura-permite-mdulos-de-batera-extendida-bp48vp2u02-garanta-3-aos-incluye-batera\/\",\"name\":\"[ Cyberpower ] &#129351; Pr1500rtxl2u No Break () 1500va \/ 1500w, Rack \/torre, 2u, 8 Nema 5-15, Senoidal Pura, Permite M\u00f3dulos De Bater\u00eda Extendida (bp48vp2u02), Garant\u00eda 3 A\u00f1os, Incluye Bater\u00eda.\",\"isPartOf\":{\"@id\":\"https:\/\/compuviper.mx\/tienda\/#website\"},\"datePublished\":\"2026-04-07T06:25:01+00:00\",\"dateModified\":\"2026-04-07T06:25:01+00:00\",\"description\":\"Compra Pr1500rtxl2u No Break () 1500va \/ 1500w, Rack \/torre, 2u, 8 Nema 5-15, Senoidal Pura, Permite M\u00f3dulos De Bater\u00eda Extendida (bp48vp2u02), Garant\u00eda 3 A\u00f1os, Incluye Bater\u00eda. + Env\u00edo a domicilio + Pago seguro + Garant\u00eda\",\"breadcrumb\":{\"@id\":\"https:\/\/compuviper.mx\/tienda\/producto\/cyberpower-pr1500rtxl2u-no-break-1500va-1500w-rack-torre-2u-8-nema-5-15-senoidal-pura-permite-mdulos-de-batera-extendida-bp48vp2u02-garanta-3-aos-incluye-batera\/#breadcrumb\"},\"inLanguage\":\"es-MX\",\"potentialAction\":[{\"@type\":\"ReadAction\",\"target\":[\"https:\/\/compuviper.mx\/tienda\/producto\/cyberpower-pr1500rtxl2u-no-break-1500va-1500w-rack-torre-2u-8-nema-5-15-senoidal-pura-permite-mdulos-de-batera-extendida-bp48vp2u02-garanta-3-aos-incluye-batera\/\"]}]},{\"@type\":\"BreadcrumbList\",\"@id\":\"https:\/\/compuviper.mx\/tienda\/producto\/cyberpower-pr1500rtxl2u-no-break-1500va-1500w-rack-torre-2u-8-nema-5-15-senoidal-pura-permite-mdulos-de-batera-extendida-bp48vp2u02-garanta-3-aos-incluye-batera\/#breadcrumb\",\"itemListElement\":[{\"@type\":\"ListItem\",\"position\":1,\"name\":\"Inicio\",\"item\":\"https:\/\/compuviper.mx\/tienda\/\"},{\"@type\":\"ListItem\",\"position\":2,\"name\":\"Productos\",\"item\":\"https:\/\/compuviper.mx\/tienda\/productos\/\"},{\"@type\":\"ListItem\",\"position\":3,\"name\":\"Energia\",\"item\":\"https:\/\/compuviper.mx\/tienda\/categoria-producto\/energia\/\"},{\"@type\":\"ListItem\",\"position\":4,\"name\":\"No Break\",\"item\":\"https:\/\/compuviper.mx\/tienda\/categoria-producto\/energia\/no-break\/\"},{\"@type\":\"ListItem\",\"position\":5,\"name\":\"Cyberpower Pr1500rtxl2u No Break () 1500va \/ 1500w, Rack \/torre, 2u, 8 Nema 5-15, Senoidal Pura, Permite M?dulos De Bater?a Extendida (bp48vp2u02), Garant?a 3 A?os, Incluye Bater?a.\"}]},{\"@type\":\"WebSite\",\"@id\":\"https:\/\/compuviper.mx\/tienda\/#website\",\"url\":\"https:\/\/compuviper.mx\/tienda\/\",\"name\":\"Compuviper\",\"description\":\"Proveedor de Computadoras, Laptops, Servidores, Monitores, Puntos de Venta, Teclados,   Impresoras, T\u00f3ner, C\u00e1maras de Seguridad y m\u00e1s en tu tienda en l\u00ednea\",\"publisher\":{\"@id\":\"https:\/\/compuviper.mx\/tienda\/#organization\"},\"potentialAction\":[{\"@type\":\"SearchAction\",\"target\":{\"@type\":\"EntryPoint\",\"urlTemplate\":\"https:\/\/compuviper.mx\/tienda\/?s={search_term_string}\"},\"query-input\":\"required name=search_term_string\"}],\"inLanguage\":\"es-MX\"},{\"@type\":\"Organization\",\"@id\":\"https:\/\/compuviper.mx\/tienda\/#organization\",\"name\":\"Compuviper\",\"url\":\"https:\/\/compuviper.mx\/tienda\/\",\"logo\":{\"@type\":\"ImageObject\",\"inLanguage\":\"es-MX\",\"@id\":\"https:\/\/compuviper.mx\/tienda\/#\/schema\/logo\/image\/\",\"url\":\"https:\/\/compuviper.mx\/tienda\/wp-content\/uploads\/2021\/08\/Logo-Compuviper-10.png\",\"contentUrl\":\"https:\/\/compuviper.mx\/tienda\/wp-content\/uploads\/2021\/08\/Logo-Compuviper-10.png\",\"width\":1000,\"height\":500,\"caption\":\"Compuviper\"},\"image\":{\"@id\":\"https:\/\/compuviper.mx\/tienda\/#\/schema\/logo\/image\/\"},\"sameAs\":[\"https:\/\/www.facebook.com\/compuviper\",\"https:\/\/www.youtube.com\/channel\/UCf73dERp9Y3cfOq7q8BhLjA?view_as=subscriber\"]}]}<\/script>\n<meta property=\"product:brand\" content=\"CYBERPOWER\" \/>\n<meta property=\"product:price:amount\" content=\"17379\" \/>\n<meta property=\"product:price:currency\" content=\"MXN\" \/>\n<meta property=\"og:availability\" content=\"out of stock\" \/>\n<meta property=\"product:availability\" content=\"out of stock\" \/>\n<meta property=\"product:retailer_item_id\" content=\"PR1500RTXL2U\" \/>\n<meta property=\"product:condition\" content=\"new\" \/>\n<!-- \/ Yoast SEO plugin. -->","yoast_head_json":{"title":"[ Cyberpower ] &#129351; Pr1500rtxl2u No Break () 1500va \/ 1500w, Rack \/torre, 2u, 8 Nema 5-15, Senoidal Pura, Permite M\u00f3dulos De Bater\u00eda Extendida (bp48vp2u02), Garant\u00eda 3 A\u00f1os, Incluye Bater\u00eda.","description":"Compra Pr1500rtxl2u No Break () 1500va \/ 1500w, Rack \/torre, 2u, 8 Nema 5-15, Senoidal Pura, Permite M\u00f3dulos De Bater\u00eda Extendida (bp48vp2u02), Garant\u00eda 3 A\u00f1os, Incluye Bater\u00eda. + Env\u00edo a domicilio + Pago seguro + Garant\u00eda","robots":{"index":"index","follow":"follow","max-snippet":"max-snippet:-1","max-image-preview":"max-image-preview:large","max-video-preview":"max-video-preview:-1"},"canonical":"https:\/\/compuviper.mx\/tienda\/producto\/cyberpower-pr1500rtxl2u-no-break-1500va-1500w-rack-torre-2u-8-nema-5-15-senoidal-pura-permite-mdulos-de-batera-extendida-bp48vp2u02-garanta-3-aos-incluye-batera\/","og_locale":"es_MX","og_type":"article","og_title":"[ Cyberpower ] &#129351; Pr1500rtxl2u No Break () 1500va \/ 1500w, Rack \/torre, 2u, 8 Nema 5-15, Senoidal Pura, Permite M\u00f3dulos De Bater\u00eda Extendida (bp48vp2u02), Garant\u00eda 3 A\u00f1os, Incluye Bater\u00eda.","og_description":"Compra Pr1500rtxl2u No Break () 1500va \/ 1500w, Rack \/torre, 2u, 8 Nema 5-15, Senoidal Pura, Permite M\u00f3dulos De Bater\u00eda Extendida (bp48vp2u02), Garant\u00eda 3 A\u00f1os, Incluye Bater\u00eda. + Env\u00edo a domicilio + Pago seguro + Garant\u00eda","og_url":"https:\/\/compuviper.mx\/tienda\/producto\/cyberpower-pr1500rtxl2u-no-break-1500va-1500w-rack-torre-2u-8-nema-5-15-senoidal-pura-permite-mdulos-de-batera-extendida-bp48vp2u02-garanta-3-aos-incluye-batera\/","og_site_name":"Compuviper","article_publisher":"https:\/\/www.facebook.com\/compuviper","og_image":[{"width":200,"height":200,"url":"https:\/\/compuviper.mx\/tienda\/wp-content\/uploads\/2023\/12\/No-break-cyberpower-pr1500rtxl2u-1500va-1500w-rack-torre-2u-8-nema-5-15-senoidal-pura-permite-modulos-de-bateria-extendida-bp48vp2u02-garantia-3-anos-incluye-bateria.jpg","type":"image\/jpeg"}],"twitter_card":"summary_large_image","twitter_misc":{"Precio":"&#36;17,379 con IVA","Availability":"Out of stock"},"schema":{"@context":"https:\/\/schema.org","@graph":[{"@type":"WebPage","@id":"https:\/\/compuviper.mx\/tienda\/producto\/cyberpower-pr1500rtxl2u-no-break-1500va-1500w-rack-torre-2u-8-nema-5-15-senoidal-pura-permite-mdulos-de-batera-extendida-bp48vp2u02-garanta-3-aos-incluye-batera\/","url":"https:\/\/compuviper.mx\/tienda\/producto\/cyberpower-pr1500rtxl2u-no-break-1500va-1500w-rack-torre-2u-8-nema-5-15-senoidal-pura-permite-mdulos-de-batera-extendida-bp48vp2u02-garanta-3-aos-incluye-batera\/","name":"[ Cyberpower ] &#129351; Pr1500rtxl2u No Break () 1500va \/ 1500w, Rack \/torre, 2u, 8 Nema 5-15, Senoidal Pura, Permite M\u00f3dulos De Bater\u00eda Extendida (bp48vp2u02), Garant\u00eda 3 A\u00f1os, Incluye Bater\u00eda.","isPartOf":{"@id":"https:\/\/compuviper.mx\/tienda\/#website"},"datePublished":"2026-04-07T06:25:01+00:00","dateModified":"2026-04-07T06:25:01+00:00","description":"Compra Pr1500rtxl2u No Break () 1500va \/ 1500w, Rack \/torre, 2u, 8 Nema 5-15, Senoidal Pura, Permite M\u00f3dulos De Bater\u00eda Extendida (bp48vp2u02), Garant\u00eda 3 A\u00f1os, Incluye Bater\u00eda. + Env\u00edo a domicilio + Pago seguro + Garant\u00eda","breadcrumb":{"@id":"https:\/\/compuviper.mx\/tienda\/producto\/cyberpower-pr1500rtxl2u-no-break-1500va-1500w-rack-torre-2u-8-nema-5-15-senoidal-pura-permite-mdulos-de-batera-extendida-bp48vp2u02-garanta-3-aos-incluye-batera\/#breadcrumb"},"inLanguage":"es-MX","potentialAction":[{"@type":"ReadAction","target":["https:\/\/compuviper.mx\/tienda\/producto\/cyberpower-pr1500rtxl2u-no-break-1500va-1500w-rack-torre-2u-8-nema-5-15-senoidal-pura-permite-mdulos-de-batera-extendida-bp48vp2u02-garanta-3-aos-incluye-batera\/"]}]},{"@type":"BreadcrumbList","@id":"https:\/\/compuviper.mx\/tienda\/producto\/cyberpower-pr1500rtxl2u-no-break-1500va-1500w-rack-torre-2u-8-nema-5-15-senoidal-pura-permite-mdulos-de-batera-extendida-bp48vp2u02-garanta-3-aos-incluye-batera\/#breadcrumb","itemListElement":[{"@type":"ListItem","position":1,"name":"Inicio","item":"https:\/\/compuviper.mx\/tienda\/"},{"@type":"ListItem","position":2,"name":"Productos","item":"https:\/\/compuviper.mx\/tienda\/productos\/"},{"@type":"ListItem","position":3,"name":"Energia","item":"https:\/\/compuviper.mx\/tienda\/categoria-producto\/energia\/"},{"@type":"ListItem","position":4,"name":"No Break","item":"https:\/\/compuviper.mx\/tienda\/categoria-producto\/energia\/no-break\/"},{"@type":"ListItem","position":5,"name":"Cyberpower Pr1500rtxl2u No Break () 1500va \/ 1500w, Rack \/torre, 2u, 8 Nema 5-15, Senoidal Pura, Permite M?dulos De Bater?a Extendida (bp48vp2u02), Garant?a 3 A?os, Incluye Bater?a."}]},{"@type":"WebSite","@id":"https:\/\/compuviper.mx\/tienda\/#website","url":"https:\/\/compuviper.mx\/tienda\/","name":"Compuviper","description":"Proveedor de Computadoras, Laptops, Servidores, Monitores, Puntos de Venta, Teclados,   Impresoras, T\u00f3ner, C\u00e1maras de Seguridad y m\u00e1s en tu tienda en l\u00ednea","publisher":{"@id":"https:\/\/compuviper.mx\/tienda\/#organization"},"potentialAction":[{"@type":"SearchAction","target":{"@type":"EntryPoint","urlTemplate":"https:\/\/compuviper.mx\/tienda\/?s={search_term_string}"},"query-input":"required name=search_term_string"}],"inLanguage":"es-MX"},{"@type":"Organization","@id":"https:\/\/compuviper.mx\/tienda\/#organization","name":"Compuviper","url":"https:\/\/compuviper.mx\/tienda\/","logo":{"@type":"ImageObject","inLanguage":"es-MX","@id":"https:\/\/compuviper.mx\/tienda\/#\/schema\/logo\/image\/","url":"https:\/\/compuviper.mx\/tienda\/wp-content\/uploads\/2021\/08\/Logo-Compuviper-10.png","contentUrl":"https:\/\/compuviper.mx\/tienda\/wp-content\/uploads\/2021\/08\/Logo-Compuviper-10.png","width":1000,"height":500,"caption":"Compuviper"},"image":{"@id":"https:\/\/compuviper.mx\/tienda\/#\/schema\/logo\/image\/"},"sameAs":["https:\/\/www.facebook.com\/compuviper","https:\/\/www.youtube.com\/channel\/UCf73dERp9Y3cfOq7q8BhLjA?view_as=subscriber"]}]},"product_brand":"CYBERPOWER","product_price_amount":"17379","product_price_currency":"MXN","og_availability":"out of stock","product_availability":"out of stock","product_retailer_item_id":"PR1500RTXL2U","product_condition":"new"},"_links":{"self":[{"href":"https:\/\/compuviper.mx\/tienda\/wp-json\/wp\/v2\/product\/217498"}],"collection":[{"href":"https:\/\/compuviper.mx\/tienda\/wp-json\/wp\/v2\/product"}],"about":[{"href":"https:\/\/compuviper.mx\/tienda\/wp-json\/wp\/v2\/types\/product"}],"replies":[{"embeddable":true,"href":"https:\/\/compuviper.mx\/tienda\/wp-json\/wp\/v2\/comments?post=217498"}],"wp:featuredmedia":[{"embeddable":true,"href":"https:\/\/compuviper.mx\/tienda\/wp-json\/wp\/v2\/media\/217499"}],"wp:attachment":[{"href":"https:\/\/compuviper.mx\/tienda\/wp-json\/wp\/v2\/media?parent=217498"}],"wp:term":[{"taxonomy":"product_cat","embeddable":true,"href":"https:\/\/compuviper.mx\/tienda\/wp-json\/wp\/v2\/product_cat?post=217498"},{"taxonomy":"product_tag","embeddable":true,"href":"https:\/\/compuviper.mx\/tienda\/wp-json\/wp\/v2\/product_tag?post=217498"}],"curies":[{"name":"wp","href":"https:\/\/api.w.org\/{rel}","templated":true}]}}