{"id":217486,"date":"2026-04-07T00:24:58","date_gmt":"2026-04-07T06:24:58","guid":{"rendered":"https:\/\/compuviper.mx\/tienda\/producto\/cyberpower-pr3000rtxl2u-no-break-3000va-3000winteractivo-senoidal-pura-rack-torre2u8-nema-5-20r1-nema-l5-30rpermite-mdulos-de-batera-extendida-bp48vp2u02garanta-3-aos-incluye-bater\/"},"modified":"2026-04-07T00:24:58","modified_gmt":"2026-04-07T06:24:58","slug":"cyberpower-pr3000rtxl2u-no-break-3000va-3000winteractivo-senoidal-pura-rack-torre2u8-nema-5-20r1-nema-l5-30rpermite-mdulos-de-batera-extendida-bp48vp2u02garanta-3-aos-incluye-bater","status":"publish","type":"product","link":"https:\/\/compuviper.mx\/tienda\/producto\/cyberpower-pr3000rtxl2u-no-break-3000va-3000winteractivo-senoidal-pura-rack-torre2u8-nema-5-20r1-nema-l5-30rpermite-mdulos-de-batera-extendida-bp48vp2u02garanta-3-aos-incluye-bater\/","title":{"rendered":"Cyberpower Pr3000rtxl2u No Break  () 3000va\/3000w,interactivo, Senoidal Pura Rack \/torre,2u,8 Nema 5-20r+1 Nema L5-30r,permite M?dulos De Bater?a Extendida (bp48vp2u02),garant?a 3 A?os, Incluye Bater?a"},"content":{"rendered":"<table class=\"descripcion\">\n<tr>\n<td>General<\/td>\n<\/tr>\n<tr>\n<td>Compatible con pfc activo: si<\/td>\n<\/tr>\n<tr>\n<td>El ahorro de energ\u00eda: tecnolog\u00eda de derivaci\u00f3n greenpower ups<\/td>\n<\/tr>\n<tr>\n<td>Certificado energy star: si<\/td>\n<\/tr>\n<tr>\n<td>Topolog\u00eda de ups: l\u00ednea interactiva<\/td>\n<\/tr>\n<tr>\n<td>Bater\u00eda<\/td>\n<\/tr>\n<tr>\n<td>Cantidad de la bater\u00eda 4 4<\/td>\n<\/tr>\n<tr>\n<td>Tama\u00f1o de la bater\u00eda 12v \/ 9ah<\/td>\n<\/tr>\n<tr>\n<td>Tipo de bater\u00eda \u00e1cido de plomo sellado<\/td>\n<\/tr>\n<tr>\n<td>M\u00f3dulo de bater\u00eda extendido bp48vp2u02<\/td>\n<\/tr>\n<tr>\n<td>Opci\u00f3n de bater\u00eda extendida si<\/td>\n<\/tr>\n<tr>\n<td>Intercambiables en caliente si<\/td>\n<\/tr>\n<tr>\n<td>Cartucho de bater\u00eda de repuesto rb1290x4j<\/td>\n<\/tr>\n<tr>\n<td>Cantidad de cartucho de bater\u00eda de repuesto 1<\/td>\n<\/tr>\n<tr>\n<td>Tiempo de ejecuci\u00f3n a plena carga 1.7 minutos<\/td>\n<\/tr>\n<tr>\n<td>Tiempo de ejecuci\u00f3n a media carga 7 minutos<\/td>\n<\/tr>\n<tr>\n<td>Tiempo t\u00edpico de recarga 3 horas<\/td>\n<\/tr>\n<tr>\n<td>Reemplazable por el usuario si<\/td>\n<\/tr>\n<tr>\n<td>Entrada<\/td>\n<\/tr>\n<tr>\n<td>Rango de voltaje ajustable 70 &#8211; 155 vac<\/td>\n<\/tr>\n<tr>\n<td>Cortacircuitos 30a<\/td>\n<\/tr>\n<tr>\n<td>Longitud del cable (pies) 10<\/td>\n<\/tr>\n<tr>\n<td>Rango de frecuencia 47 &#8211; 63 hz<\/td>\n<\/tr>\n<tr>\n<td>Voltaje de entrada 100-120vac<\/td>\n<\/tr>\n<tr>\n<td>Rango de voltaje de entrada 75 &#8211; 149 vac<\/td>\n<\/tr>\n<tr>\n<td>Estilo de enchufe recto, cerradura giratoria<\/td>\n<\/tr>\n<tr>\n<td>Tipo de enchufe nema l5-30p<\/td>\n<\/tr>\n<tr>\n<td>Salida<\/td>\n<\/tr>\n<tr>\n<td>Regulaci\u00f3n autom\u00e1tica de voltaje: doble impulso, un solo d\u00f3lar<\/td>\n<\/tr>\n<tr>\n<td>En frecuencia de la bater\u00eda : 50 \/ 60hz +\/- 1%<\/td>\n<\/tr>\n<tr>\n<td>En voltaje de la bater\u00eda: 100\/110 \/ 120vac \u00b1 5%<\/td>\n<\/tr>\n<tr>\n<td>En forma de onda de bater\u00eda: onda sinusoidal pura<\/td>\n<\/tr>\n<tr>\n<td>Tipo de salida : 8 x nema 5-20r; 1 x nema l5-30r<\/td>\n<\/tr>\n<tr>\n<td>Tomacorrientes &#8211; bater\u00eda y protecci\u00f3n contra sobretensiones 9 9<\/td>\n<\/tr>\n<tr>\n<td>Protecci\u00f3n de sobrecarga limitaci\u00f3n de circuitos internos, disyuntor<\/td>\n<\/tr>\n<tr>\n<td>Factor de potencia nominal: 1<\/td>\n<\/tr>\n<tr>\n<td>Tiempo de transferencia: 4 ms t\u00edpico<\/td>\n<\/tr>\n<tr>\n<td>Va: 3000<\/td>\n<\/tr>\n<tr>\n<td>Watts: 3000<\/td>\n<\/tr>\n<tr>\n<td>Protecci\u00f3n contra sobretensiones y filtrado<\/td>\n<\/tr>\n<tr>\n<td>Filtraci\u00f3n emi \/ rfi si<\/td>\n<\/tr>\n<tr>\n<td>Protecci\u00f3n de red rj45: 1 entrada, 1 salida<\/td>\n<\/tr>\n<tr>\n<td>Supresi\u00f3n de sobretensiones: 2430 j<\/td>\n<\/tr>\n<tr>\n<td>Gerencia y comunicaciones<\/td>\n<\/tr>\n<tr>\n<td>Alarmas audibles: modo de bater\u00eda, bater\u00eda baja, sobrecarga, sobrecarga, sobrecalentamiento<\/td>\n<\/tr>\n<tr>\n<td>Contactos secos: si<\/td>\n<\/tr>\n<tr>\n<td>Puerto de apagado de emergencia (epo): si<\/td>\n<\/tr>\n<tr>\n<td>Puerto usb compatible con hid: si<\/td>\n<\/tr>\n<tr>\n<td>Indicadores led: encendido, modo de l\u00ednea, modo de bater\u00eda, falla, modo nocturno, falla de cableado<\/td>\n<\/tr>\n<tr>\n<td>Cable de gesti\u00f3n: cable usb, cable epo<\/td>\n<\/tr>\n<tr>\n<td>Panel lcd multifunci\u00f3n: 47 configuraciones (27 elementos de configuraci\u00f3n y control + 20 actualizaciones de estado y men\u00fas de registro)<\/td>\n<\/tr>\n<tr>\n<td>Monitoreo remoto snmp \/ http: s\u00ed, con rmcard205 opcional<\/td>\n<\/tr>\n<tr>\n<td>Puerto serial : si<\/td>\n<\/tr>\n<tr>\n<td>Software: powerpanel\u00ae business edition<\/td>\n<\/tr>\n<tr>\n<td>F\u00edsico<\/td>\n<\/tr>\n<tr>\n<td>Color: negro<\/td>\n<\/tr>\n<tr>\n<td>Construcci\u00f3n de cerramiento: metal<\/td>\n<\/tr>\n<tr>\n<td>Factor de forma: rack \/ torre<\/td>\n<\/tr>\n<tr>\n<td>Tama\u00f1o de estante: 2u<\/td>\n<\/tr>\n<tr>\n<td>Ambiental<\/td>\n<\/tr>\n<tr>\n<td>Ruido audible a 1 m de la superficie de la unidad 57.5 dba<\/td>\n<\/tr>\n<tr>\n<td>Elevaci\u00f3n operativa m\u00e1xima 10,000 pies (3,000 m)<\/td>\n<\/tr>\n<tr>\n<td>Elevaci\u00f3n m\u00e1xima de almacenamiento 50,000 pies (15,000 m)<\/td>\n<\/tr>\n<tr>\n<td>Disipaci\u00f3n t\u00e9rmica en l\u00ednea 120.8 btu \/ hora<\/td>\n<\/tr>\n<tr>\n<td>Humedad relativa de funcionamiento 0 &#8211; 95% (sin condensaci\u00f3n)<\/td>\n<\/tr>\n<tr>\n<td>Temperatura de funcionamiento 32 \u00b0 f a 104 \u00b0 f (0 \u00b0 c a 40 \u00b0 c)<\/td>\n<\/tr>\n<tr>\n<td>Humedad relativa de almacenamiento 0 &#8211; 95% (sin condensaci\u00f3n)<\/td>\n<\/tr>\n<tr>\n<td>Temperatura de almacenamiento 5 \u00b0 f a 113 \u00b0 f (-15 \u00b0 c a 45 \u00b0 c)<\/td>\n<\/tr>\n<tr>\n<td>Dimensiones<\/td>\n<\/tr>\n<tr>\n<td>Dimensiones f\u00edsicas &#8211; (wxhxd) (cm) 43,43 x 8,64 x 50,04 (cm)<\/td>\n<\/tr>\n<tr>\n<td>Dimensiones f\u00edsicas &#8211; (wxhxd) (in) 17,1 x 3,4 x 19,7 (pulgadas)<\/td>\n<\/tr>\n<tr>\n<td>Dimensiones f\u00edsicas &#8211; (wxhxd) (mm) 434 x 86 x 500 (mm)<\/td>\n<\/tr>\n<tr>\n<td>Peso (kg) 34,2<\/td>\n<\/tr>\n<tr>\n<td>Peso (lb) 75,4<\/td>\n<\/tr>\n<tr>\n<td>Dimensiones: env\u00edo<\/td>\n<\/tr>\n<tr>\n<td>Env\u00edo &#8211; peso (kg) 40,6<\/td>\n<\/tr>\n<tr>\n<td>Env\u00edo &#8211; peso (lb) 89,5<\/td>\n<\/tr>\n<tr>\n<td>Dimensiones de env\u00edo &#8211; (wxhxd) (cm) 56,13 x 27,43 x 61,98 (cm)<\/td>\n<\/tr>\n<tr>\n<td>Dimensiones de env\u00edo &#8211; (wxhxd) (in) 22,1 x 10,8 x 24,4 (pulgadas)<\/td>\n<\/tr>\n<tr>\n<td>Dimensiones de env\u00edo &#8211; (wxhxd) (mm) 561,34 x 274,32 x 619,76 (mm)<\/td>\n<\/tr>\n<tr>\n<td>Certificaciones<\/td>\n<\/tr>\n<tr>\n<td>Ambiental rohs<\/td>\n<\/tr>\n<tr>\n<td>La seguridad ul1778, vcci, fcc clase a.<\/td>\n<\/tr>\n<tr>\n<td>Garant\u00eda; 3 a\u00f1os incluyendo bater\u00eda.<\/td>\n<\/tr>\n<\/table>\n","protected":false},"excerpt":{"rendered":"<p>El pr3000rtxl2u es un ups convertible de torre \/ rack sinewave de aplicaci\u00f3n inteligente con topolog\u00eda interactiva en l\u00ednea, protecci\u00f3n contra sobretensiones y respaldo de bater\u00eda. Mejora la vida \u00fatil de la bater\u00eda a trav\u00e9s de la tecnolog\u00eda de ecualizaci\u00f3n de la bater\u00eda y la regulaci\u00f3n autom\u00e1tica de voltaje (avr), que corrige peque\u00f1as fluctuaciones de energ\u00eda sin cambiar a la energ\u00eda de la bater\u00eda. El dise\u00f1o mejorado del chasis con un panel frontal sin herramientas de f\u00e1cil acceso, tornillos cautivos para el acceso al panel de la bater\u00eda y el panel posterior codificado por colores hacen que los cambios e instalaciones de la bater\u00eda sean simples y r\u00e1pidos. El pr3000rtxl2u tambi\u00e9n tiene un panel lcd innovador que gira 90 \u00b0, se inclina para un mejor \u00e1ngulo de visi\u00f3n y proporciona informaci\u00f3n sobre 47 configuraciones diferentes, incluyendo estad\u00edsticas del ups, configuraci\u00f3n y administraci\u00f3n del control del ups, y opciones de prueba. Este modelo acepta el m\u00f3dulo de bater\u00eda extendido bp48vp2u02 (ebm) para un tiempo de ejecuci\u00f3n ampliado durante cortes de energ\u00eda y la tarjeta de administraci\u00f3n de red rmcard205 para administraci\u00f3n y control remotos a trav\u00e9s de un navegador web est\u00e1ndar o sistema de administraci\u00f3n de red.<\/p>\n","protected":false},"featured_media":217487,"comment_status":"open","ping_status":"open","template":"","meta":[],"product_cat":[1508,1691],"product_tag":[1692],"acf":[],"yoast_head":"<!-- This site is optimized with the Yoast SEO plugin v21.7 - https:\/\/yoast.com\/wordpress\/plugins\/seo\/ -->\n<title>[ Cyberpower ] &#129351; Pr3000rtxl2u No Break () 3000va\/3000w,interactivo, Senoidal Pura Rack \/torre,2u,8 Nema 5-20r+1 Nema L5-30r,permite M\u00f3dulos De Bater\u00eda Extendida (bp48vp2u02),garant\u00eda 3 A\u00f1os, Incluye Bater\u00eda<\/title>\n<meta name=\"description\" content=\"Compra Pr3000rtxl2u No Break () 3000va\/3000w,interactivo, Senoidal Pura Rack \/torre,2u,8 Nema 5-20r+1 Nema L5-30r,permite M\u00f3dulos De Bater\u00eda Extendida (bp48vp2u02),garant\u00eda 3 A\u00f1os, Incluye Bater\u00eda + Env\u00edo a domicilio + Pago seguro + Garant\u00eda\" \/>\n<meta name=\"robots\" content=\"index, follow, max-snippet:-1, max-image-preview:large, max-video-preview:-1\" \/>\n<link rel=\"canonical\" href=\"https:\/\/compuviper.mx\/tienda\/producto\/cyberpower-pr3000rtxl2u-no-break-3000va-3000winteractivo-senoidal-pura-rack-torre2u8-nema-5-20r1-nema-l5-30rpermite-mdulos-de-batera-extendida-bp48vp2u02garanta-3-aos-incluye-bater\/\" \/>\n<meta property=\"og:locale\" content=\"es_MX\" \/>\n<meta property=\"og:type\" content=\"article\" \/>\n<meta property=\"og:title\" content=\"[ Cyberpower ] &#129351; Pr3000rtxl2u No Break () 3000va\/3000w,interactivo, Senoidal Pura Rack \/torre,2u,8 Nema 5-20r+1 Nema L5-30r,permite M\u00f3dulos De Bater\u00eda Extendida (bp48vp2u02),garant\u00eda 3 A\u00f1os, Incluye Bater\u00eda\" \/>\n<meta property=\"og:description\" content=\"Compra Pr3000rtxl2u No Break () 3000va\/3000w,interactivo, Senoidal Pura Rack \/torre,2u,8 Nema 5-20r+1 Nema L5-30r,permite M\u00f3dulos De Bater\u00eda Extendida (bp48vp2u02),garant\u00eda 3 A\u00f1os, Incluye Bater\u00eda + Env\u00edo a domicilio + Pago seguro + Garant\u00eda\" \/>\n<meta property=\"og:url\" content=\"https:\/\/compuviper.mx\/tienda\/producto\/cyberpower-pr3000rtxl2u-no-break-3000va-3000winteractivo-senoidal-pura-rack-torre2u8-nema-5-20r1-nema-l5-30rpermite-mdulos-de-batera-extendida-bp48vp2u02garanta-3-aos-incluye-bater\/\" \/>\n<meta property=\"og:site_name\" content=\"Compuviper\" \/>\n<meta property=\"article:publisher\" content=\"https:\/\/www.facebook.com\/compuviper\" \/>\n<meta property=\"og:image\" content=\"https:\/\/compuviper.mx\/tienda\/wp-content\/uploads\/2023\/12\/No-break-cyberpower-pr3000rtxl2u-3000va3000winteractivo-senoidal-pura-rack-torre2u8-nema-5-20r1-nema-l5-30rpermite-modulos-de-bateria-extendida-bp48vp2u02garantia-3-anos-incluye-bateria.jpg\" \/>\n\t<meta property=\"og:image:width\" content=\"200\" \/>\n\t<meta property=\"og:image:height\" content=\"200\" \/>\n\t<meta property=\"og:image:type\" content=\"image\/jpeg\" \/>\n<meta name=\"twitter:card\" content=\"summary_large_image\" \/>\n<meta name=\"twitter:label1\" content=\"Precio\" \/>\n\t<meta name=\"twitter:data1\" content=\"&#36;27,876 con IVA\" \/>\n\t<meta name=\"twitter:label2\" content=\"Availability\" \/>\n\t<meta name=\"twitter:data2\" content=\"Out of stock\" \/>\n<script type=\"application\/ld+json\" class=\"yoast-schema-graph\">{\"@context\":\"https:\/\/schema.org\",\"@graph\":[{\"@type\":\"WebPage\",\"@id\":\"https:\/\/compuviper.mx\/tienda\/producto\/cyberpower-pr3000rtxl2u-no-break-3000va-3000winteractivo-senoidal-pura-rack-torre2u8-nema-5-20r1-nema-l5-30rpermite-mdulos-de-batera-extendida-bp48vp2u02garanta-3-aos-incluye-bater\/\",\"url\":\"https:\/\/compuviper.mx\/tienda\/producto\/cyberpower-pr3000rtxl2u-no-break-3000va-3000winteractivo-senoidal-pura-rack-torre2u8-nema-5-20r1-nema-l5-30rpermite-mdulos-de-batera-extendida-bp48vp2u02garanta-3-aos-incluye-bater\/\",\"name\":\"[ Cyberpower ] &#129351; Pr3000rtxl2u No Break () 3000va\/3000w,interactivo, Senoidal Pura Rack \/torre,2u,8 Nema 5-20r+1 Nema L5-30r,permite M\u00f3dulos De Bater\u00eda Extendida (bp48vp2u02),garant\u00eda 3 A\u00f1os, Incluye Bater\u00eda\",\"isPartOf\":{\"@id\":\"https:\/\/compuviper.mx\/tienda\/#website\"},\"datePublished\":\"2026-04-07T06:24:58+00:00\",\"dateModified\":\"2026-04-07T06:24:58+00:00\",\"description\":\"Compra Pr3000rtxl2u No Break () 3000va\/3000w,interactivo, Senoidal Pura Rack \/torre,2u,8 Nema 5-20r+1 Nema L5-30r,permite M\u00f3dulos De Bater\u00eda Extendida (bp48vp2u02),garant\u00eda 3 A\u00f1os, Incluye Bater\u00eda + Env\u00edo a domicilio + Pago seguro + Garant\u00eda\",\"breadcrumb\":{\"@id\":\"https:\/\/compuviper.mx\/tienda\/producto\/cyberpower-pr3000rtxl2u-no-break-3000va-3000winteractivo-senoidal-pura-rack-torre2u8-nema-5-20r1-nema-l5-30rpermite-mdulos-de-batera-extendida-bp48vp2u02garanta-3-aos-incluye-bater\/#breadcrumb\"},\"inLanguage\":\"es-MX\",\"potentialAction\":[{\"@type\":\"ReadAction\",\"target\":[\"https:\/\/compuviper.mx\/tienda\/producto\/cyberpower-pr3000rtxl2u-no-break-3000va-3000winteractivo-senoidal-pura-rack-torre2u8-nema-5-20r1-nema-l5-30rpermite-mdulos-de-batera-extendida-bp48vp2u02garanta-3-aos-incluye-bater\/\"]}]},{\"@type\":\"BreadcrumbList\",\"@id\":\"https:\/\/compuviper.mx\/tienda\/producto\/cyberpower-pr3000rtxl2u-no-break-3000va-3000winteractivo-senoidal-pura-rack-torre2u8-nema-5-20r1-nema-l5-30rpermite-mdulos-de-batera-extendida-bp48vp2u02garanta-3-aos-incluye-bater\/#breadcrumb\",\"itemListElement\":[{\"@type\":\"ListItem\",\"position\":1,\"name\":\"Inicio\",\"item\":\"https:\/\/compuviper.mx\/tienda\/\"},{\"@type\":\"ListItem\",\"position\":2,\"name\":\"Productos\",\"item\":\"https:\/\/compuviper.mx\/tienda\/productos\/\"},{\"@type\":\"ListItem\",\"position\":3,\"name\":\"Energia\",\"item\":\"https:\/\/compuviper.mx\/tienda\/categoria-producto\/energia\/\"},{\"@type\":\"ListItem\",\"position\":4,\"name\":\"No Break\",\"item\":\"https:\/\/compuviper.mx\/tienda\/categoria-producto\/energia\/no-break\/\"},{\"@type\":\"ListItem\",\"position\":5,\"name\":\"Cyberpower Pr3000rtxl2u No Break () 3000va\/3000w,interactivo, Senoidal Pura Rack \/torre,2u,8 Nema 5-20r+1 Nema L5-30r,permite M?dulos De Bater?a Extendida (bp48vp2u02),garant?a 3 A?os, Incluye Bater?a\"}]},{\"@type\":\"WebSite\",\"@id\":\"https:\/\/compuviper.mx\/tienda\/#website\",\"url\":\"https:\/\/compuviper.mx\/tienda\/\",\"name\":\"Compuviper\",\"description\":\"Proveedor de Computadoras, Laptops, Servidores, Monitores, Puntos de Venta, Teclados,   Impresoras, T\u00f3ner, C\u00e1maras de Seguridad y m\u00e1s en tu tienda en l\u00ednea\",\"publisher\":{\"@id\":\"https:\/\/compuviper.mx\/tienda\/#organization\"},\"potentialAction\":[{\"@type\":\"SearchAction\",\"target\":{\"@type\":\"EntryPoint\",\"urlTemplate\":\"https:\/\/compuviper.mx\/tienda\/?s={search_term_string}\"},\"query-input\":\"required name=search_term_string\"}],\"inLanguage\":\"es-MX\"},{\"@type\":\"Organization\",\"@id\":\"https:\/\/compuviper.mx\/tienda\/#organization\",\"name\":\"Compuviper\",\"url\":\"https:\/\/compuviper.mx\/tienda\/\",\"logo\":{\"@type\":\"ImageObject\",\"inLanguage\":\"es-MX\",\"@id\":\"https:\/\/compuviper.mx\/tienda\/#\/schema\/logo\/image\/\",\"url\":\"https:\/\/compuviper.mx\/tienda\/wp-content\/uploads\/2021\/08\/Logo-Compuviper-10.png\",\"contentUrl\":\"https:\/\/compuviper.mx\/tienda\/wp-content\/uploads\/2021\/08\/Logo-Compuviper-10.png\",\"width\":1000,\"height\":500,\"caption\":\"Compuviper\"},\"image\":{\"@id\":\"https:\/\/compuviper.mx\/tienda\/#\/schema\/logo\/image\/\"},\"sameAs\":[\"https:\/\/www.facebook.com\/compuviper\",\"https:\/\/www.youtube.com\/channel\/UCf73dERp9Y3cfOq7q8BhLjA?view_as=subscriber\"]}]}<\/script>\n<meta property=\"product:brand\" content=\"CYBERPOWER\" \/>\n<meta property=\"product:price:amount\" content=\"27876\" \/>\n<meta property=\"product:price:currency\" content=\"MXN\" \/>\n<meta property=\"og:availability\" content=\"out of stock\" \/>\n<meta property=\"product:availability\" content=\"out of stock\" \/>\n<meta property=\"product:retailer_item_id\" content=\"PR3000RTXL2U\" \/>\n<meta property=\"product:condition\" content=\"new\" \/>\n<!-- \/ Yoast SEO plugin. -->","yoast_head_json":{"title":"[ Cyberpower ] &#129351; Pr3000rtxl2u No Break () 3000va\/3000w,interactivo, Senoidal Pura Rack \/torre,2u,8 Nema 5-20r+1 Nema L5-30r,permite M\u00f3dulos De Bater\u00eda Extendida (bp48vp2u02),garant\u00eda 3 A\u00f1os, Incluye Bater\u00eda","description":"Compra Pr3000rtxl2u No Break () 3000va\/3000w,interactivo, Senoidal Pura Rack \/torre,2u,8 Nema 5-20r+1 Nema L5-30r,permite M\u00f3dulos De Bater\u00eda Extendida (bp48vp2u02),garant\u00eda 3 A\u00f1os, Incluye Bater\u00eda + Env\u00edo a domicilio + Pago seguro + Garant\u00eda","robots":{"index":"index","follow":"follow","max-snippet":"max-snippet:-1","max-image-preview":"max-image-preview:large","max-video-preview":"max-video-preview:-1"},"canonical":"https:\/\/compuviper.mx\/tienda\/producto\/cyberpower-pr3000rtxl2u-no-break-3000va-3000winteractivo-senoidal-pura-rack-torre2u8-nema-5-20r1-nema-l5-30rpermite-mdulos-de-batera-extendida-bp48vp2u02garanta-3-aos-incluye-bater\/","og_locale":"es_MX","og_type":"article","og_title":"[ Cyberpower ] &#129351; Pr3000rtxl2u No Break () 3000va\/3000w,interactivo, Senoidal Pura Rack \/torre,2u,8 Nema 5-20r+1 Nema L5-30r,permite M\u00f3dulos De Bater\u00eda Extendida (bp48vp2u02),garant\u00eda 3 A\u00f1os, Incluye Bater\u00eda","og_description":"Compra Pr3000rtxl2u No Break () 3000va\/3000w,interactivo, Senoidal Pura Rack \/torre,2u,8 Nema 5-20r+1 Nema L5-30r,permite M\u00f3dulos De Bater\u00eda Extendida (bp48vp2u02),garant\u00eda 3 A\u00f1os, Incluye Bater\u00eda + Env\u00edo a domicilio + Pago seguro + Garant\u00eda","og_url":"https:\/\/compuviper.mx\/tienda\/producto\/cyberpower-pr3000rtxl2u-no-break-3000va-3000winteractivo-senoidal-pura-rack-torre2u8-nema-5-20r1-nema-l5-30rpermite-mdulos-de-batera-extendida-bp48vp2u02garanta-3-aos-incluye-bater\/","og_site_name":"Compuviper","article_publisher":"https:\/\/www.facebook.com\/compuviper","og_image":[{"width":200,"height":200,"url":"https:\/\/compuviper.mx\/tienda\/wp-content\/uploads\/2023\/12\/No-break-cyberpower-pr3000rtxl2u-3000va3000winteractivo-senoidal-pura-rack-torre2u8-nema-5-20r1-nema-l5-30rpermite-modulos-de-bateria-extendida-bp48vp2u02garantia-3-anos-incluye-bateria.jpg","type":"image\/jpeg"}],"twitter_card":"summary_large_image","twitter_misc":{"Precio":"&#36;27,876 con IVA","Availability":"Out of stock"},"schema":{"@context":"https:\/\/schema.org","@graph":[{"@type":"WebPage","@id":"https:\/\/compuviper.mx\/tienda\/producto\/cyberpower-pr3000rtxl2u-no-break-3000va-3000winteractivo-senoidal-pura-rack-torre2u8-nema-5-20r1-nema-l5-30rpermite-mdulos-de-batera-extendida-bp48vp2u02garanta-3-aos-incluye-bater\/","url":"https:\/\/compuviper.mx\/tienda\/producto\/cyberpower-pr3000rtxl2u-no-break-3000va-3000winteractivo-senoidal-pura-rack-torre2u8-nema-5-20r1-nema-l5-30rpermite-mdulos-de-batera-extendida-bp48vp2u02garanta-3-aos-incluye-bater\/","name":"[ Cyberpower ] &#129351; Pr3000rtxl2u No Break () 3000va\/3000w,interactivo, Senoidal Pura Rack \/torre,2u,8 Nema 5-20r+1 Nema L5-30r,permite M\u00f3dulos De Bater\u00eda Extendida (bp48vp2u02),garant\u00eda 3 A\u00f1os, Incluye Bater\u00eda","isPartOf":{"@id":"https:\/\/compuviper.mx\/tienda\/#website"},"datePublished":"2026-04-07T06:24:58+00:00","dateModified":"2026-04-07T06:24:58+00:00","description":"Compra Pr3000rtxl2u No Break () 3000va\/3000w,interactivo, Senoidal Pura Rack \/torre,2u,8 Nema 5-20r+1 Nema L5-30r,permite M\u00f3dulos De Bater\u00eda Extendida (bp48vp2u02),garant\u00eda 3 A\u00f1os, Incluye Bater\u00eda + Env\u00edo a domicilio + Pago seguro + Garant\u00eda","breadcrumb":{"@id":"https:\/\/compuviper.mx\/tienda\/producto\/cyberpower-pr3000rtxl2u-no-break-3000va-3000winteractivo-senoidal-pura-rack-torre2u8-nema-5-20r1-nema-l5-30rpermite-mdulos-de-batera-extendida-bp48vp2u02garanta-3-aos-incluye-bater\/#breadcrumb"},"inLanguage":"es-MX","potentialAction":[{"@type":"ReadAction","target":["https:\/\/compuviper.mx\/tienda\/producto\/cyberpower-pr3000rtxl2u-no-break-3000va-3000winteractivo-senoidal-pura-rack-torre2u8-nema-5-20r1-nema-l5-30rpermite-mdulos-de-batera-extendida-bp48vp2u02garanta-3-aos-incluye-bater\/"]}]},{"@type":"BreadcrumbList","@id":"https:\/\/compuviper.mx\/tienda\/producto\/cyberpower-pr3000rtxl2u-no-break-3000va-3000winteractivo-senoidal-pura-rack-torre2u8-nema-5-20r1-nema-l5-30rpermite-mdulos-de-batera-extendida-bp48vp2u02garanta-3-aos-incluye-bater\/#breadcrumb","itemListElement":[{"@type":"ListItem","position":1,"name":"Inicio","item":"https:\/\/compuviper.mx\/tienda\/"},{"@type":"ListItem","position":2,"name":"Productos","item":"https:\/\/compuviper.mx\/tienda\/productos\/"},{"@type":"ListItem","position":3,"name":"Energia","item":"https:\/\/compuviper.mx\/tienda\/categoria-producto\/energia\/"},{"@type":"ListItem","position":4,"name":"No Break","item":"https:\/\/compuviper.mx\/tienda\/categoria-producto\/energia\/no-break\/"},{"@type":"ListItem","position":5,"name":"Cyberpower Pr3000rtxl2u No Break () 3000va\/3000w,interactivo, Senoidal Pura Rack \/torre,2u,8 Nema 5-20r+1 Nema L5-30r,permite M?dulos De Bater?a Extendida (bp48vp2u02),garant?a 3 A?os, Incluye Bater?a"}]},{"@type":"WebSite","@id":"https:\/\/compuviper.mx\/tienda\/#website","url":"https:\/\/compuviper.mx\/tienda\/","name":"Compuviper","description":"Proveedor de Computadoras, Laptops, Servidores, Monitores, Puntos de Venta, Teclados,   Impresoras, T\u00f3ner, C\u00e1maras de Seguridad y m\u00e1s en tu tienda en l\u00ednea","publisher":{"@id":"https:\/\/compuviper.mx\/tienda\/#organization"},"potentialAction":[{"@type":"SearchAction","target":{"@type":"EntryPoint","urlTemplate":"https:\/\/compuviper.mx\/tienda\/?s={search_term_string}"},"query-input":"required name=search_term_string"}],"inLanguage":"es-MX"},{"@type":"Organization","@id":"https:\/\/compuviper.mx\/tienda\/#organization","name":"Compuviper","url":"https:\/\/compuviper.mx\/tienda\/","logo":{"@type":"ImageObject","inLanguage":"es-MX","@id":"https:\/\/compuviper.mx\/tienda\/#\/schema\/logo\/image\/","url":"https:\/\/compuviper.mx\/tienda\/wp-content\/uploads\/2021\/08\/Logo-Compuviper-10.png","contentUrl":"https:\/\/compuviper.mx\/tienda\/wp-content\/uploads\/2021\/08\/Logo-Compuviper-10.png","width":1000,"height":500,"caption":"Compuviper"},"image":{"@id":"https:\/\/compuviper.mx\/tienda\/#\/schema\/logo\/image\/"},"sameAs":["https:\/\/www.facebook.com\/compuviper","https:\/\/www.youtube.com\/channel\/UCf73dERp9Y3cfOq7q8BhLjA?view_as=subscriber"]}]},"product_brand":"CYBERPOWER","product_price_amount":"27876","product_price_currency":"MXN","og_availability":"out of stock","product_availability":"out of stock","product_retailer_item_id":"PR3000RTXL2U","product_condition":"new"},"_links":{"self":[{"href":"https:\/\/compuviper.mx\/tienda\/wp-json\/wp\/v2\/product\/217486"}],"collection":[{"href":"https:\/\/compuviper.mx\/tienda\/wp-json\/wp\/v2\/product"}],"about":[{"href":"https:\/\/compuviper.mx\/tienda\/wp-json\/wp\/v2\/types\/product"}],"replies":[{"embeddable":true,"href":"https:\/\/compuviper.mx\/tienda\/wp-json\/wp\/v2\/comments?post=217486"}],"wp:featuredmedia":[{"embeddable":true,"href":"https:\/\/compuviper.mx\/tienda\/wp-json\/wp\/v2\/media\/217487"}],"wp:attachment":[{"href":"https:\/\/compuviper.mx\/tienda\/wp-json\/wp\/v2\/media?parent=217486"}],"wp:term":[{"taxonomy":"product_cat","embeddable":true,"href":"https:\/\/compuviper.mx\/tienda\/wp-json\/wp\/v2\/product_cat?post=217486"},{"taxonomy":"product_tag","embeddable":true,"href":"https:\/\/compuviper.mx\/tienda\/wp-json\/wp\/v2\/product_tag?post=217486"}],"curies":[{"name":"wp","href":"https:\/\/api.w.org\/{rel}","templated":true}]}}