{"id":217478,"date":"2026-04-07T00:24:56","date_gmt":"2026-04-07T06:24:56","guid":{"rendered":"https:\/\/compuviper.mx\/tienda\/producto\/cdp-upo33-30-pf365-upo33-30pf365-ups-upo33-capacidad-30kva-27-kw-factor-de-potencia-o-99-tecnologia-on-line-doble-conversion-de-alta-frecuencia-trifasico\/"},"modified":"2026-04-07T00:24:56","modified_gmt":"2026-04-07T06:24:56","slug":"cdp-upo33-30-pf365-ups-trifasico-de-30kva-30000va-27000w-con-trasformador-de-aislamiento","status":"publish","type":"product","link":"https:\/\/compuviper.mx\/tienda\/producto\/cdp-upo33-30-pf365-ups-trifasico-de-30kva-30000va-27000w-con-trasformador-de-aislamiento\/","title":{"rendered":"Cdp Upo33-30 Pf365 Ups Trifasico De 30kva, 30000va\/27000w, Con Trasformador De Aislamiento"},"content":{"rendered":"<table class=\"descripcion\">\n<tr>\n<td>Capacidad 30kva 27kw (calculado a  \/= a 30\u00b0c \/ 86\u00b0f)<\/td>\n<\/tr>\n<tr>\n<td>Factor de potencia 0,9 (eficiencia calculada a temperatura ambiente  \/= a 30\u00b0c \/ 86\u00b0f)<\/td>\n<\/tr>\n<tr>\n<td>Forma de onda onda sinusoidal<\/td>\n<\/tr>\n<tr>\n<td>Peso ups 278 kg &#8211; 287.5 kg gabinete de bater\u00edas con bater\u00edas<\/td>\n<\/tr>\n<tr>\n<td>Voltaje 120\/208 (380, 480 u otros voltajes por solicitud)<\/td>\n<\/tr>\n<tr>\n<td>Corriente cresta 3:1<\/td>\n<\/tr>\n<tr>\n<td>Capacidad de sobrecarga 125% por 12 minutos \/ 150% por un minuto<\/td>\n<\/tr>\n<tr>\n<td>Conexi\u00f3n trif\u00e1sica 5 hilos (3 fases + neutro +tierra)<\/td>\n<\/tr>\n<tr>\n<td>Eficiencia ac\/dc mayor al 92%<\/td>\n<\/tr>\n<tr>\n<td>Filtros emi,rfi<\/td>\n<\/tr>\n<tr>\n<td>Frecuencia 60hz +\/-10%<\/td>\n<\/tr>\n<tr>\n<td>Gabinete de bater\u00edas (lxaxp) 270x1125x774<\/td>\n<\/tr>\n<tr>\n<td>Interruptor de emergencia epo local y\/o remoto<\/td>\n<\/tr>\n<tr>\n<td>Tecnolog\u00eda de dise\u00f1o true online (doble conversi\u00f3n) con inversor basado en igbt\u00b4s)<\/td>\n<\/tr>\n<tr>\n<td>Transferencia 0 ms sin corte<\/td>\n<\/tr>\n<tr>\n<td>Tiempo de recarga t\u00edpico manejo de bater\u00edas<\/td>\n<\/tr>\n<\/table>\n","protected":false},"excerpt":{"rendered":"<p>Upo33-30pf365. La serie upo33 es una serie inteligente de ups trif\u00e1sico dise\u00f1ada con tecnolog\u00eda de control y monitoreo 100% micro procesado con dsc\/dsp digital, el cual brinda mayor confiabilidad al mantener actualizaciones oportunas y constantes del firmware como parte del soporte en la estructura de servicio. As\u00ed mismo, se distingue por su simpleza y practicidad al reducir la cantidad de componentes f\u00edsicos que com\u00fanmente poseen los ups de esta generaci\u00f3n, convirti\u00e9ndolo as\u00ed en un equipo integral, eficiente e innovador en su rango.<\/p>\n","protected":false},"featured_media":217479,"comment_status":"open","ping_status":"open","template":"","meta":[],"product_cat":[1508,1691],"product_tag":[1693],"acf":[],"yoast_head":"<!-- This site is optimized with the Yoast SEO plugin v21.7 - https:\/\/yoast.com\/wordpress\/plugins\/seo\/ -->\n<title>[ Cdp ] &#129351; Upo33-30 Pf365 Ups Trifasico De 30kva, 30000va\/27000w, Con Trasformador De Aislamiento<\/title>\n<meta name=\"description\" content=\"Compra Upo33-30 Pf365 Ups Trifasico De 30kva, 30000va\/27000w, Con Trasformador De Aislamiento + Env\u00edo a domicilio + Pago seguro + Garant\u00eda\" \/>\n<meta name=\"robots\" content=\"index, follow, max-snippet:-1, max-image-preview:large, max-video-preview:-1\" \/>\n<link rel=\"canonical\" href=\"https:\/\/compuviper.mx\/tienda\/producto\/cdp-upo33-30-pf365-ups-trifasico-de-30kva-30000va-27000w-con-trasformador-de-aislamiento\/\" \/>\n<meta property=\"og:locale\" content=\"es_MX\" \/>\n<meta property=\"og:type\" content=\"article\" \/>\n<meta property=\"og:title\" content=\"[ Cdp ] &#129351; Upo33-30 Pf365 Ups Trifasico De 30kva, 30000va\/27000w, Con Trasformador De Aislamiento\" \/>\n<meta property=\"og:description\" content=\"Compra Upo33-30 Pf365 Ups Trifasico De 30kva, 30000va\/27000w, Con Trasformador De Aislamiento + Env\u00edo a domicilio + Pago seguro + Garant\u00eda\" \/>\n<meta property=\"og:url\" content=\"https:\/\/compuviper.mx\/tienda\/producto\/cdp-upo33-30-pf365-ups-trifasico-de-30kva-30000va-27000w-con-trasformador-de-aislamiento\/\" \/>\n<meta property=\"og:site_name\" content=\"Compuviper\" \/>\n<meta property=\"article:publisher\" content=\"https:\/\/www.facebook.com\/compuviper\" \/>\n<meta property=\"og:image\" content=\"https:\/\/compuviper.mx\/tienda\/wp-content\/uploads\/2023\/12\/Upo33-30pf365-ups-upo33-capacidad-30kva-27-kw-factor-de-potencia-o.99-tecnologia-on-line-doble-conversion-de-alta-frecuencia-trifasico.jpg\" \/>\n\t<meta property=\"og:image:width\" content=\"200\" \/>\n\t<meta property=\"og:image:height\" content=\"200\" \/>\n\t<meta property=\"og:image:type\" content=\"image\/jpeg\" \/>\n<meta name=\"twitter:card\" content=\"summary_large_image\" \/>\n<meta name=\"twitter:label1\" content=\"Precio\" \/>\n\t<meta name=\"twitter:data1\" content=\"&#36;228,569 con IVA\" \/>\n\t<meta name=\"twitter:label2\" content=\"Availability\" \/>\n\t<meta name=\"twitter:data2\" content=\"On backorder\" \/>\n<script type=\"application\/ld+json\" class=\"yoast-schema-graph\">{\"@context\":\"https:\/\/schema.org\",\"@graph\":[{\"@type\":\"WebPage\",\"@id\":\"https:\/\/compuviper.mx\/tienda\/producto\/cdp-upo33-30-pf365-ups-trifasico-de-30kva-30000va-27000w-con-trasformador-de-aislamiento\/\",\"url\":\"https:\/\/compuviper.mx\/tienda\/producto\/cdp-upo33-30-pf365-ups-trifasico-de-30kva-30000va-27000w-con-trasformador-de-aislamiento\/\",\"name\":\"[ Cdp ] &#129351; Upo33-30 Pf365 Ups Trifasico De 30kva, 30000va\/27000w, Con Trasformador De Aislamiento\",\"isPartOf\":{\"@id\":\"https:\/\/compuviper.mx\/tienda\/#website\"},\"datePublished\":\"2026-04-07T06:24:56+00:00\",\"dateModified\":\"2026-04-07T06:24:56+00:00\",\"description\":\"Compra Upo33-30 Pf365 Ups Trifasico De 30kva, 30000va\/27000w, Con Trasformador De Aislamiento + Env\u00edo a domicilio + Pago seguro + Garant\u00eda\",\"breadcrumb\":{\"@id\":\"https:\/\/compuviper.mx\/tienda\/producto\/cdp-upo33-30-pf365-ups-trifasico-de-30kva-30000va-27000w-con-trasformador-de-aislamiento\/#breadcrumb\"},\"inLanguage\":\"es-MX\",\"potentialAction\":[{\"@type\":\"ReadAction\",\"target\":[\"https:\/\/compuviper.mx\/tienda\/producto\/cdp-upo33-30-pf365-ups-trifasico-de-30kva-30000va-27000w-con-trasformador-de-aislamiento\/\"]}]},{\"@type\":\"BreadcrumbList\",\"@id\":\"https:\/\/compuviper.mx\/tienda\/producto\/cdp-upo33-30-pf365-ups-trifasico-de-30kva-30000va-27000w-con-trasformador-de-aislamiento\/#breadcrumb\",\"itemListElement\":[{\"@type\":\"ListItem\",\"position\":1,\"name\":\"Inicio\",\"item\":\"https:\/\/compuviper.mx\/tienda\/\"},{\"@type\":\"ListItem\",\"position\":2,\"name\":\"Productos\",\"item\":\"https:\/\/compuviper.mx\/tienda\/productos\/\"},{\"@type\":\"ListItem\",\"position\":3,\"name\":\"Energia\",\"item\":\"https:\/\/compuviper.mx\/tienda\/categoria-producto\/energia\/\"},{\"@type\":\"ListItem\",\"position\":4,\"name\":\"No Break\",\"item\":\"https:\/\/compuviper.mx\/tienda\/categoria-producto\/energia\/no-break\/\"},{\"@type\":\"ListItem\",\"position\":5,\"name\":\"Cdp Upo33-30 Pf365 Ups Trifasico De 30kva, 30000va\/27000w, Con Trasformador De Aislamiento\"}]},{\"@type\":\"WebSite\",\"@id\":\"https:\/\/compuviper.mx\/tienda\/#website\",\"url\":\"https:\/\/compuviper.mx\/tienda\/\",\"name\":\"Compuviper\",\"description\":\"Proveedor de Computadoras, Laptops, Servidores, Monitores, Puntos de Venta, Teclados,   Impresoras, T\u00f3ner, C\u00e1maras de Seguridad y m\u00e1s en tu tienda en l\u00ednea\",\"publisher\":{\"@id\":\"https:\/\/compuviper.mx\/tienda\/#organization\"},\"potentialAction\":[{\"@type\":\"SearchAction\",\"target\":{\"@type\":\"EntryPoint\",\"urlTemplate\":\"https:\/\/compuviper.mx\/tienda\/?s={search_term_string}\"},\"query-input\":\"required name=search_term_string\"}],\"inLanguage\":\"es-MX\"},{\"@type\":\"Organization\",\"@id\":\"https:\/\/compuviper.mx\/tienda\/#organization\",\"name\":\"Compuviper\",\"url\":\"https:\/\/compuviper.mx\/tienda\/\",\"logo\":{\"@type\":\"ImageObject\",\"inLanguage\":\"es-MX\",\"@id\":\"https:\/\/compuviper.mx\/tienda\/#\/schema\/logo\/image\/\",\"url\":\"https:\/\/compuviper.mx\/tienda\/wp-content\/uploads\/2021\/08\/Logo-Compuviper-10.png\",\"contentUrl\":\"https:\/\/compuviper.mx\/tienda\/wp-content\/uploads\/2021\/08\/Logo-Compuviper-10.png\",\"width\":1000,\"height\":500,\"caption\":\"Compuviper\"},\"image\":{\"@id\":\"https:\/\/compuviper.mx\/tienda\/#\/schema\/logo\/image\/\"},\"sameAs\":[\"https:\/\/www.facebook.com\/compuviper\",\"https:\/\/www.youtube.com\/channel\/UCf73dERp9Y3cfOq7q8BhLjA?view_as=subscriber\"]}]}<\/script>\n<meta property=\"product:brand\" content=\"CDP\" \/>\n<meta property=\"product:price:amount\" content=\"228569\" \/>\n<meta property=\"product:price:currency\" content=\"MXN\" \/>\n<meta property=\"og:availability\" content=\"backorder\" \/>\n<meta property=\"product:availability\" content=\"available for order\" \/>\n<meta property=\"product:retailer_item_id\" content=\"UPO33-30 PF365\" \/>\n<meta property=\"product:condition\" content=\"new\" \/>\n<!-- \/ Yoast SEO plugin. -->","yoast_head_json":{"title":"[ Cdp ] &#129351; Upo33-30 Pf365 Ups Trifasico De 30kva, 30000va\/27000w, Con Trasformador De Aislamiento","description":"Compra Upo33-30 Pf365 Ups Trifasico De 30kva, 30000va\/27000w, Con Trasformador De Aislamiento + Env\u00edo a domicilio + Pago seguro + Garant\u00eda","robots":{"index":"index","follow":"follow","max-snippet":"max-snippet:-1","max-image-preview":"max-image-preview:large","max-video-preview":"max-video-preview:-1"},"canonical":"https:\/\/compuviper.mx\/tienda\/producto\/cdp-upo33-30-pf365-ups-trifasico-de-30kva-30000va-27000w-con-trasformador-de-aislamiento\/","og_locale":"es_MX","og_type":"article","og_title":"[ Cdp ] &#129351; Upo33-30 Pf365 Ups Trifasico De 30kva, 30000va\/27000w, Con Trasformador De Aislamiento","og_description":"Compra Upo33-30 Pf365 Ups Trifasico De 30kva, 30000va\/27000w, Con Trasformador De Aislamiento + Env\u00edo a domicilio + Pago seguro + Garant\u00eda","og_url":"https:\/\/compuviper.mx\/tienda\/producto\/cdp-upo33-30-pf365-ups-trifasico-de-30kva-30000va-27000w-con-trasformador-de-aislamiento\/","og_site_name":"Compuviper","article_publisher":"https:\/\/www.facebook.com\/compuviper","og_image":[{"width":200,"height":200,"url":"https:\/\/compuviper.mx\/tienda\/wp-content\/uploads\/2023\/12\/Upo33-30pf365-ups-upo33-capacidad-30kva-27-kw-factor-de-potencia-o.99-tecnologia-on-line-doble-conversion-de-alta-frecuencia-trifasico.jpg","type":"image\/jpeg"}],"twitter_card":"summary_large_image","twitter_misc":{"Precio":"&#36;228,569 con IVA","Availability":"On backorder"},"schema":{"@context":"https:\/\/schema.org","@graph":[{"@type":"WebPage","@id":"https:\/\/compuviper.mx\/tienda\/producto\/cdp-upo33-30-pf365-ups-trifasico-de-30kva-30000va-27000w-con-trasformador-de-aislamiento\/","url":"https:\/\/compuviper.mx\/tienda\/producto\/cdp-upo33-30-pf365-ups-trifasico-de-30kva-30000va-27000w-con-trasformador-de-aislamiento\/","name":"[ Cdp ] &#129351; Upo33-30 Pf365 Ups Trifasico De 30kva, 30000va\/27000w, Con Trasformador De Aislamiento","isPartOf":{"@id":"https:\/\/compuviper.mx\/tienda\/#website"},"datePublished":"2026-04-07T06:24:56+00:00","dateModified":"2026-04-07T06:24:56+00:00","description":"Compra Upo33-30 Pf365 Ups Trifasico De 30kva, 30000va\/27000w, Con Trasformador De Aislamiento + Env\u00edo a domicilio + Pago seguro + Garant\u00eda","breadcrumb":{"@id":"https:\/\/compuviper.mx\/tienda\/producto\/cdp-upo33-30-pf365-ups-trifasico-de-30kva-30000va-27000w-con-trasformador-de-aislamiento\/#breadcrumb"},"inLanguage":"es-MX","potentialAction":[{"@type":"ReadAction","target":["https:\/\/compuviper.mx\/tienda\/producto\/cdp-upo33-30-pf365-ups-trifasico-de-30kva-30000va-27000w-con-trasformador-de-aislamiento\/"]}]},{"@type":"BreadcrumbList","@id":"https:\/\/compuviper.mx\/tienda\/producto\/cdp-upo33-30-pf365-ups-trifasico-de-30kva-30000va-27000w-con-trasformador-de-aislamiento\/#breadcrumb","itemListElement":[{"@type":"ListItem","position":1,"name":"Inicio","item":"https:\/\/compuviper.mx\/tienda\/"},{"@type":"ListItem","position":2,"name":"Productos","item":"https:\/\/compuviper.mx\/tienda\/productos\/"},{"@type":"ListItem","position":3,"name":"Energia","item":"https:\/\/compuviper.mx\/tienda\/categoria-producto\/energia\/"},{"@type":"ListItem","position":4,"name":"No Break","item":"https:\/\/compuviper.mx\/tienda\/categoria-producto\/energia\/no-break\/"},{"@type":"ListItem","position":5,"name":"Cdp Upo33-30 Pf365 Ups Trifasico De 30kva, 30000va\/27000w, Con Trasformador De Aislamiento"}]},{"@type":"WebSite","@id":"https:\/\/compuviper.mx\/tienda\/#website","url":"https:\/\/compuviper.mx\/tienda\/","name":"Compuviper","description":"Proveedor de Computadoras, Laptops, Servidores, Monitores, Puntos de Venta, Teclados,   Impresoras, T\u00f3ner, C\u00e1maras de Seguridad y m\u00e1s en tu tienda en l\u00ednea","publisher":{"@id":"https:\/\/compuviper.mx\/tienda\/#organization"},"potentialAction":[{"@type":"SearchAction","target":{"@type":"EntryPoint","urlTemplate":"https:\/\/compuviper.mx\/tienda\/?s={search_term_string}"},"query-input":"required name=search_term_string"}],"inLanguage":"es-MX"},{"@type":"Organization","@id":"https:\/\/compuviper.mx\/tienda\/#organization","name":"Compuviper","url":"https:\/\/compuviper.mx\/tienda\/","logo":{"@type":"ImageObject","inLanguage":"es-MX","@id":"https:\/\/compuviper.mx\/tienda\/#\/schema\/logo\/image\/","url":"https:\/\/compuviper.mx\/tienda\/wp-content\/uploads\/2021\/08\/Logo-Compuviper-10.png","contentUrl":"https:\/\/compuviper.mx\/tienda\/wp-content\/uploads\/2021\/08\/Logo-Compuviper-10.png","width":1000,"height":500,"caption":"Compuviper"},"image":{"@id":"https:\/\/compuviper.mx\/tienda\/#\/schema\/logo\/image\/"},"sameAs":["https:\/\/www.facebook.com\/compuviper","https:\/\/www.youtube.com\/channel\/UCf73dERp9Y3cfOq7q8BhLjA?view_as=subscriber"]}]},"product_brand":"CDP","product_price_amount":"228569","product_price_currency":"MXN","og_availability":"backorder","product_availability":"available for order","product_retailer_item_id":"UPO33-30 PF365","product_condition":"new"},"_links":{"self":[{"href":"https:\/\/compuviper.mx\/tienda\/wp-json\/wp\/v2\/product\/217478"}],"collection":[{"href":"https:\/\/compuviper.mx\/tienda\/wp-json\/wp\/v2\/product"}],"about":[{"href":"https:\/\/compuviper.mx\/tienda\/wp-json\/wp\/v2\/types\/product"}],"replies":[{"embeddable":true,"href":"https:\/\/compuviper.mx\/tienda\/wp-json\/wp\/v2\/comments?post=217478"}],"wp:featuredmedia":[{"embeddable":true,"href":"https:\/\/compuviper.mx\/tienda\/wp-json\/wp\/v2\/media\/217479"}],"wp:attachment":[{"href":"https:\/\/compuviper.mx\/tienda\/wp-json\/wp\/v2\/media?parent=217478"}],"wp:term":[{"taxonomy":"product_cat","embeddable":true,"href":"https:\/\/compuviper.mx\/tienda\/wp-json\/wp\/v2\/product_cat?post=217478"},{"taxonomy":"product_tag","embeddable":true,"href":"https:\/\/compuviper.mx\/tienda\/wp-json\/wp\/v2\/product_tag?post=217478"}],"curies":[{"name":"wp","href":"https:\/\/api.w.org\/{rel}","templated":true}]}}