{"id":217470,"date":"2026-04-02T00:26:28","date_gmt":"2026-04-02T06:26:28","guid":{"rendered":"https:\/\/compuviper.mx\/tienda\/producto\/tripp-lite-internet550u-nobreak-interactivo-de-120v-550va-300w-10-cont-con-puerto-usb-garantia-limitada-de-3-aos\/"},"modified":"2026-04-02T00:26:28","modified_gmt":"2026-04-02T06:26:28","slug":"tripp-lite-internet550u-nobreak-interactivo-de-120v-550va-300w-10-cont-con-puerto-usb-garantia-limitada-de-3-aos","status":"publish","type":"product","link":"https:\/\/compuviper.mx\/tienda\/producto\/tripp-lite-internet550u-nobreak-interactivo-de-120v-550va-300w-10-cont-con-puerto-usb-garantia-limitada-de-3-aos\/","title":{"rendered":"Tripp-lite Internet550u Nobreak   Interactivo De 120v 550va, 300w, 10 Cont., Con Puerto Usb Garantia Limitada De 3 A?os"},"content":{"rendered":"<table class=\"descripcion\">\n<tr>\n<td>Importante:  transici\u00f3n del producto internet550u updated model<\/td>\n<\/tr>\n<tr>\n<td>El rendimiento<\/td>\n<\/tr>\n<tr>\n<td>El voltio del rendimiento el amperio la capacidad (va): 550<\/td>\n<\/tr>\n<tr>\n<td>El vatio del rendimiento la capacidad (los vatios): 300<\/td>\n<\/tr>\n<tr>\n<td>El rendimiento el voltaje nominal: 120vac<\/td>\n<\/tr>\n<tr>\n<td>La regulaci\u00f3n de voltaje de rendimiento: el modo de la bater\u00eda: la pwm seno ola rendimiento 115v +\/-5%<\/td>\n<\/tr>\n<tr>\n<td>La regulaci\u00f3n de frecuencia de rendimiento: el modo de la l\u00ednea: los pasos linean frecuencia de 60hz +\/-10% modo de la bater\u00eda: el rendimiento de inverter regul\u00f3 a 60hz +\/-0.5hz<\/td>\n<\/tr>\n<tr>\n<td>La cantidad de la toma de corriente \/ el tipo: 8 nema 5-15r recept\u00e1culos del rendimiento (4 con el altos y supresi\u00f3n de la ola \/ 4 con la supresi\u00f3n de la ola s\u00f3lo)<\/td>\n<\/tr>\n<tr>\n<td>La entrada<\/td>\n<\/tr>\n<tr>\n<td>Los amperios de la entrada m\u00e1ximos: 12a<\/td>\n<\/tr>\n<tr>\n<td>El tipo de conexi\u00f3n de entrada: nema 5-15p<\/td>\n<\/tr>\n<tr>\n<td>La longitud de cord\u00f3n de entrada: 6ft \/ 1.8m<\/td>\n<\/tr>\n<tr>\n<td>El servicio el\u00e9ctrico recomendado: 120v 15a<\/td>\n<\/tr>\n<tr>\n<td>La bater\u00eda<\/td>\n<\/tr>\n<tr>\n<td>El runtime de carga lleno: 3 minutos (450va)<\/td>\n<\/tr>\n<tr>\n<td>Medio runtime de carga: 10 minutos (250va)<\/td>\n<\/tr>\n<tr>\n<td>El dc sistema voltaje: 12 vdc<\/td>\n<\/tr>\n<tr>\n<td>El lifespan de la bater\u00eda t\u00edpico: 3-6 a\u00f1os, dependiendo del uso,<\/td>\n<\/tr>\n<tr>\n<td>La proporci\u00f3n de recarga de bater\u00eda: 2-4 horas a 90%<\/td>\n<\/tr>\n<\/table>\n","protected":false},"excerpt":{"rendered":"<p>Internet550u altos de reserva ofrece la protecci\u00f3n completa para ordenadores personales, terminales de trabajo y otra electr\u00f3nica sensible en un atractivo ultra compact\u00f3, montable el alojamiento. Previene la p\u00e9rdida de datos y el tiempo de inactividad de sistema por proporcionando la bater\u00eda la salida de corriente alterna apoyada durante condiciones de apag\u00f3n y apagones.<\/p>\n","protected":false},"featured_media":217471,"comment_status":"open","ping_status":"open","template":"","meta":[],"product_cat":[1508,1691],"product_tag":[1510],"acf":[],"yoast_head":"<!-- This site is optimized with the Yoast SEO plugin v21.7 - https:\/\/yoast.com\/wordpress\/plugins\/seo\/ -->\n<title>[ Tripp-lite ] &#129351; Internet550u Nobreak Interactivo De 120v 550va, 300w, 10 Cont., Con Puerto Usb Garantia Limitada De 3 A\u00f1os<\/title>\n<meta name=\"description\" content=\"Compra Internet550u Nobreak Interactivo De 120v 550va, 300w, 10 Cont., Con Puerto Usb Garantia Limitada De 3 A\u00f1os + Env\u00edo a domicilio + Pago seguro + Garant\u00eda\" \/>\n<meta name=\"robots\" content=\"index, follow, max-snippet:-1, max-image-preview:large, max-video-preview:-1\" \/>\n<link rel=\"canonical\" href=\"https:\/\/compuviper.mx\/tienda\/producto\/tripp-lite-internet550u-nobreak-interactivo-de-120v-550va-300w-10-cont-con-puerto-usb-garantia-limitada-de-3-aos\/\" \/>\n<meta property=\"og:locale\" content=\"es_MX\" \/>\n<meta property=\"og:type\" content=\"article\" \/>\n<meta property=\"og:title\" content=\"[ Tripp-lite ] &#129351; Internet550u Nobreak Interactivo De 120v 550va, 300w, 10 Cont., Con Puerto Usb Garantia Limitada De 3 A\u00f1os\" \/>\n<meta property=\"og:description\" content=\"Compra Internet550u Nobreak Interactivo De 120v 550va, 300w, 10 Cont., Con Puerto Usb Garantia Limitada De 3 A\u00f1os + Env\u00edo a domicilio + Pago seguro + Garant\u00eda\" \/>\n<meta property=\"og:url\" content=\"https:\/\/compuviper.mx\/tienda\/producto\/tripp-lite-internet550u-nobreak-interactivo-de-120v-550va-300w-10-cont-con-puerto-usb-garantia-limitada-de-3-aos\/\" \/>\n<meta property=\"og:site_name\" content=\"Compuviper\" \/>\n<meta property=\"article:publisher\" content=\"https:\/\/www.facebook.com\/compuviper\" \/>\n<meta property=\"og:image\" content=\"https:\/\/compuviper.mx\/tienda\/wp-content\/uploads\/2023\/12\/Nobreak-tripp-lite-internet550u-interactivo-de-120v-550va-300w-10-cont.-con-puerto-usb-garantia-limitada-de-3-anos.jpg\" \/>\n\t<meta property=\"og:image:width\" content=\"200\" \/>\n\t<meta property=\"og:image:height\" content=\"200\" \/>\n\t<meta property=\"og:image:type\" content=\"image\/jpeg\" \/>\n<meta name=\"twitter:card\" content=\"summary_large_image\" \/>\n<meta name=\"twitter:label1\" content=\"Precio\" \/>\n\t<meta name=\"twitter:data1\" content=\"&#36;2,071 con IVA\" \/>\n\t<meta name=\"twitter:label2\" content=\"Availability\" \/>\n\t<meta name=\"twitter:data2\" content=\"In stock\" \/>\n<script type=\"application\/ld+json\" class=\"yoast-schema-graph\">{\"@context\":\"https:\/\/schema.org\",\"@graph\":[{\"@type\":\"WebPage\",\"@id\":\"https:\/\/compuviper.mx\/tienda\/producto\/tripp-lite-internet550u-nobreak-interactivo-de-120v-550va-300w-10-cont-con-puerto-usb-garantia-limitada-de-3-aos\/\",\"url\":\"https:\/\/compuviper.mx\/tienda\/producto\/tripp-lite-internet550u-nobreak-interactivo-de-120v-550va-300w-10-cont-con-puerto-usb-garantia-limitada-de-3-aos\/\",\"name\":\"[ Tripp-lite ] &#129351; Internet550u Nobreak Interactivo De 120v 550va, 300w, 10 Cont., Con Puerto Usb Garantia Limitada De 3 A\u00f1os\",\"isPartOf\":{\"@id\":\"https:\/\/compuviper.mx\/tienda\/#website\"},\"datePublished\":\"2026-04-02T06:26:28+00:00\",\"dateModified\":\"2026-04-02T06:26:28+00:00\",\"description\":\"Compra Internet550u Nobreak Interactivo De 120v 550va, 300w, 10 Cont., Con Puerto Usb Garantia Limitada De 3 A\u00f1os + Env\u00edo a domicilio + Pago seguro + Garant\u00eda\",\"breadcrumb\":{\"@id\":\"https:\/\/compuviper.mx\/tienda\/producto\/tripp-lite-internet550u-nobreak-interactivo-de-120v-550va-300w-10-cont-con-puerto-usb-garantia-limitada-de-3-aos\/#breadcrumb\"},\"inLanguage\":\"es-MX\",\"potentialAction\":[{\"@type\":\"ReadAction\",\"target\":[\"https:\/\/compuviper.mx\/tienda\/producto\/tripp-lite-internet550u-nobreak-interactivo-de-120v-550va-300w-10-cont-con-puerto-usb-garantia-limitada-de-3-aos\/\"]}]},{\"@type\":\"BreadcrumbList\",\"@id\":\"https:\/\/compuviper.mx\/tienda\/producto\/tripp-lite-internet550u-nobreak-interactivo-de-120v-550va-300w-10-cont-con-puerto-usb-garantia-limitada-de-3-aos\/#breadcrumb\",\"itemListElement\":[{\"@type\":\"ListItem\",\"position\":1,\"name\":\"Inicio\",\"item\":\"https:\/\/compuviper.mx\/tienda\/\"},{\"@type\":\"ListItem\",\"position\":2,\"name\":\"Productos\",\"item\":\"https:\/\/compuviper.mx\/tienda\/productos\/\"},{\"@type\":\"ListItem\",\"position\":3,\"name\":\"Energia\",\"item\":\"https:\/\/compuviper.mx\/tienda\/categoria-producto\/energia\/\"},{\"@type\":\"ListItem\",\"position\":4,\"name\":\"No Break\",\"item\":\"https:\/\/compuviper.mx\/tienda\/categoria-producto\/energia\/no-break\/\"},{\"@type\":\"ListItem\",\"position\":5,\"name\":\"Tripp-lite Internet550u Nobreak Interactivo De 120v 550va, 300w, 10 Cont., Con Puerto Usb Garantia Limitada De 3 A?os\"}]},{\"@type\":\"WebSite\",\"@id\":\"https:\/\/compuviper.mx\/tienda\/#website\",\"url\":\"https:\/\/compuviper.mx\/tienda\/\",\"name\":\"Compuviper\",\"description\":\"Proveedor de Computadoras, Laptops, Servidores, Monitores, Puntos de Venta, Teclados,   Impresoras, T\u00f3ner, C\u00e1maras de Seguridad y m\u00e1s en tu tienda en l\u00ednea\",\"publisher\":{\"@id\":\"https:\/\/compuviper.mx\/tienda\/#organization\"},\"potentialAction\":[{\"@type\":\"SearchAction\",\"target\":{\"@type\":\"EntryPoint\",\"urlTemplate\":\"https:\/\/compuviper.mx\/tienda\/?s={search_term_string}\"},\"query-input\":\"required name=search_term_string\"}],\"inLanguage\":\"es-MX\"},{\"@type\":\"Organization\",\"@id\":\"https:\/\/compuviper.mx\/tienda\/#organization\",\"name\":\"Compuviper\",\"url\":\"https:\/\/compuviper.mx\/tienda\/\",\"logo\":{\"@type\":\"ImageObject\",\"inLanguage\":\"es-MX\",\"@id\":\"https:\/\/compuviper.mx\/tienda\/#\/schema\/logo\/image\/\",\"url\":\"https:\/\/compuviper.mx\/tienda\/wp-content\/uploads\/2021\/08\/Logo-Compuviper-10.png\",\"contentUrl\":\"https:\/\/compuviper.mx\/tienda\/wp-content\/uploads\/2021\/08\/Logo-Compuviper-10.png\",\"width\":1000,\"height\":500,\"caption\":\"Compuviper\"},\"image\":{\"@id\":\"https:\/\/compuviper.mx\/tienda\/#\/schema\/logo\/image\/\"},\"sameAs\":[\"https:\/\/www.facebook.com\/compuviper\",\"https:\/\/www.youtube.com\/channel\/UCf73dERp9Y3cfOq7q8BhLjA?view_as=subscriber\"]}]}<\/script>\n<meta property=\"product:brand\" content=\"TRIPP-LITE\" \/>\n<meta property=\"product:price:amount\" content=\"2071\" \/>\n<meta property=\"product:price:currency\" content=\"MXN\" \/>\n<meta property=\"og:availability\" content=\"instock\" \/>\n<meta property=\"product:availability\" content=\"instock\" \/>\n<meta property=\"product:retailer_item_id\" content=\"INTERNET550U\" \/>\n<meta property=\"product:condition\" content=\"new\" \/>\n<!-- \/ Yoast SEO plugin. -->","yoast_head_json":{"title":"[ Tripp-lite ] &#129351; Internet550u Nobreak Interactivo De 120v 550va, 300w, 10 Cont., Con Puerto Usb Garantia Limitada De 3 A\u00f1os","description":"Compra Internet550u Nobreak Interactivo De 120v 550va, 300w, 10 Cont., Con Puerto Usb Garantia Limitada De 3 A\u00f1os + Env\u00edo a domicilio + Pago seguro + Garant\u00eda","robots":{"index":"index","follow":"follow","max-snippet":"max-snippet:-1","max-image-preview":"max-image-preview:large","max-video-preview":"max-video-preview:-1"},"canonical":"https:\/\/compuviper.mx\/tienda\/producto\/tripp-lite-internet550u-nobreak-interactivo-de-120v-550va-300w-10-cont-con-puerto-usb-garantia-limitada-de-3-aos\/","og_locale":"es_MX","og_type":"article","og_title":"[ Tripp-lite ] &#129351; Internet550u Nobreak Interactivo De 120v 550va, 300w, 10 Cont., Con Puerto Usb Garantia Limitada De 3 A\u00f1os","og_description":"Compra Internet550u Nobreak Interactivo De 120v 550va, 300w, 10 Cont., Con Puerto Usb Garantia Limitada De 3 A\u00f1os + Env\u00edo a domicilio + Pago seguro + Garant\u00eda","og_url":"https:\/\/compuviper.mx\/tienda\/producto\/tripp-lite-internet550u-nobreak-interactivo-de-120v-550va-300w-10-cont-con-puerto-usb-garantia-limitada-de-3-aos\/","og_site_name":"Compuviper","article_publisher":"https:\/\/www.facebook.com\/compuviper","og_image":[{"width":200,"height":200,"url":"https:\/\/compuviper.mx\/tienda\/wp-content\/uploads\/2023\/12\/Nobreak-tripp-lite-internet550u-interactivo-de-120v-550va-300w-10-cont.-con-puerto-usb-garantia-limitada-de-3-anos.jpg","type":"image\/jpeg"}],"twitter_card":"summary_large_image","twitter_misc":{"Precio":"&#36;2,071 con IVA","Availability":"In stock"},"schema":{"@context":"https:\/\/schema.org","@graph":[{"@type":"WebPage","@id":"https:\/\/compuviper.mx\/tienda\/producto\/tripp-lite-internet550u-nobreak-interactivo-de-120v-550va-300w-10-cont-con-puerto-usb-garantia-limitada-de-3-aos\/","url":"https:\/\/compuviper.mx\/tienda\/producto\/tripp-lite-internet550u-nobreak-interactivo-de-120v-550va-300w-10-cont-con-puerto-usb-garantia-limitada-de-3-aos\/","name":"[ Tripp-lite ] &#129351; Internet550u Nobreak Interactivo De 120v 550va, 300w, 10 Cont., Con Puerto Usb Garantia Limitada De 3 A\u00f1os","isPartOf":{"@id":"https:\/\/compuviper.mx\/tienda\/#website"},"datePublished":"2026-04-02T06:26:28+00:00","dateModified":"2026-04-02T06:26:28+00:00","description":"Compra Internet550u Nobreak Interactivo De 120v 550va, 300w, 10 Cont., Con Puerto Usb Garantia Limitada De 3 A\u00f1os + Env\u00edo a domicilio + Pago seguro + Garant\u00eda","breadcrumb":{"@id":"https:\/\/compuviper.mx\/tienda\/producto\/tripp-lite-internet550u-nobreak-interactivo-de-120v-550va-300w-10-cont-con-puerto-usb-garantia-limitada-de-3-aos\/#breadcrumb"},"inLanguage":"es-MX","potentialAction":[{"@type":"ReadAction","target":["https:\/\/compuviper.mx\/tienda\/producto\/tripp-lite-internet550u-nobreak-interactivo-de-120v-550va-300w-10-cont-con-puerto-usb-garantia-limitada-de-3-aos\/"]}]},{"@type":"BreadcrumbList","@id":"https:\/\/compuviper.mx\/tienda\/producto\/tripp-lite-internet550u-nobreak-interactivo-de-120v-550va-300w-10-cont-con-puerto-usb-garantia-limitada-de-3-aos\/#breadcrumb","itemListElement":[{"@type":"ListItem","position":1,"name":"Inicio","item":"https:\/\/compuviper.mx\/tienda\/"},{"@type":"ListItem","position":2,"name":"Productos","item":"https:\/\/compuviper.mx\/tienda\/productos\/"},{"@type":"ListItem","position":3,"name":"Energia","item":"https:\/\/compuviper.mx\/tienda\/categoria-producto\/energia\/"},{"@type":"ListItem","position":4,"name":"No Break","item":"https:\/\/compuviper.mx\/tienda\/categoria-producto\/energia\/no-break\/"},{"@type":"ListItem","position":5,"name":"Tripp-lite Internet550u Nobreak Interactivo De 120v 550va, 300w, 10 Cont., Con Puerto Usb Garantia Limitada De 3 A?os"}]},{"@type":"WebSite","@id":"https:\/\/compuviper.mx\/tienda\/#website","url":"https:\/\/compuviper.mx\/tienda\/","name":"Compuviper","description":"Proveedor de Computadoras, Laptops, Servidores, Monitores, Puntos de Venta, Teclados,   Impresoras, T\u00f3ner, C\u00e1maras de Seguridad y m\u00e1s en tu tienda en l\u00ednea","publisher":{"@id":"https:\/\/compuviper.mx\/tienda\/#organization"},"potentialAction":[{"@type":"SearchAction","target":{"@type":"EntryPoint","urlTemplate":"https:\/\/compuviper.mx\/tienda\/?s={search_term_string}"},"query-input":"required name=search_term_string"}],"inLanguage":"es-MX"},{"@type":"Organization","@id":"https:\/\/compuviper.mx\/tienda\/#organization","name":"Compuviper","url":"https:\/\/compuviper.mx\/tienda\/","logo":{"@type":"ImageObject","inLanguage":"es-MX","@id":"https:\/\/compuviper.mx\/tienda\/#\/schema\/logo\/image\/","url":"https:\/\/compuviper.mx\/tienda\/wp-content\/uploads\/2021\/08\/Logo-Compuviper-10.png","contentUrl":"https:\/\/compuviper.mx\/tienda\/wp-content\/uploads\/2021\/08\/Logo-Compuviper-10.png","width":1000,"height":500,"caption":"Compuviper"},"image":{"@id":"https:\/\/compuviper.mx\/tienda\/#\/schema\/logo\/image\/"},"sameAs":["https:\/\/www.facebook.com\/compuviper","https:\/\/www.youtube.com\/channel\/UCf73dERp9Y3cfOq7q8BhLjA?view_as=subscriber"]}]},"product_brand":"TRIPP-LITE","product_price_amount":"2071","product_price_currency":"MXN","og_availability":"instock","product_availability":"instock","product_retailer_item_id":"INTERNET550U","product_condition":"new"},"_links":{"self":[{"href":"https:\/\/compuviper.mx\/tienda\/wp-json\/wp\/v2\/product\/217470"}],"collection":[{"href":"https:\/\/compuviper.mx\/tienda\/wp-json\/wp\/v2\/product"}],"about":[{"href":"https:\/\/compuviper.mx\/tienda\/wp-json\/wp\/v2\/types\/product"}],"replies":[{"embeddable":true,"href":"https:\/\/compuviper.mx\/tienda\/wp-json\/wp\/v2\/comments?post=217470"}],"wp:featuredmedia":[{"embeddable":true,"href":"https:\/\/compuviper.mx\/tienda\/wp-json\/wp\/v2\/media\/217471"}],"wp:attachment":[{"href":"https:\/\/compuviper.mx\/tienda\/wp-json\/wp\/v2\/media?parent=217470"}],"wp:term":[{"taxonomy":"product_cat","embeddable":true,"href":"https:\/\/compuviper.mx\/tienda\/wp-json\/wp\/v2\/product_cat?post=217470"},{"taxonomy":"product_tag","embeddable":true,"href":"https:\/\/compuviper.mx\/tienda\/wp-json\/wp\/v2\/product_tag?post=217470"}],"curies":[{"name":"wp","href":"https:\/\/api.w.org\/{rel}","templated":true}]}}