{"id":217468,"date":"2026-04-07T00:24:53","date_gmt":"2026-04-07T06:24:53","guid":{"rendered":"https:\/\/compuviper.mx\/tienda\/producto\/cdp-upo33-hfax-15kva-on-line-capacidad-15-kva-kw-trifasico-paralelo-redundante\/"},"modified":"2026-04-07T00:24:53","modified_gmt":"2026-04-07T06:24:53","slug":"cdp-upo33-15hfaxupo33-15-hfaxupo33-15hfaxu-ups-trifasico-de-15kva-15000va-15000w-alta-frecuencia","status":"publish","type":"product","link":"https:\/\/compuviper.mx\/tienda\/producto\/cdp-upo33-15hfaxupo33-15-hfaxupo33-15hfaxu-ups-trifasico-de-15kva-15000va-15000w-alta-frecuencia\/","title":{"rendered":"Cdp Upo33-15hfax,upo33-15 Hfax,upo33-15hfax,u Ups Trifasico De 15kva 15000va\/15000w, Alta Frecuencia"},"content":{"rendered":"<table class=\"descripcion\">\n<tr>\n<td>Upo33-hfax 15kva<\/td>\n<\/tr>\n<tr>\n<td>Entrada<\/td>\n<\/tr>\n<tr>\n<td>Rango de voltaje 125\/260 vca<\/td>\n<\/tr>\n<tr>\n<td>Rango de frecuencia  40-70<\/td>\n<\/tr>\n<tr>\n<td>Factor de potencia 0.99<\/td>\n<\/tr>\n<tr>\n<td>Salida<\/td>\n<\/tr>\n<tr>\n<td>Voltaje de salida 208\/120vo 220\/127v<\/td>\n<\/tr>\n<tr>\n<td>Regulacion volt alc  +\/-1%<\/td>\n<\/tr>\n<tr>\n<td>Rango de frecuencia  50\/60hz +\/-0.1 (modo bateria)<\/td>\n<\/tr>\n<tr>\n<td>Corriente cresta  3:1 max<\/td>\n<\/tr>\n<tr>\n<td>Sobrecarga 110%60 min \/125 %10 min \/150%1min<\/td>\n<\/tr>\n<tr>\n<td>Distorcion armonica  \/=% thd cargas lineales<\/td>\n<\/tr>\n<tr>\n<td>Tiempo de transferencia  0 ms<\/td>\n<\/tr>\n<tr>\n<td>Tipo de onda senoidal pura<\/td>\n<\/tr>\n<tr>\n<td>Factor de potencia 1<\/td>\n<\/tr>\n<tr>\n<td>Capacidad 15kva \/15kw<\/td>\n<\/tr>\n<tr>\n<td>Dimensiones 250 x 868 x 900 mm<\/td>\n<\/tr>\n<tr>\n<td>Factor de potencia 0,99<\/td>\n<\/tr>\n<tr>\n<td>Peso 188 kg<\/td>\n<\/tr>\n<tr>\n<td>Tipo\/cantidad de bater\u00edas 12vcd\/9ah 2&#215;20 pzas<\/td>\n<\/tr>\n<\/table>\n","protected":false},"excerpt":{"rendered":"<p>Upo33-hfax 15kva. La serie upo33-hf ax con redundancia paralela en l\u00ednea, y el gabinete m\u00e1s peque\u00f1o, de bater\u00edas incorporadas. Es una soluci\u00f3n ideal para el presupuesto su servidor, bancos, equipo industrial, centro de datos de internet, telecomunicaciones, equipos de ti y otras aplicaciones de misi\u00f3n cr\u00edtica.<\/p>\n","protected":false},"featured_media":217469,"comment_status":"open","ping_status":"open","template":"","meta":[],"product_cat":[1508,1691],"product_tag":[1693],"acf":[],"yoast_head":"<!-- This site is optimized with the Yoast SEO plugin v21.7 - https:\/\/yoast.com\/wordpress\/plugins\/seo\/ -->\n<title>[ Cdp ] &#129351; Upo33-15hfax,upo33-15 Hfax,upo33-15hfax,u Ups Trifasico De 15kva 15000va\/15000w, Alta Frecuencia<\/title>\n<meta name=\"description\" content=\"Compra Upo33-15hfax,upo33-15 Hfax,upo33-15hfax,u Ups Trifasico De 15kva 15000va\/15000w, Alta Frecuencia + Env\u00edo a domicilio + Pago seguro + Garant\u00eda\" \/>\n<meta name=\"robots\" content=\"index, follow, max-snippet:-1, max-image-preview:large, max-video-preview:-1\" \/>\n<link rel=\"canonical\" href=\"https:\/\/compuviper.mx\/tienda\/producto\/cdp-upo33-15hfaxupo33-15-hfaxupo33-15hfaxu-ups-trifasico-de-15kva-15000va-15000w-alta-frecuencia\/\" \/>\n<meta property=\"og:locale\" content=\"es_MX\" \/>\n<meta property=\"og:type\" content=\"article\" \/>\n<meta property=\"og:title\" content=\"[ Cdp ] &#129351; Upo33-15hfax,upo33-15 Hfax,upo33-15hfax,u Ups Trifasico De 15kva 15000va\/15000w, Alta Frecuencia\" \/>\n<meta property=\"og:description\" content=\"Compra Upo33-15hfax,upo33-15 Hfax,upo33-15hfax,u Ups Trifasico De 15kva 15000va\/15000w, Alta Frecuencia + Env\u00edo a domicilio + Pago seguro + Garant\u00eda\" \/>\n<meta property=\"og:url\" content=\"https:\/\/compuviper.mx\/tienda\/producto\/cdp-upo33-15hfaxupo33-15-hfaxupo33-15hfaxu-ups-trifasico-de-15kva-15000va-15000w-alta-frecuencia\/\" \/>\n<meta property=\"og:site_name\" content=\"Compuviper\" \/>\n<meta property=\"article:publisher\" content=\"https:\/\/www.facebook.com\/compuviper\" \/>\n<meta property=\"og:image\" content=\"https:\/\/compuviper.mx\/tienda\/wp-content\/uploads\/2023\/12\/Upo33-hfax-15kva-on-line-capacidad-15-kva-kw-trifasico-paralelo-redundante.jpg\" \/>\n\t<meta property=\"og:image:width\" content=\"200\" \/>\n\t<meta property=\"og:image:height\" content=\"200\" \/>\n\t<meta property=\"og:image:type\" content=\"image\/jpeg\" \/>\n<meta name=\"twitter:card\" content=\"summary_large_image\" \/>\n<meta name=\"twitter:label1\" content=\"Precio\" \/>\n\t<meta name=\"twitter:data1\" content=\"&#36;124,182 con IVA\" \/>\n\t<meta name=\"twitter:label2\" content=\"Availability\" \/>\n\t<meta name=\"twitter:data2\" content=\"On backorder\" \/>\n<script type=\"application\/ld+json\" class=\"yoast-schema-graph\">{\"@context\":\"https:\/\/schema.org\",\"@graph\":[{\"@type\":\"WebPage\",\"@id\":\"https:\/\/compuviper.mx\/tienda\/producto\/cdp-upo33-15hfaxupo33-15-hfaxupo33-15hfaxu-ups-trifasico-de-15kva-15000va-15000w-alta-frecuencia\/\",\"url\":\"https:\/\/compuviper.mx\/tienda\/producto\/cdp-upo33-15hfaxupo33-15-hfaxupo33-15hfaxu-ups-trifasico-de-15kva-15000va-15000w-alta-frecuencia\/\",\"name\":\"[ Cdp ] &#129351; Upo33-15hfax,upo33-15 Hfax,upo33-15hfax,u Ups Trifasico De 15kva 15000va\/15000w, Alta Frecuencia\",\"isPartOf\":{\"@id\":\"https:\/\/compuviper.mx\/tienda\/#website\"},\"datePublished\":\"2026-04-07T06:24:53+00:00\",\"dateModified\":\"2026-04-07T06:24:53+00:00\",\"description\":\"Compra Upo33-15hfax,upo33-15 Hfax,upo33-15hfax,u Ups Trifasico De 15kva 15000va\/15000w, Alta Frecuencia + Env\u00edo a domicilio + Pago seguro + Garant\u00eda\",\"breadcrumb\":{\"@id\":\"https:\/\/compuviper.mx\/tienda\/producto\/cdp-upo33-15hfaxupo33-15-hfaxupo33-15hfaxu-ups-trifasico-de-15kva-15000va-15000w-alta-frecuencia\/#breadcrumb\"},\"inLanguage\":\"es-MX\",\"potentialAction\":[{\"@type\":\"ReadAction\",\"target\":[\"https:\/\/compuviper.mx\/tienda\/producto\/cdp-upo33-15hfaxupo33-15-hfaxupo33-15hfaxu-ups-trifasico-de-15kva-15000va-15000w-alta-frecuencia\/\"]}]},{\"@type\":\"BreadcrumbList\",\"@id\":\"https:\/\/compuviper.mx\/tienda\/producto\/cdp-upo33-15hfaxupo33-15-hfaxupo33-15hfaxu-ups-trifasico-de-15kva-15000va-15000w-alta-frecuencia\/#breadcrumb\",\"itemListElement\":[{\"@type\":\"ListItem\",\"position\":1,\"name\":\"Inicio\",\"item\":\"https:\/\/compuviper.mx\/tienda\/\"},{\"@type\":\"ListItem\",\"position\":2,\"name\":\"Productos\",\"item\":\"https:\/\/compuviper.mx\/tienda\/productos\/\"},{\"@type\":\"ListItem\",\"position\":3,\"name\":\"Energia\",\"item\":\"https:\/\/compuviper.mx\/tienda\/categoria-producto\/energia\/\"},{\"@type\":\"ListItem\",\"position\":4,\"name\":\"No Break\",\"item\":\"https:\/\/compuviper.mx\/tienda\/categoria-producto\/energia\/no-break\/\"},{\"@type\":\"ListItem\",\"position\":5,\"name\":\"Cdp Upo33-15hfax,upo33-15 Hfax,upo33-15hfax,u Ups Trifasico De 15kva 15000va\/15000w, Alta Frecuencia\"}]},{\"@type\":\"WebSite\",\"@id\":\"https:\/\/compuviper.mx\/tienda\/#website\",\"url\":\"https:\/\/compuviper.mx\/tienda\/\",\"name\":\"Compuviper\",\"description\":\"Proveedor de Computadoras, Laptops, Servidores, Monitores, Puntos de Venta, Teclados,   Impresoras, T\u00f3ner, C\u00e1maras de Seguridad y m\u00e1s en tu tienda en l\u00ednea\",\"publisher\":{\"@id\":\"https:\/\/compuviper.mx\/tienda\/#organization\"},\"potentialAction\":[{\"@type\":\"SearchAction\",\"target\":{\"@type\":\"EntryPoint\",\"urlTemplate\":\"https:\/\/compuviper.mx\/tienda\/?s={search_term_string}\"},\"query-input\":\"required name=search_term_string\"}],\"inLanguage\":\"es-MX\"},{\"@type\":\"Organization\",\"@id\":\"https:\/\/compuviper.mx\/tienda\/#organization\",\"name\":\"Compuviper\",\"url\":\"https:\/\/compuviper.mx\/tienda\/\",\"logo\":{\"@type\":\"ImageObject\",\"inLanguage\":\"es-MX\",\"@id\":\"https:\/\/compuviper.mx\/tienda\/#\/schema\/logo\/image\/\",\"url\":\"https:\/\/compuviper.mx\/tienda\/wp-content\/uploads\/2021\/08\/Logo-Compuviper-10.png\",\"contentUrl\":\"https:\/\/compuviper.mx\/tienda\/wp-content\/uploads\/2021\/08\/Logo-Compuviper-10.png\",\"width\":1000,\"height\":500,\"caption\":\"Compuviper\"},\"image\":{\"@id\":\"https:\/\/compuviper.mx\/tienda\/#\/schema\/logo\/image\/\"},\"sameAs\":[\"https:\/\/www.facebook.com\/compuviper\",\"https:\/\/www.youtube.com\/channel\/UCf73dERp9Y3cfOq7q8BhLjA?view_as=subscriber\"]}]}<\/script>\n<meta property=\"product:brand\" content=\"CDP\" \/>\n<meta property=\"product:price:amount\" content=\"124182\" \/>\n<meta property=\"product:price:currency\" content=\"MXN\" \/>\n<meta property=\"og:availability\" content=\"backorder\" \/>\n<meta property=\"product:availability\" content=\"available for order\" \/>\n<meta property=\"product:retailer_item_id\" content=\"UPO33-15HFAX,UPO33-15 HFAX,UPO33-15HFAX,U\" \/>\n<meta property=\"product:condition\" content=\"new\" \/>\n<!-- \/ Yoast SEO plugin. -->","yoast_head_json":{"title":"[ Cdp ] &#129351; Upo33-15hfax,upo33-15 Hfax,upo33-15hfax,u Ups Trifasico De 15kva 15000va\/15000w, Alta Frecuencia","description":"Compra Upo33-15hfax,upo33-15 Hfax,upo33-15hfax,u Ups Trifasico De 15kva 15000va\/15000w, Alta Frecuencia + Env\u00edo a domicilio + Pago seguro + Garant\u00eda","robots":{"index":"index","follow":"follow","max-snippet":"max-snippet:-1","max-image-preview":"max-image-preview:large","max-video-preview":"max-video-preview:-1"},"canonical":"https:\/\/compuviper.mx\/tienda\/producto\/cdp-upo33-15hfaxupo33-15-hfaxupo33-15hfaxu-ups-trifasico-de-15kva-15000va-15000w-alta-frecuencia\/","og_locale":"es_MX","og_type":"article","og_title":"[ Cdp ] &#129351; Upo33-15hfax,upo33-15 Hfax,upo33-15hfax,u Ups Trifasico De 15kva 15000va\/15000w, Alta Frecuencia","og_description":"Compra Upo33-15hfax,upo33-15 Hfax,upo33-15hfax,u Ups Trifasico De 15kva 15000va\/15000w, Alta Frecuencia + Env\u00edo a domicilio + Pago seguro + Garant\u00eda","og_url":"https:\/\/compuviper.mx\/tienda\/producto\/cdp-upo33-15hfaxupo33-15-hfaxupo33-15hfaxu-ups-trifasico-de-15kva-15000va-15000w-alta-frecuencia\/","og_site_name":"Compuviper","article_publisher":"https:\/\/www.facebook.com\/compuviper","og_image":[{"width":200,"height":200,"url":"https:\/\/compuviper.mx\/tienda\/wp-content\/uploads\/2023\/12\/Upo33-hfax-15kva-on-line-capacidad-15-kva-kw-trifasico-paralelo-redundante.jpg","type":"image\/jpeg"}],"twitter_card":"summary_large_image","twitter_misc":{"Precio":"&#36;124,182 con IVA","Availability":"On backorder"},"schema":{"@context":"https:\/\/schema.org","@graph":[{"@type":"WebPage","@id":"https:\/\/compuviper.mx\/tienda\/producto\/cdp-upo33-15hfaxupo33-15-hfaxupo33-15hfaxu-ups-trifasico-de-15kva-15000va-15000w-alta-frecuencia\/","url":"https:\/\/compuviper.mx\/tienda\/producto\/cdp-upo33-15hfaxupo33-15-hfaxupo33-15hfaxu-ups-trifasico-de-15kva-15000va-15000w-alta-frecuencia\/","name":"[ Cdp ] &#129351; Upo33-15hfax,upo33-15 Hfax,upo33-15hfax,u Ups Trifasico De 15kva 15000va\/15000w, Alta Frecuencia","isPartOf":{"@id":"https:\/\/compuviper.mx\/tienda\/#website"},"datePublished":"2026-04-07T06:24:53+00:00","dateModified":"2026-04-07T06:24:53+00:00","description":"Compra Upo33-15hfax,upo33-15 Hfax,upo33-15hfax,u Ups Trifasico De 15kva 15000va\/15000w, Alta Frecuencia + Env\u00edo a domicilio + Pago seguro + Garant\u00eda","breadcrumb":{"@id":"https:\/\/compuviper.mx\/tienda\/producto\/cdp-upo33-15hfaxupo33-15-hfaxupo33-15hfaxu-ups-trifasico-de-15kva-15000va-15000w-alta-frecuencia\/#breadcrumb"},"inLanguage":"es-MX","potentialAction":[{"@type":"ReadAction","target":["https:\/\/compuviper.mx\/tienda\/producto\/cdp-upo33-15hfaxupo33-15-hfaxupo33-15hfaxu-ups-trifasico-de-15kva-15000va-15000w-alta-frecuencia\/"]}]},{"@type":"BreadcrumbList","@id":"https:\/\/compuviper.mx\/tienda\/producto\/cdp-upo33-15hfaxupo33-15-hfaxupo33-15hfaxu-ups-trifasico-de-15kva-15000va-15000w-alta-frecuencia\/#breadcrumb","itemListElement":[{"@type":"ListItem","position":1,"name":"Inicio","item":"https:\/\/compuviper.mx\/tienda\/"},{"@type":"ListItem","position":2,"name":"Productos","item":"https:\/\/compuviper.mx\/tienda\/productos\/"},{"@type":"ListItem","position":3,"name":"Energia","item":"https:\/\/compuviper.mx\/tienda\/categoria-producto\/energia\/"},{"@type":"ListItem","position":4,"name":"No Break","item":"https:\/\/compuviper.mx\/tienda\/categoria-producto\/energia\/no-break\/"},{"@type":"ListItem","position":5,"name":"Cdp Upo33-15hfax,upo33-15 Hfax,upo33-15hfax,u Ups Trifasico De 15kva 15000va\/15000w, Alta Frecuencia"}]},{"@type":"WebSite","@id":"https:\/\/compuviper.mx\/tienda\/#website","url":"https:\/\/compuviper.mx\/tienda\/","name":"Compuviper","description":"Proveedor de Computadoras, Laptops, Servidores, Monitores, Puntos de Venta, Teclados,   Impresoras, T\u00f3ner, C\u00e1maras de Seguridad y m\u00e1s en tu tienda en l\u00ednea","publisher":{"@id":"https:\/\/compuviper.mx\/tienda\/#organization"},"potentialAction":[{"@type":"SearchAction","target":{"@type":"EntryPoint","urlTemplate":"https:\/\/compuviper.mx\/tienda\/?s={search_term_string}"},"query-input":"required name=search_term_string"}],"inLanguage":"es-MX"},{"@type":"Organization","@id":"https:\/\/compuviper.mx\/tienda\/#organization","name":"Compuviper","url":"https:\/\/compuviper.mx\/tienda\/","logo":{"@type":"ImageObject","inLanguage":"es-MX","@id":"https:\/\/compuviper.mx\/tienda\/#\/schema\/logo\/image\/","url":"https:\/\/compuviper.mx\/tienda\/wp-content\/uploads\/2021\/08\/Logo-Compuviper-10.png","contentUrl":"https:\/\/compuviper.mx\/tienda\/wp-content\/uploads\/2021\/08\/Logo-Compuviper-10.png","width":1000,"height":500,"caption":"Compuviper"},"image":{"@id":"https:\/\/compuviper.mx\/tienda\/#\/schema\/logo\/image\/"},"sameAs":["https:\/\/www.facebook.com\/compuviper","https:\/\/www.youtube.com\/channel\/UCf73dERp9Y3cfOq7q8BhLjA?view_as=subscriber"]}]},"product_brand":"CDP","product_price_amount":"124182","product_price_currency":"MXN","og_availability":"backorder","product_availability":"available for order","product_retailer_item_id":"UPO33-15HFAX,UPO33-15 HFAX,UPO33-15HFAX,U","product_condition":"new"},"_links":{"self":[{"href":"https:\/\/compuviper.mx\/tienda\/wp-json\/wp\/v2\/product\/217468"}],"collection":[{"href":"https:\/\/compuviper.mx\/tienda\/wp-json\/wp\/v2\/product"}],"about":[{"href":"https:\/\/compuviper.mx\/tienda\/wp-json\/wp\/v2\/types\/product"}],"replies":[{"embeddable":true,"href":"https:\/\/compuviper.mx\/tienda\/wp-json\/wp\/v2\/comments?post=217468"}],"wp:featuredmedia":[{"embeddable":true,"href":"https:\/\/compuviper.mx\/tienda\/wp-json\/wp\/v2\/media\/217469"}],"wp:attachment":[{"href":"https:\/\/compuviper.mx\/tienda\/wp-json\/wp\/v2\/media?parent=217468"}],"wp:term":[{"taxonomy":"product_cat","embeddable":true,"href":"https:\/\/compuviper.mx\/tienda\/wp-json\/wp\/v2\/product_cat?post=217468"},{"taxonomy":"product_tag","embeddable":true,"href":"https:\/\/compuviper.mx\/tienda\/wp-json\/wp\/v2\/product_tag?post=217468"}],"curies":[{"name":"wp","href":"https:\/\/api.w.org\/{rel}","templated":true}]}}